{"id":39773,"date":"2022-07-28T15:52:04","date_gmt":"2022-07-28T13:52:04","guid":{"rendered":"http:\/\/followerninja.com\/\/?page_id=39773"},"modified":"2024-05-24T17:21:23","modified_gmt":"2024-05-24T15:21:23","slug":"otisk","status":"publish","type":"page","link":"https:\/\/followerninja.com\/cs\/otisk\/","title":{"rendered":"Otisk"},"content":{"rendered":"<div data-elementor-type=\"wp-page\" data-elementor-id=\"39773\" class=\"elementor elementor-39773\">\n\t\t\t\t\t\t<section class=\"elementor-section elementor-top-section elementor-element elementor-element-54194bed elementor-section-boxed elementor-section-height-default elementor-section-height-default\" data-id=\"54194bed\" data-element_type=\"section\">\n\t\t\t\t\t\t<div class=\"elementor-container elementor-column-gap-default\">\n\t\t\t\t\t<div class=\"elementor-column elementor-col-100 elementor-top-column elementor-element elementor-element-3ac5fd32\" data-id=\"3ac5fd32\" data-element_type=\"column\">\n\t\t\t<div class=\"elementor-widget-wrap elementor-element-populated\">\n\t\t\t\t\t\t<div class=\"elementor-element elementor-element-5f094e2 elementor-widget elementor-widget-spacer\" data-id=\"5f094e2\" data-element_type=\"widget\" data-widget_type=\"spacer.default\">\n\t\t\t\t<div class=\"elementor-widget-container\">\n\t\t\t\t\t\t\t<div class=\"elementor-spacer\">\n\t\t\t<div class=\"elementor-spacer-inner\"><\/div>\n\t\t<\/div>\n\t\t\t\t\t\t<\/div>\n\t\t\t\t<\/div>\n\t\t\t\t<div class=\"elementor-element elementor-element-5f1f72d5 elementor-widget elementor-widget-text-editor\" data-id=\"5f1f72d5\" data-element_type=\"widget\" data-widget_type=\"text-editor.default\">\n\t\t\t\t<div class=\"elementor-widget-container\">\n\t\t\t\t\t\t\t\t\t<p>Otisk<br \/>Informace podle \u00a7 5 TMG a \u00a7 18 Smlouvy o medi\u00e1ln\u00edm st\u00e1t\u011b (MStV)<\/p><p>Patrox UG<br \/>Hlavn\u00ed ulice Tonndorfer 174<br \/>22045 Hamburk<br \/>N\u011bmecko<\/p><p>Veden\u00ed\/odpov\u011bdn\u00e1 osoba:<br \/>Patrick Torben Bimber<\/p><p>1. kontakt<br \/>E-mail: support@followerninja.com<\/p><p><span style=\"font-style: inherit; font-weight: inherit; background-color: var(--ast-global-color-5); color: var(--ast-global-color-3);\">2. identifika\u010dn\u00ed \u010d\u00edslo pro da\u0148 z prodeje<\/span><\/p><p>Identifika\u010dn\u00ed \u010d\u00edslo pro da\u0148 z p\u0159idan\u00e9 hodnoty podle \u00a7 27a z\u00e1kona o dani z p\u0159idan\u00e9 hodnoty:<br \/>DE345839413<\/p><p>3. registra\u010dn\u00ed \u00fadaje<br \/>Registra\u010dn\u00ed \u010d\u00edslo: HRB 173297<br \/>M\u00edstn\u00ed soud: Hamburk<\/p><p>4. \u0158e\u0161en\u00ed spor\u016f v EU<br \/>Evropsk\u00e1 komise poskytuje platformu pro online \u0159e\u0161en\u00ed spor\u016f (OS): https:\/\/ec.europa.eu\/consumers\/odr. Nejsme povinni ani ochotni \u00fa\u010dastnit se \u0159\u00edzen\u00ed o \u0159e\u0161en\u00ed spor\u016f p\u0159ed spot\u0159ebitelskou rozhod\u010d\u00ed komis\u00ed.<\/p><p>5 Odpov\u011bdnost za obsah<br \/>Jako poskytovatel slu\u017eeb jsme v souladu s \u00a7 7 odst. 1 TMG odpov\u011bdn\u00ed za vlastn\u00ed obsah na na\u0161ich webov\u00fdch str\u00e1nk\u00e1ch. Podle \u00a7\u00a7 8 a\u017e 10 TMG v\u0161ak nejsme povinni sledovat p\u0159en\u00e1\u0161en\u00e9 nebo ukl\u00e1dan\u00e9 informace t\u0159et\u00edch stran ani vy\u0161et\u0159ovat okolnosti, kter\u00e9 nazna\u010duj\u00ed nez\u00e1konnou \u010dinnost.<\/p><p>Povinnosti odstranit nebo zablokovat pou\u017e\u00edv\u00e1n\u00ed informac\u00ed v souladu s obecn\u00fdmi pr\u00e1vn\u00edmi p\u0159edpisy t\u00edm nejsou dot\u010deny. Odpov\u011bdnost v tomto ohledu je v\u0161ak mo\u017en\u00e1 a\u017e od okam\u017eiku, kdy se dozv\u00edme o konkr\u00e9tn\u00edm poru\u0161en\u00ed. Jakmile se o takov\u00e9m poru\u0161en\u00ed dozv\u00edme, okam\u017eit\u011b tento obsah odstran\u00edme.<\/p><p>V\u00fdslovn\u011b upozor\u0148ujeme, \u017ee nezastupujeme \u017e\u00e1dnou ze soci\u00e1ln\u00edch s\u00edt\u00ed, kter\u00e9 jsou p\u0159edm\u011btem na\u0161ich slu\u017eeb.<\/p><p>Zasazujeme se o rovn\u00e1 pr\u00e1va. Pokud je v obsahu webov\u00fdch str\u00e1nek provozovan\u00fdch spole\u010dnost\u00ed Patrox UG pou\u017eit v\u00fdraz v mu\u017esk\u00e9m rod\u011b, je to v\u00fdhradn\u011b z d\u016fvodu lep\u0161\u00ed \u010ditelnosti a srozumitelnosti.<\/p><p>6 Odpov\u011bdnost za odkazy<br \/>Na\u0161e webov\u00e9 str\u00e1nky obsahuj\u00ed odkazy na extern\u00ed webov\u00e9 str\u00e1nky t\u0159et\u00edch stran, na jejich\u017e obsah nem\u00e1me \u017e\u00e1dn\u00fd vliv. Proto nem\u016f\u017eeme p\u0159evz\u00edt \u017e\u00e1dnou odpov\u011bdnost za tento obsah t\u0159et\u00edch stran. Za obsah odkazovan\u00fdch str\u00e1nek je v\u017edy odpov\u011bdn\u00fd p\u0159\u00edslu\u0161n\u00fd poskytovatel nebo provozovatel str\u00e1nek. Odkazovan\u00e9 str\u00e1nky byly v dob\u011b odkazov\u00e1n\u00ed zkontrolov\u00e1ny z hlediska mo\u017en\u00e9ho poru\u0161en\u00ed pr\u00e1vn\u00edch p\u0159edpis\u016f. Nez\u00e1konn\u00fd obsah nebyl v dob\u011b odkazov\u00e1n\u00ed rozpozn\u00e1n.<\/p><p>Trval\u00e9 sledov\u00e1n\u00ed obsahu odkazovan\u00fdch str\u00e1nek v\u0161ak nen\u00ed bez konkr\u00e9tn\u00edch d\u016fkaz\u016f o protipr\u00e1vn\u00edm jedn\u00e1n\u00ed rozumn\u00e9. Pokud se dozv\u00edme o jak\u00e9mkoli poru\u0161en\u00ed pr\u00e1vn\u00edch p\u0159edpis\u016f, okam\u017eit\u011b takov\u00e9 odkazy odstran\u00edme.<\/p><p>7. autorsk\u00e1 pr\u00e1va<br \/>Obsah a d\u00edla vytvo\u0159en\u00e1 provozovateli str\u00e1nek na t\u011bchto str\u00e1nk\u00e1ch podl\u00e9haj\u00ed n\u011bmeck\u00e9mu autorsk\u00e9mu pr\u00e1vu. Kop\u00edrov\u00e1n\u00ed, zpracov\u00e1n\u00ed, \u0161\u00ed\u0159en\u00ed a jak\u00fdkoli zp\u016fsob vyu\u017eit\u00ed nad r\u00e1mec autorsk\u00e9ho pr\u00e1va vy\u017eaduje p\u00edsemn\u00fd souhlas p\u0159\u00edslu\u0161n\u00e9ho autora nebo tv\u016frce. Stahov\u00e1n\u00ed a kop\u00edrov\u00e1n\u00ed t\u011bchto str\u00e1nek je povoleno pouze pro soukrom\u00e9, nekomer\u010dn\u00ed pou\u017eit\u00ed.<\/p><p>Pokud obsah t\u011bchto str\u00e1nek nebyl vytvo\u0159en provozovatelem, jsou respektov\u00e1na autorsk\u00e1 pr\u00e1va t\u0159et\u00edch stran. Zejm\u00e9na obsah t\u0159et\u00edch stran je takto ozna\u010den. Pokud se p\u0159esto dozv\u00edte o poru\u0161en\u00ed autorsk\u00fdch pr\u00e1v, informujte n\u00e1s o tom. Pokud se o poru\u0161en\u00ed autorsk\u00fdch pr\u00e1v dozv\u00edme, neprodlen\u011b takov\u00fd obsah odstran\u00edme. Pokud m\u00e1te podez\u0159en\u00ed na poru\u0161en\u00ed autorsk\u00fdch pr\u00e1v, kontaktujte pros\u00edm info@followerninja.com.<\/p>\t\t\t\t\t\t\t\t<\/div>\n\t\t\t\t<\/div>\n\t\t\t\t\t<\/div>\n\t\t<\/div>\n\t\t\t\t\t<\/div>\n\t\t<\/section>\n\t\t\t\t<\/div>","protected":false},"excerpt":{"rendered":"","protected":false},"author":1,"featured_media":0,"parent":0,"menu_order":0,"comment_status":"closed","ping_status":"closed","template":"","meta":{"_acf_changed":false,"footnotes":""},"class_list":["post-39773","page","type-page","status-publish","hentry"],"acf":[],"jetpack_sharing_enabled":true,"head":{"html":["<meta name=\"wpsso-begin\" content=\"wpsso structured data begin\"\/>\n","<!-- generator:1 --><meta name=\"generator\" content=\"WPSSO Core 21.8.0\/L*\"\/>\n","<!-- generator:2 --><meta name=\"generator\" content=\"WPSSO REST 3.3.0\/S\"\/>\n","<!-- generator:3 --><meta name=\"generator\" content=\"WPSSO BC 5.3.0\/S\"\/>\n","<!-- generator:4 --><meta name=\"generator\" content=\"WPSSO SSM 3.4.0\/S\"\/>\n","<!-- generator:5 --><meta name=\"generator\" content=\"WPSSO UM 7.3.0\/S\"\/>\n","<link rel=\"shortlink\" href=\"https:\/\/followerninja.com\/cs\/?p=39773\"\/>\n","<meta property=\"fb:app_id\" content=\"966242223397117\"\/>\n","<meta property=\"og:type\" content=\"article\"\/>\n","<meta property=\"og:url\" content=\"https:\/\/followerninja.com\/cs\/otisk\/\"\/>\n","<meta property=\"og:locale\" content=\"cs_CZ\"\/>\n","<meta property=\"og:site_name\" content=\"Follower Ninja\"\/>\n","<meta property=\"og:title\" content=\"Impressum\"\/>\n","<meta property=\"og:description\" content=\"ImpressumAngaben gem&auml;&szlig; &sect; 5 TMG und &sect; 18 des Medienstaatsvertrags (MStV) Patrox UGTonndorfer Hauptstra&szlig;e 17422045 HamburgDeutschland Gesch&auml;ftsf&uuml;hrung\/Verantwortlicher:Patrick Torben Bimber 1. KontaktE-Mail: support@followerninja.com 2. Umsatzsteuer-ID Umsatzsteuer-Identifikationsnummer gem&auml;&szlig; &sect;...\"\/>\n","<meta property=\"og:updated_time\" content=\"2024-05-24T15:21:23+00:00\"\/>\n","<meta property=\"article:published_time\" content=\"2022-07-28T13:52:04+00:00\"\/>\n","<meta property=\"article:modified_time\" content=\"2024-05-24T15:21:23+00:00\"\/>\n","<meta name=\"twitter:domain\" content=\"followerninja.com\"\/>\n","<meta name=\"twitter:title\" content=\"Impressum\"\/>\n","<meta name=\"twitter:description\" content=\"ImpressumAngaben gem&auml;&szlig; &sect; 5 TMG und &sect; 18 des Medienstaatsvertrags (MStV) Patrox UGTonndorfer Hauptstra&szlig;e 17422045 HamburgDeutschland Gesch&auml;ftsf&uuml;hrung\/Verantwortlicher:Patrick Torben Bimber 1...\"\/>\n","<meta name=\"twitter:card\" content=\"summary\"\/>\n","<meta name=\"twitter:label1\" content=\"Written by\"\/>\n","<meta name=\"twitter:data1\" content=\"followerninja\"\/>\n","<meta name=\"twitter:label2\" content=\"Est. reading time\"\/>\n","<meta name=\"twitter:data2\" content=\"2 minutes\"\/>\n","<meta name=\"author\" content=\"followerninja\"\/>\n","<script type=\"application\/ld+json\" id=\"wpsso-schema-graph\">{\n    \"@context\": \"https:\/\/schema.org\",\n    \"@graph\": [\n        {\n            \"@id\": \"\/otisk\/#sso\/article\/39773\",\n            \"@context\": \"https:\/\/schema.org\",\n            \"@type\": \"Article\",\n            \"mainEntityOfPage\": \"https:\/\/followerninja.com\/cs\/otisk\/\",\n            \"url\": \"https:\/\/followerninja.com\/cs\/otisk\/\",\n            \"sameAs\": [\n                \"https:\/\/followerninja.com\/cs\/?p=39773\"\n            ],\n            \"name\": \"Impressum\",\n            \"description\": \"ImpressumAngaben gem&auml;&szlig; &sect; 5 TMG und &sect; 18 des Medienstaatsvertrags (MStV) Patrox UGTonndorfer Hauptstra&szlig;e 17422045 HamburgDeutschland Gesch&auml;ftsf&uuml;hrung\/Verantwortlicher:Patrick Torben Bimber 1. KontaktE-Mail: support@followerninja.com 2. Umsatzsteuer-ID Umsatzsteuer-Identifikationsnummer gem&auml;&szlig; &sect;...\",\n            \"publisher\": [\n                {\n                    \"@id\": \"\/#sso\/organization\/site\/org-banner-url\"\n                }\n            ],\n            \"headline\": \"Impressum\",\n            \"inLanguage\": \"cs_CZ\",\n            \"datePublished\": \"2022-07-28T13:52:04+00:00\",\n            \"dateModified\": \"2024-05-24T15:21:23+00:00\",\n            \"author\": {\n                \"@id\": \"\/53ea205f66c8842f4e08988a123ad248#sso\/person\"\n            },\n            \"timeRequired\": \"PT2M\",\n            \"speakable\": {\n                \"@context\": \"https:\/\/schema.org\",\n                \"@type\": \"SpeakableSpecification\",\n                \"cssSelector\": [\n                    \".wp-block-post-title\",\n                    \".speakable\"\n                ]\n            }\n        },\n        {\n            \"@id\": \"\/#sso\/organization\/site\/org-banner-url\",\n            \"@context\": \"https:\/\/schema.org\",\n            \"@type\": \"Organization\",\n            \"url\": \"https:\/\/followerninja.com\/cs\/\",\n            \"name\": \"Follower Ninja\",\n            \"description\": \"Social Media Follower\",\n            \"image\": [\n                {\n                    \"@id\": \"http:\/\/followerninja.com\/wp-content\/uploads\/2023\/06\/follower-ninja.png#sso\/image-object\"\n                }\n            ],\n            \"logo\": {\n                \"@id\": \"http:\/\/followerninja.com\/wp-content\/uploads\/2023\/02\/FOLLOWER-NINJA-TIKTOK-FOLLOWER.png#sso\/image-object\"\n            }\n        },\n        {\n            \"@id\": \"http:\/\/followerninja.com\/wp-content\/uploads\/2023\/06\/follower-ninja.png#sso\/image-object\",\n            \"@context\": \"https:\/\/schema.org\",\n            \"@type\": \"ImageObject\",\n            \"url\": \"http:\/\/followerninja.com\/wp-content\/uploads\/2023\/06\/follower-ninja.png\",\n            \"width\": [\n                {\n                    \"@id\": \"#sso\/qv-width-px-616\"\n                }\n            ],\n            \"height\": [\n                {\n                    \"@id\": \"#sso\/qv-height-px-282\"\n                }\n            ]\n        },\n        {\n            \"@id\": \"#sso\/qv-width-px-616\",\n            \"@context\": \"https:\/\/schema.org\",\n            \"@type\": \"QuantitativeValue\",\n            \"name\": \"Width\",\n            \"unitText\": \"px\",\n            \"unitCode\": \"E37\",\n            \"value\": \"616\"\n        },\n        {\n            \"@id\": \"#sso\/qv-height-px-282\",\n            \"@context\": \"https:\/\/schema.org\",\n            \"@type\": \"QuantitativeValue\",\n            \"name\": \"Height\",\n            \"unitText\": \"px\",\n            \"unitCode\": \"E37\",\n            \"value\": \"282\"\n        },\n        {\n            \"@id\": \"http:\/\/followerninja.com\/wp-content\/uploads\/2023\/02\/FOLLOWER-NINJA-TIKTOK-FOLLOWER.png#sso\/image-object\",\n            \"@context\": \"https:\/\/schema.org\",\n            \"@type\": \"ImageObject\",\n            \"url\": \"http:\/\/followerninja.com\/wp-content\/uploads\/2023\/02\/FOLLOWER-NINJA-TIKTOK-FOLLOWER.png\",\n            \"width\": [\n                {\n                    \"@id\": \"#sso\/qv-width-px-2400\"\n                }\n            ],\n            \"height\": [\n                {\n                    \"@id\": \"#sso\/qv-height-px-2074\"\n                }\n            ]\n        },\n        {\n            \"@id\": \"#sso\/qv-width-px-2400\",\n            \"@context\": \"https:\/\/schema.org\",\n            \"@type\": \"QuantitativeValue\",\n            \"name\": \"Width\",\n            \"unitText\": \"px\",\n            \"unitCode\": \"E37\",\n            \"value\": \"2400\"\n        },\n        {\n            \"@id\": \"#sso\/qv-height-px-2074\",\n            \"@context\": \"https:\/\/schema.org\",\n            \"@type\": \"QuantitativeValue\",\n            \"name\": \"Height\",\n            \"unitText\": \"px\",\n            \"unitCode\": \"E37\",\n            \"value\": \"2074\"\n        },\n        {\n            \"@id\": \"\/53ea205f66c8842f4e08988a123ad248#sso\/person\",\n            \"@context\": \"https:\/\/schema.org\",\n            \"@type\": \"Person\",\n            \"url\": \"http:\/\/followerninja.com\/\",\n            \"name\": \"followerninja\",\n            \"givenName\": \"Nami\",\n            \"familyName\": \"Shams\",\n            \"description\": \"Follower Ninja - Social Media Profis\",\n            \"image\": [\n                {\n                    \"@id\": \"https:\/\/secure.gravatar.com\/avatar\/51fd3ca1505ce8c9465a64104b9d54df.jpg?d=mp&s=1200#sso\/image-object\"\n                }\n            ]\n        },\n        {\n            \"@id\": \"https:\/\/secure.gravatar.com\/avatar\/51fd3ca1505ce8c9465a64104b9d54df.jpg?d=mp&s=1200#sso\/image-object\",\n            \"@context\": \"https:\/\/schema.org\",\n            \"@type\": \"ImageObject\",\n            \"url\": \"https:\/\/secure.gravatar.com\/avatar\/51fd3ca1505ce8c9465a64104b9d54df.jpg?d=mp&s=1200\",\n            \"width\": [\n                {\n                    \"@id\": \"#sso\/qv-width-px-1200\"\n                }\n            ],\n            \"height\": [\n                {\n                    \"@id\": \"#sso\/qv-height-px-1200\"\n                }\n            ]\n        },\n        {\n            \"@id\": \"#sso\/qv-width-px-1200\",\n            \"@context\": \"https:\/\/schema.org\",\n            \"@type\": \"QuantitativeValue\",\n            \"name\": \"Width\",\n            \"unitText\": \"px\",\n            \"unitCode\": \"E37\",\n            \"value\": \"1200\"\n        },\n        {\n            \"@id\": \"#sso\/qv-height-px-1200\",\n            \"@context\": \"https:\/\/schema.org\",\n            \"@type\": \"QuantitativeValue\",\n            \"name\": \"Height\",\n            \"unitText\": \"px\",\n            \"unitCode\": \"E37\",\n            \"value\": \"1200\"\n        },\n        {\n            \"@id\": \"\/otisk\/#sso\/breadcrumb-list\/39773\",\n            \"@context\": \"https:\/\/schema.org\",\n            \"@type\": \"BreadcrumbList\",\n            \"url\": \"https:\/\/followerninja.com\/cs\/otisk\/\",\n            \"itemListElement\": [\n                {\n                    \"@context\": \"https:\/\/schema.org\",\n                    \"@type\": \"ListItem\",\n                    \"position\": 1,\n                    \"name\": \"Home\",\n                    \"item\": \"https:\/\/followerninja.com\/cs\/\"\n                },\n                {\n                    \"@context\": \"https:\/\/schema.org\",\n                    \"@type\": \"ListItem\",\n                    \"position\": 2,\n                    \"name\": \"Blog\",\n                    \"item\": \"https:\/\/followerninja.com\/\"\n                },\n                {\n                    \"@context\": \"https:\/\/schema.org\",\n                    \"@type\": \"ListItem\",\n                    \"position\": 3,\n                    \"name\": \"Impressum\",\n                    \"item\": \"https:\/\/followerninja.com\/cs\/otisk\/\"\n                }\n            ]\n        }\n    ]\n}<\/script>\n","<meta name=\"wpsso-end\" content=\"wpsso structured data end\"\/>\n","<meta name=\"wpsso-cached\" content=\"2026-04-17T01:20:07+00:00 for followerninja.com\"\/>\n"],"json":[{"@context":"https:\/\/schema.org","@graph":[{"@id":"\/otisk\/#sso\/article\/39773","@context":"https:\/\/schema.org","@type":"Article","mainEntityOfPage":"https:\/\/followerninja.com\/cs\/otisk\/","url":"https:\/\/followerninja.com\/cs\/otisk\/","sameAs":["https:\/\/followerninja.com\/cs\/?p=39773"],"name":"Impressum","description":"ImpressumAngaben gem&auml;&szlig; &sect; 5 TMG und &sect; 18 des Medienstaatsvertrags (MStV) Patrox UGTonndorfer Hauptstra&szlig;e 17422045 HamburgDeutschland Gesch&auml;ftsf&uuml;hrung\/Verantwortlicher:Patrick Torben Bimber 1. KontaktE-Mail: support@followerninja.com 2. Umsatzsteuer-ID Umsatzsteuer-Identifikationsnummer gem&auml;&szlig; &sect;...","publisher":[{"@id":"\/#sso\/organization\/site\/org-banner-url"}],"headline":"Impressum","inLanguage":"cs_CZ","datePublished":"2022-07-28T13:52:04+00:00","dateModified":"2024-05-24T15:21:23+00:00","author":{"@id":"\/53ea205f66c8842f4e08988a123ad248#sso\/person"},"timeRequired":"PT2M","speakable":{"@context":"https:\/\/schema.org","@type":"SpeakableSpecification","cssSelector":[".wp-block-post-title",".speakable"]}},{"@id":"\/#sso\/organization\/site\/org-banner-url","@context":"https:\/\/schema.org","@type":"Organization","url":"https:\/\/followerninja.com\/cs\/","name":"Follower Ninja","description":"Social Media Follower","image":[{"@id":"http:\/\/followerninja.com\/wp-content\/uploads\/2023\/06\/follower-ninja.png#sso\/image-object"}],"logo":{"@id":"http:\/\/followerninja.com\/wp-content\/uploads\/2023\/02\/FOLLOWER-NINJA-TIKTOK-FOLLOWER.png#sso\/image-object"}},{"@id":"http:\/\/followerninja.com\/wp-content\/uploads\/2023\/06\/follower-ninja.png#sso\/image-object","@context":"https:\/\/schema.org","@type":"ImageObject","url":"http:\/\/followerninja.com\/wp-content\/uploads\/2023\/06\/follower-ninja.png","width":[{"@id":"#sso\/qv-width-px-616"}],"height":[{"@id":"#sso\/qv-height-px-282"}]},{"@id":"#sso\/qv-width-px-616","@context":"https:\/\/schema.org","@type":"QuantitativeValue","name":"Width","unitText":"px","unitCode":"E37","value":"616"},{"@id":"#sso\/qv-height-px-282","@context":"https:\/\/schema.org","@type":"QuantitativeValue","name":"Height","unitText":"px","unitCode":"E37","value":"282"},{"@id":"http:\/\/followerninja.com\/wp-content\/uploads\/2023\/02\/FOLLOWER-NINJA-TIKTOK-FOLLOWER.png#sso\/image-object","@context":"https:\/\/schema.org","@type":"ImageObject","url":"http:\/\/followerninja.com\/wp-content\/uploads\/2023\/02\/FOLLOWER-NINJA-TIKTOK-FOLLOWER.png","width":[{"@id":"#sso\/qv-width-px-2400"}],"height":[{"@id":"#sso\/qv-height-px-2074"}]},{"@id":"#sso\/qv-width-px-2400","@context":"https:\/\/schema.org","@type":"QuantitativeValue","name":"Width","unitText":"px","unitCode":"E37","value":"2400"},{"@id":"#sso\/qv-height-px-2074","@context":"https:\/\/schema.org","@type":"QuantitativeValue","name":"Height","unitText":"px","unitCode":"E37","value":"2074"},{"@id":"\/53ea205f66c8842f4e08988a123ad248#sso\/person","@context":"https:\/\/schema.org","@type":"Person","url":"http:\/\/followerninja.com\/","name":"followerninja","givenName":"Nami","familyName":"Shams","description":"Follower Ninja - Social Media Profis","image":[{"@id":"https:\/\/secure.gravatar.com\/avatar\/51fd3ca1505ce8c9465a64104b9d54df.jpg?d=mp&s=1200#sso\/image-object"}]},{"@id":"https:\/\/secure.gravatar.com\/avatar\/51fd3ca1505ce8c9465a64104b9d54df.jpg?d=mp&s=1200#sso\/image-object","@context":"https:\/\/schema.org","@type":"ImageObject","url":"https:\/\/secure.gravatar.com\/avatar\/51fd3ca1505ce8c9465a64104b9d54df.jpg?d=mp&s=1200","width":[{"@id":"#sso\/qv-width-px-1200"}],"height":[{"@id":"#sso\/qv-height-px-1200"}]},{"@id":"#sso\/qv-width-px-1200","@context":"https:\/\/schema.org","@type":"QuantitativeValue","name":"Width","unitText":"px","unitCode":"E37","value":"1200"},{"@id":"#sso\/qv-height-px-1200","@context":"https:\/\/schema.org","@type":"QuantitativeValue","name":"Height","unitText":"px","unitCode":"E37","value":"1200"},{"@id":"\/otisk\/#sso\/breadcrumb-list\/39773","@context":"https:\/\/schema.org","@type":"BreadcrumbList","url":"https:\/\/followerninja.com\/cs\/otisk\/","itemListElement":[{"@context":"https:\/\/schema.org","@type":"ListItem","position":1,"name":"Home","item":"https:\/\/followerninja.com\/cs\/"},{"@context":"https:\/\/schema.org","@type":"ListItem","position":2,"name":"Blog","item":"https:\/\/followerninja.com\/"},{"@context":"https:\/\/schema.org","@type":"ListItem","position":3,"name":"Impressum","item":"https:\/\/followerninja.com\/cs\/otisk\/"}]}]}],"parts":[["meta","name","generator","content","WPSSO Core 21.8.0\/L*","generator:1"],["meta","name","generator","content","WPSSO REST 3.3.0\/S","generator:2"],["meta","name","generator","content","WPSSO BC 5.3.0\/S","generator:3"],["meta","name","generator","content","WPSSO SSM 3.4.0\/S","generator:4"],["meta","name","generator","content","WPSSO UM 7.3.0\/S","generator:5"],["link","rel","shortlink","href","https:\/\/followerninja.com\/cs\/?p=39773",""],["meta","property","fb:app_id","content","966242223397117",""],["meta","property","og:time","content","2026-04-17T01:20:07+00:00",""],["meta","property","og:type","content","article",""],["meta","property","og:url","content","https:\/\/followerninja.com\/cs\/otisk\/",""],["meta","property","og:locale","content","cs_CZ",""],["meta","property","og:site_name","content","Follower Ninja",""],["meta","property","og:title","content","Impressum",""],["meta","property","og:description","content","ImpressumAngaben gem&auml;&szlig; &sect; 5 TMG und &sect; 18 des Medienstaatsvertrags (MStV) Patrox UGTonndorfer Hauptstra&szlig;e 17422045 HamburgDeutschland Gesch&auml;ftsf&uuml;hrung\/Verantwortlicher:Patrick Torben Bimber 1. KontaktE-Mail: support@followerninja.com 2. Umsatzsteuer-ID Umsatzsteuer-Identifikationsnummer gem&auml;&szlig; &sect;...",""],["meta","property","og:updated_time","content","2024-05-24T15:21:23+00:00",""],["meta","name","schema:language","content","cs_CZ",""],["meta","name","schema:type:id","content","article",""],["meta","name","schema:type:url","content","https:\/\/schema.org\/Article",""],["meta","name","schema:type:context","content","https:\/\/schema.org",""],["meta","name","schema:type:name","content","Article",""],["meta","name","schema:type:path","content","schema.org\/Article",""],["meta","property","article:author:name","content","followerninja",""],["meta","property","article:published_time","content","2022-07-28T13:52:04+00:00",""],["meta","property","article:modified_time","content","2024-05-24T15:21:23+00:00",""],["meta","property","article:reading_mins","content","2",""],["meta","name","twitter:domain","content","followerninja.com",""],["meta","name","twitter:title","content","Impressum",""],["meta","name","twitter:description","content","ImpressumAngaben gem&auml;&szlig; &sect; 5 TMG und &sect; 18 des Medienstaatsvertrags (MStV) Patrox UGTonndorfer Hauptstra&szlig;e 17422045 HamburgDeutschland Gesch&auml;ftsf&uuml;hrung\/Verantwortlicher:Patrick Torben Bimber 1...",""],["meta","name","twitter:card","content","summary",""],["meta","name","twitter:label1","content","Written by",""],["meta","name","twitter:data1","content","followerninja",""],["meta","name","twitter:label2","content","Est. reading time",""],["meta","name","twitter:data2","content","2 minutes",""],["meta","name","author","content","followerninja",""]]},"_links":{"self":[{"href":"https:\/\/followerninja.com\/cs\/wp-json\/wp\/v2\/pages\/39773","targetHints":{"allow":["GET"]}}],"collection":[{"href":"https:\/\/followerninja.com\/cs\/wp-json\/wp\/v2\/pages"}],"about":[{"href":"https:\/\/followerninja.com\/cs\/wp-json\/wp\/v2\/types\/page"}],"author":[{"embeddable":true,"href":"https:\/\/followerninja.com\/cs\/wp-json\/wp\/v2\/users\/1"}],"replies":[{"embeddable":true,"href":"https:\/\/followerninja.com\/cs\/wp-json\/wp\/v2\/comments?post=39773"}],"version-history":[{"count":6,"href":"https:\/\/followerninja.com\/cs\/wp-json\/wp\/v2\/pages\/39773\/revisions"}],"predecessor-version":[{"id":49114,"href":"https:\/\/followerninja.com\/cs\/wp-json\/wp\/v2\/pages\/39773\/revisions\/49114"}],"wp:attachment":[{"href":"https:\/\/followerninja.com\/cs\/wp-json\/wp\/v2\/media?parent=39773"}],"curies":[{"name":"wp","href":"https:\/\/api.w.org\/{rel}","templated":true}]}}