{"id":47480,"date":"2023-02-28T12:54:10","date_gmt":"2023-02-28T11:54:10","guid":{"rendered":"http:\/\/followerninja.com\/?post_type=product&#038;p=47480"},"modified":"2024-10-04T09:26:47","modified_gmt":"2024-10-04T07:26:47","slug":"sledovatele-firemni-stranky-linkedin","status":"publish","type":"product","link":"https:\/\/followerninja.com\/cs\/linkedin\/sledovatele-firemni-stranky-linkedin\/","title":{"rendered":"Sledovatel\u00e9 firemn\u00ed str\u00e1nky LinkedIn"},"content":{"rendered":"<h3><strong>Sledovatel\u00e9 firemn\u00ed str\u00e1nky LinkedIn<\/strong><\/h3>\n<p><strong>Koupit LinkedIn followers pro firemn\u00ed str\u00e1nku - Pro\u010d je Follower Ninja nejlep\u0161\u00ed web pro n\u00e1kup skute\u010dn\u00fdch slu\u017eeb LinkedIn?<\/strong><\/p>\n<p>Spole\u010dnost Follower Ninja m\u00e1 zku\u0161en\u00e9 market\u00e9ry soci\u00e1ln\u00edch m\u00e9di\u00ed, kte\u0159\u00ed se neust\u00e1le vyv\u00edjej\u00ed a do sv\u00fdch postup\u016f za\u010dle\u0148uj\u00ed nov\u00e9 trendy. M\u00e1me zku\u0161enosti a odborn\u00e9 znalosti, kter\u00e9 zajist\u00ed, aby va\u0161e zna\u010dka mohla konkurovat v\u011bt\u0161\u00edm zna\u010dk\u00e1m, pokud jde o pod\u00edl na trhu a d\u016fv\u011bryhodnost.<\/p>\n<p>Existuje mnoho webov\u00fdch str\u00e1nek, kde si m\u016f\u017eete koupit slu\u017eby soci\u00e1ln\u00edch m\u00e9di\u00ed, ale my tvrd\u00edme, \u017ee jsme nejlep\u0161\u00ed! Na\u0161im klient\u016fm pom\u00e1h\u00e1me rozv\u00edjet jejich \u00fa\u010dty na soci\u00e1ln\u00edch s\u00edt\u00edch od roku 2017 a od t\u00e9 doby jsme pro v\u011bt\u0161inu lid\u00ed nejobl\u00edben\u011bj\u0161\u00edm webem.<\/p>\n<p><strong>Dal\u0161\u00ed informace o sleduj\u00edc\u00edch firemn\u00ed str\u00e1nky LinkedIn<\/strong><\/p>\n<p>LinkedIn je sice profesion\u00e1ln\u00ed prost\u0159ed\u00ed, ale jako ka\u017ed\u00e1 soci\u00e1ln\u00ed platforma je i tato zam\u011b\u0159en\u00e1 na sebepropagaci. Lid\u00e9 a firmy se zde cht\u011bj\u00ed prezentovat co nejl\u00e9pe, proto ji n\u011bkte\u0159\u00ed u\u017eivatel\u00e9 ozna\u010duj\u00ed jako \"profesion\u00e1ln\u00ed Facebook\" nebo Facebook pro firmy. LinkedIn je hojn\u011b vyu\u017e\u00edvanou soci\u00e1ln\u00ed platformou pro podnik\u00e1n\u00ed a profese; mnoho u\u017eivatel\u016f nebo str\u00e1nek vypad\u00e1 velmi podobn\u011b. Proto pot\u0159ebujete n\u011bco, \u010d\u00edm byste vy\u010dn\u00edvali z davu. Jedn\u00edm z nejlep\u0161\u00edch zp\u016fsob\u016f, jak svou firemn\u00ed str\u00e1nku na Linkedin odli\u0161it, je po\u010det sleduj\u00edc\u00edch.<\/p>\n<p>Z\u00edsk\u00e1v\u00e1n\u00ed sleduj\u00edc\u00edch pro firemn\u00ed str\u00e1nku na s\u00edti LinkedIn je pro majitele str\u00e1nek d\u016fle\u017eit\u00e9, ale m\u016f\u017ee zabrat spoustu \u010dasu. Pokud m\u00e1te novou str\u00e1nku a nem\u00e1te mnoho \u010dasu na propagaci sv\u00e9 str\u00e1nky, m\u016f\u017eete si pro svou str\u00e1nku LinkedIn koupit sleduj\u00edc\u00ed. Mnoho lid\u00ed se pt\u00e1, zda je to mo\u017en\u00e9. Je mo\u017en\u00e9 koupit si sleduj\u00edc\u00ed pro LinkedIn. D\u00edky n\u00e1stroji Follower Ninja na n\u00e1kup sleduj\u00edc\u00edch na Linkedin pro firemn\u00ed str\u00e1nku na Linkedin nemus\u00edte dlouho \u010dekat na vylep\u0161en\u00ed sv\u00e9 str\u00e1nky. Nebojte se pr\u00e1vn\u00edch aspekt\u016f. Tito sleduj\u00edc\u00ed nejsou boti ani podvodn\u00edci. Jsou to aktivn\u00ed u\u017eivatel\u00e9 s\u00edt\u011b LinkedIn. LinkedIn v\u00e1s nem\u016f\u017ee vinit z toho, \u017ee m\u00e1te tolik sleduj\u00edc\u00edch, proto\u017ee nem\u00e1te kontrolu nad t\u00edm, kdo va\u0161i str\u00e1nku sleduje. Neo\u010dek\u00e1v\u00e1 se, \u017ee byste sami zvy\u0161ovali po\u010det sleduj\u00edc\u00edch. Ud\u011bl\u00e1me to za v\u00e1s. Zvy\u0161te snadno po\u010det sv\u00fdch sleduj\u00edc\u00edch pomoc\u00ed n\u00e1stroje Follower Ninja<\/p>\n<p><img fetchpriority=\"high\" decoding=\"async\" class=\"alignnone size-medium wp-image-47387\" src=\"http:\/\/followerninja.com\/wp-content\/uploads\/2022\/11\/follower-400x400.jpg\" alt=\"n\u00e1sledovn\u00edk ninja\" width=\"400\" height=\"400\" data-wp-pid=\"47387\" title=\"\" srcset=\"https:\/\/followerninja.com\/wp-content\/uploads\/2022\/11\/follower-400x400.jpg 400w, https:\/\/followerninja.com\/wp-content\/uploads\/2022\/11\/follower-1200x1200-cropped.jpg 1200w, https:\/\/followerninja.com\/wp-content\/uploads\/2022\/11\/follower-scaled-100x100.jpg 100w, https:\/\/followerninja.com\/wp-content\/uploads\/2022\/11\/follower-800x800.jpg 800w, https:\/\/followerninja.com\/wp-content\/uploads\/2022\/11\/follower-280x280.jpg 280w, https:\/\/followerninja.com\/wp-content\/uploads\/2022\/11\/follower-768x768.jpg 768w, https:\/\/followerninja.com\/wp-content\/uploads\/2022\/11\/follower-1536x1536.jpg 1536w, https:\/\/followerninja.com\/wp-content\/uploads\/2022\/11\/follower-12x12.jpg 12w, https:\/\/followerninja.com\/wp-content\/uploads\/2022\/11\/follower-1320x1320.jpg 1320w, https:\/\/followerninja.com\/wp-content\/uploads\/2022\/11\/follower-scaled.jpg 1920w\" sizes=\"(max-width: 400px) 100vw, 400px\" \/><\/p>\n<p>&nbsp;<\/p>\n<p><strong>Zde je d\u016fvod, pro\u010d byste si m\u011bli koupit slu\u017eby u n\u00e1s:<\/strong><\/p>\n<p>Nikdy se v\u00e1s nept\u00e1me na heslo nebo d\u016fle\u017eit\u00e9 informace. Nab\u00edz\u00edme bezpe\u010dn\u00e9 prost\u0159ed\u00ed a pr\u00e1vn\u00ed slu\u017eby. Tedy \u017e\u00e1dn\u00e9 hackov\u00e1n\u00ed ani nez\u00e1konn\u00e9 z\u00e1le\u017eitosti.<br \/>\nBezpe\u010dnost je d\u016fle\u017eit\u00fdm krokem v rozvoji soci\u00e1ln\u00edch m\u00e9di\u00ed. Na\u0161e syst\u00e9my pracuj\u00ed s certifik\u00e1ty SSL, tak\u017ee v\u0161echny va\u0161e \u00fadaje jsou p\u0159i nakupov\u00e1n\u00ed u n\u00e1s v bezpe\u010d\u00ed.<br \/>\nR\u016fst soci\u00e1ln\u00edch m\u00e9di\u00ed je tu pro v\u00e1s 24 hodin denn\u011b, 7 dn\u00ed v t\u00fddnu. Pokud m\u00e1te jak\u00e9koli dotazy nebo pot\u0159ebujete pomoc, m\u016f\u017eete kdykoli kontaktovat n\u00e1\u0161 t\u00fdm podpory.<br \/>\nNab\u00edz\u00edme cenov\u011b dostupn\u00e9 slu\u017eby soci\u00e1ln\u00edch m\u00e9di\u00ed. Na\u0161e ceny jsou velmi p\u0159\u00edzniv\u00e9 a levn\u011bj\u0161\u00ed ne\u017e u jin\u00fdch poskytovatel\u016f.<br \/>\nZpracov\u00e1n\u00ed plateb je velmi jednoduch\u00e9 a bezpe\u010dn\u00e9. Za na\u0161e slu\u017eby m\u016f\u017eete platit kartou, Payeer.<\/p>\n<p>V\u00fd\u0161e uveden\u00e9 v\u00fdhody se vztahuj\u00ed na v\u0161echny na\u0161e slu\u017eby. Pokud hled\u00e1te nejlep\u0161\u00ed m\u00edsto pro n\u00e1kup slu\u017eeb soci\u00e1ln\u00edch m\u00e9di\u00ed, na\u0161li jste ho!<\/p>","protected":false},"excerpt":{"rendered":"<p>\u27a1\ufe0f LinkedIn - Sledovatel\u00e9 profilu | USA\/UK | 0-12 hodin<br \/>\n\u27a1\ufe0f Do\u017eivotn\u00ed z\u00e1ruka nespadnut\u00ed<br \/>\n\u27a1\ufe0f Start: 0-24H (objedn\u00e1vka je dokon\u010dena do 24 hodin)<br \/>\n\u27a1\ufe0f 300 dn\u00ed Rychlost<br \/>\n\u27a1\ufe0f Maxim\u00e1ln\u011b do 300<br \/>\n\u27a1\ufe0f Navrhovan\u00e1 doba: Min-300 na \u010das<br \/>\n\u27a1\ufe0f N\u00e1pl\u0148: Do\u017eivotn\u00ed nekrop\u00edc\u00ed n\u00e1pl\u0148<br \/>\n\u27a1\ufe0f Po\u017eadovan\u00fd ve\u0159ejn\u00fd profil spole\u010dnosti na Linkedin<\/p>","protected":false},"featured_media":46511,"comment_status":"open","ping_status":"closed","template":"","meta":{"_acf_changed":false},"product_brand":[],"product_cat":[393],"product_tag":[394],"class_list":{"0":"post-47480","1":"product","2":"type-product","3":"status-publish","4":"has-post-thumbnail","6":"product_cat-linkedin","7":"product_tag-linkedin-follower","9":"first","10":"instock","11":"virtual","12":"purchasable","13":"product-type-simple"},"acf":[],"jetpack_sharing_enabled":true,"head":{"html":["<meta name=\"wpsso-begin\" content=\"wpsso structured data begin\"\/>\n","<!-- generator:1 --><meta name=\"generator\" content=\"WPSSO Core 21.8.0\/L*\"\/>\n","<!-- generator:2 --><meta name=\"generator\" content=\"WPSSO REST 3.3.0\/S\"\/>\n","<!-- generator:3 --><meta name=\"generator\" content=\"WPSSO BC 5.3.0\/S\"\/>\n","<!-- generator:4 --><meta name=\"generator\" content=\"WPSSO SSM 3.4.0\/S\"\/>\n","<!-- generator:5 --><meta name=\"generator\" content=\"WPSSO UM 7.3.0\/S\"\/>\n","<link rel=\"shortlink\" href=\"https:\/\/followerninja.com\/cs\/?p=47480\"\/>\n","<meta property=\"fb:app_id\" content=\"966242223397117\"\/>\n","<meta property=\"og:type\" content=\"product\"\/>\n","<meta property=\"og:url\" content=\"https:\/\/followerninja.com\/cs\/linkedin\/sledovatele-firemni-stranky-linkedin\/\"\/>\n","<meta property=\"og:locale\" content=\"cs_CZ\"\/>\n","<meta property=\"og:site_name\" content=\"Follower Ninja\"\/>\n","<meta property=\"og:title\" content=\"LinkedIn Unternehmensseite Follower kaufen - Follower Ninja\"\/>\n","<meta property=\"og:description\" content=\"LinkedIn Unternehmensseite Follower kaufen - TikTok - Instagram - YouTube Reichweite \u2713 Qualifizierte Follower - Views f&uuml;r dein Social Media - Follower Ninja\"\/>\n","<meta property=\"og:updated_time\" content=\"2024-10-04T07:26:47+00:00\"\/>\n","<meta property=\"product:retailer_item_id\" content=\"47480\"\/>\n","<meta property=\"product:availability\" content=\"in stock\"\/>\n","<meta property=\"product:condition\" content=\"new\"\/>\n","<meta property=\"product:original_price:amount\" content=\"0.00\"\/>\n","<meta property=\"product:original_price:currency\" content=\"EUR\"\/>\n","<meta property=\"product:pretax_price:amount\" content=\"0.00\"\/>\n","<meta property=\"product:pretax_price:currency\" content=\"EUR\"\/>\n","<meta property=\"product:price:amount\" content=\"0.00\"\/>\n","<meta property=\"product:price:currency\" content=\"EUR\"\/>\n","<meta name=\"twitter:domain\" content=\"followerninja.com\"\/>\n","<meta name=\"twitter:title\" content=\"LinkedIn Unternehmensseite Follower kaufen - Follower Ninja\"\/>\n","<meta name=\"twitter:description\" content=\"LinkedIn Unternehmensseite Follower kaufen - TikTok - Instagram - YouTube Reichweite \u2713 Qualifizierte Follower - Views f&uuml;r dein Social Media - Follower Ninja\"\/>\n","<meta name=\"twitter:card\" content=\"summary\"\/>\n","<meta name=\"twitter:label1\" content=\"Price\"\/>\n","<meta name=\"twitter:data1\" content=\"0.00 EUR\"\/>\n","<meta name=\"twitter:label2\" content=\"Availability\"\/>\n","<meta name=\"twitter:data2\" content=\"In Stock\"\/>\n","<script type=\"application\/ld+json\" id=\"wpsso-schema-graph\">{\n    \"@context\": \"https:\/\/schema.org\",\n    \"@graph\": [\n        {\n            \"@id\": \"\/linkedin\/sledovatele-firemni-stranky-linkedin\/#sso\/product\/47480\",\n            \"@context\": \"https:\/\/schema.org\",\n            \"@type\": \"Product\",\n            \"mainEntityOfPage\": \"https:\/\/followerninja.com\/cs\/linkedin\/sledovatele-firemni-stranky-linkedin\/\",\n            \"url\": \"https:\/\/followerninja.com\/cs\/linkedin\/sledovatele-firemni-stranky-linkedin\/\",\n            \"sameAs\": [\n                \"https:\/\/followerninja.com\/cs\/?p=47480\"\n            ],\n            \"name\": \"LinkedIn Unternehmensseite Follower kaufen - Follower Ninja\",\n            \"description\": \"LinkedIn Unternehmensseite Follower kaufen - TikTok - Instagram - YouTube Reichweite \\u2713 Qualifizierte Follower - Views f&uuml;r dein Social Media - Follower Ninja\",\n            \"itemCondition\": \"https:\/\/schema.org\/NewCondition\",\n            \"offers\": {\n                \"@context\": \"https:\/\/schema.org\",\n                \"@type\": \"Offer\",\n                \"url\": \"https:\/\/followerninja.com\/cs\/linkedin\/sledovatele-firemni-stranky-linkedin\/\",\n                \"name\": \"LinkedIn Unternehmensseite Follower kaufen - Follower Ninja\",\n                \"description\": \"LinkedIn Unternehmensseite Follower kaufen - TikTok - Instagram - YouTube Reichweite \\u2713 Qualifizierte Follower - Views f&uuml;r dein Social Media - Follower Ninja\",\n                \"availability\": \"https:\/\/schema.org\/InStock\",\n                \"itemCondition\": \"https:\/\/schema.org\/NewCondition\",\n                \"price\": \"0.00\",\n                \"priceCurrency\": \"EUR\",\n                \"priceValidUntil\": \"2027-04-29T18:20:28+00:00\",\n                \"priceSpecification\": [\n                    {\n                        \"@context\": \"https:\/\/schema.org\",\n                        \"@type\": \"UnitPriceSpecification\",\n                        \"priceType\": \"https:\/\/schema.org\/ListPrice\",\n                        \"price\": \"0.00\",\n                        \"priceCurrency\": \"EUR\",\n                        \"valueAddedTaxIncluded\": false,\n                        \"validThrough\": \"2026-05-29T18:20:28+00:00\"\n                    }\n                ],\n                \"seller\": {\n                    \"@id\": \"\/#sso\/organization\/site\/org-logo-url\"\n                }\n            }\n        },\n        {\n            \"@id\": \"\/#sso\/organization\/site\/org-logo-url\",\n            \"@context\": \"https:\/\/schema.org\",\n            \"@type\": \"Organization\",\n            \"url\": \"https:\/\/followerninja.com\/cs\/\",\n            \"name\": \"Follower Ninja\",\n            \"description\": \"Social Media Follower\",\n            \"image\": [\n                {\n                    \"@id\": \"http:\/\/followerninja.com\/wp-content\/uploads\/2023\/06\/follower-ninja.png#sso\/image-object\"\n                }\n            ],\n            \"logo\": {\n                \"@id\": \"http:\/\/followerninja.com\/wp-content\/uploads\/2023\/06\/follower-ninja.png#sso\/image-object\"\n            }\n        },\n        {\n            \"@id\": \"http:\/\/followerninja.com\/wp-content\/uploads\/2023\/06\/follower-ninja.png#sso\/image-object\",\n            \"@context\": \"https:\/\/schema.org\",\n            \"@type\": \"ImageObject\",\n            \"url\": \"http:\/\/followerninja.com\/wp-content\/uploads\/2023\/06\/follower-ninja.png\",\n            \"width\": [\n                {\n                    \"@id\": \"#sso\/qv-width-px-616\"\n                }\n            ],\n            \"height\": [\n                {\n                    \"@id\": \"#sso\/qv-height-px-282\"\n                }\n            ]\n        },\n        {\n            \"@id\": \"#sso\/qv-width-px-616\",\n            \"@context\": \"https:\/\/schema.org\",\n            \"@type\": \"QuantitativeValue\",\n            \"name\": \"Width\",\n            \"unitText\": \"px\",\n            \"unitCode\": \"E37\",\n            \"value\": \"616\"\n        },\n        {\n            \"@id\": \"#sso\/qv-height-px-282\",\n            \"@context\": \"https:\/\/schema.org\",\n            \"@type\": \"QuantitativeValue\",\n            \"name\": \"Height\",\n            \"unitText\": \"px\",\n            \"unitCode\": \"E37\",\n            \"value\": \"282\"\n        },\n        {\n            \"@id\": \"\/linkedin\/sledovatele-firemni-stranky-linkedin\/#sso\/breadcrumb.list\/linkedin\",\n            \"@context\": \"https:\/\/schema.org\",\n            \"@type\": \"BreadcrumbList\",\n            \"url\": \"https:\/\/followerninja.com\/cs\/linkedin\/sledovatele-firemni-stranky-linkedin\/\",\n            \"itemListElement\": [\n                {\n                    \"@context\": \"https:\/\/schema.org\",\n                    \"@type\": \"ListItem\",\n                    \"position\": 1,\n                    \"name\": \"Home\",\n                    \"item\": \"https:\/\/followerninja.com\/cs\/\"\n                },\n                {\n                    \"@context\": \"https:\/\/schema.org\",\n                    \"@type\": \"ListItem\",\n                    \"position\": 2,\n                    \"name\": \"Blog\",\n                    \"item\": \"https:\/\/followerninja.com\/\"\n                },\n                {\n                    \"@context\": \"https:\/\/schema.org\",\n                    \"@type\": \"ListItem\",\n                    \"position\": 3,\n                    \"name\": \"Linkedin\",\n                    \"item\": \"https:\/\/followerninja.com\/cs\/linkedin\/\"\n                },\n                {\n                    \"@context\": \"https:\/\/schema.org\",\n                    \"@type\": \"ListItem\",\n                    \"position\": 4,\n                    \"name\": \"LinkedIn Unternehmensseite Follower kaufen - Follower Ninja\",\n                    \"item\": \"https:\/\/followerninja.com\/cs\/linkedin\/sledovatele-firemni-stranky-linkedin\/\"\n                }\n            ]\n        }\n    ]\n}<\/script>\n","<meta name=\"wpsso-end\" content=\"wpsso structured data end\"\/>\n","<meta name=\"wpsso-cached\" content=\"2026-04-29T18:20:28+00:00 for followerninja.com\"\/>\n"],"json":[{"@context":"https:\/\/schema.org","@graph":[{"@id":"\/linkedin\/sledovatele-firemni-stranky-linkedin\/#sso\/product\/47480","@context":"https:\/\/schema.org","@type":"Product","mainEntityOfPage":"https:\/\/followerninja.com\/cs\/linkedin\/sledovatele-firemni-stranky-linkedin\/","url":"https:\/\/followerninja.com\/cs\/linkedin\/sledovatele-firemni-stranky-linkedin\/","sameAs":["https:\/\/followerninja.com\/cs\/?p=47480"],"name":"LinkedIn Unternehmensseite Follower kaufen - Follower Ninja","description":"LinkedIn Unternehmensseite Follower kaufen - TikTok - Instagram - YouTube Reichweite \u2713 Qualifizierte Follower - Views f&uuml;r dein Social Media - Follower Ninja","itemCondition":"https:\/\/schema.org\/NewCondition","offers":{"@context":"https:\/\/schema.org","@type":"Offer","url":"https:\/\/followerninja.com\/cs\/linkedin\/sledovatele-firemni-stranky-linkedin\/","name":"LinkedIn Unternehmensseite Follower kaufen - Follower Ninja","description":"LinkedIn Unternehmensseite Follower kaufen - TikTok - Instagram - YouTube Reichweite \u2713 Qualifizierte Follower - Views f&uuml;r dein Social Media - Follower Ninja","availability":"https:\/\/schema.org\/InStock","itemCondition":"https:\/\/schema.org\/NewCondition","price":"0.00","priceCurrency":"EUR","priceValidUntil":"2027-04-29T18:20:28+00:00","priceSpecification":[{"@context":"https:\/\/schema.org","@type":"UnitPriceSpecification","priceType":"https:\/\/schema.org\/ListPrice","price":"0.00","priceCurrency":"EUR","valueAddedTaxIncluded":false,"validThrough":"2026-05-29T18:20:28+00:00"}],"seller":{"@id":"\/#sso\/organization\/site\/org-logo-url"}}},{"@id":"\/#sso\/organization\/site\/org-logo-url","@context":"https:\/\/schema.org","@type":"Organization","url":"https:\/\/followerninja.com\/cs\/","name":"Follower Ninja","description":"Social Media Follower","image":[{"@id":"http:\/\/followerninja.com\/wp-content\/uploads\/2023\/06\/follower-ninja.png#sso\/image-object"}],"logo":{"@id":"http:\/\/followerninja.com\/wp-content\/uploads\/2023\/06\/follower-ninja.png#sso\/image-object"}},{"@id":"http:\/\/followerninja.com\/wp-content\/uploads\/2023\/06\/follower-ninja.png#sso\/image-object","@context":"https:\/\/schema.org","@type":"ImageObject","url":"http:\/\/followerninja.com\/wp-content\/uploads\/2023\/06\/follower-ninja.png","width":[{"@id":"#sso\/qv-width-px-616"}],"height":[{"@id":"#sso\/qv-height-px-282"}]},{"@id":"#sso\/qv-width-px-616","@context":"https:\/\/schema.org","@type":"QuantitativeValue","name":"Width","unitText":"px","unitCode":"E37","value":"616"},{"@id":"#sso\/qv-height-px-282","@context":"https:\/\/schema.org","@type":"QuantitativeValue","name":"Height","unitText":"px","unitCode":"E37","value":"282"},{"@id":"\/linkedin\/sledovatele-firemni-stranky-linkedin\/#sso\/breadcrumb.list\/linkedin","@context":"https:\/\/schema.org","@type":"BreadcrumbList","url":"https:\/\/followerninja.com\/cs\/linkedin\/sledovatele-firemni-stranky-linkedin\/","itemListElement":[{"@context":"https:\/\/schema.org","@type":"ListItem","position":1,"name":"Home","item":"https:\/\/followerninja.com\/cs\/"},{"@context":"https:\/\/schema.org","@type":"ListItem","position":2,"name":"Blog","item":"https:\/\/followerninja.com\/"},{"@context":"https:\/\/schema.org","@type":"ListItem","position":3,"name":"Linkedin","item":"https:\/\/followerninja.com\/cs\/linkedin\/"},{"@context":"https:\/\/schema.org","@type":"ListItem","position":4,"name":"LinkedIn Unternehmensseite Follower kaufen - Follower Ninja","item":"https:\/\/followerninja.com\/cs\/linkedin\/sledovatele-firemni-stranky-linkedin\/"}]}]}],"parts":[["meta","name","generator","content","WPSSO Core 21.8.0\/L*","generator:1"],["meta","name","generator","content","WPSSO REST 3.3.0\/S","generator:2"],["meta","name","generator","content","WPSSO BC 5.3.0\/S","generator:3"],["meta","name","generator","content","WPSSO SSM 3.4.0\/S","generator:4"],["meta","name","generator","content","WPSSO UM 7.3.0\/S","generator:5"],["link","rel","shortlink","href","https:\/\/followerninja.com\/cs\/?p=47480",""],["meta","property","fb:app_id","content","966242223397117",""],["meta","property","og:time","content","2026-04-29T18:20:28+00:00",""],["meta","property","og:type","content","product",""],["meta","property","og:url","content","https:\/\/followerninja.com\/cs\/linkedin\/sledovatele-firemni-stranky-linkedin\/",""],["meta","property","og:locale","content","cs_CZ",""],["meta","property","og:site_name","content","Follower Ninja",""],["meta","property","og:title","content","LinkedIn Unternehmensseite Follower kaufen - Follower Ninja",""],["meta","property","og:description","content","LinkedIn Unternehmensseite Follower kaufen - TikTok - Instagram - YouTube Reichweite \u2713 Qualifizierte Follower - Views f&uuml;r dein Social Media - Follower Ninja",""],["meta","property","og:updated_time","content","2024-10-04T07:26:47+00:00",""],["meta","name","schema:language","content","cs_CZ",""],["meta","name","schema:type:id","content","product",""],["meta","name","schema:type:url","content","https:\/\/schema.org\/Product",""],["meta","name","schema:type:context","content","https:\/\/schema.org",""],["meta","name","schema:type:name","content","Product",""],["meta","name","schema:type:path","content","schema.org\/Product",""],["meta","property","product:retailer_item_id","content","47480",""],["meta","property","product:url","content","https:\/\/followerninja.com\/cs\/linkedin\/sledovatele-firemni-stranky-linkedin\/",""],["meta","property","product:title","content","LinkedIn Unternehmensseite Follower kaufen - Follower Ninja",""],["meta","property","product:description","content","LinkedIn Unternehmensseite Follower kaufen - TikTok - Instagram - YouTube Reichweite \u2713 Qualifizierte Follower - Views f&uuml;r dein Social Media - Follower Ninja",""],["meta","property","product:updated_time","content","2024-10-04T07:26:47+00:00",""],["meta","property","product:availability","content","in stock",""],["meta","property","product:retailer_category","content","Linkedin",""],["meta","property","product:condition","content","new",""],["meta","property","product:is_virtual","content","true",""],["meta","property","product:min_advert_price:amount","content","0.00",""],["meta","property","product:min_advert_price:currency","content","EUR",""],["meta","property","product:original_price:type","content","https:\/\/schema.org\/ListPrice",""],["meta","property","product:original_price:amount","content","0.00",""],["meta","property","product:original_price:currency","content","EUR",""],["meta","property","product:pretax_price:amount","content","0.00",""],["meta","property","product:pretax_price:currency","content","EUR",""],["meta","property","product:price:type","content","https:\/\/schema.org\/ListPrice",""],["meta","property","product:price:amount","content","0.00",""],["meta","property","product:price:currency","content","EUR",""],["meta","property","product:price:vat_included","content","false",""],["meta","property","article:author:name","content","followerninja",""],["meta","property","article:reading_mins","content","3",""],["meta","name","twitter:domain","content","followerninja.com",""],["meta","name","twitter:title","content","LinkedIn Unternehmensseite Follower kaufen - Follower Ninja",""],["meta","name","twitter:description","content","LinkedIn Unternehmensseite Follower kaufen - TikTok - Instagram - YouTube Reichweite \u2713 Qualifizierte Follower - Views f&uuml;r dein Social Media - Follower Ninja",""],["meta","name","twitter:card","content","summary",""],["meta","name","twitter:label1","content","Price",""],["meta","name","twitter:data1","content","0.00 EUR",""],["meta","name","twitter:label2","content","Availability",""],["meta","name","twitter:data2","content","In Stock",""]]},"_links":{"self":[{"href":"https:\/\/followerninja.com\/cs\/wp-json\/wp\/v2\/product\/47480","targetHints":{"allow":["GET"]}}],"collection":[{"href":"https:\/\/followerninja.com\/cs\/wp-json\/wp\/v2\/product"}],"about":[{"href":"https:\/\/followerninja.com\/cs\/wp-json\/wp\/v2\/types\/product"}],"replies":[{"embeddable":true,"href":"https:\/\/followerninja.com\/cs\/wp-json\/wp\/v2\/comments?post=47480"}],"wp:featuredmedia":[{"embeddable":true,"href":"https:\/\/followerninja.com\/cs\/wp-json\/wp\/v2\/media\/46511"}],"wp:attachment":[{"href":"https:\/\/followerninja.com\/cs\/wp-json\/wp\/v2\/media?parent=47480"}],"wp:term":[{"taxonomy":"product_brand","embeddable":true,"href":"https:\/\/followerninja.com\/cs\/wp-json\/wp\/v2\/product_brand?post=47480"},{"taxonomy":"product_cat","embeddable":true,"href":"https:\/\/followerninja.com\/cs\/wp-json\/wp\/v2\/product_cat?post=47480"},{"taxonomy":"product_tag","embeddable":true,"href":"https:\/\/followerninja.com\/cs\/wp-json\/wp\/v2\/product_tag?post=47480"}],"curies":[{"name":"wp","href":"https:\/\/api.w.org\/{rel}","templated":true}]}}