{"id":47368,"date":"2023-02-19T20:17:29","date_gmt":"2023-02-19T19:17:29","guid":{"rendered":"http:\/\/followerninja.com\/?post_type=product&#038;p=47368"},"modified":"2024-10-04T09:26:49","modified_gmt":"2024-10-04T07:26:49","slug":"kob-svenske-spotify-folgere-2","status":"publish","type":"product","link":"https:\/\/followerninja.com\/da\/spotify\/kob-svenske-spotify-folgere-2\/","title":{"rendered":"Spotify-f\u00f8lgere (Sydkoreansk)"},"content":{"rendered":"<h3><strong>\u00a0Sydkoreansk SPOTIFY FOLLOWER K\u00d8B fra Sydkorea<\/strong><\/h3>\n<h3><strong>(Bedste sydkoreanske Spotify-f\u00f8lgere p\u00e5 hele markedet)<\/strong><\/h3>\n<p>K\u00f8b koreanske Spotify-f\u00f8lgere - Hvorfor er Follower Ninja det bedste sted at k\u00f8be \u00e6gte Spotify-tjenester?<\/p>\n<p>Follower Ninja har erfarne marketingfolk med erfaring inden for sociale medier, som konstant udvikler sig for at indarbejde nye tendenser i deres processer. Vi har erfaringen og ekspertisen til at sikre, at dit brand kan konkurrere med st\u00f8rre brands med hensyn til markedsandel og trov\u00e6rdighed.<\/p>\n<h3><strong>Fem grunde til at k\u00f8be Spotify-f\u00f8lgere fra Follower Ninja<\/strong><\/h3>\n<p>Spotify er en af de st\u00f8rste platforme for nye og spirende kunstnere i verden i dag. Du kan promovere dine sange og album, f\u00e5 nye fans, n\u00e5 ud til et bredere publikum og \u00f8ge din popularitet. Bare k\u00f8b det rigtige antal Spotify-f\u00f8lgere, s\u00e5 f\u00e5r du det boost, du har brug for!<\/p>\n<h3><strong>K\u00f8b Follower Ninja Sydkorea Spotify Follower<\/strong><\/h3>\n<p><strong>F\u00e5 flere fans p\u00e5 Spotify!<\/strong><br \/>\nI dag bruges Spotify-signaler som f.eks. streams, f\u00f8lgere og saves som et m\u00e5l for en kontos eller kunstners popularitet. Som en ny kunstner med begr\u00e6nsede ressourcer kan det v\u00e6re en udfordring at f\u00e5 og n\u00e5 ud til fans. Ved at k\u00f8be Spotify-f\u00f8lgere kan man \u00f8ge antallet af f\u00f8lgere, som en konto har. N\u00e5r andre mennesker opdager kontoen eller sangen, vil de blive nysgerrige p\u00e5 dit arbejde, n\u00e5r de ser en st\u00f8rre f\u00f8lgerskare. P\u00e5 den m\u00e5de kan du \u00f8ge antallet af f\u00f8lgere for de sange og album, du \u00f8nsker at promovere.<\/p>\n<p><strong>At v\u00e6re popul\u00e6r i musikbranchen takket v\u00e6re Follower Ninja<\/strong><br \/>\nAt blive ber\u00f8mt er ikke nogen nem opgave, is\u00e6r ikke p\u00e5 en global platform som Spotify. Konkurrencen er h\u00e5rd, og der er mange nye kunstnere, der udgiver deres sange hver dag. For at blive popul\u00e6r og ber\u00f8mt skal du bruge mange penge p\u00e5 reklame og markedsf\u00f8ring. Hvis du i stedet k\u00f8ber Spotify-f\u00f8lgere, kan du f\u00e5 den opm\u00e6rksomhed, du har brug for i musikbranchen. V\u00e6lg vores overkommelige tjenester og boosterpakker for at f\u00e5 din konto bem\u00e6rket. Vi giver dig f\u00f8lgere fra rigtige konti, uden at der stilles sp\u00f8rgsm\u00e5l.<\/p>\n<p><strong>St\u00f8rre trov\u00e6rdighed p\u00e5 Spotify-platformen<\/strong><br \/>\nKonti med flere f\u00f8lgere anses nu for at v\u00e6re mere trov\u00e6rdige og kunstnerne bag dem for at v\u00e6re mere talentfulde. Det kan du ikke \u00e6ndre, for det er s\u00e5dan, de sociale medier fungerer i dag. Flere f\u00f8lgere er lig med mere trov\u00e6rdighed og talent. Derfor b\u00f8r du fors\u00f8ge at f\u00e5 s\u00e5 mange f\u00f8lgere som muligt. Men det er ikke en nem opgave, fordi der er flere faktorer involveret. Det er her Follower Ninja kommer ind i billedet. V\u00e6lg den rigtige Spotify follower-pakke og \u00f8g gradvist antallet af dine f\u00f8lgere ved hj\u00e6lp af drypmetoden, s\u00e5 du ikke rejser sp\u00f8rgsm\u00e5l blandt Spotify-brugerne.<\/p>\n<p><strong>Finde bedre muligheder gennem specifik m\u00e5lretning<\/strong><br \/>\nN\u00e5r nogen \u00f8nsker at g\u00f8re karriere inden for musikken, \u00f8nsker de at udfolde sig i dette erhverv. At synge sange, blive vist, arbejde med st\u00f8rre selskaber, lave musikvideoer osv. er dr\u00f8mme, som alle musikere og kunstnere har. Spotify er en fantastisk platform for alle, der \u00f8nsker at starte et sted. Men for at f\u00e5 disse dr\u00f8mme til at g\u00e5 i opfyldelse, skal du tage de rigtige muligheder p\u00e5 det rigtige tidspunkt. Jo flere f\u00f8lgere din Spotify-konto har, jo st\u00f8rre er sandsynligheden for, at musikproducenter og labels vil l\u00e6gge m\u00e6rke til dig. Derfor kan du g\u00f8re disse dr\u00f8mme til virkelighed ved at k\u00f8be Spotify-f\u00f8lgere.<\/p>\n<p><strong>For\u00f8g den organiske trafik p\u00e5 Spotify<\/strong><br \/>\nEn af grundene til, at det kan v\u00e6re meget gavnligt at \u00f8ge antallet af f\u00f8lgere p\u00e5 sociale medier, er, at flere f\u00f8lgere giver flere bes\u00f8gende. En konto med flere f\u00f8lgere tiltr\u00e6kker mere opm\u00e6rksomhed og vises h\u00f8jere oppe i s\u00f8geresultaterne. Det betyder, at flere mennesker vil bes\u00f8ge din konto og lytte til dine sange. Hvis du har en god samling af sange og v\u00e6rker p\u00e5 din profil, vil disse bes\u00f8gende blive til f\u00f8lgere. Du skal blot k\u00f8be Spotify-f\u00f8lgere fra Follower Ninja og generere mere organisk trafik, der vil \u00f8ge populariteten af din konto over tid.<\/p>\n<p>K\u00f8b Spotify-tilh\u00e6ngere med Paypal<\/p>\n<p>&nbsp;<\/p>\n<p><strong>Der er mange hjemmesider, hvor du kan k\u00f8be sociale medietjenester, men vi h\u00e6vder at v\u00e6re de bedste! Vi har hjulpet vores kunder med at udvikle deres konti p\u00e5 de sociale medier siden 2017, og siden da er vi blevet det foretrukne websted for de fleste mennesker. Her er grunden til, at du b\u00f8r k\u00f8be tjenester hos os:<\/strong><\/p>\n<p>Vi beder dig aldrig om at oplyse din adgangskode eller vigtige oplysninger. Vi tilbyder et sikkert milj\u00f8 og juridiske tjenester. S\u00e5 ingen hacking eller ulovlige problemer.<br \/>\nSikkerhed er et vigtigt skridt i v\u00e6ksten af de sociale medier. Vores systemer k\u00f8rer p\u00e5 SSL-certifikater, s\u00e5 alle dine data er sikre, n\u00e5r du handler hos os.<br \/>\nSocial Media Growth er der for dig 24\/7. Hvis du har sp\u00f8rgsm\u00e5l eller har brug for hj\u00e6lp, kan du altid kontakte vores support.<br \/>\nVi tilbyder billige sociale medietjenester. Vores priser er meget rimelige og billigere end hos andre udbydere.<br \/>\nBetalingsprocessen er meget enkel og sikker. Du kan betale for vores tjenester med kort eller Payeer.<\/p>\n<p>Ovenn\u00e6vnte fordele g\u00e6lder for alle vores tjenester. Hvis du leder efter det bedste sted at k\u00f8be sociale medietjenester, s\u00e5 har du fundet det!<\/p>\n<p><img fetchpriority=\"high\" decoding=\"async\" class=\"alignnone size-medium wp-image-47372\" src=\"http:\/\/followerninja.com\/wp-content\/uploads\/2022\/12\/spotify-follower-400x400.jpg\" alt=\"spotify-f\u00f8lger\" width=\"400\" height=\"400\" data-wp-pid=\"47372\" title=\"\" srcset=\"https:\/\/followerninja.com\/wp-content\/uploads\/2022\/12\/spotify-follower-400x400.jpg 400w, https:\/\/followerninja.com\/wp-content\/uploads\/2022\/12\/spotify-follower-1200x1200-cropped.jpg 1200w, https:\/\/followerninja.com\/wp-content\/uploads\/2022\/12\/spotify-follower-scaled-100x100.jpg 100w, https:\/\/followerninja.com\/wp-content\/uploads\/2022\/12\/spotify-follower-800x800.jpg 800w, https:\/\/followerninja.com\/wp-content\/uploads\/2022\/12\/spotify-follower-280x280.jpg 280w, https:\/\/followerninja.com\/wp-content\/uploads\/2022\/12\/spotify-follower-768x768.jpg 768w, https:\/\/followerninja.com\/wp-content\/uploads\/2022\/12\/spotify-follower-1536x1536.jpg 1536w, https:\/\/followerninja.com\/wp-content\/uploads\/2022\/12\/spotify-follower-12x12.jpg 12w, https:\/\/followerninja.com\/wp-content\/uploads\/2022\/12\/spotify-follower-1320x1320.jpg 1320w, https:\/\/followerninja.com\/wp-content\/uploads\/2022\/12\/spotify-follower-scaled.jpg 1920w\" sizes=\"(max-width: 400px) 100vw, 400px\" \/><\/p>","protected":false},"excerpt":{"rendered":"<p>\u27a1\ufe0f Spotify - Profilf\u00f8lgere | Sydkorea | 0-12 timer<br \/>\n\u27a1\ufe0f Livsvarig garanti mod tab<br \/>\n\u27a1\ufe0f Start: 0-24H (ordren vil blive afsluttet inden for 24 timer)<br \/>\n\u27a1\ufe0f 1000 pr. dag Hastighed<br \/>\n\u27a1\ufe0f Maksimalt op til 40.000<br \/>\n\u27a1\ufe0f Foresl\u00e5et tid: Min-1000 pr. gang<br \/>\n\u27a1\ufe0f Genopfyldning: Levetid Ikke-forsinket<br \/>\n\u27a1\ufe0f Offentlig profil p\u00e5kr\u00e6vet<\/p>","protected":false},"featured_media":46477,"comment_status":"open","ping_status":"closed","template":"","meta":{"_acf_changed":false},"product_brand":[],"product_cat":[397],"product_tag":[690,691,689],"class_list":{"0":"post-47368","1":"product","2":"type-product","3":"status-publish","4":"has-post-thumbnail","6":"product_cat-spotify","7":"product_tag-spotify","8":"product_tag-spotify-follower","9":"product_tag-spotify-follower-kaufen","11":"first","12":"instock","13":"virtual","14":"purchasable","15":"product-type-simple"},"acf":[],"jetpack_sharing_enabled":true,"head":{"html":["<meta name=\"wpsso-begin\" content=\"wpsso structured data begin\"\/>\n","<!-- generator:1 --><meta name=\"generator\" content=\"WPSSO Core 21.8.0\/L*\"\/>\n","<!-- generator:2 --><meta name=\"generator\" content=\"WPSSO REST 3.3.0\/S\"\/>\n","<!-- generator:3 --><meta name=\"generator\" content=\"WPSSO BC 5.3.0\/S\"\/>\n","<!-- generator:4 --><meta name=\"generator\" content=\"WPSSO SSM 3.4.0\/S\"\/>\n","<!-- generator:5 --><meta name=\"generator\" content=\"WPSSO UM 7.3.0\/S\"\/>\n","<link rel=\"shortlink\" href=\"https:\/\/followerninja.com\/da\/?p=47368\"\/>\n","<meta property=\"fb:app_id\" content=\"966242223397117\"\/>\n","<meta property=\"og:type\" content=\"product\"\/>\n","<meta property=\"og:url\" content=\"https:\/\/followerninja.com\/da\/spotify\/kob-svenske-spotify-folgere-2\/\"\/>\n","<meta property=\"og:locale\" content=\"da_DK\"\/>\n","<meta property=\"og:site_name\" content=\"Follower Ninja\"\/>\n","<meta property=\"og:title\" content=\"Spotify Follower kaufen (S&uuml;d Koreanische) - Follower Ninja\"\/>\n","<meta property=\"og:description\" content=\"S&uuml;d Koreanische Spotify Follower kaufen - Spotify Streams - Spotify Likes - Reichweite \u2713 Qualifizierte Follower - Beste Spotify S&uuml;d Korea Follower aud dem Markt\"\/>\n","<meta property=\"og:updated_time\" content=\"2024-10-04T07:26:49+00:00\"\/>\n","<meta property=\"product:retailer_item_id\" content=\"47368\"\/>\n","<meta property=\"product:availability\" content=\"in stock\"\/>\n","<meta property=\"product:condition\" content=\"new\"\/>\n","<meta property=\"product:original_price:amount\" content=\"0.00\"\/>\n","<meta property=\"product:original_price:currency\" content=\"EUR\"\/>\n","<meta property=\"product:pretax_price:amount\" content=\"0.00\"\/>\n","<meta property=\"product:pretax_price:currency\" content=\"EUR\"\/>\n","<meta property=\"product:price:amount\" content=\"0.00\"\/>\n","<meta property=\"product:price:currency\" content=\"EUR\"\/>\n","<meta name=\"twitter:domain\" content=\"followerninja.com\"\/>\n","<meta name=\"twitter:title\" content=\"Spotify Follower kaufen (S&uuml;d Koreanische) - Follower Ninja\"\/>\n","<meta name=\"twitter:description\" content=\"S&uuml;d Koreanische Spotify Follower kaufen - Spotify Streams - Spotify Likes - Reichweite \u2713 Qualifizierte Follower - Beste Spotify S&uuml;d Korea Follower aud dem Markt\"\/>\n","<meta name=\"twitter:card\" content=\"summary\"\/>\n","<meta name=\"twitter:label1\" content=\"Price\"\/>\n","<meta name=\"twitter:data1\" content=\"0.00 EUR\"\/>\n","<meta name=\"twitter:label2\" content=\"Availability\"\/>\n","<meta name=\"twitter:data2\" content=\"In Stock\"\/>\n","<script type=\"application\/ld+json\" id=\"wpsso-schema-graph\">{\n    \"@context\": \"https:\/\/schema.org\",\n    \"@graph\": [\n        {\n            \"@id\": \"\/spotify\/kob-svenske-spotify-folgere-2\/#sso\/product\/47368\",\n            \"@context\": \"https:\/\/schema.org\",\n            \"@type\": \"Product\",\n            \"mainEntityOfPage\": \"https:\/\/followerninja.com\/da\/spotify\/kob-svenske-spotify-folgere-2\/\",\n            \"url\": \"https:\/\/followerninja.com\/da\/spotify\/kob-svenske-spotify-folgere-2\/\",\n            \"sameAs\": [\n                \"https:\/\/followerninja.com\/da\/?p=47368\"\n            ],\n            \"name\": \"Spotify Follower kaufen (S&uuml;d Koreanische) - Follower Ninja\",\n            \"description\": \"S&uuml;d Koreanische Spotify Follower kaufen - Spotify Streams - Spotify Likes - Reichweite \\u2713 Qualifizierte Follower - Beste Spotify S&uuml;d Korea Follower aud dem Markt\",\n            \"itemCondition\": \"https:\/\/schema.org\/NewCondition\",\n            \"offers\": {\n                \"@context\": \"https:\/\/schema.org\",\n                \"@type\": \"Offer\",\n                \"url\": \"https:\/\/followerninja.com\/da\/spotify\/kob-svenske-spotify-folgere-2\/\",\n                \"name\": \"Spotify Follower kaufen (S&uuml;d Koreanische) - Follower Ninja\",\n                \"description\": \"S&uuml;d Koreanische Spotify Follower kaufen - Spotify Streams - Spotify Likes - Reichweite \\u2713 Qualifizierte Follower - Beste Spotify S&uuml;d Korea Follower aud dem Markt\",\n                \"availability\": \"https:\/\/schema.org\/InStock\",\n                \"itemCondition\": \"https:\/\/schema.org\/NewCondition\",\n                \"price\": \"0.00\",\n                \"priceCurrency\": \"EUR\",\n                \"priceValidUntil\": \"2027-04-05T17:27:28+00:00\",\n                \"priceSpecification\": [\n                    {\n                        \"@context\": \"https:\/\/schema.org\",\n                        \"@type\": \"UnitPriceSpecification\",\n                        \"priceType\": \"https:\/\/schema.org\/ListPrice\",\n                        \"price\": \"0.00\",\n                        \"priceCurrency\": \"EUR\",\n                        \"valueAddedTaxIncluded\": false,\n                        \"validThrough\": \"2026-05-05T17:27:28+00:00\"\n                    }\n                ],\n                \"seller\": {\n                    \"@id\": \"\/#sso\/organization\/site\/org-logo-url\"\n                }\n            }\n        },\n        {\n            \"@id\": \"\/#sso\/organization\/site\/org-logo-url\",\n            \"@context\": \"https:\/\/schema.org\",\n            \"@type\": \"Organization\",\n            \"url\": \"https:\/\/followerninja.com\/da\/\",\n            \"name\": \"Follower Ninja\",\n            \"description\": \"Social Media Follower\",\n            \"image\": [\n                {\n                    \"@id\": \"http:\/\/followerninja.com\/wp-content\/uploads\/2023\/06\/follower-ninja.png#sso\/image-object\"\n                }\n            ],\n            \"logo\": {\n                \"@id\": \"http:\/\/followerninja.com\/wp-content\/uploads\/2023\/06\/follower-ninja.png#sso\/image-object\"\n            }\n        },\n        {\n            \"@id\": \"http:\/\/followerninja.com\/wp-content\/uploads\/2023\/06\/follower-ninja.png#sso\/image-object\",\n            \"@context\": \"https:\/\/schema.org\",\n            \"@type\": \"ImageObject\",\n            \"url\": \"http:\/\/followerninja.com\/wp-content\/uploads\/2023\/06\/follower-ninja.png\",\n            \"width\": [\n                {\n                    \"@id\": \"#sso\/qv-width-px-616\"\n                }\n            ],\n            \"height\": [\n                {\n                    \"@id\": \"#sso\/qv-height-px-282\"\n                }\n            ]\n        },\n        {\n            \"@id\": \"#sso\/qv-width-px-616\",\n            \"@context\": \"https:\/\/schema.org\",\n            \"@type\": \"QuantitativeValue\",\n            \"name\": \"Width\",\n            \"unitText\": \"px\",\n            \"unitCode\": \"E37\",\n            \"value\": \"616\"\n        },\n        {\n            \"@id\": \"#sso\/qv-height-px-282\",\n            \"@context\": \"https:\/\/schema.org\",\n            \"@type\": \"QuantitativeValue\",\n            \"name\": \"Height\",\n            \"unitText\": \"px\",\n            \"unitCode\": \"E37\",\n            \"value\": \"282\"\n        },\n        {\n            \"@id\": \"\/spotify\/kob-svenske-spotify-folgere-2\/#sso\/breadcrumb.list\/spotify\",\n            \"@context\": \"https:\/\/schema.org\",\n            \"@type\": \"BreadcrumbList\",\n            \"url\": \"https:\/\/followerninja.com\/da\/spotify\/kob-svenske-spotify-folgere-2\/\",\n            \"itemListElement\": [\n                {\n                    \"@context\": \"https:\/\/schema.org\",\n                    \"@type\": \"ListItem\",\n                    \"position\": 1,\n                    \"name\": \"Home\",\n                    \"item\": \"https:\/\/followerninja.com\/da\/\"\n                },\n                {\n                    \"@context\": \"https:\/\/schema.org\",\n                    \"@type\": \"ListItem\",\n                    \"position\": 2,\n                    \"name\": \"Blog\",\n                    \"item\": \"https:\/\/followerninja.com\/\"\n                },\n                {\n                    \"@context\": \"https:\/\/schema.org\",\n                    \"@type\": \"ListItem\",\n                    \"position\": 3,\n                    \"name\": \"Spotify\",\n                    \"item\": \"https:\/\/followerninja.com\/da\/spotify\/\"\n                },\n                {\n                    \"@context\": \"https:\/\/schema.org\",\n                    \"@type\": \"ListItem\",\n                    \"position\": 4,\n                    \"name\": \"Spotify Follower kaufen (S&uuml;d Koreanische) - Follower Ninja\",\n                    \"item\": \"https:\/\/followerninja.com\/da\/spotify\/kob-svenske-spotify-folgere-2\/\"\n                }\n            ]\n        }\n    ]\n}<\/script>\n","<meta name=\"wpsso-end\" content=\"wpsso structured data end\"\/>\n","<meta name=\"wpsso-cached\" content=\"2026-04-05T17:27:28+00:00 for followerninja.com\"\/>\n"],"json":[{"@context":"https:\/\/schema.org","@graph":[{"@id":"\/spotify\/kob-svenske-spotify-folgere-2\/#sso\/product\/47368","@context":"https:\/\/schema.org","@type":"Product","mainEntityOfPage":"https:\/\/followerninja.com\/da\/spotify\/kob-svenske-spotify-folgere-2\/","url":"https:\/\/followerninja.com\/da\/spotify\/kob-svenske-spotify-folgere-2\/","sameAs":["https:\/\/followerninja.com\/da\/?p=47368"],"name":"Spotify Follower kaufen (S&uuml;d Koreanische) - Follower Ninja","description":"S&uuml;d Koreanische Spotify Follower kaufen - Spotify Streams - Spotify Likes - Reichweite \u2713 Qualifizierte Follower - Beste Spotify S&uuml;d Korea Follower aud dem Markt","itemCondition":"https:\/\/schema.org\/NewCondition","offers":{"@context":"https:\/\/schema.org","@type":"Offer","url":"https:\/\/followerninja.com\/da\/spotify\/kob-svenske-spotify-folgere-2\/","name":"Spotify Follower kaufen (S&uuml;d Koreanische) - Follower Ninja","description":"S&uuml;d Koreanische Spotify Follower kaufen - Spotify Streams - Spotify Likes - Reichweite \u2713 Qualifizierte Follower - Beste Spotify S&uuml;d Korea Follower aud dem Markt","availability":"https:\/\/schema.org\/InStock","itemCondition":"https:\/\/schema.org\/NewCondition","price":"0.00","priceCurrency":"EUR","priceValidUntil":"2027-04-05T17:27:28+00:00","priceSpecification":[{"@context":"https:\/\/schema.org","@type":"UnitPriceSpecification","priceType":"https:\/\/schema.org\/ListPrice","price":"0.00","priceCurrency":"EUR","valueAddedTaxIncluded":false,"validThrough":"2026-05-05T17:27:28+00:00"}],"seller":{"@id":"\/#sso\/organization\/site\/org-logo-url"}}},{"@id":"\/#sso\/organization\/site\/org-logo-url","@context":"https:\/\/schema.org","@type":"Organization","url":"https:\/\/followerninja.com\/da\/","name":"Follower Ninja","description":"Social Media Follower","image":[{"@id":"http:\/\/followerninja.com\/wp-content\/uploads\/2023\/06\/follower-ninja.png#sso\/image-object"}],"logo":{"@id":"http:\/\/followerninja.com\/wp-content\/uploads\/2023\/06\/follower-ninja.png#sso\/image-object"}},{"@id":"http:\/\/followerninja.com\/wp-content\/uploads\/2023\/06\/follower-ninja.png#sso\/image-object","@context":"https:\/\/schema.org","@type":"ImageObject","url":"http:\/\/followerninja.com\/wp-content\/uploads\/2023\/06\/follower-ninja.png","width":[{"@id":"#sso\/qv-width-px-616"}],"height":[{"@id":"#sso\/qv-height-px-282"}]},{"@id":"#sso\/qv-width-px-616","@context":"https:\/\/schema.org","@type":"QuantitativeValue","name":"Width","unitText":"px","unitCode":"E37","value":"616"},{"@id":"#sso\/qv-height-px-282","@context":"https:\/\/schema.org","@type":"QuantitativeValue","name":"Height","unitText":"px","unitCode":"E37","value":"282"},{"@id":"\/spotify\/kob-svenske-spotify-folgere-2\/#sso\/breadcrumb.list\/spotify","@context":"https:\/\/schema.org","@type":"BreadcrumbList","url":"https:\/\/followerninja.com\/da\/spotify\/kob-svenske-spotify-folgere-2\/","itemListElement":[{"@context":"https:\/\/schema.org","@type":"ListItem","position":1,"name":"Home","item":"https:\/\/followerninja.com\/da\/"},{"@context":"https:\/\/schema.org","@type":"ListItem","position":2,"name":"Blog","item":"https:\/\/followerninja.com\/"},{"@context":"https:\/\/schema.org","@type":"ListItem","position":3,"name":"Spotify","item":"https:\/\/followerninja.com\/da\/spotify\/"},{"@context":"https:\/\/schema.org","@type":"ListItem","position":4,"name":"Spotify Follower kaufen (S&uuml;d Koreanische) - Follower Ninja","item":"https:\/\/followerninja.com\/da\/spotify\/kob-svenske-spotify-folgere-2\/"}]}]}],"parts":[["meta","name","generator","content","WPSSO Core 21.8.0\/L*","generator:1"],["meta","name","generator","content","WPSSO REST 3.3.0\/S","generator:2"],["meta","name","generator","content","WPSSO BC 5.3.0\/S","generator:3"],["meta","name","generator","content","WPSSO SSM 3.4.0\/S","generator:4"],["meta","name","generator","content","WPSSO UM 7.3.0\/S","generator:5"],["link","rel","shortlink","href","https:\/\/followerninja.com\/da\/?p=47368",""],["meta","property","fb:app_id","content","966242223397117",""],["meta","property","og:time","content","2026-04-05T17:27:28+00:00",""],["meta","property","og:type","content","product",""],["meta","property","og:url","content","https:\/\/followerninja.com\/da\/spotify\/kob-svenske-spotify-folgere-2\/",""],["meta","property","og:locale","content","da_DK",""],["meta","property","og:site_name","content","Follower Ninja",""],["meta","property","og:title","content","Spotify Follower kaufen (S&uuml;d Koreanische) - Follower Ninja",""],["meta","property","og:description","content","S&uuml;d Koreanische Spotify Follower kaufen - Spotify Streams - Spotify Likes - Reichweite \u2713 Qualifizierte Follower - Beste Spotify S&uuml;d Korea Follower aud dem Markt",""],["meta","property","og:updated_time","content","2024-10-04T07:26:49+00:00",""],["meta","name","schema:language","content","da_DK",""],["meta","name","schema:type:id","content","product",""],["meta","name","schema:type:url","content","https:\/\/schema.org\/Product",""],["meta","name","schema:type:context","content","https:\/\/schema.org",""],["meta","name","schema:type:name","content","Product",""],["meta","name","schema:type:path","content","schema.org\/Product",""],["meta","property","product:retailer_item_id","content","47368",""],["meta","property","product:url","content","https:\/\/followerninja.com\/da\/spotify\/kob-svenske-spotify-folgere-2\/",""],["meta","property","product:title","content","Spotify Follower kaufen (S&uuml;d Koreanische) - Follower Ninja",""],["meta","property","product:description","content","S&uuml;d Koreanische Spotify Follower kaufen - Spotify Streams - Spotify Likes - Reichweite \u2713 Qualifizierte Follower - Beste Spotify S&uuml;d Korea Follower aud dem Markt",""],["meta","property","product:updated_time","content","2024-10-04T07:26:49+00:00",""],["meta","property","product:availability","content","in stock",""],["meta","property","product:retailer_category","content","Spotify",""],["meta","property","product:condition","content","new",""],["meta","property","product:is_virtual","content","true",""],["meta","property","product:min_advert_price:amount","content","0.00",""],["meta","property","product:min_advert_price:currency","content","EUR",""],["meta","property","product:original_price:type","content","https:\/\/schema.org\/ListPrice",""],["meta","property","product:original_price:amount","content","0.00",""],["meta","property","product:original_price:currency","content","EUR",""],["meta","property","product:pretax_price:amount","content","0.00",""],["meta","property","product:pretax_price:currency","content","EUR",""],["meta","property","product:price:type","content","https:\/\/schema.org\/ListPrice",""],["meta","property","product:price:amount","content","0.00",""],["meta","property","product:price:currency","content","EUR",""],["meta","property","product:price:vat_included","content","false",""],["meta","property","article:author:name","content","followerninja",""],["meta","property","article:reading_mins","content","4",""],["meta","name","twitter:domain","content","followerninja.com",""],["meta","name","twitter:title","content","Spotify Follower kaufen (S&uuml;d Koreanische) - Follower Ninja",""],["meta","name","twitter:description","content","S&uuml;d Koreanische Spotify Follower kaufen - Spotify Streams - Spotify Likes - Reichweite \u2713 Qualifizierte Follower - Beste Spotify S&uuml;d Korea Follower aud dem Markt",""],["meta","name","twitter:card","content","summary",""],["meta","name","twitter:label1","content","Price",""],["meta","name","twitter:data1","content","0.00 EUR",""],["meta","name","twitter:label2","content","Availability",""],["meta","name","twitter:data2","content","In Stock",""]]},"_links":{"self":[{"href":"https:\/\/followerninja.com\/da\/wp-json\/wp\/v2\/product\/47368","targetHints":{"allow":["GET"]}}],"collection":[{"href":"https:\/\/followerninja.com\/da\/wp-json\/wp\/v2\/product"}],"about":[{"href":"https:\/\/followerninja.com\/da\/wp-json\/wp\/v2\/types\/product"}],"replies":[{"embeddable":true,"href":"https:\/\/followerninja.com\/da\/wp-json\/wp\/v2\/comments?post=47368"}],"wp:featuredmedia":[{"embeddable":true,"href":"https:\/\/followerninja.com\/da\/wp-json\/wp\/v2\/media\/46477"}],"wp:attachment":[{"href":"https:\/\/followerninja.com\/da\/wp-json\/wp\/v2\/media?parent=47368"}],"wp:term":[{"taxonomy":"product_brand","embeddable":true,"href":"https:\/\/followerninja.com\/da\/wp-json\/wp\/v2\/product_brand?post=47368"},{"taxonomy":"product_cat","embeddable":true,"href":"https:\/\/followerninja.com\/da\/wp-json\/wp\/v2\/product_cat?post=47368"},{"taxonomy":"product_tag","embeddable":true,"href":"https:\/\/followerninja.com\/da\/wp-json\/wp\/v2\/product_tag?post=47368"}],"curies":[{"name":"wp","href":"https:\/\/api.w.org\/{rel}","templated":true}]}}