{"id":47480,"date":"2023-02-28T12:54:10","date_gmt":"2023-02-28T11:54:10","guid":{"rendered":"http:\/\/followerninja.com\/?post_type=product&#038;p=47480"},"modified":"2024-10-04T09:26:47","modified_gmt":"2024-10-04T07:26:47","slug":"linkedin-virksomhedsside-tilhaengere","status":"publish","type":"product","link":"https:\/\/followerninja.com\/da\/linkedin\/linkedin-virksomhedsside-tilhaengere\/","title":{"rendered":"F\u00f8lgere p\u00e5 LinkedIns virksomhedsside"},"content":{"rendered":"<h3><strong>F\u00f8lgere p\u00e5 LinkedIns virksomhedsside<\/strong><\/h3>\n<p><strong>K\u00f8b LinkedIn Followers for Business Page - Hvorfor er Follower Ninja det bedste sted at k\u00f8be \u00e6gte LinkedIn-tjenester?<\/strong><\/p>\n<p>Follower Ninja har erfarne marketingfolk med erfaring inden for sociale medier, som konstant udvikler sig for at indarbejde nye tendenser i deres processer. Vi har erfaringen og ekspertisen til at sikre, at dit brand kan konkurrere med st\u00f8rre brands med hensyn til markedsandel og trov\u00e6rdighed.<\/p>\n<p>Der er mange hjemmesider, hvor du kan k\u00f8be sociale medietjenester, men vi h\u00e6vder at v\u00e6re de bedste! Vi har hjulpet vores kunder med at v\u00e6kste deres konti p\u00e5 de sociale medier siden 2017, og siden da er vi blevet det f\u00f8rste sted at henvende sig for de fleste mennesker.<\/p>\n<p><strong>Mere om LinkedIn Company Page Followers<\/strong><\/p>\n<p>LinkedIn er m\u00e5ske nok et professionelt milj\u00f8, men som enhver anden social platform handler det om at udtrykke sig selv. Folk og virksomheder \u00f8nsker at vise sig fra deres bedste side, og derfor kalder nogle brugere det for \"professionel Facebook\" eller Facebook for Business. LinkedIn er en meget udbredt social platform for virksomheder og professionelle, og mange brugere eller sider ligner hinanden meget. Derfor har du brug for noget for at skille dig ud fra m\u00e6ngden. En af de bedste m\u00e5der at f\u00e5 din Linkedin-forretningsside til at skille sig ud p\u00e5 er gennem antallet af f\u00f8lgere.<\/p>\n<p>Det er vigtigt for sideejere at f\u00e5 Linkedin-f\u00f8lgere til deres virksomhedsside, men det kan tage lang tid at f\u00e5 dem. Hvis du har en ny side og ikke har meget tid til at promovere din side, kan du k\u00f8be followers til din LinkedIn-side. Mange mennesker undrer sig over, om det er muligt. Det er muligt at k\u00f8be LinkedIn-f\u00f8lgere. Takket v\u00e6re Follower Ninjas v\u00e6rkt\u00f8j til at k\u00f8be Linkedin-f\u00f8lgere til Linkedin-forretningssiden beh\u00f8ver du ikke vente l\u00e6nge p\u00e5 at forbedre din side. Du skal ikke bekymre dig om juridiske sp\u00f8rgsm\u00e5l. Disse f\u00f8lgere er ikke bots eller scammers. De er aktive LinkedIn-brugere. LinkedIn kan ikke bebrejde dig for at have s\u00e5 mange f\u00f8lgere, fordi du ikke har nogen kontrol over, hvem der f\u00f8lger din side. Det forventes ikke, at du selv \u00f8ger antallet af f\u00f8lgere. Vi g\u00f8r det nemt for dig. For\u00f8g antallet af dine f\u00f8lgere nemt med Follower Ninja<\/p>\n<p><img fetchpriority=\"high\" decoding=\"async\" class=\"alignnone size-medium wp-image-47387\" src=\"http:\/\/followerninja.com\/wp-content\/uploads\/2022\/11\/follower-400x400.jpg\" alt=\"follower ninja\" width=\"400\" height=\"400\" data-wp-pid=\"47387\" title=\"\" srcset=\"https:\/\/followerninja.com\/wp-content\/uploads\/2022\/11\/follower-400x400.jpg 400w, https:\/\/followerninja.com\/wp-content\/uploads\/2022\/11\/follower-1200x1200-cropped.jpg 1200w, https:\/\/followerninja.com\/wp-content\/uploads\/2022\/11\/follower-scaled-100x100.jpg 100w, https:\/\/followerninja.com\/wp-content\/uploads\/2022\/11\/follower-800x800.jpg 800w, https:\/\/followerninja.com\/wp-content\/uploads\/2022\/11\/follower-280x280.jpg 280w, https:\/\/followerninja.com\/wp-content\/uploads\/2022\/11\/follower-768x768.jpg 768w, https:\/\/followerninja.com\/wp-content\/uploads\/2022\/11\/follower-1536x1536.jpg 1536w, https:\/\/followerninja.com\/wp-content\/uploads\/2022\/11\/follower-12x12.jpg 12w, https:\/\/followerninja.com\/wp-content\/uploads\/2022\/11\/follower-1320x1320.jpg 1320w, https:\/\/followerninja.com\/wp-content\/uploads\/2022\/11\/follower-scaled.jpg 1920w\" sizes=\"(max-width: 400px) 100vw, 400px\" \/><\/p>\n<p>&nbsp;<\/p>\n<p><strong>Her er grunden til, at du b\u00f8r k\u00f8be tjenester hos os:<\/strong><\/p>\n<p>Vi beder dig aldrig om at oplyse din adgangskode eller vigtige oplysninger. Vi tilbyder et sikkert milj\u00f8 og juridiske tjenester. S\u00e5 ingen hacking eller ulovlige problemer.<br \/>\nSikkerhed er et vigtigt skridt i v\u00e6ksten af de sociale medier. Vores systemer k\u00f8rer p\u00e5 SSL-certifikater, s\u00e5 alle dine data er sikre, n\u00e5r du handler hos os.<br \/>\nSocial Media Growth er der for dig 24\/7. Hvis du har sp\u00f8rgsm\u00e5l eller har brug for hj\u00e6lp, kan du altid kontakte vores support.<br \/>\nVi tilbyder billige sociale medietjenester. Vores priser er meget rimelige og billigere end hos andre udbydere.<br \/>\nBetalingsprocessen er meget enkel og sikker. Du kan betale for vores tjenester med kort eller Payeer.<\/p>\n<p>Ovenn\u00e6vnte fordele g\u00e6lder for alle vores tjenester. Hvis du leder efter det bedste sted at k\u00f8be sociale medietjenester, s\u00e5 har du fundet det!<\/p>","protected":false},"excerpt":{"rendered":"<p>\u27a1\ufe0f LinkedIn - Profilf\u00f8lgere | USA\/UK | 0-12 timer<br \/>\n\u27a1\ufe0f Livsvarig garanti mod tab<br \/>\n\u27a1\ufe0f Start: 0-24H (ordren vil blive afsluttet inden for 24 timer)<br \/>\n\u27a1\ufe0f 300 dage Hastighed<br \/>\n\u27a1\ufe0f H\u00f8jst op til 300<br \/>\n\u27a1\ufe0f Foresl\u00e5et tid: Min-300 pr. gang<br \/>\n\u27a1\ufe0f Genopfyldning: Levetid Ikke-forsinket<br \/>\n\u27a1\ufe0f Offentlig Linkedin-virksomhedsprofil p\u00e5kr\u00e6vet<\/p>","protected":false},"featured_media":46511,"comment_status":"open","ping_status":"closed","template":"","meta":{"_acf_changed":false},"product_brand":[],"product_cat":[393],"product_tag":[394],"class_list":{"0":"post-47480","1":"product","2":"type-product","3":"status-publish","4":"has-post-thumbnail","6":"product_cat-linkedin","7":"product_tag-linkedin-follower","9":"first","10":"instock","11":"virtual","12":"purchasable","13":"product-type-simple"},"acf":[],"jetpack_sharing_enabled":true,"head":{"html":["<meta name=\"wpsso-begin\" content=\"wpsso structured data begin\"\/>\n","<!-- generator:1 --><meta name=\"generator\" content=\"WPSSO Core 21.8.0\/L*\"\/>\n","<!-- generator:2 --><meta name=\"generator\" content=\"WPSSO REST 3.3.0\/S\"\/>\n","<!-- generator:3 --><meta name=\"generator\" content=\"WPSSO BC 5.3.0\/S\"\/>\n","<!-- generator:4 --><meta name=\"generator\" content=\"WPSSO SSM 3.4.0\/S\"\/>\n","<!-- generator:5 --><meta name=\"generator\" content=\"WPSSO UM 7.3.0\/S\"\/>\n","<link rel=\"shortlink\" href=\"https:\/\/followerninja.com\/da\/?p=47480\"\/>\n","<meta property=\"fb:app_id\" content=\"966242223397117\"\/>\n","<meta property=\"og:type\" content=\"product\"\/>\n","<meta property=\"og:url\" content=\"https:\/\/followerninja.com\/da\/linkedin\/linkedin-virksomhedsside-tilhaengere\/\"\/>\n","<meta property=\"og:locale\" content=\"da_DK\"\/>\n","<meta property=\"og:site_name\" content=\"Follower Ninja\"\/>\n","<meta property=\"og:title\" content=\"LinkedIn Unternehmensseite Follower kaufen - Follower Ninja\"\/>\n","<meta property=\"og:description\" content=\"LinkedIn Unternehmensseite Follower kaufen - TikTok - Instagram - YouTube Reichweite \u2713 Qualifizierte Follower - Views f&uuml;r dein Social Media - Follower Ninja\"\/>\n","<meta property=\"og:updated_time\" content=\"2024-10-04T07:26:47+00:00\"\/>\n","<meta property=\"product:retailer_item_id\" content=\"47480\"\/>\n","<meta property=\"product:availability\" content=\"in stock\"\/>\n","<meta property=\"product:condition\" content=\"new\"\/>\n","<meta property=\"product:original_price:amount\" content=\"0.00\"\/>\n","<meta property=\"product:original_price:currency\" content=\"EUR\"\/>\n","<meta property=\"product:pretax_price:amount\" content=\"0.00\"\/>\n","<meta property=\"product:pretax_price:currency\" content=\"EUR\"\/>\n","<meta property=\"product:price:amount\" content=\"0.00\"\/>\n","<meta property=\"product:price:currency\" content=\"EUR\"\/>\n","<meta name=\"twitter:domain\" content=\"followerninja.com\"\/>\n","<meta name=\"twitter:title\" content=\"LinkedIn Unternehmensseite Follower kaufen - Follower Ninja\"\/>\n","<meta name=\"twitter:description\" content=\"LinkedIn Unternehmensseite Follower kaufen - TikTok - Instagram - YouTube Reichweite \u2713 Qualifizierte Follower - Views f&uuml;r dein Social Media - Follower Ninja\"\/>\n","<meta name=\"twitter:card\" content=\"summary\"\/>\n","<meta name=\"twitter:label1\" content=\"Price\"\/>\n","<meta name=\"twitter:data1\" content=\"0.00 EUR\"\/>\n","<meta name=\"twitter:label2\" content=\"Availability\"\/>\n","<meta name=\"twitter:data2\" content=\"In Stock\"\/>\n","<script type=\"application\/ld+json\" id=\"wpsso-schema-graph\">{\n    \"@context\": \"https:\/\/schema.org\",\n    \"@graph\": [\n        {\n            \"@id\": \"\/linkedin\/linkedin-virksomhedsside-tilhaengere\/#sso\/product\/47480\",\n            \"@context\": \"https:\/\/schema.org\",\n            \"@type\": \"Product\",\n            \"mainEntityOfPage\": \"https:\/\/followerninja.com\/da\/linkedin\/linkedin-virksomhedsside-tilhaengere\/\",\n            \"url\": \"https:\/\/followerninja.com\/da\/linkedin\/linkedin-virksomhedsside-tilhaengere\/\",\n            \"sameAs\": [\n                \"https:\/\/followerninja.com\/da\/?p=47480\"\n            ],\n            \"name\": \"LinkedIn Unternehmensseite Follower kaufen - Follower Ninja\",\n            \"description\": \"LinkedIn Unternehmensseite Follower kaufen - TikTok - Instagram - YouTube Reichweite \\u2713 Qualifizierte Follower - Views f&uuml;r dein Social Media - Follower Ninja\",\n            \"itemCondition\": \"https:\/\/schema.org\/NewCondition\",\n            \"offers\": {\n                \"@context\": \"https:\/\/schema.org\",\n                \"@type\": \"Offer\",\n                \"url\": \"https:\/\/followerninja.com\/da\/linkedin\/linkedin-virksomhedsside-tilhaengere\/\",\n                \"name\": \"LinkedIn Unternehmensseite Follower kaufen - Follower Ninja\",\n                \"description\": \"LinkedIn Unternehmensseite Follower kaufen - TikTok - Instagram - YouTube Reichweite \\u2713 Qualifizierte Follower - Views f&uuml;r dein Social Media - Follower Ninja\",\n                \"availability\": \"https:\/\/schema.org\/InStock\",\n                \"itemCondition\": \"https:\/\/schema.org\/NewCondition\",\n                \"price\": \"0.00\",\n                \"priceCurrency\": \"EUR\",\n                \"priceValidUntil\": \"2027-04-06T02:30:54+00:00\",\n                \"priceSpecification\": [\n                    {\n                        \"@context\": \"https:\/\/schema.org\",\n                        \"@type\": \"UnitPriceSpecification\",\n                        \"priceType\": \"https:\/\/schema.org\/ListPrice\",\n                        \"price\": \"0.00\",\n                        \"priceCurrency\": \"EUR\",\n                        \"valueAddedTaxIncluded\": false,\n                        \"validThrough\": \"2026-05-06T02:30:54+00:00\"\n                    }\n                ],\n                \"seller\": {\n                    \"@id\": \"\/#sso\/organization\/site\/org-logo-url\"\n                }\n            }\n        },\n        {\n            \"@id\": \"\/#sso\/organization\/site\/org-logo-url\",\n            \"@context\": \"https:\/\/schema.org\",\n            \"@type\": \"Organization\",\n            \"url\": \"https:\/\/followerninja.com\/da\/\",\n            \"name\": \"Follower Ninja\",\n            \"description\": \"Social Media Follower\",\n            \"image\": [\n                {\n                    \"@id\": \"http:\/\/followerninja.com\/wp-content\/uploads\/2023\/06\/follower-ninja.png#sso\/image-object\"\n                }\n            ],\n            \"logo\": {\n                \"@id\": \"http:\/\/followerninja.com\/wp-content\/uploads\/2023\/06\/follower-ninja.png#sso\/image-object\"\n            }\n        },\n        {\n            \"@id\": \"http:\/\/followerninja.com\/wp-content\/uploads\/2023\/06\/follower-ninja.png#sso\/image-object\",\n            \"@context\": \"https:\/\/schema.org\",\n            \"@type\": \"ImageObject\",\n            \"url\": \"http:\/\/followerninja.com\/wp-content\/uploads\/2023\/06\/follower-ninja.png\",\n            \"width\": [\n                {\n                    \"@id\": \"#sso\/qv-width-px-616\"\n                }\n            ],\n            \"height\": [\n                {\n                    \"@id\": \"#sso\/qv-height-px-282\"\n                }\n            ]\n        },\n        {\n            \"@id\": \"#sso\/qv-width-px-616\",\n            \"@context\": \"https:\/\/schema.org\",\n            \"@type\": \"QuantitativeValue\",\n            \"name\": \"Width\",\n            \"unitText\": \"px\",\n            \"unitCode\": \"E37\",\n            \"value\": \"616\"\n        },\n        {\n            \"@id\": \"#sso\/qv-height-px-282\",\n            \"@context\": \"https:\/\/schema.org\",\n            \"@type\": \"QuantitativeValue\",\n            \"name\": \"Height\",\n            \"unitText\": \"px\",\n            \"unitCode\": \"E37\",\n            \"value\": \"282\"\n        },\n        {\n            \"@id\": \"\/linkedin\/linkedin-virksomhedsside-tilhaengere\/#sso\/breadcrumb.list\/linkedin\",\n            \"@context\": \"https:\/\/schema.org\",\n            \"@type\": \"BreadcrumbList\",\n            \"url\": \"https:\/\/followerninja.com\/da\/linkedin\/linkedin-virksomhedsside-tilhaengere\/\",\n            \"itemListElement\": [\n                {\n                    \"@context\": \"https:\/\/schema.org\",\n                    \"@type\": \"ListItem\",\n                    \"position\": 1,\n                    \"name\": \"Home\",\n                    \"item\": \"https:\/\/followerninja.com\/da\/\"\n                },\n                {\n                    \"@context\": \"https:\/\/schema.org\",\n                    \"@type\": \"ListItem\",\n                    \"position\": 2,\n                    \"name\": \"Blog\",\n                    \"item\": \"https:\/\/followerninja.com\/\"\n                },\n                {\n                    \"@context\": \"https:\/\/schema.org\",\n                    \"@type\": \"ListItem\",\n                    \"position\": 3,\n                    \"name\": \"Linkedin\",\n                    \"item\": \"https:\/\/followerninja.com\/da\/linkedin\/\"\n                },\n                {\n                    \"@context\": \"https:\/\/schema.org\",\n                    \"@type\": \"ListItem\",\n                    \"position\": 4,\n                    \"name\": \"LinkedIn Unternehmensseite Follower kaufen - Follower Ninja\",\n                    \"item\": \"https:\/\/followerninja.com\/da\/linkedin\/linkedin-virksomhedsside-tilhaengere\/\"\n                }\n            ]\n        }\n    ]\n}<\/script>\n","<meta name=\"wpsso-end\" content=\"wpsso structured data end\"\/>\n","<meta name=\"wpsso-cached\" content=\"2026-04-06T02:30:54+00:00 for followerninja.com\"\/>\n"],"json":[{"@context":"https:\/\/schema.org","@graph":[{"@id":"\/linkedin\/linkedin-virksomhedsside-tilhaengere\/#sso\/product\/47480","@context":"https:\/\/schema.org","@type":"Product","mainEntityOfPage":"https:\/\/followerninja.com\/da\/linkedin\/linkedin-virksomhedsside-tilhaengere\/","url":"https:\/\/followerninja.com\/da\/linkedin\/linkedin-virksomhedsside-tilhaengere\/","sameAs":["https:\/\/followerninja.com\/da\/?p=47480"],"name":"LinkedIn Unternehmensseite Follower kaufen - Follower Ninja","description":"LinkedIn Unternehmensseite Follower kaufen - TikTok - Instagram - YouTube Reichweite \u2713 Qualifizierte Follower - Views f&uuml;r dein Social Media - Follower Ninja","itemCondition":"https:\/\/schema.org\/NewCondition","offers":{"@context":"https:\/\/schema.org","@type":"Offer","url":"https:\/\/followerninja.com\/da\/linkedin\/linkedin-virksomhedsside-tilhaengere\/","name":"LinkedIn Unternehmensseite Follower kaufen - Follower Ninja","description":"LinkedIn Unternehmensseite Follower kaufen - TikTok - Instagram - YouTube Reichweite \u2713 Qualifizierte Follower - Views f&uuml;r dein Social Media - Follower Ninja","availability":"https:\/\/schema.org\/InStock","itemCondition":"https:\/\/schema.org\/NewCondition","price":"0.00","priceCurrency":"EUR","priceValidUntil":"2027-04-06T02:30:54+00:00","priceSpecification":[{"@context":"https:\/\/schema.org","@type":"UnitPriceSpecification","priceType":"https:\/\/schema.org\/ListPrice","price":"0.00","priceCurrency":"EUR","valueAddedTaxIncluded":false,"validThrough":"2026-05-06T02:30:54+00:00"}],"seller":{"@id":"\/#sso\/organization\/site\/org-logo-url"}}},{"@id":"\/#sso\/organization\/site\/org-logo-url","@context":"https:\/\/schema.org","@type":"Organization","url":"https:\/\/followerninja.com\/da\/","name":"Follower Ninja","description":"Social Media Follower","image":[{"@id":"http:\/\/followerninja.com\/wp-content\/uploads\/2023\/06\/follower-ninja.png#sso\/image-object"}],"logo":{"@id":"http:\/\/followerninja.com\/wp-content\/uploads\/2023\/06\/follower-ninja.png#sso\/image-object"}},{"@id":"http:\/\/followerninja.com\/wp-content\/uploads\/2023\/06\/follower-ninja.png#sso\/image-object","@context":"https:\/\/schema.org","@type":"ImageObject","url":"http:\/\/followerninja.com\/wp-content\/uploads\/2023\/06\/follower-ninja.png","width":[{"@id":"#sso\/qv-width-px-616"}],"height":[{"@id":"#sso\/qv-height-px-282"}]},{"@id":"#sso\/qv-width-px-616","@context":"https:\/\/schema.org","@type":"QuantitativeValue","name":"Width","unitText":"px","unitCode":"E37","value":"616"},{"@id":"#sso\/qv-height-px-282","@context":"https:\/\/schema.org","@type":"QuantitativeValue","name":"Height","unitText":"px","unitCode":"E37","value":"282"},{"@id":"\/linkedin\/linkedin-virksomhedsside-tilhaengere\/#sso\/breadcrumb.list\/linkedin","@context":"https:\/\/schema.org","@type":"BreadcrumbList","url":"https:\/\/followerninja.com\/da\/linkedin\/linkedin-virksomhedsside-tilhaengere\/","itemListElement":[{"@context":"https:\/\/schema.org","@type":"ListItem","position":1,"name":"Home","item":"https:\/\/followerninja.com\/da\/"},{"@context":"https:\/\/schema.org","@type":"ListItem","position":2,"name":"Blog","item":"https:\/\/followerninja.com\/"},{"@context":"https:\/\/schema.org","@type":"ListItem","position":3,"name":"Linkedin","item":"https:\/\/followerninja.com\/da\/linkedin\/"},{"@context":"https:\/\/schema.org","@type":"ListItem","position":4,"name":"LinkedIn Unternehmensseite Follower kaufen - Follower Ninja","item":"https:\/\/followerninja.com\/da\/linkedin\/linkedin-virksomhedsside-tilhaengere\/"}]}]}],"parts":[["meta","name","generator","content","WPSSO Core 21.8.0\/L*","generator:1"],["meta","name","generator","content","WPSSO REST 3.3.0\/S","generator:2"],["meta","name","generator","content","WPSSO BC 5.3.0\/S","generator:3"],["meta","name","generator","content","WPSSO SSM 3.4.0\/S","generator:4"],["meta","name","generator","content","WPSSO UM 7.3.0\/S","generator:5"],["link","rel","shortlink","href","https:\/\/followerninja.com\/da\/?p=47480",""],["meta","property","fb:app_id","content","966242223397117",""],["meta","property","og:time","content","2026-04-06T02:30:54+00:00",""],["meta","property","og:type","content","product",""],["meta","property","og:url","content","https:\/\/followerninja.com\/da\/linkedin\/linkedin-virksomhedsside-tilhaengere\/",""],["meta","property","og:locale","content","da_DK",""],["meta","property","og:site_name","content","Follower Ninja",""],["meta","property","og:title","content","LinkedIn Unternehmensseite Follower kaufen - Follower Ninja",""],["meta","property","og:description","content","LinkedIn Unternehmensseite Follower kaufen - TikTok - Instagram - YouTube Reichweite \u2713 Qualifizierte Follower - Views f&uuml;r dein Social Media - Follower Ninja",""],["meta","property","og:updated_time","content","2024-10-04T07:26:47+00:00",""],["meta","name","schema:language","content","da_DK",""],["meta","name","schema:type:id","content","product",""],["meta","name","schema:type:url","content","https:\/\/schema.org\/Product",""],["meta","name","schema:type:context","content","https:\/\/schema.org",""],["meta","name","schema:type:name","content","Product",""],["meta","name","schema:type:path","content","schema.org\/Product",""],["meta","property","product:retailer_item_id","content","47480",""],["meta","property","product:url","content","https:\/\/followerninja.com\/da\/linkedin\/linkedin-virksomhedsside-tilhaengere\/",""],["meta","property","product:title","content","LinkedIn Unternehmensseite Follower kaufen - Follower Ninja",""],["meta","property","product:description","content","LinkedIn Unternehmensseite Follower kaufen - TikTok - Instagram - YouTube Reichweite \u2713 Qualifizierte Follower - Views f&uuml;r dein Social Media - Follower Ninja",""],["meta","property","product:updated_time","content","2024-10-04T07:26:47+00:00",""],["meta","property","product:availability","content","in stock",""],["meta","property","product:retailer_category","content","Linkedin",""],["meta","property","product:condition","content","new",""],["meta","property","product:is_virtual","content","true",""],["meta","property","product:min_advert_price:amount","content","0.00",""],["meta","property","product:min_advert_price:currency","content","EUR",""],["meta","property","product:original_price:type","content","https:\/\/schema.org\/ListPrice",""],["meta","property","product:original_price:amount","content","0.00",""],["meta","property","product:original_price:currency","content","EUR",""],["meta","property","product:pretax_price:amount","content","0.00",""],["meta","property","product:pretax_price:currency","content","EUR",""],["meta","property","product:price:type","content","https:\/\/schema.org\/ListPrice",""],["meta","property","product:price:amount","content","0.00",""],["meta","property","product:price:currency","content","EUR",""],["meta","property","product:price:vat_included","content","false",""],["meta","property","article:author:name","content","followerninja",""],["meta","property","article:reading_mins","content","3",""],["meta","name","twitter:domain","content","followerninja.com",""],["meta","name","twitter:title","content","LinkedIn Unternehmensseite Follower kaufen - Follower Ninja",""],["meta","name","twitter:description","content","LinkedIn Unternehmensseite Follower kaufen - TikTok - Instagram - YouTube Reichweite \u2713 Qualifizierte Follower - Views f&uuml;r dein Social Media - Follower Ninja",""],["meta","name","twitter:card","content","summary",""],["meta","name","twitter:label1","content","Price",""],["meta","name","twitter:data1","content","0.00 EUR",""],["meta","name","twitter:label2","content","Availability",""],["meta","name","twitter:data2","content","In Stock",""]]},"_links":{"self":[{"href":"https:\/\/followerninja.com\/da\/wp-json\/wp\/v2\/product\/47480","targetHints":{"allow":["GET"]}}],"collection":[{"href":"https:\/\/followerninja.com\/da\/wp-json\/wp\/v2\/product"}],"about":[{"href":"https:\/\/followerninja.com\/da\/wp-json\/wp\/v2\/types\/product"}],"replies":[{"embeddable":true,"href":"https:\/\/followerninja.com\/da\/wp-json\/wp\/v2\/comments?post=47480"}],"wp:featuredmedia":[{"embeddable":true,"href":"https:\/\/followerninja.com\/da\/wp-json\/wp\/v2\/media\/46511"}],"wp:attachment":[{"href":"https:\/\/followerninja.com\/da\/wp-json\/wp\/v2\/media?parent=47480"}],"wp:term":[{"taxonomy":"product_brand","embeddable":true,"href":"https:\/\/followerninja.com\/da\/wp-json\/wp\/v2\/product_brand?post=47480"},{"taxonomy":"product_cat","embeddable":true,"href":"https:\/\/followerninja.com\/da\/wp-json\/wp\/v2\/product_cat?post=47480"},{"taxonomy":"product_tag","embeddable":true,"href":"https:\/\/followerninja.com\/da\/wp-json\/wp\/v2\/product_tag?post=47480"}],"curies":[{"name":"wp","href":"https:\/\/api.w.org\/{rel}","templated":true}]}}