{"id":548,"date":"2021-01-30T17:06:05","date_gmt":"2021-01-30T16:06:05","guid":{"rendered":"http:\/\/followerninja.com\/\/?post_type=product&#038;p=548"},"modified":"2024-10-04T09:31:45","modified_gmt":"2024-10-04T07:31:45","slug":"soundcloud-plays-koop","status":"publish","type":"product","link":"https:\/\/followerninja.com\/da\/soundcloud\/soundcloud-plays-koop\/","title":{"rendered":"Soundcloud Plays"},"content":{"rendered":"<p>Hvorfor Follower Ninja er det bedste sted at k\u00f8be rigtige SoundCloud-tjenester<br \/>\nFollower Ninja har erfarne marketingfolk med erfaring inden for sociale medier, som konstant udvikler sig for at indarbejde nye tendenser i deres processer. Vi har erfaringen og ekspertisen til at sikre, at dit brand kan konkurrere med st\u00f8rre brands med hensyn til markedsandel og trov\u00e6rdighed.<\/p>\n<p>Der er mange hjemmesider, hvor du kan k\u00f8be sociale medietjenester, men vi h\u00e6vder at v\u00e6re de bedste! Vi har hjulpet vores kunder med at udvikle deres konti p\u00e5 de sociale medier siden 2017, og siden da er vi blevet det foretrukne websted for de fleste mennesker. Her er grunden til, at du b\u00f8r k\u00f8be tjenester hos os:<\/p>\n<p>Vi beder dig aldrig om at oplyse din adgangskode eller vigtige oplysninger. Vi tilbyder et sikkert milj\u00f8 og juridiske tjenester. S\u00e5 ingen hacking eller ulovlige problemer.<br \/>\nSikkerhed er et vigtigt skridt i v\u00e6ksten af de sociale medier. Vores systemer k\u00f8rer p\u00e5 SSL-certifikater, s\u00e5 alle dine data er sikre, n\u00e5r du handler hos os.<br \/>\nSocial Media Growth er der for dig 24\/7. Hvis du har sp\u00f8rgsm\u00e5l eller har brug for hj\u00e6lp, kan du altid kontakte vores support.<br \/>\nVi tilbyder billige sociale medietjenester. Vores priser er meget rimelige og billigere end hos andre udbydere.<br \/>\nBetalingsprocessen er meget enkel og sikker. Du kan betale for vores tjenester med kort og Payeer.<\/p>\n<p>Ovenn\u00e6vnte fordele g\u00e6lder for alle vores tjenester. Hvis du leder efter det bedste sted at k\u00f8be sociale medietjenester, s\u00e5 har du fundet det!<\/p>","protected":false},"excerpt":{"rendered":"<p><span style=\"font-size: 14.4px;\">\u27a1\ufe0f<\/span> Start: Omg\u00e5ende - 12 timer<br \/>\n<span style=\"font-size: 14.4px;\">\u27a1\ufe0f<\/span> Hastighed: 20.000\/dag<\/p>","protected":false},"featured_media":46476,"comment_status":"closed","ping_status":"closed","template":"","meta":{"_acf_changed":false},"product_brand":[],"product_cat":[88],"product_tag":[212],"class_list":{"0":"post-548","1":"product","2":"type-product","3":"status-publish","4":"has-post-thumbnail","6":"product_cat-soundcloud","7":"product_tag-soundcloud-plays","9":"first","10":"instock","11":"virtual","12":"purchasable","13":"product-type-simple"},"acf":[],"jetpack_sharing_enabled":true,"head":{"html":["<meta name=\"wpsso-begin\" content=\"wpsso structured data begin\"\/>\n","<!-- generator:1 --><meta name=\"generator\" content=\"WPSSO Core 21.8.0\/L*\"\/>\n","<!-- generator:2 --><meta name=\"generator\" content=\"WPSSO REST 3.3.0\/S\"\/>\n","<!-- generator:3 --><meta name=\"generator\" content=\"WPSSO BC 5.3.0\/S\"\/>\n","<!-- generator:4 --><meta name=\"generator\" content=\"WPSSO SSM 3.4.0\/S\"\/>\n","<!-- generator:5 --><meta name=\"generator\" content=\"WPSSO UM 7.3.0\/S\"\/>\n","<link rel=\"shortlink\" href=\"https:\/\/followerninja.com\/da\/?p=548\"\/>\n","<meta property=\"fb:app_id\" content=\"966242223397117\"\/>\n","<meta property=\"og:type\" content=\"product\"\/>\n","<meta property=\"og:url\" content=\"https:\/\/followerninja.com\/da\/soundcloud\/soundcloud-plays-koop\/\"\/>\n","<meta property=\"og:locale\" content=\"da_DK\"\/>\n","<meta property=\"og:site_name\" content=\"Follower Ninja\"\/>\n","<meta property=\"og:title\" content=\"Soundcloud Plays\"\/>\n","<meta property=\"og:description\" content=\"&#x27a1;&#xfe0f; Start: Sofort &ndash; 12 Stunden &#x27a1;&#xfe0f; Geschwindigkeit: 20.000\/Tag\"\/>\n","<meta property=\"og:updated_time\" content=\"2024-10-04T07:31:45+00:00\"\/>\n","<meta property=\"product:retailer_item_id\" content=\"548\"\/>\n","<meta property=\"product:availability\" content=\"in stock\"\/>\n","<meta property=\"product:condition\" content=\"new\"\/>\n","<meta property=\"product:original_price:amount\" content=\"0.00\"\/>\n","<meta property=\"product:original_price:currency\" content=\"EUR\"\/>\n","<meta property=\"product:pretax_price:amount\" content=\"0.00\"\/>\n","<meta property=\"product:pretax_price:currency\" content=\"EUR\"\/>\n","<meta property=\"product:price:amount\" content=\"0.00\"\/>\n","<meta property=\"product:price:currency\" content=\"EUR\"\/>\n","<meta name=\"twitter:domain\" content=\"followerninja.com\"\/>\n","<meta name=\"twitter:title\" content=\"Soundcloud Plays\"\/>\n","<meta name=\"twitter:description\" content=\"&#x27a1;&#xfe0f; Start: Sofort &ndash; 12 Stunden &#x27a1;&#xfe0f; Geschwindigkeit: 20.000\/Tag\"\/>\n","<meta name=\"twitter:card\" content=\"summary\"\/>\n","<meta name=\"twitter:label1\" content=\"Price\"\/>\n","<meta name=\"twitter:data1\" content=\"0.00 EUR\"\/>\n","<meta name=\"twitter:label2\" content=\"Availability\"\/>\n","<meta name=\"twitter:data2\" content=\"In Stock\"\/>\n","<script type=\"application\/ld+json\" id=\"wpsso-schema-graph\">{\n    \"@context\": \"https:\/\/schema.org\",\n    \"@graph\": [\n        {\n            \"@id\": \"\/soundcloud\/soundcloud-plays-koop\/#sso\/product\/548\",\n            \"@context\": \"https:\/\/schema.org\",\n            \"@type\": \"Product\",\n            \"mainEntityOfPage\": \"https:\/\/followerninja.com\/da\/soundcloud\/soundcloud-plays-koop\/\",\n            \"url\": \"https:\/\/followerninja.com\/da\/soundcloud\/soundcloud-plays-koop\/\",\n            \"sameAs\": [\n                \"https:\/\/followerninja.com\/da\/?p=548\"\n            ],\n            \"name\": \"Soundcloud Plays\",\n            \"description\": \"&#x27a1;&#xfe0f; Start: Sofort &ndash; 12 Stunden &#x27a1;&#xfe0f; Geschwindigkeit: 20.000\/Tag\",\n            \"aggregateRating\": {\n                \"@id\": \"\/soundcloud\/soundcloud-plays-koop\/#sso\/product\/548\/rating-aggregate\/5\/3\/1\/5\/3\"\n            },\n            \"review\": [\n                {\n                    \"@id\": \"\/soundcloud\/soundcloud-plays-koop\/#sso\/review\/3696\"\n                },\n                {\n                    \"@id\": \"\/soundcloud\/soundcloud-plays-koop\/#sso\/review\/3695\"\n                },\n                {\n                    \"@id\": \"\/soundcloud\/soundcloud-plays-koop\/#sso\/review\/3694\"\n                }\n            ],\n            \"itemCondition\": \"https:\/\/schema.org\/NewCondition\",\n            \"offers\": {\n                \"@context\": \"https:\/\/schema.org\",\n                \"@type\": \"Offer\",\n                \"url\": \"https:\/\/followerninja.com\/da\/soundcloud\/soundcloud-plays-koop\/\",\n                \"name\": \"Soundcloud Plays\",\n                \"description\": \"&#x27a1;&#xfe0f; Start: Sofort &ndash; 12 Stunden &#x27a1;&#xfe0f; Geschwindigkeit: 20.000\/Tag\",\n                \"availability\": \"https:\/\/schema.org\/InStock\",\n                \"itemCondition\": \"https:\/\/schema.org\/NewCondition\",\n                \"price\": \"0.00\",\n                \"priceCurrency\": \"EUR\",\n                \"priceValidUntil\": \"2027-04-10T12:27:01+00:00\",\n                \"priceSpecification\": [\n                    {\n                        \"@context\": \"https:\/\/schema.org\",\n                        \"@type\": \"UnitPriceSpecification\",\n                        \"priceType\": \"https:\/\/schema.org\/ListPrice\",\n                        \"price\": \"0.00\",\n                        \"priceCurrency\": \"EUR\",\n                        \"valueAddedTaxIncluded\": false,\n                        \"validThrough\": \"2026-05-10T12:27:01+00:00\"\n                    }\n                ],\n                \"seller\": {\n                    \"@id\": \"\/#sso\/organization\/site\/org-logo-url\"\n                }\n            }\n        },\n        {\n            \"@id\": \"\/soundcloud\/soundcloud-plays-koop\/#sso\/product\/548\/rating-aggregate\/5\/3\/1\/5\/3\",\n            \"@context\": \"https:\/\/schema.org\",\n            \"@type\": \"AggregateRating\",\n            \"ratingValue\": 5,\n            \"ratingCount\": 3,\n            \"worstRating\": 1,\n            \"bestRating\": 5,\n            \"reviewCount\": 3\n        },\n        {\n            \"@id\": \"\/soundcloud\/soundcloud-plays-koop\/#sso\/review\/3696\",\n            \"@context\": \"https:\/\/schema.org\",\n            \"@type\": \"Review\",\n            \"url\": \"https:\/\/followerninja.com\/da\/soundcloud\/soundcloud-plays-koop\/#comment-3696\",\n            \"dateCreated\": \"2022-11-22T22:00:00+01:00\",\n            \"name\": \"Review by Bryan on november 22, 2022\",\n            \"description\": \"Very well worth the money.\",\n            \"text\": \"Very well worth the money.\",\n            \"reviewRating\": {\n                \"@context\": \"https:\/\/schema.org\",\n                \"@type\": \"Rating\",\n                \"ratingValue\": 5,\n                \"worstRating\": 1,\n                \"bestRating\": 5\n            },\n            \"author\": {\n                \"@context\": \"https:\/\/schema.org\",\n                \"@type\": \"Person\",\n                \"name\": \"Bryan\"\n            }\n        },\n        {\n            \"@id\": \"\/soundcloud\/soundcloud-plays-koop\/#sso\/review\/3695\",\n            \"@context\": \"https:\/\/schema.org\",\n            \"@type\": \"Review\",\n            \"url\": \"https:\/\/followerninja.com\/da\/soundcloud\/soundcloud-plays-koop\/#comment-3695\",\n            \"dateCreated\": \"2022-07-28T04:00:00+02:00\",\n            \"name\": \"Review by Aiden on juli 28, 2022\",\n            \"description\": \"Very fast delivery.\",\n            \"text\": \"Very fast delivery.\",\n            \"reviewRating\": {\n                \"@context\": \"https:\/\/schema.org\",\n                \"@type\": \"Rating\",\n                \"ratingValue\": 5,\n                \"worstRating\": 1,\n                \"bestRating\": 5\n            },\n            \"author\": {\n                \"@context\": \"https:\/\/schema.org\",\n                \"@type\": \"Person\",\n                \"name\": \"Aiden\"\n            }\n        },\n        {\n            \"@id\": \"\/soundcloud\/soundcloud-plays-koop\/#sso\/review\/3694\",\n            \"@context\": \"https:\/\/schema.org\",\n            \"@type\": \"Review\",\n            \"url\": \"https:\/\/followerninja.com\/da\/soundcloud\/soundcloud-plays-koop\/#comment-3694\",\n            \"dateCreated\": \"2022-06-18T16:00:00+02:00\",\n            \"name\": \"Review by Hayden on juni 18, 2022\",\n            \"description\": \"Good quality.\",\n            \"text\": \"Good quality.\",\n            \"reviewRating\": {\n                \"@context\": \"https:\/\/schema.org\",\n                \"@type\": \"Rating\",\n                \"ratingValue\": 5,\n                \"worstRating\": 1,\n                \"bestRating\": 5\n            },\n            \"author\": {\n                \"@context\": \"https:\/\/schema.org\",\n                \"@type\": \"Person\",\n                \"name\": \"Hayden\"\n            }\n        },\n        {\n            \"@id\": \"\/#sso\/organization\/site\/org-logo-url\",\n            \"@context\": \"https:\/\/schema.org\",\n            \"@type\": \"Organization\",\n            \"url\": \"https:\/\/followerninja.com\/da\/\",\n            \"name\": \"Follower Ninja\",\n            \"description\": \"Social Media Follower\",\n            \"image\": [\n                {\n                    \"@id\": \"http:\/\/followerninja.com\/wp-content\/uploads\/2023\/06\/follower-ninja.png#sso\/image-object\"\n                }\n            ],\n            \"logo\": {\n                \"@id\": \"http:\/\/followerninja.com\/wp-content\/uploads\/2023\/06\/follower-ninja.png#sso\/image-object\"\n            }\n        },\n        {\n            \"@id\": \"http:\/\/followerninja.com\/wp-content\/uploads\/2023\/06\/follower-ninja.png#sso\/image-object\",\n            \"@context\": \"https:\/\/schema.org\",\n            \"@type\": \"ImageObject\",\n            \"url\": \"http:\/\/followerninja.com\/wp-content\/uploads\/2023\/06\/follower-ninja.png\",\n            \"width\": [\n                {\n                    \"@id\": \"#sso\/qv-width-px-616\"\n                }\n            ],\n            \"height\": [\n                {\n                    \"@id\": \"#sso\/qv-height-px-282\"\n                }\n            ]\n        },\n        {\n            \"@id\": \"#sso\/qv-width-px-616\",\n            \"@context\": \"https:\/\/schema.org\",\n            \"@type\": \"QuantitativeValue\",\n            \"name\": \"Width\",\n            \"unitText\": \"px\",\n            \"unitCode\": \"E37\",\n            \"value\": \"616\"\n        },\n        {\n            \"@id\": \"#sso\/qv-height-px-282\",\n            \"@context\": \"https:\/\/schema.org\",\n            \"@type\": \"QuantitativeValue\",\n            \"name\": \"Height\",\n            \"unitText\": \"px\",\n            \"unitCode\": \"E37\",\n            \"value\": \"282\"\n        },\n        {\n            \"@id\": \"\/soundcloud\/soundcloud-plays-koop\/#sso\/breadcrumb.list\/soundcloud\",\n            \"@context\": \"https:\/\/schema.org\",\n            \"@type\": \"BreadcrumbList\",\n            \"url\": \"https:\/\/followerninja.com\/da\/soundcloud\/soundcloud-plays-koop\/\",\n            \"itemListElement\": [\n                {\n                    \"@context\": \"https:\/\/schema.org\",\n                    \"@type\": \"ListItem\",\n                    \"position\": 1,\n                    \"name\": \"Home\",\n                    \"item\": \"https:\/\/followerninja.com\/da\/\"\n                },\n                {\n                    \"@context\": \"https:\/\/schema.org\",\n                    \"@type\": \"ListItem\",\n                    \"position\": 2,\n                    \"name\": \"Blog\",\n                    \"item\": \"https:\/\/followerninja.com\/\"\n                },\n                {\n                    \"@context\": \"https:\/\/schema.org\",\n                    \"@type\": \"ListItem\",\n                    \"position\": 3,\n                    \"name\": \"Soundcloud\",\n                    \"item\": \"https:\/\/followerninja.com\/da\/soundcloud\/\"\n                },\n                {\n                    \"@context\": \"https:\/\/schema.org\",\n                    \"@type\": \"ListItem\",\n                    \"position\": 4,\n                    \"name\": \"Soundcloud Plays\",\n                    \"item\": \"https:\/\/followerninja.com\/da\/soundcloud\/soundcloud-plays-koop\/\"\n                }\n            ]\n        }\n    ]\n}<\/script>\n","<meta name=\"wpsso-end\" content=\"wpsso structured data end\"\/>\n","<meta name=\"wpsso-cached\" content=\"2026-04-10T12:27:01+00:00 for followerninja.com\"\/>\n"],"json":[{"@context":"https:\/\/schema.org","@graph":[{"@id":"\/soundcloud\/soundcloud-plays-koop\/#sso\/product\/548","@context":"https:\/\/schema.org","@type":"Product","mainEntityOfPage":"https:\/\/followerninja.com\/da\/soundcloud\/soundcloud-plays-koop\/","url":"https:\/\/followerninja.com\/da\/soundcloud\/soundcloud-plays-koop\/","sameAs":["https:\/\/followerninja.com\/da\/?p=548"],"name":"Soundcloud Plays","description":"&#x27a1;&#xfe0f; Start: Sofort &ndash; 12 Stunden &#x27a1;&#xfe0f; Geschwindigkeit: 20.000\/Tag","aggregateRating":{"@id":"\/soundcloud\/soundcloud-plays-koop\/#sso\/product\/548\/rating-aggregate\/5\/3\/1\/5\/3"},"review":[{"@id":"\/soundcloud\/soundcloud-plays-koop\/#sso\/review\/3696"},{"@id":"\/soundcloud\/soundcloud-plays-koop\/#sso\/review\/3695"},{"@id":"\/soundcloud\/soundcloud-plays-koop\/#sso\/review\/3694"}],"itemCondition":"https:\/\/schema.org\/NewCondition","offers":{"@context":"https:\/\/schema.org","@type":"Offer","url":"https:\/\/followerninja.com\/da\/soundcloud\/soundcloud-plays-koop\/","name":"Soundcloud Plays","description":"&#x27a1;&#xfe0f; Start: Sofort &ndash; 12 Stunden &#x27a1;&#xfe0f; Geschwindigkeit: 20.000\/Tag","availability":"https:\/\/schema.org\/InStock","itemCondition":"https:\/\/schema.org\/NewCondition","price":"0.00","priceCurrency":"EUR","priceValidUntil":"2027-04-10T12:27:01+00:00","priceSpecification":[{"@context":"https:\/\/schema.org","@type":"UnitPriceSpecification","priceType":"https:\/\/schema.org\/ListPrice","price":"0.00","priceCurrency":"EUR","valueAddedTaxIncluded":false,"validThrough":"2026-05-10T12:27:01+00:00"}],"seller":{"@id":"\/#sso\/organization\/site\/org-logo-url"}}},{"@id":"\/soundcloud\/soundcloud-plays-koop\/#sso\/product\/548\/rating-aggregate\/5\/3\/1\/5\/3","@context":"https:\/\/schema.org","@type":"AggregateRating","ratingValue":5,"ratingCount":3,"worstRating":1,"bestRating":5,"reviewCount":3},{"@id":"\/soundcloud\/soundcloud-plays-koop\/#sso\/review\/3696","@context":"https:\/\/schema.org","@type":"Review","url":"https:\/\/followerninja.com\/da\/soundcloud\/soundcloud-plays-koop\/#comment-3696","dateCreated":"2022-11-22T22:00:00+01:00","name":"Review by Bryan on november 22, 2022","description":"Very well worth the money.","text":"Very well worth the money.","reviewRating":{"@context":"https:\/\/schema.org","@type":"Rating","ratingValue":5,"worstRating":1,"bestRating":5},"author":{"@context":"https:\/\/schema.org","@type":"Person","name":"Bryan"}},{"@id":"\/soundcloud\/soundcloud-plays-koop\/#sso\/review\/3695","@context":"https:\/\/schema.org","@type":"Review","url":"https:\/\/followerninja.com\/da\/soundcloud\/soundcloud-plays-koop\/#comment-3695","dateCreated":"2022-07-28T04:00:00+02:00","name":"Review by Aiden on juli 28, 2022","description":"Very fast delivery.","text":"Very fast delivery.","reviewRating":{"@context":"https:\/\/schema.org","@type":"Rating","ratingValue":5,"worstRating":1,"bestRating":5},"author":{"@context":"https:\/\/schema.org","@type":"Person","name":"Aiden"}},{"@id":"\/soundcloud\/soundcloud-plays-koop\/#sso\/review\/3694","@context":"https:\/\/schema.org","@type":"Review","url":"https:\/\/followerninja.com\/da\/soundcloud\/soundcloud-plays-koop\/#comment-3694","dateCreated":"2022-06-18T16:00:00+02:00","name":"Review by Hayden on juni 18, 2022","description":"Good quality.","text":"Good quality.","reviewRating":{"@context":"https:\/\/schema.org","@type":"Rating","ratingValue":5,"worstRating":1,"bestRating":5},"author":{"@context":"https:\/\/schema.org","@type":"Person","name":"Hayden"}},{"@id":"\/#sso\/organization\/site\/org-logo-url","@context":"https:\/\/schema.org","@type":"Organization","url":"https:\/\/followerninja.com\/da\/","name":"Follower Ninja","description":"Social Media Follower","image":[{"@id":"http:\/\/followerninja.com\/wp-content\/uploads\/2023\/06\/follower-ninja.png#sso\/image-object"}],"logo":{"@id":"http:\/\/followerninja.com\/wp-content\/uploads\/2023\/06\/follower-ninja.png#sso\/image-object"}},{"@id":"http:\/\/followerninja.com\/wp-content\/uploads\/2023\/06\/follower-ninja.png#sso\/image-object","@context":"https:\/\/schema.org","@type":"ImageObject","url":"http:\/\/followerninja.com\/wp-content\/uploads\/2023\/06\/follower-ninja.png","width":[{"@id":"#sso\/qv-width-px-616"}],"height":[{"@id":"#sso\/qv-height-px-282"}]},{"@id":"#sso\/qv-width-px-616","@context":"https:\/\/schema.org","@type":"QuantitativeValue","name":"Width","unitText":"px","unitCode":"E37","value":"616"},{"@id":"#sso\/qv-height-px-282","@context":"https:\/\/schema.org","@type":"QuantitativeValue","name":"Height","unitText":"px","unitCode":"E37","value":"282"},{"@id":"\/soundcloud\/soundcloud-plays-koop\/#sso\/breadcrumb.list\/soundcloud","@context":"https:\/\/schema.org","@type":"BreadcrumbList","url":"https:\/\/followerninja.com\/da\/soundcloud\/soundcloud-plays-koop\/","itemListElement":[{"@context":"https:\/\/schema.org","@type":"ListItem","position":1,"name":"Home","item":"https:\/\/followerninja.com\/da\/"},{"@context":"https:\/\/schema.org","@type":"ListItem","position":2,"name":"Blog","item":"https:\/\/followerninja.com\/"},{"@context":"https:\/\/schema.org","@type":"ListItem","position":3,"name":"Soundcloud","item":"https:\/\/followerninja.com\/da\/soundcloud\/"},{"@context":"https:\/\/schema.org","@type":"ListItem","position":4,"name":"Soundcloud Plays","item":"https:\/\/followerninja.com\/da\/soundcloud\/soundcloud-plays-koop\/"}]}]}],"parts":[["meta","name","generator","content","WPSSO Core 21.8.0\/L*","generator:1"],["meta","name","generator","content","WPSSO REST 3.3.0\/S","generator:2"],["meta","name","generator","content","WPSSO BC 5.3.0\/S","generator:3"],["meta","name","generator","content","WPSSO SSM 3.4.0\/S","generator:4"],["meta","name","generator","content","WPSSO UM 7.3.0\/S","generator:5"],["link","rel","shortlink","href","https:\/\/followerninja.com\/da\/?p=548",""],["meta","property","fb:app_id","content","966242223397117",""],["meta","property","og:time","content","2026-04-10T12:27:01+00:00",""],["meta","property","og:type","content","product",""],["meta","property","og:url","content","https:\/\/followerninja.com\/da\/soundcloud\/soundcloud-plays-koop\/",""],["meta","property","og:locale","content","da_DK",""],["meta","property","og:site_name","content","Follower Ninja",""],["meta","property","og:title","content","Soundcloud Plays",""],["meta","property","og:description","content","&#x27a1;&#xfe0f; Start: Sofort &ndash; 12 Stunden &#x27a1;&#xfe0f; Geschwindigkeit: 20.000\/Tag",""],["meta","property","og:updated_time","content","2024-10-04T07:31:45+00:00",""],["meta","name","schema:language","content","da_DK",""],["meta","name","schema:type:id","content","product",""],["meta","name","schema:type:url","content","https:\/\/schema.org\/Product",""],["meta","name","schema:type:context","content","https:\/\/schema.org",""],["meta","name","schema:type:name","content","Product",""],["meta","name","schema:type:path","content","schema.org\/Product",""],["meta","property","product:retailer_item_id","content","548",""],["meta","property","product:url","content","https:\/\/followerninja.com\/da\/soundcloud\/soundcloud-plays-koop\/",""],["meta","property","product:title","content","Soundcloud Plays",""],["meta","property","product:description","content","&#x27a1;&#xfe0f; Start: Sofort &ndash; 12 Stunden &#x27a1;&#xfe0f; Geschwindigkeit: 20.000\/Tag",""],["meta","property","product:updated_time","content","2024-10-04T07:31:45+00:00",""],["meta","property","product:availability","content","in stock",""],["meta","property","product:retailer_category","content","Soundcloud",""],["meta","property","product:condition","content","new",""],["meta","property","product:is_virtual","content","true",""],["meta","property","product:min_advert_price:amount","content","0.00",""],["meta","property","product:min_advert_price:currency","content","EUR",""],["meta","property","product:original_price:type","content","https:\/\/schema.org\/ListPrice",""],["meta","property","product:original_price:amount","content","0.00",""],["meta","property","product:original_price:currency","content","EUR",""],["meta","property","product:pretax_price:amount","content","0.00",""],["meta","property","product:pretax_price:currency","content","EUR",""],["meta","property","product:price:type","content","https:\/\/schema.org\/ListPrice",""],["meta","property","product:price:amount","content","0.00",""],["meta","property","product:price:currency","content","EUR",""],["meta","property","product:price:vat_included","content","false",""],["meta","property","product:rating:average","content","5",""],["meta","property","product:rating:count","content","3",""],["meta","property","product:rating:worst","content","1",""],["meta","property","product:rating:best","content","5",""],["meta","property","product:review:count","content","3",""],["meta","property","article:author:name","content","followerninja",""],["meta","property","article:reading_mins","content","1",""],["meta","name","twitter:domain","content","followerninja.com",""],["meta","name","twitter:title","content","Soundcloud Plays",""],["meta","name","twitter:description","content","&#x27a1;&#xfe0f; Start: Sofort &ndash; 12 Stunden &#x27a1;&#xfe0f; Geschwindigkeit: 20.000\/Tag",""],["meta","name","twitter:card","content","summary",""],["meta","name","twitter:label1","content","Price",""],["meta","name","twitter:data1","content","0.00 EUR",""],["meta","name","twitter:label2","content","Availability",""],["meta","name","twitter:data2","content","In Stock",""]]},"_links":{"self":[{"href":"https:\/\/followerninja.com\/da\/wp-json\/wp\/v2\/product\/548","targetHints":{"allow":["GET"]}}],"collection":[{"href":"https:\/\/followerninja.com\/da\/wp-json\/wp\/v2\/product"}],"about":[{"href":"https:\/\/followerninja.com\/da\/wp-json\/wp\/v2\/types\/product"}],"replies":[{"embeddable":true,"href":"https:\/\/followerninja.com\/da\/wp-json\/wp\/v2\/comments?post=548"}],"wp:featuredmedia":[{"embeddable":true,"href":"https:\/\/followerninja.com\/da\/wp-json\/wp\/v2\/media\/46476"}],"wp:attachment":[{"href":"https:\/\/followerninja.com\/da\/wp-json\/wp\/v2\/media?parent=548"}],"wp:term":[{"taxonomy":"product_brand","embeddable":true,"href":"https:\/\/followerninja.com\/da\/wp-json\/wp\/v2\/product_brand?post=548"},{"taxonomy":"product_cat","embeddable":true,"href":"https:\/\/followerninja.com\/da\/wp-json\/wp\/v2\/product_cat?post=548"},{"taxonomy":"product_tag","embeddable":true,"href":"https:\/\/followerninja.com\/da\/wp-json\/wp\/v2\/product_tag?post=548"}],"curies":[{"name":"wp","href":"https:\/\/api.w.org\/{rel}","templated":true}]}}