{"id":39773,"date":"2022-07-28T15:52:04","date_gmt":"2022-07-28T13:52:04","guid":{"rendered":"http:\/\/followerninja.com\/\/?page_id=39773"},"modified":"2024-05-24T17:21:23","modified_gmt":"2024-05-24T15:21:23","slug":"impressum","status":"publish","type":"page","link":"https:\/\/followerninja.com\/de\/impressum\/","title":{"rendered":"Impressum"},"content":{"rendered":"\t\t<div data-elementor-type=\"wp-page\" data-elementor-id=\"39773\" class=\"elementor elementor-39773\">\n\t\t\t\t\t\t<section class=\"elementor-section elementor-top-section elementor-element elementor-element-54194bed elementor-section-boxed elementor-section-height-default elementor-section-height-default\" data-id=\"54194bed\" data-element_type=\"section\">\n\t\t\t\t\t\t<div class=\"elementor-container elementor-column-gap-default\">\n\t\t\t\t\t<div class=\"elementor-column elementor-col-100 elementor-top-column elementor-element elementor-element-3ac5fd32\" data-id=\"3ac5fd32\" data-element_type=\"column\">\n\t\t\t<div class=\"elementor-widget-wrap elementor-element-populated\">\n\t\t\t\t\t\t<div class=\"elementor-element elementor-element-5f094e2 elementor-widget elementor-widget-spacer\" data-id=\"5f094e2\" data-element_type=\"widget\" data-widget_type=\"spacer.default\">\n\t\t\t\t<div class=\"elementor-widget-container\">\n\t\t\t\t\t\t\t<div class=\"elementor-spacer\">\n\t\t\t<div class=\"elementor-spacer-inner\"><\/div>\n\t\t<\/div>\n\t\t\t\t\t\t<\/div>\n\t\t\t\t<\/div>\n\t\t\t\t<div class=\"elementor-element elementor-element-5f1f72d5 elementor-widget elementor-widget-text-editor\" data-id=\"5f1f72d5\" data-element_type=\"widget\" data-widget_type=\"text-editor.default\">\n\t\t\t\t<div class=\"elementor-widget-container\">\n\t\t\t\t\t\t\t\t\t<p>Impressum<br \/>Angaben gem\u00e4\u00df \u00a7 5 TMG und \u00a7 18 des Medienstaatsvertrags (MStV)<\/p><p>Patrox UG<br \/>Tonndorfer Hauptstra\u00dfe 174<br \/>22045 Hamburg<br \/>Deutschland<\/p><p>Gesch\u00e4ftsf\u00fchrung\/Verantwortlicher:<br \/>Patrick Torben Bimber<\/p><p>1. Kontakt<br \/>E-Mail: support@followerninja.com<\/p><p><span style=\"font-style: inherit; font-weight: inherit; background-color: var(--ast-global-color-5); color: var(--ast-global-color-3);\">2. Umsatzsteuer-ID<\/span><\/p><p>Umsatzsteuer-Identifikationsnummer gem\u00e4\u00df \u00a7 27a Umsatzsteuergesetz:<br \/>DE345839413<\/p><p>3. Registerdaten<br \/>Registernummer: HRB 173297<br \/>Amtsgericht: Hamburg<\/p><p>4. EU-Streitschlichtung<br \/>Die Europ\u00e4ische Kommission stellt eine Plattform zur Online-Streitbeilegung (OS) bereit: https:\/\/ec.europa.eu\/consumers\/odr. Wir sind weder verpflichtet noch bereit, an Streitbeilegungsverfahren vor einer Verbraucherschlichtungsstelle teilzunehmen.<\/p><p>5. Haftung f\u00fcr Inhalte<br \/>Als Diensteanbieter sind wir gem\u00e4\u00df \u00a7 7 Abs.1 TMG f\u00fcr eigene Inhalte auf unseren Internetpr\u00e4senzen verantwortlich. Nach \u00a7\u00a7 8 bis 10 TMG sind wir jedoch nicht verpflichtet, \u00fcbermittelte oder gespeicherte fremde Informationen zu \u00fcberwachen oder nach Umst\u00e4nden zu forschen, die auf eine rechtswidrige T\u00e4tigkeit hinweisen.<\/p><p>Verpflichtungen zur Entfernung oder Sperrung der Nutzung von Informationen nach den allgemeinen Gesetzen bleiben hiervon unber\u00fchrt. Eine diesbez\u00fcgliche Haftung ist jedoch erst ab dem Zeitpunkt der Kenntnis einer konkreten Rechtsverletzung m\u00f6glich. Bei Bekanntwerden von entsprechenden Rechtsverletzungen werden wir diese Inhalte umgehend entfernen.<\/p><p>Wir weisen ausdr\u00fccklich darauf hin, dass wir keines der Sozialen Netzwerke, die Gegenstand unserer Dienstleistungen sind, vertreten.<\/p><p>Wir bekennen uns zur Gleichberechtigung. Wo Inhalte auf den von Patrox UG betriebenen Internetpr\u00e4senzen den m\u00e4nnlichen Begriff anf\u00fchren, geschieht dies ausschlie\u00dflich zum Zwecke der besseren Lesbarkeit und Verst\u00e4ndlichkeit.<\/p><p>6. Haftung f\u00fcr Links<br \/>Unser Angebot enth\u00e4lt Links zu externen Websites Dritter, auf deren Inhalte wir keinen Einfluss haben. Deshalb k\u00f6nnen wir f\u00fcr diese fremden Inhalte auch keine Gew\u00e4hr \u00fcbernehmen. F\u00fcr die Inhalte der verlinkten Seiten ist stets der jeweilige Anbieter oder Betreiber der Seiten verantwortlich. Die verlinkten Seiten wurden zum Zeitpunkt der Verlinkung auf m\u00f6gliche Rechtsverst\u00f6\u00dfe \u00fcberpr\u00fcft. Rechtswidrige Inhalte waren zum Zeitpunkt der Verlinkung nicht erkennbar.<\/p><p>Eine permanente inhaltliche Kontrolle der verlinkten Seiten ist jedoch ohne konkrete Anhaltspunkte einer Rechtsverletzung nicht zumutbar. Bei Bekanntwerden von Rechtsverletzungen werden wir derartige Links umgehend entfernen.<\/p><p>7. Urheberrecht<br \/>Die durch die Seitenbetreiber erstellten Inhalte und Werke auf diesen Seiten unterliegen dem deutschen Urheberrecht. Die Vervielf\u00e4ltigung, Bearbeitung, Verbreitung und jede Art der Verwertung au\u00dferhalb der Grenzen des Urheberrechtes bed\u00fcrfen der schriftlichen Zustimmung des jeweiligen Autors bzw. Erstellers. Downloads und Kopien dieser Seite sind nur f\u00fcr den privaten, nicht kommerziellen Gebrauch gestattet.<\/p><p>Soweit die Inhalte auf dieser Seite nicht vom Betreiber selbst erstellt wurden, werden die Urheberrechte Dritter beachtet. Insbesondere werden Inhalte Dritter als solche gekennzeichnet. Sollten Sie trotzdem auf eine Urheberrechtsverletzung aufmerksam werden, bitten wir um einen entsprechenden Hinweis. Bei Bekanntwerden von Rechtsverletzungen werden wir derartige Inhalte umgehend entfernen. Bitte wenden Sie sich an info@followerninja.com, wenn Sie einen Urheberrechtsversto\u00df vermuten.<\/p>\t\t\t\t\t\t\t\t<\/div>\n\t\t\t\t<\/div>\n\t\t\t\t\t<\/div>\n\t\t<\/div>\n\t\t\t\t\t<\/div>\n\t\t<\/section>\n\t\t\t\t<\/div>\n\t\t","protected":false},"excerpt":{"rendered":"","protected":false},"author":1,"featured_media":0,"parent":0,"menu_order":0,"comment_status":"closed","ping_status":"closed","template":"","meta":{"_acf_changed":false,"footnotes":""},"class_list":["post-39773","page","type-page","status-publish","hentry"],"acf":[],"jetpack_sharing_enabled":true,"head":{"html":["<meta name=\"wpsso-begin\" content=\"wpsso structured data begin\"\/>\n","<!-- generator:1 --><meta name=\"generator\" content=\"WPSSO Core 21.8.0\/L*\"\/>\n","<!-- generator:2 --><meta name=\"generator\" content=\"WPSSO REST 3.3.0\/S\"\/>\n","<!-- generator:3 --><meta name=\"generator\" content=\"WPSSO BC 5.3.0\/S\"\/>\n","<!-- generator:4 --><meta name=\"generator\" content=\"WPSSO SSM 3.4.0\/S\"\/>\n","<!-- generator:5 --><meta name=\"generator\" content=\"WPSSO UM 7.3.0\/S\"\/>\n","<link rel=\"shortlink\" href=\"https:\/\/followerninja.com\/de\/?p=39773\"\/>\n","<meta property=\"fb:app_id\" content=\"966242223397117\"\/>\n","<meta property=\"og:type\" content=\"article\"\/>\n","<meta property=\"og:url\" content=\"https:\/\/followerninja.com\/de\/impressum\/\"\/>\n","<meta property=\"og:locale\" content=\"de_DE\"\/>\n","<meta property=\"og:site_name\" content=\"Follower Ninja\"\/>\n","<meta property=\"og:title\" content=\"Impressum\"\/>\n","<meta property=\"og:description\" content=\"ImpressumAngaben gem&auml;&szlig; &sect; 5 TMG und &sect; 18 des Medienstaatsvertrags (MStV) Patrox UGTonndorfer Hauptstra&szlig;e 17422045 HamburgDeutschland Gesch&auml;ftsf&uuml;hrung\/Verantwortlicher:Patrick Torben Bimber 1. KontaktE-Mail: support@followerninja.com 2. Umsatzsteuer-ID Umsatzsteuer-Identifikationsnummer gem&auml;&szlig; &sect;...\"\/>\n","<meta property=\"og:updated_time\" content=\"2024-05-24T15:21:23+00:00\"\/>\n","<meta property=\"article:published_time\" content=\"2022-07-28T13:52:04+00:00\"\/>\n","<meta property=\"article:modified_time\" content=\"2024-05-24T15:21:23+00:00\"\/>\n","<meta name=\"twitter:domain\" content=\"followerninja.com\"\/>\n","<meta name=\"twitter:title\" content=\"Impressum\"\/>\n","<meta name=\"twitter:description\" content=\"ImpressumAngaben gem&auml;&szlig; &sect; 5 TMG und &sect; 18 des Medienstaatsvertrags (MStV) Patrox UGTonndorfer Hauptstra&szlig;e 17422045 HamburgDeutschland Gesch&auml;ftsf&uuml;hrung\/Verantwortlicher:Patrick Torben Bimber 1...\"\/>\n","<meta name=\"twitter:card\" content=\"summary\"\/>\n","<meta name=\"twitter:label1\" content=\"Written by\"\/>\n","<meta name=\"twitter:data1\" content=\"followerninja\"\/>\n","<meta name=\"twitter:label2\" content=\"Est. reading time\"\/>\n","<meta name=\"twitter:data2\" content=\"2 minutes\"\/>\n","<meta name=\"author\" content=\"followerninja\"\/>\n","<script type=\"application\/ld+json\" id=\"wpsso-schema-graph\">{\n    \"@context\": \"https:\/\/schema.org\",\n    \"@graph\": [\n        {\n            \"@id\": \"\/impressum\/#sso\/article\/39773\",\n            \"@context\": \"https:\/\/schema.org\",\n            \"@type\": \"Article\",\n            \"mainEntityOfPage\": \"https:\/\/followerninja.com\/de\/impressum\/\",\n            \"url\": \"https:\/\/followerninja.com\/de\/impressum\/\",\n            \"sameAs\": [\n                \"https:\/\/followerninja.com\/de\/?p=39773\"\n            ],\n            \"name\": \"Impressum\",\n            \"description\": \"ImpressumAngaben gem&auml;&szlig; &sect; 5 TMG und &sect; 18 des Medienstaatsvertrags (MStV) Patrox UGTonndorfer Hauptstra&szlig;e 17422045 HamburgDeutschland Gesch&auml;ftsf&uuml;hrung\/Verantwortlicher:Patrick Torben Bimber 1. KontaktE-Mail: support@followerninja.com 2. Umsatzsteuer-ID Umsatzsteuer-Identifikationsnummer gem&auml;&szlig; &sect;...\",\n            \"publisher\": [\n                {\n                    \"@id\": \"\/#sso\/organization\/site\/org-banner-url\"\n                }\n            ],\n            \"headline\": \"Impressum\",\n            \"inLanguage\": \"de_DE\",\n            \"datePublished\": \"2022-07-28T13:52:04+00:00\",\n            \"dateModified\": \"2024-05-24T15:21:23+00:00\",\n            \"author\": {\n                \"@id\": \"\/2e72a73da26f5ecf76d0f7e504a75871#sso\/person\"\n            },\n            \"timeRequired\": \"PT2M\",\n            \"speakable\": {\n                \"@context\": \"https:\/\/schema.org\",\n                \"@type\": \"SpeakableSpecification\",\n                \"cssSelector\": [\n                    \".wp-block-post-title\",\n                    \".speakable\"\n                ]\n            }\n        },\n        {\n            \"@id\": \"\/#sso\/organization\/site\/org-banner-url\",\n            \"@context\": \"https:\/\/schema.org\",\n            \"@type\": \"Organization\",\n            \"url\": \"https:\/\/followerninja.com\/de\/\",\n            \"name\": \"Follower Ninja\",\n            \"description\": \"Social Media Follower\",\n            \"image\": [\n                {\n                    \"@id\": \"http:\/\/followerninja.com\/wp-content\/uploads\/2021\/01\/instagram-1.png#sso\/image-object\"\n                }\n            ],\n            \"logo\": {\n                \"@id\": \"http:\/\/followerninja.com\/wp-content\/uploads\/2021\/01\/instagram-1.png#sso\/image-object\"\n            },\n            \"sameAs\": [\n                \"https:\/\/www.instagram.com\/followerninjacom\/\",\n                \"https:\/\/www.linkedin.com\/in\/melanie-loescher\/\"\n            ]\n        },\n        {\n            \"@id\": \"http:\/\/followerninja.com\/wp-content\/uploads\/2021\/01\/instagram-1.png#sso\/image-object\",\n            \"@context\": \"https:\/\/schema.org\",\n            \"@type\": \"ImageObject\",\n            \"url\": \"http:\/\/followerninja.com\/wp-content\/uploads\/2021\/01\/instagram-1.png\",\n            \"width\": [\n                {\n                    \"@id\": \"#sso\/qv-width-px-512\"\n                }\n            ],\n            \"height\": [\n                {\n                    \"@id\": \"#sso\/qv-height-px-512\"\n                }\n            ]\n        },\n        {\n            \"@id\": \"#sso\/qv-width-px-512\",\n            \"@context\": \"https:\/\/schema.org\",\n            \"@type\": \"QuantitativeValue\",\n            \"name\": \"Width\",\n            \"unitText\": \"px\",\n            \"unitCode\": \"E37\",\n            \"value\": \"512\"\n        },\n        {\n            \"@id\": \"#sso\/qv-height-px-512\",\n            \"@context\": \"https:\/\/schema.org\",\n            \"@type\": \"QuantitativeValue\",\n            \"name\": \"Height\",\n            \"unitText\": \"px\",\n            \"unitCode\": \"E37\",\n            \"value\": \"512\"\n        },\n        {\n            \"@id\": \"\/2e72a73da26f5ecf76d0f7e504a75871#sso\/person\",\n            \"@context\": \"https:\/\/schema.org\",\n            \"@type\": \"Person\",\n            \"url\": \"http:\/\/followerninja.com\/\",\n            \"name\": \"followerninja\",\n            \"givenName\": \"Nami\",\n            \"familyName\": \"Shams\",\n            \"description\": \"Follower Ninja - Social Media Profis\",\n            \"image\": [\n                {\n                    \"@id\": \"https:\/\/secure.gravatar.com\/avatar\/51fd3ca1505ce8c9465a64104b9d54df.jpg?d=mp&s=1200#sso\/image-object\"\n                }\n            ]\n        },\n        {\n            \"@id\": \"https:\/\/secure.gravatar.com\/avatar\/51fd3ca1505ce8c9465a64104b9d54df.jpg?d=mp&s=1200#sso\/image-object\",\n            \"@context\": \"https:\/\/schema.org\",\n            \"@type\": \"ImageObject\",\n            \"url\": \"https:\/\/secure.gravatar.com\/avatar\/51fd3ca1505ce8c9465a64104b9d54df.jpg?d=mp&s=1200\",\n            \"width\": [\n                {\n                    \"@id\": \"#sso\/qv-width-px-1200\"\n                }\n            ],\n            \"height\": [\n                {\n                    \"@id\": \"#sso\/qv-height-px-1200\"\n                }\n            ]\n        },\n        {\n            \"@id\": \"#sso\/qv-width-px-1200\",\n            \"@context\": \"https:\/\/schema.org\",\n            \"@type\": \"QuantitativeValue\",\n            \"name\": \"Width\",\n            \"unitText\": \"px\",\n            \"unitCode\": \"E37\",\n            \"value\": \"1200\"\n        },\n        {\n            \"@id\": \"#sso\/qv-height-px-1200\",\n            \"@context\": \"https:\/\/schema.org\",\n            \"@type\": \"QuantitativeValue\",\n            \"name\": \"Height\",\n            \"unitText\": \"px\",\n            \"unitCode\": \"E37\",\n            \"value\": \"1200\"\n        },\n        {\n            \"@id\": \"\/impressum\/#sso\/breadcrumb-list\/39773\",\n            \"@context\": \"https:\/\/schema.org\",\n            \"@type\": \"BreadcrumbList\",\n            \"url\": \"https:\/\/followerninja.com\/de\/impressum\/\",\n            \"itemListElement\": [\n                {\n                    \"@context\": \"https:\/\/schema.org\",\n                    \"@type\": \"ListItem\",\n                    \"position\": 1,\n                    \"name\": \"Home\",\n                    \"item\": \"https:\/\/followerninja.com\/de\/\"\n                },\n                {\n                    \"@context\": \"https:\/\/schema.org\",\n                    \"@type\": \"ListItem\",\n                    \"position\": 2,\n                    \"name\": \"Blog\",\n                    \"item\": \"https:\/\/followerninja.com\/\"\n                },\n                {\n                    \"@context\": \"https:\/\/schema.org\",\n                    \"@type\": \"ListItem\",\n                    \"position\": 3,\n                    \"name\": \"Impressum\",\n                    \"item\": \"https:\/\/followerninja.com\/de\/impressum\/\"\n                }\n            ]\n        }\n    ]\n}<\/script>\n","<meta name=\"wpsso-end\" content=\"wpsso structured data end\"\/>\n","<meta name=\"wpsso-cached\" content=\"2026-04-05T14:11:10+00:00 for followerninja.com\"\/>\n"],"json":[{"@context":"https:\/\/schema.org","@graph":[{"@id":"\/impressum\/#sso\/article\/39773","@context":"https:\/\/schema.org","@type":"Article","mainEntityOfPage":"https:\/\/followerninja.com\/de\/impressum\/","url":"https:\/\/followerninja.com\/de\/impressum\/","sameAs":["https:\/\/followerninja.com\/de\/?p=39773"],"name":"Impressum","description":"ImpressumAngaben gem&auml;&szlig; &sect; 5 TMG und &sect; 18 des Medienstaatsvertrags (MStV) Patrox UGTonndorfer Hauptstra&szlig;e 17422045 HamburgDeutschland Gesch&auml;ftsf&uuml;hrung\/Verantwortlicher:Patrick Torben Bimber 1. KontaktE-Mail: support@followerninja.com 2. Umsatzsteuer-ID Umsatzsteuer-Identifikationsnummer gem&auml;&szlig; &sect;...","publisher":[{"@id":"\/#sso\/organization\/site\/org-banner-url"}],"headline":"Impressum","inLanguage":"de_DE","datePublished":"2022-07-28T13:52:04+00:00","dateModified":"2024-05-24T15:21:23+00:00","author":{"@id":"\/2e72a73da26f5ecf76d0f7e504a75871#sso\/person"},"timeRequired":"PT2M","speakable":{"@context":"https:\/\/schema.org","@type":"SpeakableSpecification","cssSelector":[".wp-block-post-title",".speakable"]}},{"@id":"\/#sso\/organization\/site\/org-banner-url","@context":"https:\/\/schema.org","@type":"Organization","url":"https:\/\/followerninja.com\/de\/","name":"Follower Ninja","description":"Social Media Follower","image":[{"@id":"http:\/\/followerninja.com\/wp-content\/uploads\/2021\/01\/instagram-1.png#sso\/image-object"}],"logo":{"@id":"http:\/\/followerninja.com\/wp-content\/uploads\/2021\/01\/instagram-1.png#sso\/image-object"},"sameAs":["https:\/\/www.instagram.com\/followerninjacom\/","https:\/\/www.linkedin.com\/in\/melanie-loescher\/"]},{"@id":"http:\/\/followerninja.com\/wp-content\/uploads\/2021\/01\/instagram-1.png#sso\/image-object","@context":"https:\/\/schema.org","@type":"ImageObject","url":"http:\/\/followerninja.com\/wp-content\/uploads\/2021\/01\/instagram-1.png","width":[{"@id":"#sso\/qv-width-px-512"}],"height":[{"@id":"#sso\/qv-height-px-512"}]},{"@id":"#sso\/qv-width-px-512","@context":"https:\/\/schema.org","@type":"QuantitativeValue","name":"Width","unitText":"px","unitCode":"E37","value":"512"},{"@id":"#sso\/qv-height-px-512","@context":"https:\/\/schema.org","@type":"QuantitativeValue","name":"Height","unitText":"px","unitCode":"E37","value":"512"},{"@id":"\/2e72a73da26f5ecf76d0f7e504a75871#sso\/person","@context":"https:\/\/schema.org","@type":"Person","url":"http:\/\/followerninja.com\/","name":"followerninja","givenName":"Nami","familyName":"Shams","description":"Follower Ninja - Social Media Profis","image":[{"@id":"https:\/\/secure.gravatar.com\/avatar\/51fd3ca1505ce8c9465a64104b9d54df.jpg?d=mp&s=1200#sso\/image-object"}]},{"@id":"https:\/\/secure.gravatar.com\/avatar\/51fd3ca1505ce8c9465a64104b9d54df.jpg?d=mp&s=1200#sso\/image-object","@context":"https:\/\/schema.org","@type":"ImageObject","url":"https:\/\/secure.gravatar.com\/avatar\/51fd3ca1505ce8c9465a64104b9d54df.jpg?d=mp&s=1200","width":[{"@id":"#sso\/qv-width-px-1200"}],"height":[{"@id":"#sso\/qv-height-px-1200"}]},{"@id":"#sso\/qv-width-px-1200","@context":"https:\/\/schema.org","@type":"QuantitativeValue","name":"Width","unitText":"px","unitCode":"E37","value":"1200"},{"@id":"#sso\/qv-height-px-1200","@context":"https:\/\/schema.org","@type":"QuantitativeValue","name":"Height","unitText":"px","unitCode":"E37","value":"1200"},{"@id":"\/impressum\/#sso\/breadcrumb-list\/39773","@context":"https:\/\/schema.org","@type":"BreadcrumbList","url":"https:\/\/followerninja.com\/de\/impressum\/","itemListElement":[{"@context":"https:\/\/schema.org","@type":"ListItem","position":1,"name":"Home","item":"https:\/\/followerninja.com\/de\/"},{"@context":"https:\/\/schema.org","@type":"ListItem","position":2,"name":"Blog","item":"https:\/\/followerninja.com\/"},{"@context":"https:\/\/schema.org","@type":"ListItem","position":3,"name":"Impressum","item":"https:\/\/followerninja.com\/de\/impressum\/"}]}]}],"parts":[["meta","name","generator","content","WPSSO Core 21.8.0\/L*","generator:1"],["meta","name","generator","content","WPSSO REST 3.3.0\/S","generator:2"],["meta","name","generator","content","WPSSO BC 5.3.0\/S","generator:3"],["meta","name","generator","content","WPSSO SSM 3.4.0\/S","generator:4"],["meta","name","generator","content","WPSSO UM 7.3.0\/S","generator:5"],["link","rel","shortlink","href","https:\/\/followerninja.com\/de\/?p=39773",""],["meta","property","fb:app_id","content","966242223397117",""],["meta","property","og:time","content","2026-04-05T14:11:10+00:00",""],["meta","property","og:type","content","article",""],["meta","property","og:url","content","https:\/\/followerninja.com\/de\/impressum\/",""],["meta","property","og:locale","content","de_DE",""],["meta","property","og:site_name","content","Follower Ninja",""],["meta","property","og:title","content","Impressum",""],["meta","property","og:description","content","ImpressumAngaben gem&auml;&szlig; &sect; 5 TMG und &sect; 18 des Medienstaatsvertrags (MStV) Patrox UGTonndorfer Hauptstra&szlig;e 17422045 HamburgDeutschland Gesch&auml;ftsf&uuml;hrung\/Verantwortlicher:Patrick Torben Bimber 1. KontaktE-Mail: support@followerninja.com 2. Umsatzsteuer-ID Umsatzsteuer-Identifikationsnummer gem&auml;&szlig; &sect;...",""],["meta","property","og:updated_time","content","2024-05-24T15:21:23+00:00",""],["meta","name","schema:language","content","de_DE",""],["meta","name","schema:type:id","content","article",""],["meta","name","schema:type:url","content","https:\/\/schema.org\/Article",""],["meta","name","schema:type:context","content","https:\/\/schema.org",""],["meta","name","schema:type:name","content","Article",""],["meta","name","schema:type:path","content","schema.org\/Article",""],["meta","property","article:author:name","content","followerninja",""],["meta","property","article:published_time","content","2022-07-28T13:52:04+00:00",""],["meta","property","article:modified_time","content","2024-05-24T15:21:23+00:00",""],["meta","property","article:reading_mins","content","2",""],["meta","name","twitter:domain","content","followerninja.com",""],["meta","name","twitter:title","content","Impressum",""],["meta","name","twitter:description","content","ImpressumAngaben gem&auml;&szlig; &sect; 5 TMG und &sect; 18 des Medienstaatsvertrags (MStV) Patrox UGTonndorfer Hauptstra&szlig;e 17422045 HamburgDeutschland Gesch&auml;ftsf&uuml;hrung\/Verantwortlicher:Patrick Torben Bimber 1...",""],["meta","name","twitter:card","content","summary",""],["meta","name","twitter:label1","content","Written by",""],["meta","name","twitter:data1","content","followerninja",""],["meta","name","twitter:label2","content","Est. reading time",""],["meta","name","twitter:data2","content","2 minutes",""],["meta","name","author","content","followerninja",""]]},"_links":{"self":[{"href":"https:\/\/followerninja.com\/de\/wp-json\/wp\/v2\/pages\/39773","targetHints":{"allow":["GET"]}}],"collection":[{"href":"https:\/\/followerninja.com\/de\/wp-json\/wp\/v2\/pages"}],"about":[{"href":"https:\/\/followerninja.com\/de\/wp-json\/wp\/v2\/types\/page"}],"author":[{"embeddable":true,"href":"https:\/\/followerninja.com\/de\/wp-json\/wp\/v2\/users\/1"}],"replies":[{"embeddable":true,"href":"https:\/\/followerninja.com\/de\/wp-json\/wp\/v2\/comments?post=39773"}],"version-history":[{"count":6,"href":"https:\/\/followerninja.com\/de\/wp-json\/wp\/v2\/pages\/39773\/revisions"}],"predecessor-version":[{"id":49114,"href":"https:\/\/followerninja.com\/de\/wp-json\/wp\/v2\/pages\/39773\/revisions\/49114"}],"wp:attachment":[{"href":"https:\/\/followerninja.com\/de\/wp-json\/wp\/v2\/media?parent=39773"}],"curies":[{"name":"wp","href":"https:\/\/api.w.org\/{rel}","templated":true}]}}