{"id":42125,"date":"2022-09-29T21:04:24","date_gmt":"2022-09-29T19:04:24","guid":{"rendered":"http:\/\/followerninja.com\/\/zahlungsweisen\/"},"modified":"2022-12-30T14:32:46","modified_gmt":"2022-12-30T13:32:46","slug":"zahlungsweisen","status":"publish","type":"page","link":"https:\/\/followerninja.com\/de\/zahlungsweisen\/","title":{"rendered":"Zahlungsweisen"},"content":{"rendered":"\n<p><strong>Zahlungsarten<\/strong><\/p>\n<p>Wir bieten Ihnen folgende Zahlungsarten an. Suchen Sie sich einfach die f\u00fcr Sie optimale Zahlart aus. Die Versandkosten sind teilweise abh\u00e4ngig von der gew\u00e4hlten Zahlungsart. Die in den jeweiligen Angeboten angef\u00fchrten Preise stellen Endpreise dar. Sie beinhalten alle Preisbestandteile einschlie\u00dflich etwaig anfallender Steuern wie Mehrwertsteuer. Nur bei grenz\u00fcberschreitender Lieferung k\u00f6nnen im Einzelfall weitere Steuern (z.B. im Falle eines innergemeinschaftlichen Erwerbs) und\/oder Abgaben (z.B. Z\u00f6lle) von Ihnen zu zahlen sein, jedoch nicht an den Verk\u00e4ufer, sondern an die dort zust\u00e4ndigen Zoll- bzw. Steuerbeh\u00f6rden. Die anfallenden Liefer- und Versandkosten sind nicht im Kaufpreis enthalten, sie sind \u00fcber die Seite \u201eVersandkosten\u201c aufrufbar, werden im Laufe des Bestellvorganges gesondert ausgewiesen und sind von Ihnen zus\u00e4tzlich zu tragen.<\/p>\n<p><strong><em>Lastschrift<\/em><\/strong><\/p>\n<p>Wir ziehen den Rechnungsbetrag Ihrer Bestellung von Ihrem hinterlegten Bankkonto nach der get\u00e4tigten Bestellung ein.\u00a0<\/p>\n<p><strong><em>Auf Rechnung<\/em><\/strong><br \/>Einfach bestellen und im Anschlu\u00df erst bezahlen.\u00a0<\/p>\n<p><strong><em>Kreditkarte<\/em><\/strong><\/p>\n<p>Zahlen Sie ganz einfach per Kreditkarte.<\/p>\n<p>\u00a0<\/p>\n\n","protected":false},"excerpt":{"rendered":"","protected":false},"author":1,"featured_media":0,"parent":0,"menu_order":0,"comment_status":"closed","ping_status":"closed","template":"","meta":{"_acf_changed":false,"footnotes":""},"class_list":["post-42125","page","type-page","status-publish","hentry"],"acf":[],"jetpack_sharing_enabled":true,"head":{"html":["<meta name=\"wpsso-begin\" content=\"wpsso structured data begin\"\/>\n","<!-- generator:1 --><meta name=\"generator\" content=\"WPSSO Core 21.8.0\/L*\"\/>\n","<!-- generator:2 --><meta name=\"generator\" content=\"WPSSO REST 3.3.0\/S\"\/>\n","<!-- generator:3 --><meta name=\"generator\" content=\"WPSSO BC 5.3.0\/S\"\/>\n","<!-- generator:4 --><meta name=\"generator\" content=\"WPSSO SSM 3.4.0\/S\"\/>\n","<!-- generator:5 --><meta name=\"generator\" content=\"WPSSO UM 7.3.0\/S\"\/>\n","<link rel=\"shortlink\" href=\"https:\/\/followerninja.com\/de\/?p=42125\"\/>\n","<meta property=\"fb:app_id\" content=\"966242223397117\"\/>\n","<meta property=\"og:type\" content=\"article\"\/>\n","<meta property=\"og:url\" content=\"https:\/\/followerninja.com\/de\/zahlungsweisen\/\"\/>\n","<meta property=\"og:locale\" content=\"de_DE\"\/>\n","<meta property=\"og:site_name\" content=\"Follower Ninja\"\/>\n","<meta property=\"og:title\" content=\"Zahlungsweisen\"\/>\n","<meta property=\"og:description\" content=\"Zahlungsarten Wir bieten Ihnen folgende Zahlungsarten an. Suchen Sie sich einfach die f&uuml;r Sie optimale Zahlart aus. Die Versandkosten sind teilweise abh&auml;ngig von der gew&auml;hlten Zahlungsart. Die in den jeweiligen Angeboten angef&uuml;hrten Preise stellen Endpreise dar. Sie beinhalten alle...\"\/>\n","<meta property=\"og:updated_time\" content=\"2022-12-30T13:32:46+00:00\"\/>\n","<meta property=\"article:published_time\" content=\"2022-09-29T19:04:24+00:00\"\/>\n","<meta property=\"article:modified_time\" content=\"2022-12-30T13:32:46+00:00\"\/>\n","<meta name=\"twitter:domain\" content=\"followerninja.com\"\/>\n","<meta name=\"twitter:title\" content=\"Zahlungsweisen\"\/>\n","<meta name=\"twitter:description\" content=\"Zahlungsarten Wir bieten Ihnen folgende Zahlungsarten an. Suchen Sie sich einfach die f&uuml;r Sie optimale Zahlart aus. Die Versandkosten sind teilweise abh&auml;ngig von der gew&auml;hlten Zahlungsart. Die in...\"\/>\n","<meta name=\"twitter:card\" content=\"summary\"\/>\n","<meta name=\"twitter:label1\" content=\"Written by\"\/>\n","<meta name=\"twitter:data1\" content=\"followerninja\"\/>\n","<meta name=\"twitter:label2\" content=\"Est. reading time\"\/>\n","<meta name=\"twitter:data2\" content=\"1 minute\"\/>\n","<meta name=\"author\" content=\"followerninja\"\/>\n","<script type=\"application\/ld+json\" id=\"wpsso-schema-graph\">{\n    \"@context\": \"https:\/\/schema.org\",\n    \"@graph\": [\n        {\n            \"@id\": \"\/zahlungsweisen\/#sso\/article\/42125\",\n            \"@context\": \"https:\/\/schema.org\",\n            \"@type\": \"Article\",\n            \"mainEntityOfPage\": \"https:\/\/followerninja.com\/de\/zahlungsweisen\/\",\n            \"url\": \"https:\/\/followerninja.com\/de\/zahlungsweisen\/\",\n            \"sameAs\": [\n                \"https:\/\/followerninja.com\/de\/?p=42125\"\n            ],\n            \"name\": \"Zahlungsweisen\",\n            \"description\": \"Zahlungsarten Wir bieten Ihnen folgende Zahlungsarten an. Suchen Sie sich einfach die f&uuml;r Sie optimale Zahlart aus. Die Versandkosten sind teilweise abh&auml;ngig von der gew&auml;hlten Zahlungsart. Die in den jeweiligen Angeboten angef&uuml;hrten Preise stellen Endpreise dar. Sie beinhalten alle...\",\n            \"publisher\": [\n                {\n                    \"@id\": \"\/#sso\/organization\/site\/org-banner-url\"\n                }\n            ],\n            \"headline\": \"Zahlungsweisen\",\n            \"inLanguage\": \"de_DE\",\n            \"datePublished\": \"2022-09-29T19:04:24+00:00\",\n            \"dateModified\": \"2022-12-30T13:32:46+00:00\",\n            \"author\": {\n                \"@id\": \"\/2e72a73da26f5ecf76d0f7e504a75871#sso\/person\"\n            },\n            \"timeRequired\": \"PT1M\",\n            \"speakable\": {\n                \"@context\": \"https:\/\/schema.org\",\n                \"@type\": \"SpeakableSpecification\",\n                \"cssSelector\": [\n                    \".wp-block-post-title\",\n                    \".speakable\"\n                ]\n            }\n        },\n        {\n            \"@id\": \"\/#sso\/organization\/site\/org-banner-url\",\n            \"@context\": \"https:\/\/schema.org\",\n            \"@type\": \"Organization\",\n            \"url\": \"https:\/\/followerninja.com\/de\/\",\n            \"name\": \"Follower Ninja\",\n            \"description\": \"Social Media Follower\",\n            \"image\": [\n                {\n                    \"@id\": \"http:\/\/followerninja.com\/wp-content\/uploads\/2021\/01\/instagram-1.png#sso\/image-object\"\n                }\n            ],\n            \"logo\": {\n                \"@id\": \"http:\/\/followerninja.com\/wp-content\/uploads\/2021\/01\/instagram-1.png#sso\/image-object\"\n            },\n            \"sameAs\": [\n                \"https:\/\/www.instagram.com\/followerninjacom\/\",\n                \"https:\/\/www.linkedin.com\/in\/melanie-loescher\/\"\n            ]\n        },\n        {\n            \"@id\": \"http:\/\/followerninja.com\/wp-content\/uploads\/2021\/01\/instagram-1.png#sso\/image-object\",\n            \"@context\": \"https:\/\/schema.org\",\n            \"@type\": \"ImageObject\",\n            \"url\": \"http:\/\/followerninja.com\/wp-content\/uploads\/2021\/01\/instagram-1.png\",\n            \"width\": [\n                {\n                    \"@id\": \"#sso\/qv-width-px-512\"\n                }\n            ],\n            \"height\": [\n                {\n                    \"@id\": \"#sso\/qv-height-px-512\"\n                }\n            ]\n        },\n        {\n            \"@id\": \"#sso\/qv-width-px-512\",\n            \"@context\": \"https:\/\/schema.org\",\n            \"@type\": \"QuantitativeValue\",\n            \"name\": \"Width\",\n            \"unitText\": \"px\",\n            \"unitCode\": \"E37\",\n            \"value\": \"512\"\n        },\n        {\n            \"@id\": \"#sso\/qv-height-px-512\",\n            \"@context\": \"https:\/\/schema.org\",\n            \"@type\": \"QuantitativeValue\",\n            \"name\": \"Height\",\n            \"unitText\": \"px\",\n            \"unitCode\": \"E37\",\n            \"value\": \"512\"\n        },\n        {\n            \"@id\": \"\/2e72a73da26f5ecf76d0f7e504a75871#sso\/person\",\n            \"@context\": \"https:\/\/schema.org\",\n            \"@type\": \"Person\",\n            \"url\": \"http:\/\/followerninja.com\/\",\n            \"name\": \"followerninja\",\n            \"givenName\": \"Nami\",\n            \"familyName\": \"Shams\",\n            \"description\": \"Follower Ninja - Social Media Profis\",\n            \"image\": [\n                {\n                    \"@id\": \"https:\/\/secure.gravatar.com\/avatar\/51fd3ca1505ce8c9465a64104b9d54df.jpg?d=mp&s=1200#sso\/image-object\"\n                }\n            ]\n        },\n        {\n            \"@id\": \"https:\/\/secure.gravatar.com\/avatar\/51fd3ca1505ce8c9465a64104b9d54df.jpg?d=mp&s=1200#sso\/image-object\",\n            \"@context\": \"https:\/\/schema.org\",\n            \"@type\": \"ImageObject\",\n            \"url\": \"https:\/\/secure.gravatar.com\/avatar\/51fd3ca1505ce8c9465a64104b9d54df.jpg?d=mp&s=1200\",\n            \"width\": [\n                {\n                    \"@id\": \"#sso\/qv-width-px-1200\"\n                }\n            ],\n            \"height\": [\n                {\n                    \"@id\": \"#sso\/qv-height-px-1200\"\n                }\n            ]\n        },\n        {\n            \"@id\": \"#sso\/qv-width-px-1200\",\n            \"@context\": \"https:\/\/schema.org\",\n            \"@type\": \"QuantitativeValue\",\n            \"name\": \"Width\",\n            \"unitText\": \"px\",\n            \"unitCode\": \"E37\",\n            \"value\": \"1200\"\n        },\n        {\n            \"@id\": \"#sso\/qv-height-px-1200\",\n            \"@context\": \"https:\/\/schema.org\",\n            \"@type\": \"QuantitativeValue\",\n            \"name\": \"Height\",\n            \"unitText\": \"px\",\n            \"unitCode\": \"E37\",\n            \"value\": \"1200\"\n        },\n        {\n            \"@id\": \"\/zahlungsweisen\/#sso\/breadcrumb-list\/42125\",\n            \"@context\": \"https:\/\/schema.org\",\n            \"@type\": \"BreadcrumbList\",\n            \"url\": \"https:\/\/followerninja.com\/de\/zahlungsweisen\/\",\n            \"itemListElement\": [\n                {\n                    \"@context\": \"https:\/\/schema.org\",\n                    \"@type\": \"ListItem\",\n                    \"position\": 1,\n                    \"name\": \"Home\",\n                    \"item\": \"https:\/\/followerninja.com\/de\/\"\n                },\n                {\n                    \"@context\": \"https:\/\/schema.org\",\n                    \"@type\": \"ListItem\",\n                    \"position\": 2,\n                    \"name\": \"Blog\",\n                    \"item\": \"https:\/\/followerninja.com\/\"\n                },\n                {\n                    \"@context\": \"https:\/\/schema.org\",\n                    \"@type\": \"ListItem\",\n                    \"position\": 3,\n                    \"name\": \"Zahlungsweisen\",\n                    \"item\": \"https:\/\/followerninja.com\/de\/zahlungsweisen\/\"\n                }\n            ]\n        }\n    ]\n}<\/script>\n","<meta name=\"wpsso-end\" content=\"wpsso structured data end\"\/>\n","<meta name=\"wpsso-cached\" content=\"2026-04-16T16:53:50+00:00 for followerninja.com\"\/>\n"],"json":[{"@context":"https:\/\/schema.org","@graph":[{"@id":"\/zahlungsweisen\/#sso\/article\/42125","@context":"https:\/\/schema.org","@type":"Article","mainEntityOfPage":"https:\/\/followerninja.com\/de\/zahlungsweisen\/","url":"https:\/\/followerninja.com\/de\/zahlungsweisen\/","sameAs":["https:\/\/followerninja.com\/de\/?p=42125"],"name":"Zahlungsweisen","description":"Zahlungsarten Wir bieten Ihnen folgende Zahlungsarten an. Suchen Sie sich einfach die f&uuml;r Sie optimale Zahlart aus. Die Versandkosten sind teilweise abh&auml;ngig von der gew&auml;hlten Zahlungsart. Die in den jeweiligen Angeboten angef&uuml;hrten Preise stellen Endpreise dar. Sie beinhalten alle...","publisher":[{"@id":"\/#sso\/organization\/site\/org-banner-url"}],"headline":"Zahlungsweisen","inLanguage":"de_DE","datePublished":"2022-09-29T19:04:24+00:00","dateModified":"2022-12-30T13:32:46+00:00","author":{"@id":"\/2e72a73da26f5ecf76d0f7e504a75871#sso\/person"},"timeRequired":"PT1M","speakable":{"@context":"https:\/\/schema.org","@type":"SpeakableSpecification","cssSelector":[".wp-block-post-title",".speakable"]}},{"@id":"\/#sso\/organization\/site\/org-banner-url","@context":"https:\/\/schema.org","@type":"Organization","url":"https:\/\/followerninja.com\/de\/","name":"Follower Ninja","description":"Social Media Follower","image":[{"@id":"http:\/\/followerninja.com\/wp-content\/uploads\/2021\/01\/instagram-1.png#sso\/image-object"}],"logo":{"@id":"http:\/\/followerninja.com\/wp-content\/uploads\/2021\/01\/instagram-1.png#sso\/image-object"},"sameAs":["https:\/\/www.instagram.com\/followerninjacom\/","https:\/\/www.linkedin.com\/in\/melanie-loescher\/"]},{"@id":"http:\/\/followerninja.com\/wp-content\/uploads\/2021\/01\/instagram-1.png#sso\/image-object","@context":"https:\/\/schema.org","@type":"ImageObject","url":"http:\/\/followerninja.com\/wp-content\/uploads\/2021\/01\/instagram-1.png","width":[{"@id":"#sso\/qv-width-px-512"}],"height":[{"@id":"#sso\/qv-height-px-512"}]},{"@id":"#sso\/qv-width-px-512","@context":"https:\/\/schema.org","@type":"QuantitativeValue","name":"Width","unitText":"px","unitCode":"E37","value":"512"},{"@id":"#sso\/qv-height-px-512","@context":"https:\/\/schema.org","@type":"QuantitativeValue","name":"Height","unitText":"px","unitCode":"E37","value":"512"},{"@id":"\/2e72a73da26f5ecf76d0f7e504a75871#sso\/person","@context":"https:\/\/schema.org","@type":"Person","url":"http:\/\/followerninja.com\/","name":"followerninja","givenName":"Nami","familyName":"Shams","description":"Follower Ninja - Social Media Profis","image":[{"@id":"https:\/\/secure.gravatar.com\/avatar\/51fd3ca1505ce8c9465a64104b9d54df.jpg?d=mp&s=1200#sso\/image-object"}]},{"@id":"https:\/\/secure.gravatar.com\/avatar\/51fd3ca1505ce8c9465a64104b9d54df.jpg?d=mp&s=1200#sso\/image-object","@context":"https:\/\/schema.org","@type":"ImageObject","url":"https:\/\/secure.gravatar.com\/avatar\/51fd3ca1505ce8c9465a64104b9d54df.jpg?d=mp&s=1200","width":[{"@id":"#sso\/qv-width-px-1200"}],"height":[{"@id":"#sso\/qv-height-px-1200"}]},{"@id":"#sso\/qv-width-px-1200","@context":"https:\/\/schema.org","@type":"QuantitativeValue","name":"Width","unitText":"px","unitCode":"E37","value":"1200"},{"@id":"#sso\/qv-height-px-1200","@context":"https:\/\/schema.org","@type":"QuantitativeValue","name":"Height","unitText":"px","unitCode":"E37","value":"1200"},{"@id":"\/zahlungsweisen\/#sso\/breadcrumb-list\/42125","@context":"https:\/\/schema.org","@type":"BreadcrumbList","url":"https:\/\/followerninja.com\/de\/zahlungsweisen\/","itemListElement":[{"@context":"https:\/\/schema.org","@type":"ListItem","position":1,"name":"Home","item":"https:\/\/followerninja.com\/de\/"},{"@context":"https:\/\/schema.org","@type":"ListItem","position":2,"name":"Blog","item":"https:\/\/followerninja.com\/"},{"@context":"https:\/\/schema.org","@type":"ListItem","position":3,"name":"Zahlungsweisen","item":"https:\/\/followerninja.com\/de\/zahlungsweisen\/"}]}]}],"parts":[["meta","name","generator","content","WPSSO Core 21.8.0\/L*","generator:1"],["meta","name","generator","content","WPSSO REST 3.3.0\/S","generator:2"],["meta","name","generator","content","WPSSO BC 5.3.0\/S","generator:3"],["meta","name","generator","content","WPSSO SSM 3.4.0\/S","generator:4"],["meta","name","generator","content","WPSSO UM 7.3.0\/S","generator:5"],["link","rel","shortlink","href","https:\/\/followerninja.com\/de\/?p=42125",""],["meta","property","fb:app_id","content","966242223397117",""],["meta","property","og:time","content","2026-04-16T16:53:50+00:00",""],["meta","property","og:type","content","article",""],["meta","property","og:url","content","https:\/\/followerninja.com\/de\/zahlungsweisen\/",""],["meta","property","og:locale","content","de_DE",""],["meta","property","og:site_name","content","Follower Ninja",""],["meta","property","og:title","content","Zahlungsweisen",""],["meta","property","og:description","content","Zahlungsarten Wir bieten Ihnen folgende Zahlungsarten an. Suchen Sie sich einfach die f&uuml;r Sie optimale Zahlart aus. Die Versandkosten sind teilweise abh&auml;ngig von der gew&auml;hlten Zahlungsart. Die in den jeweiligen Angeboten angef&uuml;hrten Preise stellen Endpreise dar. Sie beinhalten alle...",""],["meta","property","og:updated_time","content","2022-12-30T13:32:46+00:00",""],["meta","name","schema:language","content","de_DE",""],["meta","name","schema:type:id","content","article",""],["meta","name","schema:type:url","content","https:\/\/schema.org\/Article",""],["meta","name","schema:type:context","content","https:\/\/schema.org",""],["meta","name","schema:type:name","content","Article",""],["meta","name","schema:type:path","content","schema.org\/Article",""],["meta","property","article:author:name","content","followerninja",""],["meta","property","article:published_time","content","2022-09-29T19:04:24+00:00",""],["meta","property","article:modified_time","content","2022-12-30T13:32:46+00:00",""],["meta","property","article:reading_mins","content","1",""],["meta","name","twitter:domain","content","followerninja.com",""],["meta","name","twitter:title","content","Zahlungsweisen",""],["meta","name","twitter:description","content","Zahlungsarten Wir bieten Ihnen folgende Zahlungsarten an. Suchen Sie sich einfach die f&uuml;r Sie optimale Zahlart aus. Die Versandkosten sind teilweise abh&auml;ngig von der gew&auml;hlten Zahlungsart. Die in...",""],["meta","name","twitter:card","content","summary",""],["meta","name","twitter:label1","content","Written by",""],["meta","name","twitter:data1","content","followerninja",""],["meta","name","twitter:label2","content","Est. reading time",""],["meta","name","twitter:data2","content","1 minute",""],["meta","name","author","content","followerninja",""]]},"_links":{"self":[{"href":"https:\/\/followerninja.com\/de\/wp-json\/wp\/v2\/pages\/42125","targetHints":{"allow":["GET"]}}],"collection":[{"href":"https:\/\/followerninja.com\/de\/wp-json\/wp\/v2\/pages"}],"about":[{"href":"https:\/\/followerninja.com\/de\/wp-json\/wp\/v2\/types\/page"}],"author":[{"embeddable":true,"href":"https:\/\/followerninja.com\/de\/wp-json\/wp\/v2\/users\/1"}],"replies":[{"embeddable":true,"href":"https:\/\/followerninja.com\/de\/wp-json\/wp\/v2\/comments?post=42125"}],"version-history":[{"count":0,"href":"https:\/\/followerninja.com\/de\/wp-json\/wp\/v2\/pages\/42125\/revisions"}],"wp:attachment":[{"href":"https:\/\/followerninja.com\/de\/wp-json\/wp\/v2\/media?parent=42125"}],"curies":[{"name":"wp","href":"https:\/\/api.w.org\/{rel}","templated":true}]}}