{"id":47362,"date":"2023-02-19T18:47:36","date_gmt":"2023-02-19T17:47:36","guid":{"rendered":"http:\/\/followerninja.com\/?post_type=product&#038;p=47362"},"modified":"2024-10-04T09:26:50","modified_gmt":"2024-10-04T07:26:50","slug":"spotify-follower-kanada","status":"publish","type":"product","link":"https:\/\/followerninja.com\/de\/spotify\/spotify-follower-kanada\/","title":{"rendered":"Spotify Follower (Kanada)"},"content":{"rendered":"<h3><strong>\u00a0Kanadische SPOTIFY FOLLOWER KAUFEN aus Kanada<\/strong><\/h3>\n<h3><strong>(Beste Spotify Kanada Follower im gesamten Markt)<\/strong><\/h3>\n<p>Kanada Spotify Follower kaufen &#8211; Warum ist Follower Ninja die beste Seite, um echte Spotify-Dienstleistungen zu kaufen?<\/p>\n<p>Follower Ninja verf\u00fcgt \u00fcber erfahrene Social-Media-Vermarkter, die sich st\u00e4ndig weiterentwickeln, um neue Trends in ihre Prozesse einzubeziehen. Wir haben die Erfahrung und das Fachwissen, um sicherzustellen, dass deine Marke in Bezug auf Marktanteil und Glaubw\u00fcrdigkeit mit gr\u00f6\u00dferen Marken mithalten kann.<\/p>\n<h3><strong>F\u00fcnf Gr\u00fcnde, Spotify-Follower von Follower Ninja zu kaufen<\/strong><\/h3>\n<p>Spotify ist heute weltweit eine der gr\u00f6\u00dften Plattformen f\u00fcr neue und aufstrebende K\u00fcnstler\/innen. Du kannst deine Songs und Alben promoten, neue Fans gewinnen, ein gr\u00f6\u00dferes Publikum erreichen und deine Popularit\u00e4t steigern. Kaufe einfach die richtige Anzahl an Spotify Follower und du bekommst den Schub, den du brauchst!<\/p>\n<h3><strong>Follower Ninja Kanada Spotify Follower kaufen<\/strong><\/h3>\n<p><strong>Vergr\u00f6\u00dfere deine Fangemeinde auf Spotify!<\/strong><br \/>\nHeutzutage werden Spotify-Signale wie Streams, Follower und Saves als Ma\u00dfstab f\u00fcr die Popularit\u00e4t eines Accounts oder K\u00fcnstlers verwendet. Als neuer K\u00fcnstler mit begrenzten Ressourcen kann es eine Herausforderung sein, Fans zu gewinnen und zu erreichen. Der Kauf von Spotify-Follower kann die Anzahl der Follower eines Accounts erh\u00f6hen. Wenn andere Leute das Konto oder den Song entdecken, werden sie von deiner Arbeit fasziniert sein, wenn sie eine gr\u00f6\u00dfere Fangemeinde sehen. Auf diese Weise kannst du die Anzahl der Follower f\u00fcr die Songs und Alben, die du promoten m\u00f6chtest, erh\u00f6hen.<\/p>\n<p><strong>Beliebt sein in der Musikindustrie dank Follower Ninja<\/strong><br \/>\nBer\u00fchmt zu werden ist keine leichte Aufgabe, vor allem nicht auf einer globalen Plattform wie Spotify. Die Konkurrenz ist gro\u00df, da jeden Tag viele neue K\u00fcnstler ihre Songs ver\u00f6ffentlichen. Um beliebt und bekannt zu werden, musst du viel Geld f\u00fcr Werbung und Marketing ausgeben. Wenn du stattdessen Spotify-Follower kaufst, kannst du dir die Aufmerksamkeit sichern, die du in der Musikbranche brauchst. W\u00e4hle unsere erschwinglichen Services und Booster-Pakete, um deinen Account bekannt zu machen. Wir liefern dir Follower von echten Accounts, die keine Fragen aufwerfen.<\/p>\n<p><strong>Steigerung der Glaubw\u00fcrdigkeit auf der Plattform Spotify<\/strong><br \/>\nAccounts mit mehr Followern gelten heute als glaubw\u00fcrdiger und die K\u00fcnstler dahinter als talentierter. Daran kann man nichts \u00e4ndern, denn so funktionieren soziale Medien heutzutage. Mehr Follower sind gleichbedeutend mit mehr Glaubw\u00fcrdigkeit und Talent. Deshalb solltest du versuchen, so viele Follower wie m\u00f6glich zu haben. Aber das ist keine leichte Aufgabe, denn es gibt verschiedene Faktoren, die dabei eine Rolle spielen. Hier kommt Follower Ninja ins Spiel. W\u00e4hle das richtige Spotify-Follower-Paket aus und erh\u00f6he die Anzahl deiner Follower schrittweise mit der Drip- Methode, um keine Fragen bei den Spotify-Nutzern aufkommen zu lassen.<\/p>\n<p><strong>Bessere M\u00f6glichkeiten finden durch gezieltes Targeting<\/strong><br \/>\nWenn jemand eine Musikkarriere anstrebt, m\u00f6chte er sich in diesem Beruf verwirklichen. Songs zu singen, gefeatured zu werden, mit gr\u00f6\u00dferen Labels zusammenzuarbeiten, Musikvideos zu drehen usw. sind Tr\u00e4ume, die jeder Musiker und K\u00fcnstler hat. Spotify bietet eine gro\u00dfartige Plattform f\u00fcr alle, die irgendwo anfangen wollen. Aber um diese Tr\u00e4ume wahr werden zu lassen, musst du die richtigen Chancen zur richtigen Zeit ergreifen. Je mehr Follower dein Spotify-Account hat, desto wahrscheinlicher ist es, dass Musikproduzenten und Labels auf dich aufmerksam werden. Deshalb kannst du diese Tr\u00e4ume wahr werden lassen, indem du Spotify-Follower kaufst.<\/p>\n<p><strong>Erh\u00f6hung des organischen Traffics auf Spotify<\/strong><br \/>\nEiner der Gr\u00fcnde, warum es sehr vorteilhaft sein kann, die Anzahl der Follower in den sozialen Medien zu erh\u00f6hen, ist, dass mehr Follower mehr Besucher bringen. Ein Account mit mehr Followern zieht mehr Aufmerksamkeit auf sich und erscheint in den Suchergebnissen weiter oben. Das bedeutet, dass mehr Leute deinen Account besuchen und deine Songs h\u00f6ren. Wenn du eine gute Sammlung von Songs und Werken auf deinem Profil hast, werden diese Besucher zu Followern. Kaufe einfach Spotify-Follower bei Follower Ninja und generiere mehr organischen Traffic, der die Popularit\u00e4t deines Accounts mit der Zeit steigert.<\/p>\n<p>Spotify Follower kaufen mit Paypal<\/p>\n<p>&nbsp;<\/p>\n<p><strong>Es gibt viele Websites, auf denen du Social-Media-Dienstleistungen kaufen kannst, aber wir behaupten, die Besten zu sein! Seit 2017 helfen wir unseren Kunden, ihre Social-Media-Accounts zu vergr\u00f6\u00dfern, und seitdem sind wir f\u00fcr die meisten Menschen die erste Adresse. Hier ist, warum du Leistungen von uns kaufen solltest:<\/strong><\/p>\n<p>Wir fragen dich nie nach deinem Passwort oder wichtigen Informationen. Wir bieten eine sichere Umgebung und legale Dienstleistungen. Also kein Hacking oder illegale Angelegenheiten.<br \/>\nSicherheit ist ein wichtiger Schritt im Wachstum der sozialen Medien. Unsere Systeme laufen mit SSL-Zertifikaten, so dass alle deine Daten sicher sind, wenn du bei uns einkaufst.<br \/>\nSocial Media Wachstum ist 24\/7 f\u00fcr dich da. Wenn du Fragen hast oder Hilfe brauchst, kannst du dich jederzeit an unseren Support wenden.<br \/>\nWir bieten g\u00fcnstige Social-Media-Dienste an. Unsere Preise sind sehr g\u00fcnstig und billiger als bei jedem anderen Anbieter.<br \/>\nDie Zahlungsabwicklung ist sehr einfach und sicher. Du kannst f\u00fcr unsere Dienste mit Karte, Payeer bezahlen.<\/p>\n<p>Die oben genannten Vorteile gelten f\u00fcr alle unsere Dienstleistungen. Wenn du nach dem besten Ort suchst, um Social-Media-Dienste zu kaufen, hast du ihn gefunden!<\/p>\n","protected":false},"excerpt":{"rendered":"<p>\u27a1\ufe0f Spotify \u2013 Profile Followers | Kanada | 0-12 Stunden<br \/>\n\u27a1\ufe0f Lebenslange Non-Drop-Garantie<br \/>\n\u27a1\ufe0f Start: 0-24H (Bestellung wird in 24 Stunden abgeschlossen)<br \/>\n\u27a1\ufe0f 1000 pro Tag Geschwindigkeit<br \/>\n\u27a1\ufe0f Maximal bis zu 40.000<br \/>\n\u27a1\ufe0f Vorgeschlagene Zeit: Min-1000 pro Zeit<br \/>\n\u27a1\ufe0f Nachf\u00fcllen: Lebenslang Non-Drop<br \/>\n\u27a1\ufe0f \u00d6ffentliches Profil erforderlich<\/p>\n","protected":false},"featured_media":46477,"comment_status":"open","ping_status":"closed","template":"","meta":{"_acf_changed":false},"product_brand":[],"product_cat":[397],"product_tag":[690,691,689],"class_list":{"0":"post-47362","1":"product","2":"type-product","3":"status-publish","4":"has-post-thumbnail","6":"product_cat-spotify","7":"product_tag-spotify","8":"product_tag-spotify-follower","9":"product_tag-spotify-follower-kaufen","11":"first","12":"instock","13":"virtual","14":"purchasable","15":"product-type-simple"},"acf":[],"jetpack_sharing_enabled":true,"head":{"html":["<meta name=\"wpsso-begin\" content=\"wpsso structured data begin\"\/>\n","<!-- generator:1 --><meta name=\"generator\" content=\"WPSSO Core 21.8.0\/L*\"\/>\n","<!-- generator:2 --><meta name=\"generator\" content=\"WPSSO REST 3.3.0\/S\"\/>\n","<!-- generator:3 --><meta name=\"generator\" content=\"WPSSO BC 5.3.0\/S\"\/>\n","<!-- generator:4 --><meta name=\"generator\" content=\"WPSSO SSM 3.4.0\/S\"\/>\n","<!-- generator:5 --><meta name=\"generator\" content=\"WPSSO UM 7.3.0\/S\"\/>\n","<link rel=\"shortlink\" href=\"https:\/\/followerninja.com\/de\/?p=47362\"\/>\n","<meta property=\"fb:app_id\" content=\"966242223397117\"\/>\n","<meta property=\"og:type\" content=\"product\"\/>\n","<meta property=\"og:url\" content=\"https:\/\/followerninja.com\/de\/spotify\/spotify-follower-kanada\/\"\/>\n","<meta property=\"og:locale\" content=\"de_DE\"\/>\n","<meta property=\"og:site_name\" content=\"Follower Ninja\"\/>\n","<meta property=\"og:title\" content=\"Spotify Follower kaufen (Kanada) - Follower Ninja\"\/>\n","<meta property=\"og:description\" content=\"Kanadische Spotify Follower kaufen - Spotify Streams - Spotify Likes - Reichweite \u2713 Qualifizierte Follower - Beste Spotify KANDA Follower auf dem gesamten Markt\"\/>\n","<meta property=\"og:updated_time\" content=\"2024-10-04T07:26:50+00:00\"\/>\n","<meta property=\"product:retailer_item_id\" content=\"47362\"\/>\n","<meta property=\"product:availability\" content=\"in stock\"\/>\n","<meta property=\"product:condition\" content=\"new\"\/>\n","<meta property=\"product:original_price:amount\" content=\"0.00\"\/>\n","<meta property=\"product:original_price:currency\" content=\"EUR\"\/>\n","<meta property=\"product:pretax_price:amount\" content=\"0.00\"\/>\n","<meta property=\"product:pretax_price:currency\" content=\"EUR\"\/>\n","<meta property=\"product:price:amount\" content=\"0.00\"\/>\n","<meta property=\"product:price:currency\" content=\"EUR\"\/>\n","<meta name=\"twitter:domain\" content=\"followerninja.com\"\/>\n","<meta name=\"twitter:title\" content=\"Spotify Follower kaufen (Kanada) - Follower Ninja\"\/>\n","<meta name=\"twitter:description\" content=\"Kanadische Spotify Follower kaufen - Spotify Streams - Spotify Likes - Reichweite \u2713 Qualifizierte Follower - Beste Spotify KANDA Follower auf dem gesamten Markt\"\/>\n","<meta name=\"twitter:card\" content=\"summary\"\/>\n","<meta name=\"twitter:label1\" content=\"Price\"\/>\n","<meta name=\"twitter:data1\" content=\"0.00 EUR\"\/>\n","<meta name=\"twitter:label2\" content=\"Availability\"\/>\n","<meta name=\"twitter:data2\" content=\"In Stock\"\/>\n","<script type=\"application\/ld+json\" id=\"wpsso-schema-graph\">{\n    \"@context\": \"https:\/\/schema.org\",\n    \"@graph\": [\n        {\n            \"@id\": \"\/spotify\/spotify-follower-kanada\/#sso\/product\/47362\",\n            \"@context\": \"https:\/\/schema.org\",\n            \"@type\": \"Product\",\n            \"mainEntityOfPage\": \"https:\/\/followerninja.com\/de\/spotify\/spotify-follower-kanada\/\",\n            \"url\": \"https:\/\/followerninja.com\/de\/spotify\/spotify-follower-kanada\/\",\n            \"sameAs\": [\n                \"https:\/\/followerninja.com\/de\/?p=47362\"\n            ],\n            \"name\": \"Spotify Follower kaufen (Kanada) - Follower Ninja\",\n            \"description\": \"Kanadische Spotify Follower kaufen - Spotify Streams - Spotify Likes - Reichweite \\u2713 Qualifizierte Follower - Beste Spotify KANDA Follower auf dem gesamten Markt\",\n            \"itemCondition\": \"https:\/\/schema.org\/NewCondition\",\n            \"offers\": {\n                \"@context\": \"https:\/\/schema.org\",\n                \"@type\": \"Offer\",\n                \"url\": \"https:\/\/followerninja.com\/de\/spotify\/spotify-follower-kanada\/\",\n                \"name\": \"Spotify Follower kaufen (Kanada) - Follower Ninja\",\n                \"description\": \"Kanadische Spotify Follower kaufen - Spotify Streams - Spotify Likes - Reichweite \\u2713 Qualifizierte Follower - Beste Spotify KANDA Follower auf dem gesamten Markt\",\n                \"availability\": \"https:\/\/schema.org\/InStock\",\n                \"itemCondition\": \"https:\/\/schema.org\/NewCondition\",\n                \"price\": \"0.00\",\n                \"priceCurrency\": \"EUR\",\n                \"priceValidUntil\": \"2027-04-05T14:55:16+00:00\",\n                \"priceSpecification\": [\n                    {\n                        \"@context\": \"https:\/\/schema.org\",\n                        \"@type\": \"UnitPriceSpecification\",\n                        \"priceType\": \"https:\/\/schema.org\/ListPrice\",\n                        \"price\": \"0.00\",\n                        \"priceCurrency\": \"EUR\",\n                        \"valueAddedTaxIncluded\": false,\n                        \"validThrough\": \"2026-05-05T14:55:16+00:00\"\n                    }\n                ],\n                \"seller\": {\n                    \"@id\": \"\/#sso\/organization\/site\/org-logo-url\"\n                }\n            }\n        },\n        {\n            \"@id\": \"\/#sso\/organization\/site\/org-logo-url\",\n            \"@context\": \"https:\/\/schema.org\",\n            \"@type\": \"Organization\",\n            \"url\": \"https:\/\/followerninja.com\/de\/\",\n            \"name\": \"Follower Ninja\",\n            \"description\": \"Social Media Follower\",\n            \"image\": [\n                {\n                    \"@id\": \"http:\/\/followerninja.com\/wp-content\/uploads\/2021\/01\/instagram-1.png#sso\/image-object\"\n                }\n            ],\n            \"logo\": {\n                \"@id\": \"http:\/\/followerninja.com\/wp-content\/uploads\/2021\/01\/instagram-1.png#sso\/image-object\"\n            },\n            \"sameAs\": [\n                \"https:\/\/www.instagram.com\/followerninjacom\/\",\n                \"https:\/\/www.linkedin.com\/in\/melanie-loescher\/\"\n            ]\n        },\n        {\n            \"@id\": \"http:\/\/followerninja.com\/wp-content\/uploads\/2021\/01\/instagram-1.png#sso\/image-object\",\n            \"@context\": \"https:\/\/schema.org\",\n            \"@type\": \"ImageObject\",\n            \"url\": \"http:\/\/followerninja.com\/wp-content\/uploads\/2021\/01\/instagram-1.png\",\n            \"width\": [\n                {\n                    \"@id\": \"#sso\/qv-width-px-512\"\n                }\n            ],\n            \"height\": [\n                {\n                    \"@id\": \"#sso\/qv-height-px-512\"\n                }\n            ]\n        },\n        {\n            \"@id\": \"#sso\/qv-width-px-512\",\n            \"@context\": \"https:\/\/schema.org\",\n            \"@type\": \"QuantitativeValue\",\n            \"name\": \"Width\",\n            \"unitText\": \"px\",\n            \"unitCode\": \"E37\",\n            \"value\": \"512\"\n        },\n        {\n            \"@id\": \"#sso\/qv-height-px-512\",\n            \"@context\": \"https:\/\/schema.org\",\n            \"@type\": \"QuantitativeValue\",\n            \"name\": \"Height\",\n            \"unitText\": \"px\",\n            \"unitCode\": \"E37\",\n            \"value\": \"512\"\n        },\n        {\n            \"@id\": \"\/spotify\/spotify-follower-kanada\/#sso\/breadcrumb.list\/spotify\",\n            \"@context\": \"https:\/\/schema.org\",\n            \"@type\": \"BreadcrumbList\",\n            \"url\": \"https:\/\/followerninja.com\/de\/spotify\/spotify-follower-kanada\/\",\n            \"itemListElement\": [\n                {\n                    \"@context\": \"https:\/\/schema.org\",\n                    \"@type\": \"ListItem\",\n                    \"position\": 1,\n                    \"name\": \"Home\",\n                    \"item\": \"https:\/\/followerninja.com\/de\/\"\n                },\n                {\n                    \"@context\": \"https:\/\/schema.org\",\n                    \"@type\": \"ListItem\",\n                    \"position\": 2,\n                    \"name\": \"Blog\",\n                    \"item\": \"https:\/\/followerninja.com\/\"\n                },\n                {\n                    \"@context\": \"https:\/\/schema.org\",\n                    \"@type\": \"ListItem\",\n                    \"position\": 3,\n                    \"name\": \"Spotify\",\n                    \"item\": \"https:\/\/followerninja.com\/de\/spotify\/\"\n                },\n                {\n                    \"@context\": \"https:\/\/schema.org\",\n                    \"@type\": \"ListItem\",\n                    \"position\": 4,\n                    \"name\": \"Spotify Follower kaufen (Kanada) - Follower Ninja\",\n                    \"item\": \"https:\/\/followerninja.com\/de\/spotify\/spotify-follower-kanada\/\"\n                }\n            ]\n        }\n    ]\n}<\/script>\n","<meta name=\"wpsso-end\" content=\"wpsso structured data end\"\/>\n","<meta name=\"wpsso-cached\" content=\"2026-04-05T14:55:16+00:00 for followerninja.com\"\/>\n"],"json":[{"@context":"https:\/\/schema.org","@graph":[{"@id":"\/spotify\/spotify-follower-kanada\/#sso\/product\/47362","@context":"https:\/\/schema.org","@type":"Product","mainEntityOfPage":"https:\/\/followerninja.com\/de\/spotify\/spotify-follower-kanada\/","url":"https:\/\/followerninja.com\/de\/spotify\/spotify-follower-kanada\/","sameAs":["https:\/\/followerninja.com\/de\/?p=47362"],"name":"Spotify Follower kaufen (Kanada) - Follower Ninja","description":"Kanadische Spotify Follower kaufen - Spotify Streams - Spotify Likes - Reichweite \u2713 Qualifizierte Follower - Beste Spotify KANDA Follower auf dem gesamten Markt","itemCondition":"https:\/\/schema.org\/NewCondition","offers":{"@context":"https:\/\/schema.org","@type":"Offer","url":"https:\/\/followerninja.com\/de\/spotify\/spotify-follower-kanada\/","name":"Spotify Follower kaufen (Kanada) - Follower Ninja","description":"Kanadische Spotify Follower kaufen - Spotify Streams - Spotify Likes - Reichweite \u2713 Qualifizierte Follower - Beste Spotify KANDA Follower auf dem gesamten Markt","availability":"https:\/\/schema.org\/InStock","itemCondition":"https:\/\/schema.org\/NewCondition","price":"0.00","priceCurrency":"EUR","priceValidUntil":"2027-04-05T14:55:16+00:00","priceSpecification":[{"@context":"https:\/\/schema.org","@type":"UnitPriceSpecification","priceType":"https:\/\/schema.org\/ListPrice","price":"0.00","priceCurrency":"EUR","valueAddedTaxIncluded":false,"validThrough":"2026-05-05T14:55:16+00:00"}],"seller":{"@id":"\/#sso\/organization\/site\/org-logo-url"}}},{"@id":"\/#sso\/organization\/site\/org-logo-url","@context":"https:\/\/schema.org","@type":"Organization","url":"https:\/\/followerninja.com\/de\/","name":"Follower Ninja","description":"Social Media Follower","image":[{"@id":"http:\/\/followerninja.com\/wp-content\/uploads\/2021\/01\/instagram-1.png#sso\/image-object"}],"logo":{"@id":"http:\/\/followerninja.com\/wp-content\/uploads\/2021\/01\/instagram-1.png#sso\/image-object"},"sameAs":["https:\/\/www.instagram.com\/followerninjacom\/","https:\/\/www.linkedin.com\/in\/melanie-loescher\/"]},{"@id":"http:\/\/followerninja.com\/wp-content\/uploads\/2021\/01\/instagram-1.png#sso\/image-object","@context":"https:\/\/schema.org","@type":"ImageObject","url":"http:\/\/followerninja.com\/wp-content\/uploads\/2021\/01\/instagram-1.png","width":[{"@id":"#sso\/qv-width-px-512"}],"height":[{"@id":"#sso\/qv-height-px-512"}]},{"@id":"#sso\/qv-width-px-512","@context":"https:\/\/schema.org","@type":"QuantitativeValue","name":"Width","unitText":"px","unitCode":"E37","value":"512"},{"@id":"#sso\/qv-height-px-512","@context":"https:\/\/schema.org","@type":"QuantitativeValue","name":"Height","unitText":"px","unitCode":"E37","value":"512"},{"@id":"\/spotify\/spotify-follower-kanada\/#sso\/breadcrumb.list\/spotify","@context":"https:\/\/schema.org","@type":"BreadcrumbList","url":"https:\/\/followerninja.com\/de\/spotify\/spotify-follower-kanada\/","itemListElement":[{"@context":"https:\/\/schema.org","@type":"ListItem","position":1,"name":"Home","item":"https:\/\/followerninja.com\/de\/"},{"@context":"https:\/\/schema.org","@type":"ListItem","position":2,"name":"Blog","item":"https:\/\/followerninja.com\/"},{"@context":"https:\/\/schema.org","@type":"ListItem","position":3,"name":"Spotify","item":"https:\/\/followerninja.com\/de\/spotify\/"},{"@context":"https:\/\/schema.org","@type":"ListItem","position":4,"name":"Spotify Follower kaufen (Kanada) - Follower Ninja","item":"https:\/\/followerninja.com\/de\/spotify\/spotify-follower-kanada\/"}]}]}],"parts":[["meta","name","generator","content","WPSSO Core 21.8.0\/L*","generator:1"],["meta","name","generator","content","WPSSO REST 3.3.0\/S","generator:2"],["meta","name","generator","content","WPSSO BC 5.3.0\/S","generator:3"],["meta","name","generator","content","WPSSO SSM 3.4.0\/S","generator:4"],["meta","name","generator","content","WPSSO UM 7.3.0\/S","generator:5"],["link","rel","shortlink","href","https:\/\/followerninja.com\/de\/?p=47362",""],["meta","property","fb:app_id","content","966242223397117",""],["meta","property","og:time","content","2026-04-05T14:55:16+00:00",""],["meta","property","og:type","content","product",""],["meta","property","og:url","content","https:\/\/followerninja.com\/de\/spotify\/spotify-follower-kanada\/",""],["meta","property","og:locale","content","de_DE",""],["meta","property","og:site_name","content","Follower Ninja",""],["meta","property","og:title","content","Spotify Follower kaufen (Kanada) - Follower Ninja",""],["meta","property","og:description","content","Kanadische Spotify Follower kaufen - Spotify Streams - Spotify Likes - Reichweite \u2713 Qualifizierte Follower - Beste Spotify KANDA Follower auf dem gesamten Markt",""],["meta","property","og:updated_time","content","2024-10-04T07:26:50+00:00",""],["meta","name","schema:language","content","de_DE",""],["meta","name","schema:type:id","content","product",""],["meta","name","schema:type:url","content","https:\/\/schema.org\/Product",""],["meta","name","schema:type:context","content","https:\/\/schema.org",""],["meta","name","schema:type:name","content","Product",""],["meta","name","schema:type:path","content","schema.org\/Product",""],["meta","property","product:retailer_item_id","content","47362",""],["meta","property","product:url","content","https:\/\/followerninja.com\/de\/spotify\/spotify-follower-kanada\/",""],["meta","property","product:title","content","Spotify Follower kaufen (Kanada) - Follower Ninja",""],["meta","property","product:description","content","Kanadische Spotify Follower kaufen - Spotify Streams - Spotify Likes - Reichweite \u2713 Qualifizierte Follower - Beste Spotify KANDA Follower auf dem gesamten Markt",""],["meta","property","product:updated_time","content","2024-10-04T07:26:50+00:00",""],["meta","property","product:availability","content","in stock",""],["meta","property","product:retailer_category","content","Spotify",""],["meta","property","product:condition","content","new",""],["meta","property","product:is_virtual","content","true",""],["meta","property","product:min_advert_price:amount","content","0.00",""],["meta","property","product:min_advert_price:currency","content","EUR",""],["meta","property","product:original_price:type","content","https:\/\/schema.org\/ListPrice",""],["meta","property","product:original_price:amount","content","0.00",""],["meta","property","product:original_price:currency","content","EUR",""],["meta","property","product:pretax_price:amount","content","0.00",""],["meta","property","product:pretax_price:currency","content","EUR",""],["meta","property","product:price:type","content","https:\/\/schema.org\/ListPrice",""],["meta","property","product:price:amount","content","0.00",""],["meta","property","product:price:currency","content","EUR",""],["meta","property","product:price:vat_included","content","false",""],["meta","property","article:author:name","content","followerninja",""],["meta","property","article:reading_mins","content","4",""],["meta","name","twitter:domain","content","followerninja.com",""],["meta","name","twitter:title","content","Spotify Follower kaufen (Kanada) - Follower Ninja",""],["meta","name","twitter:description","content","Kanadische Spotify Follower kaufen - Spotify Streams - Spotify Likes - Reichweite \u2713 Qualifizierte Follower - Beste Spotify KANDA Follower auf dem gesamten Markt",""],["meta","name","twitter:card","content","summary",""],["meta","name","twitter:label1","content","Price",""],["meta","name","twitter:data1","content","0.00 EUR",""],["meta","name","twitter:label2","content","Availability",""],["meta","name","twitter:data2","content","In Stock",""]]},"_links":{"self":[{"href":"https:\/\/followerninja.com\/de\/wp-json\/wp\/v2\/product\/47362","targetHints":{"allow":["GET"]}}],"collection":[{"href":"https:\/\/followerninja.com\/de\/wp-json\/wp\/v2\/product"}],"about":[{"href":"https:\/\/followerninja.com\/de\/wp-json\/wp\/v2\/types\/product"}],"replies":[{"embeddable":true,"href":"https:\/\/followerninja.com\/de\/wp-json\/wp\/v2\/comments?post=47362"}],"wp:featuredmedia":[{"embeddable":true,"href":"https:\/\/followerninja.com\/de\/wp-json\/wp\/v2\/media\/46477"}],"wp:attachment":[{"href":"https:\/\/followerninja.com\/de\/wp-json\/wp\/v2\/media?parent=47362"}],"wp:term":[{"taxonomy":"product_brand","embeddable":true,"href":"https:\/\/followerninja.com\/de\/wp-json\/wp\/v2\/product_brand?post=47362"},{"taxonomy":"product_cat","embeddable":true,"href":"https:\/\/followerninja.com\/de\/wp-json\/wp\/v2\/product_cat?post=47362"},{"taxonomy":"product_tag","embeddable":true,"href":"https:\/\/followerninja.com\/de\/wp-json\/wp\/v2\/product_tag?post=47362"}],"curies":[{"name":"wp","href":"https:\/\/api.w.org\/{rel}","templated":true}]}}