{"id":47480,"date":"2023-02-28T12:54:10","date_gmt":"2023-02-28T11:54:10","guid":{"rendered":"http:\/\/followerninja.com\/?post_type=product&#038;p=47480"},"modified":"2024-10-04T09:26:47","modified_gmt":"2024-10-04T07:26:47","slug":"linkedin-unternehmensseite-follower","status":"publish","type":"product","link":"https:\/\/followerninja.com\/de\/linkedin\/linkedin-unternehmensseite-follower\/","title":{"rendered":"LinkedIn Unternehmensseite Follower"},"content":{"rendered":"<h3><strong>LinkedIn Unternehmensseite Follower<\/strong><\/h3>\n<p><strong>LinkedIn Follower f\u00fcr Unternehmensseite kaufen &#8211; Warum ist Follower Ninja die beste Seite, um echte LinkedIn-Dienstleistungen zu kaufen?<\/strong><\/p>\n<p>Follower Ninja verf\u00fcgt \u00fcber erfahrene Social-Media-Vermarkter, die sich st\u00e4ndig weiterentwickeln, um neue Trends in ihre Prozesse einzubeziehen. Wir haben die Erfahrung und das Fachwissen, um sicherzustellen, dass deine Marke in Bezug auf Marktanteil und Glaubw\u00fcrdigkeit mit gr\u00f6\u00dferen Marken mithalten kann.<\/p>\n<p>Es gibt viele Websites, auf denen du Social-Media-Dienstleistungen kaufen kannst, aber wir behaupten, die Besten zu sein! Seit 2017 helfen wir unseren Kunden, ihre Social-Media-Accounts zu vergr\u00f6\u00dfern, und seitdem sind wir f\u00fcr die meisten Menschen die erste Adresse.<\/p>\n<p><strong>Mehr \u00fcber LinkedIn\u00a0Unternehmensseite Follower<\/strong><\/p>\n<p>LinkedIn mag ein professionelles Umfeld sein, aber wie bei jeder sozialen Plattform geht es auch hier um Selbstdarstellung. Menschen und Unternehmen wollen sich von ihrer besten Seite zeigen, weshalb es von einigen Nutzern auch als &#8222;professionelles Facebook&#8220; oder Facebook f\u00fcr Business bezeichnet wird. LinkedIn ist eine weit verbreitete soziale Business und Berufsplattform; viele Nutzer oder Seiten sehen sich sehr \u00e4hnlich. Deshalb brauchen Sie etwas, um sich von der Masse abzuheben. Eine der besten M\u00f6glichkeiten, Ihre Linkedin Unternehmensseite hervorzuheben, ist die Anzahl der Follower.<\/p>\n<p>Linkedin Follower f\u00fcr Ihre Unternehmensseite zu bekommen ist wichtig f\u00fcr Seitenbesitzer, kann aber viel Zeit in Anspruch nehmen. Wenn Sie eine neue Seite haben und nicht viel Zeit haben, um f\u00fcr Ihre Seite zu werben, k\u00f6nnen Sie Follower f\u00fcr Ihre LinkedIn-Seite kaufen. Viele fragen sich, ob das m\u00f6glich ist. Es ist m\u00f6glich, LinkedIn-Follower zu kaufen. Dank des Tools von Follower Ninja zum Kauf von Linkedin Followern f\u00fcr Linkedin Unternehmensseite m\u00fcssen Sie nicht lange warten, um Ihre Seite zu verbessern. Machen Sie sich keine Sorgen \u00fcber rechtliche Aspekte. Diese Follower sind keine Bots oder Betr\u00fcger. Es sind aktive LinkedIn-Nutzer. LinkedIn kann Ihnen nicht vorwerfen, dass Sie so viele Follower haben, da Sie keine Kontrolle dar\u00fcber haben, wer Ihrer Seite folgt. Es wird nicht von Ihnen erwartet, dass Sie die Anzahl Ihrer Follower selbst erh\u00f6hen. Wir machen das ganz einfach f\u00fcr Sie. Steigern Sie die Anzahl Ihrer Follower ganz einfach mit Follower Ninja<\/p>\n<p><img fetchpriority=\"high\" decoding=\"async\" class=\"alignnone size-medium wp-image-47387\" src=\"http:\/\/followerninja.com\/wp-content\/uploads\/2022\/11\/follower-400x400.jpg\" alt=\"follower ninja\" width=\"400\" height=\"400\" data-wp-pid=\"47387\" title=\"\" srcset=\"https:\/\/followerninja.com\/wp-content\/uploads\/2022\/11\/follower-400x400.jpg 400w, https:\/\/followerninja.com\/wp-content\/uploads\/2022\/11\/follower-1200x1200-cropped.jpg 1200w, https:\/\/followerninja.com\/wp-content\/uploads\/2022\/11\/follower-scaled-100x100.jpg 100w, https:\/\/followerninja.com\/wp-content\/uploads\/2022\/11\/follower-800x800.jpg 800w, https:\/\/followerninja.com\/wp-content\/uploads\/2022\/11\/follower-280x280.jpg 280w, https:\/\/followerninja.com\/wp-content\/uploads\/2022\/11\/follower-768x768.jpg 768w, https:\/\/followerninja.com\/wp-content\/uploads\/2022\/11\/follower-1536x1536.jpg 1536w, https:\/\/followerninja.com\/wp-content\/uploads\/2022\/11\/follower-12x12.jpg 12w, https:\/\/followerninja.com\/wp-content\/uploads\/2022\/11\/follower-1320x1320.jpg 1320w, https:\/\/followerninja.com\/wp-content\/uploads\/2022\/11\/follower-scaled.jpg 1920w\" sizes=\"(max-width: 400px) 100vw, 400px\" \/><\/p>\n<p>&nbsp;<\/p>\n<p><strong>Hier ist, warum du Leistungen von uns kaufen solltest:<\/strong><\/p>\n<p>Wir fragen dich nie nach deinem Passwort oder wichtigen Informationen. Wir bieten eine sichere Umgebung und legale Dienstleistungen. Also kein Hacking oder illegale Angelegenheiten.<br \/>\nSicherheit ist ein wichtiger Schritt im Wachstum der sozialen Medien. Unsere Systeme laufen mit SSL-Zertifikaten, so dass alle deine Daten sicher sind, wenn du bei uns einkaufst.<br \/>\nSocial Media Wachstum ist 24\/7 f\u00fcr dich da. Wenn du Fragen hast oder Hilfe brauchst, kannst du dich jederzeit an unseren Support wenden.<br \/>\nWir bieten g\u00fcnstige Social-Media-Dienste an. Unsere Preise sind sehr g\u00fcnstig und billiger als bei jedem anderen Anbieter.<br \/>\nDie Zahlungsabwicklung ist sehr einfach und sicher. Du kannst f\u00fcr unsere Dienste mit Karte, Payeer bezahlen.<\/p>\n<p>Die oben genannten Vorteile gelten f\u00fcr alle unsere Dienstleistungen. Wenn du nach dem besten Ort suchst, um Social-Media-Dienste zu kaufen, hast du ihn gefunden!<\/p>\n","protected":false},"excerpt":{"rendered":"<p>\u27a1\ufe0f LinkedIn \u2013 Profile Followers | USA\/UK | 0-12 Stunden<br \/>\n\u27a1\ufe0f Lebenslange Non-Drop-Garantie<br \/>\n\u27a1\ufe0f Start: 0-24H (Bestellung wird in 24 Stunden abgeschlossen)<br \/>\n\u27a1\ufe0f 300 Tage Geschwindigkeit<br \/>\n\u27a1\ufe0f Maximal bis zu 300<br \/>\n\u27a1\ufe0f Vorgeschlagene Zeit: Min-300 pro Zeit<br \/>\n\u27a1\ufe0f Nachf\u00fcllen: Lebenslang Non-Drop<br \/>\n\u27a1\ufe0f \u00d6ffentliches Linkedin Unternehmensprofil erforderlich<\/p>\n","protected":false},"featured_media":46511,"comment_status":"open","ping_status":"closed","template":"","meta":{"_acf_changed":false},"product_brand":[],"product_cat":[393],"product_tag":[394],"class_list":{"0":"post-47480","1":"product","2":"type-product","3":"status-publish","4":"has-post-thumbnail","6":"product_cat-linkedin","7":"product_tag-linkedin-follower","9":"first","10":"instock","11":"virtual","12":"purchasable","13":"product-type-simple"},"acf":[],"jetpack_sharing_enabled":true,"head":{"html":["<meta name=\"wpsso-begin\" content=\"wpsso structured data begin\"\/>\n","<!-- generator:1 --><meta name=\"generator\" content=\"WPSSO Core 21.8.0\/L*\"\/>\n","<!-- generator:2 --><meta name=\"generator\" content=\"WPSSO REST 3.3.0\/S\"\/>\n","<!-- generator:3 --><meta name=\"generator\" content=\"WPSSO BC 5.3.0\/S\"\/>\n","<!-- generator:4 --><meta name=\"generator\" content=\"WPSSO SSM 3.4.0\/S\"\/>\n","<!-- generator:5 --><meta name=\"generator\" content=\"WPSSO UM 7.3.0\/S\"\/>\n","<link rel=\"shortlink\" href=\"https:\/\/followerninja.com\/de\/?p=47480\"\/>\n","<meta property=\"fb:app_id\" content=\"966242223397117\"\/>\n","<meta property=\"og:type\" content=\"product\"\/>\n","<meta property=\"og:url\" content=\"https:\/\/followerninja.com\/de\/linkedin\/linkedin-unternehmensseite-follower\/\"\/>\n","<meta property=\"og:locale\" content=\"de_DE\"\/>\n","<meta property=\"og:site_name\" content=\"Follower Ninja\"\/>\n","<meta property=\"og:title\" content=\"LinkedIn Unternehmensseite Follower kaufen - Follower Ninja\"\/>\n","<meta property=\"og:description\" content=\"LinkedIn Unternehmensseite Follower kaufen - TikTok - Instagram - YouTube Reichweite \u2713 Qualifizierte Follower - Views f&uuml;r dein Social Media - Follower Ninja\"\/>\n","<meta property=\"og:updated_time\" content=\"2024-10-04T07:26:47+00:00\"\/>\n","<meta property=\"product:retailer_item_id\" content=\"47480\"\/>\n","<meta property=\"product:availability\" content=\"in stock\"\/>\n","<meta property=\"product:condition\" content=\"new\"\/>\n","<meta property=\"product:original_price:amount\" content=\"0.00\"\/>\n","<meta property=\"product:original_price:currency\" content=\"EUR\"\/>\n","<meta property=\"product:pretax_price:amount\" content=\"0.00\"\/>\n","<meta property=\"product:pretax_price:currency\" content=\"EUR\"\/>\n","<meta property=\"product:price:amount\" content=\"0.00\"\/>\n","<meta property=\"product:price:currency\" content=\"EUR\"\/>\n","<meta name=\"twitter:domain\" content=\"followerninja.com\"\/>\n","<meta name=\"twitter:title\" content=\"LinkedIn Unternehmensseite Follower kaufen - Follower Ninja\"\/>\n","<meta name=\"twitter:description\" content=\"LinkedIn Unternehmensseite Follower kaufen - TikTok - Instagram - YouTube Reichweite \u2713 Qualifizierte Follower - Views f&uuml;r dein Social Media - Follower Ninja\"\/>\n","<meta name=\"twitter:card\" content=\"summary\"\/>\n","<meta name=\"twitter:label1\" content=\"Price\"\/>\n","<meta name=\"twitter:data1\" content=\"0.00 EUR\"\/>\n","<meta name=\"twitter:label2\" content=\"Availability\"\/>\n","<meta name=\"twitter:data2\" content=\"In Stock\"\/>\n","<script type=\"application\/ld+json\" id=\"wpsso-schema-graph\">{\n    \"@context\": \"https:\/\/schema.org\",\n    \"@graph\": [\n        {\n            \"@id\": \"\/linkedin\/linkedin-unternehmensseite-follower\/#sso\/product\/47480\",\n            \"@context\": \"https:\/\/schema.org\",\n            \"@type\": \"Product\",\n            \"mainEntityOfPage\": \"https:\/\/followerninja.com\/de\/linkedin\/linkedin-unternehmensseite-follower\/\",\n            \"url\": \"https:\/\/followerninja.com\/de\/linkedin\/linkedin-unternehmensseite-follower\/\",\n            \"sameAs\": [\n                \"https:\/\/followerninja.com\/de\/?p=47480\"\n            ],\n            \"name\": \"LinkedIn Unternehmensseite Follower kaufen - Follower Ninja\",\n            \"description\": \"LinkedIn Unternehmensseite Follower kaufen - TikTok - Instagram - YouTube Reichweite \\u2713 Qualifizierte Follower - Views f&uuml;r dein Social Media - Follower Ninja\",\n            \"itemCondition\": \"https:\/\/schema.org\/NewCondition\",\n            \"offers\": {\n                \"@context\": \"https:\/\/schema.org\",\n                \"@type\": \"Offer\",\n                \"url\": \"https:\/\/followerninja.com\/de\/linkedin\/linkedin-unternehmensseite-follower\/\",\n                \"name\": \"LinkedIn Unternehmensseite Follower kaufen - Follower Ninja\",\n                \"description\": \"LinkedIn Unternehmensseite Follower kaufen - TikTok - Instagram - YouTube Reichweite \\u2713 Qualifizierte Follower - Views f&uuml;r dein Social Media - Follower Ninja\",\n                \"availability\": \"https:\/\/schema.org\/InStock\",\n                \"itemCondition\": \"https:\/\/schema.org\/NewCondition\",\n                \"price\": \"0.00\",\n                \"priceCurrency\": \"EUR\",\n                \"priceValidUntil\": \"2027-04-06T03:54:00+00:00\",\n                \"priceSpecification\": [\n                    {\n                        \"@context\": \"https:\/\/schema.org\",\n                        \"@type\": \"UnitPriceSpecification\",\n                        \"priceType\": \"https:\/\/schema.org\/ListPrice\",\n                        \"price\": \"0.00\",\n                        \"priceCurrency\": \"EUR\",\n                        \"valueAddedTaxIncluded\": false,\n                        \"validThrough\": \"2026-05-06T03:54:00+00:00\"\n                    }\n                ],\n                \"seller\": {\n                    \"@id\": \"\/#sso\/organization\/site\/org-logo-url\"\n                }\n            }\n        },\n        {\n            \"@id\": \"\/#sso\/organization\/site\/org-logo-url\",\n            \"@context\": \"https:\/\/schema.org\",\n            \"@type\": \"Organization\",\n            \"url\": \"https:\/\/followerninja.com\/de\/\",\n            \"name\": \"Follower Ninja\",\n            \"description\": \"Social Media Follower\",\n            \"image\": [\n                {\n                    \"@id\": \"http:\/\/followerninja.com\/wp-content\/uploads\/2021\/01\/instagram-1.png#sso\/image-object\"\n                }\n            ],\n            \"logo\": {\n                \"@id\": \"http:\/\/followerninja.com\/wp-content\/uploads\/2021\/01\/instagram-1.png#sso\/image-object\"\n            },\n            \"sameAs\": [\n                \"https:\/\/www.instagram.com\/followerninjacom\/\",\n                \"https:\/\/www.linkedin.com\/in\/melanie-loescher\/\"\n            ]\n        },\n        {\n            \"@id\": \"http:\/\/followerninja.com\/wp-content\/uploads\/2021\/01\/instagram-1.png#sso\/image-object\",\n            \"@context\": \"https:\/\/schema.org\",\n            \"@type\": \"ImageObject\",\n            \"url\": \"http:\/\/followerninja.com\/wp-content\/uploads\/2021\/01\/instagram-1.png\",\n            \"width\": [\n                {\n                    \"@id\": \"#sso\/qv-width-px-512\"\n                }\n            ],\n            \"height\": [\n                {\n                    \"@id\": \"#sso\/qv-height-px-512\"\n                }\n            ]\n        },\n        {\n            \"@id\": \"#sso\/qv-width-px-512\",\n            \"@context\": \"https:\/\/schema.org\",\n            \"@type\": \"QuantitativeValue\",\n            \"name\": \"Width\",\n            \"unitText\": \"px\",\n            \"unitCode\": \"E37\",\n            \"value\": \"512\"\n        },\n        {\n            \"@id\": \"#sso\/qv-height-px-512\",\n            \"@context\": \"https:\/\/schema.org\",\n            \"@type\": \"QuantitativeValue\",\n            \"name\": \"Height\",\n            \"unitText\": \"px\",\n            \"unitCode\": \"E37\",\n            \"value\": \"512\"\n        },\n        {\n            \"@id\": \"\/linkedin\/linkedin-unternehmensseite-follower\/#sso\/breadcrumb.list\/linkedin\",\n            \"@context\": \"https:\/\/schema.org\",\n            \"@type\": \"BreadcrumbList\",\n            \"url\": \"https:\/\/followerninja.com\/de\/linkedin\/linkedin-unternehmensseite-follower\/\",\n            \"itemListElement\": [\n                {\n                    \"@context\": \"https:\/\/schema.org\",\n                    \"@type\": \"ListItem\",\n                    \"position\": 1,\n                    \"name\": \"Home\",\n                    \"item\": \"https:\/\/followerninja.com\/de\/\"\n                },\n                {\n                    \"@context\": \"https:\/\/schema.org\",\n                    \"@type\": \"ListItem\",\n                    \"position\": 2,\n                    \"name\": \"Blog\",\n                    \"item\": \"https:\/\/followerninja.com\/\"\n                },\n                {\n                    \"@context\": \"https:\/\/schema.org\",\n                    \"@type\": \"ListItem\",\n                    \"position\": 3,\n                    \"name\": \"Linkedin\",\n                    \"item\": \"https:\/\/followerninja.com\/de\/linkedin\/\"\n                },\n                {\n                    \"@context\": \"https:\/\/schema.org\",\n                    \"@type\": \"ListItem\",\n                    \"position\": 4,\n                    \"name\": \"LinkedIn Unternehmensseite Follower kaufen - Follower Ninja\",\n                    \"item\": \"https:\/\/followerninja.com\/de\/linkedin\/linkedin-unternehmensseite-follower\/\"\n                }\n            ]\n        }\n    ]\n}<\/script>\n","<meta name=\"wpsso-end\" content=\"wpsso structured data end\"\/>\n","<meta name=\"wpsso-cached\" content=\"2026-04-06T03:54:00+00:00 for followerninja.com\"\/>\n"],"json":[{"@context":"https:\/\/schema.org","@graph":[{"@id":"\/linkedin\/linkedin-unternehmensseite-follower\/#sso\/product\/47480","@context":"https:\/\/schema.org","@type":"Product","mainEntityOfPage":"https:\/\/followerninja.com\/de\/linkedin\/linkedin-unternehmensseite-follower\/","url":"https:\/\/followerninja.com\/de\/linkedin\/linkedin-unternehmensseite-follower\/","sameAs":["https:\/\/followerninja.com\/de\/?p=47480"],"name":"LinkedIn Unternehmensseite Follower kaufen - Follower Ninja","description":"LinkedIn Unternehmensseite Follower kaufen - TikTok - Instagram - YouTube Reichweite \u2713 Qualifizierte Follower - Views f&uuml;r dein Social Media - Follower Ninja","itemCondition":"https:\/\/schema.org\/NewCondition","offers":{"@context":"https:\/\/schema.org","@type":"Offer","url":"https:\/\/followerninja.com\/de\/linkedin\/linkedin-unternehmensseite-follower\/","name":"LinkedIn Unternehmensseite Follower kaufen - Follower Ninja","description":"LinkedIn Unternehmensseite Follower kaufen - TikTok - Instagram - YouTube Reichweite \u2713 Qualifizierte Follower - Views f&uuml;r dein Social Media - Follower Ninja","availability":"https:\/\/schema.org\/InStock","itemCondition":"https:\/\/schema.org\/NewCondition","price":"0.00","priceCurrency":"EUR","priceValidUntil":"2027-04-06T03:54:00+00:00","priceSpecification":[{"@context":"https:\/\/schema.org","@type":"UnitPriceSpecification","priceType":"https:\/\/schema.org\/ListPrice","price":"0.00","priceCurrency":"EUR","valueAddedTaxIncluded":false,"validThrough":"2026-05-06T03:54:00+00:00"}],"seller":{"@id":"\/#sso\/organization\/site\/org-logo-url"}}},{"@id":"\/#sso\/organization\/site\/org-logo-url","@context":"https:\/\/schema.org","@type":"Organization","url":"https:\/\/followerninja.com\/de\/","name":"Follower Ninja","description":"Social Media Follower","image":[{"@id":"http:\/\/followerninja.com\/wp-content\/uploads\/2021\/01\/instagram-1.png#sso\/image-object"}],"logo":{"@id":"http:\/\/followerninja.com\/wp-content\/uploads\/2021\/01\/instagram-1.png#sso\/image-object"},"sameAs":["https:\/\/www.instagram.com\/followerninjacom\/","https:\/\/www.linkedin.com\/in\/melanie-loescher\/"]},{"@id":"http:\/\/followerninja.com\/wp-content\/uploads\/2021\/01\/instagram-1.png#sso\/image-object","@context":"https:\/\/schema.org","@type":"ImageObject","url":"http:\/\/followerninja.com\/wp-content\/uploads\/2021\/01\/instagram-1.png","width":[{"@id":"#sso\/qv-width-px-512"}],"height":[{"@id":"#sso\/qv-height-px-512"}]},{"@id":"#sso\/qv-width-px-512","@context":"https:\/\/schema.org","@type":"QuantitativeValue","name":"Width","unitText":"px","unitCode":"E37","value":"512"},{"@id":"#sso\/qv-height-px-512","@context":"https:\/\/schema.org","@type":"QuantitativeValue","name":"Height","unitText":"px","unitCode":"E37","value":"512"},{"@id":"\/linkedin\/linkedin-unternehmensseite-follower\/#sso\/breadcrumb.list\/linkedin","@context":"https:\/\/schema.org","@type":"BreadcrumbList","url":"https:\/\/followerninja.com\/de\/linkedin\/linkedin-unternehmensseite-follower\/","itemListElement":[{"@context":"https:\/\/schema.org","@type":"ListItem","position":1,"name":"Home","item":"https:\/\/followerninja.com\/de\/"},{"@context":"https:\/\/schema.org","@type":"ListItem","position":2,"name":"Blog","item":"https:\/\/followerninja.com\/"},{"@context":"https:\/\/schema.org","@type":"ListItem","position":3,"name":"Linkedin","item":"https:\/\/followerninja.com\/de\/linkedin\/"},{"@context":"https:\/\/schema.org","@type":"ListItem","position":4,"name":"LinkedIn Unternehmensseite Follower kaufen - Follower Ninja","item":"https:\/\/followerninja.com\/de\/linkedin\/linkedin-unternehmensseite-follower\/"}]}]}],"parts":[["meta","name","generator","content","WPSSO Core 21.8.0\/L*","generator:1"],["meta","name","generator","content","WPSSO REST 3.3.0\/S","generator:2"],["meta","name","generator","content","WPSSO BC 5.3.0\/S","generator:3"],["meta","name","generator","content","WPSSO SSM 3.4.0\/S","generator:4"],["meta","name","generator","content","WPSSO UM 7.3.0\/S","generator:5"],["link","rel","shortlink","href","https:\/\/followerninja.com\/de\/?p=47480",""],["meta","property","fb:app_id","content","966242223397117",""],["meta","property","og:time","content","2026-04-06T03:54:00+00:00",""],["meta","property","og:type","content","product",""],["meta","property","og:url","content","https:\/\/followerninja.com\/de\/linkedin\/linkedin-unternehmensseite-follower\/",""],["meta","property","og:locale","content","de_DE",""],["meta","property","og:site_name","content","Follower Ninja",""],["meta","property","og:title","content","LinkedIn Unternehmensseite Follower kaufen - Follower Ninja",""],["meta","property","og:description","content","LinkedIn Unternehmensseite Follower kaufen - TikTok - Instagram - YouTube Reichweite \u2713 Qualifizierte Follower - Views f&uuml;r dein Social Media - Follower Ninja",""],["meta","property","og:updated_time","content","2024-10-04T07:26:47+00:00",""],["meta","name","schema:language","content","de_DE",""],["meta","name","schema:type:id","content","product",""],["meta","name","schema:type:url","content","https:\/\/schema.org\/Product",""],["meta","name","schema:type:context","content","https:\/\/schema.org",""],["meta","name","schema:type:name","content","Product",""],["meta","name","schema:type:path","content","schema.org\/Product",""],["meta","property","product:retailer_item_id","content","47480",""],["meta","property","product:url","content","https:\/\/followerninja.com\/de\/linkedin\/linkedin-unternehmensseite-follower\/",""],["meta","property","product:title","content","LinkedIn Unternehmensseite Follower kaufen - Follower Ninja",""],["meta","property","product:description","content","LinkedIn Unternehmensseite Follower kaufen - TikTok - Instagram - YouTube Reichweite \u2713 Qualifizierte Follower - Views f&uuml;r dein Social Media - Follower Ninja",""],["meta","property","product:updated_time","content","2024-10-04T07:26:47+00:00",""],["meta","property","product:availability","content","in stock",""],["meta","property","product:retailer_category","content","Linkedin",""],["meta","property","product:condition","content","new",""],["meta","property","product:is_virtual","content","true",""],["meta","property","product:min_advert_price:amount","content","0.00",""],["meta","property","product:min_advert_price:currency","content","EUR",""],["meta","property","product:original_price:type","content","https:\/\/schema.org\/ListPrice",""],["meta","property","product:original_price:amount","content","0.00",""],["meta","property","product:original_price:currency","content","EUR",""],["meta","property","product:pretax_price:amount","content","0.00",""],["meta","property","product:pretax_price:currency","content","EUR",""],["meta","property","product:price:type","content","https:\/\/schema.org\/ListPrice",""],["meta","property","product:price:amount","content","0.00",""],["meta","property","product:price:currency","content","EUR",""],["meta","property","product:price:vat_included","content","false",""],["meta","property","article:author:name","content","followerninja",""],["meta","property","article:reading_mins","content","3",""],["meta","name","twitter:domain","content","followerninja.com",""],["meta","name","twitter:title","content","LinkedIn Unternehmensseite Follower kaufen - Follower Ninja",""],["meta","name","twitter:description","content","LinkedIn Unternehmensseite Follower kaufen - TikTok - Instagram - YouTube Reichweite \u2713 Qualifizierte Follower - Views f&uuml;r dein Social Media - Follower Ninja",""],["meta","name","twitter:card","content","summary",""],["meta","name","twitter:label1","content","Price",""],["meta","name","twitter:data1","content","0.00 EUR",""],["meta","name","twitter:label2","content","Availability",""],["meta","name","twitter:data2","content","In Stock",""]]},"_links":{"self":[{"href":"https:\/\/followerninja.com\/de\/wp-json\/wp\/v2\/product\/47480","targetHints":{"allow":["GET"]}}],"collection":[{"href":"https:\/\/followerninja.com\/de\/wp-json\/wp\/v2\/product"}],"about":[{"href":"https:\/\/followerninja.com\/de\/wp-json\/wp\/v2\/types\/product"}],"replies":[{"embeddable":true,"href":"https:\/\/followerninja.com\/de\/wp-json\/wp\/v2\/comments?post=47480"}],"wp:featuredmedia":[{"embeddable":true,"href":"https:\/\/followerninja.com\/de\/wp-json\/wp\/v2\/media\/46511"}],"wp:attachment":[{"href":"https:\/\/followerninja.com\/de\/wp-json\/wp\/v2\/media?parent=47480"}],"wp:term":[{"taxonomy":"product_brand","embeddable":true,"href":"https:\/\/followerninja.com\/de\/wp-json\/wp\/v2\/product_brand?post=47480"},{"taxonomy":"product_cat","embeddable":true,"href":"https:\/\/followerninja.com\/de\/wp-json\/wp\/v2\/product_cat?post=47480"},{"taxonomy":"product_tag","embeddable":true,"href":"https:\/\/followerninja.com\/de\/wp-json\/wp\/v2\/product_tag?post=47480"}],"curies":[{"name":"wp","href":"https:\/\/api.w.org\/{rel}","templated":true}]}}