{"id":548,"date":"2021-01-30T17:06:05","date_gmt":"2021-01-30T16:06:05","guid":{"rendered":"http:\/\/followerninja.com\/\/?post_type=product&#038;p=548"},"modified":"2024-10-04T09:31:45","modified_gmt":"2024-10-04T07:31:45","slug":"soundcloud-plays-kaufen","status":"publish","type":"product","link":"https:\/\/followerninja.com\/de\/soundcloud\/soundcloud-plays-kaufen\/","title":{"rendered":"Soundcloud Plays"},"content":{"rendered":"<p>Warum Follower Ninja die beste Seite ist, um echte SoundCloud-Dienste zu kaufen<br \/>\nFollower Ninja hat erfahrene Social-Media-Vermarkter, die sich st\u00e4ndig weiterentwickeln, um neue Trends in ihre Prozesse zu integrieren. Wir haben die Erfahrung und das Fachwissen, um sicherzustellen, dass deine Marke in Bezug auf Marktanteil und Glaubw\u00fcrdigkeit mit gr\u00f6\u00dferen Marken mithalten kann.<\/p>\n<p>Es gibt viele Websites, auf denen du Social-Media-Dienstleistungen kaufen kannst, aber wir behaupten, die Besten zu sein! Seit 2017 helfen wir unseren Kunden, ihre Social-Media-Accounts zu vergr\u00f6\u00dfern, und seitdem sind wir f\u00fcr die meisten Menschen die erste Adresse. Hier ist, warum du Leistungen von uns kaufen solltest:<\/p>\n<p>Wir fragen dich nie nach deinem Passwort oder wichtigen Informationen. Wir bieten eine sichere Umgebung und legale Dienstleistungen. Also kein Hacking oder illegale Angelegenheiten.<br \/>\nSicherheit ist ein wichtiger Schritt im Wachstum der sozialen Medien. Unsere Systeme laufen mit SSL-Zertifikaten, so dass alle deine Daten sicher sind, wenn du bei uns einkaufst.<br \/>\nSocial Media Wachstum ist 24\/7 f\u00fcr dich da. Wenn du Fragen hast oder Hilfe brauchst, kannst du dich jederzeit an unseren Support wenden.<br \/>\nWir bieten g\u00fcnstige Social-Media-Dienste an. Unsere Preise sind sehr g\u00fcnstig und billiger als bei jedem anderen Anbieter.<br \/>\nDie Zahlungsabwicklung ist sehr einfach und sicher. Du kannst f\u00fcr unsere Dienste mit Karte und Payeer bezahlen.<\/p>\n<p>Die oben genannten Vorteile gelten f\u00fcr alle unsere Dienstleistungen. Wenn du nach dem besten Ort suchst, um Social-Media-Dienste zu kaufen, hast du ihn gefunden!<\/p>\n","protected":false},"excerpt":{"rendered":"<p><span style=\"font-size: 14.4px;\">\u27a1\ufe0f<\/span> Start: Sofort \u2013 12 Stunden<br \/>\n<span style=\"font-size: 14.4px;\">\u27a1\ufe0f<\/span> Geschwindigkeit: 20.000\/Tag<\/p>\n","protected":false},"featured_media":46476,"comment_status":"closed","ping_status":"closed","template":"","meta":{"_acf_changed":false},"product_brand":[],"product_cat":[88],"product_tag":[212],"class_list":{"0":"post-548","1":"product","2":"type-product","3":"status-publish","4":"has-post-thumbnail","6":"product_cat-soundcloud","7":"product_tag-soundcloud-plays","9":"first","10":"instock","11":"virtual","12":"purchasable","13":"product-type-simple"},"acf":[],"jetpack_sharing_enabled":true,"head":{"html":["<meta name=\"wpsso-begin\" content=\"wpsso structured data begin\"\/>\n","<!-- generator:1 --><meta name=\"generator\" content=\"WPSSO Core 21.8.0\/L*\"\/>\n","<!-- generator:2 --><meta name=\"generator\" content=\"WPSSO REST 3.3.0\/S\"\/>\n","<!-- generator:3 --><meta name=\"generator\" content=\"WPSSO BC 5.3.0\/S\"\/>\n","<!-- generator:4 --><meta name=\"generator\" content=\"WPSSO SSM 3.4.0\/S\"\/>\n","<!-- generator:5 --><meta name=\"generator\" content=\"WPSSO UM 7.3.0\/S\"\/>\n","<link rel=\"shortlink\" href=\"https:\/\/followerninja.com\/de\/?p=548\"\/>\n","<meta property=\"fb:app_id\" content=\"966242223397117\"\/>\n","<meta property=\"og:type\" content=\"product\"\/>\n","<meta property=\"og:url\" content=\"https:\/\/followerninja.com\/de\/soundcloud\/soundcloud-plays-kaufen\/\"\/>\n","<meta property=\"og:locale\" content=\"de_DE\"\/>\n","<meta property=\"og:site_name\" content=\"Follower Ninja\"\/>\n","<meta property=\"og:title\" content=\"Soundcloud Plays\"\/>\n","<meta property=\"og:description\" content=\"&#x27a1;&#xfe0f; Start: Sofort &ndash; 12 Stunden &#x27a1;&#xfe0f; Geschwindigkeit: 20.000\/Tag\"\/>\n","<meta property=\"og:updated_time\" content=\"2024-10-04T07:31:45+00:00\"\/>\n","<meta property=\"product:retailer_item_id\" content=\"548\"\/>\n","<meta property=\"product:availability\" content=\"in stock\"\/>\n","<meta property=\"product:condition\" content=\"new\"\/>\n","<meta property=\"product:original_price:amount\" content=\"0.00\"\/>\n","<meta property=\"product:original_price:currency\" content=\"EUR\"\/>\n","<meta property=\"product:pretax_price:amount\" content=\"0.00\"\/>\n","<meta property=\"product:pretax_price:currency\" content=\"EUR\"\/>\n","<meta property=\"product:price:amount\" content=\"0.00\"\/>\n","<meta property=\"product:price:currency\" content=\"EUR\"\/>\n","<meta name=\"twitter:domain\" content=\"followerninja.com\"\/>\n","<meta name=\"twitter:title\" content=\"Soundcloud Plays\"\/>\n","<meta name=\"twitter:description\" content=\"&#x27a1;&#xfe0f; Start: Sofort &ndash; 12 Stunden &#x27a1;&#xfe0f; Geschwindigkeit: 20.000\/Tag\"\/>\n","<meta name=\"twitter:card\" content=\"summary\"\/>\n","<meta name=\"twitter:label1\" content=\"Price\"\/>\n","<meta name=\"twitter:data1\" content=\"0.00 EUR\"\/>\n","<meta name=\"twitter:label2\" content=\"Availability\"\/>\n","<meta name=\"twitter:data2\" content=\"In Stock\"\/>\n","<script type=\"application\/ld+json\" id=\"wpsso-schema-graph\">{\n    \"@context\": \"https:\/\/schema.org\",\n    \"@graph\": [\n        {\n            \"@id\": \"\/soundcloud\/soundcloud-plays-kaufen\/#sso\/product\/548\",\n            \"@context\": \"https:\/\/schema.org\",\n            \"@type\": \"Product\",\n            \"mainEntityOfPage\": \"https:\/\/followerninja.com\/de\/soundcloud\/soundcloud-plays-kaufen\/\",\n            \"url\": \"https:\/\/followerninja.com\/de\/soundcloud\/soundcloud-plays-kaufen\/\",\n            \"sameAs\": [\n                \"https:\/\/followerninja.com\/de\/?p=548\"\n            ],\n            \"name\": \"Soundcloud Plays\",\n            \"description\": \"&#x27a1;&#xfe0f; Start: Sofort &ndash; 12 Stunden &#x27a1;&#xfe0f; Geschwindigkeit: 20.000\/Tag\",\n            \"aggregateRating\": {\n                \"@id\": \"\/soundcloud\/soundcloud-plays-kaufen\/#sso\/product\/548\/rating-aggregate\/5\/3\/1\/5\/3\"\n            },\n            \"review\": [\n                {\n                    \"@id\": \"\/soundcloud\/soundcloud-plays-kaufen\/#sso\/review\/3696\"\n                },\n                {\n                    \"@id\": \"\/soundcloud\/soundcloud-plays-kaufen\/#sso\/review\/3695\"\n                },\n                {\n                    \"@id\": \"\/soundcloud\/soundcloud-plays-kaufen\/#sso\/review\/3694\"\n                }\n            ],\n            \"itemCondition\": \"https:\/\/schema.org\/NewCondition\",\n            \"offers\": {\n                \"@context\": \"https:\/\/schema.org\",\n                \"@type\": \"Offer\",\n                \"url\": \"https:\/\/followerninja.com\/de\/soundcloud\/soundcloud-plays-kaufen\/\",\n                \"name\": \"Soundcloud Plays\",\n                \"description\": \"&#x27a1;&#xfe0f; Start: Sofort &ndash; 12 Stunden &#x27a1;&#xfe0f; Geschwindigkeit: 20.000\/Tag\",\n                \"availability\": \"https:\/\/schema.org\/InStock\",\n                \"itemCondition\": \"https:\/\/schema.org\/NewCondition\",\n                \"price\": \"0.00\",\n                \"priceCurrency\": \"EUR\",\n                \"priceValidUntil\": \"2027-04-07T14:55:20+00:00\",\n                \"priceSpecification\": [\n                    {\n                        \"@context\": \"https:\/\/schema.org\",\n                        \"@type\": \"UnitPriceSpecification\",\n                        \"priceType\": \"https:\/\/schema.org\/ListPrice\",\n                        \"price\": \"0.00\",\n                        \"priceCurrency\": \"EUR\",\n                        \"valueAddedTaxIncluded\": false,\n                        \"validThrough\": \"2026-05-07T14:55:20+00:00\"\n                    }\n                ],\n                \"seller\": {\n                    \"@id\": \"\/#sso\/organization\/site\/org-logo-url\"\n                }\n            }\n        },\n        {\n            \"@id\": \"\/soundcloud\/soundcloud-plays-kaufen\/#sso\/product\/548\/rating-aggregate\/5\/3\/1\/5\/3\",\n            \"@context\": \"https:\/\/schema.org\",\n            \"@type\": \"AggregateRating\",\n            \"ratingValue\": 5,\n            \"ratingCount\": 3,\n            \"worstRating\": 1,\n            \"bestRating\": 5,\n            \"reviewCount\": 3\n        },\n        {\n            \"@id\": \"\/soundcloud\/soundcloud-plays-kaufen\/#sso\/review\/3696\",\n            \"@context\": \"https:\/\/schema.org\",\n            \"@type\": \"Review\",\n            \"url\": \"https:\/\/followerninja.com\/de\/soundcloud\/soundcloud-plays-kaufen\/#comment-3696\",\n            \"dateCreated\": \"2022-11-22T22:00:00+01:00\",\n            \"name\": \"Review by Bryan on November 22, 2022\",\n            \"description\": \"Very well worth the money.\",\n            \"text\": \"Very well worth the money.\",\n            \"reviewRating\": {\n                \"@context\": \"https:\/\/schema.org\",\n                \"@type\": \"Rating\",\n                \"ratingValue\": 5,\n                \"worstRating\": 1,\n                \"bestRating\": 5\n            },\n            \"author\": {\n                \"@context\": \"https:\/\/schema.org\",\n                \"@type\": \"Person\",\n                \"name\": \"Bryan\"\n            }\n        },\n        {\n            \"@id\": \"\/soundcloud\/soundcloud-plays-kaufen\/#sso\/review\/3695\",\n            \"@context\": \"https:\/\/schema.org\",\n            \"@type\": \"Review\",\n            \"url\": \"https:\/\/followerninja.com\/de\/soundcloud\/soundcloud-plays-kaufen\/#comment-3695\",\n            \"dateCreated\": \"2022-07-28T04:00:00+02:00\",\n            \"name\": \"Review by Aiden on Juli 28, 2022\",\n            \"description\": \"Very fast delivery.\",\n            \"text\": \"Very fast delivery.\",\n            \"reviewRating\": {\n                \"@context\": \"https:\/\/schema.org\",\n                \"@type\": \"Rating\",\n                \"ratingValue\": 5,\n                \"worstRating\": 1,\n                \"bestRating\": 5\n            },\n            \"author\": {\n                \"@context\": \"https:\/\/schema.org\",\n                \"@type\": \"Person\",\n                \"name\": \"Aiden\"\n            }\n        },\n        {\n            \"@id\": \"\/soundcloud\/soundcloud-plays-kaufen\/#sso\/review\/3694\",\n            \"@context\": \"https:\/\/schema.org\",\n            \"@type\": \"Review\",\n            \"url\": \"https:\/\/followerninja.com\/de\/soundcloud\/soundcloud-plays-kaufen\/#comment-3694\",\n            \"dateCreated\": \"2022-06-18T16:00:00+02:00\",\n            \"name\": \"Review by Hayden on Juni 18, 2022\",\n            \"description\": \"Good quality.\",\n            \"text\": \"Good quality.\",\n            \"reviewRating\": {\n                \"@context\": \"https:\/\/schema.org\",\n                \"@type\": \"Rating\",\n                \"ratingValue\": 5,\n                \"worstRating\": 1,\n                \"bestRating\": 5\n            },\n            \"author\": {\n                \"@context\": \"https:\/\/schema.org\",\n                \"@type\": \"Person\",\n                \"name\": \"Hayden\"\n            }\n        },\n        {\n            \"@id\": \"\/#sso\/organization\/site\/org-logo-url\",\n            \"@context\": \"https:\/\/schema.org\",\n            \"@type\": \"Organization\",\n            \"url\": \"https:\/\/followerninja.com\/de\/\",\n            \"name\": \"Follower Ninja\",\n            \"description\": \"Social Media Follower\",\n            \"image\": [\n                {\n                    \"@id\": \"http:\/\/followerninja.com\/wp-content\/uploads\/2021\/01\/instagram-1.png#sso\/image-object\"\n                }\n            ],\n            \"logo\": {\n                \"@id\": \"http:\/\/followerninja.com\/wp-content\/uploads\/2021\/01\/instagram-1.png#sso\/image-object\"\n            },\n            \"sameAs\": [\n                \"https:\/\/www.instagram.com\/followerninjacom\/\",\n                \"https:\/\/www.linkedin.com\/in\/melanie-loescher\/\"\n            ]\n        },\n        {\n            \"@id\": \"http:\/\/followerninja.com\/wp-content\/uploads\/2021\/01\/instagram-1.png#sso\/image-object\",\n            \"@context\": \"https:\/\/schema.org\",\n            \"@type\": \"ImageObject\",\n            \"url\": \"http:\/\/followerninja.com\/wp-content\/uploads\/2021\/01\/instagram-1.png\",\n            \"width\": [\n                {\n                    \"@id\": \"#sso\/qv-width-px-512\"\n                }\n            ],\n            \"height\": [\n                {\n                    \"@id\": \"#sso\/qv-height-px-512\"\n                }\n            ]\n        },\n        {\n            \"@id\": \"#sso\/qv-width-px-512\",\n            \"@context\": \"https:\/\/schema.org\",\n            \"@type\": \"QuantitativeValue\",\n            \"name\": \"Width\",\n            \"unitText\": \"px\",\n            \"unitCode\": \"E37\",\n            \"value\": \"512\"\n        },\n        {\n            \"@id\": \"#sso\/qv-height-px-512\",\n            \"@context\": \"https:\/\/schema.org\",\n            \"@type\": \"QuantitativeValue\",\n            \"name\": \"Height\",\n            \"unitText\": \"px\",\n            \"unitCode\": \"E37\",\n            \"value\": \"512\"\n        },\n        {\n            \"@id\": \"\/soundcloud\/soundcloud-plays-kaufen\/#sso\/breadcrumb.list\/soundcloud\",\n            \"@context\": \"https:\/\/schema.org\",\n            \"@type\": \"BreadcrumbList\",\n            \"url\": \"https:\/\/followerninja.com\/de\/soundcloud\/soundcloud-plays-kaufen\/\",\n            \"itemListElement\": [\n                {\n                    \"@context\": \"https:\/\/schema.org\",\n                    \"@type\": \"ListItem\",\n                    \"position\": 1,\n                    \"name\": \"Home\",\n                    \"item\": \"https:\/\/followerninja.com\/de\/\"\n                },\n                {\n                    \"@context\": \"https:\/\/schema.org\",\n                    \"@type\": \"ListItem\",\n                    \"position\": 2,\n                    \"name\": \"Blog\",\n                    \"item\": \"https:\/\/followerninja.com\/\"\n                },\n                {\n                    \"@context\": \"https:\/\/schema.org\",\n                    \"@type\": \"ListItem\",\n                    \"position\": 3,\n                    \"name\": \"Soundcloud\",\n                    \"item\": \"https:\/\/followerninja.com\/de\/soundcloud\/\"\n                },\n                {\n                    \"@context\": \"https:\/\/schema.org\",\n                    \"@type\": \"ListItem\",\n                    \"position\": 4,\n                    \"name\": \"Soundcloud Plays\",\n                    \"item\": \"https:\/\/followerninja.com\/de\/soundcloud\/soundcloud-plays-kaufen\/\"\n                }\n            ]\n        }\n    ]\n}<\/script>\n","<meta name=\"wpsso-end\" content=\"wpsso structured data end\"\/>\n","<meta name=\"wpsso-cached\" content=\"2026-04-07T14:55:20+00:00 for followerninja.com\"\/>\n"],"json":[{"@context":"https:\/\/schema.org","@graph":[{"@id":"\/soundcloud\/soundcloud-plays-kaufen\/#sso\/product\/548","@context":"https:\/\/schema.org","@type":"Product","mainEntityOfPage":"https:\/\/followerninja.com\/de\/soundcloud\/soundcloud-plays-kaufen\/","url":"https:\/\/followerninja.com\/de\/soundcloud\/soundcloud-plays-kaufen\/","sameAs":["https:\/\/followerninja.com\/de\/?p=548"],"name":"Soundcloud Plays","description":"&#x27a1;&#xfe0f; Start: Sofort &ndash; 12 Stunden &#x27a1;&#xfe0f; Geschwindigkeit: 20.000\/Tag","aggregateRating":{"@id":"\/soundcloud\/soundcloud-plays-kaufen\/#sso\/product\/548\/rating-aggregate\/5\/3\/1\/5\/3"},"review":[{"@id":"\/soundcloud\/soundcloud-plays-kaufen\/#sso\/review\/3696"},{"@id":"\/soundcloud\/soundcloud-plays-kaufen\/#sso\/review\/3695"},{"@id":"\/soundcloud\/soundcloud-plays-kaufen\/#sso\/review\/3694"}],"itemCondition":"https:\/\/schema.org\/NewCondition","offers":{"@context":"https:\/\/schema.org","@type":"Offer","url":"https:\/\/followerninja.com\/de\/soundcloud\/soundcloud-plays-kaufen\/","name":"Soundcloud Plays","description":"&#x27a1;&#xfe0f; Start: Sofort &ndash; 12 Stunden &#x27a1;&#xfe0f; Geschwindigkeit: 20.000\/Tag","availability":"https:\/\/schema.org\/InStock","itemCondition":"https:\/\/schema.org\/NewCondition","price":"0.00","priceCurrency":"EUR","priceValidUntil":"2027-04-07T14:55:20+00:00","priceSpecification":[{"@context":"https:\/\/schema.org","@type":"UnitPriceSpecification","priceType":"https:\/\/schema.org\/ListPrice","price":"0.00","priceCurrency":"EUR","valueAddedTaxIncluded":false,"validThrough":"2026-05-07T14:55:20+00:00"}],"seller":{"@id":"\/#sso\/organization\/site\/org-logo-url"}}},{"@id":"\/soundcloud\/soundcloud-plays-kaufen\/#sso\/product\/548\/rating-aggregate\/5\/3\/1\/5\/3","@context":"https:\/\/schema.org","@type":"AggregateRating","ratingValue":5,"ratingCount":3,"worstRating":1,"bestRating":5,"reviewCount":3},{"@id":"\/soundcloud\/soundcloud-plays-kaufen\/#sso\/review\/3696","@context":"https:\/\/schema.org","@type":"Review","url":"https:\/\/followerninja.com\/de\/soundcloud\/soundcloud-plays-kaufen\/#comment-3696","dateCreated":"2022-11-22T22:00:00+01:00","name":"Review by Bryan on November 22, 2022","description":"Very well worth the money.","text":"Very well worth the money.","reviewRating":{"@context":"https:\/\/schema.org","@type":"Rating","ratingValue":5,"worstRating":1,"bestRating":5},"author":{"@context":"https:\/\/schema.org","@type":"Person","name":"Bryan"}},{"@id":"\/soundcloud\/soundcloud-plays-kaufen\/#sso\/review\/3695","@context":"https:\/\/schema.org","@type":"Review","url":"https:\/\/followerninja.com\/de\/soundcloud\/soundcloud-plays-kaufen\/#comment-3695","dateCreated":"2022-07-28T04:00:00+02:00","name":"Review by Aiden on Juli 28, 2022","description":"Very fast delivery.","text":"Very fast delivery.","reviewRating":{"@context":"https:\/\/schema.org","@type":"Rating","ratingValue":5,"worstRating":1,"bestRating":5},"author":{"@context":"https:\/\/schema.org","@type":"Person","name":"Aiden"}},{"@id":"\/soundcloud\/soundcloud-plays-kaufen\/#sso\/review\/3694","@context":"https:\/\/schema.org","@type":"Review","url":"https:\/\/followerninja.com\/de\/soundcloud\/soundcloud-plays-kaufen\/#comment-3694","dateCreated":"2022-06-18T16:00:00+02:00","name":"Review by Hayden on Juni 18, 2022","description":"Good quality.","text":"Good quality.","reviewRating":{"@context":"https:\/\/schema.org","@type":"Rating","ratingValue":5,"worstRating":1,"bestRating":5},"author":{"@context":"https:\/\/schema.org","@type":"Person","name":"Hayden"}},{"@id":"\/#sso\/organization\/site\/org-logo-url","@context":"https:\/\/schema.org","@type":"Organization","url":"https:\/\/followerninja.com\/de\/","name":"Follower Ninja","description":"Social Media Follower","image":[{"@id":"http:\/\/followerninja.com\/wp-content\/uploads\/2021\/01\/instagram-1.png#sso\/image-object"}],"logo":{"@id":"http:\/\/followerninja.com\/wp-content\/uploads\/2021\/01\/instagram-1.png#sso\/image-object"},"sameAs":["https:\/\/www.instagram.com\/followerninjacom\/","https:\/\/www.linkedin.com\/in\/melanie-loescher\/"]},{"@id":"http:\/\/followerninja.com\/wp-content\/uploads\/2021\/01\/instagram-1.png#sso\/image-object","@context":"https:\/\/schema.org","@type":"ImageObject","url":"http:\/\/followerninja.com\/wp-content\/uploads\/2021\/01\/instagram-1.png","width":[{"@id":"#sso\/qv-width-px-512"}],"height":[{"@id":"#sso\/qv-height-px-512"}]},{"@id":"#sso\/qv-width-px-512","@context":"https:\/\/schema.org","@type":"QuantitativeValue","name":"Width","unitText":"px","unitCode":"E37","value":"512"},{"@id":"#sso\/qv-height-px-512","@context":"https:\/\/schema.org","@type":"QuantitativeValue","name":"Height","unitText":"px","unitCode":"E37","value":"512"},{"@id":"\/soundcloud\/soundcloud-plays-kaufen\/#sso\/breadcrumb.list\/soundcloud","@context":"https:\/\/schema.org","@type":"BreadcrumbList","url":"https:\/\/followerninja.com\/de\/soundcloud\/soundcloud-plays-kaufen\/","itemListElement":[{"@context":"https:\/\/schema.org","@type":"ListItem","position":1,"name":"Home","item":"https:\/\/followerninja.com\/de\/"},{"@context":"https:\/\/schema.org","@type":"ListItem","position":2,"name":"Blog","item":"https:\/\/followerninja.com\/"},{"@context":"https:\/\/schema.org","@type":"ListItem","position":3,"name":"Soundcloud","item":"https:\/\/followerninja.com\/de\/soundcloud\/"},{"@context":"https:\/\/schema.org","@type":"ListItem","position":4,"name":"Soundcloud Plays","item":"https:\/\/followerninja.com\/de\/soundcloud\/soundcloud-plays-kaufen\/"}]}]}],"parts":[["meta","name","generator","content","WPSSO Core 21.8.0\/L*","generator:1"],["meta","name","generator","content","WPSSO REST 3.3.0\/S","generator:2"],["meta","name","generator","content","WPSSO BC 5.3.0\/S","generator:3"],["meta","name","generator","content","WPSSO SSM 3.4.0\/S","generator:4"],["meta","name","generator","content","WPSSO UM 7.3.0\/S","generator:5"],["link","rel","shortlink","href","https:\/\/followerninja.com\/de\/?p=548",""],["meta","property","fb:app_id","content","966242223397117",""],["meta","property","og:time","content","2026-04-07T14:55:20+00:00",""],["meta","property","og:type","content","product",""],["meta","property","og:url","content","https:\/\/followerninja.com\/de\/soundcloud\/soundcloud-plays-kaufen\/",""],["meta","property","og:locale","content","de_DE",""],["meta","property","og:site_name","content","Follower Ninja",""],["meta","property","og:title","content","Soundcloud Plays",""],["meta","property","og:description","content","&#x27a1;&#xfe0f; Start: Sofort &ndash; 12 Stunden &#x27a1;&#xfe0f; Geschwindigkeit: 20.000\/Tag",""],["meta","property","og:updated_time","content","2024-10-04T07:31:45+00:00",""],["meta","name","schema:language","content","de_DE",""],["meta","name","schema:type:id","content","product",""],["meta","name","schema:type:url","content","https:\/\/schema.org\/Product",""],["meta","name","schema:type:context","content","https:\/\/schema.org",""],["meta","name","schema:type:name","content","Product",""],["meta","name","schema:type:path","content","schema.org\/Product",""],["meta","property","product:retailer_item_id","content","548",""],["meta","property","product:url","content","https:\/\/followerninja.com\/de\/soundcloud\/soundcloud-plays-kaufen\/",""],["meta","property","product:title","content","Soundcloud Plays",""],["meta","property","product:description","content","&#x27a1;&#xfe0f; Start: Sofort &ndash; 12 Stunden &#x27a1;&#xfe0f; Geschwindigkeit: 20.000\/Tag",""],["meta","property","product:updated_time","content","2024-10-04T07:31:45+00:00",""],["meta","property","product:availability","content","in stock",""],["meta","property","product:retailer_category","content","Soundcloud",""],["meta","property","product:condition","content","new",""],["meta","property","product:is_virtual","content","true",""],["meta","property","product:min_advert_price:amount","content","0.00",""],["meta","property","product:min_advert_price:currency","content","EUR",""],["meta","property","product:original_price:type","content","https:\/\/schema.org\/ListPrice",""],["meta","property","product:original_price:amount","content","0.00",""],["meta","property","product:original_price:currency","content","EUR",""],["meta","property","product:pretax_price:amount","content","0.00",""],["meta","property","product:pretax_price:currency","content","EUR",""],["meta","property","product:price:type","content","https:\/\/schema.org\/ListPrice",""],["meta","property","product:price:amount","content","0.00",""],["meta","property","product:price:currency","content","EUR",""],["meta","property","product:price:vat_included","content","false",""],["meta","property","product:rating:average","content","5",""],["meta","property","product:rating:count","content","3",""],["meta","property","product:rating:worst","content","1",""],["meta","property","product:rating:best","content","5",""],["meta","property","product:review:count","content","3",""],["meta","property","article:author:name","content","followerninja",""],["meta","property","article:reading_mins","content","1",""],["meta","name","twitter:domain","content","followerninja.com",""],["meta","name","twitter:title","content","Soundcloud Plays",""],["meta","name","twitter:description","content","&#x27a1;&#xfe0f; Start: Sofort &ndash; 12 Stunden &#x27a1;&#xfe0f; Geschwindigkeit: 20.000\/Tag",""],["meta","name","twitter:card","content","summary",""],["meta","name","twitter:label1","content","Price",""],["meta","name","twitter:data1","content","0.00 EUR",""],["meta","name","twitter:label2","content","Availability",""],["meta","name","twitter:data2","content","In Stock",""]]},"_links":{"self":[{"href":"https:\/\/followerninja.com\/de\/wp-json\/wp\/v2\/product\/548","targetHints":{"allow":["GET"]}}],"collection":[{"href":"https:\/\/followerninja.com\/de\/wp-json\/wp\/v2\/product"}],"about":[{"href":"https:\/\/followerninja.com\/de\/wp-json\/wp\/v2\/types\/product"}],"replies":[{"embeddable":true,"href":"https:\/\/followerninja.com\/de\/wp-json\/wp\/v2\/comments?post=548"}],"wp:featuredmedia":[{"embeddable":true,"href":"https:\/\/followerninja.com\/de\/wp-json\/wp\/v2\/media\/46476"}],"wp:attachment":[{"href":"https:\/\/followerninja.com\/de\/wp-json\/wp\/v2\/media?parent=548"}],"wp:term":[{"taxonomy":"product_brand","embeddable":true,"href":"https:\/\/followerninja.com\/de\/wp-json\/wp\/v2\/product_brand?post=548"},{"taxonomy":"product_cat","embeddable":true,"href":"https:\/\/followerninja.com\/de\/wp-json\/wp\/v2\/product_cat?post=548"},{"taxonomy":"product_tag","embeddable":true,"href":"https:\/\/followerninja.com\/de\/wp-json\/wp\/v2\/product_tag?post=548"}],"curies":[{"name":"wp","href":"https:\/\/api.w.org\/{rel}","templated":true}]}}