{"id":42124,"date":"2022-09-29T21:04:24","date_gmt":"2022-09-29T19:04:24","guid":{"rendered":"http:\/\/followerninja.com\/\/widerruf_fuer_digitale_inhalte\/"},"modified":"2022-12-30T14:32:20","modified_gmt":"2022-12-30T13:32:20","slug":"revocacion_de_contenido_digital","status":"publish","type":"page","link":"https:\/\/followerninja.com\/es\/revocacion_de_contenido_digital\/","title":{"rendered":"Revocaci\u00f3n de contenidos digitales"},"content":{"rendered":"<p><strong>Pol\u00edtica de cancelaci\u00f3n de un contrato de suministro de contenidos digitales no suministrados en un soporte material<\/strong><br \/><em>Pol\u00edtica de cancelaci\u00f3n<\/em><br \/>Un consumidor es toda persona f\u00edsica que celebra un negocio jur\u00eddico con fines que no pueden atribuirse predominantemente ni a su actividad comercial ni a su actividad profesional independiente.<\/p>\n<p><em>Derecho de desistimiento<\/em><br \/>Sie haben das Recht, binnen vierzehn Tagen ohne Angabe von Gr\u00fcnden diesen Vertrag zu widerrufen. Die Widerrufsfrist betr\u00e4gt vierzehn Tage ab dem Tag des Vertragsschlusses. Um Ihr Widerrufsrecht auszu\u00fcben, m\u00fcssen Sie uns ([Einsetzen: Namen\/Firma, Anschrift, Telefonnummer und E-Mailadresse. Sie k\u00f6nnen auch den Shortcode [woocommerce_de_disclaimer_address_data] daf\u00fcr verwenden, und die Adresse in den Einstellungen hinterlegen.]) mittels einer eindeutigen Erkl\u00e4rung (z.B. ein mit der Post versandter Brief, oder eine E-Mail) \u00fcber Ihren Entschluss, diesen Vertrag zu widerrufen, informieren. Sie k\u00f6nnen daf\u00fcr das beigef\u00fcgte Muster-Widerrufsformular verwenden, das jedoch nicht vorgeschrieben ist. Zur Wahrung der Widerrufsfrist reicht es aus, dass Sie die Mitteilung \u00fcber die Aus\u00fcbung des Widerrufsrechts vor Ablauf der Widerrufsfrist absenden.<\/p>\n<p><em>Consecuencias de la revocaci\u00f3n<\/em><br \/>Si desistes de este contrato, deberemos devolverte todos los pagos que hayamos recibido de ti, incluidos los gastos de env\u00edo (a excepci\u00f3n de los gastos adicionales resultantes del hecho de que hayas elegido un tipo de env\u00edo distinto al env\u00edo est\u00e1ndar m\u00e1s barato que ofrecemos), sin demora y a m\u00e1s tardar en un plazo de catorce d\u00edas a partir del d\u00eda en que hayamos recibido la notificaci\u00f3n de tu desistimiento de este contrato. Para este reembolso, utilizaremos el mismo medio de pago que utilizaste para la transacci\u00f3n original, a menos que se acuerde expresamente lo contrario contigo; en ning\u00fan caso se te cobrar\u00e1 por este reembolso.<\/p>\n<p><em>Ejemplo de formulario de cancelaci\u00f3n<\/em><br \/>(Si deseas cancelar el contrato, rellena y devuelve este formulario).<br \/>- Para [insertar: Nombre\/empresa, direcci\u00f3n, direcci\u00f3n de correo electr\u00f3nico y, si est\u00e1 disponible, n\u00famero de fax]:<br \/>- Yo\/nosotros (*) revocamos el contrato celebrado por m\u00ed\/nosotros (*) para la compra de los siguientes bienes (*)\/la prestaci\u00f3n del siguiente servicio (*)<br \/>- Pedido el (*)\/recibido el (*)<br \/>- Nombre del consumidor(es)<br \/>- Direcci\u00f3n del consumidor o consumidores<br \/>- Firma del consumidor o consumidores (s\u00f3lo en caso de notificaci\u00f3n en papel)<br \/>- Fecha<br \/>&#8212;&#8212;&#8212;&#8212;&#8212;&#8212;&#8212;&#8212;&#8212;&#8212;&#8212;&#8212;&#8212;<br \/>(*) T\u00e1chese lo que proceda.<\/p>\n<p><em>Exclusi\u00f3n o expiraci\u00f3n prematura del derecho de desistimiento<\/em><br \/>El derecho de desistimiento no se aplica a los contratos para la entrega de contenidos digitales que no est\u00e9n prefabricados y para cuya producci\u00f3n sea decisiva una selecci\u00f3n o determinaci\u00f3n individual por parte del consumidor o que est\u00e9 claramente adaptada a las necesidades personales de \u00e9ste.<br \/>El derecho de desistimiento caducar\u00e1 prematuramente si s\u00f3lo hemos iniciado la ejecuci\u00f3n del contrato despu\u00e9s de que a) hayas dado tu consentimiento expreso a ello y al mismo tiempo hayas confirmado tu conocimiento de que pierdes el derecho de desistimiento al comenzar la ejecuci\u00f3n del contrato por nuestra parte y b) hayamos puesto a tu disposici\u00f3n el contenido de tu declaraci\u00f3n en un soporte de datos duradero en un plazo razonable tras la celebraci\u00f3n del contrato, pero a m\u00e1s tardar en el momento de la entrega de los bienes o antes de que comience la ejecuci\u00f3n del servicio. Ten en cuenta que podemos hacer depender la celebraci\u00f3n del contrato del consentimiento y la confirmaci\u00f3n mencionados anteriormente. El derecho de desistimiento expirar\u00e1 prematuramente si s\u00f3lo hemos empezado a ejecutar el contrato despu\u00e9s de que hayas dado tu consentimiento expreso a ello y al mismo tiempo hayas confirmado tu conocimiento de que perder\u00e1s tu derecho de desistimiento cuando empecemos a ejecutar el contrato. Se\u00f1alamos que podemos hacer depender la celebraci\u00f3n del contrato del mencionado consentimiento y confirmaci\u00f3n.<\/p>","protected":false},"excerpt":{"rendered":"","protected":false},"author":1,"featured_media":0,"parent":0,"menu_order":0,"comment_status":"closed","ping_status":"closed","template":"","meta":{"_acf_changed":false,"footnotes":""},"class_list":["post-42124","page","type-page","status-publish","hentry"],"acf":[],"jetpack_sharing_enabled":true,"head":{"html":["<meta name=\"wpsso-begin\" content=\"wpsso structured data begin\"\/>\n","<!-- generator:1 --><meta name=\"generator\" content=\"WPSSO Core 21.8.0\/L*\"\/>\n","<!-- generator:2 --><meta name=\"generator\" content=\"WPSSO REST 3.3.0\/S\"\/>\n","<!-- generator:3 --><meta name=\"generator\" content=\"WPSSO BC 5.3.0\/S\"\/>\n","<!-- generator:4 --><meta name=\"generator\" content=\"WPSSO SSM 3.4.0\/S\"\/>\n","<!-- generator:5 --><meta name=\"generator\" content=\"WPSSO UM 7.3.0\/S\"\/>\n","<link rel=\"shortlink\" href=\"https:\/\/followerninja.com\/es\/?p=42124\"\/>\n","<meta property=\"fb:app_id\" content=\"966242223397117\"\/>\n","<meta property=\"og:type\" content=\"article\"\/>\n","<meta property=\"og:url\" content=\"https:\/\/followerninja.com\/es\/revocacion_de_contenido_digital\/\"\/>\n","<meta property=\"og:locale\" content=\"es_ES\"\/>\n","<meta property=\"og:site_name\" content=\"Follower Ninja\"\/>\n","<meta property=\"og:title\" content=\"Widerruf f&uuml;r digitale Inhalte\"\/>\n","<meta property=\"og:description\" content=\"Widerrufsbelehrung f&uuml;r einen Vertrag &uuml;ber die Lieferung von digitalen Inhalten, die nicht auf einem k&ouml;rperlichen Datentr&auml;ger geliefert werdenWiderrufsbelehrungVerbraucher ist jede nat&uuml;rliche Person, die ein Rechtsgesch&auml;ft zu Zwecken abschlie&szlig;t, die &uuml;berwiegend weder ihrer gewerblichen noch ihrer...\"\/>\n","<meta property=\"og:updated_time\" content=\"2022-12-30T13:32:20+00:00\"\/>\n","<meta property=\"article:published_time\" content=\"2022-09-29T19:04:24+00:00\"\/>\n","<meta property=\"article:modified_time\" content=\"2022-12-30T13:32:20+00:00\"\/>\n","<meta name=\"twitter:domain\" content=\"followerninja.com\"\/>\n","<meta name=\"twitter:title\" content=\"Widerruf f&uuml;r digitale Inhalte\"\/>\n","<meta name=\"twitter:description\" content=\"Widerrufsbelehrung f&uuml;r einen Vertrag &uuml;ber die Lieferung von digitalen Inhalten, die nicht auf einem k&ouml;rperlichen Datentr&auml;ger geliefert werdenWiderrufsbelehrungVerbraucher ist jede nat&uuml;rliche...\"\/>\n","<meta name=\"twitter:card\" content=\"summary\"\/>\n","<meta name=\"twitter:label1\" content=\"Written by\"\/>\n","<meta name=\"twitter:data1\" content=\"followerninja\"\/>\n","<meta name=\"twitter:label2\" content=\"Est. reading time\"\/>\n","<meta name=\"twitter:data2\" content=\"3 minutes\"\/>\n","<meta name=\"author\" content=\"followerninja\"\/>\n","<script type=\"application\/ld+json\" id=\"wpsso-schema-graph\">{\n    \"@context\": \"https:\/\/schema.org\",\n    \"@graph\": [\n        {\n            \"@id\": \"\/revocacion_de_contenido_digital\/#sso\/article\/42124\",\n            \"@context\": \"https:\/\/schema.org\",\n            \"@type\": \"Article\",\n            \"mainEntityOfPage\": \"https:\/\/followerninja.com\/es\/revocacion_de_contenido_digital\/\",\n            \"url\": \"https:\/\/followerninja.com\/es\/revocacion_de_contenido_digital\/\",\n            \"sameAs\": [\n                \"https:\/\/followerninja.com\/es\/?p=42124\"\n            ],\n            \"name\": \"Widerruf f&uuml;r digitale Inhalte\",\n            \"description\": \"Widerrufsbelehrung f&uuml;r einen Vertrag &uuml;ber die Lieferung von digitalen Inhalten, die nicht auf einem k&ouml;rperlichen Datentr&auml;ger geliefert werdenWiderrufsbelehrungVerbraucher ist jede nat&uuml;rliche Person, die ein Rechtsgesch&auml;ft zu Zwecken abschlie&szlig;t, die &uuml;berwiegend weder ihrer gewerblichen noch ihrer...\",\n            \"publisher\": [\n                {\n                    \"@id\": \"\/#sso\/organization\/site\/org-banner-url\"\n                }\n            ],\n            \"headline\": \"Widerruf f&uuml;r digitale Inhalte\",\n            \"inLanguage\": \"es_ES\",\n            \"datePublished\": \"2022-09-29T19:04:24+00:00\",\n            \"dateModified\": \"2022-12-30T13:32:20+00:00\",\n            \"author\": {\n                \"@id\": \"\/fd93e2424d322c8dc646f76f3975ece6#sso\/person\"\n            },\n            \"timeRequired\": \"PT3M\",\n            \"speakable\": {\n                \"@context\": \"https:\/\/schema.org\",\n                \"@type\": \"SpeakableSpecification\",\n                \"cssSelector\": [\n                    \".wp-block-post-title\",\n                    \".speakable\"\n                ]\n            }\n        },\n        {\n            \"@id\": \"\/#sso\/organization\/site\/org-banner-url\",\n            \"@context\": \"https:\/\/schema.org\",\n            \"@type\": \"Organization\",\n            \"url\": \"https:\/\/followerninja.com\/es\/\",\n            \"name\": \"Follower Ninja\",\n            \"description\": \"Social Media Follower\",\n            \"image\": [\n                {\n                    \"@id\": \"http:\/\/followerninja.com\/wp-content\/uploads\/2023\/06\/follower-ninja.png#sso\/image-object\"\n                }\n            ],\n            \"logo\": {\n                \"@id\": \"http:\/\/followerninja.com\/wp-content\/uploads\/2023\/02\/FOLLOWER-NINJA-TIKTOK-FOLLOWER.png#sso\/image-object\"\n            }\n        },\n        {\n            \"@id\": \"http:\/\/followerninja.com\/wp-content\/uploads\/2023\/06\/follower-ninja.png#sso\/image-object\",\n            \"@context\": \"https:\/\/schema.org\",\n            \"@type\": \"ImageObject\",\n            \"url\": \"http:\/\/followerninja.com\/wp-content\/uploads\/2023\/06\/follower-ninja.png\",\n            \"width\": [\n                {\n                    \"@id\": \"#sso\/qv-width-px-616\"\n                }\n            ],\n            \"height\": [\n                {\n                    \"@id\": \"#sso\/qv-height-px-282\"\n                }\n            ]\n        },\n        {\n            \"@id\": \"#sso\/qv-width-px-616\",\n            \"@context\": \"https:\/\/schema.org\",\n            \"@type\": \"QuantitativeValue\",\n            \"name\": \"Width\",\n            \"unitText\": \"px\",\n            \"unitCode\": \"E37\",\n            \"value\": \"616\"\n        },\n        {\n            \"@id\": \"#sso\/qv-height-px-282\",\n            \"@context\": \"https:\/\/schema.org\",\n            \"@type\": \"QuantitativeValue\",\n            \"name\": \"Height\",\n            \"unitText\": \"px\",\n            \"unitCode\": \"E37\",\n            \"value\": \"282\"\n        },\n        {\n            \"@id\": \"http:\/\/followerninja.com\/wp-content\/uploads\/2023\/02\/FOLLOWER-NINJA-TIKTOK-FOLLOWER.png#sso\/image-object\",\n            \"@context\": \"https:\/\/schema.org\",\n            \"@type\": \"ImageObject\",\n            \"url\": \"http:\/\/followerninja.com\/wp-content\/uploads\/2023\/02\/FOLLOWER-NINJA-TIKTOK-FOLLOWER.png\",\n            \"width\": [\n                {\n                    \"@id\": \"#sso\/qv-width-px-2400\"\n                }\n            ],\n            \"height\": [\n                {\n                    \"@id\": \"#sso\/qv-height-px-2074\"\n                }\n            ]\n        },\n        {\n            \"@id\": \"#sso\/qv-width-px-2400\",\n            \"@context\": \"https:\/\/schema.org\",\n            \"@type\": \"QuantitativeValue\",\n            \"name\": \"Width\",\n            \"unitText\": \"px\",\n            \"unitCode\": \"E37\",\n            \"value\": \"2400\"\n        },\n        {\n            \"@id\": \"#sso\/qv-height-px-2074\",\n            \"@context\": \"https:\/\/schema.org\",\n            \"@type\": \"QuantitativeValue\",\n            \"name\": \"Height\",\n            \"unitText\": \"px\",\n            \"unitCode\": \"E37\",\n            \"value\": \"2074\"\n        },\n        {\n            \"@id\": \"\/fd93e2424d322c8dc646f76f3975ece6#sso\/person\",\n            \"@context\": \"https:\/\/schema.org\",\n            \"@type\": \"Person\",\n            \"url\": \"http:\/\/followerninja.com\/\",\n            \"name\": \"followerninja\",\n            \"givenName\": \"Nami\",\n            \"familyName\": \"Shams\",\n            \"description\": \"Follower Ninja - Social Media Profis\",\n            \"image\": [\n                {\n                    \"@id\": \"https:\/\/secure.gravatar.com\/avatar\/51fd3ca1505ce8c9465a64104b9d54df.jpg?d=mp&s=1200#sso\/image-object\"\n                }\n            ]\n        },\n        {\n            \"@id\": \"https:\/\/secure.gravatar.com\/avatar\/51fd3ca1505ce8c9465a64104b9d54df.jpg?d=mp&s=1200#sso\/image-object\",\n            \"@context\": \"https:\/\/schema.org\",\n            \"@type\": \"ImageObject\",\n            \"url\": \"https:\/\/secure.gravatar.com\/avatar\/51fd3ca1505ce8c9465a64104b9d54df.jpg?d=mp&s=1200\",\n            \"width\": [\n                {\n                    \"@id\": \"#sso\/qv-width-px-1200\"\n                }\n            ],\n            \"height\": [\n                {\n                    \"@id\": \"#sso\/qv-height-px-1200\"\n                }\n            ]\n        },\n        {\n            \"@id\": \"#sso\/qv-width-px-1200\",\n            \"@context\": \"https:\/\/schema.org\",\n            \"@type\": \"QuantitativeValue\",\n            \"name\": \"Width\",\n            \"unitText\": \"px\",\n            \"unitCode\": \"E37\",\n            \"value\": \"1200\"\n        },\n        {\n            \"@id\": \"#sso\/qv-height-px-1200\",\n            \"@context\": \"https:\/\/schema.org\",\n            \"@type\": \"QuantitativeValue\",\n            \"name\": \"Height\",\n            \"unitText\": \"px\",\n            \"unitCode\": \"E37\",\n            \"value\": \"1200\"\n        },\n        {\n            \"@id\": \"\/revocacion_de_contenido_digital\/#sso\/breadcrumb-list\/42124\",\n            \"@context\": \"https:\/\/schema.org\",\n            \"@type\": \"BreadcrumbList\",\n            \"url\": \"https:\/\/followerninja.com\/es\/revocacion_de_contenido_digital\/\",\n            \"itemListElement\": [\n                {\n                    \"@context\": \"https:\/\/schema.org\",\n                    \"@type\": \"ListItem\",\n                    \"position\": 1,\n                    \"name\": \"Home\",\n                    \"item\": \"https:\/\/followerninja.com\/es\/\"\n                },\n                {\n                    \"@context\": \"https:\/\/schema.org\",\n                    \"@type\": \"ListItem\",\n                    \"position\": 2,\n                    \"name\": \"Blog\",\n                    \"item\": \"https:\/\/followerninja.com\/\"\n                },\n                {\n                    \"@context\": \"https:\/\/schema.org\",\n                    \"@type\": \"ListItem\",\n                    \"position\": 3,\n                    \"name\": \"Widerruf f&uuml;r digitale Inhalte\",\n                    \"item\": \"https:\/\/followerninja.com\/es\/revocacion_de_contenido_digital\/\"\n                }\n            ]\n        }\n    ]\n}<\/script>\n","<meta name=\"wpsso-end\" content=\"wpsso structured data end\"\/>\n","<meta name=\"wpsso-cached\" content=\"2026-03-31T01:23:03+00:00 for followerninja.com\"\/>\n"],"json":[{"@context":"https:\/\/schema.org","@graph":[{"@id":"\/revocacion_de_contenido_digital\/#sso\/article\/42124","@context":"https:\/\/schema.org","@type":"Article","mainEntityOfPage":"https:\/\/followerninja.com\/es\/revocacion_de_contenido_digital\/","url":"https:\/\/followerninja.com\/es\/revocacion_de_contenido_digital\/","sameAs":["https:\/\/followerninja.com\/es\/?p=42124"],"name":"Widerruf f&uuml;r digitale Inhalte","description":"Widerrufsbelehrung f&uuml;r einen Vertrag &uuml;ber die Lieferung von digitalen Inhalten, die nicht auf einem k&ouml;rperlichen Datentr&auml;ger geliefert werdenWiderrufsbelehrungVerbraucher ist jede nat&uuml;rliche Person, die ein Rechtsgesch&auml;ft zu Zwecken abschlie&szlig;t, die &uuml;berwiegend weder ihrer gewerblichen noch ihrer...","publisher":[{"@id":"\/#sso\/organization\/site\/org-banner-url"}],"headline":"Widerruf f&uuml;r digitale Inhalte","inLanguage":"es_ES","datePublished":"2022-09-29T19:04:24+00:00","dateModified":"2022-12-30T13:32:20+00:00","author":{"@id":"\/fd93e2424d322c8dc646f76f3975ece6#sso\/person"},"timeRequired":"PT3M","speakable":{"@context":"https:\/\/schema.org","@type":"SpeakableSpecification","cssSelector":[".wp-block-post-title",".speakable"]}},{"@id":"\/#sso\/organization\/site\/org-banner-url","@context":"https:\/\/schema.org","@type":"Organization","url":"https:\/\/followerninja.com\/es\/","name":"Follower Ninja","description":"Social Media Follower","image":[{"@id":"http:\/\/followerninja.com\/wp-content\/uploads\/2023\/06\/follower-ninja.png#sso\/image-object"}],"logo":{"@id":"http:\/\/followerninja.com\/wp-content\/uploads\/2023\/02\/FOLLOWER-NINJA-TIKTOK-FOLLOWER.png#sso\/image-object"}},{"@id":"http:\/\/followerninja.com\/wp-content\/uploads\/2023\/06\/follower-ninja.png#sso\/image-object","@context":"https:\/\/schema.org","@type":"ImageObject","url":"http:\/\/followerninja.com\/wp-content\/uploads\/2023\/06\/follower-ninja.png","width":[{"@id":"#sso\/qv-width-px-616"}],"height":[{"@id":"#sso\/qv-height-px-282"}]},{"@id":"#sso\/qv-width-px-616","@context":"https:\/\/schema.org","@type":"QuantitativeValue","name":"Width","unitText":"px","unitCode":"E37","value":"616"},{"@id":"#sso\/qv-height-px-282","@context":"https:\/\/schema.org","@type":"QuantitativeValue","name":"Height","unitText":"px","unitCode":"E37","value":"282"},{"@id":"http:\/\/followerninja.com\/wp-content\/uploads\/2023\/02\/FOLLOWER-NINJA-TIKTOK-FOLLOWER.png#sso\/image-object","@context":"https:\/\/schema.org","@type":"ImageObject","url":"http:\/\/followerninja.com\/wp-content\/uploads\/2023\/02\/FOLLOWER-NINJA-TIKTOK-FOLLOWER.png","width":[{"@id":"#sso\/qv-width-px-2400"}],"height":[{"@id":"#sso\/qv-height-px-2074"}]},{"@id":"#sso\/qv-width-px-2400","@context":"https:\/\/schema.org","@type":"QuantitativeValue","name":"Width","unitText":"px","unitCode":"E37","value":"2400"},{"@id":"#sso\/qv-height-px-2074","@context":"https:\/\/schema.org","@type":"QuantitativeValue","name":"Height","unitText":"px","unitCode":"E37","value":"2074"},{"@id":"\/fd93e2424d322c8dc646f76f3975ece6#sso\/person","@context":"https:\/\/schema.org","@type":"Person","url":"http:\/\/followerninja.com\/","name":"followerninja","givenName":"Nami","familyName":"Shams","description":"Follower Ninja - Social Media Profis","image":[{"@id":"https:\/\/secure.gravatar.com\/avatar\/51fd3ca1505ce8c9465a64104b9d54df.jpg?d=mp&s=1200#sso\/image-object"}]},{"@id":"https:\/\/secure.gravatar.com\/avatar\/51fd3ca1505ce8c9465a64104b9d54df.jpg?d=mp&s=1200#sso\/image-object","@context":"https:\/\/schema.org","@type":"ImageObject","url":"https:\/\/secure.gravatar.com\/avatar\/51fd3ca1505ce8c9465a64104b9d54df.jpg?d=mp&s=1200","width":[{"@id":"#sso\/qv-width-px-1200"}],"height":[{"@id":"#sso\/qv-height-px-1200"}]},{"@id":"#sso\/qv-width-px-1200","@context":"https:\/\/schema.org","@type":"QuantitativeValue","name":"Width","unitText":"px","unitCode":"E37","value":"1200"},{"@id":"#sso\/qv-height-px-1200","@context":"https:\/\/schema.org","@type":"QuantitativeValue","name":"Height","unitText":"px","unitCode":"E37","value":"1200"},{"@id":"\/revocacion_de_contenido_digital\/#sso\/breadcrumb-list\/42124","@context":"https:\/\/schema.org","@type":"BreadcrumbList","url":"https:\/\/followerninja.com\/es\/revocacion_de_contenido_digital\/","itemListElement":[{"@context":"https:\/\/schema.org","@type":"ListItem","position":1,"name":"Home","item":"https:\/\/followerninja.com\/es\/"},{"@context":"https:\/\/schema.org","@type":"ListItem","position":2,"name":"Blog","item":"https:\/\/followerninja.com\/"},{"@context":"https:\/\/schema.org","@type":"ListItem","position":3,"name":"Widerruf f&uuml;r digitale Inhalte","item":"https:\/\/followerninja.com\/es\/revocacion_de_contenido_digital\/"}]}]}],"parts":[["meta","name","generator","content","WPSSO Core 21.8.0\/L*","generator:1"],["meta","name","generator","content","WPSSO REST 3.3.0\/S","generator:2"],["meta","name","generator","content","WPSSO BC 5.3.0\/S","generator:3"],["meta","name","generator","content","WPSSO SSM 3.4.0\/S","generator:4"],["meta","name","generator","content","WPSSO UM 7.3.0\/S","generator:5"],["link","rel","shortlink","href","https:\/\/followerninja.com\/es\/?p=42124",""],["meta","property","fb:app_id","content","966242223397117",""],["meta","property","og:time","content","2026-03-31T01:23:03+00:00",""],["meta","property","og:type","content","article",""],["meta","property","og:url","content","https:\/\/followerninja.com\/es\/revocacion_de_contenido_digital\/",""],["meta","property","og:locale","content","es_ES",""],["meta","property","og:site_name","content","Follower Ninja",""],["meta","property","og:title","content","Widerruf f&uuml;r digitale Inhalte",""],["meta","property","og:description","content","Widerrufsbelehrung f&uuml;r einen Vertrag &uuml;ber die Lieferung von digitalen Inhalten, die nicht auf einem k&ouml;rperlichen Datentr&auml;ger geliefert werdenWiderrufsbelehrungVerbraucher ist jede nat&uuml;rliche Person, die ein Rechtsgesch&auml;ft zu Zwecken abschlie&szlig;t, die &uuml;berwiegend weder ihrer gewerblichen noch ihrer...",""],["meta","property","og:updated_time","content","2022-12-30T13:32:20+00:00",""],["meta","name","schema:language","content","es_ES",""],["meta","name","schema:type:id","content","article",""],["meta","name","schema:type:url","content","https:\/\/schema.org\/Article",""],["meta","name","schema:type:context","content","https:\/\/schema.org",""],["meta","name","schema:type:name","content","Article",""],["meta","name","schema:type:path","content","schema.org\/Article",""],["meta","property","article:author:name","content","followerninja",""],["meta","property","article:published_time","content","2022-09-29T19:04:24+00:00",""],["meta","property","article:modified_time","content","2022-12-30T13:32:20+00:00",""],["meta","property","article:reading_mins","content","3",""],["meta","name","twitter:domain","content","followerninja.com",""],["meta","name","twitter:title","content","Widerruf f&uuml;r digitale Inhalte",""],["meta","name","twitter:description","content","Widerrufsbelehrung f&uuml;r einen Vertrag &uuml;ber die Lieferung von digitalen Inhalten, die nicht auf einem k&ouml;rperlichen Datentr&auml;ger geliefert werdenWiderrufsbelehrungVerbraucher ist jede nat&uuml;rliche...",""],["meta","name","twitter:card","content","summary",""],["meta","name","twitter:label1","content","Written by",""],["meta","name","twitter:data1","content","followerninja",""],["meta","name","twitter:label2","content","Est. reading time",""],["meta","name","twitter:data2","content","3 minutes",""],["meta","name","author","content","followerninja",""]]},"_links":{"self":[{"href":"https:\/\/followerninja.com\/es\/wp-json\/wp\/v2\/pages\/42124","targetHints":{"allow":["GET"]}}],"collection":[{"href":"https:\/\/followerninja.com\/es\/wp-json\/wp\/v2\/pages"}],"about":[{"href":"https:\/\/followerninja.com\/es\/wp-json\/wp\/v2\/types\/page"}],"author":[{"embeddable":true,"href":"https:\/\/followerninja.com\/es\/wp-json\/wp\/v2\/users\/1"}],"replies":[{"embeddable":true,"href":"https:\/\/followerninja.com\/es\/wp-json\/wp\/v2\/comments?post=42124"}],"version-history":[{"count":0,"href":"https:\/\/followerninja.com\/es\/wp-json\/wp\/v2\/pages\/42124\/revisions"}],"wp:attachment":[{"href":"https:\/\/followerninja.com\/es\/wp-json\/wp\/v2\/media?parent=42124"}],"curies":[{"name":"wp","href":"https:\/\/api.w.org\/{rel}","templated":true}]}}