{"id":47368,"date":"2023-02-19T20:17:29","date_gmt":"2023-02-19T19:17:29","guid":{"rendered":"http:\/\/followerninja.com\/?post_type=product&#038;p=47368"},"modified":"2024-10-04T09:26:49","modified_gmt":"2024-10-04T07:26:49","slug":"comprar-seguidores-suecos-de-spotify-2","status":"publish","type":"product","link":"https:\/\/followerninja.com\/es\/spotify-2\/comprar-seguidores-suecos-de-spotify-2\/","title":{"rendered":"Seguidores de Spotify (Corea del Sur)"},"content":{"rendered":"<h3><strong>\u00a0SEGUIDORES SPOTIFY surcoreanos COMPRAR desde Corea del Sur<\/strong><\/h3>\n<h3><strong>(Los mejores seguidores surcoreanos de Spotify de todo el mercado)<\/strong><\/h3>\n<p>Comprar seguidores Spotify coreanos - \u00bfPor qu\u00e9 Follower Ninja es el mejor sitio para comprar servicios Spotify reales?<\/p>\n<p>Follower Ninja cuenta con expertos en marketing en redes sociales que evolucionan constantemente para incorporar nuevas tendencias a sus procesos. Tenemos la experiencia y los conocimientos necesarios para garantizar que tu marca pueda competir con otras m\u00e1s grandes en t\u00e9rminos de cuota de mercado y credibilidad.<\/p>\n<h3><strong>Cinco razones para comprar seguidores de Spotify a Follower Ninja<\/strong><\/h3>\n<p>Spotify es una de las mayores plataformas para artistas nuevos y emergentes del mundo actual. Puedes promocionar tus canciones y \u00e1lbumes, ganar nuevos fans, llegar a un p\u00fablico m\u00e1s amplio y aumentar tu popularidad. S\u00f3lo tienes que comprar el n\u00famero adecuado de seguidores de Spotify y conseguir\u00e1s el impulso que necesitas.<\/p>\n<h3><strong>Comprar Seguidor Ninja Corea del Sur Seguidor Spotify<\/strong><\/h3>\n<p><strong>\u00a1Haz crecer tu base de fans en Spotify!<\/strong><br \/>\nHoy en d\u00eda, las se\u00f1ales de Spotify, como las transmisiones, los seguidores y los guardados, se utilizan como medida de la popularidad de una cuenta o de un artista. Como artista nuevo con recursos limitados, puede ser un reto conseguir y llegar a los fans. Comprar seguidores de Spotify puede aumentar el n\u00famero de seguidores que tiene una cuenta. Cuando otras personas descubran la cuenta o la canci\u00f3n, se sentir\u00e1n intrigadas por tu trabajo al ver un mayor n\u00famero de seguidores. De esta forma puedes aumentar el n\u00famero de seguidores de las canciones y \u00e1lbumes que quieras promocionar.<\/p>\n<p><strong>Ser popular en la industria musical gracias a Follower Ninja<\/strong><br \/>\nHacerse famoso no es tarea f\u00e1cil, sobre todo en una plataforma global como Spotify. La competencia es feroz, con muchos artistas nuevos que lanzan sus canciones cada d\u00eda. Para hacerte popular y famoso, tienes que gastar mucho dinero en publicidad y marketing. En cambio, si compras seguidores de Spotify, podr\u00e1s conseguir la atenci\u00f3n que necesitas en la industria musical. Elige nuestros asequibles servicios y paquetes de refuerzo para que tu cuenta llame la atenci\u00f3n. Te damos seguidores de cuentas reales, sin hacer preguntas.<\/p>\n<p><strong>Aumentar la credibilidad en la plataforma Spotify<\/strong><br \/>\nLas cuentas con m\u00e1s seguidores se consideran ahora m\u00e1s cre\u00edbles y los artistas que hay detr\u00e1s de ellas m\u00e1s talentosos. No puedes cambiar eso, porque as\u00ed es como funcionan las redes sociales hoy en d\u00eda. M\u00e1s seguidores equivale a m\u00e1s credibilidad y talento. Por eso debes intentar tener tantos seguidores como sea posible. Pero no es una tarea f\u00e1cil porque intervienen varios factores. Aqu\u00ed es donde entra en juego Follower Ninja. Elige el paquete de seguidores de Spotify adecuado y aumenta gradualmente el n\u00famero de tus seguidores mediante el m\u00e9todo del goteo, para no suscitar dudas entre los usuarios de Spotify.<\/p>\n<p><strong>Encontrar mejores oportunidades mediante una orientaci\u00f3n espec\u00edfica<\/strong><br \/>\nCuando alguien aspira a hacer carrera en la m\u00fasica, quiere realizarse en esa profesi\u00f3n. Cantar canciones, ser presentado, trabajar con sellos m\u00e1s grandes, hacer v\u00eddeos musicales, etc. son sue\u00f1os que todo m\u00fasico y artista tiene. Spotify ofrece una gran plataforma para cualquiera que quiera empezar en alg\u00fan sitio. Pero para hacer realidad esos sue\u00f1os, tienes que aprovechar las oportunidades adecuadas en el momento adecuado. Cuantos m\u00e1s seguidores tenga tu cuenta de Spotify, m\u00e1s probabilidades habr\u00e1 de que los productores musicales y las discogr\u00e1ficas se fijen en ti. Por eso puedes hacer realidad esos sue\u00f1os comprando seguidores de Spotify.<\/p>\n<p><strong>Aumentar el tr\u00e1fico org\u00e1nico en Spotify<\/strong><br \/>\nUna de las razones por las que puede ser muy beneficioso aumentar el n\u00famero de seguidores en las redes sociales es que m\u00e1s seguidores traen m\u00e1s visitas. Una cuenta con m\u00e1s seguidores atrae m\u00e1s atenci\u00f3n y aparece m\u00e1s arriba en los resultados de b\u00fasqueda. Esto significa que m\u00e1s gente visitar\u00e1 tu cuenta y escuchar\u00e1 tus canciones. Si tienes una buena colecci\u00f3n de canciones y obras en tu perfil, estos visitantes se convertir\u00e1n en seguidores. S\u00f3lo tienes que comprar seguidores de Spotify a Follower Ninja y generar m\u00e1s tr\u00e1fico org\u00e1nico que aumentar\u00e1 la popularidad de tu cuenta con el tiempo.<\/p>\n<p>Comprar seguidores de Spotify con Paypal<\/p>\n<p>&nbsp;<\/p>\n<p><strong>Hay muchos sitios web en los que puedes comprar servicios de redes sociales, \u00a1pero nosotros afirmamos ser los mejores! Llevamos ayudando a nuestros clientes a hacer crecer sus cuentas de redes sociales desde 2017, y desde entonces nos hemos convertido en el sitio de referencia para la mayor\u00eda de la gente. He aqu\u00ed por qu\u00e9 deber\u00edas comprarnos servicios:<\/strong><\/p>\n<p>Nunca te pedimos tu contrase\u00f1a o informaci\u00f3n importante. Ofrecemos un entorno seguro y servicios legales. Por lo tanto, no hay problemas de pirater\u00eda ni de ilegalidad.<br \/>\nLa seguridad es un paso importante en el crecimiento de las redes sociales. Nuestros sistemas funcionan con certificados SSL, por lo que todos tus datos est\u00e1n seguros cuando compras con nosotros.<br \/>\nEl crecimiento de las redes sociales est\u00e1 ah\u00ed para ti las 24 horas del d\u00eda. Si tienes preguntas o necesitas ayuda, siempre puedes ponerte en contacto con nuestro servicio de asistencia.<br \/>\nOfrecemos servicios de redes sociales baratos. Nuestros precios son muy razonables y m\u00e1s baratos que los de cualquier otro proveedor.<br \/>\nEl proceso de pago es muy sencillo y seguro. Puedes pagar nuestros servicios con tarjeta, Payeer.<\/p>\n<p>Las ventajas anteriores se aplican a todos nuestros servicios. Si est\u00e1s buscando el mejor lugar para comprar servicios de redes sociales, \u00a1lo has encontrado!<\/p>\n<p><img fetchpriority=\"high\" decoding=\"async\" class=\"alignnone size-medium wp-image-47372\" src=\"http:\/\/followerninja.com\/wp-content\/uploads\/2022\/12\/spotify-follower-400x400.jpg\" alt=\"seguidor de spotify\" width=\"400\" height=\"400\" data-wp-pid=\"47372\" title=\"\" srcset=\"https:\/\/followerninja.com\/wp-content\/uploads\/2022\/12\/spotify-follower-400x400.jpg 400w, https:\/\/followerninja.com\/wp-content\/uploads\/2022\/12\/spotify-follower-1200x1200-cropped.jpg 1200w, https:\/\/followerninja.com\/wp-content\/uploads\/2022\/12\/spotify-follower-scaled-100x100.jpg 100w, https:\/\/followerninja.com\/wp-content\/uploads\/2022\/12\/spotify-follower-800x800.jpg 800w, https:\/\/followerninja.com\/wp-content\/uploads\/2022\/12\/spotify-follower-280x280.jpg 280w, https:\/\/followerninja.com\/wp-content\/uploads\/2022\/12\/spotify-follower-768x768.jpg 768w, https:\/\/followerninja.com\/wp-content\/uploads\/2022\/12\/spotify-follower-1536x1536.jpg 1536w, https:\/\/followerninja.com\/wp-content\/uploads\/2022\/12\/spotify-follower-12x12.jpg 12w, https:\/\/followerninja.com\/wp-content\/uploads\/2022\/12\/spotify-follower-1320x1320.jpg 1320w, https:\/\/followerninja.com\/wp-content\/uploads\/2022\/12\/spotify-follower-scaled.jpg 1920w\" sizes=\"(max-width: 400px) 100vw, 400px\" \/><\/p>","protected":false},"excerpt":{"rendered":"<p>\u27a1\ufe0f Spotify - Perfil Seguidores | Corea del Sur | 0-12 horas<br \/>\n\u27a1\ufe0f Garant\u00eda de por vida de no ca\u00edda<br \/>\n\u27a1\ufe0f Inicio: 0-24H (el pedido se completar\u00e1 en 24 horas)<br \/>\n\u27a1\ufe0f 1000 al d\u00eda Velocidad<br \/>\n\u27a1\ufe0f M\u00e1ximo hasta 40.000<br \/>\n\u27a1\ufe0f Tiempo sugerido: Min-1000 por vez<br \/>\n\u27a1\ufe0f Recarga: Vida \u00fatil sin ca\u00edda<br \/>\n\u27a1\ufe0f Se requiere un perfil p\u00fablico<\/p>","protected":false},"featured_media":46477,"comment_status":"open","ping_status":"closed","template":"","meta":{"_acf_changed":false},"product_brand":[],"product_cat":[397],"product_tag":[690,691,689],"class_list":{"0":"post-47368","1":"product","2":"type-product","3":"status-publish","4":"has-post-thumbnail","6":"product_cat-spotify","7":"product_tag-spotify","8":"product_tag-spotify-follower","9":"product_tag-spotify-follower-kaufen","11":"first","12":"instock","13":"virtual","14":"purchasable","15":"product-type-simple"},"acf":[],"jetpack_sharing_enabled":true,"head":{"html":["<meta name=\"wpsso-begin\" content=\"wpsso structured data begin\"\/>\n","<!-- generator:1 --><meta name=\"generator\" content=\"WPSSO Core 21.8.0\/L*\"\/>\n","<!-- generator:2 --><meta name=\"generator\" content=\"WPSSO REST 3.3.0\/S\"\/>\n","<!-- generator:3 --><meta name=\"generator\" content=\"WPSSO BC 5.3.0\/S\"\/>\n","<!-- generator:4 --><meta name=\"generator\" content=\"WPSSO SSM 3.4.0\/S\"\/>\n","<!-- generator:5 --><meta name=\"generator\" content=\"WPSSO UM 7.3.0\/S\"\/>\n","<link rel=\"shortlink\" href=\"https:\/\/followerninja.com\/es\/?p=47368\"\/>\n","<meta property=\"fb:app_id\" content=\"966242223397117\"\/>\n","<meta property=\"og:type\" content=\"product\"\/>\n","<meta property=\"og:url\" content=\"https:\/\/followerninja.com\/es\/spotify-2\/comprar-seguidores-suecos-de-spotify-2\/\"\/>\n","<meta property=\"og:locale\" content=\"es_ES\"\/>\n","<meta property=\"og:site_name\" content=\"Follower Ninja\"\/>\n","<meta property=\"og:title\" content=\"Spotify Follower kaufen (S&uuml;d Koreanische) - Follower Ninja\"\/>\n","<meta property=\"og:description\" content=\"S&uuml;d Koreanische Spotify Follower kaufen - Spotify Streams - Spotify Likes - Reichweite \u2713 Qualifizierte Follower - Beste Spotify S&uuml;d Korea Follower aud dem Markt\"\/>\n","<meta property=\"og:updated_time\" content=\"2024-10-04T07:26:49+00:00\"\/>\n","<meta property=\"product:retailer_item_id\" content=\"47368\"\/>\n","<meta property=\"product:availability\" content=\"in stock\"\/>\n","<meta property=\"product:condition\" content=\"new\"\/>\n","<meta property=\"product:original_price:amount\" content=\"0.00\"\/>\n","<meta property=\"product:original_price:currency\" content=\"EUR\"\/>\n","<meta property=\"product:pretax_price:amount\" content=\"0.00\"\/>\n","<meta property=\"product:pretax_price:currency\" content=\"EUR\"\/>\n","<meta property=\"product:price:amount\" content=\"0.00\"\/>\n","<meta property=\"product:price:currency\" content=\"EUR\"\/>\n","<meta name=\"twitter:domain\" content=\"followerninja.com\"\/>\n","<meta name=\"twitter:title\" content=\"Spotify Follower kaufen (S&uuml;d Koreanische) - Follower Ninja\"\/>\n","<meta name=\"twitter:description\" content=\"S&uuml;d Koreanische Spotify Follower kaufen - Spotify Streams - Spotify Likes - Reichweite \u2713 Qualifizierte Follower - Beste Spotify S&uuml;d Korea Follower aud dem Markt\"\/>\n","<meta name=\"twitter:card\" content=\"summary\"\/>\n","<meta name=\"twitter:label1\" content=\"Price\"\/>\n","<meta name=\"twitter:data1\" content=\"0.00 EUR\"\/>\n","<meta name=\"twitter:label2\" content=\"Availability\"\/>\n","<meta name=\"twitter:data2\" content=\"In Stock\"\/>\n","<script type=\"application\/ld+json\" id=\"wpsso-schema-graph\">{\n    \"@context\": \"https:\/\/schema.org\",\n    \"@graph\": [\n        {\n            \"@id\": \"\/spotify-2\/comprar-seguidores-suecos-de-spotify-2\/#sso\/product\/47368\",\n            \"@context\": \"https:\/\/schema.org\",\n            \"@type\": \"Product\",\n            \"mainEntityOfPage\": \"https:\/\/followerninja.com\/es\/spotify-2\/comprar-seguidores-suecos-de-spotify-2\/\",\n            \"url\": \"https:\/\/followerninja.com\/es\/spotify-2\/comprar-seguidores-suecos-de-spotify-2\/\",\n            \"sameAs\": [\n                \"https:\/\/followerninja.com\/es\/?p=47368\"\n            ],\n            \"name\": \"Spotify Follower kaufen (S&uuml;d Koreanische) - Follower Ninja\",\n            \"description\": \"S&uuml;d Koreanische Spotify Follower kaufen - Spotify Streams - Spotify Likes - Reichweite \\u2713 Qualifizierte Follower - Beste Spotify S&uuml;d Korea Follower aud dem Markt\",\n            \"itemCondition\": \"https:\/\/schema.org\/NewCondition\",\n            \"offers\": {\n                \"@context\": \"https:\/\/schema.org\",\n                \"@type\": \"Offer\",\n                \"url\": \"https:\/\/followerninja.com\/es\/spotify-2\/comprar-seguidores-suecos-de-spotify-2\/\",\n                \"name\": \"Spotify Follower kaufen (S&uuml;d Koreanische) - Follower Ninja\",\n                \"description\": \"S&uuml;d Koreanische Spotify Follower kaufen - Spotify Streams - Spotify Likes - Reichweite \\u2713 Qualifizierte Follower - Beste Spotify S&uuml;d Korea Follower aud dem Markt\",\n                \"availability\": \"https:\/\/schema.org\/InStock\",\n                \"itemCondition\": \"https:\/\/schema.org\/NewCondition\",\n                \"price\": \"0.00\",\n                \"priceCurrency\": \"EUR\",\n                \"priceValidUntil\": \"2027-04-04T14:12:57+00:00\",\n                \"priceSpecification\": [\n                    {\n                        \"@context\": \"https:\/\/schema.org\",\n                        \"@type\": \"UnitPriceSpecification\",\n                        \"priceType\": \"https:\/\/schema.org\/ListPrice\",\n                        \"price\": \"0.00\",\n                        \"priceCurrency\": \"EUR\",\n                        \"valueAddedTaxIncluded\": false,\n                        \"validThrough\": \"2026-05-04T14:12:57+00:00\"\n                    }\n                ],\n                \"seller\": {\n                    \"@id\": \"\/#sso\/organization\/site\/org-logo-url\"\n                }\n            }\n        },\n        {\n            \"@id\": \"\/#sso\/organization\/site\/org-logo-url\",\n            \"@context\": \"https:\/\/schema.org\",\n            \"@type\": \"Organization\",\n            \"url\": \"https:\/\/followerninja.com\/es\/\",\n            \"name\": \"Follower Ninja\",\n            \"description\": \"Social Media Follower\",\n            \"image\": [\n                {\n                    \"@id\": \"http:\/\/followerninja.com\/wp-content\/uploads\/2023\/06\/follower-ninja.png#sso\/image-object\"\n                }\n            ],\n            \"logo\": {\n                \"@id\": \"http:\/\/followerninja.com\/wp-content\/uploads\/2023\/06\/follower-ninja.png#sso\/image-object\"\n            }\n        },\n        {\n            \"@id\": \"http:\/\/followerninja.com\/wp-content\/uploads\/2023\/06\/follower-ninja.png#sso\/image-object\",\n            \"@context\": \"https:\/\/schema.org\",\n            \"@type\": \"ImageObject\",\n            \"url\": \"http:\/\/followerninja.com\/wp-content\/uploads\/2023\/06\/follower-ninja.png\",\n            \"width\": [\n                {\n                    \"@id\": \"#sso\/qv-width-px-616\"\n                }\n            ],\n            \"height\": [\n                {\n                    \"@id\": \"#sso\/qv-height-px-282\"\n                }\n            ]\n        },\n        {\n            \"@id\": \"#sso\/qv-width-px-616\",\n            \"@context\": \"https:\/\/schema.org\",\n            \"@type\": \"QuantitativeValue\",\n            \"name\": \"Width\",\n            \"unitText\": \"px\",\n            \"unitCode\": \"E37\",\n            \"value\": \"616\"\n        },\n        {\n            \"@id\": \"#sso\/qv-height-px-282\",\n            \"@context\": \"https:\/\/schema.org\",\n            \"@type\": \"QuantitativeValue\",\n            \"name\": \"Height\",\n            \"unitText\": \"px\",\n            \"unitCode\": \"E37\",\n            \"value\": \"282\"\n        },\n        {\n            \"@id\": \"\/spotify-2\/comprar-seguidores-suecos-de-spotify-2\/#sso\/breadcrumb.list\/spotify\",\n            \"@context\": \"https:\/\/schema.org\",\n            \"@type\": \"BreadcrumbList\",\n            \"url\": \"https:\/\/followerninja.com\/es\/spotify-2\/comprar-seguidores-suecos-de-spotify-2\/\",\n            \"itemListElement\": [\n                {\n                    \"@context\": \"https:\/\/schema.org\",\n                    \"@type\": \"ListItem\",\n                    \"position\": 1,\n                    \"name\": \"Home\",\n                    \"item\": \"https:\/\/followerninja.com\/es\/\"\n                },\n                {\n                    \"@context\": \"https:\/\/schema.org\",\n                    \"@type\": \"ListItem\",\n                    \"position\": 2,\n                    \"name\": \"Blog\",\n                    \"item\": \"https:\/\/followerninja.com\/\"\n                },\n                {\n                    \"@context\": \"https:\/\/schema.org\",\n                    \"@type\": \"ListItem\",\n                    \"position\": 3,\n                    \"name\": \"Spotify\",\n                    \"item\": \"https:\/\/followerninja.com\/es\/spotify-2\/\"\n                },\n                {\n                    \"@context\": \"https:\/\/schema.org\",\n                    \"@type\": \"ListItem\",\n                    \"position\": 4,\n                    \"name\": \"Spotify Follower kaufen (S&uuml;d Koreanische) - Follower Ninja\",\n                    \"item\": \"https:\/\/followerninja.com\/es\/spotify-2\/comprar-seguidores-suecos-de-spotify-2\/\"\n                }\n            ]\n        }\n    ]\n}<\/script>\n","<meta name=\"wpsso-end\" content=\"wpsso structured data end\"\/>\n","<meta name=\"wpsso-cached\" content=\"2026-04-04T14:12:57+00:00 for followerninja.com\"\/>\n"],"json":[{"@context":"https:\/\/schema.org","@graph":[{"@id":"\/spotify-2\/comprar-seguidores-suecos-de-spotify-2\/#sso\/product\/47368","@context":"https:\/\/schema.org","@type":"Product","mainEntityOfPage":"https:\/\/followerninja.com\/es\/spotify-2\/comprar-seguidores-suecos-de-spotify-2\/","url":"https:\/\/followerninja.com\/es\/spotify-2\/comprar-seguidores-suecos-de-spotify-2\/","sameAs":["https:\/\/followerninja.com\/es\/?p=47368"],"name":"Spotify Follower kaufen (S&uuml;d Koreanische) - Follower Ninja","description":"S&uuml;d Koreanische Spotify Follower kaufen - Spotify Streams - Spotify Likes - Reichweite \u2713 Qualifizierte Follower - Beste Spotify S&uuml;d Korea Follower aud dem Markt","itemCondition":"https:\/\/schema.org\/NewCondition","offers":{"@context":"https:\/\/schema.org","@type":"Offer","url":"https:\/\/followerninja.com\/es\/spotify-2\/comprar-seguidores-suecos-de-spotify-2\/","name":"Spotify Follower kaufen (S&uuml;d Koreanische) - Follower Ninja","description":"S&uuml;d Koreanische Spotify Follower kaufen - Spotify Streams - Spotify Likes - Reichweite \u2713 Qualifizierte Follower - Beste Spotify S&uuml;d Korea Follower aud dem Markt","availability":"https:\/\/schema.org\/InStock","itemCondition":"https:\/\/schema.org\/NewCondition","price":"0.00","priceCurrency":"EUR","priceValidUntil":"2027-04-04T14:12:57+00:00","priceSpecification":[{"@context":"https:\/\/schema.org","@type":"UnitPriceSpecification","priceType":"https:\/\/schema.org\/ListPrice","price":"0.00","priceCurrency":"EUR","valueAddedTaxIncluded":false,"validThrough":"2026-05-04T14:12:57+00:00"}],"seller":{"@id":"\/#sso\/organization\/site\/org-logo-url"}}},{"@id":"\/#sso\/organization\/site\/org-logo-url","@context":"https:\/\/schema.org","@type":"Organization","url":"https:\/\/followerninja.com\/es\/","name":"Follower Ninja","description":"Social Media Follower","image":[{"@id":"http:\/\/followerninja.com\/wp-content\/uploads\/2023\/06\/follower-ninja.png#sso\/image-object"}],"logo":{"@id":"http:\/\/followerninja.com\/wp-content\/uploads\/2023\/06\/follower-ninja.png#sso\/image-object"}},{"@id":"http:\/\/followerninja.com\/wp-content\/uploads\/2023\/06\/follower-ninja.png#sso\/image-object","@context":"https:\/\/schema.org","@type":"ImageObject","url":"http:\/\/followerninja.com\/wp-content\/uploads\/2023\/06\/follower-ninja.png","width":[{"@id":"#sso\/qv-width-px-616"}],"height":[{"@id":"#sso\/qv-height-px-282"}]},{"@id":"#sso\/qv-width-px-616","@context":"https:\/\/schema.org","@type":"QuantitativeValue","name":"Width","unitText":"px","unitCode":"E37","value":"616"},{"@id":"#sso\/qv-height-px-282","@context":"https:\/\/schema.org","@type":"QuantitativeValue","name":"Height","unitText":"px","unitCode":"E37","value":"282"},{"@id":"\/spotify-2\/comprar-seguidores-suecos-de-spotify-2\/#sso\/breadcrumb.list\/spotify","@context":"https:\/\/schema.org","@type":"BreadcrumbList","url":"https:\/\/followerninja.com\/es\/spotify-2\/comprar-seguidores-suecos-de-spotify-2\/","itemListElement":[{"@context":"https:\/\/schema.org","@type":"ListItem","position":1,"name":"Home","item":"https:\/\/followerninja.com\/es\/"},{"@context":"https:\/\/schema.org","@type":"ListItem","position":2,"name":"Blog","item":"https:\/\/followerninja.com\/"},{"@context":"https:\/\/schema.org","@type":"ListItem","position":3,"name":"Spotify","item":"https:\/\/followerninja.com\/es\/spotify-2\/"},{"@context":"https:\/\/schema.org","@type":"ListItem","position":4,"name":"Spotify Follower kaufen (S&uuml;d Koreanische) - Follower Ninja","item":"https:\/\/followerninja.com\/es\/spotify-2\/comprar-seguidores-suecos-de-spotify-2\/"}]}]}],"parts":[["meta","name","generator","content","WPSSO Core 21.8.0\/L*","generator:1"],["meta","name","generator","content","WPSSO REST 3.3.0\/S","generator:2"],["meta","name","generator","content","WPSSO BC 5.3.0\/S","generator:3"],["meta","name","generator","content","WPSSO SSM 3.4.0\/S","generator:4"],["meta","name","generator","content","WPSSO UM 7.3.0\/S","generator:5"],["link","rel","shortlink","href","https:\/\/followerninja.com\/es\/?p=47368",""],["meta","property","fb:app_id","content","966242223397117",""],["meta","property","og:time","content","2026-04-04T14:12:57+00:00",""],["meta","property","og:type","content","product",""],["meta","property","og:url","content","https:\/\/followerninja.com\/es\/spotify-2\/comprar-seguidores-suecos-de-spotify-2\/",""],["meta","property","og:locale","content","es_ES",""],["meta","property","og:site_name","content","Follower Ninja",""],["meta","property","og:title","content","Spotify Follower kaufen (S&uuml;d Koreanische) - Follower Ninja",""],["meta","property","og:description","content","S&uuml;d Koreanische Spotify Follower kaufen - Spotify Streams - Spotify Likes - Reichweite \u2713 Qualifizierte Follower - Beste Spotify S&uuml;d Korea Follower aud dem Markt",""],["meta","property","og:updated_time","content","2024-10-04T07:26:49+00:00",""],["meta","name","schema:language","content","es_ES",""],["meta","name","schema:type:id","content","product",""],["meta","name","schema:type:url","content","https:\/\/schema.org\/Product",""],["meta","name","schema:type:context","content","https:\/\/schema.org",""],["meta","name","schema:type:name","content","Product",""],["meta","name","schema:type:path","content","schema.org\/Product",""],["meta","property","product:retailer_item_id","content","47368",""],["meta","property","product:url","content","https:\/\/followerninja.com\/es\/spotify-2\/comprar-seguidores-suecos-de-spotify-2\/",""],["meta","property","product:title","content","Spotify Follower kaufen (S&uuml;d Koreanische) - Follower Ninja",""],["meta","property","product:description","content","S&uuml;d Koreanische Spotify Follower kaufen - Spotify Streams - Spotify Likes - Reichweite \u2713 Qualifizierte Follower - Beste Spotify S&uuml;d Korea Follower aud dem Markt",""],["meta","property","product:updated_time","content","2024-10-04T07:26:49+00:00",""],["meta","property","product:availability","content","in stock",""],["meta","property","product:retailer_category","content","Spotify",""],["meta","property","product:condition","content","new",""],["meta","property","product:is_virtual","content","true",""],["meta","property","product:min_advert_price:amount","content","0.00",""],["meta","property","product:min_advert_price:currency","content","EUR",""],["meta","property","product:original_price:type","content","https:\/\/schema.org\/ListPrice",""],["meta","property","product:original_price:amount","content","0.00",""],["meta","property","product:original_price:currency","content","EUR",""],["meta","property","product:pretax_price:amount","content","0.00",""],["meta","property","product:pretax_price:currency","content","EUR",""],["meta","property","product:price:type","content","https:\/\/schema.org\/ListPrice",""],["meta","property","product:price:amount","content","0.00",""],["meta","property","product:price:currency","content","EUR",""],["meta","property","product:price:vat_included","content","false",""],["meta","property","article:author:name","content","followerninja",""],["meta","property","article:reading_mins","content","4",""],["meta","name","twitter:domain","content","followerninja.com",""],["meta","name","twitter:title","content","Spotify Follower kaufen (S&uuml;d Koreanische) - Follower Ninja",""],["meta","name","twitter:description","content","S&uuml;d Koreanische Spotify Follower kaufen - Spotify Streams - Spotify Likes - Reichweite \u2713 Qualifizierte Follower - Beste Spotify S&uuml;d Korea Follower aud dem Markt",""],["meta","name","twitter:card","content","summary",""],["meta","name","twitter:label1","content","Price",""],["meta","name","twitter:data1","content","0.00 EUR",""],["meta","name","twitter:label2","content","Availability",""],["meta","name","twitter:data2","content","In Stock",""]]},"_links":{"self":[{"href":"https:\/\/followerninja.com\/es\/wp-json\/wp\/v2\/product\/47368","targetHints":{"allow":["GET"]}}],"collection":[{"href":"https:\/\/followerninja.com\/es\/wp-json\/wp\/v2\/product"}],"about":[{"href":"https:\/\/followerninja.com\/es\/wp-json\/wp\/v2\/types\/product"}],"replies":[{"embeddable":true,"href":"https:\/\/followerninja.com\/es\/wp-json\/wp\/v2\/comments?post=47368"}],"wp:featuredmedia":[{"embeddable":true,"href":"https:\/\/followerninja.com\/es\/wp-json\/wp\/v2\/media\/46477"}],"wp:attachment":[{"href":"https:\/\/followerninja.com\/es\/wp-json\/wp\/v2\/media?parent=47368"}],"wp:term":[{"taxonomy":"product_brand","embeddable":true,"href":"https:\/\/followerninja.com\/es\/wp-json\/wp\/v2\/product_brand?post=47368"},{"taxonomy":"product_cat","embeddable":true,"href":"https:\/\/followerninja.com\/es\/wp-json\/wp\/v2\/product_cat?post=47368"},{"taxonomy":"product_tag","embeddable":true,"href":"https:\/\/followerninja.com\/es\/wp-json\/wp\/v2\/product_tag?post=47368"}],"curies":[{"name":"wp","href":"https:\/\/api.w.org\/{rel}","templated":true}]}}