{"id":39773,"date":"2022-07-28T15:52:04","date_gmt":"2022-07-28T13:52:04","guid":{"rendered":"http:\/\/followerninja.com\/\/?page_id=39773"},"modified":"2024-05-24T17:21:23","modified_gmt":"2024-05-24T15:21:23","slug":"painatus","status":"publish","type":"page","link":"https:\/\/followerninja.com\/fi\/painatus\/","title":{"rendered":"J\u00e4lki"},"content":{"rendered":"<div data-elementor-type=\"wp-page\" data-elementor-id=\"39773\" class=\"elementor elementor-39773\">\n\t\t\t\t\t\t<section class=\"elementor-section elementor-top-section elementor-element elementor-element-54194bed elementor-section-boxed elementor-section-height-default elementor-section-height-default\" data-id=\"54194bed\" data-element_type=\"section\">\n\t\t\t\t\t\t<div class=\"elementor-container elementor-column-gap-default\">\n\t\t\t\t\t<div class=\"elementor-column elementor-col-100 elementor-top-column elementor-element elementor-element-3ac5fd32\" data-id=\"3ac5fd32\" data-element_type=\"column\">\n\t\t\t<div class=\"elementor-widget-wrap elementor-element-populated\">\n\t\t\t\t\t\t<div class=\"elementor-element elementor-element-5f094e2 elementor-widget elementor-widget-spacer\" data-id=\"5f094e2\" data-element_type=\"widget\" data-widget_type=\"spacer.default\">\n\t\t\t\t<div class=\"elementor-widget-container\">\n\t\t\t\t\t\t\t<div class=\"elementor-spacer\">\n\t\t\t<div class=\"elementor-spacer-inner\"><\/div>\n\t\t<\/div>\n\t\t\t\t\t\t<\/div>\n\t\t\t\t<\/div>\n\t\t\t\t<div class=\"elementor-element elementor-element-5f1f72d5 elementor-widget elementor-widget-text-editor\" data-id=\"5f1f72d5\" data-element_type=\"widget\" data-widget_type=\"text-editor.default\">\n\t\t\t\t<div class=\"elementor-widget-container\">\n\t\t\t\t\t\t\t\t\t<p>J\u00e4lki<br \/>TMG:n 5 \u00a7:n ja mediasta tehdyn valtiosopimuksen (MStV) 18 \u00a7:n mukaiset tiedot.<\/p><p>Patrox UG<br \/>Tonndorferin p\u00e4\u00e4katu 174<br \/>22045 Hampuri<br \/>Saksa<\/p><p>Johto\/vastuuhenkil\u00f6:<br \/>Patrick Torben Bimber<\/p><p>1. yhteyshenkil\u00f6<br \/>S\u00e4hk\u00f6posti: support@followerninja.com<\/p><p><span style=\"font-style: inherit; font-weight: inherit; background-color: var(--ast-global-color-5); color: var(--ast-global-color-3);\">2. liikevaihtoverotunniste<\/span><\/p><p>Arvonlis\u00e4verolain 27 a \u00a7:n mukainen arvonlis\u00e4verotunniste:<br \/>DE345839413<\/p><p>3. rekisteritiedot<br \/>Rekisterinumero: HRB 173297<br \/>Paikallinen tuomioistuin: Hamburg<\/p><p>4. EU:n riitojenratkaisu<br \/>Euroopan komissio tarjoaa foorumin verkkov\u00e4litteist\u00e4 riidanratkaisua varten: https:\/\/ec.europa.eu\/consumers\/odr. Emme ole velvollisia emmek\u00e4 halukkaita osallistumaan riidanratkaisumenettelyyn kuluttajasovittelulautakunnassa.<\/p><p>5 Vastuu sis\u00e4ll\u00f6st\u00e4<br \/>Palveluntarjoajana olemme Saksan telemedialain (TMG) 7 \u00a7:n 1 momentin mukaisesti vastuussa verkkosivustomme sis\u00e4ll\u00f6st\u00e4. TMG:n 8-10 \u00a7:n mukaan meill\u00e4 ei kuitenkaan ole velvollisuutta valvoa siirrettyj\u00e4 tai tallennettuja kolmannen osapuolen tietoja tai tutkia olosuhteita, jotka viittaavat laittomaan toimintaan.<\/p><p>T\u00e4m\u00e4 ei vaikuta velvollisuuteen poistaa tai est\u00e4\u00e4 tietojen k\u00e4ytt\u00f6 yleisten lakien mukaisesti. T\u00e4lt\u00e4 osin vastuu on kuitenkin mahdollista vasta siit\u00e4 l\u00e4htien, kun konkreettisesta rikkomuksesta on saatu tieto. Jos saamme tiet\u00e4\u00e4 vastaavista rikkomuksista, poistamme kyseisen sis\u00e4ll\u00f6n v\u00e4litt\u00f6m\u00e4sti.<\/p><p>Huomautamme nimenomaisesti, ett\u00e4 emme edusta mit\u00e4\u00e4n palveluiden kohteena olevia sosiaalisia verkostoja.<\/p><p>Olemme sitoutuneet yht\u00e4l\u00e4isiin oikeuksiin. Jos Patrox UG:n yll\u00e4pit\u00e4mill\u00e4 verkkosivustoilla k\u00e4ytet\u00e4\u00e4n maskuliinista termi\u00e4, se tehd\u00e4\u00e4n ainoastaan paremman luettavuuden ja ymm\u00e4rrett\u00e4vyyden vuoksi.<\/p><p>6 Linkkien vastuu<br \/>Tarjouksemme sis\u00e4lt\u00e4\u00e4 linkkej\u00e4 kolmansien osapuolten ulkoisille verkkosivustoille, joiden sis\u00e4lt\u00f6\u00f6n emme voi vaikuttaa. Siksi emme voi ottaa vastuuta n\u00e4ist\u00e4 ulkoisista sis\u00e4ll\u00f6ist\u00e4. Linkitettyjen sivujen sis\u00e4ll\u00f6st\u00e4 on aina vastuussa sivujen tarjoaja tai yll\u00e4pit\u00e4j\u00e4. Linkitetyt sivut tarkistettiin mahdollisten lainrikkomusten varalta linkitt\u00e4mishetkell\u00e4. Laitonta sis\u00e4lt\u00f6\u00e4 ei ollut tunnistettavissa linkitt\u00e4misajankohtana.<\/p><p>Linkitettyjen sivujen sis\u00e4ll\u00f6n pysyv\u00e4 valvonta ei kuitenkaan ole j\u00e4rkev\u00e4\u00e4 ilman konkreettisia todisteita lain rikkomisesta. Jos saamme tiet\u00e4\u00e4 lain rikkomisesta, poistamme t\u00e4llaiset linkit v\u00e4litt\u00f6m\u00e4sti.<\/p><p>7. tekij\u00e4noikeus<br \/>Sivuston yll\u00e4pit\u00e4jien n\u00e4ill\u00e4 sivuilla olevaan sis\u00e4lt\u00f6\u00f6n ja teoksiin sovelletaan Saksan tekij\u00e4noikeuslakia. Monistaminen, k\u00e4sittely, jakelu ja kaikenlainen hy\u00f6dynt\u00e4minen tekij\u00e4noikeuslains\u00e4\u00e4d\u00e4nn\u00f6n rajojen ulkopuolella edellytt\u00e4\u00e4 asianomaisen tekij\u00e4n tai luojan kirjallista suostumusta. T\u00e4m\u00e4n sivuston lataaminen ja kopioiminen on sallittua vain yksityiseen, ei-kaupalliseen k\u00e4ytt\u00f6\u00f6n.<\/p><p>Silt\u00e4 osin kuin t\u00e4m\u00e4n sivuston sis\u00e4lt\u00f6 ei ole operaattorin luomaa, kolmansien osapuolten tekij\u00e4noikeuksia kunnioitetaan. Erityisesti kolmansien osapuolten sis\u00e4lt\u00f6 on merkitty sellaiseksi. Jos kuitenkin havaitset tekij\u00e4noikeusrikkomuksen, ilmoita siit\u00e4 meille. Jos saamme tiet\u00e4\u00e4 tekij\u00e4noikeusrikkomuksista, poistamme t\u00e4llaisen sis\u00e4ll\u00f6n v\u00e4litt\u00f6m\u00e4sti. Ota yhteytt\u00e4 osoitteeseen info@followerninja.com, jos ep\u00e4ilet tekij\u00e4noikeusrikkomusta.<\/p>\t\t\t\t\t\t\t\t<\/div>\n\t\t\t\t<\/div>\n\t\t\t\t\t<\/div>\n\t\t<\/div>\n\t\t\t\t\t<\/div>\n\t\t<\/section>\n\t\t\t\t<\/div>","protected":false},"excerpt":{"rendered":"","protected":false},"author":1,"featured_media":0,"parent":0,"menu_order":0,"comment_status":"closed","ping_status":"closed","template":"","meta":{"_acf_changed":false,"footnotes":""},"class_list":["post-39773","page","type-page","status-publish","hentry"],"acf":[],"jetpack_sharing_enabled":true,"head":{"html":["<meta name=\"wpsso-begin\" content=\"wpsso structured data begin\"\/>\n","<!-- generator:1 --><meta name=\"generator\" content=\"WPSSO Core 21.8.0\/L*\"\/>\n","<!-- generator:2 --><meta name=\"generator\" content=\"WPSSO REST 3.3.0\/S\"\/>\n","<!-- generator:3 --><meta name=\"generator\" content=\"WPSSO BC 5.3.0\/S\"\/>\n","<!-- generator:4 --><meta name=\"generator\" content=\"WPSSO SSM 3.4.0\/S\"\/>\n","<!-- generator:5 --><meta name=\"generator\" content=\"WPSSO UM 7.3.0\/S\"\/>\n","<link rel=\"shortlink\" href=\"https:\/\/followerninja.com\/fi\/?p=39773\"\/>\n","<meta property=\"fb:app_id\" content=\"966242223397117\"\/>\n","<meta property=\"og:type\" content=\"article\"\/>\n","<meta property=\"og:url\" content=\"https:\/\/followerninja.com\/fi\/painatus\/\"\/>\n","<meta property=\"og:locale\" content=\"en_US\"\/>\n","<meta property=\"og:site_name\" content=\"Follower Ninja\"\/>\n","<meta property=\"og:title\" content=\"Impressum\"\/>\n","<meta property=\"og:description\" content=\"ImpressumAngaben gem&auml;&szlig; &sect; 5 TMG und &sect; 18 des Medienstaatsvertrags (MStV) Patrox UGTonndorfer Hauptstra&szlig;e 17422045 HamburgDeutschland Gesch&auml;ftsf&uuml;hrung\/Verantwortlicher:Patrick Torben Bimber 1. KontaktE-Mail: support@followerninja.com 2. Umsatzsteuer-ID Umsatzsteuer-Identifikationsnummer gem&auml;&szlig; &sect;...\"\/>\n","<meta property=\"og:updated_time\" content=\"2024-05-24T15:21:23+00:00\"\/>\n","<meta property=\"article:published_time\" content=\"2022-07-28T13:52:04+00:00\"\/>\n","<meta property=\"article:modified_time\" content=\"2024-05-24T15:21:23+00:00\"\/>\n","<meta name=\"twitter:domain\" content=\"followerninja.com\"\/>\n","<meta name=\"twitter:title\" content=\"Impressum\"\/>\n","<meta name=\"twitter:description\" content=\"ImpressumAngaben gem&auml;&szlig; &sect; 5 TMG und &sect; 18 des Medienstaatsvertrags (MStV) Patrox UGTonndorfer Hauptstra&szlig;e 17422045 HamburgDeutschland Gesch&auml;ftsf&uuml;hrung\/Verantwortlicher:Patrick Torben Bimber 1...\"\/>\n","<meta name=\"twitter:card\" content=\"summary\"\/>\n","<meta name=\"twitter:label1\" content=\"Written by\"\/>\n","<meta name=\"twitter:data1\" content=\"followerninja\"\/>\n","<meta name=\"twitter:label2\" content=\"Est. reading time\"\/>\n","<meta name=\"twitter:data2\" content=\"2 minutes\"\/>\n","<meta name=\"author\" content=\"followerninja\"\/>\n","<script type=\"application\/ld+json\" id=\"wpsso-schema-graph\">{\n    \"@context\": \"https:\/\/schema.org\",\n    \"@graph\": [\n        {\n            \"@id\": \"\/painatus\/#sso\/article\/39773\",\n            \"@context\": \"https:\/\/schema.org\",\n            \"@type\": \"Article\",\n            \"mainEntityOfPage\": \"https:\/\/followerninja.com\/fi\/painatus\/\",\n            \"url\": \"https:\/\/followerninja.com\/fi\/painatus\/\",\n            \"sameAs\": [\n                \"https:\/\/followerninja.com\/fi\/?p=39773\"\n            ],\n            \"name\": \"Impressum\",\n            \"description\": \"ImpressumAngaben gem&auml;&szlig; &sect; 5 TMG und &sect; 18 des Medienstaatsvertrags (MStV) Patrox UGTonndorfer Hauptstra&szlig;e 17422045 HamburgDeutschland Gesch&auml;ftsf&uuml;hrung\/Verantwortlicher:Patrick Torben Bimber 1. KontaktE-Mail: support@followerninja.com 2. Umsatzsteuer-ID Umsatzsteuer-Identifikationsnummer gem&auml;&szlig; &sect;...\",\n            \"publisher\": [\n                {\n                    \"@id\": \"\/#sso\/organization\/site\/org-banner-url\"\n                }\n            ],\n            \"headline\": \"Impressum\",\n            \"inLanguage\": \"fi\",\n            \"datePublished\": \"2022-07-28T13:52:04+00:00\",\n            \"dateModified\": \"2024-05-24T15:21:23+00:00\",\n            \"author\": {\n                \"@id\": \"\/1656491a8b10bbae4f938b3c82e5b8a1#sso\/person\"\n            },\n            \"timeRequired\": \"PT2M\",\n            \"speakable\": {\n                \"@context\": \"https:\/\/schema.org\",\n                \"@type\": \"SpeakableSpecification\",\n                \"cssSelector\": [\n                    \".wp-block-post-title\",\n                    \".speakable\"\n                ]\n            }\n        },\n        {\n            \"@id\": \"\/#sso\/organization\/site\/org-banner-url\",\n            \"@context\": \"https:\/\/schema.org\",\n            \"@type\": \"Organization\",\n            \"url\": \"https:\/\/followerninja.com\/fi\/\",\n            \"name\": \"Follower Ninja\",\n            \"description\": \"Social Media Follower\",\n            \"image\": [\n                {\n                    \"@id\": \"http:\/\/followerninja.com\/wp-content\/uploads\/2023\/06\/follower-ninja.png#sso\/image-object\"\n                }\n            ],\n            \"logo\": {\n                \"@id\": \"http:\/\/followerninja.com\/wp-content\/uploads\/2023\/02\/FOLLOWER-NINJA-TIKTOK-FOLLOWER.png#sso\/image-object\"\n            }\n        },\n        {\n            \"@id\": \"http:\/\/followerninja.com\/wp-content\/uploads\/2023\/06\/follower-ninja.png#sso\/image-object\",\n            \"@context\": \"https:\/\/schema.org\",\n            \"@type\": \"ImageObject\",\n            \"url\": \"http:\/\/followerninja.com\/wp-content\/uploads\/2023\/06\/follower-ninja.png\",\n            \"width\": [\n                {\n                    \"@id\": \"#sso\/qv-width-px-616\"\n                }\n            ],\n            \"height\": [\n                {\n                    \"@id\": \"#sso\/qv-height-px-282\"\n                }\n            ]\n        },\n        {\n            \"@id\": \"#sso\/qv-width-px-616\",\n            \"@context\": \"https:\/\/schema.org\",\n            \"@type\": \"QuantitativeValue\",\n            \"name\": \"Width\",\n            \"unitText\": \"px\",\n            \"unitCode\": \"E37\",\n            \"value\": \"616\"\n        },\n        {\n            \"@id\": \"#sso\/qv-height-px-282\",\n            \"@context\": \"https:\/\/schema.org\",\n            \"@type\": \"QuantitativeValue\",\n            \"name\": \"Height\",\n            \"unitText\": \"px\",\n            \"unitCode\": \"E37\",\n            \"value\": \"282\"\n        },\n        {\n            \"@id\": \"http:\/\/followerninja.com\/wp-content\/uploads\/2023\/02\/FOLLOWER-NINJA-TIKTOK-FOLLOWER.png#sso\/image-object\",\n            \"@context\": \"https:\/\/schema.org\",\n            \"@type\": \"ImageObject\",\n            \"url\": \"http:\/\/followerninja.com\/wp-content\/uploads\/2023\/02\/FOLLOWER-NINJA-TIKTOK-FOLLOWER.png\",\n            \"width\": [\n                {\n                    \"@id\": \"#sso\/qv-width-px-2400\"\n                }\n            ],\n            \"height\": [\n                {\n                    \"@id\": \"#sso\/qv-height-px-2074\"\n                }\n            ]\n        },\n        {\n            \"@id\": \"#sso\/qv-width-px-2400\",\n            \"@context\": \"https:\/\/schema.org\",\n            \"@type\": \"QuantitativeValue\",\n            \"name\": \"Width\",\n            \"unitText\": \"px\",\n            \"unitCode\": \"E37\",\n            \"value\": \"2400\"\n        },\n        {\n            \"@id\": \"#sso\/qv-height-px-2074\",\n            \"@context\": \"https:\/\/schema.org\",\n            \"@type\": \"QuantitativeValue\",\n            \"name\": \"Height\",\n            \"unitText\": \"px\",\n            \"unitCode\": \"E37\",\n            \"value\": \"2074\"\n        },\n        {\n            \"@id\": \"\/1656491a8b10bbae4f938b3c82e5b8a1#sso\/person\",\n            \"@context\": \"https:\/\/schema.org\",\n            \"@type\": \"Person\",\n            \"url\": \"http:\/\/followerninja.com\/\",\n            \"name\": \"followerninja\",\n            \"givenName\": \"Nami\",\n            \"familyName\": \"Shams\",\n            \"description\": \"Follower Ninja - Social Media Profis\",\n            \"image\": [\n                {\n                    \"@id\": \"https:\/\/secure.gravatar.com\/avatar\/51fd3ca1505ce8c9465a64104b9d54df.jpg?d=mp&s=1200#sso\/image-object\"\n                }\n            ]\n        },\n        {\n            \"@id\": \"https:\/\/secure.gravatar.com\/avatar\/51fd3ca1505ce8c9465a64104b9d54df.jpg?d=mp&s=1200#sso\/image-object\",\n            \"@context\": \"https:\/\/schema.org\",\n            \"@type\": \"ImageObject\",\n            \"url\": \"https:\/\/secure.gravatar.com\/avatar\/51fd3ca1505ce8c9465a64104b9d54df.jpg?d=mp&s=1200\",\n            \"width\": [\n                {\n                    \"@id\": \"#sso\/qv-width-px-1200\"\n                }\n            ],\n            \"height\": [\n                {\n                    \"@id\": \"#sso\/qv-height-px-1200\"\n                }\n            ]\n        },\n        {\n            \"@id\": \"#sso\/qv-width-px-1200\",\n            \"@context\": \"https:\/\/schema.org\",\n            \"@type\": \"QuantitativeValue\",\n            \"name\": \"Width\",\n            \"unitText\": \"px\",\n            \"unitCode\": \"E37\",\n            \"value\": \"1200\"\n        },\n        {\n            \"@id\": \"#sso\/qv-height-px-1200\",\n            \"@context\": \"https:\/\/schema.org\",\n            \"@type\": \"QuantitativeValue\",\n            \"name\": \"Height\",\n            \"unitText\": \"px\",\n            \"unitCode\": \"E37\",\n            \"value\": \"1200\"\n        },\n        {\n            \"@id\": \"\/painatus\/#sso\/breadcrumb-list\/39773\",\n            \"@context\": \"https:\/\/schema.org\",\n            \"@type\": \"BreadcrumbList\",\n            \"url\": \"https:\/\/followerninja.com\/fi\/painatus\/\",\n            \"itemListElement\": [\n                {\n                    \"@context\": \"https:\/\/schema.org\",\n                    \"@type\": \"ListItem\",\n                    \"position\": 1,\n                    \"name\": \"Home\",\n                    \"item\": \"https:\/\/followerninja.com\/fi\/\"\n                },\n                {\n                    \"@context\": \"https:\/\/schema.org\",\n                    \"@type\": \"ListItem\",\n                    \"position\": 2,\n                    \"name\": \"Blog\",\n                    \"item\": \"https:\/\/followerninja.com\/\"\n                },\n                {\n                    \"@context\": \"https:\/\/schema.org\",\n                    \"@type\": \"ListItem\",\n                    \"position\": 3,\n                    \"name\": \"Impressum\",\n                    \"item\": \"https:\/\/followerninja.com\/fi\/painatus\/\"\n                }\n            ]\n        }\n    ]\n}<\/script>\n","<meta name=\"wpsso-end\" content=\"wpsso structured data end\"\/>\n","<meta name=\"wpsso-cached\" content=\"2026-04-14T19:30:54+00:00 for followerninja.com\"\/>\n"],"json":[{"@context":"https:\/\/schema.org","@graph":[{"@id":"\/painatus\/#sso\/article\/39773","@context":"https:\/\/schema.org","@type":"Article","mainEntityOfPage":"https:\/\/followerninja.com\/fi\/painatus\/","url":"https:\/\/followerninja.com\/fi\/painatus\/","sameAs":["https:\/\/followerninja.com\/fi\/?p=39773"],"name":"Impressum","description":"ImpressumAngaben gem&auml;&szlig; &sect; 5 TMG und &sect; 18 des Medienstaatsvertrags (MStV) Patrox UGTonndorfer Hauptstra&szlig;e 17422045 HamburgDeutschland Gesch&auml;ftsf&uuml;hrung\/Verantwortlicher:Patrick Torben Bimber 1. KontaktE-Mail: support@followerninja.com 2. Umsatzsteuer-ID Umsatzsteuer-Identifikationsnummer gem&auml;&szlig; &sect;...","publisher":[{"@id":"\/#sso\/organization\/site\/org-banner-url"}],"headline":"Impressum","inLanguage":"fi","datePublished":"2022-07-28T13:52:04+00:00","dateModified":"2024-05-24T15:21:23+00:00","author":{"@id":"\/1656491a8b10bbae4f938b3c82e5b8a1#sso\/person"},"timeRequired":"PT2M","speakable":{"@context":"https:\/\/schema.org","@type":"SpeakableSpecification","cssSelector":[".wp-block-post-title",".speakable"]}},{"@id":"\/#sso\/organization\/site\/org-banner-url","@context":"https:\/\/schema.org","@type":"Organization","url":"https:\/\/followerninja.com\/fi\/","name":"Follower Ninja","description":"Social Media Follower","image":[{"@id":"http:\/\/followerninja.com\/wp-content\/uploads\/2023\/06\/follower-ninja.png#sso\/image-object"}],"logo":{"@id":"http:\/\/followerninja.com\/wp-content\/uploads\/2023\/02\/FOLLOWER-NINJA-TIKTOK-FOLLOWER.png#sso\/image-object"}},{"@id":"http:\/\/followerninja.com\/wp-content\/uploads\/2023\/06\/follower-ninja.png#sso\/image-object","@context":"https:\/\/schema.org","@type":"ImageObject","url":"http:\/\/followerninja.com\/wp-content\/uploads\/2023\/06\/follower-ninja.png","width":[{"@id":"#sso\/qv-width-px-616"}],"height":[{"@id":"#sso\/qv-height-px-282"}]},{"@id":"#sso\/qv-width-px-616","@context":"https:\/\/schema.org","@type":"QuantitativeValue","name":"Width","unitText":"px","unitCode":"E37","value":"616"},{"@id":"#sso\/qv-height-px-282","@context":"https:\/\/schema.org","@type":"QuantitativeValue","name":"Height","unitText":"px","unitCode":"E37","value":"282"},{"@id":"http:\/\/followerninja.com\/wp-content\/uploads\/2023\/02\/FOLLOWER-NINJA-TIKTOK-FOLLOWER.png#sso\/image-object","@context":"https:\/\/schema.org","@type":"ImageObject","url":"http:\/\/followerninja.com\/wp-content\/uploads\/2023\/02\/FOLLOWER-NINJA-TIKTOK-FOLLOWER.png","width":[{"@id":"#sso\/qv-width-px-2400"}],"height":[{"@id":"#sso\/qv-height-px-2074"}]},{"@id":"#sso\/qv-width-px-2400","@context":"https:\/\/schema.org","@type":"QuantitativeValue","name":"Width","unitText":"px","unitCode":"E37","value":"2400"},{"@id":"#sso\/qv-height-px-2074","@context":"https:\/\/schema.org","@type":"QuantitativeValue","name":"Height","unitText":"px","unitCode":"E37","value":"2074"},{"@id":"\/1656491a8b10bbae4f938b3c82e5b8a1#sso\/person","@context":"https:\/\/schema.org","@type":"Person","url":"http:\/\/followerninja.com\/","name":"followerninja","givenName":"Nami","familyName":"Shams","description":"Follower Ninja - Social Media Profis","image":[{"@id":"https:\/\/secure.gravatar.com\/avatar\/51fd3ca1505ce8c9465a64104b9d54df.jpg?d=mp&s=1200#sso\/image-object"}]},{"@id":"https:\/\/secure.gravatar.com\/avatar\/51fd3ca1505ce8c9465a64104b9d54df.jpg?d=mp&s=1200#sso\/image-object","@context":"https:\/\/schema.org","@type":"ImageObject","url":"https:\/\/secure.gravatar.com\/avatar\/51fd3ca1505ce8c9465a64104b9d54df.jpg?d=mp&s=1200","width":[{"@id":"#sso\/qv-width-px-1200"}],"height":[{"@id":"#sso\/qv-height-px-1200"}]},{"@id":"#sso\/qv-width-px-1200","@context":"https:\/\/schema.org","@type":"QuantitativeValue","name":"Width","unitText":"px","unitCode":"E37","value":"1200"},{"@id":"#sso\/qv-height-px-1200","@context":"https:\/\/schema.org","@type":"QuantitativeValue","name":"Height","unitText":"px","unitCode":"E37","value":"1200"},{"@id":"\/painatus\/#sso\/breadcrumb-list\/39773","@context":"https:\/\/schema.org","@type":"BreadcrumbList","url":"https:\/\/followerninja.com\/fi\/painatus\/","itemListElement":[{"@context":"https:\/\/schema.org","@type":"ListItem","position":1,"name":"Home","item":"https:\/\/followerninja.com\/fi\/"},{"@context":"https:\/\/schema.org","@type":"ListItem","position":2,"name":"Blog","item":"https:\/\/followerninja.com\/"},{"@context":"https:\/\/schema.org","@type":"ListItem","position":3,"name":"Impressum","item":"https:\/\/followerninja.com\/fi\/painatus\/"}]}]}],"parts":[["meta","name","generator","content","WPSSO Core 21.8.0\/L*","generator:1"],["meta","name","generator","content","WPSSO REST 3.3.0\/S","generator:2"],["meta","name","generator","content","WPSSO BC 5.3.0\/S","generator:3"],["meta","name","generator","content","WPSSO SSM 3.4.0\/S","generator:4"],["meta","name","generator","content","WPSSO UM 7.3.0\/S","generator:5"],["link","rel","shortlink","href","https:\/\/followerninja.com\/fi\/?p=39773",""],["meta","property","fb:app_id","content","966242223397117",""],["meta","property","og:time","content","2026-04-14T19:30:54+00:00",""],["meta","property","og:type","content","article",""],["meta","property","og:url","content","https:\/\/followerninja.com\/fi\/painatus\/",""],["meta","property","og:locale","content","en_US",""],["meta","property","og:site_name","content","Follower Ninja",""],["meta","property","og:title","content","Impressum",""],["meta","property","og:description","content","ImpressumAngaben gem&auml;&szlig; &sect; 5 TMG und &sect; 18 des Medienstaatsvertrags (MStV) Patrox UGTonndorfer Hauptstra&szlig;e 17422045 HamburgDeutschland Gesch&auml;ftsf&uuml;hrung\/Verantwortlicher:Patrick Torben Bimber 1. KontaktE-Mail: support@followerninja.com 2. Umsatzsteuer-ID Umsatzsteuer-Identifikationsnummer gem&auml;&szlig; &sect;...",""],["meta","property","og:updated_time","content","2024-05-24T15:21:23+00:00",""],["meta","name","schema:language","content","fi",""],["meta","name","schema:type:id","content","article",""],["meta","name","schema:type:url","content","https:\/\/schema.org\/Article",""],["meta","name","schema:type:context","content","https:\/\/schema.org",""],["meta","name","schema:type:name","content","Article",""],["meta","name","schema:type:path","content","schema.org\/Article",""],["meta","property","article:author:name","content","followerninja",""],["meta","property","article:published_time","content","2022-07-28T13:52:04+00:00",""],["meta","property","article:modified_time","content","2024-05-24T15:21:23+00:00",""],["meta","property","article:reading_mins","content","2",""],["meta","name","twitter:domain","content","followerninja.com",""],["meta","name","twitter:title","content","Impressum",""],["meta","name","twitter:description","content","ImpressumAngaben gem&auml;&szlig; &sect; 5 TMG und &sect; 18 des Medienstaatsvertrags (MStV) Patrox UGTonndorfer Hauptstra&szlig;e 17422045 HamburgDeutschland Gesch&auml;ftsf&uuml;hrung\/Verantwortlicher:Patrick Torben Bimber 1...",""],["meta","name","twitter:card","content","summary",""],["meta","name","twitter:label1","content","Written by",""],["meta","name","twitter:data1","content","followerninja",""],["meta","name","twitter:label2","content","Est. reading time",""],["meta","name","twitter:data2","content","2 minutes",""],["meta","name","author","content","followerninja",""]]},"_links":{"self":[{"href":"https:\/\/followerninja.com\/fi\/wp-json\/wp\/v2\/pages\/39773","targetHints":{"allow":["GET"]}}],"collection":[{"href":"https:\/\/followerninja.com\/fi\/wp-json\/wp\/v2\/pages"}],"about":[{"href":"https:\/\/followerninja.com\/fi\/wp-json\/wp\/v2\/types\/page"}],"author":[{"embeddable":true,"href":"https:\/\/followerninja.com\/fi\/wp-json\/wp\/v2\/users\/1"}],"replies":[{"embeddable":true,"href":"https:\/\/followerninja.com\/fi\/wp-json\/wp\/v2\/comments?post=39773"}],"version-history":[{"count":6,"href":"https:\/\/followerninja.com\/fi\/wp-json\/wp\/v2\/pages\/39773\/revisions"}],"predecessor-version":[{"id":49114,"href":"https:\/\/followerninja.com\/fi\/wp-json\/wp\/v2\/pages\/39773\/revisions\/49114"}],"wp:attachment":[{"href":"https:\/\/followerninja.com\/fi\/wp-json\/wp\/v2\/media?parent=39773"}],"curies":[{"name":"wp","href":"https:\/\/api.w.org\/{rel}","templated":true}]}}