{"id":4674,"date":"2021-01-30T17:06:25","date_gmt":"2021-01-30T16:06:25","guid":{"rendered":"http:\/\/followerninja.com\/\/?post_type=product&#038;p=4674"},"modified":"2024-10-04T09:31:40","modified_gmt":"2024-10-04T07:31:40","slug":"facebook-post-likes-german","status":"publish","type":"product","link":"https:\/\/followerninja.com\/fi\/facebook\/facebook-post-likes-german\/","title":{"rendered":"Facebook-postausten tykk\u00e4ykset (saksa)"},"content":{"rendered":"<h3>Osta Facebook Post Tykk\u00e4ykset (saksa)<\/h3>","protected":false},"excerpt":{"rendered":"<p><span style=\"font-size: 14.4px;\">\u27a1\ufe0f<\/span> Aloitus: V\u00e4litt\u00f6m\u00e4sti - 2 tuntia<br \/>\n<span style=\"font-size: 14.4px;\">\u27a1\ufe0f<\/span> Nopeus: 50\/p\u00e4iv\u00e4<br \/>\n<span style=\"font-size: 14.4px;\">\u27a1\ufe0f<\/span> Julkinen sivu vaaditaan<\/p>","protected":false},"featured_media":46452,"comment_status":"closed","ping_status":"closed","template":"","meta":{"_acf_changed":false},"product_brand":[],"product_cat":[89],"product_tag":[196,201],"class_list":{"0":"post-4674","1":"product","2":"type-product","3":"status-publish","4":"has-post-thumbnail","6":"product_cat-facebook","7":"product_tag-facebook","8":"product_tag-facebook-post-likes-deutsch","10":"first","11":"instock","12":"virtual","13":"purchasable","14":"product-type-simple"},"acf":[],"jetpack_sharing_enabled":true,"head":{"html":["<meta name=\"wpsso-begin\" content=\"wpsso structured data begin\"\/>\n","<!-- generator:1 --><meta name=\"generator\" content=\"WPSSO Core 21.8.0\/L*\"\/>\n","<!-- generator:2 --><meta name=\"generator\" content=\"WPSSO REST 3.3.0\/S\"\/>\n","<!-- generator:3 --><meta name=\"generator\" content=\"WPSSO BC 5.3.0\/S\"\/>\n","<!-- generator:4 --><meta name=\"generator\" content=\"WPSSO SSM 3.4.0\/S\"\/>\n","<!-- generator:5 --><meta name=\"generator\" content=\"WPSSO UM 7.3.0\/S\"\/>\n","<link rel=\"shortlink\" href=\"https:\/\/followerninja.com\/fi\/?p=4674\"\/>\n","<meta property=\"fb:app_id\" content=\"966242223397117\"\/>\n","<meta property=\"og:type\" content=\"product\"\/>\n","<meta property=\"og:url\" content=\"https:\/\/followerninja.com\/fi\/facebook\/facebook-post-likes-german\/\"\/>\n","<meta property=\"og:locale\" content=\"en_US\"\/>\n","<meta property=\"og:site_name\" content=\"Follower Ninja\"\/>\n","<meta property=\"og:title\" content=\"Facebook Post Likes (Deutsch)\"\/>\n","<meta property=\"og:description\" content=\"Kaufe Facebook Post Likes in wenigen Minuten, um dein Unternehmen zu f&ouml;rdern. Follower Ninja bietet dir die M&ouml;glichkeit, echte und aktive Facebook Post Likes zu kaufen.\"\/>\n","<meta property=\"og:updated_time\" content=\"2024-10-04T07:31:40+00:00\"\/>\n","<meta property=\"product:retailer_item_id\" content=\"4674\"\/>\n","<meta property=\"product:availability\" content=\"in stock\"\/>\n","<meta property=\"product:condition\" content=\"new\"\/>\n","<meta property=\"product:original_price:amount\" content=\"0.00\"\/>\n","<meta property=\"product:original_price:currency\" content=\"EUR\"\/>\n","<meta property=\"product:pretax_price:amount\" content=\"0.00\"\/>\n","<meta property=\"product:pretax_price:currency\" content=\"EUR\"\/>\n","<meta property=\"product:price:amount\" content=\"0.00\"\/>\n","<meta property=\"product:price:currency\" content=\"EUR\"\/>\n","<meta name=\"twitter:domain\" content=\"followerninja.com\"\/>\n","<meta name=\"twitter:title\" content=\"Facebook Post Likes (Deutsch)\"\/>\n","<meta name=\"twitter:description\" content=\"Kaufe Facebook Post Likes in wenigen Minuten, um dein Unternehmen zu f&ouml;rdern. Follower Ninja bietet dir die M&ouml;glichkeit, echte und aktive Facebook Post Likes zu kaufen.\"\/>\n","<meta name=\"twitter:card\" content=\"summary\"\/>\n","<meta name=\"twitter:label1\" content=\"Price\"\/>\n","<meta name=\"twitter:data1\" content=\"0.00 EUR\"\/>\n","<meta name=\"twitter:label2\" content=\"Availability\"\/>\n","<meta name=\"twitter:data2\" content=\"In Stock\"\/>\n","<script type=\"application\/ld+json\" id=\"wpsso-schema-graph\">{\n    \"@context\": \"https:\/\/schema.org\",\n    \"@graph\": [\n        {\n            \"@id\": \"\/facebook\/facebook-post-likes-german\/#sso\/product\/4674\",\n            \"@context\": \"https:\/\/schema.org\",\n            \"@type\": \"Product\",\n            \"mainEntityOfPage\": \"https:\/\/followerninja.com\/fi\/facebook\/facebook-post-likes-german\/\",\n            \"url\": \"https:\/\/followerninja.com\/fi\/facebook\/facebook-post-likes-german\/\",\n            \"sameAs\": [\n                \"https:\/\/followerninja.com\/fi\/?p=4674\"\n            ],\n            \"name\": \"Facebook Post Likes (Deutsch)\",\n            \"description\": \"Kaufe Facebook Post Likes in wenigen Minuten, um dein Unternehmen zu f&ouml;rdern. Follower Ninja bietet dir die M&ouml;glichkeit, echte und aktive Facebook Post Likes zu kaufen.\",\n            \"itemCondition\": \"https:\/\/schema.org\/NewCondition\",\n            \"offers\": {\n                \"@context\": \"https:\/\/schema.org\",\n                \"@type\": \"Offer\",\n                \"url\": \"https:\/\/followerninja.com\/fi\/facebook\/facebook-post-likes-german\/\",\n                \"name\": \"Facebook Post Likes (Deutsch)\",\n                \"description\": \"Kaufe Facebook Post Likes in wenigen Minuten, um dein Unternehmen zu f&ouml;rdern. Follower Ninja bietet dir die M&ouml;glichkeit, echte und aktive Facebook Post Likes zu kaufen.\",\n                \"availability\": \"https:\/\/schema.org\/InStock\",\n                \"itemCondition\": \"https:\/\/schema.org\/NewCondition\",\n                \"price\": \"0.00\",\n                \"priceCurrency\": \"EUR\",\n                \"priceValidUntil\": \"2027-04-06T11:42:24+00:00\",\n                \"priceSpecification\": [\n                    {\n                        \"@context\": \"https:\/\/schema.org\",\n                        \"@type\": \"UnitPriceSpecification\",\n                        \"priceType\": \"https:\/\/schema.org\/ListPrice\",\n                        \"price\": \"0.00\",\n                        \"priceCurrency\": \"EUR\",\n                        \"valueAddedTaxIncluded\": false,\n                        \"validThrough\": \"2026-05-06T11:42:24+00:00\"\n                    }\n                ],\n                \"seller\": {\n                    \"@id\": \"\/#sso\/organization\/site\/org-logo-url\"\n                }\n            }\n        },\n        {\n            \"@id\": \"\/#sso\/organization\/site\/org-logo-url\",\n            \"@context\": \"https:\/\/schema.org\",\n            \"@type\": \"Organization\",\n            \"url\": \"https:\/\/followerninja.com\/fi\/\",\n            \"name\": \"Follower Ninja\",\n            \"description\": \"Social Media Follower\",\n            \"image\": [\n                {\n                    \"@id\": \"http:\/\/followerninja.com\/wp-content\/uploads\/2023\/06\/follower-ninja.png#sso\/image-object\"\n                }\n            ],\n            \"logo\": {\n                \"@id\": \"http:\/\/followerninja.com\/wp-content\/uploads\/2023\/06\/follower-ninja.png#sso\/image-object\"\n            }\n        },\n        {\n            \"@id\": \"http:\/\/followerninja.com\/wp-content\/uploads\/2023\/06\/follower-ninja.png#sso\/image-object\",\n            \"@context\": \"https:\/\/schema.org\",\n            \"@type\": \"ImageObject\",\n            \"url\": \"http:\/\/followerninja.com\/wp-content\/uploads\/2023\/06\/follower-ninja.png\",\n            \"width\": [\n                {\n                    \"@id\": \"#sso\/qv-width-px-616\"\n                }\n            ],\n            \"height\": [\n                {\n                    \"@id\": \"#sso\/qv-height-px-282\"\n                }\n            ]\n        },\n        {\n            \"@id\": \"#sso\/qv-width-px-616\",\n            \"@context\": \"https:\/\/schema.org\",\n            \"@type\": \"QuantitativeValue\",\n            \"name\": \"Width\",\n            \"unitText\": \"px\",\n            \"unitCode\": \"E37\",\n            \"value\": \"616\"\n        },\n        {\n            \"@id\": \"#sso\/qv-height-px-282\",\n            \"@context\": \"https:\/\/schema.org\",\n            \"@type\": \"QuantitativeValue\",\n            \"name\": \"Height\",\n            \"unitText\": \"px\",\n            \"unitCode\": \"E37\",\n            \"value\": \"282\"\n        },\n        {\n            \"@id\": \"\/facebook\/facebook-post-likes-german\/#sso\/breadcrumb.list\/facebook\",\n            \"@context\": \"https:\/\/schema.org\",\n            \"@type\": \"BreadcrumbList\",\n            \"url\": \"https:\/\/followerninja.com\/fi\/facebook\/facebook-post-likes-german\/\",\n            \"itemListElement\": [\n                {\n                    \"@context\": \"https:\/\/schema.org\",\n                    \"@type\": \"ListItem\",\n                    \"position\": 1,\n                    \"name\": \"Home\",\n                    \"item\": \"https:\/\/followerninja.com\/fi\/\"\n                },\n                {\n                    \"@context\": \"https:\/\/schema.org\",\n                    \"@type\": \"ListItem\",\n                    \"position\": 2,\n                    \"name\": \"Blog\",\n                    \"item\": \"https:\/\/followerninja.com\/\"\n                },\n                {\n                    \"@context\": \"https:\/\/schema.org\",\n                    \"@type\": \"ListItem\",\n                    \"position\": 3,\n                    \"name\": \"Facebook &ndash; Follower Ninja\",\n                    \"item\": \"https:\/\/followerninja.com\/fi\/facebook\/\"\n                },\n                {\n                    \"@context\": \"https:\/\/schema.org\",\n                    \"@type\": \"ListItem\",\n                    \"position\": 4,\n                    \"name\": \"Facebook Post Likes (Deutsch)\",\n                    \"item\": \"https:\/\/followerninja.com\/fi\/facebook\/facebook-post-likes-german\/\"\n                }\n            ]\n        }\n    ]\n}<\/script>\n","<meta name=\"wpsso-end\" content=\"wpsso structured data end\"\/>\n","<meta name=\"wpsso-cached\" content=\"2026-04-06T11:42:24+00:00 for followerninja.com\"\/>\n"],"json":[{"@context":"https:\/\/schema.org","@graph":[{"@id":"\/facebook\/facebook-post-likes-german\/#sso\/product\/4674","@context":"https:\/\/schema.org","@type":"Product","mainEntityOfPage":"https:\/\/followerninja.com\/fi\/facebook\/facebook-post-likes-german\/","url":"https:\/\/followerninja.com\/fi\/facebook\/facebook-post-likes-german\/","sameAs":["https:\/\/followerninja.com\/fi\/?p=4674"],"name":"Facebook Post Likes (Deutsch)","description":"Kaufe Facebook Post Likes in wenigen Minuten, um dein Unternehmen zu f&ouml;rdern. Follower Ninja bietet dir die M&ouml;glichkeit, echte und aktive Facebook Post Likes zu kaufen.","itemCondition":"https:\/\/schema.org\/NewCondition","offers":{"@context":"https:\/\/schema.org","@type":"Offer","url":"https:\/\/followerninja.com\/fi\/facebook\/facebook-post-likes-german\/","name":"Facebook Post Likes (Deutsch)","description":"Kaufe Facebook Post Likes in wenigen Minuten, um dein Unternehmen zu f&ouml;rdern. Follower Ninja bietet dir die M&ouml;glichkeit, echte und aktive Facebook Post Likes zu kaufen.","availability":"https:\/\/schema.org\/InStock","itemCondition":"https:\/\/schema.org\/NewCondition","price":"0.00","priceCurrency":"EUR","priceValidUntil":"2027-04-06T11:42:24+00:00","priceSpecification":[{"@context":"https:\/\/schema.org","@type":"UnitPriceSpecification","priceType":"https:\/\/schema.org\/ListPrice","price":"0.00","priceCurrency":"EUR","valueAddedTaxIncluded":false,"validThrough":"2026-05-06T11:42:24+00:00"}],"seller":{"@id":"\/#sso\/organization\/site\/org-logo-url"}}},{"@id":"\/#sso\/organization\/site\/org-logo-url","@context":"https:\/\/schema.org","@type":"Organization","url":"https:\/\/followerninja.com\/fi\/","name":"Follower Ninja","description":"Social Media Follower","image":[{"@id":"http:\/\/followerninja.com\/wp-content\/uploads\/2023\/06\/follower-ninja.png#sso\/image-object"}],"logo":{"@id":"http:\/\/followerninja.com\/wp-content\/uploads\/2023\/06\/follower-ninja.png#sso\/image-object"}},{"@id":"http:\/\/followerninja.com\/wp-content\/uploads\/2023\/06\/follower-ninja.png#sso\/image-object","@context":"https:\/\/schema.org","@type":"ImageObject","url":"http:\/\/followerninja.com\/wp-content\/uploads\/2023\/06\/follower-ninja.png","width":[{"@id":"#sso\/qv-width-px-616"}],"height":[{"@id":"#sso\/qv-height-px-282"}]},{"@id":"#sso\/qv-width-px-616","@context":"https:\/\/schema.org","@type":"QuantitativeValue","name":"Width","unitText":"px","unitCode":"E37","value":"616"},{"@id":"#sso\/qv-height-px-282","@context":"https:\/\/schema.org","@type":"QuantitativeValue","name":"Height","unitText":"px","unitCode":"E37","value":"282"},{"@id":"\/facebook\/facebook-post-likes-german\/#sso\/breadcrumb.list\/facebook","@context":"https:\/\/schema.org","@type":"BreadcrumbList","url":"https:\/\/followerninja.com\/fi\/facebook\/facebook-post-likes-german\/","itemListElement":[{"@context":"https:\/\/schema.org","@type":"ListItem","position":1,"name":"Home","item":"https:\/\/followerninja.com\/fi\/"},{"@context":"https:\/\/schema.org","@type":"ListItem","position":2,"name":"Blog","item":"https:\/\/followerninja.com\/"},{"@context":"https:\/\/schema.org","@type":"ListItem","position":3,"name":"Facebook &ndash; Follower Ninja","item":"https:\/\/followerninja.com\/fi\/facebook\/"},{"@context":"https:\/\/schema.org","@type":"ListItem","position":4,"name":"Facebook Post Likes (Deutsch)","item":"https:\/\/followerninja.com\/fi\/facebook\/facebook-post-likes-german\/"}]}]}],"parts":[["meta","name","generator","content","WPSSO Core 21.8.0\/L*","generator:1"],["meta","name","generator","content","WPSSO REST 3.3.0\/S","generator:2"],["meta","name","generator","content","WPSSO BC 5.3.0\/S","generator:3"],["meta","name","generator","content","WPSSO SSM 3.4.0\/S","generator:4"],["meta","name","generator","content","WPSSO UM 7.3.0\/S","generator:5"],["link","rel","shortlink","href","https:\/\/followerninja.com\/fi\/?p=4674",""],["meta","property","fb:app_id","content","966242223397117",""],["meta","property","og:time","content","2026-04-06T11:42:24+00:00",""],["meta","property","og:type","content","product",""],["meta","property","og:url","content","https:\/\/followerninja.com\/fi\/facebook\/facebook-post-likes-german\/",""],["meta","property","og:locale","content","en_US",""],["meta","property","og:site_name","content","Follower Ninja",""],["meta","property","og:title","content","Facebook Post Likes (Deutsch)",""],["meta","property","og:description","content","Kaufe Facebook Post Likes in wenigen Minuten, um dein Unternehmen zu f&ouml;rdern. Follower Ninja bietet dir die M&ouml;glichkeit, echte und aktive Facebook Post Likes zu kaufen.",""],["meta","property","og:updated_time","content","2024-10-04T07:31:40+00:00",""],["meta","name","schema:language","content","fi",""],["meta","name","schema:type:id","content","product",""],["meta","name","schema:type:url","content","https:\/\/schema.org\/Product",""],["meta","name","schema:type:context","content","https:\/\/schema.org",""],["meta","name","schema:type:name","content","Product",""],["meta","name","schema:type:path","content","schema.org\/Product",""],["meta","property","product:retailer_item_id","content","4674",""],["meta","property","product:url","content","https:\/\/followerninja.com\/fi\/facebook\/facebook-post-likes-german\/",""],["meta","property","product:title","content","Facebook Post Likes (Deutsch)",""],["meta","property","product:description","content","Kaufe Facebook Post Likes in wenigen Minuten, um dein Unternehmen zu f&ouml;rdern. Follower Ninja bietet dir die M&ouml;glichkeit, echte und aktive Facebook Post Likes zu kaufen.",""],["meta","property","product:updated_time","content","2024-10-04T07:31:40+00:00",""],["meta","property","product:availability","content","in stock",""],["meta","property","product:retailer_category","content","Facebook &ndash; Follower Ninja",""],["meta","property","product:condition","content","new",""],["meta","property","product:is_virtual","content","true",""],["meta","property","product:min_advert_price:amount","content","0.00",""],["meta","property","product:min_advert_price:currency","content","EUR",""],["meta","property","product:original_price:type","content","https:\/\/schema.org\/ListPrice",""],["meta","property","product:original_price:amount","content","0.00",""],["meta","property","product:original_price:currency","content","EUR",""],["meta","property","product:pretax_price:amount","content","0.00",""],["meta","property","product:pretax_price:currency","content","EUR",""],["meta","property","product:price:type","content","https:\/\/schema.org\/ListPrice",""],["meta","property","product:price:amount","content","0.00",""],["meta","property","product:price:currency","content","EUR",""],["meta","property","product:price:vat_included","content","false",""],["meta","property","article:author:name","content","followerninja",""],["meta","property","article:reading_mins","content","0",""],["meta","name","twitter:domain","content","followerninja.com",""],["meta","name","twitter:title","content","Facebook Post Likes (Deutsch)",""],["meta","name","twitter:description","content","Kaufe Facebook Post Likes in wenigen Minuten, um dein Unternehmen zu f&ouml;rdern. Follower Ninja bietet dir die M&ouml;glichkeit, echte und aktive Facebook Post Likes zu kaufen.",""],["meta","name","twitter:card","content","summary",""],["meta","name","twitter:label1","content","Price",""],["meta","name","twitter:data1","content","0.00 EUR",""],["meta","name","twitter:label2","content","Availability",""],["meta","name","twitter:data2","content","In Stock",""]]},"_links":{"self":[{"href":"https:\/\/followerninja.com\/fi\/wp-json\/wp\/v2\/product\/4674","targetHints":{"allow":["GET"]}}],"collection":[{"href":"https:\/\/followerninja.com\/fi\/wp-json\/wp\/v2\/product"}],"about":[{"href":"https:\/\/followerninja.com\/fi\/wp-json\/wp\/v2\/types\/product"}],"replies":[{"embeddable":true,"href":"https:\/\/followerninja.com\/fi\/wp-json\/wp\/v2\/comments?post=4674"}],"wp:featuredmedia":[{"embeddable":true,"href":"https:\/\/followerninja.com\/fi\/wp-json\/wp\/v2\/media\/46452"}],"wp:attachment":[{"href":"https:\/\/followerninja.com\/fi\/wp-json\/wp\/v2\/media?parent=4674"}],"wp:term":[{"taxonomy":"product_brand","embeddable":true,"href":"https:\/\/followerninja.com\/fi\/wp-json\/wp\/v2\/product_brand?post=4674"},{"taxonomy":"product_cat","embeddable":true,"href":"https:\/\/followerninja.com\/fi\/wp-json\/wp\/v2\/product_cat?post=4674"},{"taxonomy":"product_tag","embeddable":true,"href":"https:\/\/followerninja.com\/fi\/wp-json\/wp\/v2\/product_tag?post=4674"}],"curies":[{"name":"wp","href":"https:\/\/api.w.org\/{rel}","templated":true}]}}