{"id":47362,"date":"2023-02-19T18:47:36","date_gmt":"2023-02-19T17:47:36","guid":{"rendered":"http:\/\/followerninja.com\/?post_type=product&#038;p=47362"},"modified":"2024-10-04T09:26:50","modified_gmt":"2024-10-04T07:26:50","slug":"ostaa-kanadalainen-spotify-seuraajia","status":"publish","type":"product","link":"https:\/\/followerninja.com\/fi\/spotify\/ostaa-kanadalainen-spotify-seuraajia\/","title":{"rendered":"Spotify-seuraajat (Kanada)"},"content":{"rendered":"<h3><strong>\u00a0Kanadalainen SPOTIFY FOLLOWER OSTAA Kanadasta<\/strong><\/h3>\n<h3><strong>(Spotify Kanadan parhaat seuraajat koko markkinoilla)<\/strong><\/h3>\n<p>Osta Kanadan Spotify-seuraajia - Miksi Follower Ninja on paras sivusto ostaa aitoja Spotify-palveluja?<\/p>\n<p>Follower Ninjalla on kokeneita sosiaalisen median markkinoijia, jotka kehittyv\u00e4t jatkuvasti sis\u00e4llytt\u00e4\u00e4kseen uudet trendit prosesseihinsa. Meill\u00e4 on kokemusta ja asiantuntemusta, joiden avulla voimme varmistaa, ett\u00e4 br\u00e4ndisi voi kilpailla suurempien br\u00e4ndien kanssa markkinaosuuden ja uskottavuuden suhteen.<\/p>\n<h3><strong>Viisi syyt\u00e4 ostaa Spotify-seuraajia Follower Ninjasta<\/strong><\/h3>\n<p>Spotify on yksi maailman suurimmista uusien ja nousevien artistien alustoista. Voit mainostaa kappaleitasi ja albumeitasi, saada uusia faneja, tavoittaa laajemman yleis\u00f6n ja kasvattaa suosiotasi. Osta vain oikea m\u00e4\u00e4r\u00e4 Spotify-seuraajia, niin saat tarvitsemasi vauhdin!<\/p>\n<h3><strong>Osta Follower Ninja Kanada Spotify Follower<\/strong><\/h3>\n<p><strong>Kasvata fanipohjaasi Spotifyssa!<\/strong><br \/>\nNyky\u00e4\u00e4n Spotifyn signaaleja, kuten striimej\u00e4, seuraajia ja tallennuksia, k\u00e4ytet\u00e4\u00e4n tilin tai artistin suosion mittarina. Uutena artistina, jolla on rajalliset resurssit, fanien hankkiminen ja tavoittaminen voi olla haastavaa. Spotify-seuraajien ostaminen voi lis\u00e4t\u00e4 tilin seuraajam\u00e4\u00e4r\u00e4\u00e4. Kun muut ihmiset l\u00f6yt\u00e4v\u00e4t tilin tai kappaleen, he kiinnostuvat ty\u00f6st\u00e4si, kun he n\u00e4kev\u00e4t suuremman seuraajam\u00e4\u00e4r\u00e4n. N\u00e4in voit lis\u00e4t\u00e4 seuraajien m\u00e4\u00e4r\u00e4\u00e4 kappaleille ja albumeille, joita haluat mainostaa.<\/p>\n<p><strong>Suosittu musiikkialalla Follower Ninjan ansiosta<\/strong><br \/>\nKuuluisaksi tuleminen ei ole helppoa, varsinkaan Spotifyn kaltaisella maailmanlaajuisella alustalla. Kilpailu on kovaa, sill\u00e4 monet uudet artistit julkaisevat kappaleitaan p\u00e4ivitt\u00e4in. Jotta sinusta tulisi suosittu ja kuuluisa, sinun on k\u00e4ytett\u00e4v\u00e4 paljon rahaa mainontaan ja markkinointiin. Jos sen sijaan ostat Spotify-seuraajia, voit saada tarvitsemasi huomion musiikkialalla. Valitse edulliset palvelumme ja booster-pakettimme, jotta tilisi huomataan. Meilt\u00e4 saat seuraajia oikeilta tileilt\u00e4, ilman kysymyksi\u00e4.<\/p>\n<p><strong>Uskottavuuden lis\u00e4\u00e4minen Spotify-alustalla<\/strong><br \/>\nTilej\u00e4, joilla on enemm\u00e4n seuraajia, pidet\u00e4\u00e4n nyt uskottavampina ja niiden takana olevia taiteilijoita lahjakkaampina. Sit\u00e4 ei voi muuttaa, sill\u00e4 niin sosiaalinen media toimii nyky\u00e4\u00e4n. Enemm\u00e4n seuraajia tarkoittaa enemm\u00e4n uskottavuutta ja lahjakkuutta. Siksi sinun pit\u00e4isi pyrki\u00e4 saamaan mahdollisimman paljon seuraajia. Se ei kuitenkaan ole helppo teht\u00e4v\u00e4, koska siihen liittyy useita tekij\u00f6it\u00e4. T\u00e4ss\u00e4 kohtaa Follower Ninja tulee mukaan peliin. Valitse oikea Spotify-seurantapaketti ja lis\u00e4\u00e4 seuraajam\u00e4\u00e4r\u00e4\u00e4si v\u00e4hitellen tiputusmenetelm\u00e4ll\u00e4, jotta et her\u00e4t\u00e4 kysymyksi\u00e4 Spotifyn k\u00e4ytt\u00e4jien keskuudessa.<\/p>\n<p><strong>Parempien mahdollisuuksien l\u00f6yt\u00e4minen kohdennetun kohdentamisen avulla<\/strong><br \/>\nKun joku pyrkii musiikkiuralle, h\u00e4n haluaa toteuttaa itse\u00e4\u00e4n t\u00e4ss\u00e4 ammatissa. Laulaminen, esiintyminen, ty\u00f6skentely isompien levy-yhti\u00f6iden kanssa, musiikkivideoiden tekeminen jne. ovat jokaisen muusikon ja taiteilijan unelmia. Spotify tarjoaa loistavan alustan kaikille, jotka haluavat aloittaa jostain. Mutta jotta unelmista tulisi totta, on tartuttava oikeisiin tilaisuuksiin oikeaan aikaan. Mit\u00e4 enemm\u00e4n seuraajia Spotify-tilill\u00e4si on, sit\u00e4 todenn\u00e4k\u00f6isemmin musiikkituottajat ja levy-yhti\u00f6t huomaavat sinut. Siksi voit tehd\u00e4 unelmistasi totta ostamalla Spotify-seuraajia.<\/p>\n<p><strong>Lis\u00e4\u00e4 orgaanista liikennett\u00e4 Spotifyssa<\/strong><br \/>\nYksi syy siihen, miksi seuraajien m\u00e4\u00e4r\u00e4n kasvattaminen sosiaalisessa mediassa voi olla eritt\u00e4in hy\u00f6dyllist\u00e4, on se, ett\u00e4 useammat seuraajat tuovat enemm\u00e4n k\u00e4vij\u00f6it\u00e4. Tili, jolla on enemm\u00e4n seuraajia, saa enemm\u00e4n huomiota ja n\u00e4kyy hakutuloksissa korkeammalla. T\u00e4m\u00e4 tarkoittaa, ett\u00e4 useammat ihmiset vierailevat tilill\u00e4si ja kuuntelevat kappaleitasi. Jos profiilissasi on hyv\u00e4 kokoelma kappaleita ja teoksia, n\u00e4ist\u00e4 k\u00e4vij\u00f6ist\u00e4 tulee seuraajia. Osta yksinkertaisesti Spotify-seuraajia Follower Ninjalta ja luo lis\u00e4\u00e4 orgaanista liikennett\u00e4, joka lis\u00e4\u00e4 tilisi suosiota ajan my\u00f6t\u00e4.<\/p>\n<p>Osta Spotify seuraajia Paypalilla<\/p>\n<p>&nbsp;<\/p>\n<p><strong>On monia sivustoja, joilla voit ostaa sosiaalisen median palveluita, mutta me v\u00e4it\u00e4mme olevamme paras! Olemme auttaneet asiakkaitamme kasvattamaan sosiaalisen median tilej\u00e4\u00e4n vuodesta 2017 l\u00e4htien, ja siit\u00e4 l\u00e4htien meist\u00e4 on tullut useimpien suosikkisivusto. Seuraavassa kerrotaan, miksi sinun kannattaa ostaa meilt\u00e4 palveluita:<\/strong><\/p>\n<p>Emme koskaan pyyd\u00e4 sinulta salasanaa tai t\u00e4rkeit\u00e4 tietoja. Tarjoamme turvallisen ymp\u00e4rist\u00f6n ja oikeudellisia palveluja. Ei siis hakkerointia tai laittomuuksia.<br \/>\nTurvallisuus on t\u00e4rke\u00e4 askel sosiaalisen median kasvussa. J\u00e4rjestelm\u00e4mme toimivat SSL-sertifikaateilla, joten kaikki tietosi ovat turvassa, kun teet ostoksia kanssamme.<br \/>\nSocial Media Growth on k\u00e4ytett\u00e4viss\u00e4si 24\/7. Jos sinulla on kysytt\u00e4v\u00e4\u00e4 tai tarvitset apua, voit aina ottaa yhteytt\u00e4 asiakaspalveluumme.<br \/>\nTarjoamme edullisia sosiaalisen median palveluja. Hintamme ovat eritt\u00e4in kohtuulliset ja halvemmat kuin muilla palveluntarjoajilla.<br \/>\nMaksuprosessi on hyvin yksinkertainen ja turvallinen. Voit maksaa palveluistamme kortilla, Payeerill\u00e4.<\/p>\n<p>Edell\u00e4 mainitut edut koskevat kaikkia palveluitamme. Jos etsit parasta paikkaa sosiaalisen median palveluiden ostamiseen, olet l\u00f6yt\u00e4nyt sen!<\/p>","protected":false},"excerpt":{"rendered":"<p>\u27a1\ufe0f Spotify - Profiilin seuraajat | Kanada | 0-12 tuntia | 0-12 tuntia<br \/>\n\u27a1\ufe0f Elinik\u00e4inen pudotuksenestotakuu<br \/>\n\u27a1\ufe0f Aloitus: 0-24H (tilaus valmistuu 24 tunnin kuluessa)<br \/>\n\u27a1\ufe0f 1000 p\u00e4iv\u00e4ss\u00e4 Nopeus<br \/>\n\u27a1\ufe0f Enimm\u00e4ism\u00e4\u00e4r\u00e4 enint\u00e4\u00e4n 40 000<br \/>\n\u27a1\ufe0f Suositeltu aika: Min-1000 kertaa kohden.<br \/>\n\u27a1\ufe0f T\u00e4yt\u00e4: Elinik\u00e4inen Non-Drop<br \/>\n\u27a1\ufe0f Julkinen profiili tarvitaan<\/p>","protected":false},"featured_media":46477,"comment_status":"open","ping_status":"closed","template":"","meta":{"_acf_changed":false},"product_brand":[],"product_cat":[397],"product_tag":[690,691,689],"class_list":{"0":"post-47362","1":"product","2":"type-product","3":"status-publish","4":"has-post-thumbnail","6":"product_cat-spotify","7":"product_tag-spotify","8":"product_tag-spotify-follower","9":"product_tag-spotify-follower-kaufen","11":"first","12":"instock","13":"virtual","14":"purchasable","15":"product-type-simple"},"acf":[],"jetpack_sharing_enabled":true,"head":{"html":["<meta name=\"wpsso-begin\" content=\"wpsso structured data begin\"\/>\n","<!-- generator:1 --><meta name=\"generator\" content=\"WPSSO Core 21.8.0\/L*\"\/>\n","<!-- generator:2 --><meta name=\"generator\" content=\"WPSSO REST 3.3.0\/S\"\/>\n","<!-- generator:3 --><meta name=\"generator\" content=\"WPSSO BC 5.3.0\/S\"\/>\n","<!-- generator:4 --><meta name=\"generator\" content=\"WPSSO SSM 3.4.0\/S\"\/>\n","<!-- generator:5 --><meta name=\"generator\" content=\"WPSSO UM 7.3.0\/S\"\/>\n","<link rel=\"shortlink\" href=\"https:\/\/followerninja.com\/fi\/?p=47362\"\/>\n","<meta property=\"fb:app_id\" content=\"966242223397117\"\/>\n","<meta property=\"og:type\" content=\"product\"\/>\n","<meta property=\"og:url\" content=\"https:\/\/followerninja.com\/fi\/spotify\/ostaa-kanadalainen-spotify-seuraajia\/\"\/>\n","<meta property=\"og:locale\" content=\"en_US\"\/>\n","<meta property=\"og:site_name\" content=\"Follower Ninja\"\/>\n","<meta property=\"og:title\" content=\"Spotify Follower kaufen (Kanada) - Follower Ninja\"\/>\n","<meta property=\"og:description\" content=\"Kanadische Spotify Follower kaufen - Spotify Streams - Spotify Likes - Reichweite \u2713 Qualifizierte Follower - Beste Spotify KANDA Follower auf dem gesamten Markt\"\/>\n","<meta property=\"og:updated_time\" content=\"2024-10-04T07:26:50+00:00\"\/>\n","<meta property=\"product:retailer_item_id\" content=\"47362\"\/>\n","<meta property=\"product:availability\" content=\"in stock\"\/>\n","<meta property=\"product:condition\" content=\"new\"\/>\n","<meta property=\"product:original_price:amount\" content=\"0.00\"\/>\n","<meta property=\"product:original_price:currency\" content=\"EUR\"\/>\n","<meta property=\"product:pretax_price:amount\" content=\"0.00\"\/>\n","<meta property=\"product:pretax_price:currency\" content=\"EUR\"\/>\n","<meta property=\"product:price:amount\" content=\"0.00\"\/>\n","<meta property=\"product:price:currency\" content=\"EUR\"\/>\n","<meta name=\"twitter:domain\" content=\"followerninja.com\"\/>\n","<meta name=\"twitter:title\" content=\"Spotify Follower kaufen (Kanada) - Follower Ninja\"\/>\n","<meta name=\"twitter:description\" content=\"Kanadische Spotify Follower kaufen - Spotify Streams - Spotify Likes - Reichweite \u2713 Qualifizierte Follower - Beste Spotify KANDA Follower auf dem gesamten Markt\"\/>\n","<meta name=\"twitter:card\" content=\"summary\"\/>\n","<meta name=\"twitter:label1\" content=\"Price\"\/>\n","<meta name=\"twitter:data1\" content=\"0.00 EUR\"\/>\n","<meta name=\"twitter:label2\" content=\"Availability\"\/>\n","<meta name=\"twitter:data2\" content=\"In Stock\"\/>\n","<script type=\"application\/ld+json\" id=\"wpsso-schema-graph\">{\n    \"@context\": \"https:\/\/schema.org\",\n    \"@graph\": [\n        {\n            \"@id\": \"\/spotify\/ostaa-kanadalainen-spotify-seuraajia\/#sso\/product\/47362\",\n            \"@context\": \"https:\/\/schema.org\",\n            \"@type\": \"Product\",\n            \"mainEntityOfPage\": \"https:\/\/followerninja.com\/fi\/spotify\/ostaa-kanadalainen-spotify-seuraajia\/\",\n            \"url\": \"https:\/\/followerninja.com\/fi\/spotify\/ostaa-kanadalainen-spotify-seuraajia\/\",\n            \"sameAs\": [\n                \"https:\/\/followerninja.com\/fi\/?p=47362\"\n            ],\n            \"name\": \"Spotify Follower kaufen (Kanada) - Follower Ninja\",\n            \"description\": \"Kanadische Spotify Follower kaufen - Spotify Streams - Spotify Likes - Reichweite \\u2713 Qualifizierte Follower - Beste Spotify KANDA Follower auf dem gesamten Markt\",\n            \"itemCondition\": \"https:\/\/schema.org\/NewCondition\",\n            \"offers\": {\n                \"@context\": \"https:\/\/schema.org\",\n                \"@type\": \"Offer\",\n                \"url\": \"https:\/\/followerninja.com\/fi\/spotify\/ostaa-kanadalainen-spotify-seuraajia\/\",\n                \"name\": \"Spotify Follower kaufen (Kanada) - Follower Ninja\",\n                \"description\": \"Kanadische Spotify Follower kaufen - Spotify Streams - Spotify Likes - Reichweite \\u2713 Qualifizierte Follower - Beste Spotify KANDA Follower auf dem gesamten Markt\",\n                \"availability\": \"https:\/\/schema.org\/InStock\",\n                \"itemCondition\": \"https:\/\/schema.org\/NewCondition\",\n                \"price\": \"0.00\",\n                \"priceCurrency\": \"EUR\",\n                \"priceValidUntil\": \"2027-04-05T23:57:50+00:00\",\n                \"priceSpecification\": [\n                    {\n                        \"@context\": \"https:\/\/schema.org\",\n                        \"@type\": \"UnitPriceSpecification\",\n                        \"priceType\": \"https:\/\/schema.org\/ListPrice\",\n                        \"price\": \"0.00\",\n                        \"priceCurrency\": \"EUR\",\n                        \"valueAddedTaxIncluded\": false,\n                        \"validThrough\": \"2026-05-05T23:57:50+00:00\"\n                    }\n                ],\n                \"seller\": {\n                    \"@id\": \"\/#sso\/organization\/site\/org-logo-url\"\n                }\n            }\n        },\n        {\n            \"@id\": \"\/#sso\/organization\/site\/org-logo-url\",\n            \"@context\": \"https:\/\/schema.org\",\n            \"@type\": \"Organization\",\n            \"url\": \"https:\/\/followerninja.com\/fi\/\",\n            \"name\": \"Follower Ninja\",\n            \"description\": \"Social Media Follower\",\n            \"image\": [\n                {\n                    \"@id\": \"http:\/\/followerninja.com\/wp-content\/uploads\/2023\/06\/follower-ninja.png#sso\/image-object\"\n                }\n            ],\n            \"logo\": {\n                \"@id\": \"http:\/\/followerninja.com\/wp-content\/uploads\/2023\/06\/follower-ninja.png#sso\/image-object\"\n            }\n        },\n        {\n            \"@id\": \"http:\/\/followerninja.com\/wp-content\/uploads\/2023\/06\/follower-ninja.png#sso\/image-object\",\n            \"@context\": \"https:\/\/schema.org\",\n            \"@type\": \"ImageObject\",\n            \"url\": \"http:\/\/followerninja.com\/wp-content\/uploads\/2023\/06\/follower-ninja.png\",\n            \"width\": [\n                {\n                    \"@id\": \"#sso\/qv-width-px-616\"\n                }\n            ],\n            \"height\": [\n                {\n                    \"@id\": \"#sso\/qv-height-px-282\"\n                }\n            ]\n        },\n        {\n            \"@id\": \"#sso\/qv-width-px-616\",\n            \"@context\": \"https:\/\/schema.org\",\n            \"@type\": \"QuantitativeValue\",\n            \"name\": \"Width\",\n            \"unitText\": \"px\",\n            \"unitCode\": \"E37\",\n            \"value\": \"616\"\n        },\n        {\n            \"@id\": \"#sso\/qv-height-px-282\",\n            \"@context\": \"https:\/\/schema.org\",\n            \"@type\": \"QuantitativeValue\",\n            \"name\": \"Height\",\n            \"unitText\": \"px\",\n            \"unitCode\": \"E37\",\n            \"value\": \"282\"\n        },\n        {\n            \"@id\": \"\/spotify\/ostaa-kanadalainen-spotify-seuraajia\/#sso\/breadcrumb.list\/spotify\",\n            \"@context\": \"https:\/\/schema.org\",\n            \"@type\": \"BreadcrumbList\",\n            \"url\": \"https:\/\/followerninja.com\/fi\/spotify\/ostaa-kanadalainen-spotify-seuraajia\/\",\n            \"itemListElement\": [\n                {\n                    \"@context\": \"https:\/\/schema.org\",\n                    \"@type\": \"ListItem\",\n                    \"position\": 1,\n                    \"name\": \"Home\",\n                    \"item\": \"https:\/\/followerninja.com\/fi\/\"\n                },\n                {\n                    \"@context\": \"https:\/\/schema.org\",\n                    \"@type\": \"ListItem\",\n                    \"position\": 2,\n                    \"name\": \"Blog\",\n                    \"item\": \"https:\/\/followerninja.com\/\"\n                },\n                {\n                    \"@context\": \"https:\/\/schema.org\",\n                    \"@type\": \"ListItem\",\n                    \"position\": 3,\n                    \"name\": \"Spotify\",\n                    \"item\": \"https:\/\/followerninja.com\/fi\/spotify\/\"\n                },\n                {\n                    \"@context\": \"https:\/\/schema.org\",\n                    \"@type\": \"ListItem\",\n                    \"position\": 4,\n                    \"name\": \"Spotify Follower kaufen (Kanada) - Follower Ninja\",\n                    \"item\": \"https:\/\/followerninja.com\/fi\/spotify\/ostaa-kanadalainen-spotify-seuraajia\/\"\n                }\n            ]\n        }\n    ]\n}<\/script>\n","<meta name=\"wpsso-end\" content=\"wpsso structured data end\"\/>\n","<meta name=\"wpsso-cached\" content=\"2026-04-05T23:57:50+00:00 for followerninja.com\"\/>\n"],"json":[{"@context":"https:\/\/schema.org","@graph":[{"@id":"\/spotify\/ostaa-kanadalainen-spotify-seuraajia\/#sso\/product\/47362","@context":"https:\/\/schema.org","@type":"Product","mainEntityOfPage":"https:\/\/followerninja.com\/fi\/spotify\/ostaa-kanadalainen-spotify-seuraajia\/","url":"https:\/\/followerninja.com\/fi\/spotify\/ostaa-kanadalainen-spotify-seuraajia\/","sameAs":["https:\/\/followerninja.com\/fi\/?p=47362"],"name":"Spotify Follower kaufen (Kanada) - Follower Ninja","description":"Kanadische Spotify Follower kaufen - Spotify Streams - Spotify Likes - Reichweite \u2713 Qualifizierte Follower - Beste Spotify KANDA Follower auf dem gesamten Markt","itemCondition":"https:\/\/schema.org\/NewCondition","offers":{"@context":"https:\/\/schema.org","@type":"Offer","url":"https:\/\/followerninja.com\/fi\/spotify\/ostaa-kanadalainen-spotify-seuraajia\/","name":"Spotify Follower kaufen (Kanada) - Follower Ninja","description":"Kanadische Spotify Follower kaufen - Spotify Streams - Spotify Likes - Reichweite \u2713 Qualifizierte Follower - Beste Spotify KANDA Follower auf dem gesamten Markt","availability":"https:\/\/schema.org\/InStock","itemCondition":"https:\/\/schema.org\/NewCondition","price":"0.00","priceCurrency":"EUR","priceValidUntil":"2027-04-05T23:57:50+00:00","priceSpecification":[{"@context":"https:\/\/schema.org","@type":"UnitPriceSpecification","priceType":"https:\/\/schema.org\/ListPrice","price":"0.00","priceCurrency":"EUR","valueAddedTaxIncluded":false,"validThrough":"2026-05-05T23:57:50+00:00"}],"seller":{"@id":"\/#sso\/organization\/site\/org-logo-url"}}},{"@id":"\/#sso\/organization\/site\/org-logo-url","@context":"https:\/\/schema.org","@type":"Organization","url":"https:\/\/followerninja.com\/fi\/","name":"Follower Ninja","description":"Social Media Follower","image":[{"@id":"http:\/\/followerninja.com\/wp-content\/uploads\/2023\/06\/follower-ninja.png#sso\/image-object"}],"logo":{"@id":"http:\/\/followerninja.com\/wp-content\/uploads\/2023\/06\/follower-ninja.png#sso\/image-object"}},{"@id":"http:\/\/followerninja.com\/wp-content\/uploads\/2023\/06\/follower-ninja.png#sso\/image-object","@context":"https:\/\/schema.org","@type":"ImageObject","url":"http:\/\/followerninja.com\/wp-content\/uploads\/2023\/06\/follower-ninja.png","width":[{"@id":"#sso\/qv-width-px-616"}],"height":[{"@id":"#sso\/qv-height-px-282"}]},{"@id":"#sso\/qv-width-px-616","@context":"https:\/\/schema.org","@type":"QuantitativeValue","name":"Width","unitText":"px","unitCode":"E37","value":"616"},{"@id":"#sso\/qv-height-px-282","@context":"https:\/\/schema.org","@type":"QuantitativeValue","name":"Height","unitText":"px","unitCode":"E37","value":"282"},{"@id":"\/spotify\/ostaa-kanadalainen-spotify-seuraajia\/#sso\/breadcrumb.list\/spotify","@context":"https:\/\/schema.org","@type":"BreadcrumbList","url":"https:\/\/followerninja.com\/fi\/spotify\/ostaa-kanadalainen-spotify-seuraajia\/","itemListElement":[{"@context":"https:\/\/schema.org","@type":"ListItem","position":1,"name":"Home","item":"https:\/\/followerninja.com\/fi\/"},{"@context":"https:\/\/schema.org","@type":"ListItem","position":2,"name":"Blog","item":"https:\/\/followerninja.com\/"},{"@context":"https:\/\/schema.org","@type":"ListItem","position":3,"name":"Spotify","item":"https:\/\/followerninja.com\/fi\/spotify\/"},{"@context":"https:\/\/schema.org","@type":"ListItem","position":4,"name":"Spotify Follower kaufen (Kanada) - Follower Ninja","item":"https:\/\/followerninja.com\/fi\/spotify\/ostaa-kanadalainen-spotify-seuraajia\/"}]}]}],"parts":[["meta","name","generator","content","WPSSO Core 21.8.0\/L*","generator:1"],["meta","name","generator","content","WPSSO REST 3.3.0\/S","generator:2"],["meta","name","generator","content","WPSSO BC 5.3.0\/S","generator:3"],["meta","name","generator","content","WPSSO SSM 3.4.0\/S","generator:4"],["meta","name","generator","content","WPSSO UM 7.3.0\/S","generator:5"],["link","rel","shortlink","href","https:\/\/followerninja.com\/fi\/?p=47362",""],["meta","property","fb:app_id","content","966242223397117",""],["meta","property","og:time","content","2026-04-05T23:57:50+00:00",""],["meta","property","og:type","content","product",""],["meta","property","og:url","content","https:\/\/followerninja.com\/fi\/spotify\/ostaa-kanadalainen-spotify-seuraajia\/",""],["meta","property","og:locale","content","en_US",""],["meta","property","og:site_name","content","Follower Ninja",""],["meta","property","og:title","content","Spotify Follower kaufen (Kanada) - Follower Ninja",""],["meta","property","og:description","content","Kanadische Spotify Follower kaufen - Spotify Streams - Spotify Likes - Reichweite \u2713 Qualifizierte Follower - Beste Spotify KANDA Follower auf dem gesamten Markt",""],["meta","property","og:updated_time","content","2024-10-04T07:26:50+00:00",""],["meta","name","schema:language","content","fi",""],["meta","name","schema:type:id","content","product",""],["meta","name","schema:type:url","content","https:\/\/schema.org\/Product",""],["meta","name","schema:type:context","content","https:\/\/schema.org",""],["meta","name","schema:type:name","content","Product",""],["meta","name","schema:type:path","content","schema.org\/Product",""],["meta","property","product:retailer_item_id","content","47362",""],["meta","property","product:url","content","https:\/\/followerninja.com\/fi\/spotify\/ostaa-kanadalainen-spotify-seuraajia\/",""],["meta","property","product:title","content","Spotify Follower kaufen (Kanada) - Follower Ninja",""],["meta","property","product:description","content","Kanadische Spotify Follower kaufen - Spotify Streams - Spotify Likes - Reichweite \u2713 Qualifizierte Follower - Beste Spotify KANDA Follower auf dem gesamten Markt",""],["meta","property","product:updated_time","content","2024-10-04T07:26:50+00:00",""],["meta","property","product:availability","content","in stock",""],["meta","property","product:retailer_category","content","Spotify",""],["meta","property","product:condition","content","new",""],["meta","property","product:is_virtual","content","true",""],["meta","property","product:min_advert_price:amount","content","0.00",""],["meta","property","product:min_advert_price:currency","content","EUR",""],["meta","property","product:original_price:type","content","https:\/\/schema.org\/ListPrice",""],["meta","property","product:original_price:amount","content","0.00",""],["meta","property","product:original_price:currency","content","EUR",""],["meta","property","product:pretax_price:amount","content","0.00",""],["meta","property","product:pretax_price:currency","content","EUR",""],["meta","property","product:price:type","content","https:\/\/schema.org\/ListPrice",""],["meta","property","product:price:amount","content","0.00",""],["meta","property","product:price:currency","content","EUR",""],["meta","property","product:price:vat_included","content","false",""],["meta","property","article:author:name","content","followerninja",""],["meta","property","article:reading_mins","content","4",""],["meta","name","twitter:domain","content","followerninja.com",""],["meta","name","twitter:title","content","Spotify Follower kaufen (Kanada) - Follower Ninja",""],["meta","name","twitter:description","content","Kanadische Spotify Follower kaufen - Spotify Streams - Spotify Likes - Reichweite \u2713 Qualifizierte Follower - Beste Spotify KANDA Follower auf dem gesamten Markt",""],["meta","name","twitter:card","content","summary",""],["meta","name","twitter:label1","content","Price",""],["meta","name","twitter:data1","content","0.00 EUR",""],["meta","name","twitter:label2","content","Availability",""],["meta","name","twitter:data2","content","In Stock",""]]},"_links":{"self":[{"href":"https:\/\/followerninja.com\/fi\/wp-json\/wp\/v2\/product\/47362","targetHints":{"allow":["GET"]}}],"collection":[{"href":"https:\/\/followerninja.com\/fi\/wp-json\/wp\/v2\/product"}],"about":[{"href":"https:\/\/followerninja.com\/fi\/wp-json\/wp\/v2\/types\/product"}],"replies":[{"embeddable":true,"href":"https:\/\/followerninja.com\/fi\/wp-json\/wp\/v2\/comments?post=47362"}],"wp:featuredmedia":[{"embeddable":true,"href":"https:\/\/followerninja.com\/fi\/wp-json\/wp\/v2\/media\/46477"}],"wp:attachment":[{"href":"https:\/\/followerninja.com\/fi\/wp-json\/wp\/v2\/media?parent=47362"}],"wp:term":[{"taxonomy":"product_brand","embeddable":true,"href":"https:\/\/followerninja.com\/fi\/wp-json\/wp\/v2\/product_brand?post=47362"},{"taxonomy":"product_cat","embeddable":true,"href":"https:\/\/followerninja.com\/fi\/wp-json\/wp\/v2\/product_cat?post=47362"},{"taxonomy":"product_tag","embeddable":true,"href":"https:\/\/followerninja.com\/fi\/wp-json\/wp\/v2\/product_tag?post=47362"}],"curies":[{"name":"wp","href":"https:\/\/api.w.org\/{rel}","templated":true}]}}