{"id":47480,"date":"2023-02-28T12:54:10","date_gmt":"2023-02-28T11:54:10","guid":{"rendered":"http:\/\/followerninja.com\/?post_type=product&#038;p=47480"},"modified":"2024-10-04T09:26:47","modified_gmt":"2024-10-04T07:26:47","slug":"linkedin-yrityssivun-seuraajat","status":"publish","type":"product","link":"https:\/\/followerninja.com\/fi\/linkedin\/linkedin-yrityssivun-seuraajat\/","title":{"rendered":"LinkedIn-yrityssivun seuraajat"},"content":{"rendered":"<h3><strong>LinkedIn-yrityssivun seuraajat<\/strong><\/h3>\n<p><strong>Osta LinkedIn-seuraajia yrityssivulle - Miksi Follower Ninja on paras sivusto ostaa todellisia LinkedIn-palveluja?<\/strong><\/p>\n<p>Follower Ninjalla on kokeneita sosiaalisen median markkinoijia, jotka kehittyv\u00e4t jatkuvasti sis\u00e4llytt\u00e4\u00e4kseen uudet trendit prosesseihinsa. Meill\u00e4 on kokemusta ja asiantuntemusta, joiden avulla voimme varmistaa, ett\u00e4 br\u00e4ndisi voi kilpailla suurempien br\u00e4ndien kanssa markkinaosuuden ja uskottavuuden suhteen.<\/p>\n<p>On monia sivustoja, joilla voit ostaa sosiaalisen median palveluita, mutta me v\u00e4it\u00e4mme olevamme paras! Olemme auttaneet asiakkaitamme kasvattamaan sosiaalisen median tilej\u00e4\u00e4n vuodesta 2017 l\u00e4htien, ja siit\u00e4 l\u00e4htien meist\u00e4 on tullut useimmille ensimm\u00e4inen vaihtoehto.<\/p>\n<p><strong>Lis\u00e4tietoja LinkedIn-yrityssivun seuraajista<\/strong><\/p>\n<p>LinkedIn voi olla ammatillinen ymp\u00e4rist\u00f6, mutta kuten kaikilla sosiaalisilla foorumeilla, siell\u00e4 on kyse itseilmaisusta. Ihmiset ja yritykset haluavat n\u00e4ytt\u00e4\u00e4 parhaan puolensa, mink\u00e4 vuoksi jotkut k\u00e4ytt\u00e4j\u00e4t kutsuvat sit\u00e4 \"ammatilliseksi Facebookiksi\" tai Facebook for Businessiksi. LinkedIn on laajalti k\u00e4ytetty liike-el\u00e4m\u00e4n ja ammatillinen sosiaalinen foorumi; monet k\u00e4ytt\u00e4j\u00e4t tai sivut n\u00e4ytt\u00e4v\u00e4t hyvin samankaltaisilta. Siksi tarvitset jotain, jolla erotut joukosta. Yksi parhaista tavoista saada Linkedin-liikesivusi erottumaan on seuraajien m\u00e4\u00e4r\u00e4.<\/p>\n<p>Linkedin-seuraajien hankkiminen yrityssivullesi on t\u00e4rke\u00e4\u00e4 sivun omistajille, mutta se voi vied\u00e4 paljon aikaa. Jos sinulla on uusi sivu eik\u00e4 sinulla ole paljon aikaa sivusi mainostamiseen, voit ostaa seuraajia LinkedIn-sivullesi. Monet ihmettelev\u00e4t, onko t\u00e4m\u00e4 mahdollista. LinkedIn-seuraajien ostaminen on mahdollista. Kiitos Follower Ninjan ty\u00f6kalun, jolla voit ostaa Linkedin-seuraajia Linkedinin yrityssivulle, sinun ei tarvitse odottaa kauan sivusi parantamiseen. \u00c4l\u00e4 ole huolissasi oikeudellisista kysymyksist\u00e4. N\u00e4m\u00e4 seuraajat eiv\u00e4t ole botteja tai huijareita. He ovat aktiivisia LinkedIn-k\u00e4ytt\u00e4ji\u00e4. LinkedIn ei voi syytt\u00e4\u00e4 sinua siit\u00e4, ett\u00e4 sinulla on niin paljon seuraajia, koska et voi vaikuttaa siihen, kuka seuraa sivuasi. Sinun ei odoteta itse lis\u00e4\u00e4v\u00e4n seuraajien m\u00e4\u00e4r\u00e4\u00e4. Me teemme sen sinulle helpoksi. Lis\u00e4\u00e4 seuraajam\u00e4\u00e4r\u00e4\u00e4si helposti Follower Ninjan avulla.<\/p>\n<p><img fetchpriority=\"high\" decoding=\"async\" class=\"alignnone size-medium wp-image-47387\" src=\"http:\/\/followerninja.com\/wp-content\/uploads\/2022\/11\/follower-400x400.jpg\" alt=\"seuraaja ninja\" width=\"400\" height=\"400\" data-wp-pid=\"47387\" title=\"\" srcset=\"https:\/\/followerninja.com\/wp-content\/uploads\/2022\/11\/follower-400x400.jpg 400w, https:\/\/followerninja.com\/wp-content\/uploads\/2022\/11\/follower-1200x1200-cropped.jpg 1200w, https:\/\/followerninja.com\/wp-content\/uploads\/2022\/11\/follower-scaled-100x100.jpg 100w, https:\/\/followerninja.com\/wp-content\/uploads\/2022\/11\/follower-800x800.jpg 800w, https:\/\/followerninja.com\/wp-content\/uploads\/2022\/11\/follower-280x280.jpg 280w, https:\/\/followerninja.com\/wp-content\/uploads\/2022\/11\/follower-768x768.jpg 768w, https:\/\/followerninja.com\/wp-content\/uploads\/2022\/11\/follower-1536x1536.jpg 1536w, https:\/\/followerninja.com\/wp-content\/uploads\/2022\/11\/follower-12x12.jpg 12w, https:\/\/followerninja.com\/wp-content\/uploads\/2022\/11\/follower-1320x1320.jpg 1320w, https:\/\/followerninja.com\/wp-content\/uploads\/2022\/11\/follower-scaled.jpg 1920w\" sizes=\"(max-width: 400px) 100vw, 400px\" \/><\/p>\n<p>&nbsp;<\/p>\n<p><strong>Seuraavassa kerrotaan, miksi sinun kannattaa ostaa meilt\u00e4 palveluita:<\/strong><\/p>\n<p>Emme koskaan pyyd\u00e4 sinulta salasanaa tai t\u00e4rkeit\u00e4 tietoja. Tarjoamme turvallisen ymp\u00e4rist\u00f6n ja oikeudellisia palveluja. Ei siis hakkerointia tai laittomuuksia.<br \/>\nTurvallisuus on t\u00e4rke\u00e4 askel sosiaalisen median kasvussa. J\u00e4rjestelm\u00e4mme toimivat SSL-sertifikaateilla, joten kaikki tietosi ovat turvassa, kun teet ostoksia kanssamme.<br \/>\nSocial Media Growth on k\u00e4ytett\u00e4viss\u00e4si 24\/7. Jos sinulla on kysytt\u00e4v\u00e4\u00e4 tai tarvitset apua, voit aina ottaa yhteytt\u00e4 asiakaspalveluumme.<br \/>\nTarjoamme edullisia sosiaalisen median palveluja. Hintamme ovat eritt\u00e4in kohtuulliset ja halvemmat kuin muilla palveluntarjoajilla.<br \/>\nMaksuprosessi on hyvin yksinkertainen ja turvallinen. Voit maksaa palveluistamme kortilla, Payeerill\u00e4.<\/p>\n<p>Edell\u00e4 mainitut edut koskevat kaikkia palveluitamme. Jos etsit parasta paikkaa sosiaalisen median palveluiden ostamiseen, olet l\u00f6yt\u00e4nyt sen!<\/p>","protected":false},"excerpt":{"rendered":"<p>\u27a1\ufe0f LinkedIn - Profiilin seuraajat | USA\/UK | 0-12 tuntia<br \/>\n\u27a1\ufe0f Elinik\u00e4inen pudotuksenestotakuu<br \/>\n\u27a1\ufe0f Aloitus: 0-24H (tilaus valmistuu 24 tunnin kuluessa)<br \/>\n\u27a1\ufe0f 300 p\u00e4iv\u00e4\u00e4 Nopeus<br \/>\n\u27a1\ufe0f Enimm\u00e4ism\u00e4\u00e4r\u00e4 enint\u00e4\u00e4n 300<br \/>\n\u27a1\ufe0f Suositeltu aika: Min-300 per kerta.<br \/>\n\u27a1\ufe0f T\u00e4yt\u00e4: Elinik\u00e4inen Non-Drop<br \/>\n\u27a1\ufe0f Julkinen Linkedin yritysprofiili vaaditaan<\/p>","protected":false},"featured_media":46511,"comment_status":"open","ping_status":"closed","template":"","meta":{"_acf_changed":false},"product_brand":[],"product_cat":[393],"product_tag":[394],"class_list":{"0":"post-47480","1":"product","2":"type-product","3":"status-publish","4":"has-post-thumbnail","6":"product_cat-linkedin","7":"product_tag-linkedin-follower","9":"first","10":"instock","11":"virtual","12":"purchasable","13":"product-type-simple"},"acf":[],"jetpack_sharing_enabled":true,"head":{"html":["<meta name=\"wpsso-begin\" content=\"wpsso structured data begin\"\/>\n","<!-- generator:1 --><meta name=\"generator\" content=\"WPSSO Core 21.8.0\/L*\"\/>\n","<!-- generator:2 --><meta name=\"generator\" content=\"WPSSO REST 3.3.0\/S\"\/>\n","<!-- generator:3 --><meta name=\"generator\" content=\"WPSSO BC 5.3.0\/S\"\/>\n","<!-- generator:4 --><meta name=\"generator\" content=\"WPSSO SSM 3.4.0\/S\"\/>\n","<!-- generator:5 --><meta name=\"generator\" content=\"WPSSO UM 7.3.0\/S\"\/>\n","<link rel=\"shortlink\" href=\"https:\/\/followerninja.com\/fi\/?p=47480\"\/>\n","<meta property=\"fb:app_id\" content=\"966242223397117\"\/>\n","<meta property=\"og:type\" content=\"product\"\/>\n","<meta property=\"og:url\" content=\"https:\/\/followerninja.com\/fi\/linkedin\/linkedin-yrityssivun-seuraajat\/\"\/>\n","<meta property=\"og:locale\" content=\"en_US\"\/>\n","<meta property=\"og:site_name\" content=\"Follower Ninja\"\/>\n","<meta property=\"og:title\" content=\"LinkedIn Unternehmensseite Follower kaufen - Follower Ninja\"\/>\n","<meta property=\"og:description\" content=\"LinkedIn Unternehmensseite Follower kaufen - TikTok - Instagram - YouTube Reichweite \u2713 Qualifizierte Follower - Views f&uuml;r dein Social Media - Follower Ninja\"\/>\n","<meta property=\"og:updated_time\" content=\"2024-10-04T07:26:47+00:00\"\/>\n","<meta property=\"product:retailer_item_id\" content=\"47480\"\/>\n","<meta property=\"product:availability\" content=\"in stock\"\/>\n","<meta property=\"product:condition\" content=\"new\"\/>\n","<meta property=\"product:original_price:amount\" content=\"0.00\"\/>\n","<meta property=\"product:original_price:currency\" content=\"EUR\"\/>\n","<meta property=\"product:pretax_price:amount\" content=\"0.00\"\/>\n","<meta property=\"product:pretax_price:currency\" content=\"EUR\"\/>\n","<meta property=\"product:price:amount\" content=\"0.00\"\/>\n","<meta property=\"product:price:currency\" content=\"EUR\"\/>\n","<meta name=\"twitter:domain\" content=\"followerninja.com\"\/>\n","<meta name=\"twitter:title\" content=\"LinkedIn Unternehmensseite Follower kaufen - Follower Ninja\"\/>\n","<meta name=\"twitter:description\" content=\"LinkedIn Unternehmensseite Follower kaufen - TikTok - Instagram - YouTube Reichweite \u2713 Qualifizierte Follower - Views f&uuml;r dein Social Media - Follower Ninja\"\/>\n","<meta name=\"twitter:card\" content=\"summary\"\/>\n","<meta name=\"twitter:label1\" content=\"Price\"\/>\n","<meta name=\"twitter:data1\" content=\"0.00 EUR\"\/>\n","<meta name=\"twitter:label2\" content=\"Availability\"\/>\n","<meta name=\"twitter:data2\" content=\"In Stock\"\/>\n","<script type=\"application\/ld+json\" id=\"wpsso-schema-graph\">{\n    \"@context\": \"https:\/\/schema.org\",\n    \"@graph\": [\n        {\n            \"@id\": \"\/linkedin\/linkedin-yrityssivun-seuraajat\/#sso\/product\/47480\",\n            \"@context\": \"https:\/\/schema.org\",\n            \"@type\": \"Product\",\n            \"mainEntityOfPage\": \"https:\/\/followerninja.com\/fi\/linkedin\/linkedin-yrityssivun-seuraajat\/\",\n            \"url\": \"https:\/\/followerninja.com\/fi\/linkedin\/linkedin-yrityssivun-seuraajat\/\",\n            \"sameAs\": [\n                \"https:\/\/followerninja.com\/fi\/?p=47480\"\n            ],\n            \"name\": \"LinkedIn Unternehmensseite Follower kaufen - Follower Ninja\",\n            \"description\": \"LinkedIn Unternehmensseite Follower kaufen - TikTok - Instagram - YouTube Reichweite \\u2713 Qualifizierte Follower - Views f&uuml;r dein Social Media - Follower Ninja\",\n            \"itemCondition\": \"https:\/\/schema.org\/NewCondition\",\n            \"offers\": {\n                \"@context\": \"https:\/\/schema.org\",\n                \"@type\": \"Offer\",\n                \"url\": \"https:\/\/followerninja.com\/fi\/linkedin\/linkedin-yrityssivun-seuraajat\/\",\n                \"name\": \"LinkedIn Unternehmensseite Follower kaufen - Follower Ninja\",\n                \"description\": \"LinkedIn Unternehmensseite Follower kaufen - TikTok - Instagram - YouTube Reichweite \\u2713 Qualifizierte Follower - Views f&uuml;r dein Social Media - Follower Ninja\",\n                \"availability\": \"https:\/\/schema.org\/InStock\",\n                \"itemCondition\": \"https:\/\/schema.org\/NewCondition\",\n                \"price\": \"0.00\",\n                \"priceCurrency\": \"EUR\",\n                \"priceValidUntil\": \"2027-04-21T13:09:03+00:00\",\n                \"priceSpecification\": [\n                    {\n                        \"@context\": \"https:\/\/schema.org\",\n                        \"@type\": \"UnitPriceSpecification\",\n                        \"priceType\": \"https:\/\/schema.org\/ListPrice\",\n                        \"price\": \"0.00\",\n                        \"priceCurrency\": \"EUR\",\n                        \"valueAddedTaxIncluded\": false,\n                        \"validThrough\": \"2026-05-21T13:09:03+00:00\"\n                    }\n                ],\n                \"seller\": {\n                    \"@id\": \"\/#sso\/organization\/site\/org-logo-url\"\n                }\n            }\n        },\n        {\n            \"@id\": \"\/#sso\/organization\/site\/org-logo-url\",\n            \"@context\": \"https:\/\/schema.org\",\n            \"@type\": \"Organization\",\n            \"url\": \"https:\/\/followerninja.com\/fi\/\",\n            \"name\": \"Follower Ninja\",\n            \"description\": \"Social Media Follower\",\n            \"image\": [\n                {\n                    \"@id\": \"http:\/\/followerninja.com\/wp-content\/uploads\/2023\/06\/follower-ninja.png#sso\/image-object\"\n                }\n            ],\n            \"logo\": {\n                \"@id\": \"http:\/\/followerninja.com\/wp-content\/uploads\/2023\/06\/follower-ninja.png#sso\/image-object\"\n            }\n        },\n        {\n            \"@id\": \"http:\/\/followerninja.com\/wp-content\/uploads\/2023\/06\/follower-ninja.png#sso\/image-object\",\n            \"@context\": \"https:\/\/schema.org\",\n            \"@type\": \"ImageObject\",\n            \"url\": \"http:\/\/followerninja.com\/wp-content\/uploads\/2023\/06\/follower-ninja.png\",\n            \"width\": [\n                {\n                    \"@id\": \"#sso\/qv-width-px-616\"\n                }\n            ],\n            \"height\": [\n                {\n                    \"@id\": \"#sso\/qv-height-px-282\"\n                }\n            ]\n        },\n        {\n            \"@id\": \"#sso\/qv-width-px-616\",\n            \"@context\": \"https:\/\/schema.org\",\n            \"@type\": \"QuantitativeValue\",\n            \"name\": \"Width\",\n            \"unitText\": \"px\",\n            \"unitCode\": \"E37\",\n            \"value\": \"616\"\n        },\n        {\n            \"@id\": \"#sso\/qv-height-px-282\",\n            \"@context\": \"https:\/\/schema.org\",\n            \"@type\": \"QuantitativeValue\",\n            \"name\": \"Height\",\n            \"unitText\": \"px\",\n            \"unitCode\": \"E37\",\n            \"value\": \"282\"\n        },\n        {\n            \"@id\": \"\/linkedin\/linkedin-yrityssivun-seuraajat\/#sso\/breadcrumb.list\/linkedin\",\n            \"@context\": \"https:\/\/schema.org\",\n            \"@type\": \"BreadcrumbList\",\n            \"url\": \"https:\/\/followerninja.com\/fi\/linkedin\/linkedin-yrityssivun-seuraajat\/\",\n            \"itemListElement\": [\n                {\n                    \"@context\": \"https:\/\/schema.org\",\n                    \"@type\": \"ListItem\",\n                    \"position\": 1,\n                    \"name\": \"Home\",\n                    \"item\": \"https:\/\/followerninja.com\/fi\/\"\n                },\n                {\n                    \"@context\": \"https:\/\/schema.org\",\n                    \"@type\": \"ListItem\",\n                    \"position\": 2,\n                    \"name\": \"Blog\",\n                    \"item\": \"https:\/\/followerninja.com\/\"\n                },\n                {\n                    \"@context\": \"https:\/\/schema.org\",\n                    \"@type\": \"ListItem\",\n                    \"position\": 3,\n                    \"name\": \"Linkedin\",\n                    \"item\": \"https:\/\/followerninja.com\/fi\/linkedin\/\"\n                },\n                {\n                    \"@context\": \"https:\/\/schema.org\",\n                    \"@type\": \"ListItem\",\n                    \"position\": 4,\n                    \"name\": \"LinkedIn Unternehmensseite Follower kaufen - Follower Ninja\",\n                    \"item\": \"https:\/\/followerninja.com\/fi\/linkedin\/linkedin-yrityssivun-seuraajat\/\"\n                }\n            ]\n        }\n    ]\n}<\/script>\n","<meta name=\"wpsso-end\" content=\"wpsso structured data end\"\/>\n","<meta name=\"wpsso-cached\" content=\"2026-04-21T13:09:03+00:00 for followerninja.com\"\/>\n"],"json":[{"@context":"https:\/\/schema.org","@graph":[{"@id":"\/linkedin\/linkedin-yrityssivun-seuraajat\/#sso\/product\/47480","@context":"https:\/\/schema.org","@type":"Product","mainEntityOfPage":"https:\/\/followerninja.com\/fi\/linkedin\/linkedin-yrityssivun-seuraajat\/","url":"https:\/\/followerninja.com\/fi\/linkedin\/linkedin-yrityssivun-seuraajat\/","sameAs":["https:\/\/followerninja.com\/fi\/?p=47480"],"name":"LinkedIn Unternehmensseite Follower kaufen - Follower Ninja","description":"LinkedIn Unternehmensseite Follower kaufen - TikTok - Instagram - YouTube Reichweite \u2713 Qualifizierte Follower - Views f&uuml;r dein Social Media - Follower Ninja","itemCondition":"https:\/\/schema.org\/NewCondition","offers":{"@context":"https:\/\/schema.org","@type":"Offer","url":"https:\/\/followerninja.com\/fi\/linkedin\/linkedin-yrityssivun-seuraajat\/","name":"LinkedIn Unternehmensseite Follower kaufen - Follower Ninja","description":"LinkedIn Unternehmensseite Follower kaufen - TikTok - Instagram - YouTube Reichweite \u2713 Qualifizierte Follower - Views f&uuml;r dein Social Media - Follower Ninja","availability":"https:\/\/schema.org\/InStock","itemCondition":"https:\/\/schema.org\/NewCondition","price":"0.00","priceCurrency":"EUR","priceValidUntil":"2027-04-21T13:09:03+00:00","priceSpecification":[{"@context":"https:\/\/schema.org","@type":"UnitPriceSpecification","priceType":"https:\/\/schema.org\/ListPrice","price":"0.00","priceCurrency":"EUR","valueAddedTaxIncluded":false,"validThrough":"2026-05-21T13:09:03+00:00"}],"seller":{"@id":"\/#sso\/organization\/site\/org-logo-url"}}},{"@id":"\/#sso\/organization\/site\/org-logo-url","@context":"https:\/\/schema.org","@type":"Organization","url":"https:\/\/followerninja.com\/fi\/","name":"Follower Ninja","description":"Social Media Follower","image":[{"@id":"http:\/\/followerninja.com\/wp-content\/uploads\/2023\/06\/follower-ninja.png#sso\/image-object"}],"logo":{"@id":"http:\/\/followerninja.com\/wp-content\/uploads\/2023\/06\/follower-ninja.png#sso\/image-object"}},{"@id":"http:\/\/followerninja.com\/wp-content\/uploads\/2023\/06\/follower-ninja.png#sso\/image-object","@context":"https:\/\/schema.org","@type":"ImageObject","url":"http:\/\/followerninja.com\/wp-content\/uploads\/2023\/06\/follower-ninja.png","width":[{"@id":"#sso\/qv-width-px-616"}],"height":[{"@id":"#sso\/qv-height-px-282"}]},{"@id":"#sso\/qv-width-px-616","@context":"https:\/\/schema.org","@type":"QuantitativeValue","name":"Width","unitText":"px","unitCode":"E37","value":"616"},{"@id":"#sso\/qv-height-px-282","@context":"https:\/\/schema.org","@type":"QuantitativeValue","name":"Height","unitText":"px","unitCode":"E37","value":"282"},{"@id":"\/linkedin\/linkedin-yrityssivun-seuraajat\/#sso\/breadcrumb.list\/linkedin","@context":"https:\/\/schema.org","@type":"BreadcrumbList","url":"https:\/\/followerninja.com\/fi\/linkedin\/linkedin-yrityssivun-seuraajat\/","itemListElement":[{"@context":"https:\/\/schema.org","@type":"ListItem","position":1,"name":"Home","item":"https:\/\/followerninja.com\/fi\/"},{"@context":"https:\/\/schema.org","@type":"ListItem","position":2,"name":"Blog","item":"https:\/\/followerninja.com\/"},{"@context":"https:\/\/schema.org","@type":"ListItem","position":3,"name":"Linkedin","item":"https:\/\/followerninja.com\/fi\/linkedin\/"},{"@context":"https:\/\/schema.org","@type":"ListItem","position":4,"name":"LinkedIn Unternehmensseite Follower kaufen - Follower Ninja","item":"https:\/\/followerninja.com\/fi\/linkedin\/linkedin-yrityssivun-seuraajat\/"}]}]}],"parts":[["meta","name","generator","content","WPSSO Core 21.8.0\/L*","generator:1"],["meta","name","generator","content","WPSSO REST 3.3.0\/S","generator:2"],["meta","name","generator","content","WPSSO BC 5.3.0\/S","generator:3"],["meta","name","generator","content","WPSSO SSM 3.4.0\/S","generator:4"],["meta","name","generator","content","WPSSO UM 7.3.0\/S","generator:5"],["link","rel","shortlink","href","https:\/\/followerninja.com\/fi\/?p=47480",""],["meta","property","fb:app_id","content","966242223397117",""],["meta","property","og:time","content","2026-04-21T13:09:03+00:00",""],["meta","property","og:type","content","product",""],["meta","property","og:url","content","https:\/\/followerninja.com\/fi\/linkedin\/linkedin-yrityssivun-seuraajat\/",""],["meta","property","og:locale","content","en_US",""],["meta","property","og:site_name","content","Follower Ninja",""],["meta","property","og:title","content","LinkedIn Unternehmensseite Follower kaufen - Follower Ninja",""],["meta","property","og:description","content","LinkedIn Unternehmensseite Follower kaufen - TikTok - Instagram - YouTube Reichweite \u2713 Qualifizierte Follower - Views f&uuml;r dein Social Media - Follower Ninja",""],["meta","property","og:updated_time","content","2024-10-04T07:26:47+00:00",""],["meta","name","schema:language","content","fi",""],["meta","name","schema:type:id","content","product",""],["meta","name","schema:type:url","content","https:\/\/schema.org\/Product",""],["meta","name","schema:type:context","content","https:\/\/schema.org",""],["meta","name","schema:type:name","content","Product",""],["meta","name","schema:type:path","content","schema.org\/Product",""],["meta","property","product:retailer_item_id","content","47480",""],["meta","property","product:url","content","https:\/\/followerninja.com\/fi\/linkedin\/linkedin-yrityssivun-seuraajat\/",""],["meta","property","product:title","content","LinkedIn Unternehmensseite Follower kaufen - Follower Ninja",""],["meta","property","product:description","content","LinkedIn Unternehmensseite Follower kaufen - TikTok - Instagram - YouTube Reichweite \u2713 Qualifizierte Follower - Views f&uuml;r dein Social Media - Follower Ninja",""],["meta","property","product:updated_time","content","2024-10-04T07:26:47+00:00",""],["meta","property","product:availability","content","in stock",""],["meta","property","product:retailer_category","content","Linkedin",""],["meta","property","product:condition","content","new",""],["meta","property","product:is_virtual","content","true",""],["meta","property","product:min_advert_price:amount","content","0.00",""],["meta","property","product:min_advert_price:currency","content","EUR",""],["meta","property","product:original_price:type","content","https:\/\/schema.org\/ListPrice",""],["meta","property","product:original_price:amount","content","0.00",""],["meta","property","product:original_price:currency","content","EUR",""],["meta","property","product:pretax_price:amount","content","0.00",""],["meta","property","product:pretax_price:currency","content","EUR",""],["meta","property","product:price:type","content","https:\/\/schema.org\/ListPrice",""],["meta","property","product:price:amount","content","0.00",""],["meta","property","product:price:currency","content","EUR",""],["meta","property","product:price:vat_included","content","false",""],["meta","property","article:author:name","content","followerninja",""],["meta","property","article:reading_mins","content","3",""],["meta","name","twitter:domain","content","followerninja.com",""],["meta","name","twitter:title","content","LinkedIn Unternehmensseite Follower kaufen - Follower Ninja",""],["meta","name","twitter:description","content","LinkedIn Unternehmensseite Follower kaufen - TikTok - Instagram - YouTube Reichweite \u2713 Qualifizierte Follower - Views f&uuml;r dein Social Media - Follower Ninja",""],["meta","name","twitter:card","content","summary",""],["meta","name","twitter:label1","content","Price",""],["meta","name","twitter:data1","content","0.00 EUR",""],["meta","name","twitter:label2","content","Availability",""],["meta","name","twitter:data2","content","In Stock",""]]},"_links":{"self":[{"href":"https:\/\/followerninja.com\/fi\/wp-json\/wp\/v2\/product\/47480","targetHints":{"allow":["GET"]}}],"collection":[{"href":"https:\/\/followerninja.com\/fi\/wp-json\/wp\/v2\/product"}],"about":[{"href":"https:\/\/followerninja.com\/fi\/wp-json\/wp\/v2\/types\/product"}],"replies":[{"embeddable":true,"href":"https:\/\/followerninja.com\/fi\/wp-json\/wp\/v2\/comments?post=47480"}],"wp:featuredmedia":[{"embeddable":true,"href":"https:\/\/followerninja.com\/fi\/wp-json\/wp\/v2\/media\/46511"}],"wp:attachment":[{"href":"https:\/\/followerninja.com\/fi\/wp-json\/wp\/v2\/media?parent=47480"}],"wp:term":[{"taxonomy":"product_brand","embeddable":true,"href":"https:\/\/followerninja.com\/fi\/wp-json\/wp\/v2\/product_brand?post=47480"},{"taxonomy":"product_cat","embeddable":true,"href":"https:\/\/followerninja.com\/fi\/wp-json\/wp\/v2\/product_cat?post=47480"},{"taxonomy":"product_tag","embeddable":true,"href":"https:\/\/followerninja.com\/fi\/wp-json\/wp\/v2\/product_tag?post=47480"}],"curies":[{"name":"wp","href":"https:\/\/api.w.org\/{rel}","templated":true}]}}