{"id":39773,"date":"2022-07-28T15:52:04","date_gmt":"2022-07-28T13:52:04","guid":{"rendered":"http:\/\/followerninja.com\/\/?page_id=39773"},"modified":"2024-05-24T17:21:23","modified_gmt":"2024-05-24T15:21:23","slug":"impression","status":"publish","type":"page","link":"https:\/\/followerninja.com\/fr\/impression\/","title":{"rendered":"Mentions l\u00e9gales"},"content":{"rendered":"<div data-elementor-type=\"wp-page\" data-elementor-id=\"39773\" class=\"elementor elementor-39773\">\n\t\t\t\t\t\t<section class=\"elementor-section elementor-top-section elementor-element elementor-element-54194bed elementor-section-boxed elementor-section-height-default elementor-section-height-default\" data-id=\"54194bed\" data-element_type=\"section\">\n\t\t\t\t\t\t<div class=\"elementor-container elementor-column-gap-default\">\n\t\t\t\t\t<div class=\"elementor-column elementor-col-100 elementor-top-column elementor-element elementor-element-3ac5fd32\" data-id=\"3ac5fd32\" data-element_type=\"column\">\n\t\t\t<div class=\"elementor-widget-wrap elementor-element-populated\">\n\t\t\t\t\t\t<div class=\"elementor-element elementor-element-5f094e2 elementor-widget elementor-widget-spacer\" data-id=\"5f094e2\" data-element_type=\"widget\" data-widget_type=\"spacer.default\">\n\t\t\t\t<div class=\"elementor-widget-container\">\n\t\t\t\t\t\t\t<div class=\"elementor-spacer\">\n\t\t\t<div class=\"elementor-spacer-inner\"><\/div>\n\t\t<\/div>\n\t\t\t\t\t\t<\/div>\n\t\t\t\t<\/div>\n\t\t\t\t<div class=\"elementor-element elementor-element-5f1f72d5 elementor-widget elementor-widget-text-editor\" data-id=\"5f1f72d5\" data-element_type=\"widget\" data-widget_type=\"text-editor.default\">\n\t\t\t\t<div class=\"elementor-widget-container\">\n\t\t\t\t\t\t\t\t\t<p>Mentions l\u00e9gales<br \/>Informations conform\u00e9ment au \u00a7 5 TMG et au \u00a7 18 du trait\u00e9 d'\u00c9tat sur les m\u00e9dias (MStV)<\/p><p>Patrox UG<br \/>174, rue principale de Tonndorf<br \/>22045 Hambourg<br \/>Allemagne<\/p><p>Direction\/responsable :<br \/>Patrick Torben Bimber<\/p><p>1er contact<br \/>E-mail : support@followerninja.com<\/p><p><span style=\"font-style: inherit; font-weight: inherit; background-color: var(--ast-global-color-5); color: var(--ast-global-color-3);\">2. num\u00e9ro de TVA<\/span><\/p><p>Num\u00e9ro d'identification de la taxe sur le chiffre d'affaires conform\u00e9ment au \u00a7 27a de la loi sur la taxe sur le chiffre d'affaires :<br \/>DE345839413<\/p><p>3. donn\u00e9es du registre<br \/>Num\u00e9ro d'enregistrement : HRB 173297<br \/>Tribunal d'instance : Hambourg<\/p><p>4. r\u00e8glement des litiges de l'UE<br \/>La Commission europ\u00e9enne met \u00e0 disposition une plateforme de r\u00e8glement en ligne des litiges (RLL) : https:\/\/ec.europa.eu\/consumers\/odr. Nous ne sommes ni oblig\u00e9s ni dispos\u00e9s \u00e0 participer \u00e0 des proc\u00e9dures de r\u00e8glement des litiges devant un organisme de conciliation des consommateurs.<\/p><p>5. responsabilit\u00e9 pour le contenu<br \/>En tant que fournisseur de services, nous sommes responsables de nos propres contenus sur nos sites Internet conform\u00e9ment au \u00a7 7 alin\u00e9a 1 de la loi allemande sur les t\u00e9l\u00e9m\u00e9dias (TMG). Selon les \u00a7\u00a7 8 \u00e0 10 de la TMG, nous ne sommes toutefois pas tenus de surveiller les informations externes transmises ou enregistr\u00e9es ou de rechercher des circonstances indiquant une activit\u00e9 ill\u00e9gale.<\/p><p>Les obligations de supprimer ou de bloquer l'utilisation d'informations conform\u00e9ment aux lois g\u00e9n\u00e9rales restent inchang\u00e9es. Une responsabilit\u00e9 \u00e0 cet \u00e9gard n'est toutefois possible qu'\u00e0 partir du moment o\u00f9 une violation concr\u00e8te du droit est connue. Si nous sommes inform\u00e9s d'une telle violation, nous supprimerons imm\u00e9diatement le contenu en question.<\/p><p>Nous pr\u00e9cisons que nous ne repr\u00e9sentons aucun des r\u00e9seaux sociaux qui font l'objet de nos services.<\/p><p>Nous nous engageons pour l'\u00e9galit\u00e9 des droits. Lorsque le contenu des sites Internet g\u00e9r\u00e9s par Patrox UG utilise le terme masculin, c'est uniquement dans le but de faciliter la lecture et la compr\u00e9hension.<\/p><p>6. responsabilit\u00e9 pour les liens<br \/>Notre offre contient des liens vers des sites Web externes de tiers sur lesquels nous n'avons aucune influence. C'est pourquoi nous ne pouvons pas non plus nous porter garants de ces contenus externes. Le fournisseur ou l'exploitant des pages li\u00e9es est toujours responsable du contenu de ces pages. Les pages li\u00e9es ont \u00e9t\u00e9 v\u00e9rifi\u00e9es au moment de la cr\u00e9ation du lien afin de s'assurer qu'elles n'enfreignaient pas la loi. Aucun contenu ill\u00e9gal n'a \u00e9t\u00e9 identifi\u00e9 au moment de la cr\u00e9ation des liens.<\/p><p>Un contr\u00f4le permanent du contenu des pages li\u00e9es n'est toutefois pas raisonnable sans indices concrets d'une violation de la loi. Si nous sommes inform\u00e9s d'une violation de la loi, nous supprimerons imm\u00e9diatement de tels liens.<\/p><p>7. droit d'auteur<br \/>Les contenus et les \u0153uvres cr\u00e9\u00e9s par les exploitants des pages sont soumis au droit d'auteur allemand. La reproduction, le traitement, la diffusion et toute forme d'exploitation en dehors des limites du droit d'auteur n\u00e9cessitent l'accord \u00e9crit de l'auteur ou du cr\u00e9ateur concern\u00e9. Les t\u00e9l\u00e9chargements et les copies de cette page ne sont autoris\u00e9s que pour un usage priv\u00e9 et non commercial.<\/p><p>Si le contenu de cette page n'a pas \u00e9t\u00e9 cr\u00e9\u00e9 par l'exploitant lui-m\u00eame, les droits d'auteur de tiers sont respect\u00e9s. En particulier, les contenus de tiers sont identifi\u00e9s comme tels. Si tu constates malgr\u00e9 tout une violation des droits d'auteur, nous te prions de nous en informer. D\u00e8s que nous aurons connaissance d'une violation de la loi, nous supprimerons imm\u00e9diatement le contenu en question. Veuillez contacter info@followerninja.com si vous soup\u00e7onnez une violation des droits d'auteur.<\/p>\t\t\t\t\t\t\t\t<\/div>\n\t\t\t\t<\/div>\n\t\t\t\t\t<\/div>\n\t\t<\/div>\n\t\t\t\t\t<\/div>\n\t\t<\/section>\n\t\t\t\t<\/div>","protected":false},"excerpt":{"rendered":"","protected":false},"author":1,"featured_media":0,"parent":0,"menu_order":0,"comment_status":"closed","ping_status":"closed","template":"","meta":{"_acf_changed":false,"footnotes":""},"class_list":["post-39773","page","type-page","status-publish","hentry"],"acf":[],"jetpack_sharing_enabled":true,"head":{"html":["<meta name=\"wpsso-begin\" content=\"wpsso structured data begin\"\/>\n","<!-- generator:1 --><meta name=\"generator\" content=\"WPSSO Core 21.8.0\/L*\"\/>\n","<!-- generator:2 --><meta name=\"generator\" content=\"WPSSO REST 3.3.0\/S\"\/>\n","<!-- generator:3 --><meta name=\"generator\" content=\"WPSSO BC 5.3.0\/S\"\/>\n","<!-- generator:4 --><meta name=\"generator\" content=\"WPSSO UM 7.3.0\/S\"\/>\n","<!-- generator:5 --><meta name=\"generator\" content=\"WPSSO SSM 3.4.0\/S\"\/>\n","<link rel=\"shortlink\" href=\"https:\/\/followerninja.com\/fr\/?p=39773\"\/>\n","<meta property=\"fb:app_id\" content=\"966242223397117\"\/>\n","<meta property=\"og:type\" content=\"article\"\/>\n","<meta property=\"og:url\" content=\"https:\/\/followerninja.com\/fr\/impression\/\"\/>\n","<meta property=\"og:locale\" content=\"fr_FR\"\/>\n","<meta property=\"og:site_name\" content=\"Follower Ninja\"\/>\n","<meta property=\"og:title\" content=\"Impressum\"\/>\n","<meta property=\"og:description\" content=\"ImpressumAngaben gem&auml;&szlig; &sect; 5 TMG und &sect; 18 des Medienstaatsvertrags (MStV) Patrox UGTonndorfer Hauptstra&szlig;e 17422045 HamburgDeutschland Gesch&auml;ftsf&uuml;hrung\/Verantwortlicher:Patrick Torben Bimber 1. KontaktE-Mail: support@followerninja.com 2. Umsatzsteuer-ID Umsatzsteuer-Identifikationsnummer gem&auml;&szlig; &sect;...\"\/>\n","<meta property=\"og:updated_time\" content=\"2024-05-24T15:21:23+00:00\"\/>\n","<meta property=\"article:published_time\" content=\"2022-07-28T13:52:04+00:00\"\/>\n","<meta property=\"article:modified_time\" content=\"2024-05-24T15:21:23+00:00\"\/>\n","<meta name=\"twitter:domain\" content=\"followerninja.com\"\/>\n","<meta name=\"twitter:title\" content=\"Impressum\"\/>\n","<meta name=\"twitter:description\" content=\"ImpressumAngaben gem&auml;&szlig; &sect; 5 TMG und &sect; 18 des Medienstaatsvertrags (MStV) Patrox UGTonndorfer Hauptstra&szlig;e 17422045 HamburgDeutschland Gesch&auml;ftsf&uuml;hrung\/Verantwortlicher:Patrick Torben Bimber 1...\"\/>\n","<meta name=\"twitter:card\" content=\"summary\"\/>\n","<meta name=\"twitter:label1\" content=\"&Eacute;crit par\"\/>\n","<meta name=\"twitter:data1\" content=\"followerninja\"\/>\n","<meta name=\"twitter:label2\" content=\"Temps de lecture est.\"\/>\n","<meta name=\"twitter:data2\" content=\"2 minutes\"\/>\n","<meta name=\"author\" content=\"followerninja\"\/>\n","<script type=\"application\/ld+json\" id=\"wpsso-schema-graph\">{\n    \"@context\": \"https:\/\/schema.org\",\n    \"@graph\": [\n        {\n            \"@id\": \"\/impression\/#sso\/article\/39773\",\n            \"@context\": \"https:\/\/schema.org\",\n            \"@type\": \"Article\",\n            \"mainEntityOfPage\": \"https:\/\/followerninja.com\/fr\/impression\/\",\n            \"url\": \"https:\/\/followerninja.com\/fr\/impression\/\",\n            \"sameAs\": [\n                \"https:\/\/followerninja.com\/fr\/?p=39773\"\n            ],\n            \"name\": \"Impressum\",\n            \"description\": \"ImpressumAngaben gem&auml;&szlig; &sect; 5 TMG und &sect; 18 des Medienstaatsvertrags (MStV) Patrox UGTonndorfer Hauptstra&szlig;e 17422045 HamburgDeutschland Gesch&auml;ftsf&uuml;hrung\/Verantwortlicher:Patrick Torben Bimber 1. KontaktE-Mail: support@followerninja.com 2. Umsatzsteuer-ID Umsatzsteuer-Identifikationsnummer gem&auml;&szlig; &sect;...\",\n            \"publisher\": [\n                {\n                    \"@id\": \"\/#sso\/organization\/site\/org-banner-url\"\n                }\n            ],\n            \"headline\": \"Impressum\",\n            \"inLanguage\": \"fr_FR\",\n            \"datePublished\": \"2022-07-28T13:52:04+00:00\",\n            \"dateModified\": \"2024-05-24T15:21:23+00:00\",\n            \"author\": {\n                \"@id\": \"\/b2ab7719934cab2f0c871e5d33e8b35c#sso\/person\"\n            },\n            \"timeRequired\": \"PT2M\",\n            \"speakable\": {\n                \"@context\": \"https:\/\/schema.org\",\n                \"@type\": \"SpeakableSpecification\",\n                \"cssSelector\": [\n                    \".wp-block-post-title\",\n                    \".speakable\"\n                ]\n            }\n        },\n        {\n            \"@id\": \"\/#sso\/organization\/site\/org-banner-url\",\n            \"@context\": \"https:\/\/schema.org\",\n            \"@type\": \"Organization\",\n            \"url\": \"https:\/\/followerninja.com\/fr\/\",\n            \"name\": \"Follower Ninja\",\n            \"description\": \"Social Media Follower\",\n            \"image\": [\n                {\n                    \"@id\": \"http:\/\/followerninja.com\/wp-content\/uploads\/2023\/06\/follower-ninja.png#sso\/image-object\"\n                }\n            ],\n            \"logo\": {\n                \"@id\": \"http:\/\/followerninja.com\/wp-content\/uploads\/2023\/02\/FOLLOWER-NINJA-TIKTOK-FOLLOWER.png#sso\/image-object\"\n            }\n        },\n        {\n            \"@id\": \"http:\/\/followerninja.com\/wp-content\/uploads\/2023\/06\/follower-ninja.png#sso\/image-object\",\n            \"@context\": \"https:\/\/schema.org\",\n            \"@type\": \"ImageObject\",\n            \"url\": \"http:\/\/followerninja.com\/wp-content\/uploads\/2023\/06\/follower-ninja.png\",\n            \"width\": [\n                {\n                    \"@id\": \"#sso\/qv-width-px-616\"\n                }\n            ],\n            \"height\": [\n                {\n                    \"@id\": \"#sso\/qv-height-px-282\"\n                }\n            ]\n        },\n        {\n            \"@id\": \"#sso\/qv-width-px-616\",\n            \"@context\": \"https:\/\/schema.org\",\n            \"@type\": \"QuantitativeValue\",\n            \"name\": \"Width\",\n            \"unitText\": \"px\",\n            \"unitCode\": \"E37\",\n            \"value\": \"616\"\n        },\n        {\n            \"@id\": \"#sso\/qv-height-px-282\",\n            \"@context\": \"https:\/\/schema.org\",\n            \"@type\": \"QuantitativeValue\",\n            \"name\": \"Height\",\n            \"unitText\": \"px\",\n            \"unitCode\": \"E37\",\n            \"value\": \"282\"\n        },\n        {\n            \"@id\": \"http:\/\/followerninja.com\/wp-content\/uploads\/2023\/02\/FOLLOWER-NINJA-TIKTOK-FOLLOWER.png#sso\/image-object\",\n            \"@context\": \"https:\/\/schema.org\",\n            \"@type\": \"ImageObject\",\n            \"url\": \"http:\/\/followerninja.com\/wp-content\/uploads\/2023\/02\/FOLLOWER-NINJA-TIKTOK-FOLLOWER.png\",\n            \"width\": [\n                {\n                    \"@id\": \"#sso\/qv-width-px-2400\"\n                }\n            ],\n            \"height\": [\n                {\n                    \"@id\": \"#sso\/qv-height-px-2074\"\n                }\n            ]\n        },\n        {\n            \"@id\": \"#sso\/qv-width-px-2400\",\n            \"@context\": \"https:\/\/schema.org\",\n            \"@type\": \"QuantitativeValue\",\n            \"name\": \"Width\",\n            \"unitText\": \"px\",\n            \"unitCode\": \"E37\",\n            \"value\": \"2400\"\n        },\n        {\n            \"@id\": \"#sso\/qv-height-px-2074\",\n            \"@context\": \"https:\/\/schema.org\",\n            \"@type\": \"QuantitativeValue\",\n            \"name\": \"Height\",\n            \"unitText\": \"px\",\n            \"unitCode\": \"E37\",\n            \"value\": \"2074\"\n        },\n        {\n            \"@id\": \"\/b2ab7719934cab2f0c871e5d33e8b35c#sso\/person\",\n            \"@context\": \"https:\/\/schema.org\",\n            \"@type\": \"Person\",\n            \"url\": \"http:\/\/followerninja.com\/\",\n            \"name\": \"followerninja\",\n            \"givenName\": \"Nami\",\n            \"familyName\": \"Shams\",\n            \"description\": \"Follower Ninja - Social Media Profis\",\n            \"image\": [\n                {\n                    \"@id\": \"https:\/\/secure.gravatar.com\/avatar\/51fd3ca1505ce8c9465a64104b9d54df.jpg?d=mp&s=1200#sso\/image-object\"\n                }\n            ]\n        },\n        {\n            \"@id\": \"https:\/\/secure.gravatar.com\/avatar\/51fd3ca1505ce8c9465a64104b9d54df.jpg?d=mp&s=1200#sso\/image-object\",\n            \"@context\": \"https:\/\/schema.org\",\n            \"@type\": \"ImageObject\",\n            \"url\": \"https:\/\/secure.gravatar.com\/avatar\/51fd3ca1505ce8c9465a64104b9d54df.jpg?d=mp&s=1200\",\n            \"width\": [\n                {\n                    \"@id\": \"#sso\/qv-width-px-1200\"\n                }\n            ],\n            \"height\": [\n                {\n                    \"@id\": \"#sso\/qv-height-px-1200\"\n                }\n            ]\n        },\n        {\n            \"@id\": \"#sso\/qv-width-px-1200\",\n            \"@context\": \"https:\/\/schema.org\",\n            \"@type\": \"QuantitativeValue\",\n            \"name\": \"Width\",\n            \"unitText\": \"px\",\n            \"unitCode\": \"E37\",\n            \"value\": \"1200\"\n        },\n        {\n            \"@id\": \"#sso\/qv-height-px-1200\",\n            \"@context\": \"https:\/\/schema.org\",\n            \"@type\": \"QuantitativeValue\",\n            \"name\": \"Height\",\n            \"unitText\": \"px\",\n            \"unitCode\": \"E37\",\n            \"value\": \"1200\"\n        },\n        {\n            \"@id\": \"\/impression\/#sso\/breadcrumb-list\/39773\",\n            \"@context\": \"https:\/\/schema.org\",\n            \"@type\": \"BreadcrumbList\",\n            \"url\": \"https:\/\/followerninja.com\/fr\/impression\/\",\n            \"itemListElement\": [\n                {\n                    \"@context\": \"https:\/\/schema.org\",\n                    \"@type\": \"ListItem\",\n                    \"position\": 1,\n                    \"name\": \"Home\",\n                    \"item\": \"https:\/\/followerninja.com\/fr\/\"\n                },\n                {\n                    \"@context\": \"https:\/\/schema.org\",\n                    \"@type\": \"ListItem\",\n                    \"position\": 2,\n                    \"name\": \"Blog\",\n                    \"item\": \"https:\/\/followerninja.com\/\"\n                },\n                {\n                    \"@context\": \"https:\/\/schema.org\",\n                    \"@type\": \"ListItem\",\n                    \"position\": 3,\n                    \"name\": \"Impressum\",\n                    \"item\": \"https:\/\/followerninja.com\/fr\/impression\/\"\n                }\n            ]\n        }\n    ]\n}<\/script>\n","<meta name=\"wpsso-end\" content=\"wpsso structured data end\"\/>\n","<meta name=\"wpsso-cached\" content=\"2026-04-09T22:32:24+00:00 for followerninja.com\"\/>\n"],"json":[{"@context":"https:\/\/schema.org","@graph":[{"@id":"\/impression\/#sso\/article\/39773","@context":"https:\/\/schema.org","@type":"Article","mainEntityOfPage":"https:\/\/followerninja.com\/fr\/impression\/","url":"https:\/\/followerninja.com\/fr\/impression\/","sameAs":["https:\/\/followerninja.com\/fr\/?p=39773"],"name":"Impressum","description":"ImpressumAngaben gem&auml;&szlig; &sect; 5 TMG und &sect; 18 des Medienstaatsvertrags (MStV) Patrox UGTonndorfer Hauptstra&szlig;e 17422045 HamburgDeutschland Gesch&auml;ftsf&uuml;hrung\/Verantwortlicher:Patrick Torben Bimber 1. KontaktE-Mail: support@followerninja.com 2. Umsatzsteuer-ID Umsatzsteuer-Identifikationsnummer gem&auml;&szlig; &sect;...","publisher":[{"@id":"\/#sso\/organization\/site\/org-banner-url"}],"headline":"Impressum","inLanguage":"fr_FR","datePublished":"2022-07-28T13:52:04+00:00","dateModified":"2024-05-24T15:21:23+00:00","author":{"@id":"\/b2ab7719934cab2f0c871e5d33e8b35c#sso\/person"},"timeRequired":"PT2M","speakable":{"@context":"https:\/\/schema.org","@type":"SpeakableSpecification","cssSelector":[".wp-block-post-title",".speakable"]}},{"@id":"\/#sso\/organization\/site\/org-banner-url","@context":"https:\/\/schema.org","@type":"Organization","url":"https:\/\/followerninja.com\/fr\/","name":"Follower Ninja","description":"Social Media Follower","image":[{"@id":"http:\/\/followerninja.com\/wp-content\/uploads\/2023\/06\/follower-ninja.png#sso\/image-object"}],"logo":{"@id":"http:\/\/followerninja.com\/wp-content\/uploads\/2023\/02\/FOLLOWER-NINJA-TIKTOK-FOLLOWER.png#sso\/image-object"}},{"@id":"http:\/\/followerninja.com\/wp-content\/uploads\/2023\/06\/follower-ninja.png#sso\/image-object","@context":"https:\/\/schema.org","@type":"ImageObject","url":"http:\/\/followerninja.com\/wp-content\/uploads\/2023\/06\/follower-ninja.png","width":[{"@id":"#sso\/qv-width-px-616"}],"height":[{"@id":"#sso\/qv-height-px-282"}]},{"@id":"#sso\/qv-width-px-616","@context":"https:\/\/schema.org","@type":"QuantitativeValue","name":"Width","unitText":"px","unitCode":"E37","value":"616"},{"@id":"#sso\/qv-height-px-282","@context":"https:\/\/schema.org","@type":"QuantitativeValue","name":"Height","unitText":"px","unitCode":"E37","value":"282"},{"@id":"http:\/\/followerninja.com\/wp-content\/uploads\/2023\/02\/FOLLOWER-NINJA-TIKTOK-FOLLOWER.png#sso\/image-object","@context":"https:\/\/schema.org","@type":"ImageObject","url":"http:\/\/followerninja.com\/wp-content\/uploads\/2023\/02\/FOLLOWER-NINJA-TIKTOK-FOLLOWER.png","width":[{"@id":"#sso\/qv-width-px-2400"}],"height":[{"@id":"#sso\/qv-height-px-2074"}]},{"@id":"#sso\/qv-width-px-2400","@context":"https:\/\/schema.org","@type":"QuantitativeValue","name":"Width","unitText":"px","unitCode":"E37","value":"2400"},{"@id":"#sso\/qv-height-px-2074","@context":"https:\/\/schema.org","@type":"QuantitativeValue","name":"Height","unitText":"px","unitCode":"E37","value":"2074"},{"@id":"\/b2ab7719934cab2f0c871e5d33e8b35c#sso\/person","@context":"https:\/\/schema.org","@type":"Person","url":"http:\/\/followerninja.com\/","name":"followerninja","givenName":"Nami","familyName":"Shams","description":"Follower Ninja - Social Media Profis","image":[{"@id":"https:\/\/secure.gravatar.com\/avatar\/51fd3ca1505ce8c9465a64104b9d54df.jpg?d=mp&s=1200#sso\/image-object"}]},{"@id":"https:\/\/secure.gravatar.com\/avatar\/51fd3ca1505ce8c9465a64104b9d54df.jpg?d=mp&s=1200#sso\/image-object","@context":"https:\/\/schema.org","@type":"ImageObject","url":"https:\/\/secure.gravatar.com\/avatar\/51fd3ca1505ce8c9465a64104b9d54df.jpg?d=mp&s=1200","width":[{"@id":"#sso\/qv-width-px-1200"}],"height":[{"@id":"#sso\/qv-height-px-1200"}]},{"@id":"#sso\/qv-width-px-1200","@context":"https:\/\/schema.org","@type":"QuantitativeValue","name":"Width","unitText":"px","unitCode":"E37","value":"1200"},{"@id":"#sso\/qv-height-px-1200","@context":"https:\/\/schema.org","@type":"QuantitativeValue","name":"Height","unitText":"px","unitCode":"E37","value":"1200"},{"@id":"\/impression\/#sso\/breadcrumb-list\/39773","@context":"https:\/\/schema.org","@type":"BreadcrumbList","url":"https:\/\/followerninja.com\/fr\/impression\/","itemListElement":[{"@context":"https:\/\/schema.org","@type":"ListItem","position":1,"name":"Home","item":"https:\/\/followerninja.com\/fr\/"},{"@context":"https:\/\/schema.org","@type":"ListItem","position":2,"name":"Blog","item":"https:\/\/followerninja.com\/"},{"@context":"https:\/\/schema.org","@type":"ListItem","position":3,"name":"Impressum","item":"https:\/\/followerninja.com\/fr\/impression\/"}]}]}],"parts":[["meta","name","generator","content","WPSSO Core 21.8.0\/L*","generator:1"],["meta","name","generator","content","WPSSO REST 3.3.0\/S","generator:2"],["meta","name","generator","content","WPSSO BC 5.3.0\/S","generator:3"],["meta","name","generator","content","WPSSO UM 7.3.0\/S","generator:4"],["meta","name","generator","content","WPSSO SSM 3.4.0\/S","generator:5"],["link","rel","shortlink","href","https:\/\/followerninja.com\/fr\/?p=39773",""],["meta","property","fb:app_id","content","966242223397117",""],["meta","property","og:time","content","2026-04-09T22:32:24+00:00",""],["meta","property","og:type","content","article",""],["meta","property","og:url","content","https:\/\/followerninja.com\/fr\/impression\/",""],["meta","property","og:locale","content","fr_FR",""],["meta","property","og:site_name","content","Follower Ninja",""],["meta","property","og:title","content","Impressum",""],["meta","property","og:description","content","ImpressumAngaben gem&auml;&szlig; &sect; 5 TMG und &sect; 18 des Medienstaatsvertrags (MStV) Patrox UGTonndorfer Hauptstra&szlig;e 17422045 HamburgDeutschland Gesch&auml;ftsf&uuml;hrung\/Verantwortlicher:Patrick Torben Bimber 1. KontaktE-Mail: support@followerninja.com 2. Umsatzsteuer-ID Umsatzsteuer-Identifikationsnummer gem&auml;&szlig; &sect;...",""],["meta","property","og:updated_time","content","2024-05-24T15:21:23+00:00",""],["meta","name","schema:language","content","fr_FR",""],["meta","name","schema:type:id","content","article",""],["meta","name","schema:type:url","content","https:\/\/schema.org\/Article",""],["meta","name","schema:type:context","content","https:\/\/schema.org",""],["meta","name","schema:type:name","content","Article",""],["meta","name","schema:type:path","content","schema.org\/Article",""],["meta","property","article:author:name","content","followerninja",""],["meta","property","article:published_time","content","2022-07-28T13:52:04+00:00",""],["meta","property","article:modified_time","content","2024-05-24T15:21:23+00:00",""],["meta","property","article:reading_mins","content","2",""],["meta","name","twitter:domain","content","followerninja.com",""],["meta","name","twitter:title","content","Impressum",""],["meta","name","twitter:description","content","ImpressumAngaben gem&auml;&szlig; &sect; 5 TMG und &sect; 18 des Medienstaatsvertrags (MStV) Patrox UGTonndorfer Hauptstra&szlig;e 17422045 HamburgDeutschland Gesch&auml;ftsf&uuml;hrung\/Verantwortlicher:Patrick Torben Bimber 1...",""],["meta","name","twitter:card","content","summary",""],["meta","name","twitter:label1","content","&Eacute;crit par",""],["meta","name","twitter:data1","content","followerninja",""],["meta","name","twitter:label2","content","Temps de lecture est.",""],["meta","name","twitter:data2","content","2 minutes",""],["meta","name","author","content","followerninja",""]]},"_links":{"self":[{"href":"https:\/\/followerninja.com\/fr\/wp-json\/wp\/v2\/pages\/39773","targetHints":{"allow":["GET"]}}],"collection":[{"href":"https:\/\/followerninja.com\/fr\/wp-json\/wp\/v2\/pages"}],"about":[{"href":"https:\/\/followerninja.com\/fr\/wp-json\/wp\/v2\/types\/page"}],"author":[{"embeddable":true,"href":"https:\/\/followerninja.com\/fr\/wp-json\/wp\/v2\/users\/1"}],"replies":[{"embeddable":true,"href":"https:\/\/followerninja.com\/fr\/wp-json\/wp\/v2\/comments?post=39773"}],"version-history":[{"count":6,"href":"https:\/\/followerninja.com\/fr\/wp-json\/wp\/v2\/pages\/39773\/revisions"}],"predecessor-version":[{"id":49114,"href":"https:\/\/followerninja.com\/fr\/wp-json\/wp\/v2\/pages\/39773\/revisions\/49114"}],"wp:attachment":[{"href":"https:\/\/followerninja.com\/fr\/wp-json\/wp\/v2\/media?parent=39773"}],"curies":[{"name":"wp","href":"https:\/\/api.w.org\/{rel}","templated":true}]}}