{"id":47480,"date":"2023-02-28T12:54:10","date_gmt":"2023-02-28T11:54:10","guid":{"rendered":"http:\/\/followerninja.com\/?post_type=product&#038;p=47480"},"modified":"2024-10-04T09:26:47","modified_gmt":"2024-10-04T07:26:47","slug":"page-entreprise-linkedin-followers","status":"publish","type":"product","link":"https:\/\/followerninja.com\/fr\/linkedin\/page-entreprise-linkedin-followers\/","title":{"rendered":"Page d'entreprise LinkedIn Follower"},"content":{"rendered":"<h3><strong>Page d'entreprise LinkedIn Follower<\/strong><\/h3>\n<p><strong>Acheter des followers LinkedIn pour une page d'entreprise - Pourquoi Follower Ninja est-il le meilleur site pour acheter de vrais services LinkedIn ?<\/strong><\/p>\n<p>Follower Ninja dispose de sp\u00e9cialistes exp\u00e9riment\u00e9s en marketing des m\u00e9dias sociaux qui se d\u00e9veloppent constamment pour int\u00e9grer les nouvelles tendances dans leurs processus. Nous avons l'exp\u00e9rience et l'expertise n\u00e9cessaires pour garantir que ta marque puisse rivaliser avec des marques plus grandes en termes de part de march\u00e9 et de cr\u00e9dibilit\u00e9.<\/p>\n<p>Il existe de nombreux sites web sur lesquels tu peux acheter des services de m\u00e9dias sociaux, mais nous pr\u00e9tendons \u00eatre les meilleurs ! Depuis 2017, nous aidons nos clients \u00e0 faire grandir leurs comptes de m\u00e9dias sociaux et depuis, nous sommes devenus la premi\u00e8re adresse pour la plupart des gens.<\/p>\n<p><strong>En savoir plus sur LinkedIn page d'entreprise followers<\/strong><\/p>\n<p>LinkedIn est peut-\u00eatre un environnement professionnel, mais comme toute plateforme sociale, il s'agit aussi de se mettre en valeur. Les personnes et les entreprises veulent se montrer sous leur meilleur jour, c'est pourquoi certains utilisateurs l'appellent aussi \"Facebook professionnel\" ou Facebook pour les affaires. LinkedIn est une plate-forme sociale professionnelle et d'affaires tr\u00e8s r\u00e9pandue ; de nombreux utilisateurs ou pages se ressemblent beaucoup. C'est pourquoi tu as besoin de quelque chose pour te distinguer de la masse. L'une des meilleures fa\u00e7ons de faire ressortir ta page d'entreprise Linkedin est le nombre de followers.<\/p>\n<p>Obtenir des followers Linkedin pour ta page d'entreprise est important pour les propri\u00e9taires de pages, mais cela peut prendre beaucoup de temps. Si tu as une nouvelle page et que tu n'as pas beaucoup de temps pour faire de la publicit\u00e9 pour ta page, tu peux acheter des followers pour ta page LinkedIn. Beaucoup se demandent si c'est possible. Il est possible d'acheter des followers LinkedIn. Gr\u00e2ce \u00e0 l'outil de Follower Ninja pour acheter des followers Linkedin pour la page d'entreprise Linkedin, tu n'as pas besoin d'attendre longtemps pour am\u00e9liorer ta page. Ne t'inqui\u00e8te pas des aspects l\u00e9gaux. Ces followers ne sont pas des bots ou des escrocs. Ce sont des utilisateurs LinkedIn actifs. LinkedIn ne peut pas te reprocher d'avoir autant de followers, car tu n'as aucun contr\u00f4le sur qui suit ta page. On n'attend pas de toi que tu augmentes toi-m\u00eame le nombre de tes followers. Nous le faisons tout simplement pour toi. Augmente facilement le nombre de tes followers avec Follower Ninja<\/p>\n<p><img fetchpriority=\"high\" decoding=\"async\" class=\"alignnone size-medium wp-image-47387\" src=\"http:\/\/followerninja.com\/wp-content\/uploads\/2022\/11\/follower-400x400.jpg\" alt=\"follower ninja\" width=\"400\" height=\"400\" data-wp-pid=\"47387\" title=\"\" srcset=\"https:\/\/followerninja.com\/wp-content\/uploads\/2022\/11\/follower-400x400.jpg 400w, https:\/\/followerninja.com\/wp-content\/uploads\/2022\/11\/follower-1200x1200-cropped.jpg 1200w, https:\/\/followerninja.com\/wp-content\/uploads\/2022\/11\/follower-scaled-100x100.jpg 100w, https:\/\/followerninja.com\/wp-content\/uploads\/2022\/11\/follower-800x800.jpg 800w, https:\/\/followerninja.com\/wp-content\/uploads\/2022\/11\/follower-280x280.jpg 280w, https:\/\/followerninja.com\/wp-content\/uploads\/2022\/11\/follower-768x768.jpg 768w, https:\/\/followerninja.com\/wp-content\/uploads\/2022\/11\/follower-1536x1536.jpg 1536w, https:\/\/followerninja.com\/wp-content\/uploads\/2022\/11\/follower-12x12.jpg 12w, https:\/\/followerninja.com\/wp-content\/uploads\/2022\/11\/follower-1320x1320.jpg 1320w, https:\/\/followerninja.com\/wp-content\/uploads\/2022\/11\/follower-scaled.jpg 1920w\" sizes=\"(max-width: 400px) 100vw, 400px\" \/><\/p>\n<p>&nbsp;<\/p>\n<p><strong>Voici pourquoi tu devrais acheter des prestations de notre part :<\/strong><\/p>\n<p>Nous ne te demandons jamais ton mot de passe ou des informations importantes. Nous offrons un environnement s\u00fbr et des services l\u00e9gaux. Donc pas de piratage ou d'affaires ill\u00e9gales.<br \/>\nLa s\u00e9curit\u00e9 est une \u00e9tape importante dans la croissance des m\u00e9dias sociaux. Nos syst\u00e8mes fonctionnent avec des certificats SSL, de sorte que toutes tes donn\u00e9es sont en s\u00e9curit\u00e9 lorsque tu fais des achats chez nous.<br \/>\nLa croissance des m\u00e9dias sociaux est l\u00e0 pour toi 24h\/24 et 7j\/7. Si tu as des questions ou besoin d'aide, tu peux toujours t'adresser \u00e0 notre support.<br \/>\nNous proposons des services de m\u00e9dias sociaux \u00e0 bas prix. Nos prix sont tr\u00e8s avantageux et moins chers que ceux de n'importe quel autre fournisseur.<br \/>\nLe processus de paiement est tr\u00e8s simple et s\u00fbr. Tu peux payer nos services par carte, Payeer.<\/p>\n<p>Les avantages mentionn\u00e9s ci-dessus s'appliquent \u00e0 tous nos services. Si tu cherches le meilleur endroit pour acheter des services de m\u00e9dias sociaux, tu l'as trouv\u00e9 !<\/p>","protected":false},"excerpt":{"rendered":"<p>\u27a1\ufe0f LinkedIn - Profile Followers | USA\/UK | 0-12 heures<br \/>\n\u27a1\ufe0f Garantie \u00e0 vie sans drop<br \/>\n\u27a1\ufe0f D\u00e9but : 0-24H (la commande sera termin\u00e9e dans 24 heures)<br \/>\n\u27a1\ufe0f 300 jours de vitesse<br \/>\n\u27a1\ufe0f Jusqu'\u00e0 300 maximum<br \/>\n\u27a1\ufe0f Temps sugg\u00e9r\u00e9 : Min-300 par temps<br \/>\n\u27a1\ufe0f Recharge : A vie Non-Drop<br \/>\n\u27a1\ufe0f Profil public d'entreprise Linkedin requis<\/p>","protected":false},"featured_media":46511,"comment_status":"open","ping_status":"closed","template":"","meta":{"_acf_changed":false},"product_brand":[],"product_cat":[393],"product_tag":[394],"class_list":{"0":"post-47480","1":"product","2":"type-product","3":"status-publish","4":"has-post-thumbnail","6":"product_cat-linkedin","7":"product_tag-linkedin-follower","9":"first","10":"instock","11":"virtual","12":"purchasable","13":"product-type-simple"},"acf":[],"jetpack_sharing_enabled":true,"head":{"html":["<meta name=\"wpsso-begin\" content=\"wpsso structured data begin\"\/>\n","<!-- generator:1 --><meta name=\"generator\" content=\"WPSSO Core 21.8.0\/L*\"\/>\n","<!-- generator:2 --><meta name=\"generator\" content=\"WPSSO REST 3.3.0\/S\"\/>\n","<!-- generator:3 --><meta name=\"generator\" content=\"WPSSO BC 5.3.0\/S\"\/>\n","<!-- generator:4 --><meta name=\"generator\" content=\"WPSSO UM 7.3.0\/S\"\/>\n","<!-- generator:5 --><meta name=\"generator\" content=\"WPSSO SSM 3.4.0\/S\"\/>\n","<link rel=\"shortlink\" href=\"https:\/\/followerninja.com\/fr\/?p=47480\"\/>\n","<meta property=\"fb:app_id\" content=\"966242223397117\"\/>\n","<meta property=\"og:type\" content=\"product\"\/>\n","<meta property=\"og:url\" content=\"https:\/\/followerninja.com\/fr\/linkedin\/page-entreprise-linkedin-followers\/\"\/>\n","<meta property=\"og:locale\" content=\"fr_FR\"\/>\n","<meta property=\"og:site_name\" content=\"Follower Ninja\"\/>\n","<meta property=\"og:title\" content=\"LinkedIn Unternehmensseite Follower kaufen - Follower Ninja\"\/>\n","<meta property=\"og:description\" content=\"LinkedIn Unternehmensseite Follower kaufen - TikTok - Instagram - YouTube Reichweite \u2713 Qualifizierte Follower - Views f&uuml;r dein Social Media - Follower Ninja\"\/>\n","<meta property=\"og:updated_time\" content=\"2024-10-04T07:26:47+00:00\"\/>\n","<meta property=\"product:retailer_item_id\" content=\"47480\"\/>\n","<meta property=\"product:availability\" content=\"in stock\"\/>\n","<meta property=\"product:condition\" content=\"new\"\/>\n","<meta property=\"product:original_price:amount\" content=\"0.00\"\/>\n","<meta property=\"product:original_price:currency\" content=\"EUR\"\/>\n","<meta property=\"product:pretax_price:amount\" content=\"0.00\"\/>\n","<meta property=\"product:pretax_price:currency\" content=\"EUR\"\/>\n","<meta property=\"product:price:amount\" content=\"0.00\"\/>\n","<meta property=\"product:price:currency\" content=\"EUR\"\/>\n","<meta name=\"twitter:domain\" content=\"followerninja.com\"\/>\n","<meta name=\"twitter:title\" content=\"LinkedIn Unternehmensseite Follower kaufen - Follower Ninja\"\/>\n","<meta name=\"twitter:description\" content=\"LinkedIn Unternehmensseite Follower kaufen - TikTok - Instagram - YouTube Reichweite \u2713 Qualifizierte Follower - Views f&uuml;r dein Social Media - Follower Ninja\"\/>\n","<meta name=\"twitter:card\" content=\"summary\"\/>\n","<meta name=\"twitter:label1\" content=\"Prix\"\/>\n","<meta name=\"twitter:data1\" content=\"0.00 EUR\"\/>\n","<meta name=\"twitter:label2\" content=\"Disponibilit&eacute;\"\/>\n","<meta name=\"twitter:data2\" content=\"In Stock\"\/>\n","<script type=\"application\/ld+json\" id=\"wpsso-schema-graph\">{\n    \"@context\": \"https:\/\/schema.org\",\n    \"@graph\": [\n        {\n            \"@id\": \"\/linkedin\/page-entreprise-linkedin-followers\/#sso\/product\/47480\",\n            \"@context\": \"https:\/\/schema.org\",\n            \"@type\": \"Product\",\n            \"mainEntityOfPage\": \"https:\/\/followerninja.com\/fr\/linkedin\/page-entreprise-linkedin-followers\/\",\n            \"url\": \"https:\/\/followerninja.com\/fr\/linkedin\/page-entreprise-linkedin-followers\/\",\n            \"sameAs\": [\n                \"https:\/\/followerninja.com\/fr\/?p=47480\"\n            ],\n            \"name\": \"LinkedIn Unternehmensseite Follower kaufen - Follower Ninja\",\n            \"description\": \"LinkedIn Unternehmensseite Follower kaufen - TikTok - Instagram - YouTube Reichweite \\u2713 Qualifizierte Follower - Views f&uuml;r dein Social Media - Follower Ninja\",\n            \"itemCondition\": \"https:\/\/schema.org\/NewCondition\",\n            \"offers\": {\n                \"@context\": \"https:\/\/schema.org\",\n                \"@type\": \"Offer\",\n                \"url\": \"https:\/\/followerninja.com\/fr\/linkedin\/page-entreprise-linkedin-followers\/\",\n                \"name\": \"LinkedIn Unternehmensseite Follower kaufen - Follower Ninja\",\n                \"description\": \"LinkedIn Unternehmensseite Follower kaufen - TikTok - Instagram - YouTube Reichweite \\u2713 Qualifizierte Follower - Views f&uuml;r dein Social Media - Follower Ninja\",\n                \"availability\": \"https:\/\/schema.org\/InStock\",\n                \"itemCondition\": \"https:\/\/schema.org\/NewCondition\",\n                \"price\": \"0.00\",\n                \"priceCurrency\": \"EUR\",\n                \"priceValidUntil\": \"2027-04-18T19:03:44+00:00\",\n                \"priceSpecification\": [\n                    {\n                        \"@context\": \"https:\/\/schema.org\",\n                        \"@type\": \"UnitPriceSpecification\",\n                        \"priceType\": \"https:\/\/schema.org\/ListPrice\",\n                        \"price\": \"0.00\",\n                        \"priceCurrency\": \"EUR\",\n                        \"valueAddedTaxIncluded\": false,\n                        \"validThrough\": \"2026-05-18T19:03:44+00:00\"\n                    }\n                ],\n                \"seller\": {\n                    \"@id\": \"\/#sso\/organization\/site\/org-logo-url\"\n                }\n            }\n        },\n        {\n            \"@id\": \"\/#sso\/organization\/site\/org-logo-url\",\n            \"@context\": \"https:\/\/schema.org\",\n            \"@type\": \"Organization\",\n            \"url\": \"https:\/\/followerninja.com\/fr\/\",\n            \"name\": \"Follower Ninja\",\n            \"description\": \"Social Media Follower\",\n            \"image\": [\n                {\n                    \"@id\": \"http:\/\/followerninja.com\/wp-content\/uploads\/2023\/06\/follower-ninja.png#sso\/image-object\"\n                }\n            ],\n            \"logo\": {\n                \"@id\": \"http:\/\/followerninja.com\/wp-content\/uploads\/2023\/06\/follower-ninja.png#sso\/image-object\"\n            }\n        },\n        {\n            \"@id\": \"http:\/\/followerninja.com\/wp-content\/uploads\/2023\/06\/follower-ninja.png#sso\/image-object\",\n            \"@context\": \"https:\/\/schema.org\",\n            \"@type\": \"ImageObject\",\n            \"url\": \"http:\/\/followerninja.com\/wp-content\/uploads\/2023\/06\/follower-ninja.png\",\n            \"width\": [\n                {\n                    \"@id\": \"#sso\/qv-width-px-616\"\n                }\n            ],\n            \"height\": [\n                {\n                    \"@id\": \"#sso\/qv-height-px-282\"\n                }\n            ]\n        },\n        {\n            \"@id\": \"#sso\/qv-width-px-616\",\n            \"@context\": \"https:\/\/schema.org\",\n            \"@type\": \"QuantitativeValue\",\n            \"name\": \"Width\",\n            \"unitText\": \"px\",\n            \"unitCode\": \"E37\",\n            \"value\": \"616\"\n        },\n        {\n            \"@id\": \"#sso\/qv-height-px-282\",\n            \"@context\": \"https:\/\/schema.org\",\n            \"@type\": \"QuantitativeValue\",\n            \"name\": \"Height\",\n            \"unitText\": \"px\",\n            \"unitCode\": \"E37\",\n            \"value\": \"282\"\n        },\n        {\n            \"@id\": \"\/linkedin\/page-entreprise-linkedin-followers\/#sso\/breadcrumb.list\/linkedin\",\n            \"@context\": \"https:\/\/schema.org\",\n            \"@type\": \"BreadcrumbList\",\n            \"url\": \"https:\/\/followerninja.com\/fr\/linkedin\/page-entreprise-linkedin-followers\/\",\n            \"itemListElement\": [\n                {\n                    \"@context\": \"https:\/\/schema.org\",\n                    \"@type\": \"ListItem\",\n                    \"position\": 1,\n                    \"name\": \"Home\",\n                    \"item\": \"https:\/\/followerninja.com\/fr\/\"\n                },\n                {\n                    \"@context\": \"https:\/\/schema.org\",\n                    \"@type\": \"ListItem\",\n                    \"position\": 2,\n                    \"name\": \"Blog\",\n                    \"item\": \"https:\/\/followerninja.com\/\"\n                },\n                {\n                    \"@context\": \"https:\/\/schema.org\",\n                    \"@type\": \"ListItem\",\n                    \"position\": 3,\n                    \"name\": \"Linkedin\",\n                    \"item\": \"https:\/\/followerninja.com\/fr\/linkedin\/\"\n                },\n                {\n                    \"@context\": \"https:\/\/schema.org\",\n                    \"@type\": \"ListItem\",\n                    \"position\": 4,\n                    \"name\": \"LinkedIn Unternehmensseite Follower kaufen - Follower Ninja\",\n                    \"item\": \"https:\/\/followerninja.com\/fr\/linkedin\/page-entreprise-linkedin-followers\/\"\n                }\n            ]\n        }\n    ]\n}<\/script>\n","<meta name=\"wpsso-end\" content=\"wpsso structured data end\"\/>\n","<meta name=\"wpsso-cached\" content=\"2026-04-18T19:03:44+00:00 for followerninja.com\"\/>\n"],"json":[{"@context":"https:\/\/schema.org","@graph":[{"@id":"\/linkedin\/page-entreprise-linkedin-followers\/#sso\/product\/47480","@context":"https:\/\/schema.org","@type":"Product","mainEntityOfPage":"https:\/\/followerninja.com\/fr\/linkedin\/page-entreprise-linkedin-followers\/","url":"https:\/\/followerninja.com\/fr\/linkedin\/page-entreprise-linkedin-followers\/","sameAs":["https:\/\/followerninja.com\/fr\/?p=47480"],"name":"LinkedIn Unternehmensseite Follower kaufen - Follower Ninja","description":"LinkedIn Unternehmensseite Follower kaufen - TikTok - Instagram - YouTube Reichweite \u2713 Qualifizierte Follower - Views f&uuml;r dein Social Media - Follower Ninja","itemCondition":"https:\/\/schema.org\/NewCondition","offers":{"@context":"https:\/\/schema.org","@type":"Offer","url":"https:\/\/followerninja.com\/fr\/linkedin\/page-entreprise-linkedin-followers\/","name":"LinkedIn Unternehmensseite Follower kaufen - Follower Ninja","description":"LinkedIn Unternehmensseite Follower kaufen - TikTok - Instagram - YouTube Reichweite \u2713 Qualifizierte Follower - Views f&uuml;r dein Social Media - Follower Ninja","availability":"https:\/\/schema.org\/InStock","itemCondition":"https:\/\/schema.org\/NewCondition","price":"0.00","priceCurrency":"EUR","priceValidUntil":"2027-04-18T19:03:44+00:00","priceSpecification":[{"@context":"https:\/\/schema.org","@type":"UnitPriceSpecification","priceType":"https:\/\/schema.org\/ListPrice","price":"0.00","priceCurrency":"EUR","valueAddedTaxIncluded":false,"validThrough":"2026-05-18T19:03:44+00:00"}],"seller":{"@id":"\/#sso\/organization\/site\/org-logo-url"}}},{"@id":"\/#sso\/organization\/site\/org-logo-url","@context":"https:\/\/schema.org","@type":"Organization","url":"https:\/\/followerninja.com\/fr\/","name":"Follower Ninja","description":"Social Media Follower","image":[{"@id":"http:\/\/followerninja.com\/wp-content\/uploads\/2023\/06\/follower-ninja.png#sso\/image-object"}],"logo":{"@id":"http:\/\/followerninja.com\/wp-content\/uploads\/2023\/06\/follower-ninja.png#sso\/image-object"}},{"@id":"http:\/\/followerninja.com\/wp-content\/uploads\/2023\/06\/follower-ninja.png#sso\/image-object","@context":"https:\/\/schema.org","@type":"ImageObject","url":"http:\/\/followerninja.com\/wp-content\/uploads\/2023\/06\/follower-ninja.png","width":[{"@id":"#sso\/qv-width-px-616"}],"height":[{"@id":"#sso\/qv-height-px-282"}]},{"@id":"#sso\/qv-width-px-616","@context":"https:\/\/schema.org","@type":"QuantitativeValue","name":"Width","unitText":"px","unitCode":"E37","value":"616"},{"@id":"#sso\/qv-height-px-282","@context":"https:\/\/schema.org","@type":"QuantitativeValue","name":"Height","unitText":"px","unitCode":"E37","value":"282"},{"@id":"\/linkedin\/page-entreprise-linkedin-followers\/#sso\/breadcrumb.list\/linkedin","@context":"https:\/\/schema.org","@type":"BreadcrumbList","url":"https:\/\/followerninja.com\/fr\/linkedin\/page-entreprise-linkedin-followers\/","itemListElement":[{"@context":"https:\/\/schema.org","@type":"ListItem","position":1,"name":"Home","item":"https:\/\/followerninja.com\/fr\/"},{"@context":"https:\/\/schema.org","@type":"ListItem","position":2,"name":"Blog","item":"https:\/\/followerninja.com\/"},{"@context":"https:\/\/schema.org","@type":"ListItem","position":3,"name":"Linkedin","item":"https:\/\/followerninja.com\/fr\/linkedin\/"},{"@context":"https:\/\/schema.org","@type":"ListItem","position":4,"name":"LinkedIn Unternehmensseite Follower kaufen - Follower Ninja","item":"https:\/\/followerninja.com\/fr\/linkedin\/page-entreprise-linkedin-followers\/"}]}]}],"parts":[["meta","name","generator","content","WPSSO Core 21.8.0\/L*","generator:1"],["meta","name","generator","content","WPSSO REST 3.3.0\/S","generator:2"],["meta","name","generator","content","WPSSO BC 5.3.0\/S","generator:3"],["meta","name","generator","content","WPSSO UM 7.3.0\/S","generator:4"],["meta","name","generator","content","WPSSO SSM 3.4.0\/S","generator:5"],["link","rel","shortlink","href","https:\/\/followerninja.com\/fr\/?p=47480",""],["meta","property","fb:app_id","content","966242223397117",""],["meta","property","og:time","content","2026-04-18T19:03:44+00:00",""],["meta","property","og:type","content","product",""],["meta","property","og:url","content","https:\/\/followerninja.com\/fr\/linkedin\/page-entreprise-linkedin-followers\/",""],["meta","property","og:locale","content","fr_FR",""],["meta","property","og:site_name","content","Follower Ninja",""],["meta","property","og:title","content","LinkedIn Unternehmensseite Follower kaufen - Follower Ninja",""],["meta","property","og:description","content","LinkedIn Unternehmensseite Follower kaufen - TikTok - Instagram - YouTube Reichweite \u2713 Qualifizierte Follower - Views f&uuml;r dein Social Media - Follower Ninja",""],["meta","property","og:updated_time","content","2024-10-04T07:26:47+00:00",""],["meta","name","schema:language","content","fr_FR",""],["meta","name","schema:type:id","content","product",""],["meta","name","schema:type:url","content","https:\/\/schema.org\/Product",""],["meta","name","schema:type:context","content","https:\/\/schema.org",""],["meta","name","schema:type:name","content","Product",""],["meta","name","schema:type:path","content","schema.org\/Product",""],["meta","property","product:retailer_item_id","content","47480",""],["meta","property","product:url","content","https:\/\/followerninja.com\/fr\/linkedin\/page-entreprise-linkedin-followers\/",""],["meta","property","product:title","content","LinkedIn Unternehmensseite Follower kaufen - Follower Ninja",""],["meta","property","product:description","content","LinkedIn Unternehmensseite Follower kaufen - TikTok - Instagram - YouTube Reichweite \u2713 Qualifizierte Follower - Views f&uuml;r dein Social Media - Follower Ninja",""],["meta","property","product:updated_time","content","2024-10-04T07:26:47+00:00",""],["meta","property","product:availability","content","in stock",""],["meta","property","product:retailer_category","content","Linkedin",""],["meta","property","product:condition","content","new",""],["meta","property","product:is_virtual","content","true",""],["meta","property","product:min_advert_price:amount","content","0.00",""],["meta","property","product:min_advert_price:currency","content","EUR",""],["meta","property","product:original_price:type","content","https:\/\/schema.org\/ListPrice",""],["meta","property","product:original_price:amount","content","0.00",""],["meta","property","product:original_price:currency","content","EUR",""],["meta","property","product:pretax_price:amount","content","0.00",""],["meta","property","product:pretax_price:currency","content","EUR",""],["meta","property","product:price:type","content","https:\/\/schema.org\/ListPrice",""],["meta","property","product:price:amount","content","0.00",""],["meta","property","product:price:currency","content","EUR",""],["meta","property","product:price:vat_included","content","false",""],["meta","property","article:author:name","content","followerninja",""],["meta","property","article:reading_mins","content","3",""],["meta","name","twitter:domain","content","followerninja.com",""],["meta","name","twitter:title","content","LinkedIn Unternehmensseite Follower kaufen - Follower Ninja",""],["meta","name","twitter:description","content","LinkedIn Unternehmensseite Follower kaufen - TikTok - Instagram - YouTube Reichweite \u2713 Qualifizierte Follower - Views f&uuml;r dein Social Media - Follower Ninja",""],["meta","name","twitter:card","content","summary",""],["meta","name","twitter:label1","content","Prix",""],["meta","name","twitter:data1","content","0.00 EUR",""],["meta","name","twitter:label2","content","Disponibilit&eacute;",""],["meta","name","twitter:data2","content","In Stock",""]]},"_links":{"self":[{"href":"https:\/\/followerninja.com\/fr\/wp-json\/wp\/v2\/product\/47480","targetHints":{"allow":["GET"]}}],"collection":[{"href":"https:\/\/followerninja.com\/fr\/wp-json\/wp\/v2\/product"}],"about":[{"href":"https:\/\/followerninja.com\/fr\/wp-json\/wp\/v2\/types\/product"}],"replies":[{"embeddable":true,"href":"https:\/\/followerninja.com\/fr\/wp-json\/wp\/v2\/comments?post=47480"}],"wp:featuredmedia":[{"embeddable":true,"href":"https:\/\/followerninja.com\/fr\/wp-json\/wp\/v2\/media\/46511"}],"wp:attachment":[{"href":"https:\/\/followerninja.com\/fr\/wp-json\/wp\/v2\/media?parent=47480"}],"wp:term":[{"taxonomy":"product_brand","embeddable":true,"href":"https:\/\/followerninja.com\/fr\/wp-json\/wp\/v2\/product_brand?post=47480"},{"taxonomy":"product_cat","embeddable":true,"href":"https:\/\/followerninja.com\/fr\/wp-json\/wp\/v2\/product_cat?post=47480"},{"taxonomy":"product_tag","embeddable":true,"href":"https:\/\/followerninja.com\/fr\/wp-json\/wp\/v2\/product_tag?post=47480"}],"curies":[{"name":"wp","href":"https:\/\/api.w.org\/{rel}","templated":true}]}}