{"id":42124,"date":"2022-09-29T21:04:24","date_gmt":"2022-09-29T19:04:24","guid":{"rendered":"http:\/\/followerninja.com\/\/widerruf_fuer_digitale_inhalte\/"},"modified":"2022-12-30T14:32:20","modified_gmt":"2022-12-30T13:32:20","slug":"visszavonas_digitalis_tartalom-eseten","status":"publish","type":"page","link":"https:\/\/followerninja.com\/hu\/visszavonas_digitalis_tartalom-eseten\/","title":{"rendered":"Visszavon\u00e1s digit\u00e1lis tartalom eset\u00e9n"},"content":{"rendered":"<p><strong>A nem t\u00e1rgyi adathordoz\u00f3n sz\u00e1ll\u00edtott digit\u00e1lis tartalom szolg\u00e1ltat\u00e1s\u00e1ra vonatkoz\u00f3 szerz\u0151d\u00e9s felmond\u00e1si szab\u00e1lyzata<\/strong><br \/><em>Lemond\u00e1si felt\u00e9telek<\/em><br \/>Fogyaszt\u00f3nak min\u0151s\u00fcl minden olyan term\u00e9szetes szem\u00e9ly, aki olyan c\u00e9llal k\u00f6t jog\u00fcgyletet, amely t\u00falnyom\u00f3r\u00e9szt sem kereskedelmi, sem \u00f6n\u00e1ll\u00f3 szakmai tev\u00e9kenys\u00e9g\u00e9nek nem tulajdon\u00edthat\u00f3.<\/p>\n<p><em>El\u00e1ll\u00e1si jog<\/em><br \/>Sie haben das Recht, binnen vierzehn Tagen ohne Angabe von Gr\u00fcnden diesen Vertrag zu widerrufen. Die Widerrufsfrist betr\u00e4gt vierzehn Tage ab dem Tag des Vertragsschlusses. Um Ihr Widerrufsrecht auszu\u00fcben, m\u00fcssen Sie uns ([Einsetzen: Namen\/Firma, Anschrift, Telefonnummer und E-Mailadresse. Sie k\u00f6nnen auch den Shortcode [woocommerce_de_disclaimer_address_data] daf\u00fcr verwenden, und die Adresse in den Einstellungen hinterlegen.]) mittels einer eindeutigen Erkl\u00e4rung (z.B. ein mit der Post versandter Brief, oder eine E-Mail) \u00fcber Ihren Entschluss, diesen Vertrag zu widerrufen, informieren. Sie k\u00f6nnen daf\u00fcr das beigef\u00fcgte Muster-Widerrufsformular verwenden, das jedoch nicht vorgeschrieben ist. Zur Wahrung der Widerrufsfrist reicht es aus, dass Sie die Mitteilung \u00fcber die Aus\u00fcbung des Widerrufsrechts vor Ablauf der Widerrufsfrist absenden.<\/p>\n<p><em>A visszavon\u00e1s k\u00f6vetkezm\u00e9nyei<\/em><br \/>Ha \u00d6n el\u00e1ll a szerz\u0151d\u00e9st\u0151l, akkor halad\u00e9ktalanul, de legk\u00e9s\u0151bb a szerz\u0151d\u00e9st\u0151l val\u00f3 el\u00e1ll\u00e1sr\u00f3l sz\u00f3l\u00f3 \u00e9rtes\u00edt\u00e9s k\u00e9zhezv\u00e9tel\u00e9nek napj\u00e1t\u00f3l sz\u00e1m\u00edtott tizenn\u00e9gy napon bel\u00fcl vissza kell fizetn\u00fcnk az \u00d6nt\u0151l kapott \u00f6sszes kifizet\u00e9st, bele\u00e9rtve a sz\u00e1ll\u00edt\u00e1si k\u00f6lts\u00e9geket is (kiv\u00e9ve az abb\u00f3l ered\u0151 t\u00f6bbletk\u00f6lts\u00e9geket, hogy \u00d6n az \u00e1ltalunk k\u00edn\u00e1lt legolcs\u00f3bb szabv\u00e1nyos sz\u00e1ll\u00edt\u00e1si m\u00f3dt\u00f3l elt\u00e9r\u0151 sz\u00e1ll\u00edt\u00e1si m\u00f3dot v\u00e1lasztott). A visszafizet\u00e9shez ugyanazt a fizet\u00e9si eszk\u00f6zt fogjuk haszn\u00e1lni, amelyet \u00d6n az eredeti tranzakci\u00f3 sor\u00e1n haszn\u00e1lt, kiv\u00e9ve, ha \u00d6nnel kifejezetten m\u00e1sk\u00e9pp \u00e1llapodtunk meg; a visszafizet\u00e9s semmilyen esetben sem ker\u00fcl felsz\u00e1m\u00edt\u00e1sra.<\/p>\n<p><em>Minta lemond\u00e1si \u0171rlap<\/em><br \/>(Ha vissza k\u00edv\u00e1nja vonni a szerz\u0151d\u00e9st, k\u00e9rj\u00fck, t\u00f6ltse ki \u00e9s k\u00fcldje vissza ezt az \u0171rlapot).<br \/>- A [beilleszt\u00e9s: N\u00e9v\/c\u00e9g, c\u00edm, e-mail c\u00edm \u00e9s, ha van, faxsz\u00e1m]:<br \/>- Ezennel visszavonom\/visszavonjuk (*) az \u00e1ltalam\/\u00f6nmagunk (*) \u00e1ltal az al\u00e1bbi \u00e1ruk (*)\/az al\u00e1bbi szolg\u00e1ltat\u00e1s (*) megv\u00e1s\u00e1rl\u00e1s\u00e1ra k\u00f6t\u00f6tt szerz\u0151d\u00e9st.<br \/>- Megrendeltem (*)\/megkaptam (*)<br \/>- A fogyaszt\u00f3(k) neve<br \/>- A fogyaszt\u00f3(k) c\u00edme<br \/>- A fogyaszt\u00f3(k) al\u00e1\u00edr\u00e1sa (csak pap\u00edralap\u00fa bejelent\u00e9s eset\u00e9n)<br \/>- D\u00e1tum<br \/>&#8212;&#8212;&#8212;&#8212;&#8212;&#8212;&#8212;&#8212;&#8212;&#8212;&#8212;&#8212;&#8212;<br \/>(*) Adott esetben t\u00f6r\u00f6lni.<\/p>\n<p><em>Az el\u00e1ll\u00e1si jog kiz\u00e1r\u00e1sa vagy id\u0151 el\u0151tti lej\u00e1rta<\/em><br \/>Az el\u00e1ll\u00e1si jog nem vonatkozik az olyan digit\u00e1lis tartalom sz\u00e1ll\u00edt\u00e1s\u00e1ra vonatkoz\u00f3 szerz\u0151d\u00e9sekre, amely nem el\u0151re elk\u00e9sz\u00edtett, \u00e9s amelynek el\u0151\u00e1ll\u00edt\u00e1sa sor\u00e1n a fogyaszt\u00f3 egy\u00e9ni v\u00e1laszt\u00e1sa vagy meghat\u00e1roz\u00e1sa a d\u00f6nt\u0151, vagy amely egy\u00e9rtelm\u0171en a fogyaszt\u00f3 szem\u00e9lyes ig\u00e9nyeihez igazodik.<br \/>Az el\u00e1ll\u00e1si jog id\u0151 el\u0151tt megsz\u0171nik, ha a szerz\u0151d\u00e9s teljes\u00edt\u00e9s\u00e9t csak azt k\u00f6vet\u0151en kezdt\u00fck meg, hogy \u00d6n a) ehhez kifejezetten hozz\u00e1j\u00e1rult, \u00e9s egy\u00fattal meger\u0151s\u00edtette, hogy tudom\u00e1ssal b\u00edr arr\u00f3l, hogy a szerz\u0151d\u00e9s teljes\u00edt\u00e9s\u00e9nek megkezd\u00e9s\u00e9vel a mi r\u00e9sz\u00fcnkr\u0151l elvesz\u00edti el\u00e1ll\u00e1si jog\u00e1t, \u00e9s b) a szerz\u0151d\u00e9s megk\u00f6t\u00e9s\u00e9t k\u00f6vet\u0151 \u00e9sszer\u0171 id\u0151n bel\u00fcl, de legk\u00e9s\u0151bb az \u00e1ru lesz\u00e1ll\u00edt\u00e1sakor vagy a szolg\u00e1ltat\u00e1s teljes\u00edt\u00e9s\u00e9nek megkezd\u00e9s\u00e9t megel\u0151z\u0151en a nyilatkozat\u00e1nak tartalm\u00e1t tart\u00f3s adathordoz\u00f3n az \u00d6n rendelkez\u00e9s\u00e9re bocs\u00e1tottuk. Felh\u00edvjuk figyelm\u00e9t, hogy a szerz\u0151d\u00e9s megk\u00f6t\u00e9s\u00e9t a fent eml\u00edtett hozz\u00e1j\u00e1rul\u00e1st\u00f3l \u00e9s meger\u0151s\u00edt\u00e9st\u0151l teheti f\u00fcgg\u0151v\u00e9. Az el\u00e1ll\u00e1si jog id\u0151 el\u0151tt megsz\u0171nik, ha a szerz\u0151d\u00e9s teljes\u00edt\u00e9s\u00e9t csak azt k\u00f6vet\u0151en kezdt\u00fck meg, hogy \u00d6n ehhez kifejezetten hozz\u00e1j\u00e1rult, \u00e9s egy\u00fattal meger\u0151s\u00edtette, hogy tudom\u00e1ssal b\u00edr arr\u00f3l, hogy a szerz\u0151d\u00e9s teljes\u00edt\u00e9s\u00e9nek megkezd\u00e9s\u00e9vel elvesz\u00edti el\u00e1ll\u00e1si jog\u00e1t. Felh\u00edvjuk a figyelmet arra, hogy a szerz\u0151d\u00e9s megk\u00f6t\u00e9s\u00e9t a fent eml\u00edtett hozz\u00e1j\u00e1rul\u00e1st\u00f3l \u00e9s meger\u0151s\u00edt\u00e9st\u0151l tehetj\u00fck f\u00fcgg\u0151v\u00e9.<\/p>","protected":false},"excerpt":{"rendered":"","protected":false},"author":1,"featured_media":0,"parent":0,"menu_order":0,"comment_status":"closed","ping_status":"closed","template":"","meta":{"_acf_changed":false,"footnotes":""},"class_list":["post-42124","page","type-page","status-publish","hentry"],"acf":[],"jetpack_sharing_enabled":true,"head":{"html":["<meta name=\"wpsso-begin\" content=\"wpsso structured data begin\"\/>\n","<!-- generator:1 --><meta name=\"generator\" content=\"WPSSO Core 21.8.0\/L*\"\/>\n","<!-- generator:2 --><meta name=\"generator\" content=\"WPSSO REST 3.3.0\/S\"\/>\n","<!-- generator:3 --><meta name=\"generator\" content=\"WPSSO BC 5.3.0\/S\"\/>\n","<!-- generator:4 --><meta name=\"generator\" content=\"WPSSO SSM 3.4.0\/S\"\/>\n","<!-- generator:5 --><meta name=\"generator\" content=\"WPSSO UM 7.3.0\/S\"\/>\n","<link rel=\"shortlink\" href=\"https:\/\/followerninja.com\/hu\/?p=42124\"\/>\n","<meta property=\"fb:app_id\" content=\"966242223397117\"\/>\n","<meta property=\"og:type\" content=\"article\"\/>\n","<meta property=\"og:url\" content=\"https:\/\/followerninja.com\/hu\/visszavonas_digitalis_tartalom-eseten\/\"\/>\n","<meta property=\"og:locale\" content=\"hu_HU\"\/>\n","<meta property=\"og:site_name\" content=\"Follower Ninja\"\/>\n","<meta property=\"og:title\" content=\"Widerruf f&uuml;r digitale Inhalte\"\/>\n","<meta property=\"og:description\" content=\"Widerrufsbelehrung f&uuml;r einen Vertrag &uuml;ber die Lieferung von digitalen Inhalten, die nicht auf einem k&ouml;rperlichen Datentr&auml;ger geliefert werdenWiderrufsbelehrungVerbraucher ist jede nat&uuml;rliche Person, die ein Rechtsgesch&auml;ft zu Zwecken abschlie&szlig;t, die &uuml;berwiegend weder ihrer gewerblichen noch ihrer...\"\/>\n","<meta property=\"og:updated_time\" content=\"2022-12-30T13:32:20+00:00\"\/>\n","<meta property=\"article:published_time\" content=\"2022-09-29T19:04:24+00:00\"\/>\n","<meta property=\"article:modified_time\" content=\"2022-12-30T13:32:20+00:00\"\/>\n","<meta name=\"twitter:domain\" content=\"followerninja.com\"\/>\n","<meta name=\"twitter:title\" content=\"Widerruf f&uuml;r digitale Inhalte\"\/>\n","<meta name=\"twitter:description\" content=\"Widerrufsbelehrung f&uuml;r einen Vertrag &uuml;ber die Lieferung von digitalen Inhalten, die nicht auf einem k&ouml;rperlichen Datentr&auml;ger geliefert werdenWiderrufsbelehrungVerbraucher ist jede nat&uuml;rliche...\"\/>\n","<meta name=\"twitter:card\" content=\"summary\"\/>\n","<meta name=\"twitter:label1\" content=\"Written by\"\/>\n","<meta name=\"twitter:data1\" content=\"followerninja\"\/>\n","<meta name=\"twitter:label2\" content=\"Est. reading time\"\/>\n","<meta name=\"twitter:data2\" content=\"3 minutes\"\/>\n","<meta name=\"author\" content=\"followerninja\"\/>\n","<script type=\"application\/ld+json\" id=\"wpsso-schema-graph\">{\n    \"@context\": \"https:\/\/schema.org\",\n    \"@graph\": [\n        {\n            \"@id\": \"\/visszavonas_digitalis_tartalom-eseten\/#sso\/article\/42124\",\n            \"@context\": \"https:\/\/schema.org\",\n            \"@type\": \"Article\",\n            \"mainEntityOfPage\": \"https:\/\/followerninja.com\/hu\/visszavonas_digitalis_tartalom-eseten\/\",\n            \"url\": \"https:\/\/followerninja.com\/hu\/visszavonas_digitalis_tartalom-eseten\/\",\n            \"sameAs\": [\n                \"https:\/\/followerninja.com\/hu\/?p=42124\"\n            ],\n            \"name\": \"Widerruf f&uuml;r digitale Inhalte\",\n            \"description\": \"Widerrufsbelehrung f&uuml;r einen Vertrag &uuml;ber die Lieferung von digitalen Inhalten, die nicht auf einem k&ouml;rperlichen Datentr&auml;ger geliefert werdenWiderrufsbelehrungVerbraucher ist jede nat&uuml;rliche Person, die ein Rechtsgesch&auml;ft zu Zwecken abschlie&szlig;t, die &uuml;berwiegend weder ihrer gewerblichen noch ihrer...\",\n            \"publisher\": [\n                {\n                    \"@id\": \"\/#sso\/organization\/site\/org-banner-url\"\n                }\n            ],\n            \"headline\": \"Widerruf f&uuml;r digitale Inhalte\",\n            \"inLanguage\": \"hu_HU\",\n            \"datePublished\": \"2022-09-29T19:04:24+00:00\",\n            \"dateModified\": \"2022-12-30T13:32:20+00:00\",\n            \"author\": {\n                \"@id\": \"\/1910eddecf8c2382c3c32ac00756186a#sso\/person\"\n            },\n            \"timeRequired\": \"PT3M\",\n            \"speakable\": {\n                \"@context\": \"https:\/\/schema.org\",\n                \"@type\": \"SpeakableSpecification\",\n                \"cssSelector\": [\n                    \".wp-block-post-title\",\n                    \".speakable\"\n                ]\n            }\n        },\n        {\n            \"@id\": \"\/#sso\/organization\/site\/org-banner-url\",\n            \"@context\": \"https:\/\/schema.org\",\n            \"@type\": \"Organization\",\n            \"url\": \"https:\/\/followerninja.com\/hu\/\",\n            \"name\": \"Follower Ninja\",\n            \"description\": \"Social Media Follower\",\n            \"image\": [\n                {\n                    \"@id\": \"http:\/\/followerninja.com\/wp-content\/uploads\/2023\/06\/follower-ninja.png#sso\/image-object\"\n                }\n            ],\n            \"logo\": {\n                \"@id\": \"http:\/\/followerninja.com\/wp-content\/uploads\/2023\/02\/FOLLOWER-NINJA-TIKTOK-FOLLOWER.png#sso\/image-object\"\n            }\n        },\n        {\n            \"@id\": \"http:\/\/followerninja.com\/wp-content\/uploads\/2023\/06\/follower-ninja.png#sso\/image-object\",\n            \"@context\": \"https:\/\/schema.org\",\n            \"@type\": \"ImageObject\",\n            \"url\": \"http:\/\/followerninja.com\/wp-content\/uploads\/2023\/06\/follower-ninja.png\",\n            \"width\": [\n                {\n                    \"@id\": \"#sso\/qv-width-px-616\"\n                }\n            ],\n            \"height\": [\n                {\n                    \"@id\": \"#sso\/qv-height-px-282\"\n                }\n            ]\n        },\n        {\n            \"@id\": \"#sso\/qv-width-px-616\",\n            \"@context\": \"https:\/\/schema.org\",\n            \"@type\": \"QuantitativeValue\",\n            \"name\": \"Width\",\n            \"unitText\": \"px\",\n            \"unitCode\": \"E37\",\n            \"value\": \"616\"\n        },\n        {\n            \"@id\": \"#sso\/qv-height-px-282\",\n            \"@context\": \"https:\/\/schema.org\",\n            \"@type\": \"QuantitativeValue\",\n            \"name\": \"Height\",\n            \"unitText\": \"px\",\n            \"unitCode\": \"E37\",\n            \"value\": \"282\"\n        },\n        {\n            \"@id\": \"http:\/\/followerninja.com\/wp-content\/uploads\/2023\/02\/FOLLOWER-NINJA-TIKTOK-FOLLOWER.png#sso\/image-object\",\n            \"@context\": \"https:\/\/schema.org\",\n            \"@type\": \"ImageObject\",\n            \"url\": \"http:\/\/followerninja.com\/wp-content\/uploads\/2023\/02\/FOLLOWER-NINJA-TIKTOK-FOLLOWER.png\",\n            \"width\": [\n                {\n                    \"@id\": \"#sso\/qv-width-px-2400\"\n                }\n            ],\n            \"height\": [\n                {\n                    \"@id\": \"#sso\/qv-height-px-2074\"\n                }\n            ]\n        },\n        {\n            \"@id\": \"#sso\/qv-width-px-2400\",\n            \"@context\": \"https:\/\/schema.org\",\n            \"@type\": \"QuantitativeValue\",\n            \"name\": \"Width\",\n            \"unitText\": \"px\",\n            \"unitCode\": \"E37\",\n            \"value\": \"2400\"\n        },\n        {\n            \"@id\": \"#sso\/qv-height-px-2074\",\n            \"@context\": \"https:\/\/schema.org\",\n            \"@type\": \"QuantitativeValue\",\n            \"name\": \"Height\",\n            \"unitText\": \"px\",\n            \"unitCode\": \"E37\",\n            \"value\": \"2074\"\n        },\n        {\n            \"@id\": \"\/1910eddecf8c2382c3c32ac00756186a#sso\/person\",\n            \"@context\": \"https:\/\/schema.org\",\n            \"@type\": \"Person\",\n            \"url\": \"http:\/\/followerninja.com\/\",\n            \"name\": \"followerninja\",\n            \"givenName\": \"Nami\",\n            \"familyName\": \"Shams\",\n            \"description\": \"Follower Ninja - Social Media Profis\",\n            \"image\": [\n                {\n                    \"@id\": \"https:\/\/secure.gravatar.com\/avatar\/51fd3ca1505ce8c9465a64104b9d54df.jpg?d=mp&s=1200#sso\/image-object\"\n                }\n            ]\n        },\n        {\n            \"@id\": \"https:\/\/secure.gravatar.com\/avatar\/51fd3ca1505ce8c9465a64104b9d54df.jpg?d=mp&s=1200#sso\/image-object\",\n            \"@context\": \"https:\/\/schema.org\",\n            \"@type\": \"ImageObject\",\n            \"url\": \"https:\/\/secure.gravatar.com\/avatar\/51fd3ca1505ce8c9465a64104b9d54df.jpg?d=mp&s=1200\",\n            \"width\": [\n                {\n                    \"@id\": \"#sso\/qv-width-px-1200\"\n                }\n            ],\n            \"height\": [\n                {\n                    \"@id\": \"#sso\/qv-height-px-1200\"\n                }\n            ]\n        },\n        {\n            \"@id\": \"#sso\/qv-width-px-1200\",\n            \"@context\": \"https:\/\/schema.org\",\n            \"@type\": \"QuantitativeValue\",\n            \"name\": \"Width\",\n            \"unitText\": \"px\",\n            \"unitCode\": \"E37\",\n            \"value\": \"1200\"\n        },\n        {\n            \"@id\": \"#sso\/qv-height-px-1200\",\n            \"@context\": \"https:\/\/schema.org\",\n            \"@type\": \"QuantitativeValue\",\n            \"name\": \"Height\",\n            \"unitText\": \"px\",\n            \"unitCode\": \"E37\",\n            \"value\": \"1200\"\n        },\n        {\n            \"@id\": \"\/visszavonas_digitalis_tartalom-eseten\/#sso\/breadcrumb-list\/42124\",\n            \"@context\": \"https:\/\/schema.org\",\n            \"@type\": \"BreadcrumbList\",\n            \"url\": \"https:\/\/followerninja.com\/hu\/visszavonas_digitalis_tartalom-eseten\/\",\n            \"itemListElement\": [\n                {\n                    \"@context\": \"https:\/\/schema.org\",\n                    \"@type\": \"ListItem\",\n                    \"position\": 1,\n                    \"name\": \"Home\",\n                    \"item\": \"https:\/\/followerninja.com\/hu\/\"\n                },\n                {\n                    \"@context\": \"https:\/\/schema.org\",\n                    \"@type\": \"ListItem\",\n                    \"position\": 2,\n                    \"name\": \"Blog\",\n                    \"item\": \"https:\/\/followerninja.com\/\"\n                },\n                {\n                    \"@context\": \"https:\/\/schema.org\",\n                    \"@type\": \"ListItem\",\n                    \"position\": 3,\n                    \"name\": \"Widerruf f&uuml;r digitale Inhalte\",\n                    \"item\": \"https:\/\/followerninja.com\/hu\/visszavonas_digitalis_tartalom-eseten\/\"\n                }\n            ]\n        }\n    ]\n}<\/script>\n","<meta name=\"wpsso-end\" content=\"wpsso structured data end\"\/>\n","<meta name=\"wpsso-cached\" content=\"2026-04-07T16:40:26+00:00 for followerninja.com\"\/>\n"],"json":[{"@context":"https:\/\/schema.org","@graph":[{"@id":"\/visszavonas_digitalis_tartalom-eseten\/#sso\/article\/42124","@context":"https:\/\/schema.org","@type":"Article","mainEntityOfPage":"https:\/\/followerninja.com\/hu\/visszavonas_digitalis_tartalom-eseten\/","url":"https:\/\/followerninja.com\/hu\/visszavonas_digitalis_tartalom-eseten\/","sameAs":["https:\/\/followerninja.com\/hu\/?p=42124"],"name":"Widerruf f&uuml;r digitale Inhalte","description":"Widerrufsbelehrung f&uuml;r einen Vertrag &uuml;ber die Lieferung von digitalen Inhalten, die nicht auf einem k&ouml;rperlichen Datentr&auml;ger geliefert werdenWiderrufsbelehrungVerbraucher ist jede nat&uuml;rliche Person, die ein Rechtsgesch&auml;ft zu Zwecken abschlie&szlig;t, die &uuml;berwiegend weder ihrer gewerblichen noch ihrer...","publisher":[{"@id":"\/#sso\/organization\/site\/org-banner-url"}],"headline":"Widerruf f&uuml;r digitale Inhalte","inLanguage":"hu_HU","datePublished":"2022-09-29T19:04:24+00:00","dateModified":"2022-12-30T13:32:20+00:00","author":{"@id":"\/1910eddecf8c2382c3c32ac00756186a#sso\/person"},"timeRequired":"PT3M","speakable":{"@context":"https:\/\/schema.org","@type":"SpeakableSpecification","cssSelector":[".wp-block-post-title",".speakable"]}},{"@id":"\/#sso\/organization\/site\/org-banner-url","@context":"https:\/\/schema.org","@type":"Organization","url":"https:\/\/followerninja.com\/hu\/","name":"Follower Ninja","description":"Social Media Follower","image":[{"@id":"http:\/\/followerninja.com\/wp-content\/uploads\/2023\/06\/follower-ninja.png#sso\/image-object"}],"logo":{"@id":"http:\/\/followerninja.com\/wp-content\/uploads\/2023\/02\/FOLLOWER-NINJA-TIKTOK-FOLLOWER.png#sso\/image-object"}},{"@id":"http:\/\/followerninja.com\/wp-content\/uploads\/2023\/06\/follower-ninja.png#sso\/image-object","@context":"https:\/\/schema.org","@type":"ImageObject","url":"http:\/\/followerninja.com\/wp-content\/uploads\/2023\/06\/follower-ninja.png","width":[{"@id":"#sso\/qv-width-px-616"}],"height":[{"@id":"#sso\/qv-height-px-282"}]},{"@id":"#sso\/qv-width-px-616","@context":"https:\/\/schema.org","@type":"QuantitativeValue","name":"Width","unitText":"px","unitCode":"E37","value":"616"},{"@id":"#sso\/qv-height-px-282","@context":"https:\/\/schema.org","@type":"QuantitativeValue","name":"Height","unitText":"px","unitCode":"E37","value":"282"},{"@id":"http:\/\/followerninja.com\/wp-content\/uploads\/2023\/02\/FOLLOWER-NINJA-TIKTOK-FOLLOWER.png#sso\/image-object","@context":"https:\/\/schema.org","@type":"ImageObject","url":"http:\/\/followerninja.com\/wp-content\/uploads\/2023\/02\/FOLLOWER-NINJA-TIKTOK-FOLLOWER.png","width":[{"@id":"#sso\/qv-width-px-2400"}],"height":[{"@id":"#sso\/qv-height-px-2074"}]},{"@id":"#sso\/qv-width-px-2400","@context":"https:\/\/schema.org","@type":"QuantitativeValue","name":"Width","unitText":"px","unitCode":"E37","value":"2400"},{"@id":"#sso\/qv-height-px-2074","@context":"https:\/\/schema.org","@type":"QuantitativeValue","name":"Height","unitText":"px","unitCode":"E37","value":"2074"},{"@id":"\/1910eddecf8c2382c3c32ac00756186a#sso\/person","@context":"https:\/\/schema.org","@type":"Person","url":"http:\/\/followerninja.com\/","name":"followerninja","givenName":"Nami","familyName":"Shams","description":"Follower Ninja - Social Media Profis","image":[{"@id":"https:\/\/secure.gravatar.com\/avatar\/51fd3ca1505ce8c9465a64104b9d54df.jpg?d=mp&s=1200#sso\/image-object"}]},{"@id":"https:\/\/secure.gravatar.com\/avatar\/51fd3ca1505ce8c9465a64104b9d54df.jpg?d=mp&s=1200#sso\/image-object","@context":"https:\/\/schema.org","@type":"ImageObject","url":"https:\/\/secure.gravatar.com\/avatar\/51fd3ca1505ce8c9465a64104b9d54df.jpg?d=mp&s=1200","width":[{"@id":"#sso\/qv-width-px-1200"}],"height":[{"@id":"#sso\/qv-height-px-1200"}]},{"@id":"#sso\/qv-width-px-1200","@context":"https:\/\/schema.org","@type":"QuantitativeValue","name":"Width","unitText":"px","unitCode":"E37","value":"1200"},{"@id":"#sso\/qv-height-px-1200","@context":"https:\/\/schema.org","@type":"QuantitativeValue","name":"Height","unitText":"px","unitCode":"E37","value":"1200"},{"@id":"\/visszavonas_digitalis_tartalom-eseten\/#sso\/breadcrumb-list\/42124","@context":"https:\/\/schema.org","@type":"BreadcrumbList","url":"https:\/\/followerninja.com\/hu\/visszavonas_digitalis_tartalom-eseten\/","itemListElement":[{"@context":"https:\/\/schema.org","@type":"ListItem","position":1,"name":"Home","item":"https:\/\/followerninja.com\/hu\/"},{"@context":"https:\/\/schema.org","@type":"ListItem","position":2,"name":"Blog","item":"https:\/\/followerninja.com\/"},{"@context":"https:\/\/schema.org","@type":"ListItem","position":3,"name":"Widerruf f&uuml;r digitale Inhalte","item":"https:\/\/followerninja.com\/hu\/visszavonas_digitalis_tartalom-eseten\/"}]}]}],"parts":[["meta","name","generator","content","WPSSO Core 21.8.0\/L*","generator:1"],["meta","name","generator","content","WPSSO REST 3.3.0\/S","generator:2"],["meta","name","generator","content","WPSSO BC 5.3.0\/S","generator:3"],["meta","name","generator","content","WPSSO SSM 3.4.0\/S","generator:4"],["meta","name","generator","content","WPSSO UM 7.3.0\/S","generator:5"],["link","rel","shortlink","href","https:\/\/followerninja.com\/hu\/?p=42124",""],["meta","property","fb:app_id","content","966242223397117",""],["meta","property","og:time","content","2026-04-07T16:40:26+00:00",""],["meta","property","og:type","content","article",""],["meta","property","og:url","content","https:\/\/followerninja.com\/hu\/visszavonas_digitalis_tartalom-eseten\/",""],["meta","property","og:locale","content","hu_HU",""],["meta","property","og:site_name","content","Follower Ninja",""],["meta","property","og:title","content","Widerruf f&uuml;r digitale Inhalte",""],["meta","property","og:description","content","Widerrufsbelehrung f&uuml;r einen Vertrag &uuml;ber die Lieferung von digitalen Inhalten, die nicht auf einem k&ouml;rperlichen Datentr&auml;ger geliefert werdenWiderrufsbelehrungVerbraucher ist jede nat&uuml;rliche Person, die ein Rechtsgesch&auml;ft zu Zwecken abschlie&szlig;t, die &uuml;berwiegend weder ihrer gewerblichen noch ihrer...",""],["meta","property","og:updated_time","content","2022-12-30T13:32:20+00:00",""],["meta","name","schema:language","content","hu_HU",""],["meta","name","schema:type:id","content","article",""],["meta","name","schema:type:url","content","https:\/\/schema.org\/Article",""],["meta","name","schema:type:context","content","https:\/\/schema.org",""],["meta","name","schema:type:name","content","Article",""],["meta","name","schema:type:path","content","schema.org\/Article",""],["meta","property","article:author:name","content","followerninja",""],["meta","property","article:published_time","content","2022-09-29T19:04:24+00:00",""],["meta","property","article:modified_time","content","2022-12-30T13:32:20+00:00",""],["meta","property","article:reading_mins","content","3",""],["meta","name","twitter:domain","content","followerninja.com",""],["meta","name","twitter:title","content","Widerruf f&uuml;r digitale Inhalte",""],["meta","name","twitter:description","content","Widerrufsbelehrung f&uuml;r einen Vertrag &uuml;ber die Lieferung von digitalen Inhalten, die nicht auf einem k&ouml;rperlichen Datentr&auml;ger geliefert werdenWiderrufsbelehrungVerbraucher ist jede nat&uuml;rliche...",""],["meta","name","twitter:card","content","summary",""],["meta","name","twitter:label1","content","Written by",""],["meta","name","twitter:data1","content","followerninja",""],["meta","name","twitter:label2","content","Est. reading time",""],["meta","name","twitter:data2","content","3 minutes",""],["meta","name","author","content","followerninja",""]]},"_links":{"self":[{"href":"https:\/\/followerninja.com\/hu\/wp-json\/wp\/v2\/pages\/42124","targetHints":{"allow":["GET"]}}],"collection":[{"href":"https:\/\/followerninja.com\/hu\/wp-json\/wp\/v2\/pages"}],"about":[{"href":"https:\/\/followerninja.com\/hu\/wp-json\/wp\/v2\/types\/page"}],"author":[{"embeddable":true,"href":"https:\/\/followerninja.com\/hu\/wp-json\/wp\/v2\/users\/1"}],"replies":[{"embeddable":true,"href":"https:\/\/followerninja.com\/hu\/wp-json\/wp\/v2\/comments?post=42124"}],"version-history":[{"count":0,"href":"https:\/\/followerninja.com\/hu\/wp-json\/wp\/v2\/pages\/42124\/revisions"}],"wp:attachment":[{"href":"https:\/\/followerninja.com\/hu\/wp-json\/wp\/v2\/media?parent=42124"}],"curies":[{"name":"wp","href":"https:\/\/api.w.org\/{rel}","templated":true}]}}