{"id":47362,"date":"2023-02-19T18:47:36","date_gmt":"2023-02-19T17:47:36","guid":{"rendered":"http:\/\/followerninja.com\/?post_type=product&#038;p=47362"},"modified":"2024-10-04T09:26:50","modified_gmt":"2024-10-04T07:26:50","slug":"vasarolni-kanadai-spotify-koevetok","status":"publish","type":"product","link":"https:\/\/followerninja.com\/hu\/spotify\/vasarolni-kanadai-spotify-koevetok\/","title":{"rendered":"Spotify k\u00f6vet\u0151i (Kanada)"},"content":{"rendered":"<h3><strong>\u00a0Kanadai SPOTIFY FOLLOWER V\u00e1s\u00e1rl\u00e1s Kanad\u00e1b\u00f3l<\/strong><\/h3>\n<h3><strong>(A Spotify Kanada legjobb k\u00f6vet\u0151i az eg\u00e9sz piacon)<\/strong><\/h3>\n<p>V\u00e1s\u00e1rl\u00e1s Kanada Spotify Followers - Mi\u00e9rt a Follower Ninja a legjobb hely a val\u00f3di Spotify szolg\u00e1ltat\u00e1sok megv\u00e1s\u00e1rl\u00e1s\u00e1ra?<\/p>\n<p>A Follower Ninja tapasztalt k\u00f6z\u00f6ss\u00e9gi m\u00e9dia marketingeseket foglalkoztat, akik folyamatosan fejl\u0151dnek, hogy az \u00faj trendeket be\u00e9p\u00edts\u00e9k a folyamatokba. Megvan a tapasztalatunk \u00e9s szak\u00e9rtelm\u00fcnk ahhoz, hogy m\u00e1rk\u00e1ja piaci r\u00e9szesed\u00e9s \u00e9s hiteless\u00e9g tekintet\u00e9ben felvegye a versenyt a nagyobb m\u00e1rk\u00e1kkal.<\/p>\n<h3><strong>\u00d6t ok, ami\u00e9rt \u00e9rdemes Spotify k\u00f6vet\u0151ket v\u00e1s\u00e1rolni a Follower Ninja-t\u00f3l<\/strong><\/h3>\n<p>A Spotify ma a vil\u00e1g egyik legnagyobb platformja az \u00faj \u00e9s felt\u00f6rekv\u0151 m\u0171v\u00e9szek sz\u00e1m\u00e1ra. Itt n\u00e9pszer\u0171s\u00edtheted dalaidat \u00e9s albumaidat, \u00faj rajong\u00f3kat szerezhetsz, nagyobb k\u00f6z\u00f6ns\u00e9get \u00e9rhetsz el, \u00e9s n\u00f6velheted n\u00e9pszer\u0171s\u00e9gedet. Csak vedd meg a megfelel\u0151 sz\u00e1m\u00fa Spotify k\u00f6vet\u0151t, \u00e9s megkapod a sz\u00fcks\u00e9ges l\u00f6k\u00e9st!<\/p>\n<h3><strong>V\u00e1s\u00e1rolja Follower Ninja Kanada Spotify Follower<\/strong><\/h3>\n<p><strong>N\u00f6veld rajong\u00f3i b\u00e1zisodat a Spotify-on!<\/strong><br \/>\nManaps\u00e1g a Spotify jeleit, p\u00e9ld\u00e1ul a streameket, a k\u00f6vet\u0151ket \u00e9s a ment\u00e9seket haszn\u00e1lj\u00e1k egy fi\u00f3k vagy el\u0151ad\u00f3 n\u00e9pszer\u0171s\u00e9g\u00e9nek m\u00e9r\u00e9s\u00e9re. Korl\u00e1tozott er\u0151forr\u00e1sokkal rendelkez\u0151 \u00faj m\u0171v\u00e9szk\u00e9nt kih\u00edv\u00e1st jelenthet a rajong\u00f3k megszerz\u00e9se \u00e9s el\u00e9r\u00e9se. A Spotify-k\u00f6vet\u0151k megv\u00e1s\u00e1rl\u00e1s\u00e1val n\u00f6velhet\u0151 egy fi\u00f3k k\u00f6vet\u0151inek sz\u00e1ma. Amikor m\u00e1s emberek felfedezik a fi\u00f3kot vagy a dalt, a nagyobb k\u00f6vet\u0151k l\u00e1tt\u00e1n k\u00edv\u00e1ncsiak lesznek a munk\u00e1dra. \u00cdgy n\u00f6velheti a k\u00f6vet\u0151k sz\u00e1m\u00e1t a n\u00e9pszer\u0171s\u00edteni k\u00edv\u00e1nt dalok \u00e9s albumok sz\u00e1m\u00e1ra.<\/p>\n<p><strong>N\u00e9pszer\u0171nek lenni a zeneiparban a Follower Ninj\u00e1nak k\u00f6sz\u00f6nhet\u0151en<\/strong><br \/>\nH\u00edresnek lenni nem k\u00f6nny\u0171 feladat, k\u00fcl\u00f6n\u00f6sen egy olyan glob\u00e1lis platformon, mint a Spotify. A verseny \u00e9les, hiszen naponta sok \u00faj el\u0151ad\u00f3 adja ki a dalait. Ahhoz, hogy n\u00e9pszer\u0171v\u00e9 \u00e9s h\u00edress\u00e9 v\u00e1lj, rengeteg p\u00e9nzt kell k\u00f6ltened rekl\u00e1mra \u00e9s marketingre. Ha helyette Spotify-k\u00f6vet\u0151ket v\u00e1s\u00e1rolsz, akkor megkaphatod a zeneiparban a sz\u00fcks\u00e9ges figyelmet. V\u00e1lassza megfizethet\u0151 szolg\u00e1ltat\u00e1sainkat \u00e9s booster csomagjainkat, hogy \u00e9szrevegy\u00e9k fi\u00f3kj\u00e1t. Val\u00f3di fi\u00f3kok k\u00f6vet\u0151it adjuk neked, k\u00e9rd\u00e9s n\u00e9lk\u00fcl.<\/p>\n<p><strong>A hiteless\u00e9g n\u00f6vel\u00e9se a Spotify platformon<\/strong><br \/>\nA t\u00f6bb k\u00f6vet\u0151vel rendelkez\u0151 fi\u00f3kokat ma m\u00e1r hitelesebbnek, a m\u00f6g\u00f6tt\u00fck \u00e1ll\u00f3 m\u0171v\u00e9szeket pedig tehets\u00e9gesebbnek tartj\u00e1k. Ezen nem lehet v\u00e1ltoztatni, mert a k\u00f6z\u00f6ss\u00e9gi m\u00e9dia manaps\u00e1g \u00edgy m\u0171k\u00f6dik. T\u00f6bb k\u00f6vet\u0151 egyenl\u0151 nagyobb hiteless\u00e9ggel \u00e9s tehets\u00e9ggel. Ez\u00e9rt \u00e9rdemes arra t\u00f6rekedned, hogy min\u00e9l t\u00f6bb k\u00f6vet\u0151d legyen. De ez nem k\u00f6nny\u0171 feladat, mert t\u00f6bb t\u00e9nyez\u0151 is k\u00f6zrej\u00e1tszik. Itt j\u00f6n a k\u00e9pbe a Follower Ninja. V\u00e1lassza ki a megfelel\u0151 Spotify k\u00f6vet\u0151csomagot, \u00e9s fokozatosan n\u00f6velje a k\u00f6vet\u0151i sz\u00e1m\u00e1t a csepegtet\u0151 m\u00f3dszerrel, hogy ne keltsen k\u00e9rd\u00e9seket a Spotify-felhaszn\u00e1l\u00f3kban.<\/p>\n<p><strong>Jobb lehet\u0151s\u00e9gek megtal\u00e1l\u00e1sa c\u00e9lzott c\u00e9lz\u00e1ssal<\/strong><br \/>\nHa valaki zenei karrierre t\u00f6rekszik, akkor ebben a szakm\u00e1ban akar kiteljesedni. Dalokat \u00e9nekelni, szerepelni, nagyobb kiad\u00f3kkal dolgozni, klipeket k\u00e9sz\u00edteni stb. minden zen\u00e9sz \u00e9s m\u0171v\u00e9sz \u00e1lma. A Spotify nagyszer\u0171 platformot biztos\u00edt mindenkinek, aki el akar indulni valahol. De ahhoz, hogy ezek az \u00e1lmok val\u00f3ra v\u00e1ljanak, a megfelel\u0151 id\u0151ben kell megragadni a megfelel\u0151 lehet\u0151s\u00e9geket. Min\u00e9l t\u00f6bb k\u00f6vet\u0151je van a Spotify-fi\u00f3kodnak, ann\u00e1l val\u00f3sz\u00edn\u0171bb, hogy a zenei producerek \u00e9s kiad\u00f3k felfigyelnek r\u00e1d. Ez\u00e9rt Spotify k\u00f6vet\u0151k v\u00e1s\u00e1rl\u00e1s\u00e1val val\u00f3ra v\u00e1lthatja ezeket az \u00e1lmokat.<\/p>\n<p><strong>N\u00f6velje az organikus forgalmat a Spotify-on<\/strong><br \/>\nAz egyik ok, ami\u00e9rt nagyon hasznos lehet a k\u00f6vet\u0151k sz\u00e1m\u00e1nak n\u00f6vel\u00e9se a k\u00f6z\u00f6ss\u00e9gi m\u00e9di\u00e1ban, az az, hogy a t\u00f6bb k\u00f6vet\u0151 t\u00f6bb l\u00e1togat\u00f3t hoz. Egy t\u00f6bb k\u00f6vet\u0151vel rendelkez\u0151 fi\u00f3k nagyobb figyelmet vonz, \u00e9s el\u0151r\u00e9bb jelenik meg a keres\u00e9si eredm\u00e9nyekben. Ez azt jelenti, hogy t\u00f6bb ember fogja megl\u00e1togatni a fi\u00f3kodat \u00e9s meghallgatni a dalaidat. Ha j\u00f3 dal- \u00e9s m\u0171gy\u0171jtem\u00e9nyed van a profilodon, ezek a l\u00e1togat\u00f3k k\u00f6vet\u0151kk\u00e9 v\u00e1lnak. Egyszer\u0171en v\u00e1s\u00e1roljon Spotify k\u00f6vet\u0151ket a Follower Ninja-t\u00f3l, \u00e9s gener\u00e1ljon t\u00f6bb szerves forgalmat, amely id\u0151vel n\u00f6veli fi\u00f3kja n\u00e9pszer\u0171s\u00e9g\u00e9t.<\/p>\n<p>Spotify k\u00f6vet\u0151k v\u00e1s\u00e1rl\u00e1sa Paypal seg\u00edts\u00e9g\u00e9vel<\/p>\n<p>&nbsp;<\/p>\n<p><strong>Sok weboldal van, ahol k\u00f6z\u00f6ss\u00e9gi m\u00e9dia szolg\u00e1ltat\u00e1sokat v\u00e1s\u00e1rolhat, de mi azt \u00e1ll\u00edtjuk, hogy mi vagyunk a legjobbak! 2017 \u00f3ta seg\u00edt\u00fcnk \u00fcgyfeleinknek k\u00f6z\u00f6ss\u00e9gi m\u00e9dia fi\u00f3kjaik n\u00f6vel\u00e9s\u00e9ben, \u00e9s az\u00f3ta a legt\u00f6bb ember sz\u00e1m\u00e1ra mi lett\u00fcnk a legmegfelel\u0151bb oldal. \u00cdme, mi\u00e9rt \u00e9rdemes t\u0151l\u00fcnk szolg\u00e1ltat\u00e1sokat v\u00e1s\u00e1rolnia:<\/strong><\/p>\n<p>Soha nem k\u00e9rj\u00fck el a jelszav\u00e1t vagy fontos adatait. Biztons\u00e1gos k\u00f6rnyezetet \u00e9s jogi szolg\u00e1ltat\u00e1sokat k\u00edn\u00e1lunk. Teh\u00e1t nincs hackel\u00e9s vagy illeg\u00e1lis probl\u00e9ma.<br \/>\nA biztons\u00e1g fontos l\u00e9p\u00e9s a k\u00f6z\u00f6ss\u00e9gi m\u00e9dia fejl\u0151d\u00e9s\u00e9ben. Rendszereink SSL tan\u00fas\u00edtv\u00e1nyokkal m\u0171k\u00f6dnek, \u00edgy minden adatod biztons\u00e1gban van, amikor n\u00e1lunk v\u00e1s\u00e1rolsz.<br \/>\nA Social Media Growth a nap 24 \u00f3r\u00e1j\u00e1ban az \u00d6n rendelkez\u00e9s\u00e9re \u00e1ll. Ha k\u00e9rd\u00e9se van, vagy seg\u00edts\u00e9gre van sz\u00fcks\u00e9ge, b\u00e1rmikor kapcsolatba l\u00e9phet \u00fcgyf\u00e9lszolg\u00e1latunkkal.<br \/>\nOlcs\u00f3 k\u00f6z\u00f6ss\u00e9gi m\u00e9dia szolg\u00e1ltat\u00e1sokat k\u00edn\u00e1lunk. \u00c1raink nagyon kedvez\u0151ek \u00e9s olcs\u00f3bbak, mint b\u00e1rmely m\u00e1s szolg\u00e1ltat\u00f3\u00e9.<br \/>\nA fizet\u00e9si folyamat nagyon egyszer\u0171 \u00e9s biztons\u00e1gos. Szolg\u00e1ltat\u00e1saink\u00e9rt fizethet k\u00e1rty\u00e1val, Payeerrel.<\/p>\n<p>A fenti el\u0151ny\u00f6k minden szolg\u00e1ltat\u00e1sunkra \u00e9rv\u00e9nyesek. Ha a legjobb helyet keresed a k\u00f6z\u00f6ss\u00e9gi m\u00e9dia szolg\u00e1ltat\u00e1sok v\u00e1s\u00e1rl\u00e1s\u00e1hoz, akkor megtal\u00e1ltad!<\/p>","protected":false},"excerpt":{"rendered":"<p>\u27a1\ufe0f Spotify - Profile Followers | Kanada | 0-12 \u00f3ra<br \/>\n\u27a1\ufe0f \u00c9lethosszig tart\u00f3 cseppmentess\u00e9gi garancia<br \/>\n\u27a1\ufe0f Start: 0-24H (a megrendel\u00e9s 24 \u00f3r\u00e1n bel\u00fcl elk\u00e9sz\u00fcl)<br \/>\n\u27a1\ufe0f 1000 naponta Sebess\u00e9g<br \/>\n\u27a1\ufe0f Maximum 40 000-ig<br \/>\n\u27a1\ufe0f Javasolt id\u0151: Min-1000 per alkalom<br \/>\n\u27a1\ufe0f \u00dajrat\u00f6lt\u00e9s: \u00c9lethosszig tart\u00f3 nem cs\u00f6kken\u0151<br \/>\n\u27a1\ufe0f Nyilv\u00e1nos profil sz\u00fcks\u00e9ges<\/p>","protected":false},"featured_media":46477,"comment_status":"open","ping_status":"closed","template":"","meta":{"_acf_changed":false},"product_brand":[],"product_cat":[397],"product_tag":[690,691,689],"class_list":{"0":"post-47362","1":"product","2":"type-product","3":"status-publish","4":"has-post-thumbnail","6":"product_cat-spotify","7":"product_tag-spotify","8":"product_tag-spotify-follower","9":"product_tag-spotify-follower-kaufen","11":"first","12":"instock","13":"virtual","14":"purchasable","15":"product-type-simple"},"acf":[],"jetpack_sharing_enabled":true,"head":{"html":["<meta name=\"wpsso-begin\" content=\"wpsso structured data begin\"\/>\n","<!-- generator:1 --><meta name=\"generator\" content=\"WPSSO Core 21.8.0\/L*\"\/>\n","<!-- generator:2 --><meta name=\"generator\" content=\"WPSSO REST 3.3.0\/S\"\/>\n","<!-- generator:3 --><meta name=\"generator\" content=\"WPSSO BC 5.3.0\/S\"\/>\n","<!-- generator:4 --><meta name=\"generator\" content=\"WPSSO SSM 3.4.0\/S\"\/>\n","<!-- generator:5 --><meta name=\"generator\" content=\"WPSSO UM 7.3.0\/S\"\/>\n","<link rel=\"shortlink\" href=\"https:\/\/followerninja.com\/hu\/?p=47362\"\/>\n","<meta property=\"fb:app_id\" content=\"966242223397117\"\/>\n","<meta property=\"og:type\" content=\"product\"\/>\n","<meta property=\"og:url\" content=\"https:\/\/followerninja.com\/hu\/spotify\/vasarolni-kanadai-spotify-koevetok\/\"\/>\n","<meta property=\"og:locale\" content=\"hu_HU\"\/>\n","<meta property=\"og:site_name\" content=\"Follower Ninja\"\/>\n","<meta property=\"og:title\" content=\"Spotify Follower kaufen (Kanada) - Follower Ninja\"\/>\n","<meta property=\"og:description\" content=\"Kanadische Spotify Follower kaufen - Spotify Streams - Spotify Likes - Reichweite \u2713 Qualifizierte Follower - Beste Spotify KANDA Follower auf dem gesamten Markt\"\/>\n","<meta property=\"og:updated_time\" content=\"2024-10-04T07:26:50+00:00\"\/>\n","<meta property=\"product:retailer_item_id\" content=\"47362\"\/>\n","<meta property=\"product:availability\" content=\"in stock\"\/>\n","<meta property=\"product:condition\" content=\"new\"\/>\n","<meta property=\"product:original_price:amount\" content=\"0.00\"\/>\n","<meta property=\"product:original_price:currency\" content=\"EUR\"\/>\n","<meta property=\"product:pretax_price:amount\" content=\"0.00\"\/>\n","<meta property=\"product:pretax_price:currency\" content=\"EUR\"\/>\n","<meta property=\"product:price:amount\" content=\"0.00\"\/>\n","<meta property=\"product:price:currency\" content=\"EUR\"\/>\n","<meta name=\"twitter:domain\" content=\"followerninja.com\"\/>\n","<meta name=\"twitter:title\" content=\"Spotify Follower kaufen (Kanada) - Follower Ninja\"\/>\n","<meta name=\"twitter:description\" content=\"Kanadische Spotify Follower kaufen - Spotify Streams - Spotify Likes - Reichweite \u2713 Qualifizierte Follower - Beste Spotify KANDA Follower auf dem gesamten Markt\"\/>\n","<meta name=\"twitter:card\" content=\"summary\"\/>\n","<meta name=\"twitter:label1\" content=\"Price\"\/>\n","<meta name=\"twitter:data1\" content=\"0.00 EUR\"\/>\n","<meta name=\"twitter:label2\" content=\"Availability\"\/>\n","<meta name=\"twitter:data2\" content=\"In Stock\"\/>\n","<script type=\"application\/ld+json\" id=\"wpsso-schema-graph\">{\n    \"@context\": \"https:\/\/schema.org\",\n    \"@graph\": [\n        {\n            \"@id\": \"\/spotify\/vasarolni-kanadai-spotify-koevetok\/#sso\/product\/47362\",\n            \"@context\": \"https:\/\/schema.org\",\n            \"@type\": \"Product\",\n            \"mainEntityOfPage\": \"https:\/\/followerninja.com\/hu\/spotify\/vasarolni-kanadai-spotify-koevetok\/\",\n            \"url\": \"https:\/\/followerninja.com\/hu\/spotify\/vasarolni-kanadai-spotify-koevetok\/\",\n            \"sameAs\": [\n                \"https:\/\/followerninja.com\/hu\/?p=47362\"\n            ],\n            \"name\": \"Spotify Follower kaufen (Kanada) - Follower Ninja\",\n            \"description\": \"Kanadische Spotify Follower kaufen - Spotify Streams - Spotify Likes - Reichweite \\u2713 Qualifizierte Follower - Beste Spotify KANDA Follower auf dem gesamten Markt\",\n            \"itemCondition\": \"https:\/\/schema.org\/NewCondition\",\n            \"offers\": {\n                \"@context\": \"https:\/\/schema.org\",\n                \"@type\": \"Offer\",\n                \"url\": \"https:\/\/followerninja.com\/hu\/spotify\/vasarolni-kanadai-spotify-koevetok\/\",\n                \"name\": \"Spotify Follower kaufen (Kanada) - Follower Ninja\",\n                \"description\": \"Kanadische Spotify Follower kaufen - Spotify Streams - Spotify Likes - Reichweite \\u2713 Qualifizierte Follower - Beste Spotify KANDA Follower auf dem gesamten Markt\",\n                \"availability\": \"https:\/\/schema.org\/InStock\",\n                \"itemCondition\": \"https:\/\/schema.org\/NewCondition\",\n                \"price\": \"0.00\",\n                \"priceCurrency\": \"EUR\",\n                \"priceValidUntil\": \"2027-04-12T10:16:51+00:00\",\n                \"priceSpecification\": [\n                    {\n                        \"@context\": \"https:\/\/schema.org\",\n                        \"@type\": \"UnitPriceSpecification\",\n                        \"priceType\": \"https:\/\/schema.org\/ListPrice\",\n                        \"price\": \"0.00\",\n                        \"priceCurrency\": \"EUR\",\n                        \"valueAddedTaxIncluded\": false,\n                        \"validThrough\": \"2026-05-12T10:16:51+00:00\"\n                    }\n                ],\n                \"seller\": {\n                    \"@id\": \"\/#sso\/organization\/site\/org-logo-url\"\n                }\n            }\n        },\n        {\n            \"@id\": \"\/#sso\/organization\/site\/org-logo-url\",\n            \"@context\": \"https:\/\/schema.org\",\n            \"@type\": \"Organization\",\n            \"url\": \"https:\/\/followerninja.com\/hu\/\",\n            \"name\": \"Follower Ninja\",\n            \"description\": \"Social Media Follower\",\n            \"image\": [\n                {\n                    \"@id\": \"http:\/\/followerninja.com\/wp-content\/uploads\/2023\/06\/follower-ninja.png#sso\/image-object\"\n                }\n            ],\n            \"logo\": {\n                \"@id\": \"http:\/\/followerninja.com\/wp-content\/uploads\/2023\/06\/follower-ninja.png#sso\/image-object\"\n            }\n        },\n        {\n            \"@id\": \"http:\/\/followerninja.com\/wp-content\/uploads\/2023\/06\/follower-ninja.png#sso\/image-object\",\n            \"@context\": \"https:\/\/schema.org\",\n            \"@type\": \"ImageObject\",\n            \"url\": \"http:\/\/followerninja.com\/wp-content\/uploads\/2023\/06\/follower-ninja.png\",\n            \"width\": [\n                {\n                    \"@id\": \"#sso\/qv-width-px-616\"\n                }\n            ],\n            \"height\": [\n                {\n                    \"@id\": \"#sso\/qv-height-px-282\"\n                }\n            ]\n        },\n        {\n            \"@id\": \"#sso\/qv-width-px-616\",\n            \"@context\": \"https:\/\/schema.org\",\n            \"@type\": \"QuantitativeValue\",\n            \"name\": \"Width\",\n            \"unitText\": \"px\",\n            \"unitCode\": \"E37\",\n            \"value\": \"616\"\n        },\n        {\n            \"@id\": \"#sso\/qv-height-px-282\",\n            \"@context\": \"https:\/\/schema.org\",\n            \"@type\": \"QuantitativeValue\",\n            \"name\": \"Height\",\n            \"unitText\": \"px\",\n            \"unitCode\": \"E37\",\n            \"value\": \"282\"\n        },\n        {\n            \"@id\": \"\/spotify\/vasarolni-kanadai-spotify-koevetok\/#sso\/breadcrumb.list\/spotify\",\n            \"@context\": \"https:\/\/schema.org\",\n            \"@type\": \"BreadcrumbList\",\n            \"url\": \"https:\/\/followerninja.com\/hu\/spotify\/vasarolni-kanadai-spotify-koevetok\/\",\n            \"itemListElement\": [\n                {\n                    \"@context\": \"https:\/\/schema.org\",\n                    \"@type\": \"ListItem\",\n                    \"position\": 1,\n                    \"name\": \"Home\",\n                    \"item\": \"https:\/\/followerninja.com\/hu\/\"\n                },\n                {\n                    \"@context\": \"https:\/\/schema.org\",\n                    \"@type\": \"ListItem\",\n                    \"position\": 2,\n                    \"name\": \"Blog\",\n                    \"item\": \"https:\/\/followerninja.com\/\"\n                },\n                {\n                    \"@context\": \"https:\/\/schema.org\",\n                    \"@type\": \"ListItem\",\n                    \"position\": 3,\n                    \"name\": \"Spotify\",\n                    \"item\": \"https:\/\/followerninja.com\/hu\/spotify\/\"\n                },\n                {\n                    \"@context\": \"https:\/\/schema.org\",\n                    \"@type\": \"ListItem\",\n                    \"position\": 4,\n                    \"name\": \"Spotify Follower kaufen (Kanada) - Follower Ninja\",\n                    \"item\": \"https:\/\/followerninja.com\/hu\/spotify\/vasarolni-kanadai-spotify-koevetok\/\"\n                }\n            ]\n        }\n    ]\n}<\/script>\n","<meta name=\"wpsso-end\" content=\"wpsso structured data end\"\/>\n","<meta name=\"wpsso-cached\" content=\"2026-04-12T10:16:51+00:00 for followerninja.com\"\/>\n"],"json":[{"@context":"https:\/\/schema.org","@graph":[{"@id":"\/spotify\/vasarolni-kanadai-spotify-koevetok\/#sso\/product\/47362","@context":"https:\/\/schema.org","@type":"Product","mainEntityOfPage":"https:\/\/followerninja.com\/hu\/spotify\/vasarolni-kanadai-spotify-koevetok\/","url":"https:\/\/followerninja.com\/hu\/spotify\/vasarolni-kanadai-spotify-koevetok\/","sameAs":["https:\/\/followerninja.com\/hu\/?p=47362"],"name":"Spotify Follower kaufen (Kanada) - Follower Ninja","description":"Kanadische Spotify Follower kaufen - Spotify Streams - Spotify Likes - Reichweite \u2713 Qualifizierte Follower - Beste Spotify KANDA Follower auf dem gesamten Markt","itemCondition":"https:\/\/schema.org\/NewCondition","offers":{"@context":"https:\/\/schema.org","@type":"Offer","url":"https:\/\/followerninja.com\/hu\/spotify\/vasarolni-kanadai-spotify-koevetok\/","name":"Spotify Follower kaufen (Kanada) - Follower Ninja","description":"Kanadische Spotify Follower kaufen - Spotify Streams - Spotify Likes - Reichweite \u2713 Qualifizierte Follower - Beste Spotify KANDA Follower auf dem gesamten Markt","availability":"https:\/\/schema.org\/InStock","itemCondition":"https:\/\/schema.org\/NewCondition","price":"0.00","priceCurrency":"EUR","priceValidUntil":"2027-04-12T10:16:51+00:00","priceSpecification":[{"@context":"https:\/\/schema.org","@type":"UnitPriceSpecification","priceType":"https:\/\/schema.org\/ListPrice","price":"0.00","priceCurrency":"EUR","valueAddedTaxIncluded":false,"validThrough":"2026-05-12T10:16:51+00:00"}],"seller":{"@id":"\/#sso\/organization\/site\/org-logo-url"}}},{"@id":"\/#sso\/organization\/site\/org-logo-url","@context":"https:\/\/schema.org","@type":"Organization","url":"https:\/\/followerninja.com\/hu\/","name":"Follower Ninja","description":"Social Media Follower","image":[{"@id":"http:\/\/followerninja.com\/wp-content\/uploads\/2023\/06\/follower-ninja.png#sso\/image-object"}],"logo":{"@id":"http:\/\/followerninja.com\/wp-content\/uploads\/2023\/06\/follower-ninja.png#sso\/image-object"}},{"@id":"http:\/\/followerninja.com\/wp-content\/uploads\/2023\/06\/follower-ninja.png#sso\/image-object","@context":"https:\/\/schema.org","@type":"ImageObject","url":"http:\/\/followerninja.com\/wp-content\/uploads\/2023\/06\/follower-ninja.png","width":[{"@id":"#sso\/qv-width-px-616"}],"height":[{"@id":"#sso\/qv-height-px-282"}]},{"@id":"#sso\/qv-width-px-616","@context":"https:\/\/schema.org","@type":"QuantitativeValue","name":"Width","unitText":"px","unitCode":"E37","value":"616"},{"@id":"#sso\/qv-height-px-282","@context":"https:\/\/schema.org","@type":"QuantitativeValue","name":"Height","unitText":"px","unitCode":"E37","value":"282"},{"@id":"\/spotify\/vasarolni-kanadai-spotify-koevetok\/#sso\/breadcrumb.list\/spotify","@context":"https:\/\/schema.org","@type":"BreadcrumbList","url":"https:\/\/followerninja.com\/hu\/spotify\/vasarolni-kanadai-spotify-koevetok\/","itemListElement":[{"@context":"https:\/\/schema.org","@type":"ListItem","position":1,"name":"Home","item":"https:\/\/followerninja.com\/hu\/"},{"@context":"https:\/\/schema.org","@type":"ListItem","position":2,"name":"Blog","item":"https:\/\/followerninja.com\/"},{"@context":"https:\/\/schema.org","@type":"ListItem","position":3,"name":"Spotify","item":"https:\/\/followerninja.com\/hu\/spotify\/"},{"@context":"https:\/\/schema.org","@type":"ListItem","position":4,"name":"Spotify Follower kaufen (Kanada) - Follower Ninja","item":"https:\/\/followerninja.com\/hu\/spotify\/vasarolni-kanadai-spotify-koevetok\/"}]}]}],"parts":[["meta","name","generator","content","WPSSO Core 21.8.0\/L*","generator:1"],["meta","name","generator","content","WPSSO REST 3.3.0\/S","generator:2"],["meta","name","generator","content","WPSSO BC 5.3.0\/S","generator:3"],["meta","name","generator","content","WPSSO SSM 3.4.0\/S","generator:4"],["meta","name","generator","content","WPSSO UM 7.3.0\/S","generator:5"],["link","rel","shortlink","href","https:\/\/followerninja.com\/hu\/?p=47362",""],["meta","property","fb:app_id","content","966242223397117",""],["meta","property","og:time","content","2026-04-12T10:16:51+00:00",""],["meta","property","og:type","content","product",""],["meta","property","og:url","content","https:\/\/followerninja.com\/hu\/spotify\/vasarolni-kanadai-spotify-koevetok\/",""],["meta","property","og:locale","content","hu_HU",""],["meta","property","og:site_name","content","Follower Ninja",""],["meta","property","og:title","content","Spotify Follower kaufen (Kanada) - Follower Ninja",""],["meta","property","og:description","content","Kanadische Spotify Follower kaufen - Spotify Streams - Spotify Likes - Reichweite \u2713 Qualifizierte Follower - Beste Spotify KANDA Follower auf dem gesamten Markt",""],["meta","property","og:updated_time","content","2024-10-04T07:26:50+00:00",""],["meta","name","schema:language","content","hu_HU",""],["meta","name","schema:type:id","content","product",""],["meta","name","schema:type:url","content","https:\/\/schema.org\/Product",""],["meta","name","schema:type:context","content","https:\/\/schema.org",""],["meta","name","schema:type:name","content","Product",""],["meta","name","schema:type:path","content","schema.org\/Product",""],["meta","property","product:retailer_item_id","content","47362",""],["meta","property","product:url","content","https:\/\/followerninja.com\/hu\/spotify\/vasarolni-kanadai-spotify-koevetok\/",""],["meta","property","product:title","content","Spotify Follower kaufen (Kanada) - Follower Ninja",""],["meta","property","product:description","content","Kanadische Spotify Follower kaufen - Spotify Streams - Spotify Likes - Reichweite \u2713 Qualifizierte Follower - Beste Spotify KANDA Follower auf dem gesamten Markt",""],["meta","property","product:updated_time","content","2024-10-04T07:26:50+00:00",""],["meta","property","product:availability","content","in stock",""],["meta","property","product:retailer_category","content","Spotify",""],["meta","property","product:condition","content","new",""],["meta","property","product:is_virtual","content","true",""],["meta","property","product:min_advert_price:amount","content","0.00",""],["meta","property","product:min_advert_price:currency","content","EUR",""],["meta","property","product:original_price:type","content","https:\/\/schema.org\/ListPrice",""],["meta","property","product:original_price:amount","content","0.00",""],["meta","property","product:original_price:currency","content","EUR",""],["meta","property","product:pretax_price:amount","content","0.00",""],["meta","property","product:pretax_price:currency","content","EUR",""],["meta","property","product:price:type","content","https:\/\/schema.org\/ListPrice",""],["meta","property","product:price:amount","content","0.00",""],["meta","property","product:price:currency","content","EUR",""],["meta","property","product:price:vat_included","content","false",""],["meta","property","article:author:name","content","followerninja",""],["meta","property","article:reading_mins","content","4",""],["meta","name","twitter:domain","content","followerninja.com",""],["meta","name","twitter:title","content","Spotify Follower kaufen (Kanada) - Follower Ninja",""],["meta","name","twitter:description","content","Kanadische Spotify Follower kaufen - Spotify Streams - Spotify Likes - Reichweite \u2713 Qualifizierte Follower - Beste Spotify KANDA Follower auf dem gesamten Markt",""],["meta","name","twitter:card","content","summary",""],["meta","name","twitter:label1","content","Price",""],["meta","name","twitter:data1","content","0.00 EUR",""],["meta","name","twitter:label2","content","Availability",""],["meta","name","twitter:data2","content","In Stock",""]]},"_links":{"self":[{"href":"https:\/\/followerninja.com\/hu\/wp-json\/wp\/v2\/product\/47362","targetHints":{"allow":["GET"]}}],"collection":[{"href":"https:\/\/followerninja.com\/hu\/wp-json\/wp\/v2\/product"}],"about":[{"href":"https:\/\/followerninja.com\/hu\/wp-json\/wp\/v2\/types\/product"}],"replies":[{"embeddable":true,"href":"https:\/\/followerninja.com\/hu\/wp-json\/wp\/v2\/comments?post=47362"}],"wp:featuredmedia":[{"embeddable":true,"href":"https:\/\/followerninja.com\/hu\/wp-json\/wp\/v2\/media\/46477"}],"wp:attachment":[{"href":"https:\/\/followerninja.com\/hu\/wp-json\/wp\/v2\/media?parent=47362"}],"wp:term":[{"taxonomy":"product_brand","embeddable":true,"href":"https:\/\/followerninja.com\/hu\/wp-json\/wp\/v2\/product_brand?post=47362"},{"taxonomy":"product_cat","embeddable":true,"href":"https:\/\/followerninja.com\/hu\/wp-json\/wp\/v2\/product_cat?post=47362"},{"taxonomy":"product_tag","embeddable":true,"href":"https:\/\/followerninja.com\/hu\/wp-json\/wp\/v2\/product_tag?post=47362"}],"curies":[{"name":"wp","href":"https:\/\/api.w.org\/{rel}","templated":true}]}}