{"id":47480,"date":"2023-02-28T12:54:10","date_gmt":"2023-02-28T11:54:10","guid":{"rendered":"http:\/\/followerninja.com\/?post_type=product&#038;p=47480"},"modified":"2024-10-04T09:26:47","modified_gmt":"2024-10-04T07:26:47","slug":"linkedin-vallalati-oldal-koevetoi","status":"publish","type":"product","link":"https:\/\/followerninja.com\/hu\/linkedin\/linkedin-vallalati-oldal-koevetoi\/","title":{"rendered":"LinkedIn C\u00e9ges oldal k\u00f6vet\u0151i"},"content":{"rendered":"<h3><strong>LinkedIn C\u00e9ges oldal k\u00f6vet\u0151i<\/strong><\/h3>\n<p><strong>V\u00e1s\u00e1roljon LinkedIn k\u00f6vet\u0151ket \u00fczleti oldalra - Mi\u00e9rt a Follower Ninja a legjobb oldal a val\u00f3di LinkedIn szolg\u00e1ltat\u00e1sok megv\u00e1s\u00e1rl\u00e1s\u00e1ra?<\/strong><\/p>\n<p>A Follower Ninja tapasztalt k\u00f6z\u00f6ss\u00e9gi m\u00e9dia marketingeseket foglalkoztat, akik folyamatosan fejl\u0151dnek, hogy az \u00faj trendeket be\u00e9p\u00edts\u00e9k a folyamatokba. Megvan a tapasztalatunk \u00e9s szak\u00e9rtelm\u00fcnk ahhoz, hogy m\u00e1rk\u00e1ja piaci r\u00e9szesed\u00e9s \u00e9s hiteless\u00e9g tekintet\u00e9ben felvegye a versenyt a nagyobb m\u00e1rk\u00e1kkal.<\/p>\n<p>Sok weboldal van, ahol k\u00f6z\u00f6ss\u00e9gi m\u00e9dia szolg\u00e1ltat\u00e1sokat v\u00e1s\u00e1rolhat, de mi azt \u00e1ll\u00edtjuk, hogy mi vagyunk a legjobbak! 2017 \u00f3ta seg\u00edt\u00fcnk \u00fcgyfeleinknek k\u00f6z\u00f6ss\u00e9gi m\u00e9dia fi\u00f3kjaik b\u0151v\u00edt\u00e9s\u00e9ben, \u00e9s az\u00f3ta a legt\u00f6bb ember sz\u00e1m\u00e1ra mi lett\u00fcnk az els\u0151 sz\u00e1m\u00fa c\u00e9lpont.<\/p>\n<p><strong>Tov\u00e1bbi inform\u00e1ci\u00f3k a LinkedIn c\u00e9ges oldal k\u00f6vet\u0151ir\u0151l<\/strong><\/p>\n<p>Lehet, hogy a LinkedIn egy szakmai k\u00f6rnyezet, de mint minden k\u00f6z\u00f6ss\u00e9gi platform, ez is az \u00f6nkifejez\u00e9sr\u0151l sz\u00f3l. Az emberek \u00e9s a v\u00e1llalatok a legjobb oldalukat szeretn\u00e9k megmutatni, ez\u00e9rt egyes felhaszn\u00e1l\u00f3k \"professzion\u00e1lis Facebook\"-k\u00e9nt vagy Facebook for Business-k\u00e9nt emlegetik. A LinkedIn egy sz\u00e9les k\u00f6rben haszn\u00e1lt \u00fczleti \u00e9s szakmai k\u00f6z\u00f6ss\u00e9gi platform; sok felhaszn\u00e1l\u00f3 vagy oldal nagyon hasonl\u00f3an n\u00e9z ki. Ez\u00e9rt sz\u00fcks\u00e9g van valamire, amivel kit\u0171nhet a t\u00f6megb\u0151l. Az egyik legjobb m\u00f3dja annak, hogy a Linkedin \u00fczleti oldal\u00e1t kiemelje, a k\u00f6vet\u0151k sz\u00e1ma.<\/p>\n<p>A Linkedin k\u00f6vet\u0151inek megszerz\u00e9se az \u00fczleti oldal tulajdonosai sz\u00e1m\u00e1ra fontos, de sok id\u0151t vehet ig\u00e9nybe. Ha \u00faj oldala van, \u00e9s nincs sok ideje az oldal n\u00e9pszer\u0171s\u00edt\u00e9s\u00e9re, akkor v\u00e1s\u00e1rolhat k\u00f6vet\u0151ket a LinkedIn oldal\u00e1hoz. Sokan csod\u00e1lkoznak, hogy ez lehets\u00e9ges. Lehets\u00e9ges LinkedIn k\u00f6vet\u0151ket v\u00e1s\u00e1rolni. A Follower Ninja eszk\u00f6z\u00e9nek k\u00f6sz\u00f6nhet\u0151en, amellyel Linkedin k\u00f6vet\u0151ket v\u00e1s\u00e1rolhat Linkedin \u00fczleti oldal\u00e1hoz, nem kell sok\u00e1ig v\u00e1rnia, hogy jav\u00edtsa oldal\u00e1t. Ne agg\u00f3djon a jogi k\u00e9rd\u00e9sek miatt. Ezek a k\u00f6vet\u0151k nem botok vagy csal\u00f3k. \u0150k akt\u00edv LinkedIn felhaszn\u00e1l\u00f3k. A LinkedIn nem hib\u00e1ztathatja \u00d6nt az\u00e9rt, hogy ennyi k\u00f6vet\u0151je van, mert nincs r\u00e1hat\u00e1sa, hogy ki k\u00f6veti az oldal\u00e1t. Nem v\u00e1rhat\u00f3 el, hogy te magad n\u00f6veld a k\u00f6vet\u0151k sz\u00e1m\u00e1t. Mi megk\u00f6nny\u00edtj\u00fck ezt az \u00d6n sz\u00e1m\u00e1ra. N\u00f6velje a k\u00f6vet\u0151i sz\u00e1m\u00e1t k\u00f6nnyed\u00e9n a Follower Ninja seg\u00edts\u00e9g\u00e9vel.<\/p>\n<p><img fetchpriority=\"high\" decoding=\"async\" class=\"alignnone size-medium wp-image-47387\" src=\"http:\/\/followerninja.com\/wp-content\/uploads\/2022\/11\/follower-400x400.jpg\" alt=\"k\u00f6vet\u0151 ninja\" width=\"400\" height=\"400\" data-wp-pid=\"47387\" title=\"\" srcset=\"https:\/\/followerninja.com\/wp-content\/uploads\/2022\/11\/follower-400x400.jpg 400w, https:\/\/followerninja.com\/wp-content\/uploads\/2022\/11\/follower-1200x1200-cropped.jpg 1200w, https:\/\/followerninja.com\/wp-content\/uploads\/2022\/11\/follower-scaled-100x100.jpg 100w, https:\/\/followerninja.com\/wp-content\/uploads\/2022\/11\/follower-800x800.jpg 800w, https:\/\/followerninja.com\/wp-content\/uploads\/2022\/11\/follower-280x280.jpg 280w, https:\/\/followerninja.com\/wp-content\/uploads\/2022\/11\/follower-768x768.jpg 768w, https:\/\/followerninja.com\/wp-content\/uploads\/2022\/11\/follower-1536x1536.jpg 1536w, https:\/\/followerninja.com\/wp-content\/uploads\/2022\/11\/follower-12x12.jpg 12w, https:\/\/followerninja.com\/wp-content\/uploads\/2022\/11\/follower-1320x1320.jpg 1320w, https:\/\/followerninja.com\/wp-content\/uploads\/2022\/11\/follower-scaled.jpg 1920w\" sizes=\"(max-width: 400px) 100vw, 400px\" \/><\/p>\n<p>&nbsp;<\/p>\n<p><strong>\u00cdme, mi\u00e9rt \u00e9rdemes t\u0151l\u00fcnk szolg\u00e1ltat\u00e1sokat v\u00e1s\u00e1rolnia:<\/strong><\/p>\n<p>Soha nem k\u00e9rj\u00fck el a jelszav\u00e1t vagy fontos adatait. Biztons\u00e1gos k\u00f6rnyezetet \u00e9s jogi szolg\u00e1ltat\u00e1sokat k\u00edn\u00e1lunk. Teh\u00e1t nincs hackel\u00e9s vagy illeg\u00e1lis probl\u00e9ma.<br \/>\nA biztons\u00e1g fontos l\u00e9p\u00e9s a k\u00f6z\u00f6ss\u00e9gi m\u00e9dia fejl\u0151d\u00e9s\u00e9ben. Rendszereink SSL tan\u00fas\u00edtv\u00e1nyokkal m\u0171k\u00f6dnek, \u00edgy minden adatod biztons\u00e1gban van, amikor n\u00e1lunk v\u00e1s\u00e1rolsz.<br \/>\nA Social Media Growth a nap 24 \u00f3r\u00e1j\u00e1ban az \u00d6n rendelkez\u00e9s\u00e9re \u00e1ll. Ha k\u00e9rd\u00e9se van, vagy seg\u00edts\u00e9gre van sz\u00fcks\u00e9ge, b\u00e1rmikor kapcsolatba l\u00e9phet \u00fcgyf\u00e9lszolg\u00e1latunkkal.<br \/>\nOlcs\u00f3 k\u00f6z\u00f6ss\u00e9gi m\u00e9dia szolg\u00e1ltat\u00e1sokat k\u00edn\u00e1lunk. \u00c1raink nagyon kedvez\u0151ek \u00e9s olcs\u00f3bbak, mint b\u00e1rmely m\u00e1s szolg\u00e1ltat\u00f3\u00e9.<br \/>\nA fizet\u00e9si folyamat nagyon egyszer\u0171 \u00e9s biztons\u00e1gos. Szolg\u00e1ltat\u00e1saink\u00e9rt fizethet k\u00e1rty\u00e1val, Payeerrel.<\/p>\n<p>A fenti el\u0151ny\u00f6k minden szolg\u00e1ltat\u00e1sunkra \u00e9rv\u00e9nyesek. Ha a legjobb helyet keresed a k\u00f6z\u00f6ss\u00e9gi m\u00e9dia szolg\u00e1ltat\u00e1sok v\u00e1s\u00e1rl\u00e1s\u00e1hoz, akkor megtal\u00e1ltad!<\/p>","protected":false},"excerpt":{"rendered":"<p>\u27a1\ufe0f LinkedIn - Profilk\u00f6vet\u0151k | USA\/UK | 0-12 \u00f3ra<br \/>\n\u27a1\ufe0f \u00c9lethosszig tart\u00f3 cseppmentess\u00e9gi garancia<br \/>\n\u27a1\ufe0f Start: 0-24H (a megrendel\u00e9s 24 \u00f3r\u00e1n bel\u00fcl elk\u00e9sz\u00fcl)<br \/>\n\u27a1\ufe0f 300 nap Sebess\u00e9g<br \/>\n\u27a1\ufe0f Legfeljebb 300<br \/>\n\u27a1\ufe0f Javasolt id\u0151: Min. 300 alkalommal<br \/>\n\u27a1\ufe0f \u00dajrat\u00f6lt\u00e9s: \u00c9lethosszig tart\u00f3 nem cs\u00f6kken\u0151<br \/>\n\u27a1\ufe0f Nyilv\u00e1nos Linkedin c\u00e9gprofil sz\u00fcks\u00e9ges<\/p>","protected":false},"featured_media":46511,"comment_status":"open","ping_status":"closed","template":"","meta":{"_acf_changed":false},"product_brand":[],"product_cat":[393],"product_tag":[394],"class_list":{"0":"post-47480","1":"product","2":"type-product","3":"status-publish","4":"has-post-thumbnail","6":"product_cat-linkedin","7":"product_tag-linkedin-follower","9":"first","10":"instock","11":"virtual","12":"purchasable","13":"product-type-simple"},"acf":[],"jetpack_sharing_enabled":true,"head":{"html":["<meta name=\"wpsso-begin\" content=\"wpsso structured data begin\"\/>\n","<!-- generator:1 --><meta name=\"generator\" content=\"WPSSO Core 21.8.0\/L*\"\/>\n","<!-- generator:2 --><meta name=\"generator\" content=\"WPSSO REST 3.3.0\/S\"\/>\n","<!-- generator:3 --><meta name=\"generator\" content=\"WPSSO BC 5.3.0\/S\"\/>\n","<!-- generator:4 --><meta name=\"generator\" content=\"WPSSO SSM 3.4.0\/S\"\/>\n","<!-- generator:5 --><meta name=\"generator\" content=\"WPSSO UM 7.3.0\/S\"\/>\n","<link rel=\"shortlink\" href=\"https:\/\/followerninja.com\/hu\/?p=47480\"\/>\n","<meta property=\"fb:app_id\" content=\"966242223397117\"\/>\n","<meta property=\"og:type\" content=\"product\"\/>\n","<meta property=\"og:url\" content=\"https:\/\/followerninja.com\/hu\/linkedin\/linkedin-vallalati-oldal-koevetoi\/\"\/>\n","<meta property=\"og:locale\" content=\"hu_HU\"\/>\n","<meta property=\"og:site_name\" content=\"Follower Ninja\"\/>\n","<meta property=\"og:title\" content=\"LinkedIn Unternehmensseite Follower kaufen - Follower Ninja\"\/>\n","<meta property=\"og:description\" content=\"LinkedIn Unternehmensseite Follower kaufen - TikTok - Instagram - YouTube Reichweite \u2713 Qualifizierte Follower - Views f&uuml;r dein Social Media - Follower Ninja\"\/>\n","<meta property=\"og:updated_time\" content=\"2024-10-04T07:26:47+00:00\"\/>\n","<meta property=\"product:retailer_item_id\" content=\"47480\"\/>\n","<meta property=\"product:availability\" content=\"in stock\"\/>\n","<meta property=\"product:condition\" content=\"new\"\/>\n","<meta property=\"product:original_price:amount\" content=\"0.00\"\/>\n","<meta property=\"product:original_price:currency\" content=\"EUR\"\/>\n","<meta property=\"product:pretax_price:amount\" content=\"0.00\"\/>\n","<meta property=\"product:pretax_price:currency\" content=\"EUR\"\/>\n","<meta property=\"product:price:amount\" content=\"0.00\"\/>\n","<meta property=\"product:price:currency\" content=\"EUR\"\/>\n","<meta name=\"twitter:domain\" content=\"followerninja.com\"\/>\n","<meta name=\"twitter:title\" content=\"LinkedIn Unternehmensseite Follower kaufen - Follower Ninja\"\/>\n","<meta name=\"twitter:description\" content=\"LinkedIn Unternehmensseite Follower kaufen - TikTok - Instagram - YouTube Reichweite \u2713 Qualifizierte Follower - Views f&uuml;r dein Social Media - Follower Ninja\"\/>\n","<meta name=\"twitter:card\" content=\"summary\"\/>\n","<meta name=\"twitter:label1\" content=\"Price\"\/>\n","<meta name=\"twitter:data1\" content=\"0.00 EUR\"\/>\n","<meta name=\"twitter:label2\" content=\"Availability\"\/>\n","<meta name=\"twitter:data2\" content=\"In Stock\"\/>\n","<script type=\"application\/ld+json\" id=\"wpsso-schema-graph\">{\n    \"@context\": \"https:\/\/schema.org\",\n    \"@graph\": [\n        {\n            \"@id\": \"\/linkedin\/linkedin-vallalati-oldal-koevetoi\/#sso\/product\/47480\",\n            \"@context\": \"https:\/\/schema.org\",\n            \"@type\": \"Product\",\n            \"mainEntityOfPage\": \"https:\/\/followerninja.com\/hu\/linkedin\/linkedin-vallalati-oldal-koevetoi\/\",\n            \"url\": \"https:\/\/followerninja.com\/hu\/linkedin\/linkedin-vallalati-oldal-koevetoi\/\",\n            \"sameAs\": [\n                \"https:\/\/followerninja.com\/hu\/?p=47480\"\n            ],\n            \"name\": \"LinkedIn Unternehmensseite Follower kaufen - Follower Ninja\",\n            \"description\": \"LinkedIn Unternehmensseite Follower kaufen - TikTok - Instagram - YouTube Reichweite \\u2713 Qualifizierte Follower - Views f&uuml;r dein Social Media - Follower Ninja\",\n            \"itemCondition\": \"https:\/\/schema.org\/NewCondition\",\n            \"offers\": {\n                \"@context\": \"https:\/\/schema.org\",\n                \"@type\": \"Offer\",\n                \"url\": \"https:\/\/followerninja.com\/hu\/linkedin\/linkedin-vallalati-oldal-koevetoi\/\",\n                \"name\": \"LinkedIn Unternehmensseite Follower kaufen - Follower Ninja\",\n                \"description\": \"LinkedIn Unternehmensseite Follower kaufen - TikTok - Instagram - YouTube Reichweite \\u2713 Qualifizierte Follower - Views f&uuml;r dein Social Media - Follower Ninja\",\n                \"availability\": \"https:\/\/schema.org\/InStock\",\n                \"itemCondition\": \"https:\/\/schema.org\/NewCondition\",\n                \"price\": \"0.00\",\n                \"priceCurrency\": \"EUR\",\n                \"priceValidUntil\": \"2027-04-27T15:25:44+00:00\",\n                \"priceSpecification\": [\n                    {\n                        \"@context\": \"https:\/\/schema.org\",\n                        \"@type\": \"UnitPriceSpecification\",\n                        \"priceType\": \"https:\/\/schema.org\/ListPrice\",\n                        \"price\": \"0.00\",\n                        \"priceCurrency\": \"EUR\",\n                        \"valueAddedTaxIncluded\": false,\n                        \"validThrough\": \"2026-05-27T15:25:44+00:00\"\n                    }\n                ],\n                \"seller\": {\n                    \"@id\": \"\/#sso\/organization\/site\/org-logo-url\"\n                }\n            }\n        },\n        {\n            \"@id\": \"\/#sso\/organization\/site\/org-logo-url\",\n            \"@context\": \"https:\/\/schema.org\",\n            \"@type\": \"Organization\",\n            \"url\": \"https:\/\/followerninja.com\/hu\/\",\n            \"name\": \"Follower Ninja\",\n            \"description\": \"Social Media Follower\",\n            \"image\": [\n                {\n                    \"@id\": \"http:\/\/followerninja.com\/wp-content\/uploads\/2023\/06\/follower-ninja.png#sso\/image-object\"\n                }\n            ],\n            \"logo\": {\n                \"@id\": \"http:\/\/followerninja.com\/wp-content\/uploads\/2023\/06\/follower-ninja.png#sso\/image-object\"\n            }\n        },\n        {\n            \"@id\": \"http:\/\/followerninja.com\/wp-content\/uploads\/2023\/06\/follower-ninja.png#sso\/image-object\",\n            \"@context\": \"https:\/\/schema.org\",\n            \"@type\": \"ImageObject\",\n            \"url\": \"http:\/\/followerninja.com\/wp-content\/uploads\/2023\/06\/follower-ninja.png\",\n            \"width\": [\n                {\n                    \"@id\": \"#sso\/qv-width-px-616\"\n                }\n            ],\n            \"height\": [\n                {\n                    \"@id\": \"#sso\/qv-height-px-282\"\n                }\n            ]\n        },\n        {\n            \"@id\": \"#sso\/qv-width-px-616\",\n            \"@context\": \"https:\/\/schema.org\",\n            \"@type\": \"QuantitativeValue\",\n            \"name\": \"Width\",\n            \"unitText\": \"px\",\n            \"unitCode\": \"E37\",\n            \"value\": \"616\"\n        },\n        {\n            \"@id\": \"#sso\/qv-height-px-282\",\n            \"@context\": \"https:\/\/schema.org\",\n            \"@type\": \"QuantitativeValue\",\n            \"name\": \"Height\",\n            \"unitText\": \"px\",\n            \"unitCode\": \"E37\",\n            \"value\": \"282\"\n        },\n        {\n            \"@id\": \"\/linkedin\/linkedin-vallalati-oldal-koevetoi\/#sso\/breadcrumb.list\/linkedin\",\n            \"@context\": \"https:\/\/schema.org\",\n            \"@type\": \"BreadcrumbList\",\n            \"url\": \"https:\/\/followerninja.com\/hu\/linkedin\/linkedin-vallalati-oldal-koevetoi\/\",\n            \"itemListElement\": [\n                {\n                    \"@context\": \"https:\/\/schema.org\",\n                    \"@type\": \"ListItem\",\n                    \"position\": 1,\n                    \"name\": \"Home\",\n                    \"item\": \"https:\/\/followerninja.com\/hu\/\"\n                },\n                {\n                    \"@context\": \"https:\/\/schema.org\",\n                    \"@type\": \"ListItem\",\n                    \"position\": 2,\n                    \"name\": \"Blog\",\n                    \"item\": \"https:\/\/followerninja.com\/\"\n                },\n                {\n                    \"@context\": \"https:\/\/schema.org\",\n                    \"@type\": \"ListItem\",\n                    \"position\": 3,\n                    \"name\": \"Linkedin\",\n                    \"item\": \"https:\/\/followerninja.com\/hu\/linkedin\/\"\n                },\n                {\n                    \"@context\": \"https:\/\/schema.org\",\n                    \"@type\": \"ListItem\",\n                    \"position\": 4,\n                    \"name\": \"LinkedIn Unternehmensseite Follower kaufen - Follower Ninja\",\n                    \"item\": \"https:\/\/followerninja.com\/hu\/linkedin\/linkedin-vallalati-oldal-koevetoi\/\"\n                }\n            ]\n        }\n    ]\n}<\/script>\n","<meta name=\"wpsso-end\" content=\"wpsso structured data end\"\/>\n","<meta name=\"wpsso-cached\" content=\"2026-04-27T15:25:44+00:00 for followerninja.com\"\/>\n"],"json":[{"@context":"https:\/\/schema.org","@graph":[{"@id":"\/linkedin\/linkedin-vallalati-oldal-koevetoi\/#sso\/product\/47480","@context":"https:\/\/schema.org","@type":"Product","mainEntityOfPage":"https:\/\/followerninja.com\/hu\/linkedin\/linkedin-vallalati-oldal-koevetoi\/","url":"https:\/\/followerninja.com\/hu\/linkedin\/linkedin-vallalati-oldal-koevetoi\/","sameAs":["https:\/\/followerninja.com\/hu\/?p=47480"],"name":"LinkedIn Unternehmensseite Follower kaufen - Follower Ninja","description":"LinkedIn Unternehmensseite Follower kaufen - TikTok - Instagram - YouTube Reichweite \u2713 Qualifizierte Follower - Views f&uuml;r dein Social Media - Follower Ninja","itemCondition":"https:\/\/schema.org\/NewCondition","offers":{"@context":"https:\/\/schema.org","@type":"Offer","url":"https:\/\/followerninja.com\/hu\/linkedin\/linkedin-vallalati-oldal-koevetoi\/","name":"LinkedIn Unternehmensseite Follower kaufen - Follower Ninja","description":"LinkedIn Unternehmensseite Follower kaufen - TikTok - Instagram - YouTube Reichweite \u2713 Qualifizierte Follower - Views f&uuml;r dein Social Media - Follower Ninja","availability":"https:\/\/schema.org\/InStock","itemCondition":"https:\/\/schema.org\/NewCondition","price":"0.00","priceCurrency":"EUR","priceValidUntil":"2027-04-27T15:25:44+00:00","priceSpecification":[{"@context":"https:\/\/schema.org","@type":"UnitPriceSpecification","priceType":"https:\/\/schema.org\/ListPrice","price":"0.00","priceCurrency":"EUR","valueAddedTaxIncluded":false,"validThrough":"2026-05-27T15:25:44+00:00"}],"seller":{"@id":"\/#sso\/organization\/site\/org-logo-url"}}},{"@id":"\/#sso\/organization\/site\/org-logo-url","@context":"https:\/\/schema.org","@type":"Organization","url":"https:\/\/followerninja.com\/hu\/","name":"Follower Ninja","description":"Social Media Follower","image":[{"@id":"http:\/\/followerninja.com\/wp-content\/uploads\/2023\/06\/follower-ninja.png#sso\/image-object"}],"logo":{"@id":"http:\/\/followerninja.com\/wp-content\/uploads\/2023\/06\/follower-ninja.png#sso\/image-object"}},{"@id":"http:\/\/followerninja.com\/wp-content\/uploads\/2023\/06\/follower-ninja.png#sso\/image-object","@context":"https:\/\/schema.org","@type":"ImageObject","url":"http:\/\/followerninja.com\/wp-content\/uploads\/2023\/06\/follower-ninja.png","width":[{"@id":"#sso\/qv-width-px-616"}],"height":[{"@id":"#sso\/qv-height-px-282"}]},{"@id":"#sso\/qv-width-px-616","@context":"https:\/\/schema.org","@type":"QuantitativeValue","name":"Width","unitText":"px","unitCode":"E37","value":"616"},{"@id":"#sso\/qv-height-px-282","@context":"https:\/\/schema.org","@type":"QuantitativeValue","name":"Height","unitText":"px","unitCode":"E37","value":"282"},{"@id":"\/linkedin\/linkedin-vallalati-oldal-koevetoi\/#sso\/breadcrumb.list\/linkedin","@context":"https:\/\/schema.org","@type":"BreadcrumbList","url":"https:\/\/followerninja.com\/hu\/linkedin\/linkedin-vallalati-oldal-koevetoi\/","itemListElement":[{"@context":"https:\/\/schema.org","@type":"ListItem","position":1,"name":"Home","item":"https:\/\/followerninja.com\/hu\/"},{"@context":"https:\/\/schema.org","@type":"ListItem","position":2,"name":"Blog","item":"https:\/\/followerninja.com\/"},{"@context":"https:\/\/schema.org","@type":"ListItem","position":3,"name":"Linkedin","item":"https:\/\/followerninja.com\/hu\/linkedin\/"},{"@context":"https:\/\/schema.org","@type":"ListItem","position":4,"name":"LinkedIn Unternehmensseite Follower kaufen - Follower Ninja","item":"https:\/\/followerninja.com\/hu\/linkedin\/linkedin-vallalati-oldal-koevetoi\/"}]}]}],"parts":[["meta","name","generator","content","WPSSO Core 21.8.0\/L*","generator:1"],["meta","name","generator","content","WPSSO REST 3.3.0\/S","generator:2"],["meta","name","generator","content","WPSSO BC 5.3.0\/S","generator:3"],["meta","name","generator","content","WPSSO SSM 3.4.0\/S","generator:4"],["meta","name","generator","content","WPSSO UM 7.3.0\/S","generator:5"],["link","rel","shortlink","href","https:\/\/followerninja.com\/hu\/?p=47480",""],["meta","property","fb:app_id","content","966242223397117",""],["meta","property","og:time","content","2026-04-27T15:25:44+00:00",""],["meta","property","og:type","content","product",""],["meta","property","og:url","content","https:\/\/followerninja.com\/hu\/linkedin\/linkedin-vallalati-oldal-koevetoi\/",""],["meta","property","og:locale","content","hu_HU",""],["meta","property","og:site_name","content","Follower Ninja",""],["meta","property","og:title","content","LinkedIn Unternehmensseite Follower kaufen - Follower Ninja",""],["meta","property","og:description","content","LinkedIn Unternehmensseite Follower kaufen - TikTok - Instagram - YouTube Reichweite \u2713 Qualifizierte Follower - Views f&uuml;r dein Social Media - Follower Ninja",""],["meta","property","og:updated_time","content","2024-10-04T07:26:47+00:00",""],["meta","name","schema:language","content","hu_HU",""],["meta","name","schema:type:id","content","product",""],["meta","name","schema:type:url","content","https:\/\/schema.org\/Product",""],["meta","name","schema:type:context","content","https:\/\/schema.org",""],["meta","name","schema:type:name","content","Product",""],["meta","name","schema:type:path","content","schema.org\/Product",""],["meta","property","product:retailer_item_id","content","47480",""],["meta","property","product:url","content","https:\/\/followerninja.com\/hu\/linkedin\/linkedin-vallalati-oldal-koevetoi\/",""],["meta","property","product:title","content","LinkedIn Unternehmensseite Follower kaufen - Follower Ninja",""],["meta","property","product:description","content","LinkedIn Unternehmensseite Follower kaufen - TikTok - Instagram - YouTube Reichweite \u2713 Qualifizierte Follower - Views f&uuml;r dein Social Media - Follower Ninja",""],["meta","property","product:updated_time","content","2024-10-04T07:26:47+00:00",""],["meta","property","product:availability","content","in stock",""],["meta","property","product:retailer_category","content","Linkedin",""],["meta","property","product:condition","content","new",""],["meta","property","product:is_virtual","content","true",""],["meta","property","product:min_advert_price:amount","content","0.00",""],["meta","property","product:min_advert_price:currency","content","EUR",""],["meta","property","product:original_price:type","content","https:\/\/schema.org\/ListPrice",""],["meta","property","product:original_price:amount","content","0.00",""],["meta","property","product:original_price:currency","content","EUR",""],["meta","property","product:pretax_price:amount","content","0.00",""],["meta","property","product:pretax_price:currency","content","EUR",""],["meta","property","product:price:type","content","https:\/\/schema.org\/ListPrice",""],["meta","property","product:price:amount","content","0.00",""],["meta","property","product:price:currency","content","EUR",""],["meta","property","product:price:vat_included","content","false",""],["meta","property","article:author:name","content","followerninja",""],["meta","property","article:reading_mins","content","3",""],["meta","name","twitter:domain","content","followerninja.com",""],["meta","name","twitter:title","content","LinkedIn Unternehmensseite Follower kaufen - Follower Ninja",""],["meta","name","twitter:description","content","LinkedIn Unternehmensseite Follower kaufen - TikTok - Instagram - YouTube Reichweite \u2713 Qualifizierte Follower - Views f&uuml;r dein Social Media - Follower Ninja",""],["meta","name","twitter:card","content","summary",""],["meta","name","twitter:label1","content","Price",""],["meta","name","twitter:data1","content","0.00 EUR",""],["meta","name","twitter:label2","content","Availability",""],["meta","name","twitter:data2","content","In Stock",""]]},"_links":{"self":[{"href":"https:\/\/followerninja.com\/hu\/wp-json\/wp\/v2\/product\/47480","targetHints":{"allow":["GET"]}}],"collection":[{"href":"https:\/\/followerninja.com\/hu\/wp-json\/wp\/v2\/product"}],"about":[{"href":"https:\/\/followerninja.com\/hu\/wp-json\/wp\/v2\/types\/product"}],"replies":[{"embeddable":true,"href":"https:\/\/followerninja.com\/hu\/wp-json\/wp\/v2\/comments?post=47480"}],"wp:featuredmedia":[{"embeddable":true,"href":"https:\/\/followerninja.com\/hu\/wp-json\/wp\/v2\/media\/46511"}],"wp:attachment":[{"href":"https:\/\/followerninja.com\/hu\/wp-json\/wp\/v2\/media?parent=47480"}],"wp:term":[{"taxonomy":"product_brand","embeddable":true,"href":"https:\/\/followerninja.com\/hu\/wp-json\/wp\/v2\/product_brand?post=47480"},{"taxonomy":"product_cat","embeddable":true,"href":"https:\/\/followerninja.com\/hu\/wp-json\/wp\/v2\/product_cat?post=47480"},{"taxonomy":"product_tag","embeddable":true,"href":"https:\/\/followerninja.com\/hu\/wp-json\/wp\/v2\/product_tag?post=47480"}],"curies":[{"name":"wp","href":"https:\/\/api.w.org\/{rel}","templated":true}]}}