{"id":549,"date":"2021-01-30T17:06:05","date_gmt":"2021-01-30T16:06:05","guid":{"rendered":"http:\/\/followerninja.com\/\/?post_type=product&#038;p=549"},"modified":"2024-10-04T09:31:45","modified_gmt":"2024-10-04T07:31:45","slug":"soundcloud-follower","status":"publish","type":"product","link":"https:\/\/followerninja.com\/hu\/soundcloud\/soundcloud-follower\/","title":{"rendered":"Soundcloud k\u00f6vet\u0151k"},"content":{"rendered":"<h3><strong>V\u00c1S\u00c1ROLNI SOUNDCLOUD K\u00d6VET\u0150K<\/strong><\/h3>\n<p><strong>Mi\u00e9rt a Follower Ninja a legjobb hely a val\u00f3di SoundCloud szolg\u00e1ltat\u00e1sok megv\u00e1s\u00e1rl\u00e1s\u00e1ra?<\/strong><br \/>\nA Follower Ninja tapasztalt k\u00f6z\u00f6ss\u00e9gi m\u00e9dia marketingesekkel dolgozik, akik folyamatosan fejl\u0151dnek, hogy az \u00faj trendeket be\u00e9p\u00edts\u00e9k a folyamatokba. Megvan a tapasztalatunk \u00e9s szak\u00e9rtelm\u00fcnk ahhoz, hogy m\u00e1rk\u00e1ja piaci r\u00e9szesed\u00e9s \u00e9s hiteless\u00e9g tekintet\u00e9ben felvegye a versenyt a nagyobb m\u00e1rk\u00e1kkal.<\/p>\n<p>Sok weboldal van, ahol k\u00f6z\u00f6ss\u00e9gi m\u00e9dia szolg\u00e1ltat\u00e1sokat v\u00e1s\u00e1rolhat, de mi azt \u00e1ll\u00edtjuk, hogy mi vagyunk a legjobbak! 2017 \u00f3ta seg\u00edt\u00fcnk \u00fcgyfeleinknek k\u00f6z\u00f6ss\u00e9gi m\u00e9dia fi\u00f3kjaik n\u00f6vel\u00e9s\u00e9ben, \u00e9s az\u00f3ta a legt\u00f6bb ember sz\u00e1m\u00e1ra mi lett\u00fcnk a legmegfelel\u0151bb oldal. \u00cdme, mi\u00e9rt \u00e9rdemes t\u0151l\u00fcnk szolg\u00e1ltat\u00e1sokat v\u00e1s\u00e1rolnia:<\/p>\n<p>Soha nem k\u00e9rj\u00fck el a jelszav\u00e1t vagy fontos adatait. Biztons\u00e1gos k\u00f6rnyezetet \u00e9s jogi szolg\u00e1ltat\u00e1sokat k\u00edn\u00e1lunk. Teh\u00e1t nincs hackel\u00e9s vagy illeg\u00e1lis probl\u00e9ma.<br \/>\nA biztons\u00e1g fontos l\u00e9p\u00e9s a k\u00f6z\u00f6ss\u00e9gi m\u00e9dia fejl\u0151d\u00e9s\u00e9ben. Rendszereink SSL tan\u00fas\u00edtv\u00e1nyokkal m\u0171k\u00f6dnek, \u00edgy minden adatod biztons\u00e1gban van, amikor n\u00e1lunk v\u00e1s\u00e1rolsz.<br \/>\nA Social Media Growth a nap 24 \u00f3r\u00e1j\u00e1ban az \u00d6n rendelkez\u00e9s\u00e9re \u00e1ll. Ha k\u00e9rd\u00e9se van, vagy seg\u00edts\u00e9gre van sz\u00fcks\u00e9ge, b\u00e1rmikor kapcsolatba l\u00e9phet \u00fcgyf\u00e9lszolg\u00e1latunkkal.<br \/>\nOlcs\u00f3 k\u00f6z\u00f6ss\u00e9gi m\u00e9dia szolg\u00e1ltat\u00e1sokat k\u00edn\u00e1lunk. \u00c1raink nagyon kedvez\u0151ek \u00e9s olcs\u00f3bbak, mint b\u00e1rmely m\u00e1s szolg\u00e1ltat\u00f3\u00e9.<br \/>\nA fizet\u00e9si folyamat nagyon egyszer\u0171 \u00e9s biztons\u00e1gos. Szolg\u00e1ltat\u00e1saink\u00e9rt k\u00e1rty\u00e1val \u00e9s Payeerrel is fizethet.<\/p>\n<p>A fenti el\u0151ny\u00f6k minden szolg\u00e1ltat\u00e1sunkra \u00e9rv\u00e9nyesek. Ha a legjobb helyet keresed a k\u00f6z\u00f6ss\u00e9gi m\u00e9dia szolg\u00e1ltat\u00e1sok v\u00e1s\u00e1rl\u00e1s\u00e1hoz, akkor megtal\u00e1ltad!<\/p>","protected":false},"excerpt":{"rendered":"<p><span style=\"font-size: 14.4px;\">\u27a1\ufe0f<\/span> Kezdet: Azonnal - 24 \u00f3ra<br \/>\n<span style=\"font-size: 14.4px;\">\u27a1\ufe0f<\/span> Sebess\u00e9g: 1000\/nap<\/p>","protected":false},"featured_media":46475,"comment_status":"open","ping_status":"closed","template":"","meta":{"_acf_changed":false},"product_brand":[],"product_cat":[88],"product_tag":[214,213],"class_list":{"0":"post-549","1":"product","2":"type-product","3":"status-publish","4":"has-post-thumbnail","6":"product_cat-soundcloud","7":"product_tag-soundcloud-follower","8":"product_tag-soundcloud-likes","10":"first","11":"instock","12":"virtual","13":"purchasable","14":"product-type-simple"},"acf":[],"jetpack_sharing_enabled":true,"head":{"html":["<meta name=\"wpsso-begin\" content=\"wpsso structured data begin\"\/>\n","<!-- generator:1 --><meta name=\"generator\" content=\"WPSSO Core 21.8.0\/L*\"\/>\n","<!-- generator:2 --><meta name=\"generator\" content=\"WPSSO REST 3.3.0\/S\"\/>\n","<!-- generator:3 --><meta name=\"generator\" content=\"WPSSO BC 5.3.0\/S\"\/>\n","<!-- generator:4 --><meta name=\"generator\" content=\"WPSSO SSM 3.4.0\/S\"\/>\n","<!-- generator:5 --><meta name=\"generator\" content=\"WPSSO UM 7.3.0\/S\"\/>\n","<link rel=\"shortlink\" href=\"https:\/\/followerninja.com\/hu\/?p=549\"\/>\n","<meta property=\"fb:app_id\" content=\"966242223397117\"\/>\n","<meta property=\"og:type\" content=\"product\"\/>\n","<meta property=\"og:url\" content=\"https:\/\/followerninja.com\/hu\/soundcloud\/soundcloud-follower\/\"\/>\n","<meta property=\"og:locale\" content=\"hu_HU\"\/>\n","<meta property=\"og:site_name\" content=\"Follower Ninja\"\/>\n","<meta property=\"og:title\" content=\"Soundcloud Follower kaufen - Follower Ninja\"\/>\n","<meta property=\"og:description\" content=\"Follower Ninja Soundcloud Follower kaufen - TikTok - Instagram - YouTube Reichweite \u2713 Qualifizierte Follower - Views f&uuml;r dein Social Media\"\/>\n","<meta property=\"og:updated_time\" content=\"2024-10-04T07:31:45+00:00\"\/>\n","<meta property=\"product:retailer_item_id\" content=\"549\"\/>\n","<meta property=\"product:availability\" content=\"in stock\"\/>\n","<meta property=\"product:condition\" content=\"new\"\/>\n","<meta property=\"product:original_price:amount\" content=\"0.00\"\/>\n","<meta property=\"product:original_price:currency\" content=\"EUR\"\/>\n","<meta property=\"product:pretax_price:amount\" content=\"0.00\"\/>\n","<meta property=\"product:pretax_price:currency\" content=\"EUR\"\/>\n","<meta property=\"product:price:amount\" content=\"0.00\"\/>\n","<meta property=\"product:price:currency\" content=\"EUR\"\/>\n","<meta name=\"twitter:domain\" content=\"followerninja.com\"\/>\n","<meta name=\"twitter:title\" content=\"Soundcloud Follower kaufen - Follower Ninja\"\/>\n","<meta name=\"twitter:description\" content=\"Follower Ninja Soundcloud Follower kaufen - TikTok - Instagram - YouTube Reichweite \u2713 Qualifizierte Follower - Views f&uuml;r dein Social Media\"\/>\n","<meta name=\"twitter:card\" content=\"summary\"\/>\n","<meta name=\"twitter:label1\" content=\"Price\"\/>\n","<meta name=\"twitter:data1\" content=\"0.00 EUR\"\/>\n","<meta name=\"twitter:label2\" content=\"Availability\"\/>\n","<meta name=\"twitter:data2\" content=\"In Stock\"\/>\n","<script type=\"application\/ld+json\" id=\"wpsso-schema-graph\">{\n    \"@context\": \"https:\/\/schema.org\",\n    \"@graph\": [\n        {\n            \"@id\": \"\/soundcloud\/soundcloud-follower\/#sso\/product\/549\",\n            \"@context\": \"https:\/\/schema.org\",\n            \"@type\": \"Product\",\n            \"mainEntityOfPage\": \"https:\/\/followerninja.com\/hu\/soundcloud\/soundcloud-follower\/\",\n            \"url\": \"https:\/\/followerninja.com\/hu\/soundcloud\/soundcloud-follower\/\",\n            \"sameAs\": [\n                \"https:\/\/followerninja.com\/hu\/?p=549\"\n            ],\n            \"name\": \"Soundcloud Follower kaufen - Follower Ninja\",\n            \"description\": \"Follower Ninja Soundcloud Follower kaufen - TikTok - Instagram - YouTube Reichweite \\u2713 Qualifizierte Follower - Views f&uuml;r dein Social Media\",\n            \"itemCondition\": \"https:\/\/schema.org\/NewCondition\",\n            \"offers\": {\n                \"@context\": \"https:\/\/schema.org\",\n                \"@type\": \"Offer\",\n                \"url\": \"https:\/\/followerninja.com\/hu\/soundcloud\/soundcloud-follower\/\",\n                \"name\": \"Soundcloud Follower kaufen - Follower Ninja\",\n                \"description\": \"Follower Ninja Soundcloud Follower kaufen - TikTok - Instagram - YouTube Reichweite \\u2713 Qualifizierte Follower - Views f&uuml;r dein Social Media\",\n                \"availability\": \"https:\/\/schema.org\/InStock\",\n                \"itemCondition\": \"https:\/\/schema.org\/NewCondition\",\n                \"price\": \"0.00\",\n                \"priceCurrency\": \"EUR\",\n                \"priceValidUntil\": \"2027-04-21T14:32:43+00:00\",\n                \"priceSpecification\": [\n                    {\n                        \"@context\": \"https:\/\/schema.org\",\n                        \"@type\": \"UnitPriceSpecification\",\n                        \"priceType\": \"https:\/\/schema.org\/ListPrice\",\n                        \"price\": \"0.00\",\n                        \"priceCurrency\": \"EUR\",\n                        \"valueAddedTaxIncluded\": false,\n                        \"validThrough\": \"2026-05-21T14:32:43+00:00\"\n                    }\n                ],\n                \"seller\": {\n                    \"@id\": \"\/#sso\/organization\/site\/org-logo-url\"\n                }\n            }\n        },\n        {\n            \"@id\": \"\/#sso\/organization\/site\/org-logo-url\",\n            \"@context\": \"https:\/\/schema.org\",\n            \"@type\": \"Organization\",\n            \"url\": \"https:\/\/followerninja.com\/hu\/\",\n            \"name\": \"Follower Ninja\",\n            \"description\": \"Social Media Follower\",\n            \"image\": [\n                {\n                    \"@id\": \"http:\/\/followerninja.com\/wp-content\/uploads\/2023\/06\/follower-ninja.png#sso\/image-object\"\n                }\n            ],\n            \"logo\": {\n                \"@id\": \"http:\/\/followerninja.com\/wp-content\/uploads\/2023\/06\/follower-ninja.png#sso\/image-object\"\n            }\n        },\n        {\n            \"@id\": \"http:\/\/followerninja.com\/wp-content\/uploads\/2023\/06\/follower-ninja.png#sso\/image-object\",\n            \"@context\": \"https:\/\/schema.org\",\n            \"@type\": \"ImageObject\",\n            \"url\": \"http:\/\/followerninja.com\/wp-content\/uploads\/2023\/06\/follower-ninja.png\",\n            \"width\": [\n                {\n                    \"@id\": \"#sso\/qv-width-px-616\"\n                }\n            ],\n            \"height\": [\n                {\n                    \"@id\": \"#sso\/qv-height-px-282\"\n                }\n            ]\n        },\n        {\n            \"@id\": \"#sso\/qv-width-px-616\",\n            \"@context\": \"https:\/\/schema.org\",\n            \"@type\": \"QuantitativeValue\",\n            \"name\": \"Width\",\n            \"unitText\": \"px\",\n            \"unitCode\": \"E37\",\n            \"value\": \"616\"\n        },\n        {\n            \"@id\": \"#sso\/qv-height-px-282\",\n            \"@context\": \"https:\/\/schema.org\",\n            \"@type\": \"QuantitativeValue\",\n            \"name\": \"Height\",\n            \"unitText\": \"px\",\n            \"unitCode\": \"E37\",\n            \"value\": \"282\"\n        },\n        {\n            \"@id\": \"\/soundcloud\/soundcloud-follower\/#sso\/breadcrumb.list\/soundcloud\",\n            \"@context\": \"https:\/\/schema.org\",\n            \"@type\": \"BreadcrumbList\",\n            \"url\": \"https:\/\/followerninja.com\/hu\/soundcloud\/soundcloud-follower\/\",\n            \"itemListElement\": [\n                {\n                    \"@context\": \"https:\/\/schema.org\",\n                    \"@type\": \"ListItem\",\n                    \"position\": 1,\n                    \"name\": \"Home\",\n                    \"item\": \"https:\/\/followerninja.com\/hu\/\"\n                },\n                {\n                    \"@context\": \"https:\/\/schema.org\",\n                    \"@type\": \"ListItem\",\n                    \"position\": 2,\n                    \"name\": \"Blog\",\n                    \"item\": \"https:\/\/followerninja.com\/\"\n                },\n                {\n                    \"@context\": \"https:\/\/schema.org\",\n                    \"@type\": \"ListItem\",\n                    \"position\": 3,\n                    \"name\": \"Soundcloud\",\n                    \"item\": \"https:\/\/followerninja.com\/hu\/soundcloud\/\"\n                },\n                {\n                    \"@context\": \"https:\/\/schema.org\",\n                    \"@type\": \"ListItem\",\n                    \"position\": 4,\n                    \"name\": \"Soundcloud Follower kaufen - Follower Ninja\",\n                    \"item\": \"https:\/\/followerninja.com\/hu\/soundcloud\/soundcloud-follower\/\"\n                }\n            ]\n        }\n    ]\n}<\/script>\n","<meta name=\"wpsso-end\" content=\"wpsso structured data end\"\/>\n","<meta name=\"wpsso-cached\" content=\"2026-04-21T14:32:43+00:00 for followerninja.com\"\/>\n"],"json":[{"@context":"https:\/\/schema.org","@graph":[{"@id":"\/soundcloud\/soundcloud-follower\/#sso\/product\/549","@context":"https:\/\/schema.org","@type":"Product","mainEntityOfPage":"https:\/\/followerninja.com\/hu\/soundcloud\/soundcloud-follower\/","url":"https:\/\/followerninja.com\/hu\/soundcloud\/soundcloud-follower\/","sameAs":["https:\/\/followerninja.com\/hu\/?p=549"],"name":"Soundcloud Follower kaufen - Follower Ninja","description":"Follower Ninja Soundcloud Follower kaufen - TikTok - Instagram - YouTube Reichweite \u2713 Qualifizierte Follower - Views f&uuml;r dein Social Media","itemCondition":"https:\/\/schema.org\/NewCondition","offers":{"@context":"https:\/\/schema.org","@type":"Offer","url":"https:\/\/followerninja.com\/hu\/soundcloud\/soundcloud-follower\/","name":"Soundcloud Follower kaufen - Follower Ninja","description":"Follower Ninja Soundcloud Follower kaufen - TikTok - Instagram - YouTube Reichweite \u2713 Qualifizierte Follower - Views f&uuml;r dein Social Media","availability":"https:\/\/schema.org\/InStock","itemCondition":"https:\/\/schema.org\/NewCondition","price":"0.00","priceCurrency":"EUR","priceValidUntil":"2027-04-21T14:32:43+00:00","priceSpecification":[{"@context":"https:\/\/schema.org","@type":"UnitPriceSpecification","priceType":"https:\/\/schema.org\/ListPrice","price":"0.00","priceCurrency":"EUR","valueAddedTaxIncluded":false,"validThrough":"2026-05-21T14:32:43+00:00"}],"seller":{"@id":"\/#sso\/organization\/site\/org-logo-url"}}},{"@id":"\/#sso\/organization\/site\/org-logo-url","@context":"https:\/\/schema.org","@type":"Organization","url":"https:\/\/followerninja.com\/hu\/","name":"Follower Ninja","description":"Social Media Follower","image":[{"@id":"http:\/\/followerninja.com\/wp-content\/uploads\/2023\/06\/follower-ninja.png#sso\/image-object"}],"logo":{"@id":"http:\/\/followerninja.com\/wp-content\/uploads\/2023\/06\/follower-ninja.png#sso\/image-object"}},{"@id":"http:\/\/followerninja.com\/wp-content\/uploads\/2023\/06\/follower-ninja.png#sso\/image-object","@context":"https:\/\/schema.org","@type":"ImageObject","url":"http:\/\/followerninja.com\/wp-content\/uploads\/2023\/06\/follower-ninja.png","width":[{"@id":"#sso\/qv-width-px-616"}],"height":[{"@id":"#sso\/qv-height-px-282"}]},{"@id":"#sso\/qv-width-px-616","@context":"https:\/\/schema.org","@type":"QuantitativeValue","name":"Width","unitText":"px","unitCode":"E37","value":"616"},{"@id":"#sso\/qv-height-px-282","@context":"https:\/\/schema.org","@type":"QuantitativeValue","name":"Height","unitText":"px","unitCode":"E37","value":"282"},{"@id":"\/soundcloud\/soundcloud-follower\/#sso\/breadcrumb.list\/soundcloud","@context":"https:\/\/schema.org","@type":"BreadcrumbList","url":"https:\/\/followerninja.com\/hu\/soundcloud\/soundcloud-follower\/","itemListElement":[{"@context":"https:\/\/schema.org","@type":"ListItem","position":1,"name":"Home","item":"https:\/\/followerninja.com\/hu\/"},{"@context":"https:\/\/schema.org","@type":"ListItem","position":2,"name":"Blog","item":"https:\/\/followerninja.com\/"},{"@context":"https:\/\/schema.org","@type":"ListItem","position":3,"name":"Soundcloud","item":"https:\/\/followerninja.com\/hu\/soundcloud\/"},{"@context":"https:\/\/schema.org","@type":"ListItem","position":4,"name":"Soundcloud Follower kaufen - Follower Ninja","item":"https:\/\/followerninja.com\/hu\/soundcloud\/soundcloud-follower\/"}]}]}],"parts":[["meta","name","generator","content","WPSSO Core 21.8.0\/L*","generator:1"],["meta","name","generator","content","WPSSO REST 3.3.0\/S","generator:2"],["meta","name","generator","content","WPSSO BC 5.3.0\/S","generator:3"],["meta","name","generator","content","WPSSO SSM 3.4.0\/S","generator:4"],["meta","name","generator","content","WPSSO UM 7.3.0\/S","generator:5"],["link","rel","shortlink","href","https:\/\/followerninja.com\/hu\/?p=549",""],["meta","property","fb:app_id","content","966242223397117",""],["meta","property","og:time","content","2026-04-21T14:32:43+00:00",""],["meta","property","og:type","content","product",""],["meta","property","og:url","content","https:\/\/followerninja.com\/hu\/soundcloud\/soundcloud-follower\/",""],["meta","property","og:locale","content","hu_HU",""],["meta","property","og:site_name","content","Follower Ninja",""],["meta","property","og:title","content","Soundcloud Follower kaufen - Follower Ninja",""],["meta","property","og:description","content","Follower Ninja Soundcloud Follower kaufen - TikTok - Instagram - YouTube Reichweite \u2713 Qualifizierte Follower - Views f&uuml;r dein Social Media",""],["meta","property","og:updated_time","content","2024-10-04T07:31:45+00:00",""],["meta","name","schema:language","content","hu_HU",""],["meta","name","schema:type:id","content","product",""],["meta","name","schema:type:url","content","https:\/\/schema.org\/Product",""],["meta","name","schema:type:context","content","https:\/\/schema.org",""],["meta","name","schema:type:name","content","Product",""],["meta","name","schema:type:path","content","schema.org\/Product",""],["meta","property","product:retailer_item_id","content","549",""],["meta","property","product:url","content","https:\/\/followerninja.com\/hu\/soundcloud\/soundcloud-follower\/",""],["meta","property","product:title","content","Soundcloud Follower kaufen - Follower Ninja",""],["meta","property","product:description","content","Follower Ninja Soundcloud Follower kaufen - TikTok - Instagram - YouTube Reichweite \u2713 Qualifizierte Follower - Views f&uuml;r dein Social Media",""],["meta","property","product:updated_time","content","2024-10-04T07:31:45+00:00",""],["meta","property","product:availability","content","in stock",""],["meta","property","product:retailer_category","content","Soundcloud",""],["meta","property","product:condition","content","new",""],["meta","property","product:is_virtual","content","true",""],["meta","property","product:min_advert_price:amount","content","0.00",""],["meta","property","product:min_advert_price:currency","content","EUR",""],["meta","property","product:original_price:type","content","https:\/\/schema.org\/ListPrice",""],["meta","property","product:original_price:amount","content","0.00",""],["meta","property","product:original_price:currency","content","EUR",""],["meta","property","product:pretax_price:amount","content","0.00",""],["meta","property","product:pretax_price:currency","content","EUR",""],["meta","property","product:price:type","content","https:\/\/schema.org\/ListPrice",""],["meta","property","product:price:amount","content","0.00",""],["meta","property","product:price:currency","content","EUR",""],["meta","property","product:price:vat_included","content","false",""],["meta","property","article:author:name","content","followerninja",""],["meta","property","article:reading_mins","content","1",""],["meta","name","twitter:domain","content","followerninja.com",""],["meta","name","twitter:title","content","Soundcloud Follower kaufen - Follower Ninja",""],["meta","name","twitter:description","content","Follower Ninja Soundcloud Follower kaufen - TikTok - Instagram - YouTube Reichweite \u2713 Qualifizierte Follower - Views f&uuml;r dein Social Media",""],["meta","name","twitter:card","content","summary",""],["meta","name","twitter:label1","content","Price",""],["meta","name","twitter:data1","content","0.00 EUR",""],["meta","name","twitter:label2","content","Availability",""],["meta","name","twitter:data2","content","In Stock",""]]},"_links":{"self":[{"href":"https:\/\/followerninja.com\/hu\/wp-json\/wp\/v2\/product\/549","targetHints":{"allow":["GET"]}}],"collection":[{"href":"https:\/\/followerninja.com\/hu\/wp-json\/wp\/v2\/product"}],"about":[{"href":"https:\/\/followerninja.com\/hu\/wp-json\/wp\/v2\/types\/product"}],"replies":[{"embeddable":true,"href":"https:\/\/followerninja.com\/hu\/wp-json\/wp\/v2\/comments?post=549"}],"wp:featuredmedia":[{"embeddable":true,"href":"https:\/\/followerninja.com\/hu\/wp-json\/wp\/v2\/media\/46475"}],"wp:attachment":[{"href":"https:\/\/followerninja.com\/hu\/wp-json\/wp\/v2\/media?parent=549"}],"wp:term":[{"taxonomy":"product_brand","embeddable":true,"href":"https:\/\/followerninja.com\/hu\/wp-json\/wp\/v2\/product_brand?post=549"},{"taxonomy":"product_cat","embeddable":true,"href":"https:\/\/followerninja.com\/hu\/wp-json\/wp\/v2\/product_cat?post=549"},{"taxonomy":"product_tag","embeddable":true,"href":"https:\/\/followerninja.com\/hu\/wp-json\/wp\/v2\/product_tag?post=549"}],"curies":[{"name":"wp","href":"https:\/\/api.w.org\/{rel}","templated":true}]}}