{"id":47368,"date":"2023-02-19T20:17:29","date_gmt":"2023-02-19T19:17:29","guid":{"rendered":"http:\/\/followerninja.com\/?post_type=product&#038;p=47368"},"modified":"2024-10-04T09:26:49","modified_gmt":"2024-10-04T07:26:49","slug":"acquista-seguaci-spotify-svedesi-2","status":"publish","type":"product","link":"https:\/\/followerninja.com\/it\/spotify\/acquista-seguaci-spotify-svedesi-2\/","title":{"rendered":"Seguaci Spotify (Corea del Sud)"},"content":{"rendered":"<h3><strong>\u00a0Sud Coreano SPOTIFY FOLLOWER ACQUISTA dalla Corea del Sud<\/strong><\/h3>\n<h3><strong>(I migliori seguaci di Spotify in Corea del Sud in tutto il mercato)<\/strong><\/h3>\n<p>Comprare follower Spotify coreani - Perch\u00e9 Follower Ninja \u00e8 il miglior sito per acquistare servizi Spotify reali?<\/p>\n<p>Follower Ninja si avvale di esperti social media marketer che si evolvono costantemente per incorporare le nuove tendenze nei loro processi. Abbiamo l'esperienza e la competenza per garantire che il tuo marchio possa competere con marchi pi\u00f9 grandi in termini di quota di mercato e credibilit\u00e0.<\/p>\n<h3><strong>Cinque motivi per acquistare follower Spotify da Follower Ninja<\/strong><\/h3>\n<p>Spotify \u00e8 una delle pi\u00f9 grandi piattaforme per gli artisti nuovi ed emergenti del mondo. Puoi promuovere le tue canzoni e i tuoi album, ottenere nuovi fan, raggiungere un pubblico pi\u00f9 vasto e aumentare la tua popolarit\u00e0. Basta acquistare il giusto numero di follower Spotify per ottenere la spinta necessaria!<\/p>\n<h3><strong>Acquista Follower Ninja Corea del Sud Spotify Follower<\/strong><\/h3>\n<p><strong>Fai crescere la tua base di fan su Spotify!<\/strong><br \/>\nAl giorno d'oggi, i segnali di Spotify, come gli stream, i follower e i salvataggi, sono utilizzati per misurare la popolarit\u00e0 di un account o di un artista. Per un nuovo artista con risorse limitate, pu\u00f2 essere una sfida ottenere e raggiungere i fan. L'acquisto di follower su Spotify pu\u00f2 aumentare il numero di follower di un account. Quando altre persone scopriranno l'account o la canzone, saranno incuriosite dal tuo lavoro quando vedranno un seguito maggiore. In questo modo puoi aumentare il numero di follower per le canzoni e gli album che vuoi promuovere.<\/p>\n<p><strong>Essere popolare nell'industria musicale grazie a Follower Ninja<\/strong><br \/>\nDiventare famosi non \u00e8 un compito facile, soprattutto su una piattaforma globale come Spotify. La concorrenza \u00e8 agguerrita, con molti nuovi artisti che pubblicano le loro canzoni ogni giorno. Per diventare popolare e famoso, devi spendere molti soldi in pubblicit\u00e0 e marketing. Se invece acquisti follower Spotify, puoi ottenere l'attenzione di cui hai bisogno nell'industria musicale. Scegli i nostri servizi convenienti e i nostri pacchetti di potenziamento per far conoscere il tuo account. Ti diamo follower di account reali, senza fare domande.<\/p>\n<p><strong>Aumentare la credibilit\u00e0 sulla piattaforma Spotify<\/strong><br \/>\nGli account con un maggior numero di follower sono considerati pi\u00f9 credibili e gli artisti dietro di loro pi\u00f9 talentuosi. Non puoi cambiare questa situazione, perch\u00e9 \u00e8 cos\u00ec che funzionano i social media al giorno d'oggi. Pi\u00f9 follower equivalgono a pi\u00f9 credibilit\u00e0 e talento. Ecco perch\u00e9 dovresti cercare di avere il maggior numero di follower possibile. Ma non \u00e8 un compito facile perch\u00e9 ci sono diversi fattori in gioco. \u00c8 qui che entra in gioco Follower Ninja. Scegli il giusto pacchetto di follower Spotify e aumenta gradualmente il numero dei tuoi follower con il metodo a goccia, in modo da non suscitare dubbi tra gli utenti di Spotify.<\/p>\n<p><strong>Trovare migliori opportunit\u00e0 attraverso un targeting specifico<\/strong><br \/>\nQuando qualcuno aspira a una carriera nel mondo della musica, vuole realizzarsi in questa professione. Cantare canzoni, essere presenti in una rubrica, lavorare con grandi etichette, girare video musicali, ecc. sono sogni di ogni musicista e artista. Spotify offre un'ottima piattaforma per tutti coloro che vogliono iniziare. Ma per realizzare questi sogni, devi cogliere le opportunit\u00e0 giuste al momento giusto. Pi\u00f9 follower ha il tuo account Spotify, pi\u00f9 \u00e8 probabile che produttori musicali ed etichette si accorgano di te. Ecco perch\u00e9 puoi realizzare i tuoi sogni acquistando follower Spotify.<\/p>\n<p><strong>Aumenta il traffico organico su Spotify<\/strong><br \/>\nUno dei motivi per cui pu\u00f2 essere molto utile aumentare il numero di follower sui social media \u00e8 che pi\u00f9 follower portano pi\u00f9 visitatori. Un account con pi\u00f9 follower attira maggiormente l'attenzione e appare pi\u00f9 in alto nei risultati di ricerca. Ci\u00f2 significa che pi\u00f9 persone visiteranno il tuo account e ascolteranno le tue canzoni. Se hai una buona collezione di canzoni e opere sul tuo profilo, questi visitatori diventeranno follower. Basta acquistare follower Spotify da Follower Ninja per generare pi\u00f9 traffico organico che aumenter\u00e0 la popolarit\u00e0 del tuo account nel tempo.<\/p>\n<p>Acquista i follower di Spotify con Paypal<\/p>\n<p>&nbsp;<\/p>\n<p><strong>Ci sono molti siti web in cui \u00e8 possibile acquistare servizi di social media, ma noi affermiamo di essere i migliori! Dal 2017 aiutiamo i nostri clienti a far crescere i loro account sui social media e da allora siamo diventati il sito di riferimento per la maggior parte delle persone. Ecco perch\u00e9 dovresti acquistare servizi da noi:<\/strong><\/p>\n<p>Non ti chiediamo mai la tua password o informazioni importanti. Offriamo un ambiente sicuro e servizi legali. Quindi nessun problema di hacking o illegale.<br \/>\nLa sicurezza \u00e8 un passo importante nella crescita dei social media. I nostri sistemi si avvalgono di certificati SSL, quindi tutti i tuoi dati sono al sicuro quando acquisti con noi.<br \/>\nSocial Media Growth \u00e8 a tua disposizione 24 ore su 24, 7 giorni su 7. Se hai domande o bisogno di aiuto, puoi sempre contattare il nostro supporto.<br \/>\nOffriamo servizi di social media a basso costo. I nostri prezzi sono molto ragionevoli e pi\u00f9 convenienti di qualsiasi altro fornitore.<br \/>\nIl processo di pagamento \u00e8 molto semplice e sicuro. Puoi pagare i nostri servizi con carta, Payeer.<\/p>\n<p>I vantaggi di cui sopra si applicano a tutti i nostri servizi. Se stai cercando il posto migliore per acquistare servizi di social media, l'hai trovato!<\/p>\n<p><img fetchpriority=\"high\" decoding=\"async\" class=\"alignnone size-medium wp-image-47372\" src=\"http:\/\/followerninja.com\/wp-content\/uploads\/2022\/12\/spotify-follower-400x400.jpg\" alt=\"seguace di spotify\" width=\"400\" height=\"400\" data-wp-pid=\"47372\" title=\"\" srcset=\"https:\/\/followerninja.com\/wp-content\/uploads\/2022\/12\/spotify-follower-400x400.jpg 400w, https:\/\/followerninja.com\/wp-content\/uploads\/2022\/12\/spotify-follower-1200x1200-cropped.jpg 1200w, https:\/\/followerninja.com\/wp-content\/uploads\/2022\/12\/spotify-follower-scaled-100x100.jpg 100w, https:\/\/followerninja.com\/wp-content\/uploads\/2022\/12\/spotify-follower-800x800.jpg 800w, https:\/\/followerninja.com\/wp-content\/uploads\/2022\/12\/spotify-follower-280x280.jpg 280w, https:\/\/followerninja.com\/wp-content\/uploads\/2022\/12\/spotify-follower-768x768.jpg 768w, https:\/\/followerninja.com\/wp-content\/uploads\/2022\/12\/spotify-follower-1536x1536.jpg 1536w, https:\/\/followerninja.com\/wp-content\/uploads\/2022\/12\/spotify-follower-12x12.jpg 12w, https:\/\/followerninja.com\/wp-content\/uploads\/2022\/12\/spotify-follower-1320x1320.jpg 1320w, https:\/\/followerninja.com\/wp-content\/uploads\/2022\/12\/spotify-follower-scaled.jpg 1920w\" sizes=\"(max-width: 400px) 100vw, 400px\" \/><\/p>","protected":false},"excerpt":{"rendered":"<p>\u27a1\ufe0f Spotify - Profilo Seguaci | Corea del Sud | 0-12 ore<br \/>\n\u27a1\ufe0f Garanzia a vita contro le cadute<br \/>\n\u27a1\ufe0f Inizio: 0-24H (l'ordine sar\u00e0 completato in 24 ore)<br \/>\n\u27a1\ufe0f 1000 al giorno Velocit\u00e0<br \/>\n\u27a1\ufe0f Massimo fino a 40.000<br \/>\n\u27a1\ufe0f Tempo suggerito: Min-1000 per volta<br \/>\n\u27a1\ufe0f Ricarica: Durata della vita senza caduta<br \/>\n\u27a1\ufe0f Profilo pubblico richiesto<\/p>","protected":false},"featured_media":46477,"comment_status":"open","ping_status":"closed","template":"","meta":{"_acf_changed":false},"product_brand":[],"product_cat":[397],"product_tag":[690,691,689],"class_list":{"0":"post-47368","1":"product","2":"type-product","3":"status-publish","4":"has-post-thumbnail","6":"product_cat-spotify","7":"product_tag-spotify","8":"product_tag-spotify-follower","9":"product_tag-spotify-follower-kaufen","11":"first","12":"instock","13":"virtual","14":"purchasable","15":"product-type-simple"},"acf":[],"jetpack_sharing_enabled":true,"head":{"html":["<meta name=\"wpsso-begin\" content=\"wpsso structured data begin\"\/>\n","<!-- generator:1 --><meta name=\"generator\" content=\"WPSSO Core 21.8.0\/L*\"\/>\n","<!-- generator:2 --><meta name=\"generator\" content=\"WPSSO REST 3.3.0\/S\"\/>\n","<!-- generator:3 --><meta name=\"generator\" content=\"WPSSO BC 5.3.0\/S\"\/>\n","<!-- generator:4 --><meta name=\"generator\" content=\"WPSSO SSM 3.4.0\/S\"\/>\n","<!-- generator:5 --><meta name=\"generator\" content=\"WPSSO UM 7.3.0\/S\"\/>\n","<link rel=\"shortlink\" href=\"https:\/\/followerninja.com\/it\/?p=47368\"\/>\n","<meta property=\"fb:app_id\" content=\"966242223397117\"\/>\n","<meta property=\"og:type\" content=\"product\"\/>\n","<meta property=\"og:url\" content=\"https:\/\/followerninja.com\/it\/spotify\/acquista-seguaci-spotify-svedesi-2\/\"\/>\n","<meta property=\"og:locale\" content=\"it_IT\"\/>\n","<meta property=\"og:site_name\" content=\"Follower Ninja\"\/>\n","<meta property=\"og:title\" content=\"Spotify Follower kaufen (S&uuml;d Koreanische) - Follower Ninja\"\/>\n","<meta property=\"og:description\" content=\"S&uuml;d Koreanische Spotify Follower kaufen - Spotify Streams - Spotify Likes - Reichweite \u2713 Qualifizierte Follower - Beste Spotify S&uuml;d Korea Follower aud dem Markt\"\/>\n","<meta property=\"og:updated_time\" content=\"2024-10-04T07:26:49+00:00\"\/>\n","<meta property=\"product:retailer_item_id\" content=\"47368\"\/>\n","<meta property=\"product:availability\" content=\"in stock\"\/>\n","<meta property=\"product:condition\" content=\"new\"\/>\n","<meta property=\"product:original_price:amount\" content=\"0.00\"\/>\n","<meta property=\"product:original_price:currency\" content=\"EUR\"\/>\n","<meta property=\"product:pretax_price:amount\" content=\"0.00\"\/>\n","<meta property=\"product:pretax_price:currency\" content=\"EUR\"\/>\n","<meta property=\"product:price:amount\" content=\"0.00\"\/>\n","<meta property=\"product:price:currency\" content=\"EUR\"\/>\n","<meta name=\"twitter:domain\" content=\"followerninja.com\"\/>\n","<meta name=\"twitter:title\" content=\"Spotify Follower kaufen (S&uuml;d Koreanische) - Follower Ninja\"\/>\n","<meta name=\"twitter:description\" content=\"S&uuml;d Koreanische Spotify Follower kaufen - Spotify Streams - Spotify Likes - Reichweite \u2713 Qualifizierte Follower - Beste Spotify S&uuml;d Korea Follower aud dem Markt\"\/>\n","<meta name=\"twitter:card\" content=\"summary\"\/>\n","<meta name=\"twitter:label1\" content=\"Price\"\/>\n","<meta name=\"twitter:data1\" content=\"0.00 EUR\"\/>\n","<meta name=\"twitter:label2\" content=\"Availability\"\/>\n","<meta name=\"twitter:data2\" content=\"In Stock\"\/>\n","<script type=\"application\/ld+json\" id=\"wpsso-schema-graph\">{\n    \"@context\": \"https:\/\/schema.org\",\n    \"@graph\": [\n        {\n            \"@id\": \"\/spotify\/acquista-seguaci-spotify-svedesi-2\/#sso\/product\/47368\",\n            \"@context\": \"https:\/\/schema.org\",\n            \"@type\": \"Product\",\n            \"mainEntityOfPage\": \"https:\/\/followerninja.com\/it\/spotify\/acquista-seguaci-spotify-svedesi-2\/\",\n            \"url\": \"https:\/\/followerninja.com\/it\/spotify\/acquista-seguaci-spotify-svedesi-2\/\",\n            \"sameAs\": [\n                \"https:\/\/followerninja.com\/it\/?p=47368\"\n            ],\n            \"name\": \"Spotify Follower kaufen (S&uuml;d Koreanische) - Follower Ninja\",\n            \"description\": \"S&uuml;d Koreanische Spotify Follower kaufen - Spotify Streams - Spotify Likes - Reichweite \\u2713 Qualifizierte Follower - Beste Spotify S&uuml;d Korea Follower aud dem Markt\",\n            \"itemCondition\": \"https:\/\/schema.org\/NewCondition\",\n            \"offers\": {\n                \"@context\": \"https:\/\/schema.org\",\n                \"@type\": \"Offer\",\n                \"url\": \"https:\/\/followerninja.com\/it\/spotify\/acquista-seguaci-spotify-svedesi-2\/\",\n                \"name\": \"Spotify Follower kaufen (S&uuml;d Koreanische) - Follower Ninja\",\n                \"description\": \"S&uuml;d Koreanische Spotify Follower kaufen - Spotify Streams - Spotify Likes - Reichweite \\u2713 Qualifizierte Follower - Beste Spotify S&uuml;d Korea Follower aud dem Markt\",\n                \"availability\": \"https:\/\/schema.org\/InStock\",\n                \"itemCondition\": \"https:\/\/schema.org\/NewCondition\",\n                \"price\": \"0.00\",\n                \"priceCurrency\": \"EUR\",\n                \"priceValidUntil\": \"2027-04-23T09:56:15+00:00\",\n                \"priceSpecification\": [\n                    {\n                        \"@context\": \"https:\/\/schema.org\",\n                        \"@type\": \"UnitPriceSpecification\",\n                        \"priceType\": \"https:\/\/schema.org\/ListPrice\",\n                        \"price\": \"0.00\",\n                        \"priceCurrency\": \"EUR\",\n                        \"valueAddedTaxIncluded\": false,\n                        \"validThrough\": \"2026-05-23T09:56:15+00:00\"\n                    }\n                ],\n                \"seller\": {\n                    \"@id\": \"\/#sso\/organization\/site\/org-logo-url\"\n                }\n            }\n        },\n        {\n            \"@id\": \"\/#sso\/organization\/site\/org-logo-url\",\n            \"@context\": \"https:\/\/schema.org\",\n            \"@type\": \"Organization\",\n            \"url\": \"https:\/\/followerninja.com\/it\/\",\n            \"name\": \"Follower Ninja\",\n            \"description\": \"Social Media Follower\",\n            \"image\": [\n                {\n                    \"@id\": \"http:\/\/followerninja.com\/wp-content\/uploads\/2023\/06\/follower-ninja.png#sso\/image-object\"\n                }\n            ],\n            \"logo\": {\n                \"@id\": \"http:\/\/followerninja.com\/wp-content\/uploads\/2023\/06\/follower-ninja.png#sso\/image-object\"\n            }\n        },\n        {\n            \"@id\": \"http:\/\/followerninja.com\/wp-content\/uploads\/2023\/06\/follower-ninja.png#sso\/image-object\",\n            \"@context\": \"https:\/\/schema.org\",\n            \"@type\": \"ImageObject\",\n            \"url\": \"http:\/\/followerninja.com\/wp-content\/uploads\/2023\/06\/follower-ninja.png\",\n            \"width\": [\n                {\n                    \"@id\": \"#sso\/qv-width-px-616\"\n                }\n            ],\n            \"height\": [\n                {\n                    \"@id\": \"#sso\/qv-height-px-282\"\n                }\n            ]\n        },\n        {\n            \"@id\": \"#sso\/qv-width-px-616\",\n            \"@context\": \"https:\/\/schema.org\",\n            \"@type\": \"QuantitativeValue\",\n            \"name\": \"Width\",\n            \"unitText\": \"px\",\n            \"unitCode\": \"E37\",\n            \"value\": \"616\"\n        },\n        {\n            \"@id\": \"#sso\/qv-height-px-282\",\n            \"@context\": \"https:\/\/schema.org\",\n            \"@type\": \"QuantitativeValue\",\n            \"name\": \"Height\",\n            \"unitText\": \"px\",\n            \"unitCode\": \"E37\",\n            \"value\": \"282\"\n        },\n        {\n            \"@id\": \"\/spotify\/acquista-seguaci-spotify-svedesi-2\/#sso\/breadcrumb.list\/spotify\",\n            \"@context\": \"https:\/\/schema.org\",\n            \"@type\": \"BreadcrumbList\",\n            \"url\": \"https:\/\/followerninja.com\/it\/spotify\/acquista-seguaci-spotify-svedesi-2\/\",\n            \"itemListElement\": [\n                {\n                    \"@context\": \"https:\/\/schema.org\",\n                    \"@type\": \"ListItem\",\n                    \"position\": 1,\n                    \"name\": \"Home\",\n                    \"item\": \"https:\/\/followerninja.com\/it\/\"\n                },\n                {\n                    \"@context\": \"https:\/\/schema.org\",\n                    \"@type\": \"ListItem\",\n                    \"position\": 2,\n                    \"name\": \"Blog\",\n                    \"item\": \"https:\/\/followerninja.com\/\"\n                },\n                {\n                    \"@context\": \"https:\/\/schema.org\",\n                    \"@type\": \"ListItem\",\n                    \"position\": 3,\n                    \"name\": \"Spotify\",\n                    \"item\": \"https:\/\/followerninja.com\/it\/spotify\/\"\n                },\n                {\n                    \"@context\": \"https:\/\/schema.org\",\n                    \"@type\": \"ListItem\",\n                    \"position\": 4,\n                    \"name\": \"Spotify Follower kaufen (S&uuml;d Koreanische) - Follower Ninja\",\n                    \"item\": \"https:\/\/followerninja.com\/it\/spotify\/acquista-seguaci-spotify-svedesi-2\/\"\n                }\n            ]\n        }\n    ]\n}<\/script>\n","<meta name=\"wpsso-end\" content=\"wpsso structured data end\"\/>\n","<meta name=\"wpsso-cached\" content=\"2026-04-23T09:56:15+00:00 for followerninja.com\"\/>\n"],"json":[{"@context":"https:\/\/schema.org","@graph":[{"@id":"\/spotify\/acquista-seguaci-spotify-svedesi-2\/#sso\/product\/47368","@context":"https:\/\/schema.org","@type":"Product","mainEntityOfPage":"https:\/\/followerninja.com\/it\/spotify\/acquista-seguaci-spotify-svedesi-2\/","url":"https:\/\/followerninja.com\/it\/spotify\/acquista-seguaci-spotify-svedesi-2\/","sameAs":["https:\/\/followerninja.com\/it\/?p=47368"],"name":"Spotify Follower kaufen (S&uuml;d Koreanische) - Follower Ninja","description":"S&uuml;d Koreanische Spotify Follower kaufen - Spotify Streams - Spotify Likes - Reichweite \u2713 Qualifizierte Follower - Beste Spotify S&uuml;d Korea Follower aud dem Markt","itemCondition":"https:\/\/schema.org\/NewCondition","offers":{"@context":"https:\/\/schema.org","@type":"Offer","url":"https:\/\/followerninja.com\/it\/spotify\/acquista-seguaci-spotify-svedesi-2\/","name":"Spotify Follower kaufen (S&uuml;d Koreanische) - Follower Ninja","description":"S&uuml;d Koreanische Spotify Follower kaufen - Spotify Streams - Spotify Likes - Reichweite \u2713 Qualifizierte Follower - Beste Spotify S&uuml;d Korea Follower aud dem Markt","availability":"https:\/\/schema.org\/InStock","itemCondition":"https:\/\/schema.org\/NewCondition","price":"0.00","priceCurrency":"EUR","priceValidUntil":"2027-04-23T09:56:15+00:00","priceSpecification":[{"@context":"https:\/\/schema.org","@type":"UnitPriceSpecification","priceType":"https:\/\/schema.org\/ListPrice","price":"0.00","priceCurrency":"EUR","valueAddedTaxIncluded":false,"validThrough":"2026-05-23T09:56:15+00:00"}],"seller":{"@id":"\/#sso\/organization\/site\/org-logo-url"}}},{"@id":"\/#sso\/organization\/site\/org-logo-url","@context":"https:\/\/schema.org","@type":"Organization","url":"https:\/\/followerninja.com\/it\/","name":"Follower Ninja","description":"Social Media Follower","image":[{"@id":"http:\/\/followerninja.com\/wp-content\/uploads\/2023\/06\/follower-ninja.png#sso\/image-object"}],"logo":{"@id":"http:\/\/followerninja.com\/wp-content\/uploads\/2023\/06\/follower-ninja.png#sso\/image-object"}},{"@id":"http:\/\/followerninja.com\/wp-content\/uploads\/2023\/06\/follower-ninja.png#sso\/image-object","@context":"https:\/\/schema.org","@type":"ImageObject","url":"http:\/\/followerninja.com\/wp-content\/uploads\/2023\/06\/follower-ninja.png","width":[{"@id":"#sso\/qv-width-px-616"}],"height":[{"@id":"#sso\/qv-height-px-282"}]},{"@id":"#sso\/qv-width-px-616","@context":"https:\/\/schema.org","@type":"QuantitativeValue","name":"Width","unitText":"px","unitCode":"E37","value":"616"},{"@id":"#sso\/qv-height-px-282","@context":"https:\/\/schema.org","@type":"QuantitativeValue","name":"Height","unitText":"px","unitCode":"E37","value":"282"},{"@id":"\/spotify\/acquista-seguaci-spotify-svedesi-2\/#sso\/breadcrumb.list\/spotify","@context":"https:\/\/schema.org","@type":"BreadcrumbList","url":"https:\/\/followerninja.com\/it\/spotify\/acquista-seguaci-spotify-svedesi-2\/","itemListElement":[{"@context":"https:\/\/schema.org","@type":"ListItem","position":1,"name":"Home","item":"https:\/\/followerninja.com\/it\/"},{"@context":"https:\/\/schema.org","@type":"ListItem","position":2,"name":"Blog","item":"https:\/\/followerninja.com\/"},{"@context":"https:\/\/schema.org","@type":"ListItem","position":3,"name":"Spotify","item":"https:\/\/followerninja.com\/it\/spotify\/"},{"@context":"https:\/\/schema.org","@type":"ListItem","position":4,"name":"Spotify Follower kaufen (S&uuml;d Koreanische) - Follower Ninja","item":"https:\/\/followerninja.com\/it\/spotify\/acquista-seguaci-spotify-svedesi-2\/"}]}]}],"parts":[["meta","name","generator","content","WPSSO Core 21.8.0\/L*","generator:1"],["meta","name","generator","content","WPSSO REST 3.3.0\/S","generator:2"],["meta","name","generator","content","WPSSO BC 5.3.0\/S","generator:3"],["meta","name","generator","content","WPSSO SSM 3.4.0\/S","generator:4"],["meta","name","generator","content","WPSSO UM 7.3.0\/S","generator:5"],["link","rel","shortlink","href","https:\/\/followerninja.com\/it\/?p=47368",""],["meta","property","fb:app_id","content","966242223397117",""],["meta","property","og:time","content","2026-04-23T09:56:15+00:00",""],["meta","property","og:type","content","product",""],["meta","property","og:url","content","https:\/\/followerninja.com\/it\/spotify\/acquista-seguaci-spotify-svedesi-2\/",""],["meta","property","og:locale","content","it_IT",""],["meta","property","og:site_name","content","Follower Ninja",""],["meta","property","og:title","content","Spotify Follower kaufen (S&uuml;d Koreanische) - Follower Ninja",""],["meta","property","og:description","content","S&uuml;d Koreanische Spotify Follower kaufen - Spotify Streams - Spotify Likes - Reichweite \u2713 Qualifizierte Follower - Beste Spotify S&uuml;d Korea Follower aud dem Markt",""],["meta","property","og:updated_time","content","2024-10-04T07:26:49+00:00",""],["meta","name","schema:language","content","it_IT",""],["meta","name","schema:type:id","content","product",""],["meta","name","schema:type:url","content","https:\/\/schema.org\/Product",""],["meta","name","schema:type:context","content","https:\/\/schema.org",""],["meta","name","schema:type:name","content","Product",""],["meta","name","schema:type:path","content","schema.org\/Product",""],["meta","property","product:retailer_item_id","content","47368",""],["meta","property","product:url","content","https:\/\/followerninja.com\/it\/spotify\/acquista-seguaci-spotify-svedesi-2\/",""],["meta","property","product:title","content","Spotify Follower kaufen (S&uuml;d Koreanische) - Follower Ninja",""],["meta","property","product:description","content","S&uuml;d Koreanische Spotify Follower kaufen - Spotify Streams - Spotify Likes - Reichweite \u2713 Qualifizierte Follower - Beste Spotify S&uuml;d Korea Follower aud dem Markt",""],["meta","property","product:updated_time","content","2024-10-04T07:26:49+00:00",""],["meta","property","product:availability","content","in stock",""],["meta","property","product:retailer_category","content","Spotify",""],["meta","property","product:condition","content","new",""],["meta","property","product:is_virtual","content","true",""],["meta","property","product:min_advert_price:amount","content","0.00",""],["meta","property","product:min_advert_price:currency","content","EUR",""],["meta","property","product:original_price:type","content","https:\/\/schema.org\/ListPrice",""],["meta","property","product:original_price:amount","content","0.00",""],["meta","property","product:original_price:currency","content","EUR",""],["meta","property","product:pretax_price:amount","content","0.00",""],["meta","property","product:pretax_price:currency","content","EUR",""],["meta","property","product:price:type","content","https:\/\/schema.org\/ListPrice",""],["meta","property","product:price:amount","content","0.00",""],["meta","property","product:price:currency","content","EUR",""],["meta","property","product:price:vat_included","content","false",""],["meta","property","article:author:name","content","followerninja",""],["meta","property","article:reading_mins","content","4",""],["meta","name","twitter:domain","content","followerninja.com",""],["meta","name","twitter:title","content","Spotify Follower kaufen (S&uuml;d Koreanische) - Follower Ninja",""],["meta","name","twitter:description","content","S&uuml;d Koreanische Spotify Follower kaufen - Spotify Streams - Spotify Likes - Reichweite \u2713 Qualifizierte Follower - Beste Spotify S&uuml;d Korea Follower aud dem Markt",""],["meta","name","twitter:card","content","summary",""],["meta","name","twitter:label1","content","Price",""],["meta","name","twitter:data1","content","0.00 EUR",""],["meta","name","twitter:label2","content","Availability",""],["meta","name","twitter:data2","content","In Stock",""]]},"_links":{"self":[{"href":"https:\/\/followerninja.com\/it\/wp-json\/wp\/v2\/product\/47368","targetHints":{"allow":["GET"]}}],"collection":[{"href":"https:\/\/followerninja.com\/it\/wp-json\/wp\/v2\/product"}],"about":[{"href":"https:\/\/followerninja.com\/it\/wp-json\/wp\/v2\/types\/product"}],"replies":[{"embeddable":true,"href":"https:\/\/followerninja.com\/it\/wp-json\/wp\/v2\/comments?post=47368"}],"wp:featuredmedia":[{"embeddable":true,"href":"https:\/\/followerninja.com\/it\/wp-json\/wp\/v2\/media\/46477"}],"wp:attachment":[{"href":"https:\/\/followerninja.com\/it\/wp-json\/wp\/v2\/media?parent=47368"}],"wp:term":[{"taxonomy":"product_brand","embeddable":true,"href":"https:\/\/followerninja.com\/it\/wp-json\/wp\/v2\/product_brand?post=47368"},{"taxonomy":"product_cat","embeddable":true,"href":"https:\/\/followerninja.com\/it\/wp-json\/wp\/v2\/product_cat?post=47368"},{"taxonomy":"product_tag","embeddable":true,"href":"https:\/\/followerninja.com\/it\/wp-json\/wp\/v2\/product_tag?post=47368"}],"curies":[{"name":"wp","href":"https:\/\/api.w.org\/{rel}","templated":true}]}}