{"id":47480,"date":"2023-02-28T12:54:10","date_gmt":"2023-02-28T11:54:10","guid":{"rendered":"http:\/\/followerninja.com\/?post_type=product&#038;p=47480"},"modified":"2024-10-04T09:26:47","modified_gmt":"2024-10-04T07:26:47","slug":"seguaci-della-pagina-aziendale-di-linkedin","status":"publish","type":"product","link":"https:\/\/followerninja.com\/it\/linkedin\/seguaci-della-pagina-aziendale-di-linkedin\/","title":{"rendered":"Seguaci della pagina aziendale di LinkedIn"},"content":{"rendered":"<h3><strong>Seguaci della pagina aziendale di LinkedIn<\/strong><\/h3>\n<p><strong>Acquistare follower LinkedIn per la pagina aziendale - Perch\u00e9 Follower Ninja \u00e8 il miglior sito per acquistare servizi LinkedIn reali?<\/strong><\/p>\n<p>Follower Ninja si avvale di esperti social media marketer che si evolvono costantemente per incorporare le nuove tendenze nei loro processi. Abbiamo l'esperienza e la competenza per garantire che il tuo marchio possa competere con marchi pi\u00f9 grandi in termini di quota di mercato e credibilit\u00e0.<\/p>\n<p>Esistono molti siti web in cui \u00e8 possibile acquistare servizi di social media, ma noi affermiamo di essere i migliori! Aiutiamo i nostri clienti a far crescere i loro account sui social media dal 2017 e da allora siamo diventati il primo punto di riferimento per la maggior parte delle persone.<\/p>\n<p><strong>Maggiori informazioni sui follower della pagina aziendale di LinkedIn<\/strong><\/p>\n<p>LinkedIn pu\u00f2 essere un ambiente professionale, ma come ogni altra piattaforma sociale, si basa sull'autopromozione. Le persone e le aziende vogliono dare il meglio di s\u00e9, ed \u00e8 per questo che alcuni utenti lo definiscono il \"Facebook professionale\" o il Facebook per gli affari. LinkedIn \u00e8 una piattaforma sociale aziendale e professionale molto utilizzata; molti utenti o pagine si assomigliano molto. Per questo motivo, hai bisogno di qualcosa che ti faccia distinguere dalla massa. Uno dei modi migliori per far risaltare la tua pagina aziendale su Linkedin \u00e8 il numero di follower.<\/p>\n<p>Ottenere follower su Linkedin per la tua pagina aziendale \u00e8 importante per i proprietari della pagina, ma pu\u00f2 richiedere molto tempo. Se hai una nuova pagina e non hai molto tempo per promuoverla, puoi acquistare follower per la tua pagina LinkedIn. Molti si chiedono se sia possibile. \u00c8 possibile acquistare follower su LinkedIn. Grazie allo strumento di Follower Ninja per acquistare follower su Linkedin per la tua pagina aziendale, non dovrai aspettare a lungo per migliorare la tua pagina. Non preoccuparti di questioni legali. Questi follower non sono bot o truffatori. Sono utenti attivi di LinkedIn. LinkedIn non pu\u00f2 rimproverarti di avere cos\u00ec tanti follower perch\u00e9 non hai alcun controllo su chi segue la tua pagina. Non sei tenuto ad aumentare il numero di follower da solo. Noi te lo rendiamo facile. Aumenta il numero dei tuoi follower facilmente con Follower Ninja<\/p>\n<p><img fetchpriority=\"high\" decoding=\"async\" class=\"alignnone size-medium wp-image-47387\" src=\"http:\/\/followerninja.com\/wp-content\/uploads\/2022\/11\/follower-400x400.jpg\" alt=\"follower ninja\" width=\"400\" height=\"400\" data-wp-pid=\"47387\" title=\"\" srcset=\"https:\/\/followerninja.com\/wp-content\/uploads\/2022\/11\/follower-400x400.jpg 400w, https:\/\/followerninja.com\/wp-content\/uploads\/2022\/11\/follower-1200x1200-cropped.jpg 1200w, https:\/\/followerninja.com\/wp-content\/uploads\/2022\/11\/follower-scaled-100x100.jpg 100w, https:\/\/followerninja.com\/wp-content\/uploads\/2022\/11\/follower-800x800.jpg 800w, https:\/\/followerninja.com\/wp-content\/uploads\/2022\/11\/follower-280x280.jpg 280w, https:\/\/followerninja.com\/wp-content\/uploads\/2022\/11\/follower-768x768.jpg 768w, https:\/\/followerninja.com\/wp-content\/uploads\/2022\/11\/follower-1536x1536.jpg 1536w, https:\/\/followerninja.com\/wp-content\/uploads\/2022\/11\/follower-12x12.jpg 12w, https:\/\/followerninja.com\/wp-content\/uploads\/2022\/11\/follower-1320x1320.jpg 1320w, https:\/\/followerninja.com\/wp-content\/uploads\/2022\/11\/follower-scaled.jpg 1920w\" sizes=\"(max-width: 400px) 100vw, 400px\" \/><\/p>\n<p>&nbsp;<\/p>\n<p><strong>Ecco perch\u00e9 dovresti acquistare servizi da noi:<\/strong><\/p>\n<p>Non ti chiediamo mai la tua password o informazioni importanti. Offriamo un ambiente sicuro e servizi legali. Quindi nessun problema di hacking o illegale.<br \/>\nLa sicurezza \u00e8 un passo importante nella crescita dei social media. I nostri sistemi si avvalgono di certificati SSL, quindi tutti i tuoi dati sono al sicuro quando acquisti con noi.<br \/>\nSocial Media Growth \u00e8 a tua disposizione 24 ore su 24, 7 giorni su 7. Se hai domande o bisogno di aiuto, puoi sempre contattare il nostro supporto.<br \/>\nOffriamo servizi di social media a basso costo. I nostri prezzi sono molto ragionevoli e pi\u00f9 convenienti di qualsiasi altro fornitore.<br \/>\nIl processo di pagamento \u00e8 molto semplice e sicuro. Puoi pagare i nostri servizi con carta, Payeer.<\/p>\n<p>I vantaggi di cui sopra si applicano a tutti i nostri servizi. Se stai cercando il posto migliore per acquistare servizi di social media, l'hai trovato!<\/p>","protected":false},"excerpt":{"rendered":"<p>\u27a1\ufe0f LinkedIn - Seguaci del profilo | USA\/UK | 0-12 ore<br \/>\n\u27a1\ufe0f Garanzia a vita contro le cadute<br \/>\n\u27a1\ufe0f Inizio: 0-24H (l'ordine sar\u00e0 completato in 24 ore)<br \/>\n\u27a1\ufe0f 300 giorni Velocit\u00e0<br \/>\n\u27a1\ufe0f Massimo fino a 300<br \/>\n\u27a1\ufe0f Tempo suggerito: Min-300 per volta<br \/>\n\u27a1\ufe0f Ricarica: Durata della vita senza caduta<br \/>\n\u27a1\ufe0f \u00c8 richiesto un profilo aziendale pubblico su Linkedin<\/p>","protected":false},"featured_media":46511,"comment_status":"open","ping_status":"closed","template":"","meta":{"_acf_changed":false},"product_brand":[],"product_cat":[393],"product_tag":[394],"class_list":{"0":"post-47480","1":"product","2":"type-product","3":"status-publish","4":"has-post-thumbnail","6":"product_cat-linkedin","7":"product_tag-linkedin-follower","9":"first","10":"instock","11":"virtual","12":"purchasable","13":"product-type-simple"},"acf":[],"jetpack_sharing_enabled":true,"head":{"html":["<meta name=\"wpsso-begin\" content=\"wpsso structured data begin\"\/>\n","<!-- generator:1 --><meta name=\"generator\" content=\"WPSSO Core 21.8.0\/L*\"\/>\n","<!-- generator:2 --><meta name=\"generator\" content=\"WPSSO REST 3.3.0\/S\"\/>\n","<!-- generator:3 --><meta name=\"generator\" content=\"WPSSO BC 5.3.0\/S\"\/>\n","<!-- generator:4 --><meta name=\"generator\" content=\"WPSSO SSM 3.4.0\/S\"\/>\n","<!-- generator:5 --><meta name=\"generator\" content=\"WPSSO UM 7.3.0\/S\"\/>\n","<link rel=\"shortlink\" href=\"https:\/\/followerninja.com\/it\/?p=47480\"\/>\n","<meta property=\"fb:app_id\" content=\"966242223397117\"\/>\n","<meta property=\"og:type\" content=\"product\"\/>\n","<meta property=\"og:url\" content=\"https:\/\/followerninja.com\/it\/linkedin\/seguaci-della-pagina-aziendale-di-linkedin\/\"\/>\n","<meta property=\"og:locale\" content=\"it_IT\"\/>\n","<meta property=\"og:site_name\" content=\"Follower Ninja\"\/>\n","<meta property=\"og:title\" content=\"LinkedIn Unternehmensseite Follower kaufen - Follower Ninja\"\/>\n","<meta property=\"og:description\" content=\"LinkedIn Unternehmensseite Follower kaufen - TikTok - Instagram - YouTube Reichweite \u2713 Qualifizierte Follower - Views f&uuml;r dein Social Media - Follower Ninja\"\/>\n","<meta property=\"og:updated_time\" content=\"2024-10-04T07:26:47+00:00\"\/>\n","<meta property=\"product:retailer_item_id\" content=\"47480\"\/>\n","<meta property=\"product:availability\" content=\"in stock\"\/>\n","<meta property=\"product:condition\" content=\"new\"\/>\n","<meta property=\"product:original_price:amount\" content=\"0.00\"\/>\n","<meta property=\"product:original_price:currency\" content=\"EUR\"\/>\n","<meta property=\"product:pretax_price:amount\" content=\"0.00\"\/>\n","<meta property=\"product:pretax_price:currency\" content=\"EUR\"\/>\n","<meta property=\"product:price:amount\" content=\"0.00\"\/>\n","<meta property=\"product:price:currency\" content=\"EUR\"\/>\n","<meta name=\"twitter:domain\" content=\"followerninja.com\"\/>\n","<meta name=\"twitter:title\" content=\"LinkedIn Unternehmensseite Follower kaufen - Follower Ninja\"\/>\n","<meta name=\"twitter:description\" content=\"LinkedIn Unternehmensseite Follower kaufen - TikTok - Instagram - YouTube Reichweite \u2713 Qualifizierte Follower - Views f&uuml;r dein Social Media - Follower Ninja\"\/>\n","<meta name=\"twitter:card\" content=\"summary\"\/>\n","<meta name=\"twitter:label1\" content=\"Price\"\/>\n","<meta name=\"twitter:data1\" content=\"0.00 EUR\"\/>\n","<meta name=\"twitter:label2\" content=\"Availability\"\/>\n","<meta name=\"twitter:data2\" content=\"In Stock\"\/>\n","<script type=\"application\/ld+json\" id=\"wpsso-schema-graph\">{\n    \"@context\": \"https:\/\/schema.org\",\n    \"@graph\": [\n        {\n            \"@id\": \"\/linkedin\/seguaci-della-pagina-aziendale-di-linkedin\/#sso\/product\/47480\",\n            \"@context\": \"https:\/\/schema.org\",\n            \"@type\": \"Product\",\n            \"mainEntityOfPage\": \"https:\/\/followerninja.com\/it\/linkedin\/seguaci-della-pagina-aziendale-di-linkedin\/\",\n            \"url\": \"https:\/\/followerninja.com\/it\/linkedin\/seguaci-della-pagina-aziendale-di-linkedin\/\",\n            \"sameAs\": [\n                \"https:\/\/followerninja.com\/it\/?p=47480\"\n            ],\n            \"name\": \"LinkedIn Unternehmensseite Follower kaufen - Follower Ninja\",\n            \"description\": \"LinkedIn Unternehmensseite Follower kaufen - TikTok - Instagram - YouTube Reichweite \\u2713 Qualifizierte Follower - Views f&uuml;r dein Social Media - Follower Ninja\",\n            \"itemCondition\": \"https:\/\/schema.org\/NewCondition\",\n            \"offers\": {\n                \"@context\": \"https:\/\/schema.org\",\n                \"@type\": \"Offer\",\n                \"url\": \"https:\/\/followerninja.com\/it\/linkedin\/seguaci-della-pagina-aziendale-di-linkedin\/\",\n                \"name\": \"LinkedIn Unternehmensseite Follower kaufen - Follower Ninja\",\n                \"description\": \"LinkedIn Unternehmensseite Follower kaufen - TikTok - Instagram - YouTube Reichweite \\u2713 Qualifizierte Follower - Views f&uuml;r dein Social Media - Follower Ninja\",\n                \"availability\": \"https:\/\/schema.org\/InStock\",\n                \"itemCondition\": \"https:\/\/schema.org\/NewCondition\",\n                \"price\": \"0.00\",\n                \"priceCurrency\": \"EUR\",\n                \"priceValidUntil\": \"2027-04-06T21:26:29+00:00\",\n                \"priceSpecification\": [\n                    {\n                        \"@context\": \"https:\/\/schema.org\",\n                        \"@type\": \"UnitPriceSpecification\",\n                        \"priceType\": \"https:\/\/schema.org\/ListPrice\",\n                        \"price\": \"0.00\",\n                        \"priceCurrency\": \"EUR\",\n                        \"valueAddedTaxIncluded\": false,\n                        \"validThrough\": \"2026-05-06T21:26:29+00:00\"\n                    }\n                ],\n                \"seller\": {\n                    \"@id\": \"\/#sso\/organization\/site\/org-logo-url\"\n                }\n            }\n        },\n        {\n            \"@id\": \"\/#sso\/organization\/site\/org-logo-url\",\n            \"@context\": \"https:\/\/schema.org\",\n            \"@type\": \"Organization\",\n            \"url\": \"https:\/\/followerninja.com\/it\/\",\n            \"name\": \"Follower Ninja\",\n            \"description\": \"Social Media Follower\",\n            \"image\": [\n                {\n                    \"@id\": \"http:\/\/followerninja.com\/wp-content\/uploads\/2023\/06\/follower-ninja.png#sso\/image-object\"\n                }\n            ],\n            \"logo\": {\n                \"@id\": \"http:\/\/followerninja.com\/wp-content\/uploads\/2023\/06\/follower-ninja.png#sso\/image-object\"\n            }\n        },\n        {\n            \"@id\": \"http:\/\/followerninja.com\/wp-content\/uploads\/2023\/06\/follower-ninja.png#sso\/image-object\",\n            \"@context\": \"https:\/\/schema.org\",\n            \"@type\": \"ImageObject\",\n            \"url\": \"http:\/\/followerninja.com\/wp-content\/uploads\/2023\/06\/follower-ninja.png\",\n            \"width\": [\n                {\n                    \"@id\": \"#sso\/qv-width-px-616\"\n                }\n            ],\n            \"height\": [\n                {\n                    \"@id\": \"#sso\/qv-height-px-282\"\n                }\n            ]\n        },\n        {\n            \"@id\": \"#sso\/qv-width-px-616\",\n            \"@context\": \"https:\/\/schema.org\",\n            \"@type\": \"QuantitativeValue\",\n            \"name\": \"Width\",\n            \"unitText\": \"px\",\n            \"unitCode\": \"E37\",\n            \"value\": \"616\"\n        },\n        {\n            \"@id\": \"#sso\/qv-height-px-282\",\n            \"@context\": \"https:\/\/schema.org\",\n            \"@type\": \"QuantitativeValue\",\n            \"name\": \"Height\",\n            \"unitText\": \"px\",\n            \"unitCode\": \"E37\",\n            \"value\": \"282\"\n        },\n        {\n            \"@id\": \"\/linkedin\/seguaci-della-pagina-aziendale-di-linkedin\/#sso\/breadcrumb.list\/linkedin\",\n            \"@context\": \"https:\/\/schema.org\",\n            \"@type\": \"BreadcrumbList\",\n            \"url\": \"https:\/\/followerninja.com\/it\/linkedin\/seguaci-della-pagina-aziendale-di-linkedin\/\",\n            \"itemListElement\": [\n                {\n                    \"@context\": \"https:\/\/schema.org\",\n                    \"@type\": \"ListItem\",\n                    \"position\": 1,\n                    \"name\": \"Home\",\n                    \"item\": \"https:\/\/followerninja.com\/it\/\"\n                },\n                {\n                    \"@context\": \"https:\/\/schema.org\",\n                    \"@type\": \"ListItem\",\n                    \"position\": 2,\n                    \"name\": \"Blog\",\n                    \"item\": \"https:\/\/followerninja.com\/\"\n                },\n                {\n                    \"@context\": \"https:\/\/schema.org\",\n                    \"@type\": \"ListItem\",\n                    \"position\": 3,\n                    \"name\": \"Linkedin\",\n                    \"item\": \"https:\/\/followerninja.com\/it\/linkedin\/\"\n                },\n                {\n                    \"@context\": \"https:\/\/schema.org\",\n                    \"@type\": \"ListItem\",\n                    \"position\": 4,\n                    \"name\": \"LinkedIn Unternehmensseite Follower kaufen - Follower Ninja\",\n                    \"item\": \"https:\/\/followerninja.com\/it\/linkedin\/seguaci-della-pagina-aziendale-di-linkedin\/\"\n                }\n            ]\n        }\n    ]\n}<\/script>\n","<meta name=\"wpsso-end\" content=\"wpsso structured data end\"\/>\n","<meta name=\"wpsso-cached\" content=\"2026-04-06T21:26:29+00:00 for followerninja.com\"\/>\n"],"json":[{"@context":"https:\/\/schema.org","@graph":[{"@id":"\/linkedin\/seguaci-della-pagina-aziendale-di-linkedin\/#sso\/product\/47480","@context":"https:\/\/schema.org","@type":"Product","mainEntityOfPage":"https:\/\/followerninja.com\/it\/linkedin\/seguaci-della-pagina-aziendale-di-linkedin\/","url":"https:\/\/followerninja.com\/it\/linkedin\/seguaci-della-pagina-aziendale-di-linkedin\/","sameAs":["https:\/\/followerninja.com\/it\/?p=47480"],"name":"LinkedIn Unternehmensseite Follower kaufen - Follower Ninja","description":"LinkedIn Unternehmensseite Follower kaufen - TikTok - Instagram - YouTube Reichweite \u2713 Qualifizierte Follower - Views f&uuml;r dein Social Media - Follower Ninja","itemCondition":"https:\/\/schema.org\/NewCondition","offers":{"@context":"https:\/\/schema.org","@type":"Offer","url":"https:\/\/followerninja.com\/it\/linkedin\/seguaci-della-pagina-aziendale-di-linkedin\/","name":"LinkedIn Unternehmensseite Follower kaufen - Follower Ninja","description":"LinkedIn Unternehmensseite Follower kaufen - TikTok - Instagram - YouTube Reichweite \u2713 Qualifizierte Follower - Views f&uuml;r dein Social Media - Follower Ninja","availability":"https:\/\/schema.org\/InStock","itemCondition":"https:\/\/schema.org\/NewCondition","price":"0.00","priceCurrency":"EUR","priceValidUntil":"2027-04-06T21:26:29+00:00","priceSpecification":[{"@context":"https:\/\/schema.org","@type":"UnitPriceSpecification","priceType":"https:\/\/schema.org\/ListPrice","price":"0.00","priceCurrency":"EUR","valueAddedTaxIncluded":false,"validThrough":"2026-05-06T21:26:29+00:00"}],"seller":{"@id":"\/#sso\/organization\/site\/org-logo-url"}}},{"@id":"\/#sso\/organization\/site\/org-logo-url","@context":"https:\/\/schema.org","@type":"Organization","url":"https:\/\/followerninja.com\/it\/","name":"Follower Ninja","description":"Social Media Follower","image":[{"@id":"http:\/\/followerninja.com\/wp-content\/uploads\/2023\/06\/follower-ninja.png#sso\/image-object"}],"logo":{"@id":"http:\/\/followerninja.com\/wp-content\/uploads\/2023\/06\/follower-ninja.png#sso\/image-object"}},{"@id":"http:\/\/followerninja.com\/wp-content\/uploads\/2023\/06\/follower-ninja.png#sso\/image-object","@context":"https:\/\/schema.org","@type":"ImageObject","url":"http:\/\/followerninja.com\/wp-content\/uploads\/2023\/06\/follower-ninja.png","width":[{"@id":"#sso\/qv-width-px-616"}],"height":[{"@id":"#sso\/qv-height-px-282"}]},{"@id":"#sso\/qv-width-px-616","@context":"https:\/\/schema.org","@type":"QuantitativeValue","name":"Width","unitText":"px","unitCode":"E37","value":"616"},{"@id":"#sso\/qv-height-px-282","@context":"https:\/\/schema.org","@type":"QuantitativeValue","name":"Height","unitText":"px","unitCode":"E37","value":"282"},{"@id":"\/linkedin\/seguaci-della-pagina-aziendale-di-linkedin\/#sso\/breadcrumb.list\/linkedin","@context":"https:\/\/schema.org","@type":"BreadcrumbList","url":"https:\/\/followerninja.com\/it\/linkedin\/seguaci-della-pagina-aziendale-di-linkedin\/","itemListElement":[{"@context":"https:\/\/schema.org","@type":"ListItem","position":1,"name":"Home","item":"https:\/\/followerninja.com\/it\/"},{"@context":"https:\/\/schema.org","@type":"ListItem","position":2,"name":"Blog","item":"https:\/\/followerninja.com\/"},{"@context":"https:\/\/schema.org","@type":"ListItem","position":3,"name":"Linkedin","item":"https:\/\/followerninja.com\/it\/linkedin\/"},{"@context":"https:\/\/schema.org","@type":"ListItem","position":4,"name":"LinkedIn Unternehmensseite Follower kaufen - Follower Ninja","item":"https:\/\/followerninja.com\/it\/linkedin\/seguaci-della-pagina-aziendale-di-linkedin\/"}]}]}],"parts":[["meta","name","generator","content","WPSSO Core 21.8.0\/L*","generator:1"],["meta","name","generator","content","WPSSO REST 3.3.0\/S","generator:2"],["meta","name","generator","content","WPSSO BC 5.3.0\/S","generator:3"],["meta","name","generator","content","WPSSO SSM 3.4.0\/S","generator:4"],["meta","name","generator","content","WPSSO UM 7.3.0\/S","generator:5"],["link","rel","shortlink","href","https:\/\/followerninja.com\/it\/?p=47480",""],["meta","property","fb:app_id","content","966242223397117",""],["meta","property","og:time","content","2026-04-06T21:26:29+00:00",""],["meta","property","og:type","content","product",""],["meta","property","og:url","content","https:\/\/followerninja.com\/it\/linkedin\/seguaci-della-pagina-aziendale-di-linkedin\/",""],["meta","property","og:locale","content","it_IT",""],["meta","property","og:site_name","content","Follower Ninja",""],["meta","property","og:title","content","LinkedIn Unternehmensseite Follower kaufen - Follower Ninja",""],["meta","property","og:description","content","LinkedIn Unternehmensseite Follower kaufen - TikTok - Instagram - YouTube Reichweite \u2713 Qualifizierte Follower - Views f&uuml;r dein Social Media - Follower Ninja",""],["meta","property","og:updated_time","content","2024-10-04T07:26:47+00:00",""],["meta","name","schema:language","content","it_IT",""],["meta","name","schema:type:id","content","product",""],["meta","name","schema:type:url","content","https:\/\/schema.org\/Product",""],["meta","name","schema:type:context","content","https:\/\/schema.org",""],["meta","name","schema:type:name","content","Product",""],["meta","name","schema:type:path","content","schema.org\/Product",""],["meta","property","product:retailer_item_id","content","47480",""],["meta","property","product:url","content","https:\/\/followerninja.com\/it\/linkedin\/seguaci-della-pagina-aziendale-di-linkedin\/",""],["meta","property","product:title","content","LinkedIn Unternehmensseite Follower kaufen - Follower Ninja",""],["meta","property","product:description","content","LinkedIn Unternehmensseite Follower kaufen - TikTok - Instagram - YouTube Reichweite \u2713 Qualifizierte Follower - Views f&uuml;r dein Social Media - Follower Ninja",""],["meta","property","product:updated_time","content","2024-10-04T07:26:47+00:00",""],["meta","property","product:availability","content","in stock",""],["meta","property","product:retailer_category","content","Linkedin",""],["meta","property","product:condition","content","new",""],["meta","property","product:is_virtual","content","true",""],["meta","property","product:min_advert_price:amount","content","0.00",""],["meta","property","product:min_advert_price:currency","content","EUR",""],["meta","property","product:original_price:type","content","https:\/\/schema.org\/ListPrice",""],["meta","property","product:original_price:amount","content","0.00",""],["meta","property","product:original_price:currency","content","EUR",""],["meta","property","product:pretax_price:amount","content","0.00",""],["meta","property","product:pretax_price:currency","content","EUR",""],["meta","property","product:price:type","content","https:\/\/schema.org\/ListPrice",""],["meta","property","product:price:amount","content","0.00",""],["meta","property","product:price:currency","content","EUR",""],["meta","property","product:price:vat_included","content","false",""],["meta","property","article:author:name","content","followerninja",""],["meta","property","article:reading_mins","content","3",""],["meta","name","twitter:domain","content","followerninja.com",""],["meta","name","twitter:title","content","LinkedIn Unternehmensseite Follower kaufen - Follower Ninja",""],["meta","name","twitter:description","content","LinkedIn Unternehmensseite Follower kaufen - TikTok - Instagram - YouTube Reichweite \u2713 Qualifizierte Follower - Views f&uuml;r dein Social Media - Follower Ninja",""],["meta","name","twitter:card","content","summary",""],["meta","name","twitter:label1","content","Price",""],["meta","name","twitter:data1","content","0.00 EUR",""],["meta","name","twitter:label2","content","Availability",""],["meta","name","twitter:data2","content","In Stock",""]]},"_links":{"self":[{"href":"https:\/\/followerninja.com\/it\/wp-json\/wp\/v2\/product\/47480","targetHints":{"allow":["GET"]}}],"collection":[{"href":"https:\/\/followerninja.com\/it\/wp-json\/wp\/v2\/product"}],"about":[{"href":"https:\/\/followerninja.com\/it\/wp-json\/wp\/v2\/types\/product"}],"replies":[{"embeddable":true,"href":"https:\/\/followerninja.com\/it\/wp-json\/wp\/v2\/comments?post=47480"}],"wp:featuredmedia":[{"embeddable":true,"href":"https:\/\/followerninja.com\/it\/wp-json\/wp\/v2\/media\/46511"}],"wp:attachment":[{"href":"https:\/\/followerninja.com\/it\/wp-json\/wp\/v2\/media?parent=47480"}],"wp:term":[{"taxonomy":"product_brand","embeddable":true,"href":"https:\/\/followerninja.com\/it\/wp-json\/wp\/v2\/product_brand?post=47480"},{"taxonomy":"product_cat","embeddable":true,"href":"https:\/\/followerninja.com\/it\/wp-json\/wp\/v2\/product_cat?post=47480"},{"taxonomy":"product_tag","embeddable":true,"href":"https:\/\/followerninja.com\/it\/wp-json\/wp\/v2\/product_tag?post=47480"}],"curies":[{"name":"wp","href":"https:\/\/api.w.org\/{rel}","templated":true}]}}