{"id":42124,"date":"2022-09-29T21:04:24","date_gmt":"2022-09-29T19:04:24","guid":{"rendered":"http:\/\/followerninja.com\/\/widerruf_fuer_digitale_inhalte\/"},"modified":"2022-12-30T14:32:20","modified_gmt":"2022-12-30T13:32:20","slug":"%e5%a4%b1%e5%8a%b9_for_digital_content","status":"publish","type":"page","link":"https:\/\/followerninja.com\/ja\/%e5%a4%b1%e5%8a%b9_for_digital_content\/","title":{"rendered":"\u30c7\u30b8\u30bf\u30eb\u30b3\u30f3\u30c6\u30f3\u30c4\u306e\u5931\u52b9"},"content":{"rendered":"<p><strong>\u7269\u7406\u7684\u306a\u30c7\u30fc\u30bf\u30ad\u30e3\u30ea\u30a2\u3067\u914d\u4fe1\u3055\u308c\u306a\u3044\u30c7\u30b8\u30bf\u30eb\u30b3\u30f3\u30c6\u30f3\u30c4\u306e\u914d\u4fe1\u5951\u7d04\u306e\u30ad\u30e3\u30f3\u30bb\u30eb\u30dd\u30ea\u30b7\u30fc<\/strong><br \/><em>\u30ad\u30e3\u30f3\u30bb\u30eb\u30dd\u30ea\u30b7\u30fc<\/em><br \/>\u6d88\u8cbb\u8005\u3068\u306f\u3001\u4e3b\u3068\u3057\u3066\u5546\u53d6\u5f15\u3001\u4e8b\u696d\u307e\u305f\u306f\u8077\u696d\u4ee5\u5916\u306e\u76ee\u7684\u3067\u6cd5\u7684\u53d6\u5f15\u3092\u884c\u3046\u81ea\u7136\u4eba\u3092\u6307\u3057\u307e\u3059\u3002<\/p>\n<p><em>\u89e3\u7d04\u6a29<\/em><br \/>Sie haben das Recht, binnen vierzehn Tagen ohne Angabe von Gr\u00fcnden diesen Vertrag zu widerrufen. Die Widerrufsfrist betr\u00e4gt vierzehn Tage ab dem Tag des Vertragsschlusses. Um Ihr Widerrufsrecht auszu\u00fcben, m\u00fcssen Sie uns ([Einsetzen: Namen\/Firma, Anschrift, Telefonnummer und E-Mailadresse. Sie k\u00f6nnen auch den Shortcode [woocommerce_de_disclaimer_address_data] daf\u00fcr verwenden, und die Adresse in den Einstellungen hinterlegen.]) mittels einer eindeutigen Erkl\u00e4rung (z.B. ein mit der Post versandter Brief, oder eine E-Mail) \u00fcber Ihren Entschluss, diesen Vertrag zu widerrufen, informieren. Sie k\u00f6nnen daf\u00fcr das beigef\u00fcgte Muster-Widerrufsformular verwenden, das jedoch nicht vorgeschrieben ist. Zur Wahrung der Widerrufsfrist reicht es aus, dass Sie die Mitteilung \u00fcber die Aus\u00fcbung des Widerrufsrechts vor Ablauf der Widerrufsfrist absenden.<\/p>\n<p><em>\u30ad\u30e3\u30f3\u30bb\u30eb\u306e\u7d50\u679c<\/em><br \/>\u304a\u5ba2\u69d8\u304c\u672c\u5951\u7d04\u304b\u3089\u96e2\u8131\u3059\u308b\u5834\u5408\u3001\u5f53\u793e\u306f\u3001\u304a\u5ba2\u69d8\u304b\u3089\u53d7\u9818\u3057\u305f\u3059\u3079\u3066\u306e\u4ee3\u91d1\uff08\u914d\u9001\u306b\u304b\u304b\u308b\u8cbb\u7528\u3092\u542b\u3080\uff09\u3092\u3001\u4e0d\u5f53\u306b\u9045\u5ef6\u3059\u308b\u3053\u3068\u306a\u304f\u3001\u3044\u304b\u306a\u308b\u5834\u5408\u306b\u304a\u3044\u3066\u3082\u3001\u304a\u5ba2\u69d8\u304c\u672c\u5951\u7d04\u304b\u3089\u96e2\u8131\u3059\u308b\u6c7a\u5b9a\u3092\u5f53\u793e\u306b\u901a\u77e5\u3057\u305f\u65e5\u304b\u308914\u65e5\u4ee5\u5185\u306b\u3001\u304a\u5ba2\u69d8\u306b\u6255\u3044\u623b\u3059\u3082\u306e\u3068\u3057\u307e\u3059\uff08\u305f\u3060\u3057\u3001\u304a\u5ba2\u69d8\u304c\u3001\u5f53\u793e\u304c\u63d0\u4f9b\u3059\u308b\u6700\u3082\u5b89\u4fa1\u306a\u30bf\u30a4\u30d7\u306e\u6a19\u6e96\u914d\u9001\u4ee5\u5916\u306e\u914d\u9001\u3092\u9078\u629e\u3057\u305f\u3053\u3068\u306b\u3088\u308b\u8ffd\u52a0\u8cbb\u7528\u3092\u9664\u304d\u307e\u3059\uff09\u3002\u3053\u306e\u8fd4\u6e08\u306b\u306f\u3001\u304a\u5ba2\u69d8\u3068\u660e\u793a\u7684\u306b\u5225\u6bb5\u306e\u5408\u610f\u304c\u306a\u3044\u9650\u308a\u3001\u304a\u5ba2\u69d8\u304c\u6700\u521d\u306e\u53d6\u5f15\u306b\u4f7f\u7528\u3057\u305f\u306e\u3068\u540c\u3058\u652f\u6255\u624b\u6bb5\u3092\u4f7f\u7528\u3057\u307e\u3059\u3002<\/p>\n<p><em>\u30ad\u30e3\u30f3\u30bb\u30eb\u30d5\u30a9\u30fc\u30e0\u306e\u30b5\u30f3\u30d7\u30eb<\/em><br \/>(\u5951\u7d04\u306e\u89e3\u9664\u3092\u5e0c\u671b\u3055\u308c\u308b\u5834\u5408\u306f\u3001\u3053\u306e\u7528\u7d19\u306b\u3054\u8a18\u5165\u306e\u4e0a\u3001\u3054\u8fd4\u9001\u304f\u3060\u3055\u3044\uff09\u3002<br \/>- \u5b9b\u5148\u6c0f\u540d\/\u4f1a\u793e\u540d\u3001\u4f4f\u6240\u3001E\u30e1\u30fc\u30eb\u30a2\u30c9\u30ec\u30b9\u3001\u53ef\u80fd\u3067\u3042\u308c\u3070FAX\u756a\u53f7]\uff1a<br \/>- \u79c1\uff08*\uff09\u306f\u3001\u79c1\uff08*\uff09\u304c\u7de0\u7d50\u3057\u305f\u4e0b\u8a18\u5546\u54c1\uff08*\uff09\u306e\u8cfc\u5165\uff0f\u4e0b\u8a18\u30b5\u30fc\u30d3\u30b9\uff08*\uff09\u306e\u63d0\u4f9b\u306b\u95a2\u3059\u308b\u5951\u7d04\u3092\u89e3\u7d04\u3057\u307e\u3059\u3002<br \/>- \u3054\u6ce8\u6587\u65e5 (*)\/\u304a\u53d7\u3051\u53d6\u308a\u65e5 (*)<br \/>- \u6d88\u8cbb\u8005\u540d<br \/>- \u6d88\u8cbb\u8005\u306e\u4f4f\u6240<br \/>- \u6d88\u8cbb\u8005\u306e\u7f72\u540d\uff08\u7d19\u3067\u901a\u77e5\u3059\u308b\u5834\u5408\u306e\u307f<br \/>- \u65e5\u4ed8<br \/>&#8212;&#8212;&#8212;&#8212;&#8212;&#8212;&#8212;&#8212;&#8212;&#8212;&#8212;&#8212;&#8212;<br \/>(*) \u9069\u5b9c\u524a\u9664\u3057\u3066\u304f\u3060\u3055\u3044\u3002<\/p>\n<p><em>\u89e3\u7d04\u6a29\u306e\u6392\u9664\u307e\u305f\u306f\u65e9\u671f\u5931\u52b9<\/em><br \/>\u30ad\u30e3\u30f3\u30bb\u30eb\u306e\u6a29\u5229\u306f\u3001\u30d7\u30ec\u30cf\u30d6\u3067\u306a\u304f\u3001\u6d88\u8cbb\u8005\u306b\u3088\u308b\u500b\u5225\u306e\u9078\u629e\u307e\u305f\u306f\u6c7a\u5b9a\u304c\u6c7a\u5b9a\u7684\u3067\u3042\u308b\u3001\u307e\u305f\u306f\u6d88\u8cbb\u8005\u306e\u500b\u4eba\u7684\u306a\u30cb\u30fc\u30ba\u306b\u660e\u3089\u304b\u306b\u5408\u308f\u305b\u305f\u30c7\u30b8\u30bf\u30eb\u30b3\u30f3\u30c6\u30f3\u30c4\u306e\u914d\u4fe1\u306b\u95a2\u3059\u308b\u5951\u7d04\u306b\u306f\u9069\u7528\u3055\u308c\u307e\u305b\u3093\u3002<br \/>a)\u304a\u5ba2\u69d8\u306e\u660e\u793a\u7684\u306a\u540c\u610f\u304c\u3042\u308a\u3001\u540c\u6642\u306b\u3001\u5f53\u793e\u304c\u5951\u7d04\u306e\u5c65\u884c\u3092\u958b\u59cb\u3057\u305f\u6642\u70b9\u3067\u89e3\u7d04\u6a29\u3092\u5931\u3046\u3053\u3068\u3092\u304a\u5ba2\u69d8\u304c\u8a8d\u8b58\u3055\u308c\u3066\u3044\u308b\u3053\u3068\u3092\u78ba\u8a8d\u3057\u3001b)\u5951\u7d04\u306e\u7de0\u7d50\u5f8c\u3001\u5408\u7406\u7684\u306a\u671f\u9593\u5185\u3001\u9045\u304f\u3068\u3082\u5546\u54c1\u306e\u5f15\u6e21\u3057\u6642\u307e\u305f\u306f\u30b5\u30fc\u30d3\u30b9\u306e\u5c65\u884c\u958b\u59cb\u524d\u306b\u3001\u304a\u5ba2\u69d8\u306e\u7533\u544a\u5185\u5bb9\u3092\u8010\u4e45\u6027\u306e\u3042\u308b\u5a92\u4f53\u3067\u304a\u5ba2\u69d8\u306b\u63d0\u4f9b\u3057\u305f\u5f8c\u306b\u3001\u5f53\u793e\u304c\u5951\u7d04\u306e\u5c65\u884c\u3092\u958b\u59cb\u3057\u305f\u5834\u5408\u3001\u89e3\u7d04\u6a29\u306f\u65e9\u671f\u306b\u5931\u52b9\u3059\u308b\u3082\u306e\u3068\u3057\u307e\u3059\u3002\u5f53\u793e\u306f\u3001\u5951\u7d04\u306e\u7de0\u7d50\u3092\u524d\u8ff0\u306e\u540c\u610f\u304a\u3088\u3073\u78ba\u8a8d\u306b\u4f9d\u5b58\u3055\u305b\u308b\u3053\u3068\u304c\u3067\u304d\u308b\u3053\u3068\u3092\u6307\u6458\u3057\u305f\u3044\u3068\u601d\u3044\u307e\u3059\u3002\u304a\u5ba2\u69d8\u304c\u660e\u793a\u7684\u306b\u540c\u610f\u3057\u3001\u540c\u6642\u306b\u5f53\u793e\u304c\u5951\u7d04\u306e\u5c65\u884c\u3092\u958b\u59cb\u3057\u305f\u6642\u70b9\u3067\u304a\u5ba2\u69d8\u304c\u89e3\u7d04\u6a29\u3092\u5931\u3046\u3053\u3068\u3092\u77e5\u3063\u3066\u3044\u308b\u3053\u3068\u3092\u78ba\u8a8d\u3057\u305f\u5f8c\u306b\u5f53\u793e\u304c\u5951\u7d04\u306e\u5c65\u884c\u3092\u958b\u59cb\u3057\u305f\u5834\u5408\u3001\u89e3\u7d04\u6a29\u306f\u65e9\u671f\u306b\u5931\u52b9\u3059\u308b\u3082\u306e\u3068\u3057\u307e\u3059\u3002\u5f53\u793e\u306f\u3001\u5951\u7d04\u306e\u7de0\u7d50\u3092\u524d\u8ff0\u306e\u540c\u610f\u304a\u3088\u3073\u78ba\u8a8d\u306b\u4f9d\u5b58\u3055\u305b\u308b\u3053\u3068\u304c\u3067\u304d\u308b\u3053\u3068\u3092\u6307\u6458\u3057\u305f\u3044\u3068\u601d\u3044\u307e\u3059\u3002<\/p>","protected":false},"excerpt":{"rendered":"","protected":false},"author":1,"featured_media":0,"parent":0,"menu_order":0,"comment_status":"closed","ping_status":"closed","template":"","meta":{"_acf_changed":false,"footnotes":""},"class_list":["post-42124","page","type-page","status-publish","hentry"],"acf":[],"jetpack_sharing_enabled":true,"head":{"html":["<meta name=\"wpsso-begin\" content=\"wpsso structured data begin\"\/>\n","<!-- generator:1 --><meta name=\"generator\" content=\"WPSSO Core 21.8.0\/L*\"\/>\n","<!-- generator:2 --><meta name=\"generator\" content=\"WPSSO REST 3.3.0\/S\"\/>\n","<!-- generator:3 --><meta name=\"generator\" content=\"WPSSO BC 5.3.0\/S\"\/>\n","<!-- generator:4 --><meta name=\"generator\" content=\"WPSSO SSM 3.4.0\/S\"\/>\n","<!-- generator:5 --><meta name=\"generator\" content=\"WPSSO UM 7.3.0\/S\"\/>\n","<link rel=\"shortlink\" href=\"https:\/\/followerninja.com\/ja\/?p=42124\"\/>\n","<meta property=\"fb:app_id\" content=\"966242223397117\"\/>\n","<meta property=\"og:type\" content=\"article\"\/>\n","<meta property=\"og:url\" content=\"https:\/\/followerninja.com\/ja\/%e5%a4%b1%e5%8a%b9_for_digital_content\/\"\/>\n","<meta property=\"og:locale\" content=\"en_US\"\/>\n","<meta property=\"og:site_name\" content=\"Follower Ninja\"\/>\n","<meta property=\"og:title\" content=\"Widerruf f&uuml;r digitale Inhalte\"\/>\n","<meta property=\"og:description\" content=\"Widerrufsbelehrung f&uuml;r einen Vertrag &uuml;ber die Lieferung von digitalen Inhalten, die nicht auf einem k&ouml;rperlichen Datentr&auml;ger geliefert werdenWiderrufsbelehrungVerbraucher ist jede nat&uuml;rliche Person, die ein Rechtsgesch&auml;ft zu Zwecken abschlie&szlig;t, die &uuml;berwiegend weder ihrer gewerblichen noch ihrer...\"\/>\n","<meta property=\"og:updated_time\" content=\"2022-12-30T13:32:20+00:00\"\/>\n","<meta property=\"article:published_time\" content=\"2022-09-29T19:04:24+00:00\"\/>\n","<meta property=\"article:modified_time\" content=\"2022-12-30T13:32:20+00:00\"\/>\n","<meta name=\"twitter:domain\" content=\"followerninja.com\"\/>\n","<meta name=\"twitter:title\" content=\"Widerruf f&uuml;r digitale Inhalte\"\/>\n","<meta name=\"twitter:description\" content=\"Widerrufsbelehrung f&uuml;r einen Vertrag &uuml;ber die Lieferung von digitalen Inhalten, die nicht auf einem k&ouml;rperlichen Datentr&auml;ger geliefert werdenWiderrufsbelehrungVerbraucher ist jede nat&uuml;rliche...\"\/>\n","<meta name=\"twitter:card\" content=\"summary\"\/>\n","<meta name=\"twitter:label1\" content=\"Written by\"\/>\n","<meta name=\"twitter:data1\" content=\"followerninja\"\/>\n","<meta name=\"twitter:label2\" content=\"Est. reading time\"\/>\n","<meta name=\"twitter:data2\" content=\"3 minutes\"\/>\n","<meta name=\"author\" content=\"followerninja\"\/>\n","<script type=\"application\/ld+json\" id=\"wpsso-schema-graph\">{\n    \"@context\": \"https:\/\/schema.org\",\n    \"@graph\": [\n        {\n            \"@id\": \"\/%e5%a4%b1%e5%8a%b9_for_digital_content\/#sso\/article\/42124\",\n            \"@context\": \"https:\/\/schema.org\",\n            \"@type\": \"Article\",\n            \"mainEntityOfPage\": \"https:\/\/followerninja.com\/ja\/%e5%a4%b1%e5%8a%b9_for_digital_content\/\",\n            \"url\": \"https:\/\/followerninja.com\/ja\/%e5%a4%b1%e5%8a%b9_for_digital_content\/\",\n            \"sameAs\": [\n                \"https:\/\/followerninja.com\/ja\/?p=42124\"\n            ],\n            \"name\": \"Widerruf f&uuml;r digitale Inhalte\",\n            \"description\": \"Widerrufsbelehrung f&uuml;r einen Vertrag &uuml;ber die Lieferung von digitalen Inhalten, die nicht auf einem k&ouml;rperlichen Datentr&auml;ger geliefert werdenWiderrufsbelehrungVerbraucher ist jede nat&uuml;rliche Person, die ein Rechtsgesch&auml;ft zu Zwecken abschlie&szlig;t, die &uuml;berwiegend weder ihrer gewerblichen noch ihrer...\",\n            \"publisher\": [\n                {\n                    \"@id\": \"\/#sso\/organization\/site\/org-banner-url\"\n                }\n            ],\n            \"headline\": \"Widerruf f&uuml;r digitale Inhalte\",\n            \"inLanguage\": \"ja\",\n            \"datePublished\": \"2022-09-29T19:04:24+00:00\",\n            \"dateModified\": \"2022-12-30T13:32:20+00:00\",\n            \"author\": {\n                \"@id\": \"\/6ef015cc63f2292c5db0758894d3b56a#sso\/person\"\n            },\n            \"timeRequired\": \"PT3M\",\n            \"speakable\": {\n                \"@context\": \"https:\/\/schema.org\",\n                \"@type\": \"SpeakableSpecification\",\n                \"cssSelector\": [\n                    \".wp-block-post-title\",\n                    \".speakable\"\n                ]\n            }\n        },\n        {\n            \"@id\": \"\/#sso\/organization\/site\/org-banner-url\",\n            \"@context\": \"https:\/\/schema.org\",\n            \"@type\": \"Organization\",\n            \"url\": \"https:\/\/followerninja.com\/ja\/\",\n            \"name\": \"Follower Ninja\",\n            \"description\": \"Social Media Follower\",\n            \"image\": [\n                {\n                    \"@id\": \"http:\/\/followerninja.com\/wp-content\/uploads\/2023\/06\/follower-ninja.png#sso\/image-object\"\n                }\n            ],\n            \"logo\": {\n                \"@id\": \"http:\/\/followerninja.com\/wp-content\/uploads\/2023\/02\/FOLLOWER-NINJA-TIKTOK-FOLLOWER.png#sso\/image-object\"\n            }\n        },\n        {\n            \"@id\": \"http:\/\/followerninja.com\/wp-content\/uploads\/2023\/06\/follower-ninja.png#sso\/image-object\",\n            \"@context\": \"https:\/\/schema.org\",\n            \"@type\": \"ImageObject\",\n            \"url\": \"http:\/\/followerninja.com\/wp-content\/uploads\/2023\/06\/follower-ninja.png\",\n            \"width\": [\n                {\n                    \"@id\": \"#sso\/qv-width-px-616\"\n                }\n            ],\n            \"height\": [\n                {\n                    \"@id\": \"#sso\/qv-height-px-282\"\n                }\n            ]\n        },\n        {\n            \"@id\": \"#sso\/qv-width-px-616\",\n            \"@context\": \"https:\/\/schema.org\",\n            \"@type\": \"QuantitativeValue\",\n            \"name\": \"Width\",\n            \"unitText\": \"px\",\n            \"unitCode\": \"E37\",\n            \"value\": \"616\"\n        },\n        {\n            \"@id\": \"#sso\/qv-height-px-282\",\n            \"@context\": \"https:\/\/schema.org\",\n            \"@type\": \"QuantitativeValue\",\n            \"name\": \"Height\",\n            \"unitText\": \"px\",\n            \"unitCode\": \"E37\",\n            \"value\": \"282\"\n        },\n        {\n            \"@id\": \"http:\/\/followerninja.com\/wp-content\/uploads\/2023\/02\/FOLLOWER-NINJA-TIKTOK-FOLLOWER.png#sso\/image-object\",\n            \"@context\": \"https:\/\/schema.org\",\n            \"@type\": \"ImageObject\",\n            \"url\": \"http:\/\/followerninja.com\/wp-content\/uploads\/2023\/02\/FOLLOWER-NINJA-TIKTOK-FOLLOWER.png\",\n            \"width\": [\n                {\n                    \"@id\": \"#sso\/qv-width-px-2400\"\n                }\n            ],\n            \"height\": [\n                {\n                    \"@id\": \"#sso\/qv-height-px-2074\"\n                }\n            ]\n        },\n        {\n            \"@id\": \"#sso\/qv-width-px-2400\",\n            \"@context\": \"https:\/\/schema.org\",\n            \"@type\": \"QuantitativeValue\",\n            \"name\": \"Width\",\n            \"unitText\": \"px\",\n            \"unitCode\": \"E37\",\n            \"value\": \"2400\"\n        },\n        {\n            \"@id\": \"#sso\/qv-height-px-2074\",\n            \"@context\": \"https:\/\/schema.org\",\n            \"@type\": \"QuantitativeValue\",\n            \"name\": \"Height\",\n            \"unitText\": \"px\",\n            \"unitCode\": \"E37\",\n            \"value\": \"2074\"\n        },\n        {\n            \"@id\": \"\/6ef015cc63f2292c5db0758894d3b56a#sso\/person\",\n            \"@context\": \"https:\/\/schema.org\",\n            \"@type\": \"Person\",\n            \"url\": \"http:\/\/followerninja.com\/\",\n            \"name\": \"followerninja\",\n            \"givenName\": \"Nami\",\n            \"familyName\": \"Shams\",\n            \"description\": \"Follower Ninja - Social Media Profis\",\n            \"image\": [\n                {\n                    \"@id\": \"https:\/\/secure.gravatar.com\/avatar\/51fd3ca1505ce8c9465a64104b9d54df.jpg?d=mp&s=1200#sso\/image-object\"\n                }\n            ]\n        },\n        {\n            \"@id\": \"https:\/\/secure.gravatar.com\/avatar\/51fd3ca1505ce8c9465a64104b9d54df.jpg?d=mp&s=1200#sso\/image-object\",\n            \"@context\": \"https:\/\/schema.org\",\n            \"@type\": \"ImageObject\",\n            \"url\": \"https:\/\/secure.gravatar.com\/avatar\/51fd3ca1505ce8c9465a64104b9d54df.jpg?d=mp&s=1200\",\n            \"width\": [\n                {\n                    \"@id\": \"#sso\/qv-width-px-1200\"\n                }\n            ],\n            \"height\": [\n                {\n                    \"@id\": \"#sso\/qv-height-px-1200\"\n                }\n            ]\n        },\n        {\n            \"@id\": \"#sso\/qv-width-px-1200\",\n            \"@context\": \"https:\/\/schema.org\",\n            \"@type\": \"QuantitativeValue\",\n            \"name\": \"Width\",\n            \"unitText\": \"px\",\n            \"unitCode\": \"E37\",\n            \"value\": \"1200\"\n        },\n        {\n            \"@id\": \"#sso\/qv-height-px-1200\",\n            \"@context\": \"https:\/\/schema.org\",\n            \"@type\": \"QuantitativeValue\",\n            \"name\": \"Height\",\n            \"unitText\": \"px\",\n            \"unitCode\": \"E37\",\n            \"value\": \"1200\"\n        },\n        {\n            \"@id\": \"\/%e5%a4%b1%e5%8a%b9_for_digital_content\/#sso\/breadcrumb-list\/42124\",\n            \"@context\": \"https:\/\/schema.org\",\n            \"@type\": \"BreadcrumbList\",\n            \"url\": \"https:\/\/followerninja.com\/ja\/%e5%a4%b1%e5%8a%b9_for_digital_content\/\",\n            \"itemListElement\": [\n                {\n                    \"@context\": \"https:\/\/schema.org\",\n                    \"@type\": \"ListItem\",\n                    \"position\": 1,\n                    \"name\": \"Home\",\n                    \"item\": \"https:\/\/followerninja.com\/ja\/\"\n                },\n                {\n                    \"@context\": \"https:\/\/schema.org\",\n                    \"@type\": \"ListItem\",\n                    \"position\": 2,\n                    \"name\": \"Blog\",\n                    \"item\": \"https:\/\/followerninja.com\/\"\n                },\n                {\n                    \"@context\": \"https:\/\/schema.org\",\n                    \"@type\": \"ListItem\",\n                    \"position\": 3,\n                    \"name\": \"Widerruf f&uuml;r digitale Inhalte\",\n                    \"item\": \"https:\/\/followerninja.com\/ja\/%e5%a4%b1%e5%8a%b9_for_digital_content\/\"\n                }\n            ]\n        }\n    ]\n}<\/script>\n","<meta name=\"wpsso-end\" content=\"wpsso structured data end\"\/>\n","<meta name=\"wpsso-cached\" content=\"2026-04-12T10:15:46+00:00 for followerninja.com\"\/>\n"],"json":[{"@context":"https:\/\/schema.org","@graph":[{"@id":"\/%e5%a4%b1%e5%8a%b9_for_digital_content\/#sso\/article\/42124","@context":"https:\/\/schema.org","@type":"Article","mainEntityOfPage":"https:\/\/followerninja.com\/ja\/%e5%a4%b1%e5%8a%b9_for_digital_content\/","url":"https:\/\/followerninja.com\/ja\/%e5%a4%b1%e5%8a%b9_for_digital_content\/","sameAs":["https:\/\/followerninja.com\/ja\/?p=42124"],"name":"Widerruf f&uuml;r digitale Inhalte","description":"Widerrufsbelehrung f&uuml;r einen Vertrag &uuml;ber die Lieferung von digitalen Inhalten, die nicht auf einem k&ouml;rperlichen Datentr&auml;ger geliefert werdenWiderrufsbelehrungVerbraucher ist jede nat&uuml;rliche Person, die ein Rechtsgesch&auml;ft zu Zwecken abschlie&szlig;t, die &uuml;berwiegend weder ihrer gewerblichen noch ihrer...","publisher":[{"@id":"\/#sso\/organization\/site\/org-banner-url"}],"headline":"Widerruf f&uuml;r digitale Inhalte","inLanguage":"ja","datePublished":"2022-09-29T19:04:24+00:00","dateModified":"2022-12-30T13:32:20+00:00","author":{"@id":"\/6ef015cc63f2292c5db0758894d3b56a#sso\/person"},"timeRequired":"PT3M","speakable":{"@context":"https:\/\/schema.org","@type":"SpeakableSpecification","cssSelector":[".wp-block-post-title",".speakable"]}},{"@id":"\/#sso\/organization\/site\/org-banner-url","@context":"https:\/\/schema.org","@type":"Organization","url":"https:\/\/followerninja.com\/ja\/","name":"Follower Ninja","description":"Social Media Follower","image":[{"@id":"http:\/\/followerninja.com\/wp-content\/uploads\/2023\/06\/follower-ninja.png#sso\/image-object"}],"logo":{"@id":"http:\/\/followerninja.com\/wp-content\/uploads\/2023\/02\/FOLLOWER-NINJA-TIKTOK-FOLLOWER.png#sso\/image-object"}},{"@id":"http:\/\/followerninja.com\/wp-content\/uploads\/2023\/06\/follower-ninja.png#sso\/image-object","@context":"https:\/\/schema.org","@type":"ImageObject","url":"http:\/\/followerninja.com\/wp-content\/uploads\/2023\/06\/follower-ninja.png","width":[{"@id":"#sso\/qv-width-px-616"}],"height":[{"@id":"#sso\/qv-height-px-282"}]},{"@id":"#sso\/qv-width-px-616","@context":"https:\/\/schema.org","@type":"QuantitativeValue","name":"Width","unitText":"px","unitCode":"E37","value":"616"},{"@id":"#sso\/qv-height-px-282","@context":"https:\/\/schema.org","@type":"QuantitativeValue","name":"Height","unitText":"px","unitCode":"E37","value":"282"},{"@id":"http:\/\/followerninja.com\/wp-content\/uploads\/2023\/02\/FOLLOWER-NINJA-TIKTOK-FOLLOWER.png#sso\/image-object","@context":"https:\/\/schema.org","@type":"ImageObject","url":"http:\/\/followerninja.com\/wp-content\/uploads\/2023\/02\/FOLLOWER-NINJA-TIKTOK-FOLLOWER.png","width":[{"@id":"#sso\/qv-width-px-2400"}],"height":[{"@id":"#sso\/qv-height-px-2074"}]},{"@id":"#sso\/qv-width-px-2400","@context":"https:\/\/schema.org","@type":"QuantitativeValue","name":"Width","unitText":"px","unitCode":"E37","value":"2400"},{"@id":"#sso\/qv-height-px-2074","@context":"https:\/\/schema.org","@type":"QuantitativeValue","name":"Height","unitText":"px","unitCode":"E37","value":"2074"},{"@id":"\/6ef015cc63f2292c5db0758894d3b56a#sso\/person","@context":"https:\/\/schema.org","@type":"Person","url":"http:\/\/followerninja.com\/","name":"followerninja","givenName":"Nami","familyName":"Shams","description":"Follower Ninja - Social Media Profis","image":[{"@id":"https:\/\/secure.gravatar.com\/avatar\/51fd3ca1505ce8c9465a64104b9d54df.jpg?d=mp&s=1200#sso\/image-object"}]},{"@id":"https:\/\/secure.gravatar.com\/avatar\/51fd3ca1505ce8c9465a64104b9d54df.jpg?d=mp&s=1200#sso\/image-object","@context":"https:\/\/schema.org","@type":"ImageObject","url":"https:\/\/secure.gravatar.com\/avatar\/51fd3ca1505ce8c9465a64104b9d54df.jpg?d=mp&s=1200","width":[{"@id":"#sso\/qv-width-px-1200"}],"height":[{"@id":"#sso\/qv-height-px-1200"}]},{"@id":"#sso\/qv-width-px-1200","@context":"https:\/\/schema.org","@type":"QuantitativeValue","name":"Width","unitText":"px","unitCode":"E37","value":"1200"},{"@id":"#sso\/qv-height-px-1200","@context":"https:\/\/schema.org","@type":"QuantitativeValue","name":"Height","unitText":"px","unitCode":"E37","value":"1200"},{"@id":"\/%e5%a4%b1%e5%8a%b9_for_digital_content\/#sso\/breadcrumb-list\/42124","@context":"https:\/\/schema.org","@type":"BreadcrumbList","url":"https:\/\/followerninja.com\/ja\/%e5%a4%b1%e5%8a%b9_for_digital_content\/","itemListElement":[{"@context":"https:\/\/schema.org","@type":"ListItem","position":1,"name":"Home","item":"https:\/\/followerninja.com\/ja\/"},{"@context":"https:\/\/schema.org","@type":"ListItem","position":2,"name":"Blog","item":"https:\/\/followerninja.com\/"},{"@context":"https:\/\/schema.org","@type":"ListItem","position":3,"name":"Widerruf f&uuml;r digitale Inhalte","item":"https:\/\/followerninja.com\/ja\/%e5%a4%b1%e5%8a%b9_for_digital_content\/"}]}]}],"parts":[["meta","name","generator","content","WPSSO Core 21.8.0\/L*","generator:1"],["meta","name","generator","content","WPSSO REST 3.3.0\/S","generator:2"],["meta","name","generator","content","WPSSO BC 5.3.0\/S","generator:3"],["meta","name","generator","content","WPSSO SSM 3.4.0\/S","generator:4"],["meta","name","generator","content","WPSSO UM 7.3.0\/S","generator:5"],["link","rel","shortlink","href","https:\/\/followerninja.com\/ja\/?p=42124",""],["meta","property","fb:app_id","content","966242223397117",""],["meta","property","og:time","content","2026-04-12T10:15:46+00:00",""],["meta","property","og:type","content","article",""],["meta","property","og:url","content","https:\/\/followerninja.com\/ja\/%e5%a4%b1%e5%8a%b9_for_digital_content\/",""],["meta","property","og:locale","content","en_US",""],["meta","property","og:site_name","content","Follower Ninja",""],["meta","property","og:title","content","Widerruf f&uuml;r digitale Inhalte",""],["meta","property","og:description","content","Widerrufsbelehrung f&uuml;r einen Vertrag &uuml;ber die Lieferung von digitalen Inhalten, die nicht auf einem k&ouml;rperlichen Datentr&auml;ger geliefert werdenWiderrufsbelehrungVerbraucher ist jede nat&uuml;rliche Person, die ein Rechtsgesch&auml;ft zu Zwecken abschlie&szlig;t, die &uuml;berwiegend weder ihrer gewerblichen noch ihrer...",""],["meta","property","og:updated_time","content","2022-12-30T13:32:20+00:00",""],["meta","name","schema:language","content","ja",""],["meta","name","schema:type:id","content","article",""],["meta","name","schema:type:url","content","https:\/\/schema.org\/Article",""],["meta","name","schema:type:context","content","https:\/\/schema.org",""],["meta","name","schema:type:name","content","Article",""],["meta","name","schema:type:path","content","schema.org\/Article",""],["meta","property","article:author:name","content","followerninja",""],["meta","property","article:published_time","content","2022-09-29T19:04:24+00:00",""],["meta","property","article:modified_time","content","2022-12-30T13:32:20+00:00",""],["meta","property","article:reading_mins","content","3",""],["meta","name","twitter:domain","content","followerninja.com",""],["meta","name","twitter:title","content","Widerruf f&uuml;r digitale Inhalte",""],["meta","name","twitter:description","content","Widerrufsbelehrung f&uuml;r einen Vertrag &uuml;ber die Lieferung von digitalen Inhalten, die nicht auf einem k&ouml;rperlichen Datentr&auml;ger geliefert werdenWiderrufsbelehrungVerbraucher ist jede nat&uuml;rliche...",""],["meta","name","twitter:card","content","summary",""],["meta","name","twitter:label1","content","Written by",""],["meta","name","twitter:data1","content","followerninja",""],["meta","name","twitter:label2","content","Est. reading time",""],["meta","name","twitter:data2","content","3 minutes",""],["meta","name","author","content","followerninja",""]]},"_links":{"self":[{"href":"https:\/\/followerninja.com\/ja\/wp-json\/wp\/v2\/pages\/42124","targetHints":{"allow":["GET"]}}],"collection":[{"href":"https:\/\/followerninja.com\/ja\/wp-json\/wp\/v2\/pages"}],"about":[{"href":"https:\/\/followerninja.com\/ja\/wp-json\/wp\/v2\/types\/page"}],"author":[{"embeddable":true,"href":"https:\/\/followerninja.com\/ja\/wp-json\/wp\/v2\/users\/1"}],"replies":[{"embeddable":true,"href":"https:\/\/followerninja.com\/ja\/wp-json\/wp\/v2\/comments?post=42124"}],"version-history":[{"count":0,"href":"https:\/\/followerninja.com\/ja\/wp-json\/wp\/v2\/pages\/42124\/revisions"}],"wp:attachment":[{"href":"https:\/\/followerninja.com\/ja\/wp-json\/wp\/v2\/media?parent=42124"}],"curies":[{"name":"wp","href":"https:\/\/api.w.org\/{rel}","templated":true}]}}