{"id":42124,"date":"2022-09-29T21:04:24","date_gmt":"2022-09-29T19:04:24","guid":{"rendered":"http:\/\/followerninja.com\/\/widerruf_fuer_digitale_inhalte\/"},"modified":"2022-12-30T14:32:20","modified_gmt":"2022-12-30T13:32:20","slug":"intrekking_voor_digitale_inhoud","status":"publish","type":"page","link":"https:\/\/followerninja.com\/nl\/intrekking_voor_digitale_inhoud\/","title":{"rendered":"Herroeping voor digitale inhoud"},"content":{"rendered":"<p><strong>Annuleringsbeleid voor een overeenkomst voor de levering van digitale inhoud die niet op een materi\u00eble drager is geleverd<\/strong><br \/><em>Annuleringsbeleid<\/em><br \/>Een consument is elke natuurlijke persoon die een rechtshandeling aangaat voor doeleinden die overwegend noch aan zijn of haar commerci\u00eble noch aan zijn of haar zelfstandige beroepsactiviteit kunnen worden toegeschreven.<\/p>\n<p><em>Herroepingsrecht<\/em><br \/>Sie haben das Recht, binnen vierzehn Tagen ohne Angabe von Gr\u00fcnden diesen Vertrag zu widerrufen. Die Widerrufsfrist betr\u00e4gt vierzehn Tage ab dem Tag des Vertragsschlusses. Um Ihr Widerrufsrecht auszu\u00fcben, m\u00fcssen Sie uns ([Einsetzen: Namen\/Firma, Anschrift, Telefonnummer und E-Mailadresse. Sie k\u00f6nnen auch den Shortcode [woocommerce_de_disclaimer_address_data] daf\u00fcr verwenden, und die Adresse in den Einstellungen hinterlegen.]) mittels einer eindeutigen Erkl\u00e4rung (z.B. ein mit der Post versandter Brief, oder eine E-Mail) \u00fcber Ihren Entschluss, diesen Vertrag zu widerrufen, informieren. Sie k\u00f6nnen daf\u00fcr das beigef\u00fcgte Muster-Widerrufsformular verwenden, das jedoch nicht vorgeschrieben ist. Zur Wahrung der Widerrufsfrist reicht es aus, dass Sie die Mitteilung \u00fcber die Aus\u00fcbung des Widerrufsrechts vor Ablauf der Widerrufsfrist absenden.<\/p>\n<p><em>Gevolgen van herroeping<\/em><br \/>Als je dit contract herroept, moeten we je alle betalingen die we van je hebben ontvangen, inclusief de leveringskosten (met uitzondering van de extra kosten die voortvloeien uit het feit dat je een ander type levering dan de door ons aangeboden goedkoopste standaardlevering hebt gekozen), onverwijld en uiterlijk binnen veertien dagen na de dag waarop we de kennisgeving van je herroeping van dit contract hebben ontvangen, terugbetalen. Voor deze terugbetaling gebruiken we hetzelfde betaalmiddel dat je voor de oorspronkelijke transactie hebt gebruikt, tenzij uitdrukkelijk anders met je is overeengekomen; in geen geval worden je voor deze terugbetaling kosten in rekening gebracht.<\/p>\n<p><em>Voorbeeldformulier voor annulering<\/em><br \/>(Als je het contract wilt herroepen, vul dan dit formulier in en stuur het terug).<br \/>- Aan [invoegen: Naam\/bedrijf, adres, e-mailadres en, indien beschikbaar, faxnummer]:<br \/>- Ik\/wij (*) herroepen hierbij de door mij\/ons (*) gesloten overeenkomst voor de aankoop van de volgende goederen (*)\/het verlenen van de volgende dienst (*)<br \/>- Besteld op (*)\/ontvangen op (*)<br \/>- Naam van de consument(en)<br \/>- Adres van de consument(en)<br \/>- Handtekening van de consument(en) (alleen bij kennisgeving op papier)<br \/>- Datum<br \/>&#8212;&#8212;&#8212;&#8212;&#8212;&#8212;&#8212;&#8212;&#8212;&#8212;&#8212;&#8212;&#8212;<br \/>(*) Doorhalen wat niet van toepassing is.<\/p>\n<p><em>Uitsluiting of voortijdig verstrijken van het herroepingsrecht<\/em><br \/>Het herroepingsrecht is niet van toepassing op overeenkomsten voor de levering van digitale inhoud die niet geprefabriceerd is en voor de productie waarvan een individuele keuze of bepaling door de consument bepalend is of die duidelijk is afgestemd op de persoonlijke behoeften van de consument.<br \/>Het recht op annulering vervalt voortijdig als wij pas met de uitvoering van de overeenkomst zijn begonnen nadat u a) hiermee uitdrukkelijk hebt ingestemd en tegelijkertijd hebt bevestigd dat u weet dat u uw recht op annulering verliest wanneer wij met de uitvoering van de overeenkomst beginnen en b) wij u de inhoud van uw verklaring binnen een redelijke termijn na het sluiten van de overeenkomst, maar uiterlijk bij de levering van de goederen of voordat met de uitvoering van de dienst wordt begonnen, op een duurzame gegevensdrager ter beschikking hebben gesteld. Houd er rekening mee dat wij het sluiten van het contract afhankelijk kunnen maken van de bovengenoemde toestemming en bevestiging. Het herroepingsrecht vervalt voortijdig als wij pas met de uitvoering van de overeenkomst zijn begonnen nadat je daarmee uitdrukkelijk hebt ingestemd en tegelijkertijd hebt bevestigd dat je weet dat je je herroepingsrecht verliest met het begin van de uitvoering van de overeenkomst van onze kant. Wij wijzen erop dat wij het sluiten van de overeenkomst afhankelijk kunnen maken van de bovengenoemde toestemming en bevestiging.<\/p>","protected":false},"excerpt":{"rendered":"","protected":false},"author":1,"featured_media":0,"parent":0,"menu_order":0,"comment_status":"closed","ping_status":"closed","template":"","meta":{"_acf_changed":false,"footnotes":""},"class_list":["post-42124","page","type-page","status-publish","hentry"],"acf":[],"jetpack_sharing_enabled":true,"head":{"html":["<meta name=\"wpsso-begin\" content=\"wpsso structured data begin\"\/>\n","<!-- generator:1 --><meta name=\"generator\" content=\"WPSSO Core 21.8.0\/L*\"\/>\n","<!-- generator:2 --><meta name=\"generator\" content=\"WPSSO REST 3.3.0\/S\"\/>\n","<!-- generator:3 --><meta name=\"generator\" content=\"WPSSO BC 5.3.0\/S\"\/>\n","<!-- generator:4 --><meta name=\"generator\" content=\"WPSSO SSM 3.4.0\/S\"\/>\n","<!-- generator:5 --><meta name=\"generator\" content=\"WPSSO UM 7.3.0\/S\"\/>\n","<link rel=\"shortlink\" href=\"https:\/\/followerninja.com\/nl\/?p=42124\"\/>\n","<meta property=\"fb:app_id\" content=\"966242223397117\"\/>\n","<meta property=\"og:type\" content=\"article\"\/>\n","<meta property=\"og:url\" content=\"https:\/\/followerninja.com\/nl\/intrekking_voor_digitale_inhoud\/\"\/>\n","<meta property=\"og:locale\" content=\"nl_NL\"\/>\n","<meta property=\"og:site_name\" content=\"Follower Ninja\"\/>\n","<meta property=\"og:title\" content=\"Widerruf f&uuml;r digitale Inhalte\"\/>\n","<meta property=\"og:description\" content=\"Widerrufsbelehrung f&uuml;r einen Vertrag &uuml;ber die Lieferung von digitalen Inhalten, die nicht auf einem k&ouml;rperlichen Datentr&auml;ger geliefert werdenWiderrufsbelehrungVerbraucher ist jede nat&uuml;rliche Person, die ein Rechtsgesch&auml;ft zu Zwecken abschlie&szlig;t, die &uuml;berwiegend weder ihrer gewerblichen noch ihrer...\"\/>\n","<meta property=\"og:updated_time\" content=\"2022-12-30T13:32:20+00:00\"\/>\n","<meta property=\"article:published_time\" content=\"2022-09-29T19:04:24+00:00\"\/>\n","<meta property=\"article:modified_time\" content=\"2022-12-30T13:32:20+00:00\"\/>\n","<meta name=\"twitter:domain\" content=\"followerninja.com\"\/>\n","<meta name=\"twitter:title\" content=\"Widerruf f&uuml;r digitale Inhalte\"\/>\n","<meta name=\"twitter:description\" content=\"Widerrufsbelehrung f&uuml;r einen Vertrag &uuml;ber die Lieferung von digitalen Inhalten, die nicht auf einem k&ouml;rperlichen Datentr&auml;ger geliefert werdenWiderrufsbelehrungVerbraucher ist jede nat&uuml;rliche...\"\/>\n","<meta name=\"twitter:card\" content=\"summary\"\/>\n","<meta name=\"twitter:label1\" content=\"Written by\"\/>\n","<meta name=\"twitter:data1\" content=\"followerninja\"\/>\n","<meta name=\"twitter:label2\" content=\"Est. reading time\"\/>\n","<meta name=\"twitter:data2\" content=\"3 minutes\"\/>\n","<meta name=\"author\" content=\"followerninja\"\/>\n","<script type=\"application\/ld+json\" id=\"wpsso-schema-graph\">{\n    \"@context\": \"https:\/\/schema.org\",\n    \"@graph\": [\n        {\n            \"@id\": \"\/intrekking_voor_digitale_inhoud\/#sso\/article\/42124\",\n            \"@context\": \"https:\/\/schema.org\",\n            \"@type\": \"Article\",\n            \"mainEntityOfPage\": \"https:\/\/followerninja.com\/nl\/intrekking_voor_digitale_inhoud\/\",\n            \"url\": \"https:\/\/followerninja.com\/nl\/intrekking_voor_digitale_inhoud\/\",\n            \"sameAs\": [\n                \"https:\/\/followerninja.com\/nl\/?p=42124\"\n            ],\n            \"name\": \"Widerruf f&uuml;r digitale Inhalte\",\n            \"description\": \"Widerrufsbelehrung f&uuml;r einen Vertrag &uuml;ber die Lieferung von digitalen Inhalten, die nicht auf einem k&ouml;rperlichen Datentr&auml;ger geliefert werdenWiderrufsbelehrungVerbraucher ist jede nat&uuml;rliche Person, die ein Rechtsgesch&auml;ft zu Zwecken abschlie&szlig;t, die &uuml;berwiegend weder ihrer gewerblichen noch ihrer...\",\n            \"publisher\": [\n                {\n                    \"@id\": \"\/#sso\/organization\/site\/org-banner-url\"\n                }\n            ],\n            \"headline\": \"Widerruf f&uuml;r digitale Inhalte\",\n            \"inLanguage\": \"nl_NL\",\n            \"datePublished\": \"2022-09-29T19:04:24+00:00\",\n            \"dateModified\": \"2022-12-30T13:32:20+00:00\",\n            \"author\": {\n                \"@id\": \"\/dae677878cc8fce54883284c9878c81b#sso\/person\"\n            },\n            \"timeRequired\": \"PT3M\",\n            \"speakable\": {\n                \"@context\": \"https:\/\/schema.org\",\n                \"@type\": \"SpeakableSpecification\",\n                \"cssSelector\": [\n                    \".wp-block-post-title\",\n                    \".speakable\"\n                ]\n            }\n        },\n        {\n            \"@id\": \"\/#sso\/organization\/site\/org-banner-url\",\n            \"@context\": \"https:\/\/schema.org\",\n            \"@type\": \"Organization\",\n            \"url\": \"https:\/\/followerninja.com\/nl\/\",\n            \"name\": \"Follower Ninja\",\n            \"description\": \"Social Media Follower\",\n            \"image\": [\n                {\n                    \"@id\": \"http:\/\/followerninja.com\/wp-content\/uploads\/2023\/06\/follower-ninja.png#sso\/image-object\"\n                }\n            ],\n            \"logo\": {\n                \"@id\": \"http:\/\/followerninja.com\/wp-content\/uploads\/2023\/02\/FOLLOWER-NINJA-TIKTOK-FOLLOWER.png#sso\/image-object\"\n            }\n        },\n        {\n            \"@id\": \"http:\/\/followerninja.com\/wp-content\/uploads\/2023\/06\/follower-ninja.png#sso\/image-object\",\n            \"@context\": \"https:\/\/schema.org\",\n            \"@type\": \"ImageObject\",\n            \"url\": \"http:\/\/followerninja.com\/wp-content\/uploads\/2023\/06\/follower-ninja.png\",\n            \"width\": [\n                {\n                    \"@id\": \"#sso\/qv-width-px-616\"\n                }\n            ],\n            \"height\": [\n                {\n                    \"@id\": \"#sso\/qv-height-px-282\"\n                }\n            ]\n        },\n        {\n            \"@id\": \"#sso\/qv-width-px-616\",\n            \"@context\": \"https:\/\/schema.org\",\n            \"@type\": \"QuantitativeValue\",\n            \"name\": \"Width\",\n            \"unitText\": \"px\",\n            \"unitCode\": \"E37\",\n            \"value\": \"616\"\n        },\n        {\n            \"@id\": \"#sso\/qv-height-px-282\",\n            \"@context\": \"https:\/\/schema.org\",\n            \"@type\": \"QuantitativeValue\",\n            \"name\": \"Height\",\n            \"unitText\": \"px\",\n            \"unitCode\": \"E37\",\n            \"value\": \"282\"\n        },\n        {\n            \"@id\": \"http:\/\/followerninja.com\/wp-content\/uploads\/2023\/02\/FOLLOWER-NINJA-TIKTOK-FOLLOWER.png#sso\/image-object\",\n            \"@context\": \"https:\/\/schema.org\",\n            \"@type\": \"ImageObject\",\n            \"url\": \"http:\/\/followerninja.com\/wp-content\/uploads\/2023\/02\/FOLLOWER-NINJA-TIKTOK-FOLLOWER.png\",\n            \"width\": [\n                {\n                    \"@id\": \"#sso\/qv-width-px-2400\"\n                }\n            ],\n            \"height\": [\n                {\n                    \"@id\": \"#sso\/qv-height-px-2074\"\n                }\n            ]\n        },\n        {\n            \"@id\": \"#sso\/qv-width-px-2400\",\n            \"@context\": \"https:\/\/schema.org\",\n            \"@type\": \"QuantitativeValue\",\n            \"name\": \"Width\",\n            \"unitText\": \"px\",\n            \"unitCode\": \"E37\",\n            \"value\": \"2400\"\n        },\n        {\n            \"@id\": \"#sso\/qv-height-px-2074\",\n            \"@context\": \"https:\/\/schema.org\",\n            \"@type\": \"QuantitativeValue\",\n            \"name\": \"Height\",\n            \"unitText\": \"px\",\n            \"unitCode\": \"E37\",\n            \"value\": \"2074\"\n        },\n        {\n            \"@id\": \"\/dae677878cc8fce54883284c9878c81b#sso\/person\",\n            \"@context\": \"https:\/\/schema.org\",\n            \"@type\": \"Person\",\n            \"url\": \"http:\/\/followerninja.com\/\",\n            \"name\": \"followerninja\",\n            \"givenName\": \"Nami\",\n            \"familyName\": \"Shams\",\n            \"description\": \"Follower Ninja - Social Media Profis\",\n            \"image\": [\n                {\n                    \"@id\": \"https:\/\/secure.gravatar.com\/avatar\/51fd3ca1505ce8c9465a64104b9d54df.jpg?d=mp&s=1200#sso\/image-object\"\n                }\n            ]\n        },\n        {\n            \"@id\": \"https:\/\/secure.gravatar.com\/avatar\/51fd3ca1505ce8c9465a64104b9d54df.jpg?d=mp&s=1200#sso\/image-object\",\n            \"@context\": \"https:\/\/schema.org\",\n            \"@type\": \"ImageObject\",\n            \"url\": \"https:\/\/secure.gravatar.com\/avatar\/51fd3ca1505ce8c9465a64104b9d54df.jpg?d=mp&s=1200\",\n            \"width\": [\n                {\n                    \"@id\": \"#sso\/qv-width-px-1200\"\n                }\n            ],\n            \"height\": [\n                {\n                    \"@id\": \"#sso\/qv-height-px-1200\"\n                }\n            ]\n        },\n        {\n            \"@id\": \"#sso\/qv-width-px-1200\",\n            \"@context\": \"https:\/\/schema.org\",\n            \"@type\": \"QuantitativeValue\",\n            \"name\": \"Width\",\n            \"unitText\": \"px\",\n            \"unitCode\": \"E37\",\n            \"value\": \"1200\"\n        },\n        {\n            \"@id\": \"#sso\/qv-height-px-1200\",\n            \"@context\": \"https:\/\/schema.org\",\n            \"@type\": \"QuantitativeValue\",\n            \"name\": \"Height\",\n            \"unitText\": \"px\",\n            \"unitCode\": \"E37\",\n            \"value\": \"1200\"\n        },\n        {\n            \"@id\": \"\/intrekking_voor_digitale_inhoud\/#sso\/breadcrumb-list\/42124\",\n            \"@context\": \"https:\/\/schema.org\",\n            \"@type\": \"BreadcrumbList\",\n            \"url\": \"https:\/\/followerninja.com\/nl\/intrekking_voor_digitale_inhoud\/\",\n            \"itemListElement\": [\n                {\n                    \"@context\": \"https:\/\/schema.org\",\n                    \"@type\": \"ListItem\",\n                    \"position\": 1,\n                    \"name\": \"Home\",\n                    \"item\": \"https:\/\/followerninja.com\/nl\/\"\n                },\n                {\n                    \"@context\": \"https:\/\/schema.org\",\n                    \"@type\": \"ListItem\",\n                    \"position\": 2,\n                    \"name\": \"Blog\",\n                    \"item\": \"https:\/\/followerninja.com\/\"\n                },\n                {\n                    \"@context\": \"https:\/\/schema.org\",\n                    \"@type\": \"ListItem\",\n                    \"position\": 3,\n                    \"name\": \"Widerruf f&uuml;r digitale Inhalte\",\n                    \"item\": \"https:\/\/followerninja.com\/nl\/intrekking_voor_digitale_inhoud\/\"\n                }\n            ]\n        }\n    ]\n}<\/script>\n","<meta name=\"wpsso-end\" content=\"wpsso structured data end\"\/>\n","<meta name=\"wpsso-cached\" content=\"2026-04-06T05:49:14+00:00 for followerninja.com\"\/>\n"],"json":[{"@context":"https:\/\/schema.org","@graph":[{"@id":"\/intrekking_voor_digitale_inhoud\/#sso\/article\/42124","@context":"https:\/\/schema.org","@type":"Article","mainEntityOfPage":"https:\/\/followerninja.com\/nl\/intrekking_voor_digitale_inhoud\/","url":"https:\/\/followerninja.com\/nl\/intrekking_voor_digitale_inhoud\/","sameAs":["https:\/\/followerninja.com\/nl\/?p=42124"],"name":"Widerruf f&uuml;r digitale Inhalte","description":"Widerrufsbelehrung f&uuml;r einen Vertrag &uuml;ber die Lieferung von digitalen Inhalten, die nicht auf einem k&ouml;rperlichen Datentr&auml;ger geliefert werdenWiderrufsbelehrungVerbraucher ist jede nat&uuml;rliche Person, die ein Rechtsgesch&auml;ft zu Zwecken abschlie&szlig;t, die &uuml;berwiegend weder ihrer gewerblichen noch ihrer...","publisher":[{"@id":"\/#sso\/organization\/site\/org-banner-url"}],"headline":"Widerruf f&uuml;r digitale Inhalte","inLanguage":"nl_NL","datePublished":"2022-09-29T19:04:24+00:00","dateModified":"2022-12-30T13:32:20+00:00","author":{"@id":"\/dae677878cc8fce54883284c9878c81b#sso\/person"},"timeRequired":"PT3M","speakable":{"@context":"https:\/\/schema.org","@type":"SpeakableSpecification","cssSelector":[".wp-block-post-title",".speakable"]}},{"@id":"\/#sso\/organization\/site\/org-banner-url","@context":"https:\/\/schema.org","@type":"Organization","url":"https:\/\/followerninja.com\/nl\/","name":"Follower Ninja","description":"Social Media Follower","image":[{"@id":"http:\/\/followerninja.com\/wp-content\/uploads\/2023\/06\/follower-ninja.png#sso\/image-object"}],"logo":{"@id":"http:\/\/followerninja.com\/wp-content\/uploads\/2023\/02\/FOLLOWER-NINJA-TIKTOK-FOLLOWER.png#sso\/image-object"}},{"@id":"http:\/\/followerninja.com\/wp-content\/uploads\/2023\/06\/follower-ninja.png#sso\/image-object","@context":"https:\/\/schema.org","@type":"ImageObject","url":"http:\/\/followerninja.com\/wp-content\/uploads\/2023\/06\/follower-ninja.png","width":[{"@id":"#sso\/qv-width-px-616"}],"height":[{"@id":"#sso\/qv-height-px-282"}]},{"@id":"#sso\/qv-width-px-616","@context":"https:\/\/schema.org","@type":"QuantitativeValue","name":"Width","unitText":"px","unitCode":"E37","value":"616"},{"@id":"#sso\/qv-height-px-282","@context":"https:\/\/schema.org","@type":"QuantitativeValue","name":"Height","unitText":"px","unitCode":"E37","value":"282"},{"@id":"http:\/\/followerninja.com\/wp-content\/uploads\/2023\/02\/FOLLOWER-NINJA-TIKTOK-FOLLOWER.png#sso\/image-object","@context":"https:\/\/schema.org","@type":"ImageObject","url":"http:\/\/followerninja.com\/wp-content\/uploads\/2023\/02\/FOLLOWER-NINJA-TIKTOK-FOLLOWER.png","width":[{"@id":"#sso\/qv-width-px-2400"}],"height":[{"@id":"#sso\/qv-height-px-2074"}]},{"@id":"#sso\/qv-width-px-2400","@context":"https:\/\/schema.org","@type":"QuantitativeValue","name":"Width","unitText":"px","unitCode":"E37","value":"2400"},{"@id":"#sso\/qv-height-px-2074","@context":"https:\/\/schema.org","@type":"QuantitativeValue","name":"Height","unitText":"px","unitCode":"E37","value":"2074"},{"@id":"\/dae677878cc8fce54883284c9878c81b#sso\/person","@context":"https:\/\/schema.org","@type":"Person","url":"http:\/\/followerninja.com\/","name":"followerninja","givenName":"Nami","familyName":"Shams","description":"Follower Ninja - Social Media Profis","image":[{"@id":"https:\/\/secure.gravatar.com\/avatar\/51fd3ca1505ce8c9465a64104b9d54df.jpg?d=mp&s=1200#sso\/image-object"}]},{"@id":"https:\/\/secure.gravatar.com\/avatar\/51fd3ca1505ce8c9465a64104b9d54df.jpg?d=mp&s=1200#sso\/image-object","@context":"https:\/\/schema.org","@type":"ImageObject","url":"https:\/\/secure.gravatar.com\/avatar\/51fd3ca1505ce8c9465a64104b9d54df.jpg?d=mp&s=1200","width":[{"@id":"#sso\/qv-width-px-1200"}],"height":[{"@id":"#sso\/qv-height-px-1200"}]},{"@id":"#sso\/qv-width-px-1200","@context":"https:\/\/schema.org","@type":"QuantitativeValue","name":"Width","unitText":"px","unitCode":"E37","value":"1200"},{"@id":"#sso\/qv-height-px-1200","@context":"https:\/\/schema.org","@type":"QuantitativeValue","name":"Height","unitText":"px","unitCode":"E37","value":"1200"},{"@id":"\/intrekking_voor_digitale_inhoud\/#sso\/breadcrumb-list\/42124","@context":"https:\/\/schema.org","@type":"BreadcrumbList","url":"https:\/\/followerninja.com\/nl\/intrekking_voor_digitale_inhoud\/","itemListElement":[{"@context":"https:\/\/schema.org","@type":"ListItem","position":1,"name":"Home","item":"https:\/\/followerninja.com\/nl\/"},{"@context":"https:\/\/schema.org","@type":"ListItem","position":2,"name":"Blog","item":"https:\/\/followerninja.com\/"},{"@context":"https:\/\/schema.org","@type":"ListItem","position":3,"name":"Widerruf f&uuml;r digitale Inhalte","item":"https:\/\/followerninja.com\/nl\/intrekking_voor_digitale_inhoud\/"}]}]}],"parts":[["meta","name","generator","content","WPSSO Core 21.8.0\/L*","generator:1"],["meta","name","generator","content","WPSSO REST 3.3.0\/S","generator:2"],["meta","name","generator","content","WPSSO BC 5.3.0\/S","generator:3"],["meta","name","generator","content","WPSSO SSM 3.4.0\/S","generator:4"],["meta","name","generator","content","WPSSO UM 7.3.0\/S","generator:5"],["link","rel","shortlink","href","https:\/\/followerninja.com\/nl\/?p=42124",""],["meta","property","fb:app_id","content","966242223397117",""],["meta","property","og:time","content","2026-04-06T05:49:14+00:00",""],["meta","property","og:type","content","article",""],["meta","property","og:url","content","https:\/\/followerninja.com\/nl\/intrekking_voor_digitale_inhoud\/",""],["meta","property","og:locale","content","nl_NL",""],["meta","property","og:site_name","content","Follower Ninja",""],["meta","property","og:title","content","Widerruf f&uuml;r digitale Inhalte",""],["meta","property","og:description","content","Widerrufsbelehrung f&uuml;r einen Vertrag &uuml;ber die Lieferung von digitalen Inhalten, die nicht auf einem k&ouml;rperlichen Datentr&auml;ger geliefert werdenWiderrufsbelehrungVerbraucher ist jede nat&uuml;rliche Person, die ein Rechtsgesch&auml;ft zu Zwecken abschlie&szlig;t, die &uuml;berwiegend weder ihrer gewerblichen noch ihrer...",""],["meta","property","og:updated_time","content","2022-12-30T13:32:20+00:00",""],["meta","name","schema:language","content","nl_NL",""],["meta","name","schema:type:id","content","article",""],["meta","name","schema:type:url","content","https:\/\/schema.org\/Article",""],["meta","name","schema:type:context","content","https:\/\/schema.org",""],["meta","name","schema:type:name","content","Article",""],["meta","name","schema:type:path","content","schema.org\/Article",""],["meta","property","article:author:name","content","followerninja",""],["meta","property","article:published_time","content","2022-09-29T19:04:24+00:00",""],["meta","property","article:modified_time","content","2022-12-30T13:32:20+00:00",""],["meta","property","article:reading_mins","content","3",""],["meta","name","twitter:domain","content","followerninja.com",""],["meta","name","twitter:title","content","Widerruf f&uuml;r digitale Inhalte",""],["meta","name","twitter:description","content","Widerrufsbelehrung f&uuml;r einen Vertrag &uuml;ber die Lieferung von digitalen Inhalten, die nicht auf einem k&ouml;rperlichen Datentr&auml;ger geliefert werdenWiderrufsbelehrungVerbraucher ist jede nat&uuml;rliche...",""],["meta","name","twitter:card","content","summary",""],["meta","name","twitter:label1","content","Written by",""],["meta","name","twitter:data1","content","followerninja",""],["meta","name","twitter:label2","content","Est. reading time",""],["meta","name","twitter:data2","content","3 minutes",""],["meta","name","author","content","followerninja",""]]},"_links":{"self":[{"href":"https:\/\/followerninja.com\/nl\/wp-json\/wp\/v2\/pages\/42124","targetHints":{"allow":["GET"]}}],"collection":[{"href":"https:\/\/followerninja.com\/nl\/wp-json\/wp\/v2\/pages"}],"about":[{"href":"https:\/\/followerninja.com\/nl\/wp-json\/wp\/v2\/types\/page"}],"author":[{"embeddable":true,"href":"https:\/\/followerninja.com\/nl\/wp-json\/wp\/v2\/users\/1"}],"replies":[{"embeddable":true,"href":"https:\/\/followerninja.com\/nl\/wp-json\/wp\/v2\/comments?post=42124"}],"version-history":[{"count":0,"href":"https:\/\/followerninja.com\/nl\/wp-json\/wp\/v2\/pages\/42124\/revisions"}],"wp:attachment":[{"href":"https:\/\/followerninja.com\/nl\/wp-json\/wp\/v2\/media?parent=42124"}],"curies":[{"name":"wp","href":"https:\/\/api.w.org\/{rel}","templated":true}]}}