{"id":49454,"date":"2025-02-04T22:56:35","date_gmt":"2025-02-04T21:56:35","guid":{"rendered":"https:\/\/followerninja.com\/lets-keep-in-touch\/"},"modified":"2025-02-04T22:56:35","modified_gmt":"2025-02-04T21:56:35","slug":"pozostanmy-w-kontakcie","status":"publish","type":"page","link":"https:\/\/followerninja.com\/pl\/pozostanmy-w-kontakcie\/","title":{"rendered":"Pozosta\u0144my w kontakcie"},"content":{"rendered":"<p>Cze\u015b\u0107 <span id=\"bwfan_unsubscribe_name\">John<\/span> <\/p>\n<p>Pom\u00f3\u017c nam poprawi\u0107 Twoje do\u015bwiadczenia z nami poprzez lepsz\u0105 komunikacj\u0119. Dostosuj swoje preferencje dotycz\u0105ce poczty e-mail <span id=\"bwfan_unsubscribe_recipient\">john@example.com<\/span>. <\/p>\n<style type='text\/css'>\n\t\t\ta#bwfan_unsubscribe {\n\t\t\t    text-shadow: none;\n\t\t\t    display: inline-block;\n\t\t\t    padding: 15px 20px;\n\t\t\t    cursor: pointer;\n\t\t\t    text-decoration: none !important;\n\t\t\t}\n\t\t\t.bwfan_loading{opacity: 1!important;position: relative;color: rgba(255,255,255,.05)!important;pointer-events: none!important;}\n\t\t\t.bwfan_loading::-moz-selection {color: rgba(255, 255, 255, .05) !important;}\n\t\t\t.bwfan_loading::selection {color: rgba(255, 255, 255, .05) !important;}\n\t\t\t.bwfan_loading:after {animation: bwfan_spin 500ms infinite linear;border: 2px solid #fff;border-radius: 50%;border-right-color: transparent !important;border-top-color: transparent !important;content: '';display: block;width: 16px;height: 16px;top: 50%;left: 50%;margin-top: -8px;margin-left: -8px;position: absolute;}\n\t\t\t@keyframes bwfan_spin { 0% {transform: rotate(0deg)}100% {transform: rotate(360deg)}}\n\t\t<\/style><form id=\"bwfan_unsubscribe_fields\" action=\"\">        <style>\n            .bwfan-unsubscribe-single-list {\n                border-bottom: 1px solid #aaa;\n                padding: 20px;\n            }\n\n            .bwfan-unsubscribe-single-list:last-child {\n                border: none;\n                padding: 20px;\n            }\n\n            .bwfan-unsubscribe-single-list p {\n                margin-top: 3px;\n                margin-bottom: 0;\n            }\n\n            .bwfan-unsubscribe-single-list label {\n                margin-left: 10px;\n            }\n\n            p.bwfan-unsubscribe-list-description {\n                font-size: 14px;\n            }\n\n            .bwfan-unsubscribe-lists {\n                margin-bottom: 30px;\n            }\n\n            .bwfan-unsubscribe-from-all-lists label {\n                font-size: 16px;\n                font-weight: 500;\n            }\n\n            .bwfan_response {\n                margin-top: 12px;\n            }\n        <\/style>\n        <div class=\"bwfan-unsubscribe-lists\" id=\"bwfan-unsubscribe-lists\">\n\t\t\t            <!-- Global Unsubscription option -->\n            <div class=\"bwfan-unsubscribe-single-list bwfan-unsubscribe-from-all-lists\">\n                <div class=\"bwfan-unsubscribe-list-checkbox\">\n                    <input id=\"bwfan-list-unsubscribe-all\" type=\"checkbox\" value=\"unsubscribe_all\"  \/>\n                    <label for=\"bwfan-list-unsubscribe-all\">Zrezygnuj z subskrypcji wszystkich list e-mail<\/label>\n                <\/div>\n\t\t\t\t                    <p class=\"bwfan-unsubscribe-list-description\">Nadal b\u0119dziesz otrzymywa\u0107 wa\u017cne wiadomo\u015bci e-mail dotycz\u0105ce rozlicze\u0144 i transakcji<\/p>\n\t\t\t\t            <\/div>\n        <\/div>\n\t\t<a id=\"bwfan_unsubscribe\" class=\"button-primary button\" href=\"#\">Update my preference<\/a><input type=\"hidden\" id=\"bwfan_one_click\" value=\"0\" name=\"one_click\"><input type=\"hidden\" id=\"bwfan_unsubscribe_nonce\" value=\"4d7772bfa9\" name=\"bwfan_unsubscribe_nonce\"><input type=\"hidden\" name=\"trp-form-language\" value=\"pl\"\/><\/form>.<\/p>","protected":false},"excerpt":{"rendered":"<p>Cze\u015b\u0107 Pom\u00f3\u017c nam poprawi\u0107 Twoje do\u015bwiadczenia z nami poprzez lepsz\u0105 komunikacj\u0119. Dostosuj swoje preferencje dotycz\u0105ce poczty e-mail. .<\/p>","protected":false},"author":1,"featured_media":0,"parent":0,"menu_order":0,"comment_status":"closed","ping_status":"closed","template":"","meta":{"_acf_changed":false,"footnotes":""},"class_list":["post-49454","page","type-page","status-publish","hentry"],"acf":[],"jetpack_sharing_enabled":true,"head":{"html":["<meta name=\"wpsso-begin\" content=\"wpsso structured data begin\"\/>\n","<!-- generator:1 --><meta name=\"generator\" content=\"WPSSO Core 21.8.0\/L*\"\/>\n","<!-- generator:2 --><meta name=\"generator\" content=\"WPSSO REST 3.3.0\/S\"\/>\n","<!-- generator:3 --><meta name=\"generator\" content=\"WPSSO BC 5.3.0\/S\"\/>\n","<!-- generator:4 --><meta name=\"generator\" content=\"WPSSO SSM 3.4.0\/S\"\/>\n","<!-- generator:5 --><meta name=\"generator\" content=\"WPSSO UM 7.3.0\/S\"\/>\n","<link rel=\"shortlink\" href=\"https:\/\/followerninja.com\/pl\/?p=49454\"\/>\n","<meta property=\"fb:app_id\" content=\"966242223397117\"\/>\n","<meta property=\"og:type\" content=\"article\"\/>\n","<meta property=\"og:url\" content=\"https:\/\/followerninja.com\/pl\/pozostanmy-w-kontakcie\/\"\/>\n","<meta property=\"og:locale\" content=\"pl_PL\"\/>\n","<meta property=\"og:site_name\" content=\"Follower Ninja\"\/>\n","<meta property=\"og:title\" content=\"Let&rsquo;s Keep In Touch\"\/>\n","<meta property=\"og:description\" content=\"Hi Help us to improve your experience with us through better communication. Please adjust your preferences for email . .\"\/>\n","<meta property=\"og:updated_time\" content=\"2025-02-04T21:56:35+00:00\"\/>\n","<meta property=\"article:published_time\" content=\"2025-02-04T21:56:35+00:00\"\/>\n","<meta property=\"article:modified_time\" content=\"2025-02-04T21:56:35+00:00\"\/>\n","<meta name=\"twitter:domain\" content=\"followerninja.com\"\/>\n","<meta name=\"twitter:title\" content=\"Let&rsquo;s Keep In Touch\"\/>\n","<meta name=\"twitter:description\" content=\"Hi Help us to improve your experience with us through better communication. Please adjust your preferences for email . .\"\/>\n","<meta name=\"twitter:card\" content=\"summary\"\/>\n","<meta name=\"twitter:label1\" content=\"Written by\"\/>\n","<meta name=\"twitter:data1\" content=\"followerninja\"\/>\n","<meta name=\"author\" content=\"followerninja\"\/>\n","<script type=\"application\/ld+json\" id=\"wpsso-schema-graph\">{\n    \"@context\": \"https:\/\/schema.org\",\n    \"@graph\": [\n        {\n            \"@id\": \"\/pozostanmy-w-kontakcie\/#sso\/article\/49454\",\n            \"@context\": \"https:\/\/schema.org\",\n            \"@type\": \"Article\",\n            \"mainEntityOfPage\": \"https:\/\/followerninja.com\/pl\/pozostanmy-w-kontakcie\/\",\n            \"url\": \"https:\/\/followerninja.com\/pl\/pozostanmy-w-kontakcie\/\",\n            \"sameAs\": [\n                \"https:\/\/followerninja.com\/pl\/?p=49454\"\n            ],\n            \"name\": \"Let&rsquo;s Keep In Touch\",\n            \"description\": \"Hi Help us to improve your experience with us through better communication. Please adjust your preferences for email . .\",\n            \"publisher\": [\n                {\n                    \"@id\": \"\/#sso\/organization\/site\/org-banner-url\"\n                }\n            ],\n            \"headline\": \"Let&rsquo;s Keep In Touch\",\n            \"inLanguage\": \"pl_PL\",\n            \"datePublished\": \"2025-02-04T21:56:35+00:00\",\n            \"dateModified\": \"2025-02-04T21:56:35+00:00\",\n            \"author\": {\n                \"@id\": \"\/f761251b00fffb1b7615376f364c2a74#sso\/person\"\n            },\n            \"speakable\": {\n                \"@context\": \"https:\/\/schema.org\",\n                \"@type\": \"SpeakableSpecification\",\n                \"cssSelector\": [\n                    \".wp-block-post-title\",\n                    \".speakable\"\n                ]\n            }\n        },\n        {\n            \"@id\": \"\/#sso\/organization\/site\/org-banner-url\",\n            \"@context\": \"https:\/\/schema.org\",\n            \"@type\": \"Organization\",\n            \"url\": \"https:\/\/followerninja.com\/pl\/\",\n            \"name\": \"Follower Ninja\",\n            \"description\": \"Social Media Follower\",\n            \"image\": [\n                {\n                    \"@id\": \"http:\/\/followerninja.com\/wp-content\/uploads\/2023\/06\/follower-ninja.png#sso\/image-object\"\n                }\n            ],\n            \"logo\": {\n                \"@id\": \"http:\/\/followerninja.com\/wp-content\/uploads\/2023\/02\/FOLLOWER-NINJA-TIKTOK-FOLLOWER.png#sso\/image-object\"\n            }\n        },\n        {\n            \"@id\": \"http:\/\/followerninja.com\/wp-content\/uploads\/2023\/06\/follower-ninja.png#sso\/image-object\",\n            \"@context\": \"https:\/\/schema.org\",\n            \"@type\": \"ImageObject\",\n            \"url\": \"http:\/\/followerninja.com\/wp-content\/uploads\/2023\/06\/follower-ninja.png\",\n            \"width\": [\n                {\n                    \"@id\": \"#sso\/qv-width-px-616\"\n                }\n            ],\n            \"height\": [\n                {\n                    \"@id\": \"#sso\/qv-height-px-282\"\n                }\n            ]\n        },\n        {\n            \"@id\": \"#sso\/qv-width-px-616\",\n            \"@context\": \"https:\/\/schema.org\",\n            \"@type\": \"QuantitativeValue\",\n            \"name\": \"Width\",\n            \"unitText\": \"px\",\n            \"unitCode\": \"E37\",\n            \"value\": \"616\"\n        },\n        {\n            \"@id\": \"#sso\/qv-height-px-282\",\n            \"@context\": \"https:\/\/schema.org\",\n            \"@type\": \"QuantitativeValue\",\n            \"name\": \"Height\",\n            \"unitText\": \"px\",\n            \"unitCode\": \"E37\",\n            \"value\": \"282\"\n        },\n        {\n            \"@id\": \"http:\/\/followerninja.com\/wp-content\/uploads\/2023\/02\/FOLLOWER-NINJA-TIKTOK-FOLLOWER.png#sso\/image-object\",\n            \"@context\": \"https:\/\/schema.org\",\n            \"@type\": \"ImageObject\",\n            \"url\": \"http:\/\/followerninja.com\/wp-content\/uploads\/2023\/02\/FOLLOWER-NINJA-TIKTOK-FOLLOWER.png\",\n            \"width\": [\n                {\n                    \"@id\": \"#sso\/qv-width-px-2400\"\n                }\n            ],\n            \"height\": [\n                {\n                    \"@id\": \"#sso\/qv-height-px-2074\"\n                }\n            ]\n        },\n        {\n            \"@id\": \"#sso\/qv-width-px-2400\",\n            \"@context\": \"https:\/\/schema.org\",\n            \"@type\": \"QuantitativeValue\",\n            \"name\": \"Width\",\n            \"unitText\": \"px\",\n            \"unitCode\": \"E37\",\n            \"value\": \"2400\"\n        },\n        {\n            \"@id\": \"#sso\/qv-height-px-2074\",\n            \"@context\": \"https:\/\/schema.org\",\n            \"@type\": \"QuantitativeValue\",\n            \"name\": \"Height\",\n            \"unitText\": \"px\",\n            \"unitCode\": \"E37\",\n            \"value\": \"2074\"\n        },\n        {\n            \"@id\": \"\/f761251b00fffb1b7615376f364c2a74#sso\/person\",\n            \"@context\": \"https:\/\/schema.org\",\n            \"@type\": \"Person\",\n            \"url\": \"http:\/\/followerninja.com\/\",\n            \"name\": \"followerninja\",\n            \"givenName\": \"Nami\",\n            \"familyName\": \"Shams\",\n            \"description\": \"Follower Ninja - Social Media Profis\",\n            \"image\": [\n                {\n                    \"@id\": \"https:\/\/secure.gravatar.com\/avatar\/51fd3ca1505ce8c9465a64104b9d54df.jpg?d=mp&s=1200#sso\/image-object\"\n                }\n            ]\n        },\n        {\n            \"@id\": \"https:\/\/secure.gravatar.com\/avatar\/51fd3ca1505ce8c9465a64104b9d54df.jpg?d=mp&s=1200#sso\/image-object\",\n            \"@context\": \"https:\/\/schema.org\",\n            \"@type\": \"ImageObject\",\n            \"url\": \"https:\/\/secure.gravatar.com\/avatar\/51fd3ca1505ce8c9465a64104b9d54df.jpg?d=mp&s=1200\",\n            \"width\": [\n                {\n                    \"@id\": \"#sso\/qv-width-px-1200\"\n                }\n            ],\n            \"height\": [\n                {\n                    \"@id\": \"#sso\/qv-height-px-1200\"\n                }\n            ]\n        },\n        {\n            \"@id\": \"#sso\/qv-width-px-1200\",\n            \"@context\": \"https:\/\/schema.org\",\n            \"@type\": \"QuantitativeValue\",\n            \"name\": \"Width\",\n            \"unitText\": \"px\",\n            \"unitCode\": \"E37\",\n            \"value\": \"1200\"\n        },\n        {\n            \"@id\": \"#sso\/qv-height-px-1200\",\n            \"@context\": \"https:\/\/schema.org\",\n            \"@type\": \"QuantitativeValue\",\n            \"name\": \"Height\",\n            \"unitText\": \"px\",\n            \"unitCode\": \"E37\",\n            \"value\": \"1200\"\n        },\n        {\n            \"@id\": \"\/pozostanmy-w-kontakcie\/#sso\/breadcrumb-list\/49454\",\n            \"@context\": \"https:\/\/schema.org\",\n            \"@type\": \"BreadcrumbList\",\n            \"url\": \"https:\/\/followerninja.com\/pl\/pozostanmy-w-kontakcie\/\",\n            \"itemListElement\": [\n                {\n                    \"@context\": \"https:\/\/schema.org\",\n                    \"@type\": \"ListItem\",\n                    \"position\": 1,\n                    \"name\": \"Home\",\n                    \"item\": \"https:\/\/followerninja.com\/pl\/\"\n                },\n                {\n                    \"@context\": \"https:\/\/schema.org\",\n                    \"@type\": \"ListItem\",\n                    \"position\": 2,\n                    \"name\": \"Blog\",\n                    \"item\": \"https:\/\/followerninja.com\/\"\n                },\n                {\n                    \"@context\": \"https:\/\/schema.org\",\n                    \"@type\": \"ListItem\",\n                    \"position\": 3,\n                    \"name\": \"Let&rsquo;s Keep In Touch\",\n                    \"item\": \"https:\/\/followerninja.com\/pl\/pozostanmy-w-kontakcie\/\"\n                }\n            ]\n        }\n    ]\n}<\/script>\n","<meta name=\"wpsso-end\" content=\"wpsso structured data end\"\/>\n","<meta name=\"wpsso-cached\" content=\"2026-04-05T16:47:19+00:00 for followerninja.com\"\/>\n"],"json":[{"@context":"https:\/\/schema.org","@graph":[{"@id":"\/pozostanmy-w-kontakcie\/#sso\/article\/49454","@context":"https:\/\/schema.org","@type":"Article","mainEntityOfPage":"https:\/\/followerninja.com\/pl\/pozostanmy-w-kontakcie\/","url":"https:\/\/followerninja.com\/pl\/pozostanmy-w-kontakcie\/","sameAs":["https:\/\/followerninja.com\/pl\/?p=49454"],"name":"Let&rsquo;s Keep In Touch","description":"Hi Help us to improve your experience with us through better communication. Please adjust your preferences for email . .","publisher":[{"@id":"\/#sso\/organization\/site\/org-banner-url"}],"headline":"Let&rsquo;s Keep In Touch","inLanguage":"pl_PL","datePublished":"2025-02-04T21:56:35+00:00","dateModified":"2025-02-04T21:56:35+00:00","author":{"@id":"\/f761251b00fffb1b7615376f364c2a74#sso\/person"},"speakable":{"@context":"https:\/\/schema.org","@type":"SpeakableSpecification","cssSelector":[".wp-block-post-title",".speakable"]}},{"@id":"\/#sso\/organization\/site\/org-banner-url","@context":"https:\/\/schema.org","@type":"Organization","url":"https:\/\/followerninja.com\/pl\/","name":"Follower Ninja","description":"Social Media Follower","image":[{"@id":"http:\/\/followerninja.com\/wp-content\/uploads\/2023\/06\/follower-ninja.png#sso\/image-object"}],"logo":{"@id":"http:\/\/followerninja.com\/wp-content\/uploads\/2023\/02\/FOLLOWER-NINJA-TIKTOK-FOLLOWER.png#sso\/image-object"}},{"@id":"http:\/\/followerninja.com\/wp-content\/uploads\/2023\/06\/follower-ninja.png#sso\/image-object","@context":"https:\/\/schema.org","@type":"ImageObject","url":"http:\/\/followerninja.com\/wp-content\/uploads\/2023\/06\/follower-ninja.png","width":[{"@id":"#sso\/qv-width-px-616"}],"height":[{"@id":"#sso\/qv-height-px-282"}]},{"@id":"#sso\/qv-width-px-616","@context":"https:\/\/schema.org","@type":"QuantitativeValue","name":"Width","unitText":"px","unitCode":"E37","value":"616"},{"@id":"#sso\/qv-height-px-282","@context":"https:\/\/schema.org","@type":"QuantitativeValue","name":"Height","unitText":"px","unitCode":"E37","value":"282"},{"@id":"http:\/\/followerninja.com\/wp-content\/uploads\/2023\/02\/FOLLOWER-NINJA-TIKTOK-FOLLOWER.png#sso\/image-object","@context":"https:\/\/schema.org","@type":"ImageObject","url":"http:\/\/followerninja.com\/wp-content\/uploads\/2023\/02\/FOLLOWER-NINJA-TIKTOK-FOLLOWER.png","width":[{"@id":"#sso\/qv-width-px-2400"}],"height":[{"@id":"#sso\/qv-height-px-2074"}]},{"@id":"#sso\/qv-width-px-2400","@context":"https:\/\/schema.org","@type":"QuantitativeValue","name":"Width","unitText":"px","unitCode":"E37","value":"2400"},{"@id":"#sso\/qv-height-px-2074","@context":"https:\/\/schema.org","@type":"QuantitativeValue","name":"Height","unitText":"px","unitCode":"E37","value":"2074"},{"@id":"\/f761251b00fffb1b7615376f364c2a74#sso\/person","@context":"https:\/\/schema.org","@type":"Person","url":"http:\/\/followerninja.com\/","name":"followerninja","givenName":"Nami","familyName":"Shams","description":"Follower Ninja - Social Media Profis","image":[{"@id":"https:\/\/secure.gravatar.com\/avatar\/51fd3ca1505ce8c9465a64104b9d54df.jpg?d=mp&s=1200#sso\/image-object"}]},{"@id":"https:\/\/secure.gravatar.com\/avatar\/51fd3ca1505ce8c9465a64104b9d54df.jpg?d=mp&s=1200#sso\/image-object","@context":"https:\/\/schema.org","@type":"ImageObject","url":"https:\/\/secure.gravatar.com\/avatar\/51fd3ca1505ce8c9465a64104b9d54df.jpg?d=mp&s=1200","width":[{"@id":"#sso\/qv-width-px-1200"}],"height":[{"@id":"#sso\/qv-height-px-1200"}]},{"@id":"#sso\/qv-width-px-1200","@context":"https:\/\/schema.org","@type":"QuantitativeValue","name":"Width","unitText":"px","unitCode":"E37","value":"1200"},{"@id":"#sso\/qv-height-px-1200","@context":"https:\/\/schema.org","@type":"QuantitativeValue","name":"Height","unitText":"px","unitCode":"E37","value":"1200"},{"@id":"\/pozostanmy-w-kontakcie\/#sso\/breadcrumb-list\/49454","@context":"https:\/\/schema.org","@type":"BreadcrumbList","url":"https:\/\/followerninja.com\/pl\/pozostanmy-w-kontakcie\/","itemListElement":[{"@context":"https:\/\/schema.org","@type":"ListItem","position":1,"name":"Home","item":"https:\/\/followerninja.com\/pl\/"},{"@context":"https:\/\/schema.org","@type":"ListItem","position":2,"name":"Blog","item":"https:\/\/followerninja.com\/"},{"@context":"https:\/\/schema.org","@type":"ListItem","position":3,"name":"Let&rsquo;s Keep In Touch","item":"https:\/\/followerninja.com\/pl\/pozostanmy-w-kontakcie\/"}]}]}],"parts":[["meta","name","generator","content","WPSSO Core 21.8.0\/L*","generator:1"],["meta","name","generator","content","WPSSO REST 3.3.0\/S","generator:2"],["meta","name","generator","content","WPSSO BC 5.3.0\/S","generator:3"],["meta","name","generator","content","WPSSO SSM 3.4.0\/S","generator:4"],["meta","name","generator","content","WPSSO UM 7.3.0\/S","generator:5"],["link","rel","shortlink","href","https:\/\/followerninja.com\/pl\/?p=49454",""],["meta","property","fb:app_id","content","966242223397117",""],["meta","property","og:time","content","2026-04-05T16:47:19+00:00",""],["meta","property","og:type","content","article",""],["meta","property","og:url","content","https:\/\/followerninja.com\/pl\/pozostanmy-w-kontakcie\/",""],["meta","property","og:locale","content","pl_PL",""],["meta","property","og:site_name","content","Follower Ninja",""],["meta","property","og:title","content","Let&rsquo;s Keep In Touch",""],["meta","property","og:description","content","Hi Help us to improve your experience with us through better communication. Please adjust your preferences for email . .",""],["meta","property","og:updated_time","content","2025-02-04T21:56:35+00:00",""],["meta","name","schema:language","content","pl_PL",""],["meta","name","schema:type:id","content","article",""],["meta","name","schema:type:url","content","https:\/\/schema.org\/Article",""],["meta","name","schema:type:context","content","https:\/\/schema.org",""],["meta","name","schema:type:name","content","Article",""],["meta","name","schema:type:path","content","schema.org\/Article",""],["meta","property","article:author:name","content","followerninja",""],["meta","property","article:published_time","content","2025-02-04T21:56:35+00:00",""],["meta","property","article:modified_time","content","2025-02-04T21:56:35+00:00",""],["meta","property","article:reading_mins","content","0",""],["meta","name","twitter:domain","content","followerninja.com",""],["meta","name","twitter:title","content","Let&rsquo;s Keep In Touch",""],["meta","name","twitter:description","content","Hi Help us to improve your experience with us through better communication. Please adjust your preferences for email . .",""],["meta","name","twitter:card","content","summary",""],["meta","name","twitter:label1","content","Written by",""],["meta","name","twitter:data1","content","followerninja",""],["meta","name","author","content","followerninja",""]]},"_links":{"self":[{"href":"https:\/\/followerninja.com\/pl\/wp-json\/wp\/v2\/pages\/49454","targetHints":{"allow":["GET"]}}],"collection":[{"href":"https:\/\/followerninja.com\/pl\/wp-json\/wp\/v2\/pages"}],"about":[{"href":"https:\/\/followerninja.com\/pl\/wp-json\/wp\/v2\/types\/page"}],"author":[{"embeddable":true,"href":"https:\/\/followerninja.com\/pl\/wp-json\/wp\/v2\/users\/1"}],"replies":[{"embeddable":true,"href":"https:\/\/followerninja.com\/pl\/wp-json\/wp\/v2\/comments?post=49454"}],"version-history":[{"count":0,"href":"https:\/\/followerninja.com\/pl\/wp-json\/wp\/v2\/pages\/49454\/revisions"}],"wp:attachment":[{"href":"https:\/\/followerninja.com\/pl\/wp-json\/wp\/v2\/media?parent=49454"}],"curies":[{"name":"wp","href":"https:\/\/api.w.org\/{rel}","templated":true}]}}