{"id":47368,"date":"2023-02-19T20:17:29","date_gmt":"2023-02-19T19:17:29","guid":{"rendered":"http:\/\/followerninja.com\/?post_type=product&#038;p=47368"},"modified":"2024-10-04T09:26:49","modified_gmt":"2024-10-04T07:26:49","slug":"comprar-seguidores-de-spotify-sueco-2","status":"publish","type":"product","link":"https:\/\/followerninja.com\/pt\/spotify\/comprar-seguidores-de-spotify-sueco-2\/","title":{"rendered":"Spotify Followers (Sul-coreanos)"},"content":{"rendered":"<h3><strong>\u00a0Sul-coreano SPOTIFY FOLLOWER COMPRA da Coreia do Sul<\/strong><\/h3>\n<h3><strong>(Os melhores seguidores sul-coreanos do Spotify em todo o mercado)<\/strong><\/h3>\n<p>Comprar seguidores coreanos do Spotify - Porque \u00e9 que o Follower Ninja \u00e9 o melhor site para comprar servi\u00e7os reais do Spotify?<\/p>\n<p>A seguidora Ninja tem experimentado os marketeiros das redes sociais que est\u00e3o em constante evolu\u00e7\u00e3o para incorporar novas tend\u00eancias nos seus processos. Temos a experi\u00eancia e os conhecimentos necess\u00e1rios para assegurar que a tua marca possa competir com marcas maiores em termos de quota de mercado e credibilidade.<\/p>\n<h3><strong>Cinco raz\u00f5es para comprar seguidores Spotify da Follower Ninja<\/strong><\/h3>\n<p>Spotify \u00e9 uma das maiores plataformas para artistas novos e emergentes no mundo de hoje. Podes promover as tuas can\u00e7\u00f5es e \u00e1lbuns, ganhar novos f\u00e3s, alcan\u00e7ar uma audi\u00eancia mais vasta e aumentar a tua popularidade. Basta comprares o n\u00famero certo de seguidores de Spotify e ter\u00e1s o impulso de que precisas!<\/p>\n<h3><strong>Comprar Seguidor Ninja Coreia do Sul Seguidor Spotify<\/strong><\/h3>\n<p><strong>Cresce a tua base de f\u00e3s em Spotify!<\/strong><br \/>\nHoje em dia, os sinais de Spotify como streams, seguidores e saves s\u00e3o usados como uma medida da popularidade de uma conta ou artista. Como um novo artista com recursos limitados, pode ser um desafio ganhar e alcan\u00e7ar f\u00e3s. A compra de seguidores Spotify pode aumentar o n\u00famero de seguidores que uma conta tem. Quando outras pessoas descobrirem a conta ou a can\u00e7\u00e3o, ficar\u00e3o intrigadas com o teu trabalho quando virem um maior n\u00famero de seguidores. Desta forma podes aumentar o n\u00famero de seguidores para as can\u00e7\u00f5es e \u00e1lbuns que queres promover.<\/p>\n<p><strong>Ser popular na ind\u00fastria da m\u00fasica gra\u00e7as \u00e0 Follower Ninja<\/strong><br \/>\nTornares-te famoso n\u00e3o \u00e9 tarefa f\u00e1cil, especialmente numa plataforma global como Spotify. A competi\u00e7\u00e3o \u00e9 feroz, com muitos novos artistas a lan\u00e7arem as suas can\u00e7\u00f5es todos os dias. Para te tornares popular e famoso, tens de gastar muito dinheiro em publicidade e marketing. Se comprares seguidores de Spotify em vez disso, podes obter a aten\u00e7\u00e3o que precisas na ind\u00fastria musical. Escolhe os nossos servi\u00e7os acess\u00edveis e pacotes de refor\u00e7o para que a tua conta seja notada. N\u00f3s damos-te seguidores de contas reais, sem perguntas.<\/p>\n<p><strong>Aumentar a credibilidade na plataforma Spotify<\/strong><br \/>\nContas com mais seguidores s\u00e3o agora consideradas mais cred\u00edveis e os artistas por detr\u00e1s delas mais talentosos. N\u00e3o podes mudar isso, porque \u00e9 assim que as redes sociais funcionam hoje em dia. Mais seguidores \u00e9 igual a mais credibilidade e talento. \u00c9 por isso que deves tentar ter o maior n\u00famero poss\u00edvel de seguidores. Mas n\u00e3o \u00e9 uma tarefa f\u00e1cil, porque h\u00e1 v\u00e1rios factores envolvidos. \u00c9 aqui que a Follower Ninja entra em jogo. Escolhe o pacote Spotify follower certo e aumenta gradualmente o n\u00famero dos teus seguidores usando o m\u00e9todo de gotejamento, para n\u00e3o levantares quaisquer quest\u00f5es entre os utilizadores Spotify.<\/p>\n<p><strong>Encontrar melhores oportunidades atrav\u00e9s de um alvo espec\u00edfico<\/strong><br \/>\nQuando algu\u00e9m aspira a uma carreira na m\u00fasica, quer realizar-se nessa profiss\u00e3o. Cantar can\u00e7\u00f5es, ser apresentado, trabalhar com gravadoras maiores, fazer v\u00eddeos musicais, etc., s\u00e3o sonhos que todos os m\u00fasicos e artistas t\u00eam. Spotify fornece uma grande plataforma para quem quer come\u00e7ar em algum lado. Mas para tornar esses sonhos realidade, precisas de aproveitar as oportunidades certas na altura certa. Quanto mais seguidores a tua conta Spotify tiver, mais prov\u00e1vel \u00e9 que os produtores musicais e as gravadoras reparem em ti. \u00c9 por isso que podes tornar esses sonhos realidade comprando seguidores de Spotify.<\/p>\n<p><strong>Aumenta o tr\u00e1fego org\u00e2nico em Spotify<\/strong><br \/>\nUma das raz\u00f5es pelas quais pode ser muito ben\u00e9fico aumentar o n\u00famero de seguidores nas redes sociais \u00e9 que mais seguidores trazem mais visitantes. Uma conta com mais seguidores atrai mais aten\u00e7\u00e3o e aparece mais acima nos resultados das pesquisas. Isto significa que mais pessoas ir\u00e3o visitar a tua conta e ouvir as tuas can\u00e7\u00f5es. Se tiveres uma boa colec\u00e7\u00e3o de can\u00e7\u00f5es e trabalhos no teu perfil, estes visitantes tornar-se-\u00e3o seguidores. Basta comprares seguidores Spotify da Follower Ninja e gerar mais tr\u00e1fego org\u00e2nico que ir\u00e1 aumentar a popularidade da tua conta ao longo do tempo.<\/p>\n<p>Comprar Spotify seguidores com Paypal<\/p>\n<p>&nbsp;<\/p>\n<p><strong>Existem muitos websites onde podes comprar servi\u00e7os de social media, mas n\u00f3s afirmamos ser os melhores! Temos vindo a ajudar os nossos clientes a aumentar as suas contas nas redes sociais desde 2017, e desde ent\u00e3o torn\u00e1mo-nos o site de acesso para a maioria das pessoas. Aqui est\u00e1 a raz\u00e3o pela qual deves comprar-nos servi\u00e7os:<\/strong><\/p>\n<p>Nunca te pedimos a tua password ou informa\u00e7\u00e3o importante. N\u00f3s oferecemos um ambiente seguro e servi\u00e7os legais. Por isso nada de hacking ou quest\u00f5es ilegais.<br \/>\nA seguran\u00e7a \u00e9 um passo importante para o crescimento das redes sociais. Os nossos sistemas funcionam com certificados SSL para que todos os teus dados estejam seguros quando fizeres compras connosco.<br \/>\nO Social Media Growth est\u00e1 l\u00e1 para ti 24 horas por dia, 7 dias por semana. Se tens d\u00favidas ou precisas de ajuda, podes sempre contactar o nosso suporte.<br \/>\nN\u00f3s oferecemos servi\u00e7os de social media baratos. Os nossos pre\u00e7os s\u00e3o muito razo\u00e1veis e mais baratos do que qualquer outro fornecedor.<br \/>\nO processo de pagamento \u00e9 muito simples e seguro. Podes pagar pelos nossos servi\u00e7os por cart\u00e3o, Payeer.<\/p>\n<p>Os benef\u00edcios acima mencionados aplicam-se a todos os nossos servi\u00e7os. Se est\u00e1s \u00e0 procura do melhor s\u00edtio para comprar servi\u00e7os de social media, j\u00e1 o encontraste!<\/p>\n<p><img fetchpriority=\"high\" decoding=\"async\" class=\"alignnone size-medium wp-image-47372\" src=\"http:\/\/followerninja.com\/wp-content\/uploads\/2022\/12\/spotify-follower-400x400.jpg\" alt=\"seguidor de spotify\" width=\"400\" height=\"400\" data-wp-pid=\"47372\" title=\"\" srcset=\"https:\/\/followerninja.com\/wp-content\/uploads\/2022\/12\/spotify-follower-400x400.jpg 400w, https:\/\/followerninja.com\/wp-content\/uploads\/2022\/12\/spotify-follower-1200x1200-cropped.jpg 1200w, https:\/\/followerninja.com\/wp-content\/uploads\/2022\/12\/spotify-follower-scaled-100x100.jpg 100w, https:\/\/followerninja.com\/wp-content\/uploads\/2022\/12\/spotify-follower-800x800.jpg 800w, https:\/\/followerninja.com\/wp-content\/uploads\/2022\/12\/spotify-follower-280x280.jpg 280w, https:\/\/followerninja.com\/wp-content\/uploads\/2022\/12\/spotify-follower-768x768.jpg 768w, https:\/\/followerninja.com\/wp-content\/uploads\/2022\/12\/spotify-follower-1536x1536.jpg 1536w, https:\/\/followerninja.com\/wp-content\/uploads\/2022\/12\/spotify-follower-12x12.jpg 12w, https:\/\/followerninja.com\/wp-content\/uploads\/2022\/12\/spotify-follower-1320x1320.jpg 1320w, https:\/\/followerninja.com\/wp-content\/uploads\/2022\/12\/spotify-follower-scaled.jpg 1920w\" sizes=\"(max-width: 400px) 100vw, 400px\" \/><\/p>","protected":false},"excerpt":{"rendered":"<p>\u27a1\ufe0f Spotify - Seguidores no perfil | Coreia do Sul | 0-12 horas<br \/>\n\u27a1\ufe0f Garantia vital\u00edcia de n\u00e3o queda<br \/>\n\u27a1\ufe0f In\u00edcio: 0-24H (a encomenda ser\u00e1 conclu\u00edda em 24 horas)<br \/>\n\u27a1\ufe0f 1000 por dia Velocidade<br \/>\n\u27a1\ufe0f M\u00e1ximo at\u00e9 40.000<br \/>\n\u27a1\ufe0f Tempo sugerido: Min-1000 por vez<br \/>\n\u27a1\ufe0f Recarga: Vida \u00fatil sem queda<br \/>\n\u27a1\ufe0f Perfil p\u00fablico requerido<\/p>","protected":false},"featured_media":46477,"comment_status":"open","ping_status":"closed","template":"","meta":{"_acf_changed":false},"product_brand":[],"product_cat":[397],"product_tag":[690,691,689],"class_list":{"0":"post-47368","1":"product","2":"type-product","3":"status-publish","4":"has-post-thumbnail","6":"product_cat-spotify","7":"product_tag-spotify","8":"product_tag-spotify-follower","9":"product_tag-spotify-follower-kaufen","11":"first","12":"instock","13":"virtual","14":"purchasable","15":"product-type-simple"},"acf":[],"jetpack_sharing_enabled":true,"head":{"html":["<meta name=\"wpsso-begin\" content=\"wpsso structured data begin\"\/>\n","<!-- generator:1 --><meta name=\"generator\" content=\"WPSSO Core 21.8.0\/L*\"\/>\n","<!-- generator:2 --><meta name=\"generator\" content=\"WPSSO REST 3.3.0\/S\"\/>\n","<!-- generator:3 --><meta name=\"generator\" content=\"WPSSO BC 5.3.0\/S\"\/>\n","<!-- generator:4 --><meta name=\"generator\" content=\"WPSSO SSM 3.4.0\/S\"\/>\n","<!-- generator:5 --><meta name=\"generator\" content=\"WPSSO UM 7.3.0\/S\"\/>\n","<link rel=\"shortlink\" href=\"https:\/\/followerninja.com\/pt\/?p=47368\"\/>\n","<meta property=\"fb:app_id\" content=\"966242223397117\"\/>\n","<meta property=\"og:type\" content=\"product\"\/>\n","<meta property=\"og:url\" content=\"https:\/\/followerninja.com\/pt\/spotify\/comprar-seguidores-de-spotify-sueco-2\/\"\/>\n","<meta property=\"og:locale\" content=\"pt_PT\"\/>\n","<meta property=\"og:site_name\" content=\"Follower Ninja\"\/>\n","<meta property=\"og:title\" content=\"Spotify Follower kaufen (S&uuml;d Koreanische) - Follower Ninja\"\/>\n","<meta property=\"og:description\" content=\"S&uuml;d Koreanische Spotify Follower kaufen - Spotify Streams - Spotify Likes - Reichweite \u2713 Qualifizierte Follower - Beste Spotify S&uuml;d Korea Follower aud dem Markt\"\/>\n","<meta property=\"og:updated_time\" content=\"2024-10-04T07:26:49+00:00\"\/>\n","<meta property=\"product:retailer_item_id\" content=\"47368\"\/>\n","<meta property=\"product:availability\" content=\"in stock\"\/>\n","<meta property=\"product:condition\" content=\"new\"\/>\n","<meta property=\"product:original_price:amount\" content=\"0.00\"\/>\n","<meta property=\"product:original_price:currency\" content=\"EUR\"\/>\n","<meta property=\"product:pretax_price:amount\" content=\"0.00\"\/>\n","<meta property=\"product:pretax_price:currency\" content=\"EUR\"\/>\n","<meta property=\"product:price:amount\" content=\"0.00\"\/>\n","<meta property=\"product:price:currency\" content=\"EUR\"\/>\n","<meta name=\"twitter:domain\" content=\"followerninja.com\"\/>\n","<meta name=\"twitter:title\" content=\"Spotify Follower kaufen (S&uuml;d Koreanische) - Follower Ninja\"\/>\n","<meta name=\"twitter:description\" content=\"S&uuml;d Koreanische Spotify Follower kaufen - Spotify Streams - Spotify Likes - Reichweite \u2713 Qualifizierte Follower - Beste Spotify S&uuml;d Korea Follower aud dem Markt\"\/>\n","<meta name=\"twitter:card\" content=\"summary\"\/>\n","<meta name=\"twitter:label1\" content=\"Price\"\/>\n","<meta name=\"twitter:data1\" content=\"0.00 EUR\"\/>\n","<meta name=\"twitter:label2\" content=\"Availability\"\/>\n","<meta name=\"twitter:data2\" content=\"In Stock\"\/>\n","<script type=\"application\/ld+json\" id=\"wpsso-schema-graph\">{\n    \"@context\": \"https:\/\/schema.org\",\n    \"@graph\": [\n        {\n            \"@id\": \"\/spotify\/comprar-seguidores-de-spotify-sueco-2\/#sso\/product\/47368\",\n            \"@context\": \"https:\/\/schema.org\",\n            \"@type\": \"Product\",\n            \"mainEntityOfPage\": \"https:\/\/followerninja.com\/pt\/spotify\/comprar-seguidores-de-spotify-sueco-2\/\",\n            \"url\": \"https:\/\/followerninja.com\/pt\/spotify\/comprar-seguidores-de-spotify-sueco-2\/\",\n            \"sameAs\": [\n                \"https:\/\/followerninja.com\/pt\/?p=47368\"\n            ],\n            \"name\": \"Spotify Follower kaufen (S&uuml;d Koreanische) - Follower Ninja\",\n            \"description\": \"S&uuml;d Koreanische Spotify Follower kaufen - Spotify Streams - Spotify Likes - Reichweite \\u2713 Qualifizierte Follower - Beste Spotify S&uuml;d Korea Follower aud dem Markt\",\n            \"itemCondition\": \"https:\/\/schema.org\/NewCondition\",\n            \"offers\": {\n                \"@context\": \"https:\/\/schema.org\",\n                \"@type\": \"Offer\",\n                \"url\": \"https:\/\/followerninja.com\/pt\/spotify\/comprar-seguidores-de-spotify-sueco-2\/\",\n                \"name\": \"Spotify Follower kaufen (S&uuml;d Koreanische) - Follower Ninja\",\n                \"description\": \"S&uuml;d Koreanische Spotify Follower kaufen - Spotify Streams - Spotify Likes - Reichweite \\u2713 Qualifizierte Follower - Beste Spotify S&uuml;d Korea Follower aud dem Markt\",\n                \"availability\": \"https:\/\/schema.org\/InStock\",\n                \"itemCondition\": \"https:\/\/schema.org\/NewCondition\",\n                \"price\": \"0.00\",\n                \"priceCurrency\": \"EUR\",\n                \"priceValidUntil\": \"2027-04-10T11:56:10+00:00\",\n                \"priceSpecification\": [\n                    {\n                        \"@context\": \"https:\/\/schema.org\",\n                        \"@type\": \"UnitPriceSpecification\",\n                        \"priceType\": \"https:\/\/schema.org\/ListPrice\",\n                        \"price\": \"0.00\",\n                        \"priceCurrency\": \"EUR\",\n                        \"valueAddedTaxIncluded\": false,\n                        \"validThrough\": \"2026-05-10T11:56:10+00:00\"\n                    }\n                ],\n                \"seller\": {\n                    \"@id\": \"\/#sso\/organization\/site\/org-logo-url\"\n                }\n            }\n        },\n        {\n            \"@id\": \"\/#sso\/organization\/site\/org-logo-url\",\n            \"@context\": \"https:\/\/schema.org\",\n            \"@type\": \"Organization\",\n            \"url\": \"https:\/\/followerninja.com\/pt\/\",\n            \"name\": \"Follower Ninja\",\n            \"description\": \"Social Media Follower\",\n            \"image\": [\n                {\n                    \"@id\": \"http:\/\/followerninja.com\/wp-content\/uploads\/2023\/06\/follower-ninja.png#sso\/image-object\"\n                }\n            ],\n            \"logo\": {\n                \"@id\": \"http:\/\/followerninja.com\/wp-content\/uploads\/2023\/06\/follower-ninja.png#sso\/image-object\"\n            }\n        },\n        {\n            \"@id\": \"http:\/\/followerninja.com\/wp-content\/uploads\/2023\/06\/follower-ninja.png#sso\/image-object\",\n            \"@context\": \"https:\/\/schema.org\",\n            \"@type\": \"ImageObject\",\n            \"url\": \"http:\/\/followerninja.com\/wp-content\/uploads\/2023\/06\/follower-ninja.png\",\n            \"width\": [\n                {\n                    \"@id\": \"#sso\/qv-width-px-616\"\n                }\n            ],\n            \"height\": [\n                {\n                    \"@id\": \"#sso\/qv-height-px-282\"\n                }\n            ]\n        },\n        {\n            \"@id\": \"#sso\/qv-width-px-616\",\n            \"@context\": \"https:\/\/schema.org\",\n            \"@type\": \"QuantitativeValue\",\n            \"name\": \"Width\",\n            \"unitText\": \"px\",\n            \"unitCode\": \"E37\",\n            \"value\": \"616\"\n        },\n        {\n            \"@id\": \"#sso\/qv-height-px-282\",\n            \"@context\": \"https:\/\/schema.org\",\n            \"@type\": \"QuantitativeValue\",\n            \"name\": \"Height\",\n            \"unitText\": \"px\",\n            \"unitCode\": \"E37\",\n            \"value\": \"282\"\n        },\n        {\n            \"@id\": \"\/spotify\/comprar-seguidores-de-spotify-sueco-2\/#sso\/breadcrumb.list\/spotify\",\n            \"@context\": \"https:\/\/schema.org\",\n            \"@type\": \"BreadcrumbList\",\n            \"url\": \"https:\/\/followerninja.com\/pt\/spotify\/comprar-seguidores-de-spotify-sueco-2\/\",\n            \"itemListElement\": [\n                {\n                    \"@context\": \"https:\/\/schema.org\",\n                    \"@type\": \"ListItem\",\n                    \"position\": 1,\n                    \"name\": \"Home\",\n                    \"item\": \"https:\/\/followerninja.com\/pt\/\"\n                },\n                {\n                    \"@context\": \"https:\/\/schema.org\",\n                    \"@type\": \"ListItem\",\n                    \"position\": 2,\n                    \"name\": \"Blog\",\n                    \"item\": \"https:\/\/followerninja.com\/\"\n                },\n                {\n                    \"@context\": \"https:\/\/schema.org\",\n                    \"@type\": \"ListItem\",\n                    \"position\": 3,\n                    \"name\": \"Spotify\",\n                    \"item\": \"https:\/\/followerninja.com\/pt\/spotify\/\"\n                },\n                {\n                    \"@context\": \"https:\/\/schema.org\",\n                    \"@type\": \"ListItem\",\n                    \"position\": 4,\n                    \"name\": \"Spotify Follower kaufen (S&uuml;d Koreanische) - Follower Ninja\",\n                    \"item\": \"https:\/\/followerninja.com\/pt\/spotify\/comprar-seguidores-de-spotify-sueco-2\/\"\n                }\n            ]\n        }\n    ]\n}<\/script>\n","<meta name=\"wpsso-end\" content=\"wpsso structured data end\"\/>\n","<meta name=\"wpsso-cached\" content=\"2026-04-10T11:56:10+00:00 for followerninja.com\"\/>\n"],"json":[{"@context":"https:\/\/schema.org","@graph":[{"@id":"\/spotify\/comprar-seguidores-de-spotify-sueco-2\/#sso\/product\/47368","@context":"https:\/\/schema.org","@type":"Product","mainEntityOfPage":"https:\/\/followerninja.com\/pt\/spotify\/comprar-seguidores-de-spotify-sueco-2\/","url":"https:\/\/followerninja.com\/pt\/spotify\/comprar-seguidores-de-spotify-sueco-2\/","sameAs":["https:\/\/followerninja.com\/pt\/?p=47368"],"name":"Spotify Follower kaufen (S&uuml;d Koreanische) - Follower Ninja","description":"S&uuml;d Koreanische Spotify Follower kaufen - Spotify Streams - Spotify Likes - Reichweite \u2713 Qualifizierte Follower - Beste Spotify S&uuml;d Korea Follower aud dem Markt","itemCondition":"https:\/\/schema.org\/NewCondition","offers":{"@context":"https:\/\/schema.org","@type":"Offer","url":"https:\/\/followerninja.com\/pt\/spotify\/comprar-seguidores-de-spotify-sueco-2\/","name":"Spotify Follower kaufen (S&uuml;d Koreanische) - Follower Ninja","description":"S&uuml;d Koreanische Spotify Follower kaufen - Spotify Streams - Spotify Likes - Reichweite \u2713 Qualifizierte Follower - Beste Spotify S&uuml;d Korea Follower aud dem Markt","availability":"https:\/\/schema.org\/InStock","itemCondition":"https:\/\/schema.org\/NewCondition","price":"0.00","priceCurrency":"EUR","priceValidUntil":"2027-04-10T11:56:10+00:00","priceSpecification":[{"@context":"https:\/\/schema.org","@type":"UnitPriceSpecification","priceType":"https:\/\/schema.org\/ListPrice","price":"0.00","priceCurrency":"EUR","valueAddedTaxIncluded":false,"validThrough":"2026-05-10T11:56:10+00:00"}],"seller":{"@id":"\/#sso\/organization\/site\/org-logo-url"}}},{"@id":"\/#sso\/organization\/site\/org-logo-url","@context":"https:\/\/schema.org","@type":"Organization","url":"https:\/\/followerninja.com\/pt\/","name":"Follower Ninja","description":"Social Media Follower","image":[{"@id":"http:\/\/followerninja.com\/wp-content\/uploads\/2023\/06\/follower-ninja.png#sso\/image-object"}],"logo":{"@id":"http:\/\/followerninja.com\/wp-content\/uploads\/2023\/06\/follower-ninja.png#sso\/image-object"}},{"@id":"http:\/\/followerninja.com\/wp-content\/uploads\/2023\/06\/follower-ninja.png#sso\/image-object","@context":"https:\/\/schema.org","@type":"ImageObject","url":"http:\/\/followerninja.com\/wp-content\/uploads\/2023\/06\/follower-ninja.png","width":[{"@id":"#sso\/qv-width-px-616"}],"height":[{"@id":"#sso\/qv-height-px-282"}]},{"@id":"#sso\/qv-width-px-616","@context":"https:\/\/schema.org","@type":"QuantitativeValue","name":"Width","unitText":"px","unitCode":"E37","value":"616"},{"@id":"#sso\/qv-height-px-282","@context":"https:\/\/schema.org","@type":"QuantitativeValue","name":"Height","unitText":"px","unitCode":"E37","value":"282"},{"@id":"\/spotify\/comprar-seguidores-de-spotify-sueco-2\/#sso\/breadcrumb.list\/spotify","@context":"https:\/\/schema.org","@type":"BreadcrumbList","url":"https:\/\/followerninja.com\/pt\/spotify\/comprar-seguidores-de-spotify-sueco-2\/","itemListElement":[{"@context":"https:\/\/schema.org","@type":"ListItem","position":1,"name":"Home","item":"https:\/\/followerninja.com\/pt\/"},{"@context":"https:\/\/schema.org","@type":"ListItem","position":2,"name":"Blog","item":"https:\/\/followerninja.com\/"},{"@context":"https:\/\/schema.org","@type":"ListItem","position":3,"name":"Spotify","item":"https:\/\/followerninja.com\/pt\/spotify\/"},{"@context":"https:\/\/schema.org","@type":"ListItem","position":4,"name":"Spotify Follower kaufen (S&uuml;d Koreanische) - Follower Ninja","item":"https:\/\/followerninja.com\/pt\/spotify\/comprar-seguidores-de-spotify-sueco-2\/"}]}]}],"parts":[["meta","name","generator","content","WPSSO Core 21.8.0\/L*","generator:1"],["meta","name","generator","content","WPSSO REST 3.3.0\/S","generator:2"],["meta","name","generator","content","WPSSO BC 5.3.0\/S","generator:3"],["meta","name","generator","content","WPSSO SSM 3.4.0\/S","generator:4"],["meta","name","generator","content","WPSSO UM 7.3.0\/S","generator:5"],["link","rel","shortlink","href","https:\/\/followerninja.com\/pt\/?p=47368",""],["meta","property","fb:app_id","content","966242223397117",""],["meta","property","og:time","content","2026-04-10T11:56:10+00:00",""],["meta","property","og:type","content","product",""],["meta","property","og:url","content","https:\/\/followerninja.com\/pt\/spotify\/comprar-seguidores-de-spotify-sueco-2\/",""],["meta","property","og:locale","content","pt_PT",""],["meta","property","og:site_name","content","Follower Ninja",""],["meta","property","og:title","content","Spotify Follower kaufen (S&uuml;d Koreanische) - Follower Ninja",""],["meta","property","og:description","content","S&uuml;d Koreanische Spotify Follower kaufen - Spotify Streams - Spotify Likes - Reichweite \u2713 Qualifizierte Follower - Beste Spotify S&uuml;d Korea Follower aud dem Markt",""],["meta","property","og:updated_time","content","2024-10-04T07:26:49+00:00",""],["meta","name","schema:language","content","pt_PT",""],["meta","name","schema:type:id","content","product",""],["meta","name","schema:type:url","content","https:\/\/schema.org\/Product",""],["meta","name","schema:type:context","content","https:\/\/schema.org",""],["meta","name","schema:type:name","content","Product",""],["meta","name","schema:type:path","content","schema.org\/Product",""],["meta","property","product:retailer_item_id","content","47368",""],["meta","property","product:url","content","https:\/\/followerninja.com\/pt\/spotify\/comprar-seguidores-de-spotify-sueco-2\/",""],["meta","property","product:title","content","Spotify Follower kaufen (S&uuml;d Koreanische) - Follower Ninja",""],["meta","property","product:description","content","S&uuml;d Koreanische Spotify Follower kaufen - Spotify Streams - Spotify Likes - Reichweite \u2713 Qualifizierte Follower - Beste Spotify S&uuml;d Korea Follower aud dem Markt",""],["meta","property","product:updated_time","content","2024-10-04T07:26:49+00:00",""],["meta","property","product:availability","content","in stock",""],["meta","property","product:retailer_category","content","Spotify",""],["meta","property","product:condition","content","new",""],["meta","property","product:is_virtual","content","true",""],["meta","property","product:min_advert_price:amount","content","0.00",""],["meta","property","product:min_advert_price:currency","content","EUR",""],["meta","property","product:original_price:type","content","https:\/\/schema.org\/ListPrice",""],["meta","property","product:original_price:amount","content","0.00",""],["meta","property","product:original_price:currency","content","EUR",""],["meta","property","product:pretax_price:amount","content","0.00",""],["meta","property","product:pretax_price:currency","content","EUR",""],["meta","property","product:price:type","content","https:\/\/schema.org\/ListPrice",""],["meta","property","product:price:amount","content","0.00",""],["meta","property","product:price:currency","content","EUR",""],["meta","property","product:price:vat_included","content","false",""],["meta","property","article:author:name","content","followerninja",""],["meta","property","article:reading_mins","content","4",""],["meta","name","twitter:domain","content","followerninja.com",""],["meta","name","twitter:title","content","Spotify Follower kaufen (S&uuml;d Koreanische) - Follower Ninja",""],["meta","name","twitter:description","content","S&uuml;d Koreanische Spotify Follower kaufen - Spotify Streams - Spotify Likes - Reichweite \u2713 Qualifizierte Follower - Beste Spotify S&uuml;d Korea Follower aud dem Markt",""],["meta","name","twitter:card","content","summary",""],["meta","name","twitter:label1","content","Price",""],["meta","name","twitter:data1","content","0.00 EUR",""],["meta","name","twitter:label2","content","Availability",""],["meta","name","twitter:data2","content","In Stock",""]]},"_links":{"self":[{"href":"https:\/\/followerninja.com\/pt\/wp-json\/wp\/v2\/product\/47368","targetHints":{"allow":["GET"]}}],"collection":[{"href":"https:\/\/followerninja.com\/pt\/wp-json\/wp\/v2\/product"}],"about":[{"href":"https:\/\/followerninja.com\/pt\/wp-json\/wp\/v2\/types\/product"}],"replies":[{"embeddable":true,"href":"https:\/\/followerninja.com\/pt\/wp-json\/wp\/v2\/comments?post=47368"}],"wp:featuredmedia":[{"embeddable":true,"href":"https:\/\/followerninja.com\/pt\/wp-json\/wp\/v2\/media\/46477"}],"wp:attachment":[{"href":"https:\/\/followerninja.com\/pt\/wp-json\/wp\/v2\/media?parent=47368"}],"wp:term":[{"taxonomy":"product_brand","embeddable":true,"href":"https:\/\/followerninja.com\/pt\/wp-json\/wp\/v2\/product_brand?post=47368"},{"taxonomy":"product_cat","embeddable":true,"href":"https:\/\/followerninja.com\/pt\/wp-json\/wp\/v2\/product_cat?post=47368"},{"taxonomy":"product_tag","embeddable":true,"href":"https:\/\/followerninja.com\/pt\/wp-json\/wp\/v2\/product_tag?post=47368"}],"curies":[{"name":"wp","href":"https:\/\/api.w.org\/{rel}","templated":true}]}}