{"id":47366,"date":"2023-02-19T20:06:21","date_gmt":"2023-02-19T19:06:21","guid":{"rendered":"http:\/\/followerninja.com\/?post_type=product&#038;p=47366"},"modified":"2024-10-04T09:26:49","modified_gmt":"2024-10-04T07:26:49","slug":"koep-svenska-spotify-foeljare","status":"publish","type":"product","link":"https:\/\/followerninja.com\/sv\/spotify\/koep-svenska-spotify-foeljare\/","title":{"rendered":"Spotify Follower (Sverige)"},"content":{"rendered":"<h3><strong>\u00a0Svensk SPOTIFY FOLLOWER BUY fr\u00e5n Sverige<\/strong><\/h3>\n<h3><strong>(B\u00e4sta svenska Spotify-anv\u00e4ndare p\u00e5 hela marknaden)<\/strong><\/h3>\n<p>K\u00f6p svenska Spotify Followers - Varf\u00f6r \u00e4r Follower Ninja den b\u00e4sta platsen f\u00f6r att k\u00f6pa riktiga Spotify-tj\u00e4nster?<\/p>\n<p>Follower Ninja har erfarna marknadsf\u00f6rare inom sociala medier som st\u00e4ndigt utvecklas f\u00f6r att inf\u00f6rliva nya trender i sina processer. Vi har erfarenheten och expertisen f\u00f6r att se till att ditt varum\u00e4rke kan konkurrera med st\u00f6rre varum\u00e4rken n\u00e4r det g\u00e4ller marknadsandelar och trov\u00e4rdighet.<\/p>\n<h3><strong>Fem sk\u00e4l att k\u00f6pa Spotify-f\u00f6ljare fr\u00e5n Follower Ninja<\/strong><\/h3>\n<p>Spotify \u00e4r en av de st\u00f6rsta plattformarna f\u00f6r nya och framv\u00e4xande artister i v\u00e4rlden idag. Du kan marknadsf\u00f6ra dina l\u00e5tar och album, f\u00e5 nya fans, n\u00e5 en bredare publik och \u00f6ka din popularitet. Det \u00e4r bara att k\u00f6pa r\u00e4tt antal Spotify-f\u00f6ljare s\u00e5 f\u00e5r du den boost du beh\u00f6ver!<\/p>\n<h3><strong>K\u00f6p Follower Ninja Sverige Spotify Follower<\/strong><\/h3>\n<p><strong>\u00d6ka antalet fans p\u00e5 Spotify!<\/strong><br \/>\nNumera anv\u00e4nds Spotify-signaler som str\u00f6mmar, f\u00f6ljare och sparade filer f\u00f6r att m\u00e4ta populariteten hos ett konto eller en artist. Som ny artist med begr\u00e4nsade resurser kan det vara en utmaning att f\u00e5 och n\u00e5 fans. Genom att k\u00f6pa Spotify-f\u00f6ljare kan man \u00f6ka antalet f\u00f6ljare som ett konto har. N\u00e4r andra m\u00e4nniskor uppt\u00e4cker kontot eller l\u00e5ten kommer de att bli nyfikna p\u00e5 ditt arbete n\u00e4r de ser en st\u00f6rre f\u00f6ljarskara. P\u00e5 s\u00e5 s\u00e4tt kan du \u00f6ka antalet f\u00f6ljare f\u00f6r de l\u00e5tar och album du vill marknadsf\u00f6ra.<\/p>\n<p><strong>Bli popul\u00e4r i musikbranschen tack vare Follower Ninja<\/strong><br \/>\nDet \u00e4r inte l\u00e4tt att bli k\u00e4nd, s\u00e4rskilt inte p\u00e5 en global plattform som Spotify. Konkurrensen \u00e4r h\u00e5rd, med m\u00e5nga nya artister som sl\u00e4pper sina l\u00e5tar varje dag. F\u00f6r att bli popul\u00e4r och ber\u00f6md m\u00e5ste du l\u00e4gga mycket pengar p\u00e5 reklam och marknadsf\u00f6ring. Om du ist\u00e4llet k\u00f6per Spotify-f\u00f6ljare kan du f\u00e5 den uppm\u00e4rksamhet du beh\u00f6ver i musikbranschen. V\u00e4lj v\u00e5ra prisv\u00e4rda tj\u00e4nster och boosterspaket f\u00f6r att f\u00e5 ditt konto uppm\u00e4rksammat. Vi ger dig f\u00f6ljare fr\u00e5n riktiga konton, utan att st\u00e4lla n\u00e5gra fr\u00e5gor.<\/p>\n<p><strong>\u00d6kad trov\u00e4rdighet p\u00e5 Spotify-plattformen<\/strong><br \/>\nKonton med fler f\u00f6ljare anses nu vara mer trov\u00e4rdiga och artisterna bakom dem mer beg\u00e5vade. Det g\u00e5r inte att \u00e4ndra p\u00e5 det, f\u00f6r det \u00e4r s\u00e5 sociala medier fungerar nuf\u00f6rtiden. Fler f\u00f6ljare \u00e4r lika med mer trov\u00e4rdighet och talang. D\u00e4rf\u00f6r b\u00f6r du f\u00f6rs\u00f6ka f\u00e5 s\u00e5 m\u00e5nga f\u00f6ljare som m\u00f6jligt. Men det \u00e4r ingen l\u00e4tt uppgift eftersom det finns flera faktorer som spelar in. Det \u00e4r h\u00e4r Follower Ninja kommer in i bilden. V\u00e4lj r\u00e4tt Spotify follower-paket och \u00f6ka gradvis antalet f\u00f6ljare med droppmetoden, s\u00e5 att du inte v\u00e4cker n\u00e5gra fr\u00e5gor bland Spotify-anv\u00e4ndarna.<\/p>\n<p><strong>Hitta b\u00e4ttre m\u00f6jligheter genom specifik m\u00e5linriktning<\/strong><br \/>\nN\u00e4r n\u00e5gon str\u00e4var efter en musikkarri\u00e4r vill han eller hon f\u00f6rverkliga sig sj\u00e4lv i det yrket. Att sjunga l\u00e5tar, bli presenterad, arbeta med st\u00f6rre bolag, g\u00f6ra musikvideor osv. \u00e4r dr\u00f6mmar som alla musiker och artister har. Spotify erbjuder en fantastisk plattform f\u00f6r alla som vill b\u00f6rja n\u00e5gonstans. Men f\u00f6r att f\u00f6rverkliga dessa dr\u00f6mmar m\u00e5ste man ta r\u00e4tt m\u00f6jligheter vid r\u00e4tt tidpunkt. Ju fler f\u00f6ljare ditt Spotify-konto har, desto st\u00f6rre \u00e4r sannolikheten att musikproducenter och bolag uppm\u00e4rksammar dig. Det \u00e4r d\u00e4rf\u00f6r du kan f\u00f6rverkliga dessa dr\u00f6mmar genom att k\u00f6pa Spotify-f\u00f6ljare.<\/p>\n<p><strong>\u00d6ka den organiska trafiken p\u00e5 Spotify<\/strong><br \/>\nEn av anledningarna till att det kan vara mycket f\u00f6rdelaktigt att \u00f6ka antalet f\u00f6ljare p\u00e5 sociala medier \u00e4r att fler f\u00f6ljare ger fler bes\u00f6kare. Ett konto med fler f\u00f6ljare f\u00e5r mer uppm\u00e4rksamhet och visas h\u00f6gre upp i s\u00f6kresultaten. Detta inneb\u00e4r att fler m\u00e4nniskor kommer att bes\u00f6ka ditt konto och lyssna p\u00e5 dina l\u00e5tar. Om du har en bra samling l\u00e5tar och verk p\u00e5 din profil kommer dessa bes\u00f6kare att bli f\u00f6ljare. Det \u00e4r bara att k\u00f6pa Spotify-f\u00f6ljare fr\u00e5n Follower Ninja och generera mer organisk trafik som kommer att \u00f6ka populariteten p\u00e5 ditt konto med tiden.<\/p>\n<p>K\u00f6p Spotify-f\u00f6ljare med Paypal<\/p>\n<p>&nbsp;<\/p>\n<p><strong>Det finns m\u00e5nga webbplatser d\u00e4r du kan k\u00f6pa tj\u00e4nster f\u00f6r sociala medier, men vi h\u00e4vdar att vi \u00e4r b\u00e4st! Vi har hj\u00e4lpt v\u00e5ra kunder att utveckla sina konton i sociala medier sedan 2017, och sedan dess har vi blivit den b\u00e4sta webbplatsen f\u00f6r de flesta. H\u00e4r \u00e4r varf\u00f6r du b\u00f6r k\u00f6pa tj\u00e4nster av oss:<\/strong><\/p>\n<p>Vi ber dig aldrig om ditt l\u00f6senord eller viktig information. Vi erbjuder en s\u00e4ker milj\u00f6 och juridiska tj\u00e4nster. Det finns allts\u00e5 inga hackningsproblem eller olagliga problem.<br \/>\nS\u00e4kerhet \u00e4r ett viktigt steg i utvecklingen av sociala medier. V\u00e5ra system k\u00f6rs med SSL-certifikat, s\u00e5 alla dina uppgifter \u00e4r s\u00e4kra n\u00e4r du handlar hos oss.<br \/>\nSocial Media Growth finns d\u00e4r f\u00f6r dig dygnet runt. Om du har fr\u00e5gor eller beh\u00f6ver hj\u00e4lp kan du alltid kontakta v\u00e5r support.<br \/>\nVi erbjuder billiga tj\u00e4nster f\u00f6r sociala medier. V\u00e5ra priser \u00e4r mycket rimliga och billigare \u00e4n n\u00e5gon annan leverant\u00f6r.<br \/>\nBetalningsprocessen \u00e4r mycket enkel och s\u00e4ker. Du kan betala f\u00f6r v\u00e5ra tj\u00e4nster med kort eller Payeer.<\/p>\n<p>Ovanst\u00e5ende f\u00f6rm\u00e5ner g\u00e4ller f\u00f6r alla v\u00e5ra tj\u00e4nster. Om du letar efter det b\u00e4sta st\u00e4llet att k\u00f6pa tj\u00e4nster f\u00f6r sociala medier har du hittat det!<\/p>","protected":false},"excerpt":{"rendered":"<p>\u27a1\ufe0f Spotify - Profile Followers | Sverige | 0-12 timmar<br \/>\n\u27a1\ufe0f Livstidsgaranti mot fallskador<br \/>\n\u27a1\ufe0f Start: 0-24H (best\u00e4llningen slutf\u00f6rs inom 24 timmar)<br \/>\n\u27a1\ufe0f 1000 per dag Hastighet<br \/>\n\u27a1\ufe0f Maximalt upp till 40 000<br \/>\n\u27a1\ufe0f F\u00f6reslagen tid: Min-1000 per g\u00e5ng<br \/>\n\u27a1\ufe0f Refill: Livstid utan dropp<br \/>\n\u27a1\ufe0f Offentlig profil kr\u00e4vs<\/p>","protected":false},"featured_media":46477,"comment_status":"open","ping_status":"closed","template":"","meta":{"_acf_changed":false},"product_brand":[],"product_cat":[397],"product_tag":[690,691,689],"class_list":{"0":"post-47366","1":"product","2":"type-product","3":"status-publish","4":"has-post-thumbnail","6":"product_cat-spotify","7":"product_tag-spotify","8":"product_tag-spotify-follower","9":"product_tag-spotify-follower-kaufen","11":"first","12":"instock","13":"virtual","14":"purchasable","15":"product-type-simple"},"acf":[],"jetpack_sharing_enabled":true,"head":{"html":["<meta name=\"wpsso-begin\" content=\"wpsso structured data begin\"\/>\n","<!-- generator:1 --><meta name=\"generator\" content=\"WPSSO Core 21.8.0\/L*\"\/>\n","<!-- generator:2 --><meta name=\"generator\" content=\"WPSSO REST 3.3.0\/S\"\/>\n","<!-- generator:3 --><meta name=\"generator\" content=\"WPSSO BC 5.3.0\/S\"\/>\n","<!-- generator:4 --><meta name=\"generator\" content=\"WPSSO SSM 3.4.0\/S\"\/>\n","<!-- generator:5 --><meta name=\"generator\" content=\"WPSSO UM 7.3.0\/S\"\/>\n","<link rel=\"shortlink\" href=\"https:\/\/followerninja.com\/sv\/?p=47366\"\/>\n","<meta property=\"fb:app_id\" content=\"966242223397117\"\/>\n","<meta property=\"og:type\" content=\"product\"\/>\n","<meta property=\"og:url\" content=\"https:\/\/followerninja.com\/sv\/spotify\/koep-svenska-spotify-foeljare\/\"\/>\n","<meta property=\"og:locale\" content=\"sv_SE\"\/>\n","<meta property=\"og:site_name\" content=\"Follower Ninja\"\/>\n","<meta property=\"og:title\" content=\"Spotify Follower kaufen (Schwedische) - Follower Ninja\"\/>\n","<meta property=\"og:description\" content=\"Schwedische Spotify Follower kaufen - Spotify Streams - Spotify Likes - Reichweite \u2713 Qualifizierte Follower - Beste Spotify Schweden Follower auf dem gesamten Markt\"\/>\n","<meta property=\"og:updated_time\" content=\"2024-10-04T07:26:49+00:00\"\/>\n","<meta property=\"product:retailer_item_id\" content=\"47366\"\/>\n","<meta property=\"product:availability\" content=\"in stock\"\/>\n","<meta property=\"product:condition\" content=\"new\"\/>\n","<meta property=\"product:original_price:amount\" content=\"0.00\"\/>\n","<meta property=\"product:original_price:currency\" content=\"EUR\"\/>\n","<meta property=\"product:pretax_price:amount\" content=\"0.00\"\/>\n","<meta property=\"product:pretax_price:currency\" content=\"EUR\"\/>\n","<meta property=\"product:price:amount\" content=\"0.00\"\/>\n","<meta property=\"product:price:currency\" content=\"EUR\"\/>\n","<meta name=\"twitter:domain\" content=\"followerninja.com\"\/>\n","<meta name=\"twitter:title\" content=\"Spotify Follower kaufen (Schwedische) - Follower Ninja\"\/>\n","<meta name=\"twitter:description\" content=\"Schwedische Spotify Follower kaufen - Spotify Streams - Spotify Likes - Reichweite \u2713 Qualifizierte Follower - Beste Spotify Schweden Follower auf dem gesamten Markt\"\/>\n","<meta name=\"twitter:card\" content=\"summary\"\/>\n","<meta name=\"twitter:label1\" content=\"Price\"\/>\n","<meta name=\"twitter:data1\" content=\"0.00 EUR\"\/>\n","<meta name=\"twitter:label2\" content=\"Availability\"\/>\n","<meta name=\"twitter:data2\" content=\"In Stock\"\/>\n","<script type=\"application\/ld+json\" id=\"wpsso-schema-graph\">{\n    \"@context\": \"https:\/\/schema.org\",\n    \"@graph\": [\n        {\n            \"@id\": \"\/spotify\/koep-svenska-spotify-foeljare\/#sso\/product\/47366\",\n            \"@context\": \"https:\/\/schema.org\",\n            \"@type\": \"Product\",\n            \"mainEntityOfPage\": \"https:\/\/followerninja.com\/sv\/spotify\/koep-svenska-spotify-foeljare\/\",\n            \"url\": \"https:\/\/followerninja.com\/sv\/spotify\/koep-svenska-spotify-foeljare\/\",\n            \"sameAs\": [\n                \"https:\/\/followerninja.com\/sv\/?p=47366\"\n            ],\n            \"name\": \"Spotify Follower kaufen (Schwedische) - Follower Ninja\",\n            \"description\": \"Schwedische Spotify Follower kaufen - Spotify Streams - Spotify Likes - Reichweite \\u2713 Qualifizierte Follower - Beste Spotify Schweden Follower auf dem gesamten Markt\",\n            \"itemCondition\": \"https:\/\/schema.org\/NewCondition\",\n            \"offers\": {\n                \"@context\": \"https:\/\/schema.org\",\n                \"@type\": \"Offer\",\n                \"url\": \"https:\/\/followerninja.com\/sv\/spotify\/koep-svenska-spotify-foeljare\/\",\n                \"name\": \"Spotify Follower kaufen (Schwedische) - Follower Ninja\",\n                \"description\": \"Schwedische Spotify Follower kaufen - Spotify Streams - Spotify Likes - Reichweite \\u2713 Qualifizierte Follower - Beste Spotify Schweden Follower auf dem gesamten Markt\",\n                \"availability\": \"https:\/\/schema.org\/InStock\",\n                \"itemCondition\": \"https:\/\/schema.org\/NewCondition\",\n                \"price\": \"0.00\",\n                \"priceCurrency\": \"EUR\",\n                \"priceValidUntil\": \"2027-04-06T01:57:02+00:00\",\n                \"priceSpecification\": [\n                    {\n                        \"@context\": \"https:\/\/schema.org\",\n                        \"@type\": \"UnitPriceSpecification\",\n                        \"priceType\": \"https:\/\/schema.org\/ListPrice\",\n                        \"price\": \"0.00\",\n                        \"priceCurrency\": \"EUR\",\n                        \"valueAddedTaxIncluded\": false,\n                        \"validThrough\": \"2026-05-06T01:57:02+00:00\"\n                    }\n                ],\n                \"seller\": {\n                    \"@id\": \"\/#sso\/organization\/site\/org-logo-url\"\n                }\n            }\n        },\n        {\n            \"@id\": \"\/#sso\/organization\/site\/org-logo-url\",\n            \"@context\": \"https:\/\/schema.org\",\n            \"@type\": \"Organization\",\n            \"url\": \"https:\/\/followerninja.com\/sv\/\",\n            \"name\": \"Follower Ninja\",\n            \"description\": \"Social Media Follower\",\n            \"image\": [\n                {\n                    \"@id\": \"http:\/\/followerninja.com\/wp-content\/uploads\/2023\/06\/follower-ninja.png#sso\/image-object\"\n                }\n            ],\n            \"logo\": {\n                \"@id\": \"http:\/\/followerninja.com\/wp-content\/uploads\/2023\/06\/follower-ninja.png#sso\/image-object\"\n            }\n        },\n        {\n            \"@id\": \"http:\/\/followerninja.com\/wp-content\/uploads\/2023\/06\/follower-ninja.png#sso\/image-object\",\n            \"@context\": \"https:\/\/schema.org\",\n            \"@type\": \"ImageObject\",\n            \"url\": \"http:\/\/followerninja.com\/wp-content\/uploads\/2023\/06\/follower-ninja.png\",\n            \"width\": [\n                {\n                    \"@id\": \"#sso\/qv-width-px-616\"\n                }\n            ],\n            \"height\": [\n                {\n                    \"@id\": \"#sso\/qv-height-px-282\"\n                }\n            ]\n        },\n        {\n            \"@id\": \"#sso\/qv-width-px-616\",\n            \"@context\": \"https:\/\/schema.org\",\n            \"@type\": \"QuantitativeValue\",\n            \"name\": \"Width\",\n            \"unitText\": \"px\",\n            \"unitCode\": \"E37\",\n            \"value\": \"616\"\n        },\n        {\n            \"@id\": \"#sso\/qv-height-px-282\",\n            \"@context\": \"https:\/\/schema.org\",\n            \"@type\": \"QuantitativeValue\",\n            \"name\": \"Height\",\n            \"unitText\": \"px\",\n            \"unitCode\": \"E37\",\n            \"value\": \"282\"\n        },\n        {\n            \"@id\": \"\/spotify\/koep-svenska-spotify-foeljare\/#sso\/breadcrumb.list\/spotify\",\n            \"@context\": \"https:\/\/schema.org\",\n            \"@type\": \"BreadcrumbList\",\n            \"url\": \"https:\/\/followerninja.com\/sv\/spotify\/koep-svenska-spotify-foeljare\/\",\n            \"itemListElement\": [\n                {\n                    \"@context\": \"https:\/\/schema.org\",\n                    \"@type\": \"ListItem\",\n                    \"position\": 1,\n                    \"name\": \"Home\",\n                    \"item\": \"https:\/\/followerninja.com\/sv\/\"\n                },\n                {\n                    \"@context\": \"https:\/\/schema.org\",\n                    \"@type\": \"ListItem\",\n                    \"position\": 2,\n                    \"name\": \"Blog\",\n                    \"item\": \"https:\/\/followerninja.com\/\"\n                },\n                {\n                    \"@context\": \"https:\/\/schema.org\",\n                    \"@type\": \"ListItem\",\n                    \"position\": 3,\n                    \"name\": \"Spotify\",\n                    \"item\": \"https:\/\/followerninja.com\/sv\/spotify\/\"\n                },\n                {\n                    \"@context\": \"https:\/\/schema.org\",\n                    \"@type\": \"ListItem\",\n                    \"position\": 4,\n                    \"name\": \"Spotify Follower kaufen (Schwedische) - Follower Ninja\",\n                    \"item\": \"https:\/\/followerninja.com\/sv\/spotify\/koep-svenska-spotify-foeljare\/\"\n                }\n            ]\n        }\n    ]\n}<\/script>\n","<meta name=\"wpsso-end\" content=\"wpsso structured data end\"\/>\n","<meta name=\"wpsso-cached\" content=\"2026-04-06T01:57:02+00:00 for followerninja.com\"\/>\n"],"json":[{"@context":"https:\/\/schema.org","@graph":[{"@id":"\/spotify\/koep-svenska-spotify-foeljare\/#sso\/product\/47366","@context":"https:\/\/schema.org","@type":"Product","mainEntityOfPage":"https:\/\/followerninja.com\/sv\/spotify\/koep-svenska-spotify-foeljare\/","url":"https:\/\/followerninja.com\/sv\/spotify\/koep-svenska-spotify-foeljare\/","sameAs":["https:\/\/followerninja.com\/sv\/?p=47366"],"name":"Spotify Follower kaufen (Schwedische) - Follower Ninja","description":"Schwedische Spotify Follower kaufen - Spotify Streams - Spotify Likes - Reichweite \u2713 Qualifizierte Follower - Beste Spotify Schweden Follower auf dem gesamten Markt","itemCondition":"https:\/\/schema.org\/NewCondition","offers":{"@context":"https:\/\/schema.org","@type":"Offer","url":"https:\/\/followerninja.com\/sv\/spotify\/koep-svenska-spotify-foeljare\/","name":"Spotify Follower kaufen (Schwedische) - Follower Ninja","description":"Schwedische Spotify Follower kaufen - Spotify Streams - Spotify Likes - Reichweite \u2713 Qualifizierte Follower - Beste Spotify Schweden Follower auf dem gesamten Markt","availability":"https:\/\/schema.org\/InStock","itemCondition":"https:\/\/schema.org\/NewCondition","price":"0.00","priceCurrency":"EUR","priceValidUntil":"2027-04-06T01:57:02+00:00","priceSpecification":[{"@context":"https:\/\/schema.org","@type":"UnitPriceSpecification","priceType":"https:\/\/schema.org\/ListPrice","price":"0.00","priceCurrency":"EUR","valueAddedTaxIncluded":false,"validThrough":"2026-05-06T01:57:02+00:00"}],"seller":{"@id":"\/#sso\/organization\/site\/org-logo-url"}}},{"@id":"\/#sso\/organization\/site\/org-logo-url","@context":"https:\/\/schema.org","@type":"Organization","url":"https:\/\/followerninja.com\/sv\/","name":"Follower Ninja","description":"Social Media Follower","image":[{"@id":"http:\/\/followerninja.com\/wp-content\/uploads\/2023\/06\/follower-ninja.png#sso\/image-object"}],"logo":{"@id":"http:\/\/followerninja.com\/wp-content\/uploads\/2023\/06\/follower-ninja.png#sso\/image-object"}},{"@id":"http:\/\/followerninja.com\/wp-content\/uploads\/2023\/06\/follower-ninja.png#sso\/image-object","@context":"https:\/\/schema.org","@type":"ImageObject","url":"http:\/\/followerninja.com\/wp-content\/uploads\/2023\/06\/follower-ninja.png","width":[{"@id":"#sso\/qv-width-px-616"}],"height":[{"@id":"#sso\/qv-height-px-282"}]},{"@id":"#sso\/qv-width-px-616","@context":"https:\/\/schema.org","@type":"QuantitativeValue","name":"Width","unitText":"px","unitCode":"E37","value":"616"},{"@id":"#sso\/qv-height-px-282","@context":"https:\/\/schema.org","@type":"QuantitativeValue","name":"Height","unitText":"px","unitCode":"E37","value":"282"},{"@id":"\/spotify\/koep-svenska-spotify-foeljare\/#sso\/breadcrumb.list\/spotify","@context":"https:\/\/schema.org","@type":"BreadcrumbList","url":"https:\/\/followerninja.com\/sv\/spotify\/koep-svenska-spotify-foeljare\/","itemListElement":[{"@context":"https:\/\/schema.org","@type":"ListItem","position":1,"name":"Home","item":"https:\/\/followerninja.com\/sv\/"},{"@context":"https:\/\/schema.org","@type":"ListItem","position":2,"name":"Blog","item":"https:\/\/followerninja.com\/"},{"@context":"https:\/\/schema.org","@type":"ListItem","position":3,"name":"Spotify","item":"https:\/\/followerninja.com\/sv\/spotify\/"},{"@context":"https:\/\/schema.org","@type":"ListItem","position":4,"name":"Spotify Follower kaufen (Schwedische) - Follower Ninja","item":"https:\/\/followerninja.com\/sv\/spotify\/koep-svenska-spotify-foeljare\/"}]}]}],"parts":[["meta","name","generator","content","WPSSO Core 21.8.0\/L*","generator:1"],["meta","name","generator","content","WPSSO REST 3.3.0\/S","generator:2"],["meta","name","generator","content","WPSSO BC 5.3.0\/S","generator:3"],["meta","name","generator","content","WPSSO SSM 3.4.0\/S","generator:4"],["meta","name","generator","content","WPSSO UM 7.3.0\/S","generator:5"],["link","rel","shortlink","href","https:\/\/followerninja.com\/sv\/?p=47366",""],["meta","property","fb:app_id","content","966242223397117",""],["meta","property","og:time","content","2026-04-06T01:57:02+00:00",""],["meta","property","og:type","content","product",""],["meta","property","og:url","content","https:\/\/followerninja.com\/sv\/spotify\/koep-svenska-spotify-foeljare\/",""],["meta","property","og:locale","content","sv_SE",""],["meta","property","og:site_name","content","Follower Ninja",""],["meta","property","og:title","content","Spotify Follower kaufen (Schwedische) - Follower Ninja",""],["meta","property","og:description","content","Schwedische Spotify Follower kaufen - Spotify Streams - Spotify Likes - Reichweite \u2713 Qualifizierte Follower - Beste Spotify Schweden Follower auf dem gesamten Markt",""],["meta","property","og:updated_time","content","2024-10-04T07:26:49+00:00",""],["meta","name","schema:language","content","sv_SE",""],["meta","name","schema:type:id","content","product",""],["meta","name","schema:type:url","content","https:\/\/schema.org\/Product",""],["meta","name","schema:type:context","content","https:\/\/schema.org",""],["meta","name","schema:type:name","content","Product",""],["meta","name","schema:type:path","content","schema.org\/Product",""],["meta","property","product:retailer_item_id","content","47366",""],["meta","property","product:url","content","https:\/\/followerninja.com\/sv\/spotify\/koep-svenska-spotify-foeljare\/",""],["meta","property","product:title","content","Spotify Follower kaufen (Schwedische) - Follower Ninja",""],["meta","property","product:description","content","Schwedische Spotify Follower kaufen - Spotify Streams - Spotify Likes - Reichweite \u2713 Qualifizierte Follower - Beste Spotify Schweden Follower auf dem gesamten Markt",""],["meta","property","product:updated_time","content","2024-10-04T07:26:49+00:00",""],["meta","property","product:availability","content","in stock",""],["meta","property","product:retailer_category","content","Spotify",""],["meta","property","product:condition","content","new",""],["meta","property","product:is_virtual","content","true",""],["meta","property","product:min_advert_price:amount","content","0.00",""],["meta","property","product:min_advert_price:currency","content","EUR",""],["meta","property","product:original_price:type","content","https:\/\/schema.org\/ListPrice",""],["meta","property","product:original_price:amount","content","0.00",""],["meta","property","product:original_price:currency","content","EUR",""],["meta","property","product:pretax_price:amount","content","0.00",""],["meta","property","product:pretax_price:currency","content","EUR",""],["meta","property","product:price:type","content","https:\/\/schema.org\/ListPrice",""],["meta","property","product:price:amount","content","0.00",""],["meta","property","product:price:currency","content","EUR",""],["meta","property","product:price:vat_included","content","false",""],["meta","property","article:author:name","content","followerninja",""],["meta","property","article:reading_mins","content","4",""],["meta","name","twitter:domain","content","followerninja.com",""],["meta","name","twitter:title","content","Spotify Follower kaufen (Schwedische) - Follower Ninja",""],["meta","name","twitter:description","content","Schwedische Spotify Follower kaufen - Spotify Streams - Spotify Likes - Reichweite \u2713 Qualifizierte Follower - Beste Spotify Schweden Follower auf dem gesamten Markt",""],["meta","name","twitter:card","content","summary",""],["meta","name","twitter:label1","content","Price",""],["meta","name","twitter:data1","content","0.00 EUR",""],["meta","name","twitter:label2","content","Availability",""],["meta","name","twitter:data2","content","In Stock",""]]},"_links":{"self":[{"href":"https:\/\/followerninja.com\/sv\/wp-json\/wp\/v2\/product\/47366","targetHints":{"allow":["GET"]}}],"collection":[{"href":"https:\/\/followerninja.com\/sv\/wp-json\/wp\/v2\/product"}],"about":[{"href":"https:\/\/followerninja.com\/sv\/wp-json\/wp\/v2\/types\/product"}],"replies":[{"embeddable":true,"href":"https:\/\/followerninja.com\/sv\/wp-json\/wp\/v2\/comments?post=47366"}],"wp:featuredmedia":[{"embeddable":true,"href":"https:\/\/followerninja.com\/sv\/wp-json\/wp\/v2\/media\/46477"}],"wp:attachment":[{"href":"https:\/\/followerninja.com\/sv\/wp-json\/wp\/v2\/media?parent=47366"}],"wp:term":[{"taxonomy":"product_brand","embeddable":true,"href":"https:\/\/followerninja.com\/sv\/wp-json\/wp\/v2\/product_brand?post=47366"},{"taxonomy":"product_cat","embeddable":true,"href":"https:\/\/followerninja.com\/sv\/wp-json\/wp\/v2\/product_cat?post=47366"},{"taxonomy":"product_tag","embeddable":true,"href":"https:\/\/followerninja.com\/sv\/wp-json\/wp\/v2\/product_tag?post=47366"}],"curies":[{"name":"wp","href":"https:\/\/api.w.org\/{rel}","templated":true}]}}