{"id":47480,"date":"2023-02-28T12:54:10","date_gmt":"2023-02-28T11:54:10","guid":{"rendered":"http:\/\/followerninja.com\/?post_type=product&#038;p=47480"},"modified":"2024-10-04T09:26:47","modified_gmt":"2024-10-04T07:26:47","slug":"foeljare-till-foeretagets-linkedin-sida","status":"publish","type":"product","link":"https:\/\/followerninja.com\/sv\/linkedin\/foeljare-till-foeretagets-linkedin-sida\/","title":{"rendered":"F\u00f6ljare p\u00e5 LinkedIns f\u00f6retagssida"},"content":{"rendered":"<h3><strong>F\u00f6ljare p\u00e5 LinkedIns f\u00f6retagssida<\/strong><\/h3>\n<p><strong>Buy LinkedIn Followers for Business Page - Varf\u00f6r \u00e4r Follower Ninja den b\u00e4sta platsen f\u00f6r att k\u00f6pa riktiga LinkedIn-tj\u00e4nster?<\/strong><\/p>\n<p>Follower Ninja har erfarna marknadsf\u00f6rare inom sociala medier som st\u00e4ndigt utvecklas f\u00f6r att inf\u00f6rliva nya trender i sina processer. Vi har erfarenheten och expertisen f\u00f6r att se till att ditt varum\u00e4rke kan konkurrera med st\u00f6rre varum\u00e4rken n\u00e4r det g\u00e4ller marknadsandelar och trov\u00e4rdighet.<\/p>\n<p>Det finns m\u00e5nga webbplatser d\u00e4r du kan k\u00f6pa tj\u00e4nster f\u00f6r sociala medier, men vi h\u00e4vdar att vi \u00e4r b\u00e4st! Vi har hj\u00e4lpt v\u00e5ra kunder att utveckla sina konton i sociala medier sedan 2017, och sedan dess har vi blivit den f\u00f6rsta anropspunkten f\u00f6r de flesta.<\/p>\n<p><strong>Mer om LinkedIns f\u00f6retagssidans f\u00f6ljare<\/strong><\/p>\n<p>LinkedIn m\u00e5 vara en professionell milj\u00f6, men som alla andra sociala plattformar handlar det om att uttrycka sig sj\u00e4lv. M\u00e4nniskor och f\u00f6retag vill visa sig fr\u00e5n sin b\u00e4sta sida, vilket \u00e4r anledningen till att vissa anv\u00e4ndare kallar det f\u00f6r \"professionellt Facebook\" eller Facebook for Business. LinkedIn \u00e4r en mycket anv\u00e4ndbar social plattform f\u00f6r f\u00f6retag och yrkesverksamma; m\u00e5nga anv\u00e4ndare eller sidor ser v\u00e4ldigt lika ut. D\u00e4rf\u00f6r beh\u00f6ver du n\u00e5got f\u00f6r att sticka ut fr\u00e5n m\u00e4ngden. Ett av de b\u00e4sta s\u00e4tten att f\u00e5 din f\u00f6retagssida p\u00e5 Linkedin att sticka ut \u00e4r genom antalet f\u00f6ljare.<\/p>\n<p>Att f\u00e5 Linkedin-f\u00f6ljare till din f\u00f6retagssida \u00e4r viktigt f\u00f6r sidans \u00e4gare, men det kan ta mycket tid. Om du har en ny sida och inte har mycket tid att marknadsf\u00f6ra din sida kan du k\u00f6pa f\u00f6ljare till din Linkedin-sida. M\u00e5nga undrar om detta \u00e4r m\u00f6jligt. Det \u00e4r m\u00f6jligt att k\u00f6pa LinkedIn-f\u00f6ljare. Tack vare Follower Ninjas verktyg f\u00f6r att k\u00f6pa Linkedin f\u00f6ljare f\u00f6r Linkedin f\u00f6retagssida beh\u00f6ver du inte v\u00e4nta l\u00e4nge f\u00f6r att f\u00f6rb\u00e4ttra din sida. Oroa dig inte f\u00f6r juridiska fr\u00e5gor. Dessa f\u00f6ljare \u00e4r inte botar eller bedragare. De \u00e4r aktiva Linkedin-anv\u00e4ndare. LinkedIn kan inte klandra dig f\u00f6r att du har s\u00e5 m\u00e5nga f\u00f6ljare eftersom du inte har n\u00e5gon kontroll \u00f6ver vem som f\u00f6ljer din sida. Du f\u00f6rv\u00e4ntas inte \u00f6ka antalet f\u00f6ljare sj\u00e4lv. Vi g\u00f6r det enkelt f\u00f6r dig. \u00d6ka antalet f\u00f6ljare enkelt med Follower Ninja<\/p>\n<p><img fetchpriority=\"high\" decoding=\"async\" class=\"alignnone size-medium wp-image-47387\" src=\"http:\/\/followerninja.com\/wp-content\/uploads\/2022\/11\/follower-400x400.jpg\" alt=\"f\u00f6ljare ninja\" width=\"400\" height=\"400\" data-wp-pid=\"47387\" title=\"\" srcset=\"https:\/\/followerninja.com\/wp-content\/uploads\/2022\/11\/follower-400x400.jpg 400w, https:\/\/followerninja.com\/wp-content\/uploads\/2022\/11\/follower-1200x1200-cropped.jpg 1200w, https:\/\/followerninja.com\/wp-content\/uploads\/2022\/11\/follower-scaled-100x100.jpg 100w, https:\/\/followerninja.com\/wp-content\/uploads\/2022\/11\/follower-800x800.jpg 800w, https:\/\/followerninja.com\/wp-content\/uploads\/2022\/11\/follower-280x280.jpg 280w, https:\/\/followerninja.com\/wp-content\/uploads\/2022\/11\/follower-768x768.jpg 768w, https:\/\/followerninja.com\/wp-content\/uploads\/2022\/11\/follower-1536x1536.jpg 1536w, https:\/\/followerninja.com\/wp-content\/uploads\/2022\/11\/follower-12x12.jpg 12w, https:\/\/followerninja.com\/wp-content\/uploads\/2022\/11\/follower-1320x1320.jpg 1320w, https:\/\/followerninja.com\/wp-content\/uploads\/2022\/11\/follower-scaled.jpg 1920w\" sizes=\"(max-width: 400px) 100vw, 400px\" \/><\/p>\n<p>&nbsp;<\/p>\n<p><strong>H\u00e4r \u00e4r varf\u00f6r du b\u00f6r k\u00f6pa tj\u00e4nster av oss:<\/strong><\/p>\n<p>Vi ber dig aldrig om ditt l\u00f6senord eller viktig information. Vi erbjuder en s\u00e4ker milj\u00f6 och juridiska tj\u00e4nster. Det finns allts\u00e5 inga hackningsproblem eller olagliga problem.<br \/>\nS\u00e4kerhet \u00e4r ett viktigt steg i utvecklingen av sociala medier. V\u00e5ra system k\u00f6rs med SSL-certifikat, s\u00e5 alla dina uppgifter \u00e4r s\u00e4kra n\u00e4r du handlar hos oss.<br \/>\nSocial Media Growth finns d\u00e4r f\u00f6r dig dygnet runt. Om du har fr\u00e5gor eller beh\u00f6ver hj\u00e4lp kan du alltid kontakta v\u00e5r support.<br \/>\nVi erbjuder billiga tj\u00e4nster f\u00f6r sociala medier. V\u00e5ra priser \u00e4r mycket rimliga och billigare \u00e4n n\u00e5gon annan leverant\u00f6r.<br \/>\nBetalningsprocessen \u00e4r mycket enkel och s\u00e4ker. Du kan betala f\u00f6r v\u00e5ra tj\u00e4nster med kort eller Payeer.<\/p>\n<p>Ovanst\u00e5ende f\u00f6rm\u00e5ner g\u00e4ller f\u00f6r alla v\u00e5ra tj\u00e4nster. Om du letar efter det b\u00e4sta st\u00e4llet att k\u00f6pa tj\u00e4nster f\u00f6r sociala medier har du hittat det!<\/p>","protected":false},"excerpt":{"rendered":"<p>\u27a1\ufe0f LinkedIn - Profilf\u00f6ljare | USA\/UK | 0-12 timmar<br \/>\n\u27a1\ufe0f Livstidsgaranti mot fallskador<br \/>\n\u27a1\ufe0f Start: 0-24H (best\u00e4llningen slutf\u00f6rs inom 24 timmar)<br \/>\n\u27a1\ufe0f 300 dagar Speed<br \/>\n\u27a1\ufe0f Maximalt upp till 300<br \/>\n\u27a1\ufe0f F\u00f6reslagen tid: Min-300 per g\u00e5ng<br \/>\n\u27a1\ufe0f Refill: Livstid utan dropp<br \/>\n\u27a1\ufe0f Offentlig Linkedin-f\u00f6retagsprofil kr\u00e4vs<\/p>","protected":false},"featured_media":46511,"comment_status":"open","ping_status":"closed","template":"","meta":{"_acf_changed":false},"product_brand":[],"product_cat":[393],"product_tag":[394],"class_list":{"0":"post-47480","1":"product","2":"type-product","3":"status-publish","4":"has-post-thumbnail","6":"product_cat-linkedin","7":"product_tag-linkedin-follower","9":"first","10":"instock","11":"virtual","12":"purchasable","13":"product-type-simple"},"acf":[],"jetpack_sharing_enabled":true,"head":{"html":["<meta name=\"wpsso-begin\" content=\"wpsso structured data begin\"\/>\n","<!-- generator:1 --><meta name=\"generator\" content=\"WPSSO Core 21.8.0\/L*\"\/>\n","<!-- generator:2 --><meta name=\"generator\" content=\"WPSSO REST 3.3.0\/S\"\/>\n","<!-- generator:3 --><meta name=\"generator\" content=\"WPSSO BC 5.3.0\/S\"\/>\n","<!-- generator:4 --><meta name=\"generator\" content=\"WPSSO SSM 3.4.0\/S\"\/>\n","<!-- generator:5 --><meta name=\"generator\" content=\"WPSSO UM 7.3.0\/S\"\/>\n","<link rel=\"shortlink\" href=\"https:\/\/followerninja.com\/sv\/?p=47480\"\/>\n","<meta property=\"fb:app_id\" content=\"966242223397117\"\/>\n","<meta property=\"og:type\" content=\"product\"\/>\n","<meta property=\"og:url\" content=\"https:\/\/followerninja.com\/sv\/linkedin\/foeljare-till-foeretagets-linkedin-sida\/\"\/>\n","<meta property=\"og:locale\" content=\"sv_SE\"\/>\n","<meta property=\"og:site_name\" content=\"Follower Ninja\"\/>\n","<meta property=\"og:title\" content=\"LinkedIn Unternehmensseite Follower kaufen - Follower Ninja\"\/>\n","<meta property=\"og:description\" content=\"LinkedIn Unternehmensseite Follower kaufen - TikTok - Instagram - YouTube Reichweite \u2713 Qualifizierte Follower - Views f&uuml;r dein Social Media - Follower Ninja\"\/>\n","<meta property=\"og:updated_time\" content=\"2024-10-04T07:26:47+00:00\"\/>\n","<meta property=\"product:retailer_item_id\" content=\"47480\"\/>\n","<meta property=\"product:availability\" content=\"in stock\"\/>\n","<meta property=\"product:condition\" content=\"new\"\/>\n","<meta property=\"product:original_price:amount\" content=\"0.00\"\/>\n","<meta property=\"product:original_price:currency\" content=\"EUR\"\/>\n","<meta property=\"product:pretax_price:amount\" content=\"0.00\"\/>\n","<meta property=\"product:pretax_price:currency\" content=\"EUR\"\/>\n","<meta property=\"product:price:amount\" content=\"0.00\"\/>\n","<meta property=\"product:price:currency\" content=\"EUR\"\/>\n","<meta name=\"twitter:domain\" content=\"followerninja.com\"\/>\n","<meta name=\"twitter:title\" content=\"LinkedIn Unternehmensseite Follower kaufen - Follower Ninja\"\/>\n","<meta name=\"twitter:description\" content=\"LinkedIn Unternehmensseite Follower kaufen - TikTok - Instagram - YouTube Reichweite \u2713 Qualifizierte Follower - Views f&uuml;r dein Social Media - Follower Ninja\"\/>\n","<meta name=\"twitter:card\" content=\"summary\"\/>\n","<meta name=\"twitter:label1\" content=\"Price\"\/>\n","<meta name=\"twitter:data1\" content=\"0.00 EUR\"\/>\n","<meta name=\"twitter:label2\" content=\"Availability\"\/>\n","<meta name=\"twitter:data2\" content=\"In Stock\"\/>\n","<script type=\"application\/ld+json\" id=\"wpsso-schema-graph\">{\n    \"@context\": \"https:\/\/schema.org\",\n    \"@graph\": [\n        {\n            \"@id\": \"\/linkedin\/foeljare-till-foeretagets-linkedin-sida\/#sso\/product\/47480\",\n            \"@context\": \"https:\/\/schema.org\",\n            \"@type\": \"Product\",\n            \"mainEntityOfPage\": \"https:\/\/followerninja.com\/sv\/linkedin\/foeljare-till-foeretagets-linkedin-sida\/\",\n            \"url\": \"https:\/\/followerninja.com\/sv\/linkedin\/foeljare-till-foeretagets-linkedin-sida\/\",\n            \"sameAs\": [\n                \"https:\/\/followerninja.com\/sv\/?p=47480\"\n            ],\n            \"name\": \"LinkedIn Unternehmensseite Follower kaufen - Follower Ninja\",\n            \"description\": \"LinkedIn Unternehmensseite Follower kaufen - TikTok - Instagram - YouTube Reichweite \\u2713 Qualifizierte Follower - Views f&uuml;r dein Social Media - Follower Ninja\",\n            \"itemCondition\": \"https:\/\/schema.org\/NewCondition\",\n            \"offers\": {\n                \"@context\": \"https:\/\/schema.org\",\n                \"@type\": \"Offer\",\n                \"url\": \"https:\/\/followerninja.com\/sv\/linkedin\/foeljare-till-foeretagets-linkedin-sida\/\",\n                \"name\": \"LinkedIn Unternehmensseite Follower kaufen - Follower Ninja\",\n                \"description\": \"LinkedIn Unternehmensseite Follower kaufen - TikTok - Instagram - YouTube Reichweite \\u2713 Qualifizierte Follower - Views f&uuml;r dein Social Media - Follower Ninja\",\n                \"availability\": \"https:\/\/schema.org\/InStock\",\n                \"itemCondition\": \"https:\/\/schema.org\/NewCondition\",\n                \"price\": \"0.00\",\n                \"priceCurrency\": \"EUR\",\n                \"priceValidUntil\": \"2027-04-06T12:39:29+00:00\",\n                \"priceSpecification\": [\n                    {\n                        \"@context\": \"https:\/\/schema.org\",\n                        \"@type\": \"UnitPriceSpecification\",\n                        \"priceType\": \"https:\/\/schema.org\/ListPrice\",\n                        \"price\": \"0.00\",\n                        \"priceCurrency\": \"EUR\",\n                        \"valueAddedTaxIncluded\": false,\n                        \"validThrough\": \"2026-05-06T12:39:29+00:00\"\n                    }\n                ],\n                \"seller\": {\n                    \"@id\": \"\/#sso\/organization\/site\/org-logo-url\"\n                }\n            }\n        },\n        {\n            \"@id\": \"\/#sso\/organization\/site\/org-logo-url\",\n            \"@context\": \"https:\/\/schema.org\",\n            \"@type\": \"Organization\",\n            \"url\": \"https:\/\/followerninja.com\/sv\/\",\n            \"name\": \"Follower Ninja\",\n            \"description\": \"Social Media Follower\",\n            \"image\": [\n                {\n                    \"@id\": \"http:\/\/followerninja.com\/wp-content\/uploads\/2023\/06\/follower-ninja.png#sso\/image-object\"\n                }\n            ],\n            \"logo\": {\n                \"@id\": \"http:\/\/followerninja.com\/wp-content\/uploads\/2023\/06\/follower-ninja.png#sso\/image-object\"\n            }\n        },\n        {\n            \"@id\": \"http:\/\/followerninja.com\/wp-content\/uploads\/2023\/06\/follower-ninja.png#sso\/image-object\",\n            \"@context\": \"https:\/\/schema.org\",\n            \"@type\": \"ImageObject\",\n            \"url\": \"http:\/\/followerninja.com\/wp-content\/uploads\/2023\/06\/follower-ninja.png\",\n            \"width\": [\n                {\n                    \"@id\": \"#sso\/qv-width-px-616\"\n                }\n            ],\n            \"height\": [\n                {\n                    \"@id\": \"#sso\/qv-height-px-282\"\n                }\n            ]\n        },\n        {\n            \"@id\": \"#sso\/qv-width-px-616\",\n            \"@context\": \"https:\/\/schema.org\",\n            \"@type\": \"QuantitativeValue\",\n            \"name\": \"Width\",\n            \"unitText\": \"px\",\n            \"unitCode\": \"E37\",\n            \"value\": \"616\"\n        },\n        {\n            \"@id\": \"#sso\/qv-height-px-282\",\n            \"@context\": \"https:\/\/schema.org\",\n            \"@type\": \"QuantitativeValue\",\n            \"name\": \"Height\",\n            \"unitText\": \"px\",\n            \"unitCode\": \"E37\",\n            \"value\": \"282\"\n        },\n        {\n            \"@id\": \"\/linkedin\/foeljare-till-foeretagets-linkedin-sida\/#sso\/breadcrumb.list\/linkedin\",\n            \"@context\": \"https:\/\/schema.org\",\n            \"@type\": \"BreadcrumbList\",\n            \"url\": \"https:\/\/followerninja.com\/sv\/linkedin\/foeljare-till-foeretagets-linkedin-sida\/\",\n            \"itemListElement\": [\n                {\n                    \"@context\": \"https:\/\/schema.org\",\n                    \"@type\": \"ListItem\",\n                    \"position\": 1,\n                    \"name\": \"Home\",\n                    \"item\": \"https:\/\/followerninja.com\/sv\/\"\n                },\n                {\n                    \"@context\": \"https:\/\/schema.org\",\n                    \"@type\": \"ListItem\",\n                    \"position\": 2,\n                    \"name\": \"Blog\",\n                    \"item\": \"https:\/\/followerninja.com\/\"\n                },\n                {\n                    \"@context\": \"https:\/\/schema.org\",\n                    \"@type\": \"ListItem\",\n                    \"position\": 3,\n                    \"name\": \"Linkedin\",\n                    \"item\": \"https:\/\/followerninja.com\/sv\/linkedin\/\"\n                },\n                {\n                    \"@context\": \"https:\/\/schema.org\",\n                    \"@type\": \"ListItem\",\n                    \"position\": 4,\n                    \"name\": \"LinkedIn Unternehmensseite Follower kaufen - Follower Ninja\",\n                    \"item\": \"https:\/\/followerninja.com\/sv\/linkedin\/foeljare-till-foeretagets-linkedin-sida\/\"\n                }\n            ]\n        }\n    ]\n}<\/script>\n","<meta name=\"wpsso-end\" content=\"wpsso structured data end\"\/>\n","<meta name=\"wpsso-cached\" content=\"2026-04-06T12:39:29+00:00 for followerninja.com\"\/>\n"],"json":[{"@context":"https:\/\/schema.org","@graph":[{"@id":"\/linkedin\/foeljare-till-foeretagets-linkedin-sida\/#sso\/product\/47480","@context":"https:\/\/schema.org","@type":"Product","mainEntityOfPage":"https:\/\/followerninja.com\/sv\/linkedin\/foeljare-till-foeretagets-linkedin-sida\/","url":"https:\/\/followerninja.com\/sv\/linkedin\/foeljare-till-foeretagets-linkedin-sida\/","sameAs":["https:\/\/followerninja.com\/sv\/?p=47480"],"name":"LinkedIn Unternehmensseite Follower kaufen - Follower Ninja","description":"LinkedIn Unternehmensseite Follower kaufen - TikTok - Instagram - YouTube Reichweite \u2713 Qualifizierte Follower - Views f&uuml;r dein Social Media - Follower Ninja","itemCondition":"https:\/\/schema.org\/NewCondition","offers":{"@context":"https:\/\/schema.org","@type":"Offer","url":"https:\/\/followerninja.com\/sv\/linkedin\/foeljare-till-foeretagets-linkedin-sida\/","name":"LinkedIn Unternehmensseite Follower kaufen - Follower Ninja","description":"LinkedIn Unternehmensseite Follower kaufen - TikTok - Instagram - YouTube Reichweite \u2713 Qualifizierte Follower - Views f&uuml;r dein Social Media - Follower Ninja","availability":"https:\/\/schema.org\/InStock","itemCondition":"https:\/\/schema.org\/NewCondition","price":"0.00","priceCurrency":"EUR","priceValidUntil":"2027-04-06T12:39:29+00:00","priceSpecification":[{"@context":"https:\/\/schema.org","@type":"UnitPriceSpecification","priceType":"https:\/\/schema.org\/ListPrice","price":"0.00","priceCurrency":"EUR","valueAddedTaxIncluded":false,"validThrough":"2026-05-06T12:39:29+00:00"}],"seller":{"@id":"\/#sso\/organization\/site\/org-logo-url"}}},{"@id":"\/#sso\/organization\/site\/org-logo-url","@context":"https:\/\/schema.org","@type":"Organization","url":"https:\/\/followerninja.com\/sv\/","name":"Follower Ninja","description":"Social Media Follower","image":[{"@id":"http:\/\/followerninja.com\/wp-content\/uploads\/2023\/06\/follower-ninja.png#sso\/image-object"}],"logo":{"@id":"http:\/\/followerninja.com\/wp-content\/uploads\/2023\/06\/follower-ninja.png#sso\/image-object"}},{"@id":"http:\/\/followerninja.com\/wp-content\/uploads\/2023\/06\/follower-ninja.png#sso\/image-object","@context":"https:\/\/schema.org","@type":"ImageObject","url":"http:\/\/followerninja.com\/wp-content\/uploads\/2023\/06\/follower-ninja.png","width":[{"@id":"#sso\/qv-width-px-616"}],"height":[{"@id":"#sso\/qv-height-px-282"}]},{"@id":"#sso\/qv-width-px-616","@context":"https:\/\/schema.org","@type":"QuantitativeValue","name":"Width","unitText":"px","unitCode":"E37","value":"616"},{"@id":"#sso\/qv-height-px-282","@context":"https:\/\/schema.org","@type":"QuantitativeValue","name":"Height","unitText":"px","unitCode":"E37","value":"282"},{"@id":"\/linkedin\/foeljare-till-foeretagets-linkedin-sida\/#sso\/breadcrumb.list\/linkedin","@context":"https:\/\/schema.org","@type":"BreadcrumbList","url":"https:\/\/followerninja.com\/sv\/linkedin\/foeljare-till-foeretagets-linkedin-sida\/","itemListElement":[{"@context":"https:\/\/schema.org","@type":"ListItem","position":1,"name":"Home","item":"https:\/\/followerninja.com\/sv\/"},{"@context":"https:\/\/schema.org","@type":"ListItem","position":2,"name":"Blog","item":"https:\/\/followerninja.com\/"},{"@context":"https:\/\/schema.org","@type":"ListItem","position":3,"name":"Linkedin","item":"https:\/\/followerninja.com\/sv\/linkedin\/"},{"@context":"https:\/\/schema.org","@type":"ListItem","position":4,"name":"LinkedIn Unternehmensseite Follower kaufen - Follower Ninja","item":"https:\/\/followerninja.com\/sv\/linkedin\/foeljare-till-foeretagets-linkedin-sida\/"}]}]}],"parts":[["meta","name","generator","content","WPSSO Core 21.8.0\/L*","generator:1"],["meta","name","generator","content","WPSSO REST 3.3.0\/S","generator:2"],["meta","name","generator","content","WPSSO BC 5.3.0\/S","generator:3"],["meta","name","generator","content","WPSSO SSM 3.4.0\/S","generator:4"],["meta","name","generator","content","WPSSO UM 7.3.0\/S","generator:5"],["link","rel","shortlink","href","https:\/\/followerninja.com\/sv\/?p=47480",""],["meta","property","fb:app_id","content","966242223397117",""],["meta","property","og:time","content","2026-04-06T12:39:29+00:00",""],["meta","property","og:type","content","product",""],["meta","property","og:url","content","https:\/\/followerninja.com\/sv\/linkedin\/foeljare-till-foeretagets-linkedin-sida\/",""],["meta","property","og:locale","content","sv_SE",""],["meta","property","og:site_name","content","Follower Ninja",""],["meta","property","og:title","content","LinkedIn Unternehmensseite Follower kaufen - Follower Ninja",""],["meta","property","og:description","content","LinkedIn Unternehmensseite Follower kaufen - TikTok - Instagram - YouTube Reichweite \u2713 Qualifizierte Follower - Views f&uuml;r dein Social Media - Follower Ninja",""],["meta","property","og:updated_time","content","2024-10-04T07:26:47+00:00",""],["meta","name","schema:language","content","sv_SE",""],["meta","name","schema:type:id","content","product",""],["meta","name","schema:type:url","content","https:\/\/schema.org\/Product",""],["meta","name","schema:type:context","content","https:\/\/schema.org",""],["meta","name","schema:type:name","content","Product",""],["meta","name","schema:type:path","content","schema.org\/Product",""],["meta","property","product:retailer_item_id","content","47480",""],["meta","property","product:url","content","https:\/\/followerninja.com\/sv\/linkedin\/foeljare-till-foeretagets-linkedin-sida\/",""],["meta","property","product:title","content","LinkedIn Unternehmensseite Follower kaufen - Follower Ninja",""],["meta","property","product:description","content","LinkedIn Unternehmensseite Follower kaufen - TikTok - Instagram - YouTube Reichweite \u2713 Qualifizierte Follower - Views f&uuml;r dein Social Media - Follower Ninja",""],["meta","property","product:updated_time","content","2024-10-04T07:26:47+00:00",""],["meta","property","product:availability","content","in stock",""],["meta","property","product:retailer_category","content","Linkedin",""],["meta","property","product:condition","content","new",""],["meta","property","product:is_virtual","content","true",""],["meta","property","product:min_advert_price:amount","content","0.00",""],["meta","property","product:min_advert_price:currency","content","EUR",""],["meta","property","product:original_price:type","content","https:\/\/schema.org\/ListPrice",""],["meta","property","product:original_price:amount","content","0.00",""],["meta","property","product:original_price:currency","content","EUR",""],["meta","property","product:pretax_price:amount","content","0.00",""],["meta","property","product:pretax_price:currency","content","EUR",""],["meta","property","product:price:type","content","https:\/\/schema.org\/ListPrice",""],["meta","property","product:price:amount","content","0.00",""],["meta","property","product:price:currency","content","EUR",""],["meta","property","product:price:vat_included","content","false",""],["meta","property","article:author:name","content","followerninja",""],["meta","property","article:reading_mins","content","3",""],["meta","name","twitter:domain","content","followerninja.com",""],["meta","name","twitter:title","content","LinkedIn Unternehmensseite Follower kaufen - Follower Ninja",""],["meta","name","twitter:description","content","LinkedIn Unternehmensseite Follower kaufen - TikTok - Instagram - YouTube Reichweite \u2713 Qualifizierte Follower - Views f&uuml;r dein Social Media - Follower Ninja",""],["meta","name","twitter:card","content","summary",""],["meta","name","twitter:label1","content","Price",""],["meta","name","twitter:data1","content","0.00 EUR",""],["meta","name","twitter:label2","content","Availability",""],["meta","name","twitter:data2","content","In Stock",""]]},"_links":{"self":[{"href":"https:\/\/followerninja.com\/sv\/wp-json\/wp\/v2\/product\/47480","targetHints":{"allow":["GET"]}}],"collection":[{"href":"https:\/\/followerninja.com\/sv\/wp-json\/wp\/v2\/product"}],"about":[{"href":"https:\/\/followerninja.com\/sv\/wp-json\/wp\/v2\/types\/product"}],"replies":[{"embeddable":true,"href":"https:\/\/followerninja.com\/sv\/wp-json\/wp\/v2\/comments?post=47480"}],"wp:featuredmedia":[{"embeddable":true,"href":"https:\/\/followerninja.com\/sv\/wp-json\/wp\/v2\/media\/46511"}],"wp:attachment":[{"href":"https:\/\/followerninja.com\/sv\/wp-json\/wp\/v2\/media?parent=47480"}],"wp:term":[{"taxonomy":"product_brand","embeddable":true,"href":"https:\/\/followerninja.com\/sv\/wp-json\/wp\/v2\/product_brand?post=47480"},{"taxonomy":"product_cat","embeddable":true,"href":"https:\/\/followerninja.com\/sv\/wp-json\/wp\/v2\/product_cat?post=47480"},{"taxonomy":"product_tag","embeddable":true,"href":"https:\/\/followerninja.com\/sv\/wp-json\/wp\/v2\/product_tag?post=47480"}],"curies":[{"name":"wp","href":"https:\/\/api.w.org\/{rel}","templated":true}]}}