{"id":39773,"date":"2022-07-28T15:52:04","date_gmt":"2022-07-28T13:52:04","guid":{"rendered":"http:\/\/followerninja.com\/\/?page_id=39773"},"modified":"2024-05-24T17:21:23","modified_gmt":"2024-05-24T15:21:23","slug":"baski","status":"publish","type":"page","link":"https:\/\/followerninja.com\/tr\/baski\/","title":{"rendered":"K\u00fcnye"},"content":{"rendered":"<div data-elementor-type=\"wp-page\" data-elementor-id=\"39773\" class=\"elementor elementor-39773\">\n\t\t\t\t\t\t<section class=\"elementor-section elementor-top-section elementor-element elementor-element-54194bed elementor-section-boxed elementor-section-height-default elementor-section-height-default\" data-id=\"54194bed\" data-element_type=\"section\">\n\t\t\t\t\t\t<div class=\"elementor-container elementor-column-gap-default\">\n\t\t\t\t\t<div class=\"elementor-column elementor-col-100 elementor-top-column elementor-element elementor-element-3ac5fd32\" data-id=\"3ac5fd32\" data-element_type=\"column\">\n\t\t\t<div class=\"elementor-widget-wrap elementor-element-populated\">\n\t\t\t\t\t\t<div class=\"elementor-element elementor-element-5f094e2 elementor-widget elementor-widget-spacer\" data-id=\"5f094e2\" data-element_type=\"widget\" data-widget_type=\"spacer.default\">\n\t\t\t\t<div class=\"elementor-widget-container\">\n\t\t\t\t\t\t\t<div class=\"elementor-spacer\">\n\t\t\t<div class=\"elementor-spacer-inner\"><\/div>\n\t\t<\/div>\n\t\t\t\t\t\t<\/div>\n\t\t\t\t<\/div>\n\t\t\t\t<div class=\"elementor-element elementor-element-5f1f72d5 elementor-widget elementor-widget-text-editor\" data-id=\"5f1f72d5\" data-element_type=\"widget\" data-widget_type=\"text-editor.default\">\n\t\t\t\t<div class=\"elementor-widget-container\">\n\t\t\t\t\t\t\t\t\t<p>K\u00fcnye<br \/>TMG \u00a7 5 ve Medya Devleti Anla\u015fmas\u0131 (MStV) \u00a7 18 uyar\u0131nca bilgiler<\/p><p>Patrox UG<br \/>Tonndorfer ana caddesi 174<br \/>22045 Hamburg<br \/>Almanya<\/p><p>Y\u00f6netim\/sorumlu ki\u015fi:<br \/>Patrick Torben Bimber<\/p><p>1. \u0130leti\u015fim<br \/>E-posta: support@followerninja.com<\/p><p><span style=\"font-style: inherit; font-weight: inherit; background-color: var(--ast-global-color-5); color: var(--ast-global-color-3);\">2. sat\u0131\u015f vergisi kimli\u011fi<\/span><\/p><p>Katma De\u011fer Vergisi Kanunu'nun 27a maddesi uyar\u0131nca katma de\u011fer vergisi kimlik numaras\u0131:<br \/>DE345839413<\/p><p>3. veri kayd\u0131<br \/>Kay\u0131t numaras\u0131: HRB 173297<br \/>Yerel mahkeme: Hamburg<\/p><p>4. AB uyu\u015fmazl\u0131k \u00e7\u00f6z\u00fcm\u00fc<br \/>Avrupa Komisyonu \u00e7evrimi\u00e7i uyu\u015fmazl\u0131k \u00e7\u00f6z\u00fcm\u00fc (OS) i\u00e7in bir platform sa\u011flamaktad\u0131r: https:\/\/ec.europa.eu\/consumers\/odr. Bir t\u00fcketici hakem heyeti nezdindeki uyu\u015fmazl\u0131k \u00e7\u00f6z\u00fcm i\u015flemlerine kat\u0131lmakla y\u00fck\u00fcml\u00fc olmad\u0131\u011f\u0131m\u0131z gibi buna istekli de de\u011filiz.<\/p><p>5 \u0130\u00e7erik i\u00e7in sorumluluk<br \/>Bir hizmet sa\u011flay\u0131c\u0131 olarak, Alman Telemedya Yasas\u0131 (TMG) Madde 7 (1) uyar\u0131nca web sitemizdeki kendi i\u00e7eri\u011fimizden sorumluyuz. Bununla birlikte, TMG \u00a7\u00a7 8 ila 10 uyar\u0131nca, iletilen veya saklanan \u00fc\u00e7\u00fcnc\u00fc taraf bilgilerini izlemek veya yasa d\u0131\u015f\u0131 faaliyetlere i\u015faret eden durumlar\u0131 ara\u015ft\u0131rmak zorunda de\u011filiz.<\/p><p>Genel yasalara uygun olarak bilgilerin kald\u0131r\u0131lmas\u0131 veya kullan\u0131m\u0131n\u0131n engellenmesi y\u00fck\u00fcml\u00fcl\u00fckleri bundan etkilenmez. Ancak, bu konudaki sorumluluk sadece somut bir ihlalin \u00f6\u011frenildi\u011fi andan itibaren m\u00fcmk\u00fcnd\u00fcr. \u0130lgili ihlallerden haberdar olursak, bu i\u00e7eri\u011fi derhal kald\u0131raca\u011f\u0131z.<\/p><p>Hizmetlerimize konu olan sosyal a\u011flar\u0131n hi\u00e7birini temsil etmedi\u011fimizi a\u00e7\u0131k\u00e7a belirtiriz.<\/p><p>E\u015fit haklar konusunda kararl\u0131y\u0131z. Patrox UG taraf\u0131ndan i\u015fletilen web sitelerindeki i\u00e7erikte eril terim kullan\u0131ld\u0131\u011f\u0131nda, bu yaln\u0131zca daha iyi okunabilirlik ve anla\u015f\u0131labilirlik amac\u0131yla yap\u0131l\u0131r.<\/p><p>6 Ba\u011flant\u0131lar i\u00e7in sorumluluk<br \/>Teklifimiz, i\u00e7erikleri \u00fczerinde hi\u00e7bir etkimiz olmayan \u00fc\u00e7\u00fcnc\u00fc taraflar\u0131n harici web sitelerine ba\u011flant\u0131lar i\u00e7erir. Bu nedenle, bu harici i\u00e7erikler i\u00e7in herhangi bir sorumluluk kabul edemeyiz. Ba\u011flant\u0131l\u0131 sayfalar\u0131n i\u00e7eri\u011finden her zaman sayfalar\u0131n ilgili sa\u011flay\u0131c\u0131s\u0131 veya operat\u00f6r\u00fc sorumludur. Ba\u011flant\u0131 verilen sayfalar, ba\u011flant\u0131 verildi\u011fi s\u0131rada olas\u0131 yasal ihlallere kar\u015f\u0131 kontrol edilmi\u015ftir. Yasa d\u0131\u015f\u0131 i\u00e7erikler ba\u011flant\u0131 s\u0131ras\u0131nda fark edilememi\u015ftir.<\/p><p>Bununla birlikte, ba\u011flant\u0131l\u0131 sayfalar\u0131n i\u00e7eri\u011finin kal\u0131c\u0131 olarak kontrol edilmesi, yasan\u0131n ihlal edildi\u011fine dair somut bir kan\u0131t olmadan makul de\u011fildir. Herhangi bir yasa ihlalinden haberdar olursak, bu t\u00fcr ba\u011flant\u0131lar\u0131 derhal kald\u0131raca\u011f\u0131z.<\/p><p>7. Telif hakk\u0131<br \/>Bu sayfalarda site operat\u00f6rleri taraf\u0131ndan olu\u015fturulan i\u00e7erikler ve eserler Alman telif hakk\u0131 yasas\u0131na tabidir. \u00c7o\u011faltma, i\u015fleme, da\u011f\u0131t\u0131m ve telif hakk\u0131 yasas\u0131n\u0131n s\u0131n\u0131rlar\u0131 d\u0131\u015f\u0131ndaki her t\u00fcrl\u00fc kullan\u0131m, ilgili yazar\u0131n veya yarat\u0131c\u0131n\u0131n yaz\u0131l\u0131 onay\u0131n\u0131 gerektirir. Bu sitenin indirilmesine ve kopyalanmas\u0131na yaln\u0131zca \u00f6zel, ticari olmayan kullan\u0131m i\u00e7in izin verilir.<\/p><p>Bu sitedeki i\u00e7erik operat\u00f6r taraf\u0131ndan olu\u015fturulmad\u0131\u011f\u0131 s\u00fcrece, \u00fc\u00e7\u00fcnc\u00fc taraflar\u0131n telif haklar\u0131na sayg\u0131 duyulur. \u00d6zellikle, \u00fc\u00e7\u00fcnc\u00fc taraf i\u00e7eri\u011fi bu \u015fekilde etiketlenmi\u015ftir. Yine de bir telif hakk\u0131 ihlalinden haberdar olursan\u0131z, l\u00fctfen bizi uygun \u015fekilde bilgilendirin. Herhangi bir ihlalden haberdar olursak, bu t\u00fcr i\u00e7erikleri derhal kald\u0131raca\u011f\u0131z. Bir telif hakk\u0131 ihlalinden \u015f\u00fcpheleniyorsan\u0131z l\u00fctfen info@followerninja.com ile ileti\u015fime ge\u00e7in.<\/p>\t\t\t\t\t\t\t\t<\/div>\n\t\t\t\t<\/div>\n\t\t\t\t\t<\/div>\n\t\t<\/div>\n\t\t\t\t\t<\/div>\n\t\t<\/section>\n\t\t\t\t<\/div>","protected":false},"excerpt":{"rendered":"","protected":false},"author":1,"featured_media":0,"parent":0,"menu_order":0,"comment_status":"closed","ping_status":"closed","template":"","meta":{"_acf_changed":false,"footnotes":""},"class_list":["post-39773","page","type-page","status-publish","hentry"],"acf":[],"jetpack_sharing_enabled":true,"head":{"html":["<meta name=\"wpsso-begin\" content=\"wpsso structured data begin\"\/>\n","<!-- generator:1 --><meta name=\"generator\" content=\"WPSSO Core 21.8.0\/L*\"\/>\n","<!-- generator:2 --><meta name=\"generator\" content=\"WPSSO REST 3.3.0\/S\"\/>\n","<!-- generator:3 --><meta name=\"generator\" content=\"WPSSO BC 5.3.0\/S\"\/>\n","<!-- generator:4 --><meta name=\"generator\" content=\"WPSSO SSM 3.4.0\/S\"\/>\n","<!-- generator:5 --><meta name=\"generator\" content=\"WPSSO UM 7.3.0\/S\"\/>\n","<link rel=\"shortlink\" href=\"https:\/\/followerninja.com\/tr\/?p=39773\"\/>\n","<meta property=\"fb:app_id\" content=\"966242223397117\"\/>\n","<meta property=\"og:type\" content=\"article\"\/>\n","<meta property=\"og:url\" content=\"https:\/\/followerninja.com\/tr\/baski\/\"\/>\n","<meta property=\"og:locale\" content=\"tr_TR\"\/>\n","<meta property=\"og:site_name\" content=\"Follower Ninja\"\/>\n","<meta property=\"og:title\" content=\"Impressum\"\/>\n","<meta property=\"og:description\" content=\"ImpressumAngaben gem&auml;&szlig; &sect; 5 TMG und &sect; 18 des Medienstaatsvertrags (MStV) Patrox UGTonndorfer Hauptstra&szlig;e 17422045 HamburgDeutschland Gesch&auml;ftsf&uuml;hrung\/Verantwortlicher:Patrick Torben Bimber 1. KontaktE-Mail: support@followerninja.com 2. Umsatzsteuer-ID Umsatzsteuer-Identifikationsnummer gem&auml;&szlig; &sect;...\"\/>\n","<meta property=\"og:updated_time\" content=\"2024-05-24T15:21:23+00:00\"\/>\n","<meta property=\"article:published_time\" content=\"2022-07-28T13:52:04+00:00\"\/>\n","<meta property=\"article:modified_time\" content=\"2024-05-24T15:21:23+00:00\"\/>\n","<meta name=\"twitter:domain\" content=\"followerninja.com\"\/>\n","<meta name=\"twitter:title\" content=\"Impressum\"\/>\n","<meta name=\"twitter:description\" content=\"ImpressumAngaben gem&auml;&szlig; &sect; 5 TMG und &sect; 18 des Medienstaatsvertrags (MStV) Patrox UGTonndorfer Hauptstra&szlig;e 17422045 HamburgDeutschland Gesch&auml;ftsf&uuml;hrung\/Verantwortlicher:Patrick Torben Bimber 1...\"\/>\n","<meta name=\"twitter:card\" content=\"summary\"\/>\n","<meta name=\"twitter:label1\" content=\"Written by\"\/>\n","<meta name=\"twitter:data1\" content=\"followerninja\"\/>\n","<meta name=\"twitter:label2\" content=\"Est. reading time\"\/>\n","<meta name=\"twitter:data2\" content=\"2 minutes\"\/>\n","<meta name=\"author\" content=\"followerninja\"\/>\n","<script type=\"application\/ld+json\" id=\"wpsso-schema-graph\">{\n    \"@context\": \"https:\/\/schema.org\",\n    \"@graph\": [\n        {\n            \"@id\": \"\/baski\/#sso\/article\/39773\",\n            \"@context\": \"https:\/\/schema.org\",\n            \"@type\": \"Article\",\n            \"mainEntityOfPage\": \"https:\/\/followerninja.com\/tr\/baski\/\",\n            \"url\": \"https:\/\/followerninja.com\/tr\/baski\/\",\n            \"sameAs\": [\n                \"https:\/\/followerninja.com\/tr\/?p=39773\"\n            ],\n            \"name\": \"Impressum\",\n            \"description\": \"ImpressumAngaben gem&auml;&szlig; &sect; 5 TMG und &sect; 18 des Medienstaatsvertrags (MStV) Patrox UGTonndorfer Hauptstra&szlig;e 17422045 HamburgDeutschland Gesch&auml;ftsf&uuml;hrung\/Verantwortlicher:Patrick Torben Bimber 1. KontaktE-Mail: support@followerninja.com 2. Umsatzsteuer-ID Umsatzsteuer-Identifikationsnummer gem&auml;&szlig; &sect;...\",\n            \"publisher\": [\n                {\n                    \"@id\": \"\/#sso\/organization\/site\/org-banner-url\"\n                }\n            ],\n            \"headline\": \"Impressum\",\n            \"inLanguage\": \"tr_TR\",\n            \"datePublished\": \"2022-07-28T13:52:04+00:00\",\n            \"dateModified\": \"2024-05-24T15:21:23+00:00\",\n            \"author\": {\n                \"@id\": \"\/9cec754964e4864d1e37e9376811913f#sso\/person\"\n            },\n            \"timeRequired\": \"PT2M\",\n            \"speakable\": {\n                \"@context\": \"https:\/\/schema.org\",\n                \"@type\": \"SpeakableSpecification\",\n                \"cssSelector\": [\n                    \".wp-block-post-title\",\n                    \".speakable\"\n                ]\n            }\n        },\n        {\n            \"@id\": \"\/#sso\/organization\/site\/org-banner-url\",\n            \"@context\": \"https:\/\/schema.org\",\n            \"@type\": \"Organization\",\n            \"url\": \"https:\/\/followerninja.com\/tr\/\",\n            \"name\": \"Follower Ninja\",\n            \"description\": \"Social Media Follower\",\n            \"image\": [\n                {\n                    \"@id\": \"http:\/\/followerninja.com\/wp-content\/uploads\/2023\/06\/follower-ninja.png#sso\/image-object\"\n                }\n            ],\n            \"logo\": {\n                \"@id\": \"http:\/\/followerninja.com\/wp-content\/uploads\/2023\/02\/FOLLOWER-NINJA-TIKTOK-FOLLOWER.png#sso\/image-object\"\n            }\n        },\n        {\n            \"@id\": \"http:\/\/followerninja.com\/wp-content\/uploads\/2023\/06\/follower-ninja.png#sso\/image-object\",\n            \"@context\": \"https:\/\/schema.org\",\n            \"@type\": \"ImageObject\",\n            \"url\": \"http:\/\/followerninja.com\/wp-content\/uploads\/2023\/06\/follower-ninja.png\",\n            \"width\": [\n                {\n                    \"@id\": \"#sso\/qv-width-px-616\"\n                }\n            ],\n            \"height\": [\n                {\n                    \"@id\": \"#sso\/qv-height-px-282\"\n                }\n            ]\n        },\n        {\n            \"@id\": \"#sso\/qv-width-px-616\",\n            \"@context\": \"https:\/\/schema.org\",\n            \"@type\": \"QuantitativeValue\",\n            \"name\": \"Width\",\n            \"unitText\": \"px\",\n            \"unitCode\": \"E37\",\n            \"value\": \"616\"\n        },\n        {\n            \"@id\": \"#sso\/qv-height-px-282\",\n            \"@context\": \"https:\/\/schema.org\",\n            \"@type\": \"QuantitativeValue\",\n            \"name\": \"Height\",\n            \"unitText\": \"px\",\n            \"unitCode\": \"E37\",\n            \"value\": \"282\"\n        },\n        {\n            \"@id\": \"http:\/\/followerninja.com\/wp-content\/uploads\/2023\/02\/FOLLOWER-NINJA-TIKTOK-FOLLOWER.png#sso\/image-object\",\n            \"@context\": \"https:\/\/schema.org\",\n            \"@type\": \"ImageObject\",\n            \"url\": \"http:\/\/followerninja.com\/wp-content\/uploads\/2023\/02\/FOLLOWER-NINJA-TIKTOK-FOLLOWER.png\",\n            \"width\": [\n                {\n                    \"@id\": \"#sso\/qv-width-px-2400\"\n                }\n            ],\n            \"height\": [\n                {\n                    \"@id\": \"#sso\/qv-height-px-2074\"\n                }\n            ]\n        },\n        {\n            \"@id\": \"#sso\/qv-width-px-2400\",\n            \"@context\": \"https:\/\/schema.org\",\n            \"@type\": \"QuantitativeValue\",\n            \"name\": \"Width\",\n            \"unitText\": \"px\",\n            \"unitCode\": \"E37\",\n            \"value\": \"2400\"\n        },\n        {\n            \"@id\": \"#sso\/qv-height-px-2074\",\n            \"@context\": \"https:\/\/schema.org\",\n            \"@type\": \"QuantitativeValue\",\n            \"name\": \"Height\",\n            \"unitText\": \"px\",\n            \"unitCode\": \"E37\",\n            \"value\": \"2074\"\n        },\n        {\n            \"@id\": \"\/9cec754964e4864d1e37e9376811913f#sso\/person\",\n            \"@context\": \"https:\/\/schema.org\",\n            \"@type\": \"Person\",\n            \"url\": \"http:\/\/followerninja.com\/\",\n            \"name\": \"followerninja\",\n            \"givenName\": \"Nami\",\n            \"familyName\": \"Shams\",\n            \"description\": \"Follower Ninja - Social Media Profis\",\n            \"image\": [\n                {\n                    \"@id\": \"https:\/\/secure.gravatar.com\/avatar\/51fd3ca1505ce8c9465a64104b9d54df.jpg?d=mp&s=1200#sso\/image-object\"\n                }\n            ]\n        },\n        {\n            \"@id\": \"https:\/\/secure.gravatar.com\/avatar\/51fd3ca1505ce8c9465a64104b9d54df.jpg?d=mp&s=1200#sso\/image-object\",\n            \"@context\": \"https:\/\/schema.org\",\n            \"@type\": \"ImageObject\",\n            \"url\": \"https:\/\/secure.gravatar.com\/avatar\/51fd3ca1505ce8c9465a64104b9d54df.jpg?d=mp&s=1200\",\n            \"width\": [\n                {\n                    \"@id\": \"#sso\/qv-width-px-1200\"\n                }\n            ],\n            \"height\": [\n                {\n                    \"@id\": \"#sso\/qv-height-px-1200\"\n                }\n            ]\n        },\n        {\n            \"@id\": \"#sso\/qv-width-px-1200\",\n            \"@context\": \"https:\/\/schema.org\",\n            \"@type\": \"QuantitativeValue\",\n            \"name\": \"Width\",\n            \"unitText\": \"px\",\n            \"unitCode\": \"E37\",\n            \"value\": \"1200\"\n        },\n        {\n            \"@id\": \"#sso\/qv-height-px-1200\",\n            \"@context\": \"https:\/\/schema.org\",\n            \"@type\": \"QuantitativeValue\",\n            \"name\": \"Height\",\n            \"unitText\": \"px\",\n            \"unitCode\": \"E37\",\n            \"value\": \"1200\"\n        },\n        {\n            \"@id\": \"\/baski\/#sso\/breadcrumb-list\/39773\",\n            \"@context\": \"https:\/\/schema.org\",\n            \"@type\": \"BreadcrumbList\",\n            \"url\": \"https:\/\/followerninja.com\/tr\/baski\/\",\n            \"itemListElement\": [\n                {\n                    \"@context\": \"https:\/\/schema.org\",\n                    \"@type\": \"ListItem\",\n                    \"position\": 1,\n                    \"name\": \"Home\",\n                    \"item\": \"https:\/\/followerninja.com\/tr\/\"\n                },\n                {\n                    \"@context\": \"https:\/\/schema.org\",\n                    \"@type\": \"ListItem\",\n                    \"position\": 2,\n                    \"name\": \"Blog\",\n                    \"item\": \"https:\/\/followerninja.com\/\"\n                },\n                {\n                    \"@context\": \"https:\/\/schema.org\",\n                    \"@type\": \"ListItem\",\n                    \"position\": 3,\n                    \"name\": \"Impressum\",\n                    \"item\": \"https:\/\/followerninja.com\/tr\/baski\/\"\n                }\n            ]\n        }\n    ]\n}<\/script>\n","<meta name=\"wpsso-end\" content=\"wpsso structured data end\"\/>\n","<meta name=\"wpsso-cached\" content=\"2026-04-12T11:27:51+00:00 for followerninja.com\"\/>\n"],"json":[{"@context":"https:\/\/schema.org","@graph":[{"@id":"\/baski\/#sso\/article\/39773","@context":"https:\/\/schema.org","@type":"Article","mainEntityOfPage":"https:\/\/followerninja.com\/tr\/baski\/","url":"https:\/\/followerninja.com\/tr\/baski\/","sameAs":["https:\/\/followerninja.com\/tr\/?p=39773"],"name":"Impressum","description":"ImpressumAngaben gem&auml;&szlig; &sect; 5 TMG und &sect; 18 des Medienstaatsvertrags (MStV) Patrox UGTonndorfer Hauptstra&szlig;e 17422045 HamburgDeutschland Gesch&auml;ftsf&uuml;hrung\/Verantwortlicher:Patrick Torben Bimber 1. KontaktE-Mail: support@followerninja.com 2. Umsatzsteuer-ID Umsatzsteuer-Identifikationsnummer gem&auml;&szlig; &sect;...","publisher":[{"@id":"\/#sso\/organization\/site\/org-banner-url"}],"headline":"Impressum","inLanguage":"tr_TR","datePublished":"2022-07-28T13:52:04+00:00","dateModified":"2024-05-24T15:21:23+00:00","author":{"@id":"\/9cec754964e4864d1e37e9376811913f#sso\/person"},"timeRequired":"PT2M","speakable":{"@context":"https:\/\/schema.org","@type":"SpeakableSpecification","cssSelector":[".wp-block-post-title",".speakable"]}},{"@id":"\/#sso\/organization\/site\/org-banner-url","@context":"https:\/\/schema.org","@type":"Organization","url":"https:\/\/followerninja.com\/tr\/","name":"Follower Ninja","description":"Social Media Follower","image":[{"@id":"http:\/\/followerninja.com\/wp-content\/uploads\/2023\/06\/follower-ninja.png#sso\/image-object"}],"logo":{"@id":"http:\/\/followerninja.com\/wp-content\/uploads\/2023\/02\/FOLLOWER-NINJA-TIKTOK-FOLLOWER.png#sso\/image-object"}},{"@id":"http:\/\/followerninja.com\/wp-content\/uploads\/2023\/06\/follower-ninja.png#sso\/image-object","@context":"https:\/\/schema.org","@type":"ImageObject","url":"http:\/\/followerninja.com\/wp-content\/uploads\/2023\/06\/follower-ninja.png","width":[{"@id":"#sso\/qv-width-px-616"}],"height":[{"@id":"#sso\/qv-height-px-282"}]},{"@id":"#sso\/qv-width-px-616","@context":"https:\/\/schema.org","@type":"QuantitativeValue","name":"Width","unitText":"px","unitCode":"E37","value":"616"},{"@id":"#sso\/qv-height-px-282","@context":"https:\/\/schema.org","@type":"QuantitativeValue","name":"Height","unitText":"px","unitCode":"E37","value":"282"},{"@id":"http:\/\/followerninja.com\/wp-content\/uploads\/2023\/02\/FOLLOWER-NINJA-TIKTOK-FOLLOWER.png#sso\/image-object","@context":"https:\/\/schema.org","@type":"ImageObject","url":"http:\/\/followerninja.com\/wp-content\/uploads\/2023\/02\/FOLLOWER-NINJA-TIKTOK-FOLLOWER.png","width":[{"@id":"#sso\/qv-width-px-2400"}],"height":[{"@id":"#sso\/qv-height-px-2074"}]},{"@id":"#sso\/qv-width-px-2400","@context":"https:\/\/schema.org","@type":"QuantitativeValue","name":"Width","unitText":"px","unitCode":"E37","value":"2400"},{"@id":"#sso\/qv-height-px-2074","@context":"https:\/\/schema.org","@type":"QuantitativeValue","name":"Height","unitText":"px","unitCode":"E37","value":"2074"},{"@id":"\/9cec754964e4864d1e37e9376811913f#sso\/person","@context":"https:\/\/schema.org","@type":"Person","url":"http:\/\/followerninja.com\/","name":"followerninja","givenName":"Nami","familyName":"Shams","description":"Follower Ninja - Social Media Profis","image":[{"@id":"https:\/\/secure.gravatar.com\/avatar\/51fd3ca1505ce8c9465a64104b9d54df.jpg?d=mp&s=1200#sso\/image-object"}]},{"@id":"https:\/\/secure.gravatar.com\/avatar\/51fd3ca1505ce8c9465a64104b9d54df.jpg?d=mp&s=1200#sso\/image-object","@context":"https:\/\/schema.org","@type":"ImageObject","url":"https:\/\/secure.gravatar.com\/avatar\/51fd3ca1505ce8c9465a64104b9d54df.jpg?d=mp&s=1200","width":[{"@id":"#sso\/qv-width-px-1200"}],"height":[{"@id":"#sso\/qv-height-px-1200"}]},{"@id":"#sso\/qv-width-px-1200","@context":"https:\/\/schema.org","@type":"QuantitativeValue","name":"Width","unitText":"px","unitCode":"E37","value":"1200"},{"@id":"#sso\/qv-height-px-1200","@context":"https:\/\/schema.org","@type":"QuantitativeValue","name":"Height","unitText":"px","unitCode":"E37","value":"1200"},{"@id":"\/baski\/#sso\/breadcrumb-list\/39773","@context":"https:\/\/schema.org","@type":"BreadcrumbList","url":"https:\/\/followerninja.com\/tr\/baski\/","itemListElement":[{"@context":"https:\/\/schema.org","@type":"ListItem","position":1,"name":"Home","item":"https:\/\/followerninja.com\/tr\/"},{"@context":"https:\/\/schema.org","@type":"ListItem","position":2,"name":"Blog","item":"https:\/\/followerninja.com\/"},{"@context":"https:\/\/schema.org","@type":"ListItem","position":3,"name":"Impressum","item":"https:\/\/followerninja.com\/tr\/baski\/"}]}]}],"parts":[["meta","name","generator","content","WPSSO Core 21.8.0\/L*","generator:1"],["meta","name","generator","content","WPSSO REST 3.3.0\/S","generator:2"],["meta","name","generator","content","WPSSO BC 5.3.0\/S","generator:3"],["meta","name","generator","content","WPSSO SSM 3.4.0\/S","generator:4"],["meta","name","generator","content","WPSSO UM 7.3.0\/S","generator:5"],["link","rel","shortlink","href","https:\/\/followerninja.com\/tr\/?p=39773",""],["meta","property","fb:app_id","content","966242223397117",""],["meta","property","og:time","content","2026-04-12T11:27:51+00:00",""],["meta","property","og:type","content","article",""],["meta","property","og:url","content","https:\/\/followerninja.com\/tr\/baski\/",""],["meta","property","og:locale","content","tr_TR",""],["meta","property","og:site_name","content","Follower Ninja",""],["meta","property","og:title","content","Impressum",""],["meta","property","og:description","content","ImpressumAngaben gem&auml;&szlig; &sect; 5 TMG und &sect; 18 des Medienstaatsvertrags (MStV) Patrox UGTonndorfer Hauptstra&szlig;e 17422045 HamburgDeutschland Gesch&auml;ftsf&uuml;hrung\/Verantwortlicher:Patrick Torben Bimber 1. KontaktE-Mail: support@followerninja.com 2. Umsatzsteuer-ID Umsatzsteuer-Identifikationsnummer gem&auml;&szlig; &sect;...",""],["meta","property","og:updated_time","content","2024-05-24T15:21:23+00:00",""],["meta","name","schema:language","content","tr_TR",""],["meta","name","schema:type:id","content","article",""],["meta","name","schema:type:url","content","https:\/\/schema.org\/Article",""],["meta","name","schema:type:context","content","https:\/\/schema.org",""],["meta","name","schema:type:name","content","Article",""],["meta","name","schema:type:path","content","schema.org\/Article",""],["meta","property","article:author:name","content","followerninja",""],["meta","property","article:published_time","content","2022-07-28T13:52:04+00:00",""],["meta","property","article:modified_time","content","2024-05-24T15:21:23+00:00",""],["meta","property","article:reading_mins","content","2",""],["meta","name","twitter:domain","content","followerninja.com",""],["meta","name","twitter:title","content","Impressum",""],["meta","name","twitter:description","content","ImpressumAngaben gem&auml;&szlig; &sect; 5 TMG und &sect; 18 des Medienstaatsvertrags (MStV) Patrox UGTonndorfer Hauptstra&szlig;e 17422045 HamburgDeutschland Gesch&auml;ftsf&uuml;hrung\/Verantwortlicher:Patrick Torben Bimber 1...",""],["meta","name","twitter:card","content","summary",""],["meta","name","twitter:label1","content","Written by",""],["meta","name","twitter:data1","content","followerninja",""],["meta","name","twitter:label2","content","Est. reading time",""],["meta","name","twitter:data2","content","2 minutes",""],["meta","name","author","content","followerninja",""]]},"_links":{"self":[{"href":"https:\/\/followerninja.com\/tr\/wp-json\/wp\/v2\/pages\/39773","targetHints":{"allow":["GET"]}}],"collection":[{"href":"https:\/\/followerninja.com\/tr\/wp-json\/wp\/v2\/pages"}],"about":[{"href":"https:\/\/followerninja.com\/tr\/wp-json\/wp\/v2\/types\/page"}],"author":[{"embeddable":true,"href":"https:\/\/followerninja.com\/tr\/wp-json\/wp\/v2\/users\/1"}],"replies":[{"embeddable":true,"href":"https:\/\/followerninja.com\/tr\/wp-json\/wp\/v2\/comments?post=39773"}],"version-history":[{"count":6,"href":"https:\/\/followerninja.com\/tr\/wp-json\/wp\/v2\/pages\/39773\/revisions"}],"predecessor-version":[{"id":49114,"href":"https:\/\/followerninja.com\/tr\/wp-json\/wp\/v2\/pages\/39773\/revisions\/49114"}],"wp:attachment":[{"href":"https:\/\/followerninja.com\/tr\/wp-json\/wp\/v2\/media?parent=39773"}],"curies":[{"name":"wp","href":"https:\/\/api.w.org\/{rel}","templated":true}]}}