{"id":42124,"date":"2022-09-29T21:04:24","date_gmt":"2022-09-29T19:04:24","guid":{"rendered":"http:\/\/followerninja.com\/\/widerruf_fuer_digitale_inhalte\/"},"modified":"2022-12-30T14:32:20","modified_gmt":"2022-12-30T13:32:20","slug":"revocation_for_digital_content","status":"publish","type":"page","link":"https:\/\/followerninja.com\/tr\/revocation_for_digital_content\/","title":{"rendered":"Dijital i\u00e7erik i\u00e7in iptal"},"content":{"rendered":"<p><strong>Somut bir ortamda tedarik edilmeyen dijital i\u00e7eri\u011fin tedarikine y\u00f6nelik bir s\u00f6zle\u015fme i\u00e7in iptal politikas\u0131<\/strong><br \/><em>\u0130ptal politikas\u0131<\/em><br \/>T\u00fcketici, a\u011f\u0131rl\u0131kl\u0131 olarak ne ticari ne de ba\u011f\u0131ms\u0131z mesleki faaliyetine atfedilebilecek ama\u00e7lar i\u00e7in yasal bir i\u015flem yapan herhangi bir ger\u00e7ek ki\u015fidir.<\/p>\n<p><em>Cayma hakk\u0131<\/em><br \/>Sie haben das Recht, binnen vierzehn Tagen ohne Angabe von Gr\u00fcnden diesen Vertrag zu widerrufen. Die Widerrufsfrist betr\u00e4gt vierzehn Tage ab dem Tag des Vertragsschlusses. Um Ihr Widerrufsrecht auszu\u00fcben, m\u00fcssen Sie uns ([Einsetzen: Namen\/Firma, Anschrift, Telefonnummer und E-Mailadresse. Sie k\u00f6nnen auch den Shortcode [woocommerce_de_disclaimer_address_data] daf\u00fcr verwenden, und die Adresse in den Einstellungen hinterlegen.]) mittels einer eindeutigen Erkl\u00e4rung (z.B. ein mit der Post versandter Brief, oder eine E-Mail) \u00fcber Ihren Entschluss, diesen Vertrag zu widerrufen, informieren. Sie k\u00f6nnen daf\u00fcr das beigef\u00fcgte Muster-Widerrufsformular verwenden, das jedoch nicht vorgeschrieben ist. Zur Wahrung der Widerrufsfrist reicht es aus, dass Sie die Mitteilung \u00fcber die Aus\u00fcbung des Widerrufsrechts vor Ablauf der Widerrufsfrist absenden.<\/p>\n<p><em>\u0130ptalin sonu\u00e7lar\u0131<\/em><br \/>Bu s\u00f6zle\u015fmeden cayman\u0131z halinde, teslimat masraflar\u0131 da dahil olmak \u00fczere sizden ald\u0131\u011f\u0131m\u0131z t\u00fcm \u00f6demeleri (taraf\u0131m\u0131zca sunulan en ucuz standart teslimat d\u0131\u015f\u0131nda bir teslimat t\u00fcr\u00fc se\u00e7mi\u015f olman\u0131zdan kaynaklanan ek masraflar hari\u00e7) gecikmeksizin ve en ge\u00e7 bu s\u00f6zle\u015fmeden cayd\u0131\u011f\u0131n\u0131za dair bildirimi ald\u0131\u011f\u0131m\u0131z g\u00fcnden itibaren on d\u00f6rt g\u00fcn i\u00e7inde size geri \u00f6demek zorunday\u0131z. Bu geri \u00f6deme i\u00e7in, sizinle a\u00e7\u0131k\u00e7a aksi kararla\u015ft\u0131r\u0131lmad\u0131k\u00e7a, orijinal i\u015flem i\u00e7in kulland\u0131\u011f\u0131n\u0131z ayn\u0131 \u00f6deme y\u00f6ntemini kullanaca\u011f\u0131z; hi\u00e7bir durumda bu geri \u00f6deme i\u00e7in sizden \u00fccret al\u0131nmayacakt\u0131r.<\/p>\n<p><em>\u00d6rnek iptal formu<\/em><br \/>(S\u00f6zle\u015fmeyi iptal etmek istiyorsan\u0131z, l\u00fctfen bu formu doldurun ve iade edin).<br \/>- i\u00e7in [ekleyin: \u0130sim\/\u015firket, adres, e-posta adresi ve varsa faks numaras\u0131]:<br \/>- A\u015fa\u011f\u0131daki mallar\u0131n sat\u0131n al\u0131nmas\u0131 (*)\/a\u015fa\u011f\u0131daki hizmetin sa\u011flanmas\u0131 (*) i\u00e7in taraf\u0131mca\/bizim taraf\u0131m\u0131zdan (*) akdedilen s\u00f6zle\u015fmeyi iptal ediyorum\/ediyoruz<br \/>- (*) tarihinde sipari\u015f edildi \/ (*) tarihinde teslim al\u0131nd\u0131<br \/>- T\u00fcketici(ler)in ad\u0131<br \/>- T\u00fcketici(ler)in adresi<br \/>- T\u00fcketici(ler)in imzas\u0131 (sadece ka\u011f\u0131t \u00fczerinde bildirim yap\u0131lmas\u0131 durumunda)<br \/>- Tarih<br \/>&#8212;&#8212;&#8212;&#8212;&#8212;&#8212;&#8212;&#8212;&#8212;&#8212;&#8212;&#8212;&#8212;<br \/>(*) Uygunsa silin.<\/p>\n<p><em>Cayma hakk\u0131n\u0131n hari\u00e7 tutulmas\u0131 veya erken sona ermesi<\/em><br \/>Cayma hakk\u0131, \u00f6nceden haz\u0131rlanmam\u0131\u015f ve t\u00fcketici taraf\u0131ndan bireysel bir se\u00e7imin veya belirlemenin belirleyici oldu\u011fu veya t\u00fcketicinin ki\u015fisel ihtiya\u00e7lar\u0131na g\u00f6re a\u00e7\u0131k\u00e7a uyarlanm\u0131\u015f dijital i\u00e7eri\u011fin teslimine y\u00f6nelik s\u00f6zle\u015fmeler i\u00e7in ge\u00e7erli de\u011fildir.<br \/>\u0130ptal hakk\u0131, ancak siz a) a\u00e7\u0131k r\u0131zan\u0131z\u0131 verdikten ve ayn\u0131 zamanda bizim taraf\u0131m\u0131zdan s\u00f6zle\u015fmenin ifas\u0131na ba\u015flanmas\u0131yla iptal hakk\u0131n\u0131z\u0131 kaybetti\u011finize dair bilginizi teyit ettikten sonra s\u00f6zle\u015fmenin ifas\u0131na ba\u015flam\u0131\u015fsak ve b) beyan\u0131n\u0131z\u0131n i\u00e7eri\u011fini, s\u00f6zle\u015fmenin imzalanmas\u0131ndan sonra makul bir s\u00fcre i\u00e7inde, ancak en ge\u00e7 mallar\u0131n tesliminden veya hizmetin ifas\u0131na ba\u015flanmas\u0131ndan \u00f6nce dayan\u0131kl\u0131 bir veri ortam\u0131nda size sunmu\u015fsak, zaman\u0131ndan \u00f6nce sona erecektir. S\u00f6zle\u015fmenin imzalanmas\u0131n\u0131 yukar\u0131da belirtilen r\u0131za ve onaya ba\u011fl\u0131 k\u0131labilece\u011fimizi l\u00fctfen unutmay\u0131n. Cayma hakk\u0131, ancak siz buna a\u00e7\u0131k\u00e7a r\u0131za g\u00f6sterdikten ve ayn\u0131 zamanda s\u00f6zle\u015fmeyi ifa etmeye ba\u015flad\u0131\u011f\u0131m\u0131zda cayma hakk\u0131n\u0131z\u0131 kaybedece\u011finizi bildi\u011finizi teyit ettikten sonra s\u00f6zle\u015fmeyi ifa etmeye ba\u015flamam\u0131z halinde zaman\u0131ndan \u00f6nce sona erecektir. S\u00f6zle\u015fmenin akdedilmesini yukar\u0131da belirtilen r\u0131za ve onaya ba\u011fl\u0131 k\u0131labilece\u011fimize i\u015faret ediyoruz.<\/p>","protected":false},"excerpt":{"rendered":"","protected":false},"author":1,"featured_media":0,"parent":0,"menu_order":0,"comment_status":"closed","ping_status":"closed","template":"","meta":{"_acf_changed":false,"footnotes":""},"class_list":["post-42124","page","type-page","status-publish","hentry"],"acf":[],"jetpack_sharing_enabled":true,"head":{"html":["<meta name=\"wpsso-begin\" content=\"wpsso structured data begin\"\/>\n","<!-- generator:1 --><meta name=\"generator\" content=\"WPSSO Core 21.8.0\/L*\"\/>\n","<!-- generator:2 --><meta name=\"generator\" content=\"WPSSO REST 3.3.0\/S\"\/>\n","<!-- generator:3 --><meta name=\"generator\" content=\"WPSSO BC 5.3.0\/S\"\/>\n","<!-- generator:4 --><meta name=\"generator\" content=\"WPSSO SSM 3.4.0\/S\"\/>\n","<!-- generator:5 --><meta name=\"generator\" content=\"WPSSO UM 7.3.0\/S\"\/>\n","<link rel=\"shortlink\" href=\"https:\/\/followerninja.com\/tr\/?p=42124\"\/>\n","<meta property=\"fb:app_id\" content=\"966242223397117\"\/>\n","<meta property=\"og:type\" content=\"article\"\/>\n","<meta property=\"og:url\" content=\"https:\/\/followerninja.com\/tr\/revocation_for_digital_content\/\"\/>\n","<meta property=\"og:locale\" content=\"tr_TR\"\/>\n","<meta property=\"og:site_name\" content=\"Follower Ninja\"\/>\n","<meta property=\"og:title\" content=\"Widerruf f&uuml;r digitale Inhalte\"\/>\n","<meta property=\"og:description\" content=\"Widerrufsbelehrung f&uuml;r einen Vertrag &uuml;ber die Lieferung von digitalen Inhalten, die nicht auf einem k&ouml;rperlichen Datentr&auml;ger geliefert werdenWiderrufsbelehrungVerbraucher ist jede nat&uuml;rliche Person, die ein Rechtsgesch&auml;ft zu Zwecken abschlie&szlig;t, die &uuml;berwiegend weder ihrer gewerblichen noch ihrer...\"\/>\n","<meta property=\"og:updated_time\" content=\"2022-12-30T13:32:20+00:00\"\/>\n","<meta property=\"article:published_time\" content=\"2022-09-29T19:04:24+00:00\"\/>\n","<meta property=\"article:modified_time\" content=\"2022-12-30T13:32:20+00:00\"\/>\n","<meta name=\"twitter:domain\" content=\"followerninja.com\"\/>\n","<meta name=\"twitter:title\" content=\"Widerruf f&uuml;r digitale Inhalte\"\/>\n","<meta name=\"twitter:description\" content=\"Widerrufsbelehrung f&uuml;r einen Vertrag &uuml;ber die Lieferung von digitalen Inhalten, die nicht auf einem k&ouml;rperlichen Datentr&auml;ger geliefert werdenWiderrufsbelehrungVerbraucher ist jede nat&uuml;rliche...\"\/>\n","<meta name=\"twitter:card\" content=\"summary\"\/>\n","<meta name=\"twitter:label1\" content=\"Written by\"\/>\n","<meta name=\"twitter:data1\" content=\"followerninja\"\/>\n","<meta name=\"twitter:label2\" content=\"Est. reading time\"\/>\n","<meta name=\"twitter:data2\" content=\"3 minutes\"\/>\n","<meta name=\"author\" content=\"followerninja\"\/>\n","<script type=\"application\/ld+json\" id=\"wpsso-schema-graph\">{\n    \"@context\": \"https:\/\/schema.org\",\n    \"@graph\": [\n        {\n            \"@id\": \"\/revocation_for_digital_content\/#sso\/article\/42124\",\n            \"@context\": \"https:\/\/schema.org\",\n            \"@type\": \"Article\",\n            \"mainEntityOfPage\": \"https:\/\/followerninja.com\/tr\/revocation_for_digital_content\/\",\n            \"url\": \"https:\/\/followerninja.com\/tr\/revocation_for_digital_content\/\",\n            \"sameAs\": [\n                \"https:\/\/followerninja.com\/tr\/?p=42124\"\n            ],\n            \"name\": \"Widerruf f&uuml;r digitale Inhalte\",\n            \"description\": \"Widerrufsbelehrung f&uuml;r einen Vertrag &uuml;ber die Lieferung von digitalen Inhalten, die nicht auf einem k&ouml;rperlichen Datentr&auml;ger geliefert werdenWiderrufsbelehrungVerbraucher ist jede nat&uuml;rliche Person, die ein Rechtsgesch&auml;ft zu Zwecken abschlie&szlig;t, die &uuml;berwiegend weder ihrer gewerblichen noch ihrer...\",\n            \"publisher\": [\n                {\n                    \"@id\": \"\/#sso\/organization\/site\/org-banner-url\"\n                }\n            ],\n            \"headline\": \"Widerruf f&uuml;r digitale Inhalte\",\n            \"inLanguage\": \"tr_TR\",\n            \"datePublished\": \"2022-09-29T19:04:24+00:00\",\n            \"dateModified\": \"2022-12-30T13:32:20+00:00\",\n            \"author\": {\n                \"@id\": \"\/9cec754964e4864d1e37e9376811913f#sso\/person\"\n            },\n            \"timeRequired\": \"PT3M\",\n            \"speakable\": {\n                \"@context\": \"https:\/\/schema.org\",\n                \"@type\": \"SpeakableSpecification\",\n                \"cssSelector\": [\n                    \".wp-block-post-title\",\n                    \".speakable\"\n                ]\n            }\n        },\n        {\n            \"@id\": \"\/#sso\/organization\/site\/org-banner-url\",\n            \"@context\": \"https:\/\/schema.org\",\n            \"@type\": \"Organization\",\n            \"url\": \"https:\/\/followerninja.com\/tr\/\",\n            \"name\": \"Follower Ninja\",\n            \"description\": \"Social Media Follower\",\n            \"image\": [\n                {\n                    \"@id\": \"http:\/\/followerninja.com\/wp-content\/uploads\/2023\/06\/follower-ninja.png#sso\/image-object\"\n                }\n            ],\n            \"logo\": {\n                \"@id\": \"http:\/\/followerninja.com\/wp-content\/uploads\/2023\/02\/FOLLOWER-NINJA-TIKTOK-FOLLOWER.png#sso\/image-object\"\n            }\n        },\n        {\n            \"@id\": \"http:\/\/followerninja.com\/wp-content\/uploads\/2023\/06\/follower-ninja.png#sso\/image-object\",\n            \"@context\": \"https:\/\/schema.org\",\n            \"@type\": \"ImageObject\",\n            \"url\": \"http:\/\/followerninja.com\/wp-content\/uploads\/2023\/06\/follower-ninja.png\",\n            \"width\": [\n                {\n                    \"@id\": \"#sso\/qv-width-px-616\"\n                }\n            ],\n            \"height\": [\n                {\n                    \"@id\": \"#sso\/qv-height-px-282\"\n                }\n            ]\n        },\n        {\n            \"@id\": \"#sso\/qv-width-px-616\",\n            \"@context\": \"https:\/\/schema.org\",\n            \"@type\": \"QuantitativeValue\",\n            \"name\": \"Width\",\n            \"unitText\": \"px\",\n            \"unitCode\": \"E37\",\n            \"value\": \"616\"\n        },\n        {\n            \"@id\": \"#sso\/qv-height-px-282\",\n            \"@context\": \"https:\/\/schema.org\",\n            \"@type\": \"QuantitativeValue\",\n            \"name\": \"Height\",\n            \"unitText\": \"px\",\n            \"unitCode\": \"E37\",\n            \"value\": \"282\"\n        },\n        {\n            \"@id\": \"http:\/\/followerninja.com\/wp-content\/uploads\/2023\/02\/FOLLOWER-NINJA-TIKTOK-FOLLOWER.png#sso\/image-object\",\n            \"@context\": \"https:\/\/schema.org\",\n            \"@type\": \"ImageObject\",\n            \"url\": \"http:\/\/followerninja.com\/wp-content\/uploads\/2023\/02\/FOLLOWER-NINJA-TIKTOK-FOLLOWER.png\",\n            \"width\": [\n                {\n                    \"@id\": \"#sso\/qv-width-px-2400\"\n                }\n            ],\n            \"height\": [\n                {\n                    \"@id\": \"#sso\/qv-height-px-2074\"\n                }\n            ]\n        },\n        {\n            \"@id\": \"#sso\/qv-width-px-2400\",\n            \"@context\": \"https:\/\/schema.org\",\n            \"@type\": \"QuantitativeValue\",\n            \"name\": \"Width\",\n            \"unitText\": \"px\",\n            \"unitCode\": \"E37\",\n            \"value\": \"2400\"\n        },\n        {\n            \"@id\": \"#sso\/qv-height-px-2074\",\n            \"@context\": \"https:\/\/schema.org\",\n            \"@type\": \"QuantitativeValue\",\n            \"name\": \"Height\",\n            \"unitText\": \"px\",\n            \"unitCode\": \"E37\",\n            \"value\": \"2074\"\n        },\n        {\n            \"@id\": \"\/9cec754964e4864d1e37e9376811913f#sso\/person\",\n            \"@context\": \"https:\/\/schema.org\",\n            \"@type\": \"Person\",\n            \"url\": \"http:\/\/followerninja.com\/\",\n            \"name\": \"followerninja\",\n            \"givenName\": \"Nami\",\n            \"familyName\": \"Shams\",\n            \"description\": \"Follower Ninja - Social Media Profis\",\n            \"image\": [\n                {\n                    \"@id\": \"https:\/\/secure.gravatar.com\/avatar\/51fd3ca1505ce8c9465a64104b9d54df.jpg?d=mp&s=1200#sso\/image-object\"\n                }\n            ]\n        },\n        {\n            \"@id\": \"https:\/\/secure.gravatar.com\/avatar\/51fd3ca1505ce8c9465a64104b9d54df.jpg?d=mp&s=1200#sso\/image-object\",\n            \"@context\": \"https:\/\/schema.org\",\n            \"@type\": \"ImageObject\",\n            \"url\": \"https:\/\/secure.gravatar.com\/avatar\/51fd3ca1505ce8c9465a64104b9d54df.jpg?d=mp&s=1200\",\n            \"width\": [\n                {\n                    \"@id\": \"#sso\/qv-width-px-1200\"\n                }\n            ],\n            \"height\": [\n                {\n                    \"@id\": \"#sso\/qv-height-px-1200\"\n                }\n            ]\n        },\n        {\n            \"@id\": \"#sso\/qv-width-px-1200\",\n            \"@context\": \"https:\/\/schema.org\",\n            \"@type\": \"QuantitativeValue\",\n            \"name\": \"Width\",\n            \"unitText\": \"px\",\n            \"unitCode\": \"E37\",\n            \"value\": \"1200\"\n        },\n        {\n            \"@id\": \"#sso\/qv-height-px-1200\",\n            \"@context\": \"https:\/\/schema.org\",\n            \"@type\": \"QuantitativeValue\",\n            \"name\": \"Height\",\n            \"unitText\": \"px\",\n            \"unitCode\": \"E37\",\n            \"value\": \"1200\"\n        },\n        {\n            \"@id\": \"\/revocation_for_digital_content\/#sso\/breadcrumb-list\/42124\",\n            \"@context\": \"https:\/\/schema.org\",\n            \"@type\": \"BreadcrumbList\",\n            \"url\": \"https:\/\/followerninja.com\/tr\/revocation_for_digital_content\/\",\n            \"itemListElement\": [\n                {\n                    \"@context\": \"https:\/\/schema.org\",\n                    \"@type\": \"ListItem\",\n                    \"position\": 1,\n                    \"name\": \"Home\",\n                    \"item\": \"https:\/\/followerninja.com\/tr\/\"\n                },\n                {\n                    \"@context\": \"https:\/\/schema.org\",\n                    \"@type\": \"ListItem\",\n                    \"position\": 2,\n                    \"name\": \"Blog\",\n                    \"item\": \"https:\/\/followerninja.com\/\"\n                },\n                {\n                    \"@context\": \"https:\/\/schema.org\",\n                    \"@type\": \"ListItem\",\n                    \"position\": 3,\n                    \"name\": \"Widerruf f&uuml;r digitale Inhalte\",\n                    \"item\": \"https:\/\/followerninja.com\/tr\/revocation_for_digital_content\/\"\n                }\n            ]\n        }\n    ]\n}<\/script>\n","<meta name=\"wpsso-end\" content=\"wpsso structured data end\"\/>\n","<meta name=\"wpsso-cached\" content=\"2026-04-30T12:46:50+00:00 for followerninja.com\"\/>\n"],"json":[{"@context":"https:\/\/schema.org","@graph":[{"@id":"\/revocation_for_digital_content\/#sso\/article\/42124","@context":"https:\/\/schema.org","@type":"Article","mainEntityOfPage":"https:\/\/followerninja.com\/tr\/revocation_for_digital_content\/","url":"https:\/\/followerninja.com\/tr\/revocation_for_digital_content\/","sameAs":["https:\/\/followerninja.com\/tr\/?p=42124"],"name":"Widerruf f&uuml;r digitale Inhalte","description":"Widerrufsbelehrung f&uuml;r einen Vertrag &uuml;ber die Lieferung von digitalen Inhalten, die nicht auf einem k&ouml;rperlichen Datentr&auml;ger geliefert werdenWiderrufsbelehrungVerbraucher ist jede nat&uuml;rliche Person, die ein Rechtsgesch&auml;ft zu Zwecken abschlie&szlig;t, die &uuml;berwiegend weder ihrer gewerblichen noch ihrer...","publisher":[{"@id":"\/#sso\/organization\/site\/org-banner-url"}],"headline":"Widerruf f&uuml;r digitale Inhalte","inLanguage":"tr_TR","datePublished":"2022-09-29T19:04:24+00:00","dateModified":"2022-12-30T13:32:20+00:00","author":{"@id":"\/9cec754964e4864d1e37e9376811913f#sso\/person"},"timeRequired":"PT3M","speakable":{"@context":"https:\/\/schema.org","@type":"SpeakableSpecification","cssSelector":[".wp-block-post-title",".speakable"]}},{"@id":"\/#sso\/organization\/site\/org-banner-url","@context":"https:\/\/schema.org","@type":"Organization","url":"https:\/\/followerninja.com\/tr\/","name":"Follower Ninja","description":"Social Media Follower","image":[{"@id":"http:\/\/followerninja.com\/wp-content\/uploads\/2023\/06\/follower-ninja.png#sso\/image-object"}],"logo":{"@id":"http:\/\/followerninja.com\/wp-content\/uploads\/2023\/02\/FOLLOWER-NINJA-TIKTOK-FOLLOWER.png#sso\/image-object"}},{"@id":"http:\/\/followerninja.com\/wp-content\/uploads\/2023\/06\/follower-ninja.png#sso\/image-object","@context":"https:\/\/schema.org","@type":"ImageObject","url":"http:\/\/followerninja.com\/wp-content\/uploads\/2023\/06\/follower-ninja.png","width":[{"@id":"#sso\/qv-width-px-616"}],"height":[{"@id":"#sso\/qv-height-px-282"}]},{"@id":"#sso\/qv-width-px-616","@context":"https:\/\/schema.org","@type":"QuantitativeValue","name":"Width","unitText":"px","unitCode":"E37","value":"616"},{"@id":"#sso\/qv-height-px-282","@context":"https:\/\/schema.org","@type":"QuantitativeValue","name":"Height","unitText":"px","unitCode":"E37","value":"282"},{"@id":"http:\/\/followerninja.com\/wp-content\/uploads\/2023\/02\/FOLLOWER-NINJA-TIKTOK-FOLLOWER.png#sso\/image-object","@context":"https:\/\/schema.org","@type":"ImageObject","url":"http:\/\/followerninja.com\/wp-content\/uploads\/2023\/02\/FOLLOWER-NINJA-TIKTOK-FOLLOWER.png","width":[{"@id":"#sso\/qv-width-px-2400"}],"height":[{"@id":"#sso\/qv-height-px-2074"}]},{"@id":"#sso\/qv-width-px-2400","@context":"https:\/\/schema.org","@type":"QuantitativeValue","name":"Width","unitText":"px","unitCode":"E37","value":"2400"},{"@id":"#sso\/qv-height-px-2074","@context":"https:\/\/schema.org","@type":"QuantitativeValue","name":"Height","unitText":"px","unitCode":"E37","value":"2074"},{"@id":"\/9cec754964e4864d1e37e9376811913f#sso\/person","@context":"https:\/\/schema.org","@type":"Person","url":"http:\/\/followerninja.com\/","name":"followerninja","givenName":"Nami","familyName":"Shams","description":"Follower Ninja - Social Media Profis","image":[{"@id":"https:\/\/secure.gravatar.com\/avatar\/51fd3ca1505ce8c9465a64104b9d54df.jpg?d=mp&s=1200#sso\/image-object"}]},{"@id":"https:\/\/secure.gravatar.com\/avatar\/51fd3ca1505ce8c9465a64104b9d54df.jpg?d=mp&s=1200#sso\/image-object","@context":"https:\/\/schema.org","@type":"ImageObject","url":"https:\/\/secure.gravatar.com\/avatar\/51fd3ca1505ce8c9465a64104b9d54df.jpg?d=mp&s=1200","width":[{"@id":"#sso\/qv-width-px-1200"}],"height":[{"@id":"#sso\/qv-height-px-1200"}]},{"@id":"#sso\/qv-width-px-1200","@context":"https:\/\/schema.org","@type":"QuantitativeValue","name":"Width","unitText":"px","unitCode":"E37","value":"1200"},{"@id":"#sso\/qv-height-px-1200","@context":"https:\/\/schema.org","@type":"QuantitativeValue","name":"Height","unitText":"px","unitCode":"E37","value":"1200"},{"@id":"\/revocation_for_digital_content\/#sso\/breadcrumb-list\/42124","@context":"https:\/\/schema.org","@type":"BreadcrumbList","url":"https:\/\/followerninja.com\/tr\/revocation_for_digital_content\/","itemListElement":[{"@context":"https:\/\/schema.org","@type":"ListItem","position":1,"name":"Home","item":"https:\/\/followerninja.com\/tr\/"},{"@context":"https:\/\/schema.org","@type":"ListItem","position":2,"name":"Blog","item":"https:\/\/followerninja.com\/"},{"@context":"https:\/\/schema.org","@type":"ListItem","position":3,"name":"Widerruf f&uuml;r digitale Inhalte","item":"https:\/\/followerninja.com\/tr\/revocation_for_digital_content\/"}]}]}],"parts":[["meta","name","generator","content","WPSSO Core 21.8.0\/L*","generator:1"],["meta","name","generator","content","WPSSO REST 3.3.0\/S","generator:2"],["meta","name","generator","content","WPSSO BC 5.3.0\/S","generator:3"],["meta","name","generator","content","WPSSO SSM 3.4.0\/S","generator:4"],["meta","name","generator","content","WPSSO UM 7.3.0\/S","generator:5"],["link","rel","shortlink","href","https:\/\/followerninja.com\/tr\/?p=42124",""],["meta","property","fb:app_id","content","966242223397117",""],["meta","property","og:time","content","2026-04-30T12:46:50+00:00",""],["meta","property","og:type","content","article",""],["meta","property","og:url","content","https:\/\/followerninja.com\/tr\/revocation_for_digital_content\/",""],["meta","property","og:locale","content","tr_TR",""],["meta","property","og:site_name","content","Follower Ninja",""],["meta","property","og:title","content","Widerruf f&uuml;r digitale Inhalte",""],["meta","property","og:description","content","Widerrufsbelehrung f&uuml;r einen Vertrag &uuml;ber die Lieferung von digitalen Inhalten, die nicht auf einem k&ouml;rperlichen Datentr&auml;ger geliefert werdenWiderrufsbelehrungVerbraucher ist jede nat&uuml;rliche Person, die ein Rechtsgesch&auml;ft zu Zwecken abschlie&szlig;t, die &uuml;berwiegend weder ihrer gewerblichen noch ihrer...",""],["meta","property","og:updated_time","content","2022-12-30T13:32:20+00:00",""],["meta","name","schema:language","content","tr_TR",""],["meta","name","schema:type:id","content","article",""],["meta","name","schema:type:url","content","https:\/\/schema.org\/Article",""],["meta","name","schema:type:context","content","https:\/\/schema.org",""],["meta","name","schema:type:name","content","Article",""],["meta","name","schema:type:path","content","schema.org\/Article",""],["meta","property","article:author:name","content","followerninja",""],["meta","property","article:published_time","content","2022-09-29T19:04:24+00:00",""],["meta","property","article:modified_time","content","2022-12-30T13:32:20+00:00",""],["meta","property","article:reading_mins","content","3",""],["meta","name","twitter:domain","content","followerninja.com",""],["meta","name","twitter:title","content","Widerruf f&uuml;r digitale Inhalte",""],["meta","name","twitter:description","content","Widerrufsbelehrung f&uuml;r einen Vertrag &uuml;ber die Lieferung von digitalen Inhalten, die nicht auf einem k&ouml;rperlichen Datentr&auml;ger geliefert werdenWiderrufsbelehrungVerbraucher ist jede nat&uuml;rliche...",""],["meta","name","twitter:card","content","summary",""],["meta","name","twitter:label1","content","Written by",""],["meta","name","twitter:data1","content","followerninja",""],["meta","name","twitter:label2","content","Est. reading time",""],["meta","name","twitter:data2","content","3 minutes",""],["meta","name","author","content","followerninja",""]]},"_links":{"self":[{"href":"https:\/\/followerninja.com\/tr\/wp-json\/wp\/v2\/pages\/42124","targetHints":{"allow":["GET"]}}],"collection":[{"href":"https:\/\/followerninja.com\/tr\/wp-json\/wp\/v2\/pages"}],"about":[{"href":"https:\/\/followerninja.com\/tr\/wp-json\/wp\/v2\/types\/page"}],"author":[{"embeddable":true,"href":"https:\/\/followerninja.com\/tr\/wp-json\/wp\/v2\/users\/1"}],"replies":[{"embeddable":true,"href":"https:\/\/followerninja.com\/tr\/wp-json\/wp\/v2\/comments?post=42124"}],"version-history":[{"count":0,"href":"https:\/\/followerninja.com\/tr\/wp-json\/wp\/v2\/pages\/42124\/revisions"}],"wp:attachment":[{"href":"https:\/\/followerninja.com\/tr\/wp-json\/wp\/v2\/media?parent=42124"}],"curies":[{"name":"wp","href":"https:\/\/api.w.org\/{rel}","templated":true}]}}