{"id":42125,"date":"2022-09-29T21:04:24","date_gmt":"2022-09-29T19:04:24","guid":{"rendered":"http:\/\/followerninja.com\/\/zahlungsweisen\/"},"modified":"2022-12-30T14:32:46","modified_gmt":"2022-12-30T13:32:46","slug":"oedeme-2","status":"publish","type":"page","link":"https:\/\/followerninja.com\/tr\/oedeme-2\/","title":{"rendered":"\u00d6deme y\u00f6ntemleri"},"content":{"rendered":"<p><strong>\u00d6deme y\u00f6ntemleri<\/strong><\/p>\n<p>A\u015fa\u011f\u0131daki \u00f6deme y\u00f6ntemlerini sunuyoruz. Sizin i\u00e7in en uygun olan \u00f6deme y\u00f6ntemini se\u00e7meniz yeterlidir. Nakliye masraflar\u0131 k\u0131smen se\u00e7ilen \u00f6deme y\u00f6ntemine ba\u011fl\u0131d\u0131r. \u0130lgili tekliflerde listelenen fiyatlar nihai fiyatlard\u0131r. KDV gibi ge\u00e7erli vergiler de dahil olmak \u00fczere t\u00fcm fiyat bile\u015fenlerini i\u00e7erir. Yaln\u0131zca s\u0131n\u0131r \u00f6tesi teslimat durumunda, m\u00fcnferit durumlarda sizin taraf\u0131n\u0131zdan ba\u015fka vergiler (\u00f6rne\u011fin Topluluk i\u00e7i bir sat\u0131n alma durumunda) ve\/veya har\u00e7lar (\u00f6rne\u011fin g\u00fcmr\u00fck vergileri) \u00f6denebilir, ancak bu sat\u0131c\u0131ya de\u011fil, orada sorumlu olan g\u00fcmr\u00fck veya vergi makamlar\u0131na yap\u0131lacakt\u0131r. Olu\u015fan teslimat ve nakliye masraflar\u0131 sat\u0131n alma fiyat\u0131na dahil de\u011fildir; bunlar \"Nakliye masraflar\u0131\" sayfas\u0131ndan sorgulanabilir, sipari\u015f s\u00fcrecinde ayr\u0131ca g\u00f6sterilir ve sizin taraf\u0131n\u0131zdan ayr\u0131ca kar\u015f\u0131lan\u0131r.<\/p>\n<p><strong><em>Otomatik \u00f6deme<\/em><\/strong><\/p>\n<p>Sipari\u015finizin fatura tutar\u0131n\u0131, sipari\u015f verildikten sonra yat\u0131rd\u0131\u011f\u0131n\u0131z banka hesab\u0131n\u0131zdan tahsil edece\u011fiz.\u00a0<\/p>\n<p><strong><em>Hesapta<\/em><\/strong><br \/>Sadece sipari\u015f verin ve \u00f6demeyi daha sonra yap\u0131n.\u00a0<\/p>\n<p><strong><em>Kredi kart\u0131<\/em><\/strong><\/p>\n<p>Kredi kart\u0131 ile kolayca \u00f6deme yap\u0131n.<\/p>\n<p>\u00a0<\/p>","protected":false},"excerpt":{"rendered":"","protected":false},"author":1,"featured_media":0,"parent":0,"menu_order":0,"comment_status":"closed","ping_status":"closed","template":"","meta":{"_acf_changed":false,"footnotes":""},"class_list":["post-42125","page","type-page","status-publish","hentry"],"acf":[],"jetpack_sharing_enabled":true,"head":{"html":["<meta name=\"wpsso-begin\" content=\"wpsso structured data begin\"\/>\n","<!-- generator:1 --><meta name=\"generator\" content=\"WPSSO Core 21.8.0\/L*\"\/>\n","<!-- generator:2 --><meta name=\"generator\" content=\"WPSSO REST 3.3.0\/S\"\/>\n","<!-- generator:3 --><meta name=\"generator\" content=\"WPSSO BC 5.3.0\/S\"\/>\n","<!-- generator:4 --><meta name=\"generator\" content=\"WPSSO SSM 3.4.0\/S\"\/>\n","<!-- generator:5 --><meta name=\"generator\" content=\"WPSSO UM 7.3.0\/S\"\/>\n","<link rel=\"shortlink\" href=\"https:\/\/followerninja.com\/tr\/?p=42125\"\/>\n","<meta property=\"fb:app_id\" content=\"966242223397117\"\/>\n","<meta property=\"og:type\" content=\"article\"\/>\n","<meta property=\"og:url\" content=\"https:\/\/followerninja.com\/tr\/oedeme-2\/\"\/>\n","<meta property=\"og:locale\" content=\"tr_TR\"\/>\n","<meta property=\"og:site_name\" content=\"Follower Ninja\"\/>\n","<meta property=\"og:title\" content=\"Zahlungsweisen\"\/>\n","<meta property=\"og:description\" content=\"Zahlungsarten Wir bieten Ihnen folgende Zahlungsarten an. Suchen Sie sich einfach die f&uuml;r Sie optimale Zahlart aus. Die Versandkosten sind teilweise abh&auml;ngig von der gew&auml;hlten Zahlungsart. Die in den jeweiligen Angeboten angef&uuml;hrten Preise stellen Endpreise dar. Sie beinhalten alle...\"\/>\n","<meta property=\"og:updated_time\" content=\"2022-12-30T13:32:46+00:00\"\/>\n","<meta property=\"article:published_time\" content=\"2022-09-29T19:04:24+00:00\"\/>\n","<meta property=\"article:modified_time\" content=\"2022-12-30T13:32:46+00:00\"\/>\n","<meta name=\"twitter:domain\" content=\"followerninja.com\"\/>\n","<meta name=\"twitter:title\" content=\"Zahlungsweisen\"\/>\n","<meta name=\"twitter:description\" content=\"Zahlungsarten Wir bieten Ihnen folgende Zahlungsarten an. Suchen Sie sich einfach die f&uuml;r Sie optimale Zahlart aus. Die Versandkosten sind teilweise abh&auml;ngig von der gew&auml;hlten Zahlungsart. Die in...\"\/>\n","<meta name=\"twitter:card\" content=\"summary\"\/>\n","<meta name=\"twitter:label1\" content=\"Written by\"\/>\n","<meta name=\"twitter:data1\" content=\"followerninja\"\/>\n","<meta name=\"twitter:label2\" content=\"Est. reading time\"\/>\n","<meta name=\"twitter:data2\" content=\"1 minute\"\/>\n","<meta name=\"author\" content=\"followerninja\"\/>\n","<script type=\"application\/ld+json\" id=\"wpsso-schema-graph\">{\n    \"@context\": \"https:\/\/schema.org\",\n    \"@graph\": [\n        {\n            \"@id\": \"\/oedeme-2\/#sso\/article\/42125\",\n            \"@context\": \"https:\/\/schema.org\",\n            \"@type\": \"Article\",\n            \"mainEntityOfPage\": \"https:\/\/followerninja.com\/tr\/oedeme-2\/\",\n            \"url\": \"https:\/\/followerninja.com\/tr\/oedeme-2\/\",\n            \"sameAs\": [\n                \"https:\/\/followerninja.com\/tr\/?p=42125\"\n            ],\n            \"name\": \"Zahlungsweisen\",\n            \"description\": \"Zahlungsarten Wir bieten Ihnen folgende Zahlungsarten an. Suchen Sie sich einfach die f&uuml;r Sie optimale Zahlart aus. Die Versandkosten sind teilweise abh&auml;ngig von der gew&auml;hlten Zahlungsart. Die in den jeweiligen Angeboten angef&uuml;hrten Preise stellen Endpreise dar. Sie beinhalten alle...\",\n            \"publisher\": [\n                {\n                    \"@id\": \"\/#sso\/organization\/site\/org-banner-url\"\n                }\n            ],\n            \"headline\": \"Zahlungsweisen\",\n            \"inLanguage\": \"tr_TR\",\n            \"datePublished\": \"2022-09-29T19:04:24+00:00\",\n            \"dateModified\": \"2022-12-30T13:32:46+00:00\",\n            \"author\": {\n                \"@id\": \"\/9cec754964e4864d1e37e9376811913f#sso\/person\"\n            },\n            \"timeRequired\": \"PT1M\",\n            \"speakable\": {\n                \"@context\": \"https:\/\/schema.org\",\n                \"@type\": \"SpeakableSpecification\",\n                \"cssSelector\": [\n                    \".wp-block-post-title\",\n                    \".speakable\"\n                ]\n            }\n        },\n        {\n            \"@id\": \"\/#sso\/organization\/site\/org-banner-url\",\n            \"@context\": \"https:\/\/schema.org\",\n            \"@type\": \"Organization\",\n            \"url\": \"https:\/\/followerninja.com\/tr\/\",\n            \"name\": \"Follower Ninja\",\n            \"description\": \"Social Media Follower\",\n            \"image\": [\n                {\n                    \"@id\": \"http:\/\/followerninja.com\/wp-content\/uploads\/2023\/06\/follower-ninja.png#sso\/image-object\"\n                }\n            ],\n            \"logo\": {\n                \"@id\": \"http:\/\/followerninja.com\/wp-content\/uploads\/2023\/02\/FOLLOWER-NINJA-TIKTOK-FOLLOWER.png#sso\/image-object\"\n            }\n        },\n        {\n            \"@id\": \"http:\/\/followerninja.com\/wp-content\/uploads\/2023\/06\/follower-ninja.png#sso\/image-object\",\n            \"@context\": \"https:\/\/schema.org\",\n            \"@type\": \"ImageObject\",\n            \"url\": \"http:\/\/followerninja.com\/wp-content\/uploads\/2023\/06\/follower-ninja.png\",\n            \"width\": [\n                {\n                    \"@id\": \"#sso\/qv-width-px-616\"\n                }\n            ],\n            \"height\": [\n                {\n                    \"@id\": \"#sso\/qv-height-px-282\"\n                }\n            ]\n        },\n        {\n            \"@id\": \"#sso\/qv-width-px-616\",\n            \"@context\": \"https:\/\/schema.org\",\n            \"@type\": \"QuantitativeValue\",\n            \"name\": \"Width\",\n            \"unitText\": \"px\",\n            \"unitCode\": \"E37\",\n            \"value\": \"616\"\n        },\n        {\n            \"@id\": \"#sso\/qv-height-px-282\",\n            \"@context\": \"https:\/\/schema.org\",\n            \"@type\": \"QuantitativeValue\",\n            \"name\": \"Height\",\n            \"unitText\": \"px\",\n            \"unitCode\": \"E37\",\n            \"value\": \"282\"\n        },\n        {\n            \"@id\": \"http:\/\/followerninja.com\/wp-content\/uploads\/2023\/02\/FOLLOWER-NINJA-TIKTOK-FOLLOWER.png#sso\/image-object\",\n            \"@context\": \"https:\/\/schema.org\",\n            \"@type\": \"ImageObject\",\n            \"url\": \"http:\/\/followerninja.com\/wp-content\/uploads\/2023\/02\/FOLLOWER-NINJA-TIKTOK-FOLLOWER.png\",\n            \"width\": [\n                {\n                    \"@id\": \"#sso\/qv-width-px-2400\"\n                }\n            ],\n            \"height\": [\n                {\n                    \"@id\": \"#sso\/qv-height-px-2074\"\n                }\n            ]\n        },\n        {\n            \"@id\": \"#sso\/qv-width-px-2400\",\n            \"@context\": \"https:\/\/schema.org\",\n            \"@type\": \"QuantitativeValue\",\n            \"name\": \"Width\",\n            \"unitText\": \"px\",\n            \"unitCode\": \"E37\",\n            \"value\": \"2400\"\n        },\n        {\n            \"@id\": \"#sso\/qv-height-px-2074\",\n            \"@context\": \"https:\/\/schema.org\",\n            \"@type\": \"QuantitativeValue\",\n            \"name\": \"Height\",\n            \"unitText\": \"px\",\n            \"unitCode\": \"E37\",\n            \"value\": \"2074\"\n        },\n        {\n            \"@id\": \"\/9cec754964e4864d1e37e9376811913f#sso\/person\",\n            \"@context\": \"https:\/\/schema.org\",\n            \"@type\": \"Person\",\n            \"url\": \"http:\/\/followerninja.com\/\",\n            \"name\": \"followerninja\",\n            \"givenName\": \"Nami\",\n            \"familyName\": \"Shams\",\n            \"description\": \"Follower Ninja - Social Media Profis\",\n            \"image\": [\n                {\n                    \"@id\": \"https:\/\/secure.gravatar.com\/avatar\/51fd3ca1505ce8c9465a64104b9d54df.jpg?d=mp&s=1200#sso\/image-object\"\n                }\n            ]\n        },\n        {\n            \"@id\": \"https:\/\/secure.gravatar.com\/avatar\/51fd3ca1505ce8c9465a64104b9d54df.jpg?d=mp&s=1200#sso\/image-object\",\n            \"@context\": \"https:\/\/schema.org\",\n            \"@type\": \"ImageObject\",\n            \"url\": \"https:\/\/secure.gravatar.com\/avatar\/51fd3ca1505ce8c9465a64104b9d54df.jpg?d=mp&s=1200\",\n            \"width\": [\n                {\n                    \"@id\": \"#sso\/qv-width-px-1200\"\n                }\n            ],\n            \"height\": [\n                {\n                    \"@id\": \"#sso\/qv-height-px-1200\"\n                }\n            ]\n        },\n        {\n            \"@id\": \"#sso\/qv-width-px-1200\",\n            \"@context\": \"https:\/\/schema.org\",\n            \"@type\": \"QuantitativeValue\",\n            \"name\": \"Width\",\n            \"unitText\": \"px\",\n            \"unitCode\": \"E37\",\n            \"value\": \"1200\"\n        },\n        {\n            \"@id\": \"#sso\/qv-height-px-1200\",\n            \"@context\": \"https:\/\/schema.org\",\n            \"@type\": \"QuantitativeValue\",\n            \"name\": \"Height\",\n            \"unitText\": \"px\",\n            \"unitCode\": \"E37\",\n            \"value\": \"1200\"\n        },\n        {\n            \"@id\": \"\/oedeme-2\/#sso\/breadcrumb-list\/42125\",\n            \"@context\": \"https:\/\/schema.org\",\n            \"@type\": \"BreadcrumbList\",\n            \"url\": \"https:\/\/followerninja.com\/tr\/oedeme-2\/\",\n            \"itemListElement\": [\n                {\n                    \"@context\": \"https:\/\/schema.org\",\n                    \"@type\": \"ListItem\",\n                    \"position\": 1,\n                    \"name\": \"Home\",\n                    \"item\": \"https:\/\/followerninja.com\/tr\/\"\n                },\n                {\n                    \"@context\": \"https:\/\/schema.org\",\n                    \"@type\": \"ListItem\",\n                    \"position\": 2,\n                    \"name\": \"Blog\",\n                    \"item\": \"https:\/\/followerninja.com\/\"\n                },\n                {\n                    \"@context\": \"https:\/\/schema.org\",\n                    \"@type\": \"ListItem\",\n                    \"position\": 3,\n                    \"name\": \"Zahlungsweisen\",\n                    \"item\": \"https:\/\/followerninja.com\/tr\/oedeme-2\/\"\n                }\n            ]\n        }\n    ]\n}<\/script>\n","<meta name=\"wpsso-end\" content=\"wpsso structured data end\"\/>\n","<meta name=\"wpsso-cached\" content=\"2026-05-03T05:39:19+00:00 for followerninja.com\"\/>\n"],"json":[{"@context":"https:\/\/schema.org","@graph":[{"@id":"\/oedeme-2\/#sso\/article\/42125","@context":"https:\/\/schema.org","@type":"Article","mainEntityOfPage":"https:\/\/followerninja.com\/tr\/oedeme-2\/","url":"https:\/\/followerninja.com\/tr\/oedeme-2\/","sameAs":["https:\/\/followerninja.com\/tr\/?p=42125"],"name":"Zahlungsweisen","description":"Zahlungsarten Wir bieten Ihnen folgende Zahlungsarten an. Suchen Sie sich einfach die f&uuml;r Sie optimale Zahlart aus. Die Versandkosten sind teilweise abh&auml;ngig von der gew&auml;hlten Zahlungsart. Die in den jeweiligen Angeboten angef&uuml;hrten Preise stellen Endpreise dar. Sie beinhalten alle...","publisher":[{"@id":"\/#sso\/organization\/site\/org-banner-url"}],"headline":"Zahlungsweisen","inLanguage":"tr_TR","datePublished":"2022-09-29T19:04:24+00:00","dateModified":"2022-12-30T13:32:46+00:00","author":{"@id":"\/9cec754964e4864d1e37e9376811913f#sso\/person"},"timeRequired":"PT1M","speakable":{"@context":"https:\/\/schema.org","@type":"SpeakableSpecification","cssSelector":[".wp-block-post-title",".speakable"]}},{"@id":"\/#sso\/organization\/site\/org-banner-url","@context":"https:\/\/schema.org","@type":"Organization","url":"https:\/\/followerninja.com\/tr\/","name":"Follower Ninja","description":"Social Media Follower","image":[{"@id":"http:\/\/followerninja.com\/wp-content\/uploads\/2023\/06\/follower-ninja.png#sso\/image-object"}],"logo":{"@id":"http:\/\/followerninja.com\/wp-content\/uploads\/2023\/02\/FOLLOWER-NINJA-TIKTOK-FOLLOWER.png#sso\/image-object"}},{"@id":"http:\/\/followerninja.com\/wp-content\/uploads\/2023\/06\/follower-ninja.png#sso\/image-object","@context":"https:\/\/schema.org","@type":"ImageObject","url":"http:\/\/followerninja.com\/wp-content\/uploads\/2023\/06\/follower-ninja.png","width":[{"@id":"#sso\/qv-width-px-616"}],"height":[{"@id":"#sso\/qv-height-px-282"}]},{"@id":"#sso\/qv-width-px-616","@context":"https:\/\/schema.org","@type":"QuantitativeValue","name":"Width","unitText":"px","unitCode":"E37","value":"616"},{"@id":"#sso\/qv-height-px-282","@context":"https:\/\/schema.org","@type":"QuantitativeValue","name":"Height","unitText":"px","unitCode":"E37","value":"282"},{"@id":"http:\/\/followerninja.com\/wp-content\/uploads\/2023\/02\/FOLLOWER-NINJA-TIKTOK-FOLLOWER.png#sso\/image-object","@context":"https:\/\/schema.org","@type":"ImageObject","url":"http:\/\/followerninja.com\/wp-content\/uploads\/2023\/02\/FOLLOWER-NINJA-TIKTOK-FOLLOWER.png","width":[{"@id":"#sso\/qv-width-px-2400"}],"height":[{"@id":"#sso\/qv-height-px-2074"}]},{"@id":"#sso\/qv-width-px-2400","@context":"https:\/\/schema.org","@type":"QuantitativeValue","name":"Width","unitText":"px","unitCode":"E37","value":"2400"},{"@id":"#sso\/qv-height-px-2074","@context":"https:\/\/schema.org","@type":"QuantitativeValue","name":"Height","unitText":"px","unitCode":"E37","value":"2074"},{"@id":"\/9cec754964e4864d1e37e9376811913f#sso\/person","@context":"https:\/\/schema.org","@type":"Person","url":"http:\/\/followerninja.com\/","name":"followerninja","givenName":"Nami","familyName":"Shams","description":"Follower Ninja - Social Media Profis","image":[{"@id":"https:\/\/secure.gravatar.com\/avatar\/51fd3ca1505ce8c9465a64104b9d54df.jpg?d=mp&s=1200#sso\/image-object"}]},{"@id":"https:\/\/secure.gravatar.com\/avatar\/51fd3ca1505ce8c9465a64104b9d54df.jpg?d=mp&s=1200#sso\/image-object","@context":"https:\/\/schema.org","@type":"ImageObject","url":"https:\/\/secure.gravatar.com\/avatar\/51fd3ca1505ce8c9465a64104b9d54df.jpg?d=mp&s=1200","width":[{"@id":"#sso\/qv-width-px-1200"}],"height":[{"@id":"#sso\/qv-height-px-1200"}]},{"@id":"#sso\/qv-width-px-1200","@context":"https:\/\/schema.org","@type":"QuantitativeValue","name":"Width","unitText":"px","unitCode":"E37","value":"1200"},{"@id":"#sso\/qv-height-px-1200","@context":"https:\/\/schema.org","@type":"QuantitativeValue","name":"Height","unitText":"px","unitCode":"E37","value":"1200"},{"@id":"\/oedeme-2\/#sso\/breadcrumb-list\/42125","@context":"https:\/\/schema.org","@type":"BreadcrumbList","url":"https:\/\/followerninja.com\/tr\/oedeme-2\/","itemListElement":[{"@context":"https:\/\/schema.org","@type":"ListItem","position":1,"name":"Home","item":"https:\/\/followerninja.com\/tr\/"},{"@context":"https:\/\/schema.org","@type":"ListItem","position":2,"name":"Blog","item":"https:\/\/followerninja.com\/"},{"@context":"https:\/\/schema.org","@type":"ListItem","position":3,"name":"Zahlungsweisen","item":"https:\/\/followerninja.com\/tr\/oedeme-2\/"}]}]}],"parts":[["meta","name","generator","content","WPSSO Core 21.8.0\/L*","generator:1"],["meta","name","generator","content","WPSSO REST 3.3.0\/S","generator:2"],["meta","name","generator","content","WPSSO BC 5.3.0\/S","generator:3"],["meta","name","generator","content","WPSSO SSM 3.4.0\/S","generator:4"],["meta","name","generator","content","WPSSO UM 7.3.0\/S","generator:5"],["link","rel","shortlink","href","https:\/\/followerninja.com\/tr\/?p=42125",""],["meta","property","fb:app_id","content","966242223397117",""],["meta","property","og:time","content","2026-05-03T05:39:19+00:00",""],["meta","property","og:type","content","article",""],["meta","property","og:url","content","https:\/\/followerninja.com\/tr\/oedeme-2\/",""],["meta","property","og:locale","content","tr_TR",""],["meta","property","og:site_name","content","Follower Ninja",""],["meta","property","og:title","content","Zahlungsweisen",""],["meta","property","og:description","content","Zahlungsarten Wir bieten Ihnen folgende Zahlungsarten an. Suchen Sie sich einfach die f&uuml;r Sie optimale Zahlart aus. Die Versandkosten sind teilweise abh&auml;ngig von der gew&auml;hlten Zahlungsart. Die in den jeweiligen Angeboten angef&uuml;hrten Preise stellen Endpreise dar. Sie beinhalten alle...",""],["meta","property","og:updated_time","content","2022-12-30T13:32:46+00:00",""],["meta","name","schema:language","content","tr_TR",""],["meta","name","schema:type:id","content","article",""],["meta","name","schema:type:url","content","https:\/\/schema.org\/Article",""],["meta","name","schema:type:context","content","https:\/\/schema.org",""],["meta","name","schema:type:name","content","Article",""],["meta","name","schema:type:path","content","schema.org\/Article",""],["meta","property","article:author:name","content","followerninja",""],["meta","property","article:published_time","content","2022-09-29T19:04:24+00:00",""],["meta","property","article:modified_time","content","2022-12-30T13:32:46+00:00",""],["meta","property","article:reading_mins","content","1",""],["meta","name","twitter:domain","content","followerninja.com",""],["meta","name","twitter:title","content","Zahlungsweisen",""],["meta","name","twitter:description","content","Zahlungsarten Wir bieten Ihnen folgende Zahlungsarten an. Suchen Sie sich einfach die f&uuml;r Sie optimale Zahlart aus. Die Versandkosten sind teilweise abh&auml;ngig von der gew&auml;hlten Zahlungsart. Die in...",""],["meta","name","twitter:card","content","summary",""],["meta","name","twitter:label1","content","Written by",""],["meta","name","twitter:data1","content","followerninja",""],["meta","name","twitter:label2","content","Est. reading time",""],["meta","name","twitter:data2","content","1 minute",""],["meta","name","author","content","followerninja",""]]},"_links":{"self":[{"href":"https:\/\/followerninja.com\/tr\/wp-json\/wp\/v2\/pages\/42125","targetHints":{"allow":["GET"]}}],"collection":[{"href":"https:\/\/followerninja.com\/tr\/wp-json\/wp\/v2\/pages"}],"about":[{"href":"https:\/\/followerninja.com\/tr\/wp-json\/wp\/v2\/types\/page"}],"author":[{"embeddable":true,"href":"https:\/\/followerninja.com\/tr\/wp-json\/wp\/v2\/users\/1"}],"replies":[{"embeddable":true,"href":"https:\/\/followerninja.com\/tr\/wp-json\/wp\/v2\/comments?post=42125"}],"version-history":[{"count":0,"href":"https:\/\/followerninja.com\/tr\/wp-json\/wp\/v2\/pages\/42125\/revisions"}],"wp:attachment":[{"href":"https:\/\/followerninja.com\/tr\/wp-json\/wp\/v2\/media?parent=42125"}],"curies":[{"name":"wp","href":"https:\/\/api.w.org\/{rel}","templated":true}]}}