{"id":47480,"date":"2023-02-28T12:54:10","date_gmt":"2023-02-28T11:54:10","guid":{"rendered":"http:\/\/followerninja.com\/?post_type=product&#038;p=47480"},"modified":"2024-10-04T09:26:47","modified_gmt":"2024-10-04T07:26:47","slug":"linkedin-sirket-sayfasi-takipcileri","status":"publish","type":"product","link":"https:\/\/followerninja.com\/tr\/linkedin\/linkedin-sirket-sayfasi-takipcileri\/","title":{"rendered":"LinkedIn \u015eirket Sayfas\u0131 Takip\u00e7ileri"},"content":{"rendered":"<h3><strong>LinkedIn \u015eirket Sayfas\u0131 Takip\u00e7ileri<\/strong><\/h3>\n<p><strong>\u0130\u015fletme Sayfas\u0131 i\u00e7in LinkedIn Takip\u00e7ileri Sat\u0131n Al\u0131n - Follower Ninja neden ger\u00e7ek LinkedIn hizmetleri sat\u0131n almak i\u00e7in en iyi site?<\/strong><\/p>\n<p>Follower Ninja, yeni trendleri s\u00fcre\u00e7lerine dahil etmek i\u00e7in s\u00fcrekli geli\u015fen deneyimli sosyal medya pazarlamac\u0131lar\u0131na sahiptir. Markan\u0131z\u0131n pazar pay\u0131 ve g\u00fcvenilirlik a\u00e7\u0131s\u0131ndan daha b\u00fcy\u00fck markalarla rekabet edebilmesini sa\u011flayacak deneyim ve uzmanl\u0131\u011fa sahibiz.<\/p>\n<p>Sosyal medya hizmetleri sat\u0131n alabilece\u011finiz bir\u00e7ok web sitesi var, ancak biz en iyisi oldu\u011fumuzu iddia ediyoruz! 2017'den bu yana m\u00fc\u015fterilerimizin sosyal medya hesaplar\u0131n\u0131 b\u00fcy\u00fctmelerine yard\u0131mc\u0131 oluyoruz ve o zamandan beri \u00e7o\u011fu insan i\u00e7in ilk u\u011frak noktas\u0131 haline geldik.<\/p>\n<p><strong>LinkedIn \u015eirket Sayfas\u0131 Takip\u00e7ileri hakk\u0131nda daha fazla bilgi<\/strong><\/p>\n<p>LinkedIn profesyonel bir ortam olabilir, ancak her sosyal platform gibi kendini ifade etmekle ilgilidir. \u0130nsanlar ve \u015firketler en iyi y\u00f6nlerini g\u00f6stermek isterler, bu y\u00fczden baz\u0131 kullan\u0131c\u0131lar LinkedIn'i \"profesyonel Facebook\" veya Facebook for Business olarak adland\u0131r\u0131r. LinkedIn yayg\u0131n olarak kullan\u0131lan bir i\u015f ve profesyonel sosyal platformdur; bir\u00e7ok kullan\u0131c\u0131 veya sayfa birbirine \u00e7ok benzer. Bu nedenle, kalabal\u0131\u011f\u0131n aras\u0131ndan s\u0131yr\u0131lmak i\u00e7in bir \u015feye ihtiyac\u0131n\u0131z var. Linkedin i\u015fletme sayfan\u0131z\u0131 \u00f6ne \u00e7\u0131karman\u0131n en iyi yollar\u0131ndan biri takip\u00e7i say\u0131s\u0131d\u0131r.<\/p>\n<p>\u0130\u015fletme sayfan\u0131z i\u00e7in Linkedin takip\u00e7ileri edinmek sayfa sahipleri i\u00e7in \u00f6nemlidir, ancak \u00e7ok zaman alabilir. Yeni bir sayfan\u0131z varsa ve sayfan\u0131z\u0131 tan\u0131tmak i\u00e7in fazla zaman\u0131n\u0131z yoksa, LinkedIn sayfan\u0131z i\u00e7in takip\u00e7i sat\u0131n alabilirsiniz. Bir\u00e7ok ki\u015fi bunun m\u00fcmk\u00fcn olup olmad\u0131\u011f\u0131n\u0131 merak ediyor. LinkedIn takip\u00e7ileri sat\u0131n almak m\u00fcmk\u00fcn. Follower Ninja'n\u0131n Linkedin i\u015fletme sayfas\u0131 i\u00e7in Linkedin takip\u00e7ileri sat\u0131n alma arac\u0131 sayesinde, sayfan\u0131z\u0131 geli\u015ftirmek i\u00e7in uzun s\u00fcre beklemenize gerek yok. Yasal konular hakk\u0131nda endi\u015felenmeyin. Bu takip\u00e7iler bot veya doland\u0131r\u0131c\u0131 de\u011fildir. Onlar aktif LinkedIn kullan\u0131c\u0131lar\u0131d\u0131r. LinkedIn, bu kadar \u00e7ok takip\u00e7iniz oldu\u011fu i\u00e7in sizi su\u00e7layamaz \u00e7\u00fcnk\u00fc sayfan\u0131z\u0131 kimin takip etti\u011fi \u00fczerinde hi\u00e7bir kontrol\u00fcn\u00fcz yoktur. Takip\u00e7i say\u0131n\u0131z\u0131 kendiniz art\u0131rman\u0131z beklenmez. Biz bunu sizin i\u00e7in kolayla\u015ft\u0131r\u0131yoruz. Follower Ninja ile takip\u00e7i say\u0131n\u0131z\u0131 kolayca art\u0131r\u0131n<\/p>\n<p><img fetchpriority=\"high\" decoding=\"async\" class=\"alignnone size-medium wp-image-47387\" src=\"http:\/\/followerninja.com\/wp-content\/uploads\/2022\/11\/follower-400x400.jpg\" alt=\"takip\u00e7i ninja\" width=\"400\" height=\"400\" data-wp-pid=\"47387\" title=\"\" srcset=\"https:\/\/followerninja.com\/wp-content\/uploads\/2022\/11\/follower-400x400.jpg 400w, https:\/\/followerninja.com\/wp-content\/uploads\/2022\/11\/follower-1200x1200-cropped.jpg 1200w, https:\/\/followerninja.com\/wp-content\/uploads\/2022\/11\/follower-scaled-100x100.jpg 100w, https:\/\/followerninja.com\/wp-content\/uploads\/2022\/11\/follower-800x800.jpg 800w, https:\/\/followerninja.com\/wp-content\/uploads\/2022\/11\/follower-280x280.jpg 280w, https:\/\/followerninja.com\/wp-content\/uploads\/2022\/11\/follower-768x768.jpg 768w, https:\/\/followerninja.com\/wp-content\/uploads\/2022\/11\/follower-1536x1536.jpg 1536w, https:\/\/followerninja.com\/wp-content\/uploads\/2022\/11\/follower-12x12.jpg 12w, https:\/\/followerninja.com\/wp-content\/uploads\/2022\/11\/follower-1320x1320.jpg 1320w, https:\/\/followerninja.com\/wp-content\/uploads\/2022\/11\/follower-scaled.jpg 1920w\" sizes=\"(max-width: 400px) 100vw, 400px\" \/><\/p>\n<p>&nbsp;<\/p>\n<p><strong>\u0130\u015fte neden bizden hizmet sat\u0131n alman\u0131z gerekti\u011fini a\u00e7\u0131kl\u0131yoruz:<\/strong><\/p>\n<p>Sizden asla \u015fifrenizi veya \u00f6nemli bilgilerinizi istemiyoruz. G\u00fcvenli bir ortam ve yasal hizmetler sunuyoruz. Yani bilgisayar korsanl\u0131\u011f\u0131 ya da yasad\u0131\u015f\u0131 bir durum yok.<br \/>\nG\u00fcvenlik, sosyal medyan\u0131n b\u00fcy\u00fcmesinde \u00f6nemli bir ad\u0131md\u0131r. Sistemlerimiz SSL sertifikalar\u0131 ile \u00e7al\u0131\u015f\u0131r, b\u00f6ylece bizimle al\u0131\u015fveri\u015f yapt\u0131\u011f\u0131n\u0131zda t\u00fcm verileriniz g\u00fcvende olur.<br \/>\nSosyal Medya B\u00fcy\u00fcmesi 7\/24 yan\u0131n\u0131zda. Sorular\u0131n\u0131z varsa veya yard\u0131ma ihtiyac\u0131n\u0131z varsa, her zaman destek ekibimizle ileti\u015fime ge\u00e7ebilirsiniz.<br \/>\nUcuz sosyal medya hizmetleri sunuyoruz. Fiyatlar\u0131m\u0131z \u00e7ok makul ve di\u011fer t\u00fcm sa\u011flay\u0131c\u0131lardan daha ucuz.<br \/>\n\u00d6deme s\u00fcreci \u00e7ok basit ve g\u00fcvenlidir. Hizmetlerimiz i\u00e7in kartla, Payeer ile \u00f6deme yapabilirsiniz.<\/p>\n<p>Yukar\u0131daki avantajlar t\u00fcm hizmetlerimiz i\u00e7in ge\u00e7erlidir. Sosyal medya hizmetleri sat\u0131n almak i\u00e7in en iyi yeri ar\u0131yorsan\u0131z, buldunuz!<\/p>","protected":false},"excerpt":{"rendered":"<p>\u27a1\ufe0f LinkedIn - Profil Takip\u00e7ileri | ABD\/\u0130ngiltere | 0-12 saat<br \/>\n\u27a1\ufe0f \u00d6m\u00fcr boyu d\u00fc\u015fmeme garantisi<br \/>\n\u27a1\ufe0f Ba\u015flang\u0131\u00e7: 0-24H (sipari\u015f 24 saat i\u00e7inde tamamlanacakt\u0131r)<br \/>\n\u27a1\ufe0f 300 g\u00fcn H\u0131z<br \/>\n\u27a1\ufe0f Maksimum 300'e kadar<br \/>\n\u27a1\ufe0f \u00d6nerilen s\u00fcre: Zaman ba\u015f\u0131na min-300<br \/>\n\u27a1\ufe0f Yeniden doldurun: \u00d6m\u00fcr Boyu B\u0131rak\u0131lamaz<br \/>\n\u27a1\ufe0f Herkese a\u00e7\u0131k Linkedin \u015firket profili gerekli<\/p>","protected":false},"featured_media":46511,"comment_status":"open","ping_status":"closed","template":"","meta":{"_acf_changed":false},"product_brand":[],"product_cat":[393],"product_tag":[394],"class_list":{"0":"post-47480","1":"product","2":"type-product","3":"status-publish","4":"has-post-thumbnail","6":"product_cat-linkedin","7":"product_tag-linkedin-follower","9":"first","10":"instock","11":"virtual","12":"purchasable","13":"product-type-simple"},"acf":[],"jetpack_sharing_enabled":true,"head":{"html":["<meta name=\"wpsso-begin\" content=\"wpsso structured data begin\"\/>\n","<!-- generator:1 --><meta name=\"generator\" content=\"WPSSO Core 21.8.0\/L*\"\/>\n","<!-- generator:2 --><meta name=\"generator\" content=\"WPSSO REST 3.3.0\/S\"\/>\n","<!-- generator:3 --><meta name=\"generator\" content=\"WPSSO BC 5.3.0\/S\"\/>\n","<!-- generator:4 --><meta name=\"generator\" content=\"WPSSO SSM 3.4.0\/S\"\/>\n","<!-- generator:5 --><meta name=\"generator\" content=\"WPSSO UM 7.3.0\/S\"\/>\n","<link rel=\"shortlink\" href=\"https:\/\/followerninja.com\/tr\/?p=47480\"\/>\n","<meta property=\"fb:app_id\" content=\"966242223397117\"\/>\n","<meta property=\"og:type\" content=\"product\"\/>\n","<meta property=\"og:url\" content=\"https:\/\/followerninja.com\/tr\/linkedin\/linkedin-sirket-sayfasi-takipcileri\/\"\/>\n","<meta property=\"og:locale\" content=\"tr_TR\"\/>\n","<meta property=\"og:site_name\" content=\"Follower Ninja\"\/>\n","<meta property=\"og:title\" content=\"LinkedIn Unternehmensseite Follower kaufen - Follower Ninja\"\/>\n","<meta property=\"og:description\" content=\"LinkedIn Unternehmensseite Follower kaufen - TikTok - Instagram - YouTube Reichweite \u2713 Qualifizierte Follower - Views f&uuml;r dein Social Media - Follower Ninja\"\/>\n","<meta property=\"og:updated_time\" content=\"2024-10-04T07:26:47+00:00\"\/>\n","<meta property=\"product:retailer_item_id\" content=\"47480\"\/>\n","<meta property=\"product:availability\" content=\"in stock\"\/>\n","<meta property=\"product:condition\" content=\"new\"\/>\n","<meta property=\"product:original_price:amount\" content=\"0.00\"\/>\n","<meta property=\"product:original_price:currency\" content=\"EUR\"\/>\n","<meta property=\"product:pretax_price:amount\" content=\"0.00\"\/>\n","<meta property=\"product:pretax_price:currency\" content=\"EUR\"\/>\n","<meta property=\"product:price:amount\" content=\"0.00\"\/>\n","<meta property=\"product:price:currency\" content=\"EUR\"\/>\n","<meta name=\"twitter:domain\" content=\"followerninja.com\"\/>\n","<meta name=\"twitter:title\" content=\"LinkedIn Unternehmensseite Follower kaufen - Follower Ninja\"\/>\n","<meta name=\"twitter:description\" content=\"LinkedIn Unternehmensseite Follower kaufen - TikTok - Instagram - YouTube Reichweite \u2713 Qualifizierte Follower - Views f&uuml;r dein Social Media - Follower Ninja\"\/>\n","<meta name=\"twitter:card\" content=\"summary\"\/>\n","<meta name=\"twitter:label1\" content=\"Price\"\/>\n","<meta name=\"twitter:data1\" content=\"0.00 EUR\"\/>\n","<meta name=\"twitter:label2\" content=\"Availability\"\/>\n","<meta name=\"twitter:data2\" content=\"In Stock\"\/>\n","<script type=\"application\/ld+json\" id=\"wpsso-schema-graph\">{\n    \"@context\": \"https:\/\/schema.org\",\n    \"@graph\": [\n        {\n            \"@id\": \"\/linkedin\/linkedin-sirket-sayfasi-takipcileri\/#sso\/product\/47480\",\n            \"@context\": \"https:\/\/schema.org\",\n            \"@type\": \"Product\",\n            \"mainEntityOfPage\": \"https:\/\/followerninja.com\/tr\/linkedin\/linkedin-sirket-sayfasi-takipcileri\/\",\n            \"url\": \"https:\/\/followerninja.com\/tr\/linkedin\/linkedin-sirket-sayfasi-takipcileri\/\",\n            \"sameAs\": [\n                \"https:\/\/followerninja.com\/tr\/?p=47480\"\n            ],\n            \"name\": \"LinkedIn Unternehmensseite Follower kaufen - Follower Ninja\",\n            \"description\": \"LinkedIn Unternehmensseite Follower kaufen - TikTok - Instagram - YouTube Reichweite \\u2713 Qualifizierte Follower - Views f&uuml;r dein Social Media - Follower Ninja\",\n            \"itemCondition\": \"https:\/\/schema.org\/NewCondition\",\n            \"offers\": {\n                \"@context\": \"https:\/\/schema.org\",\n                \"@type\": \"Offer\",\n                \"url\": \"https:\/\/followerninja.com\/tr\/linkedin\/linkedin-sirket-sayfasi-takipcileri\/\",\n                \"name\": \"LinkedIn Unternehmensseite Follower kaufen - Follower Ninja\",\n                \"description\": \"LinkedIn Unternehmensseite Follower kaufen - TikTok - Instagram - YouTube Reichweite \\u2713 Qualifizierte Follower - Views f&uuml;r dein Social Media - Follower Ninja\",\n                \"availability\": \"https:\/\/schema.org\/InStock\",\n                \"itemCondition\": \"https:\/\/schema.org\/NewCondition\",\n                \"price\": \"0.00\",\n                \"priceCurrency\": \"EUR\",\n                \"priceValidUntil\": \"2027-04-07T16:40:27+00:00\",\n                \"priceSpecification\": [\n                    {\n                        \"@context\": \"https:\/\/schema.org\",\n                        \"@type\": \"UnitPriceSpecification\",\n                        \"priceType\": \"https:\/\/schema.org\/ListPrice\",\n                        \"price\": \"0.00\",\n                        \"priceCurrency\": \"EUR\",\n                        \"valueAddedTaxIncluded\": false,\n                        \"validThrough\": \"2026-05-07T16:40:27+00:00\"\n                    }\n                ],\n                \"seller\": {\n                    \"@id\": \"\/#sso\/organization\/site\/org-logo-url\"\n                }\n            }\n        },\n        {\n            \"@id\": \"\/#sso\/organization\/site\/org-logo-url\",\n            \"@context\": \"https:\/\/schema.org\",\n            \"@type\": \"Organization\",\n            \"url\": \"https:\/\/followerninja.com\/tr\/\",\n            \"name\": \"Follower Ninja\",\n            \"description\": \"Social Media Follower\",\n            \"image\": [\n                {\n                    \"@id\": \"http:\/\/followerninja.com\/wp-content\/uploads\/2023\/06\/follower-ninja.png#sso\/image-object\"\n                }\n            ],\n            \"logo\": {\n                \"@id\": \"http:\/\/followerninja.com\/wp-content\/uploads\/2023\/06\/follower-ninja.png#sso\/image-object\"\n            }\n        },\n        {\n            \"@id\": \"http:\/\/followerninja.com\/wp-content\/uploads\/2023\/06\/follower-ninja.png#sso\/image-object\",\n            \"@context\": \"https:\/\/schema.org\",\n            \"@type\": \"ImageObject\",\n            \"url\": \"http:\/\/followerninja.com\/wp-content\/uploads\/2023\/06\/follower-ninja.png\",\n            \"width\": [\n                {\n                    \"@id\": \"#sso\/qv-width-px-616\"\n                }\n            ],\n            \"height\": [\n                {\n                    \"@id\": \"#sso\/qv-height-px-282\"\n                }\n            ]\n        },\n        {\n            \"@id\": \"#sso\/qv-width-px-616\",\n            \"@context\": \"https:\/\/schema.org\",\n            \"@type\": \"QuantitativeValue\",\n            \"name\": \"Width\",\n            \"unitText\": \"px\",\n            \"unitCode\": \"E37\",\n            \"value\": \"616\"\n        },\n        {\n            \"@id\": \"#sso\/qv-height-px-282\",\n            \"@context\": \"https:\/\/schema.org\",\n            \"@type\": \"QuantitativeValue\",\n            \"name\": \"Height\",\n            \"unitText\": \"px\",\n            \"unitCode\": \"E37\",\n            \"value\": \"282\"\n        },\n        {\n            \"@id\": \"\/linkedin\/linkedin-sirket-sayfasi-takipcileri\/#sso\/breadcrumb.list\/linkedin\",\n            \"@context\": \"https:\/\/schema.org\",\n            \"@type\": \"BreadcrumbList\",\n            \"url\": \"https:\/\/followerninja.com\/tr\/linkedin\/linkedin-sirket-sayfasi-takipcileri\/\",\n            \"itemListElement\": [\n                {\n                    \"@context\": \"https:\/\/schema.org\",\n                    \"@type\": \"ListItem\",\n                    \"position\": 1,\n                    \"name\": \"Home\",\n                    \"item\": \"https:\/\/followerninja.com\/tr\/\"\n                },\n                {\n                    \"@context\": \"https:\/\/schema.org\",\n                    \"@type\": \"ListItem\",\n                    \"position\": 2,\n                    \"name\": \"Blog\",\n                    \"item\": \"https:\/\/followerninja.com\/\"\n                },\n                {\n                    \"@context\": \"https:\/\/schema.org\",\n                    \"@type\": \"ListItem\",\n                    \"position\": 3,\n                    \"name\": \"Linkedin\",\n                    \"item\": \"https:\/\/followerninja.com\/tr\/linkedin\/\"\n                },\n                {\n                    \"@context\": \"https:\/\/schema.org\",\n                    \"@type\": \"ListItem\",\n                    \"position\": 4,\n                    \"name\": \"LinkedIn Unternehmensseite Follower kaufen - Follower Ninja\",\n                    \"item\": \"https:\/\/followerninja.com\/tr\/linkedin\/linkedin-sirket-sayfasi-takipcileri\/\"\n                }\n            ]\n        }\n    ]\n}<\/script>\n","<meta name=\"wpsso-end\" content=\"wpsso structured data end\"\/>\n","<meta name=\"wpsso-cached\" content=\"2026-04-07T16:40:27+00:00 for followerninja.com\"\/>\n"],"json":[{"@context":"https:\/\/schema.org","@graph":[{"@id":"\/linkedin\/linkedin-sirket-sayfasi-takipcileri\/#sso\/product\/47480","@context":"https:\/\/schema.org","@type":"Product","mainEntityOfPage":"https:\/\/followerninja.com\/tr\/linkedin\/linkedin-sirket-sayfasi-takipcileri\/","url":"https:\/\/followerninja.com\/tr\/linkedin\/linkedin-sirket-sayfasi-takipcileri\/","sameAs":["https:\/\/followerninja.com\/tr\/?p=47480"],"name":"LinkedIn Unternehmensseite Follower kaufen - Follower Ninja","description":"LinkedIn Unternehmensseite Follower kaufen - TikTok - Instagram - YouTube Reichweite \u2713 Qualifizierte Follower - Views f&uuml;r dein Social Media - Follower Ninja","itemCondition":"https:\/\/schema.org\/NewCondition","offers":{"@context":"https:\/\/schema.org","@type":"Offer","url":"https:\/\/followerninja.com\/tr\/linkedin\/linkedin-sirket-sayfasi-takipcileri\/","name":"LinkedIn Unternehmensseite Follower kaufen - Follower Ninja","description":"LinkedIn Unternehmensseite Follower kaufen - TikTok - Instagram - YouTube Reichweite \u2713 Qualifizierte Follower - Views f&uuml;r dein Social Media - Follower Ninja","availability":"https:\/\/schema.org\/InStock","itemCondition":"https:\/\/schema.org\/NewCondition","price":"0.00","priceCurrency":"EUR","priceValidUntil":"2027-04-07T16:40:27+00:00","priceSpecification":[{"@context":"https:\/\/schema.org","@type":"UnitPriceSpecification","priceType":"https:\/\/schema.org\/ListPrice","price":"0.00","priceCurrency":"EUR","valueAddedTaxIncluded":false,"validThrough":"2026-05-07T16:40:27+00:00"}],"seller":{"@id":"\/#sso\/organization\/site\/org-logo-url"}}},{"@id":"\/#sso\/organization\/site\/org-logo-url","@context":"https:\/\/schema.org","@type":"Organization","url":"https:\/\/followerninja.com\/tr\/","name":"Follower Ninja","description":"Social Media Follower","image":[{"@id":"http:\/\/followerninja.com\/wp-content\/uploads\/2023\/06\/follower-ninja.png#sso\/image-object"}],"logo":{"@id":"http:\/\/followerninja.com\/wp-content\/uploads\/2023\/06\/follower-ninja.png#sso\/image-object"}},{"@id":"http:\/\/followerninja.com\/wp-content\/uploads\/2023\/06\/follower-ninja.png#sso\/image-object","@context":"https:\/\/schema.org","@type":"ImageObject","url":"http:\/\/followerninja.com\/wp-content\/uploads\/2023\/06\/follower-ninja.png","width":[{"@id":"#sso\/qv-width-px-616"}],"height":[{"@id":"#sso\/qv-height-px-282"}]},{"@id":"#sso\/qv-width-px-616","@context":"https:\/\/schema.org","@type":"QuantitativeValue","name":"Width","unitText":"px","unitCode":"E37","value":"616"},{"@id":"#sso\/qv-height-px-282","@context":"https:\/\/schema.org","@type":"QuantitativeValue","name":"Height","unitText":"px","unitCode":"E37","value":"282"},{"@id":"\/linkedin\/linkedin-sirket-sayfasi-takipcileri\/#sso\/breadcrumb.list\/linkedin","@context":"https:\/\/schema.org","@type":"BreadcrumbList","url":"https:\/\/followerninja.com\/tr\/linkedin\/linkedin-sirket-sayfasi-takipcileri\/","itemListElement":[{"@context":"https:\/\/schema.org","@type":"ListItem","position":1,"name":"Home","item":"https:\/\/followerninja.com\/tr\/"},{"@context":"https:\/\/schema.org","@type":"ListItem","position":2,"name":"Blog","item":"https:\/\/followerninja.com\/"},{"@context":"https:\/\/schema.org","@type":"ListItem","position":3,"name":"Linkedin","item":"https:\/\/followerninja.com\/tr\/linkedin\/"},{"@context":"https:\/\/schema.org","@type":"ListItem","position":4,"name":"LinkedIn Unternehmensseite Follower kaufen - Follower Ninja","item":"https:\/\/followerninja.com\/tr\/linkedin\/linkedin-sirket-sayfasi-takipcileri\/"}]}]}],"parts":[["meta","name","generator","content","WPSSO Core 21.8.0\/L*","generator:1"],["meta","name","generator","content","WPSSO REST 3.3.0\/S","generator:2"],["meta","name","generator","content","WPSSO BC 5.3.0\/S","generator:3"],["meta","name","generator","content","WPSSO SSM 3.4.0\/S","generator:4"],["meta","name","generator","content","WPSSO UM 7.3.0\/S","generator:5"],["link","rel","shortlink","href","https:\/\/followerninja.com\/tr\/?p=47480",""],["meta","property","fb:app_id","content","966242223397117",""],["meta","property","og:time","content","2026-04-07T16:40:26+00:00",""],["meta","property","og:type","content","product",""],["meta","property","og:url","content","https:\/\/followerninja.com\/tr\/linkedin\/linkedin-sirket-sayfasi-takipcileri\/",""],["meta","property","og:locale","content","tr_TR",""],["meta","property","og:site_name","content","Follower Ninja",""],["meta","property","og:title","content","LinkedIn Unternehmensseite Follower kaufen - Follower Ninja",""],["meta","property","og:description","content","LinkedIn Unternehmensseite Follower kaufen - TikTok - Instagram - YouTube Reichweite \u2713 Qualifizierte Follower - Views f&uuml;r dein Social Media - Follower Ninja",""],["meta","property","og:updated_time","content","2024-10-04T07:26:47+00:00",""],["meta","name","schema:language","content","tr_TR",""],["meta","name","schema:type:id","content","product",""],["meta","name","schema:type:url","content","https:\/\/schema.org\/Product",""],["meta","name","schema:type:context","content","https:\/\/schema.org",""],["meta","name","schema:type:name","content","Product",""],["meta","name","schema:type:path","content","schema.org\/Product",""],["meta","property","product:retailer_item_id","content","47480",""],["meta","property","product:url","content","https:\/\/followerninja.com\/tr\/linkedin\/linkedin-sirket-sayfasi-takipcileri\/",""],["meta","property","product:title","content","LinkedIn Unternehmensseite Follower kaufen - Follower Ninja",""],["meta","property","product:description","content","LinkedIn Unternehmensseite Follower kaufen - TikTok - Instagram - YouTube Reichweite \u2713 Qualifizierte Follower - Views f&uuml;r dein Social Media - Follower Ninja",""],["meta","property","product:updated_time","content","2024-10-04T07:26:47+00:00",""],["meta","property","product:availability","content","in stock",""],["meta","property","product:retailer_category","content","Linkedin",""],["meta","property","product:condition","content","new",""],["meta","property","product:is_virtual","content","true",""],["meta","property","product:min_advert_price:amount","content","0.00",""],["meta","property","product:min_advert_price:currency","content","EUR",""],["meta","property","product:original_price:type","content","https:\/\/schema.org\/ListPrice",""],["meta","property","product:original_price:amount","content","0.00",""],["meta","property","product:original_price:currency","content","EUR",""],["meta","property","product:pretax_price:amount","content","0.00",""],["meta","property","product:pretax_price:currency","content","EUR",""],["meta","property","product:price:type","content","https:\/\/schema.org\/ListPrice",""],["meta","property","product:price:amount","content","0.00",""],["meta","property","product:price:currency","content","EUR",""],["meta","property","product:price:vat_included","content","false",""],["meta","property","article:author:name","content","followerninja",""],["meta","property","article:reading_mins","content","3",""],["meta","name","twitter:domain","content","followerninja.com",""],["meta","name","twitter:title","content","LinkedIn Unternehmensseite Follower kaufen - Follower Ninja",""],["meta","name","twitter:description","content","LinkedIn Unternehmensseite Follower kaufen - TikTok - Instagram - YouTube Reichweite \u2713 Qualifizierte Follower - Views f&uuml;r dein Social Media - Follower Ninja",""],["meta","name","twitter:card","content","summary",""],["meta","name","twitter:label1","content","Price",""],["meta","name","twitter:data1","content","0.00 EUR",""],["meta","name","twitter:label2","content","Availability",""],["meta","name","twitter:data2","content","In Stock",""]]},"_links":{"self":[{"href":"https:\/\/followerninja.com\/tr\/wp-json\/wp\/v2\/product\/47480","targetHints":{"allow":["GET"]}}],"collection":[{"href":"https:\/\/followerninja.com\/tr\/wp-json\/wp\/v2\/product"}],"about":[{"href":"https:\/\/followerninja.com\/tr\/wp-json\/wp\/v2\/types\/product"}],"replies":[{"embeddable":true,"href":"https:\/\/followerninja.com\/tr\/wp-json\/wp\/v2\/comments?post=47480"}],"wp:featuredmedia":[{"embeddable":true,"href":"https:\/\/followerninja.com\/tr\/wp-json\/wp\/v2\/media\/46511"}],"wp:attachment":[{"href":"https:\/\/followerninja.com\/tr\/wp-json\/wp\/v2\/media?parent=47480"}],"wp:term":[{"taxonomy":"product_brand","embeddable":true,"href":"https:\/\/followerninja.com\/tr\/wp-json\/wp\/v2\/product_brand?post=47480"},{"taxonomy":"product_cat","embeddable":true,"href":"https:\/\/followerninja.com\/tr\/wp-json\/wp\/v2\/product_cat?post=47480"},{"taxonomy":"product_tag","embeddable":true,"href":"https:\/\/followerninja.com\/tr\/wp-json\/wp\/v2\/product_tag?post=47480"}],"curies":[{"name":"wp","href":"https:\/\/api.w.org\/{rel}","templated":true}]}}